{"id":3778,"date":"2026-03-04T11:05:22","date_gmt":"2026-03-04T08:05:22","guid":{"rendered":"https:\/\/mesalestore.com\/product\/demsu-2-lt-kirecmatik\/"},"modified":"2026-04-14T22:49:21","modified_gmt":"2026-04-14T19:49:21","slug":"demsu-2-lt-kirecmatik","status":"publish","type":"product","link":"https:\/\/mesalestore.com\/en\/product\/demsu-2-lt-kirecmatik\/","title":{"rendered":"Demsu 2 Lt Kire\u00e7matik"},"content":{"rendered":"<h3 data-path-to-node=\"3\">\ud83d\udee0\ufe0f Demsu Kire\u00e7matik \u2013 Profesyonel \u00c7ay Kazan\u0131 ve Su Is\u0131t\u0131c\u0131 Kire\u00e7 \u00c7\u00f6z\u00fcc\u00fc<\/h3>\n<h5 data-path-to-node=\"4\"><b data-path-to-node=\"4\" data-index-in-node=\"0\">Demsu Kire\u00e7matik<\/b>, \u00f6zellikle yo\u011fun kullan\u0131m\u0131n oldu\u011fu i\u015fletmelerdeki \u00e7ay kazanlar\u0131, kettle ve su \u0131s\u0131t\u0131c\u0131lar\u0131 i\u00e7in form\u00fcle edilmi\u015f, y\u00fcksek etkili bir kire\u00e7 gidericidir.<\/h5>\n<h3 data-path-to-node=\"5\">\ud83d\udca1 M\u00fc\u015fterilerimizin En \u00c7ok Merak Ettikleri<\/h3>\n<table data-path-to-node=\"6\">\n<thead>\n<tr>\n<td><strong>Soru<\/strong><\/td>\n<td><strong>Cevap<\/strong><\/td>\n<\/tr>\n<\/thead>\n<tbody>\n<tr>\n<td><span data-path-to-node=\"6,1,0,0\"><b data-path-to-node=\"6,1,0,0\" data-index-in-node=\"0\">Hangi y\u00fczeylerde kullan\u0131labilir?<\/b><\/span><\/td>\n<td><span data-path-to-node=\"6,1,1,0\">\u00c7ay kazanlar\u0131, su \u0131s\u0131t\u0131c\u0131lar\u0131 (kettle), kahve makineleri ve kire\u00e7 ba\u011flam\u0131\u015f t\u00fcm metal\/plastik su haznesine sahip ekipmanlarda g\u00fcvenle kullan\u0131l\u0131r.<\/span><\/td>\n<\/tr>\n<tr>\n<td><span data-path-to-node=\"6,2,0,0\"><b data-path-to-node=\"6,2,0,0\" data-index-in-node=\"0\">Temizlik sonras\u0131 koku veya tat b\u0131rak\u0131r m\u0131?<\/b><\/span><\/td>\n<td><span data-path-to-node=\"6,2,1,0\">Hay\u0131r. Do\u011fru durulama yap\u0131ld\u0131\u011f\u0131nda y\u00fczeyde hi\u00e7bir kal\u0131nt\u0131, koku veya suyun tad\u0131n\u0131 bozacak bir etki b\u0131rakmaz.<\/span><\/td>\n<\/tr>\n<tr>\n<td><span data-path-to-node=\"6,3,0,0\"><b data-path-to-node=\"6,3,0,0\" data-index-in-node=\"0\">Kullan\u0131m\u0131 ne kadar s\u00fcrer?<\/b><\/span><\/td>\n<td><span data-path-to-node=\"6,3,1,0\">G\u00fc\u00e7l\u00fc form\u00fcl\u00fc sayesinde kirecin yo\u011funlu\u011funa g\u00f6re <b data-path-to-node=\"6,3,1,0\" data-index-in-node=\"49\">5-10 dakika<\/b> gibi k\u0131sa bir s\u00fcrede kireci tamamen \u00e7\u00f6zer.<\/span><\/td>\n<\/tr>\n<tr>\n<td><span data-path-to-node=\"6,4,0,0\"><b data-path-to-node=\"6,4,0,0\" data-index-in-node=\"0\">Cihaz\u0131ma zarar verir mi?<\/b><\/span><\/td>\n<td><span data-path-to-node=\"6,4,1,0\">\u00dcr\u00fcn\u00fcm\u00fcz metal y\u00fczeylere ve rezistanslara zarar vermeyecek \u015fekilde, sadece kire\u00e7 molek\u00fcllerini hedef alacak form\u00fclde \u00fcretilmi\u015ftir.<\/span><\/td>\n<\/tr>\n<tr>\n<td><span data-path-to-node=\"6,5,0,0\"><b data-path-to-node=\"6,5,0,0\" data-index-in-node=\"0\">Nas\u0131l Kullan\u0131lmal\u0131?<\/b><\/span><\/td>\n<td><span data-path-to-node=\"6,5,1,0\">Kire\u00e7li b\u00f6lgeye \u00fcr\u00fcn\u00fc d\u00f6k\u00fcn, reaksiyonun tamamlanmas\u0131n\u0131 (k\u00f6p\u00fcrmenin durmas\u0131n\u0131) bekleyin ve ard\u0131ndan bol su ile durulay\u0131n.<\/span><\/td>\n<\/tr>\n<\/tbody>\n<\/table>","protected":false},"excerpt":{"rendered":"<h5 data-path-to-node=\"8\">\ud83c\udf1f Neden Bu \u00dcr\u00fcn\u00fc Tercih Etmelisiniz?<\/h5>\n<ul data-path-to-node=\"9\">\n<li>\n<p data-path-to-node=\"9,0,0\"><b data-path-to-node=\"9,0,0\" data-index-in-node=\"0\">Ekonomik ve G\u00fc\u00e7l\u00fc:<\/b> Az miktarda kullan\u0131mda bile en inat\u00e7\u0131, katmanla\u015fm\u0131\u015f kire\u00e7leri saniyeler i\u00e7inde temizler.<\/p>\n<\/li>\n<li>\n<p data-path-to-node=\"9,1,0\"><b data-path-to-node=\"9,1,0\" data-index-in-node=\"0\">Enerji Tasarrufu Sa\u011flar:<\/b> Kire\u00e7ten ar\u0131nm\u0131\u015f rezistanslar suyu daha h\u0131zl\u0131 \u0131s\u0131t\u0131r, bu da i\u015fletmenizin enerji maliyetlerini d\u00fc\u015f\u00fcr\u00fcr.<\/p>\n<\/li>\n<li>\n<p data-path-to-node=\"9,2,0\"><b data-path-to-node=\"9,2,0\" data-index-in-node=\"0\">Cihaz \u00d6mr\u00fcn\u00fc Uzat\u0131r:<\/b> D\u00fczenli kullan\u0131mda makinelerinizin \u00f6mr\u00fcn\u00fc uzat\u0131r, teknik servis maliyetlerini azalt\u0131r.<\/p>\n<\/li>\n<li>\n<p data-path-to-node=\"9,2,0\">&#8220;\u00c7ay\u0131n\u0131z\u0131n lezzeti, suyunuzun safl\u0131\u011f\u0131ndan gelir. Kire\u00e7ten ar\u0131nm\u0131\u015f tertemiz bir kazan i\u00e7in profesyonel \u00e7\u00f6z\u00fcm\u00fc se\u00e7in.&#8221;<\/p>\n<\/li>\n<\/ul>","protected":false},"featured_media":3790,"comment_status":"open","ping_status":"closed","template":"","meta":[],"product_brand":[7750],"product_cat":[7805],"product_tag":[],"class_list":{"0":"post-3778","1":"product","2":"type-product","3":"status-publish","4":"has-post-thumbnail","6":"product_brand-demsu","7":"product_cat-temizlik-ve-bakim-urunleri","9":"first","10":"instock","11":"taxable","12":"shipping-taxable","13":"purchasable","14":"product-type-simple"},"yoast_head":"<!-- This site is optimized with the Yoast SEO plugin v27.1.1 - https:\/\/yoast.com\/product\/yoast-seo-wordpress\/ -->\n<title>Demsu 2 Lt Kire\u00e7matik | Me\u015fale Store<\/title>\n<meta name=\"description\" content=\"\ud83c\udf1f Neden Bu \u00dcr\u00fcn\u00fc Tercih Etmelisiniz?    Ekonomik ve G\u00fc\u00e7l\u00fc: Az miktarda kullan\u0131mda bile en inat\u00e7\u0131, katmanla\u015fm\u0131\u015f kire\u00e7leri saniyeler i\u00e7inde temizler.    Enerji Tasarrufu Sa\u011flar: Kire\u00e7ten ar\u0131nm\u0131\u015f rezistanslar suyu daha h\u0131zl\u0131 \u0131s\u0131t\u0131r, bu da i\u015fletmenizin enerji maliyetlerini d\u00fc\u015f\u00fcr\u00fcr.    Cihaz \u00d6mr\u00fcn\u00fc Uzat\u0131r: D\u00fczenli kullan\u0131mda makinelerinizin \u00f6mr\u00fcn\u00fc uzat\u0131r, teknik servis maliyetlerini azalt\u0131r.    &quot;\u00c7ay\u0131n\u0131z\u0131n lezzeti, suyunuzun safl\u0131\u011f\u0131ndan gelir. Kire\u00e7ten ar\u0131nm\u0131\u015f tertemiz bir kazan i\u00e7in profesyonel \u00e7\u00f6z\u00fcm\u00fc se\u00e7in.&quot;\" \/>\n<meta name=\"robots\" content=\"index, follow, max-snippet:-1, max-image-preview:large, max-video-preview:-1\" \/>\n<link rel=\"canonical\" href=\"https:\/\/mesalestore.com\/en\/product\/demsu-2-lt-kirecmatik\/\" \/>\n<meta property=\"og:locale\" content=\"en_US\" \/>\n<meta property=\"og:type\" content=\"article\" \/>\n<meta property=\"og:title\" content=\"Demsu 2 Lt Kire\u00e7matik | Me\u015fale Store\" \/>\n<meta property=\"og:description\" content=\"\ud83c\udf1f Neden Bu \u00dcr\u00fcn\u00fc Tercih Etmelisiniz?    Ekonomik ve G\u00fc\u00e7l\u00fc: Az miktarda kullan\u0131mda bile en inat\u00e7\u0131, katmanla\u015fm\u0131\u015f kire\u00e7leri saniyeler i\u00e7inde temizler.    Enerji Tasarrufu Sa\u011flar: Kire\u00e7ten ar\u0131nm\u0131\u015f rezistanslar suyu daha h\u0131zl\u0131 \u0131s\u0131t\u0131r, bu da i\u015fletmenizin enerji maliyetlerini d\u00fc\u015f\u00fcr\u00fcr.    Cihaz \u00d6mr\u00fcn\u00fc Uzat\u0131r: D\u00fczenli kullan\u0131mda makinelerinizin \u00f6mr\u00fcn\u00fc uzat\u0131r, teknik servis maliyetlerini azalt\u0131r.    &quot;\u00c7ay\u0131n\u0131z\u0131n lezzeti, suyunuzun safl\u0131\u011f\u0131ndan gelir. Kire\u00e7ten ar\u0131nm\u0131\u015f tertemiz bir kazan i\u00e7in profesyonel \u00e7\u00f6z\u00fcm\u00fc se\u00e7in.&quot;\" \/>\n<meta property=\"og:url\" content=\"https:\/\/mesalestore.com\/en\/product\/demsu-2-lt-kirecmatik\/\" \/>\n<meta property=\"og:site_name\" content=\"Me\u015fale Store\" \/>\n<meta property=\"article:publisher\" content=\"https:\/\/www.facebook.com\/mesalecay\" \/>\n<meta property=\"article:modified_time\" content=\"2026-04-14T19:49:21+00:00\" \/>\n<meta property=\"og:image\" content=\"https:\/\/mesalestore.com\/wp-content\/uploads\/2026\/03\/demsu-2-lt-kirecmatik-08c8f-1.webp\" \/>\n\t<meta property=\"og:image:width\" content=\"1366\" \/>\n\t<meta property=\"og:image:height\" content=\"768\" \/>\n\t<meta property=\"og:image:type\" content=\"image\/webp\" \/>\n<meta name=\"twitter:card\" content=\"summary_large_image\" \/>\n<meta name=\"twitter:site\" content=\"@mesalecaykazan\" \/>\n<meta name=\"twitter:label1\" content=\"Est. reading time\" \/>\n\t<meta name=\"twitter:data1\" content=\"2 minutes\" \/>\n<script type=\"application\/ld+json\" class=\"yoast-schema-graph\">{\"@context\":\"https:\/\/schema.org\",\"@graph\":[{\"@type\":\"WebPage\",\"@id\":\"https:\/\/mesalestore.com\/en\/product\/demsu-2-lt-kirecmatik\/\",\"url\":\"https:\/\/mesalestore.com\/en\/product\/demsu-2-lt-kirecmatik\/\",\"name\":\"Demsu 2 Lt Kire\u00e7matik | Me\u015fale Store\",\"isPartOf\":{\"@id\":\"https:\/\/mesalestore.com\/en\/#website\"},\"primaryImageOfPage\":{\"@id\":\"https:\/\/mesalestore.com\/en\/product\/demsu-2-lt-kirecmatik\/#primaryimage\"},\"image\":{\"@id\":\"https:\/\/mesalestore.com\/en\/product\/demsu-2-lt-kirecmatik\/#primaryimage\"},\"thumbnailUrl\":\"https:\/\/mesalestore.com\/wp-content\/uploads\/2026\/03\/demsu-2-lt-kirecmatik-08c8f-1.webp\",\"datePublished\":\"2026-03-04T08:05:22+00:00\",\"dateModified\":\"2026-04-14T19:49:21+00:00\",\"description\":\"\ud83c\udf1f Neden Bu \u00dcr\u00fcn\u00fc Tercih Etmelisiniz? Ekonomik ve G\u00fc\u00e7l\u00fc: Az miktarda kullan\u0131mda bile en inat\u00e7\u0131, katmanla\u015fm\u0131\u015f kire\u00e7leri saniyeler i\u00e7inde temizler. Enerji Tasarrufu Sa\u011flar: Kire\u00e7ten ar\u0131nm\u0131\u015f rezistanslar suyu daha h\u0131zl\u0131 \u0131s\u0131t\u0131r, bu da i\u015fletmenizin enerji maliyetlerini d\u00fc\u015f\u00fcr\u00fcr. Cihaz \u00d6mr\u00fcn\u00fc Uzat\u0131r: D\u00fczenli kullan\u0131mda makinelerinizin \u00f6mr\u00fcn\u00fc uzat\u0131r, teknik servis maliyetlerini azalt\u0131r. \\\"\u00c7ay\u0131n\u0131z\u0131n lezzeti, suyunuzun safl\u0131\u011f\u0131ndan gelir. Kire\u00e7ten ar\u0131nm\u0131\u015f tertemiz bir kazan i\u00e7in profesyonel \u00e7\u00f6z\u00fcm\u00fc se\u00e7in.\\\"\",\"breadcrumb\":{\"@id\":\"https:\/\/mesalestore.com\/en\/product\/demsu-2-lt-kirecmatik\/#breadcrumb\"},\"inLanguage\":\"en-US\",\"potentialAction\":[{\"@type\":\"ReadAction\",\"target\":[\"https:\/\/mesalestore.com\/en\/product\/demsu-2-lt-kirecmatik\/\"]}]},{\"@type\":\"ImageObject\",\"inLanguage\":\"en-US\",\"@id\":\"https:\/\/mesalestore.com\/en\/product\/demsu-2-lt-kirecmatik\/#primaryimage\",\"url\":\"https:\/\/mesalestore.com\/wp-content\/uploads\/2026\/03\/demsu-2-lt-kirecmatik-08c8f-1.webp\",\"contentUrl\":\"https:\/\/mesalestore.com\/wp-content\/uploads\/2026\/03\/demsu-2-lt-kirecmatik-08c8f-1.webp\",\"width\":1366,\"height\":768},{\"@type\":\"BreadcrumbList\",\"@id\":\"https:\/\/mesalestore.com\/en\/product\/demsu-2-lt-kirecmatik\/#breadcrumb\",\"itemListElement\":[{\"@type\":\"ListItem\",\"position\":1,\"name\":\"Anasayfa\",\"item\":\"https:\/\/mesalestore.com\/en\/\"},{\"@type\":\"ListItem\",\"position\":2,\"name\":\"Products\",\"item\":\"https:\/\/mesalestore.com\/en\/shop\/\"},{\"@type\":\"ListItem\",\"position\":3,\"name\":\"Demsu 2 Lt Kire\u00e7matik\"}]},{\"@type\":\"WebSite\",\"@id\":\"https:\/\/mesalestore.com\/en\/#website\",\"url\":\"https:\/\/mesalestore.com\/en\/\",\"name\":\"Me\u015fale Store\",\"description\":\"\",\"publisher\":{\"@id\":\"https:\/\/mesalestore.com\/en\/#organization\"},\"potentialAction\":[{\"@type\":\"SearchAction\",\"target\":{\"@type\":\"EntryPoint\",\"urlTemplate\":\"https:\/\/mesalestore.com\/en\/?s={search_term_string}\"},\"query-input\":{\"@type\":\"PropertyValueSpecification\",\"valueRequired\":true,\"valueName\":\"search_term_string\"}}],\"inLanguage\":\"en-US\"},{\"@type\":\"Organization\",\"@id\":\"https:\/\/mesalestore.com\/en\/#organization\",\"name\":\"Me\u015fale Store\",\"url\":\"https:\/\/mesalestore.com\/en\/\",\"logo\":{\"@type\":\"ImageObject\",\"inLanguage\":\"en-US\",\"@id\":\"https:\/\/mesalestore.com\/en\/#\/schema\/logo\/image\/\",\"url\":\"https:\/\/mesalestore.com\/wp-content\/uploads\/2026\/03\/logo-header-yeni-1.webp\",\"contentUrl\":\"https:\/\/mesalestore.com\/wp-content\/uploads\/2026\/03\/logo-header-yeni-1.webp\",\"width\":419,\"height\":147,\"caption\":\"Me\u015fale Store\"},\"image\":{\"@id\":\"https:\/\/mesalestore.com\/en\/#\/schema\/logo\/image\/\"},\"sameAs\":[\"https:\/\/www.facebook.com\/mesalecay\",\"https:\/\/x.com\/mesalecaykazan\",\"https:\/\/www.instagram.com\/mesalecaykazan\/\"]}]}<\/script>\n<!-- \/ Yoast SEO plugin. -->","yoast_head_json":{"title":"Demsu 2 Lt Kire\u00e7matik | Me\u015fale Store","description":"\ud83c\udf1f Neden Bu \u00dcr\u00fcn\u00fc Tercih Etmelisiniz?    Ekonomik ve G\u00fc\u00e7l\u00fc: Az miktarda kullan\u0131mda bile en inat\u00e7\u0131, katmanla\u015fm\u0131\u015f kire\u00e7leri saniyeler i\u00e7inde temizler.    Enerji Tasarrufu Sa\u011flar: Kire\u00e7ten ar\u0131nm\u0131\u015f rezistanslar suyu daha h\u0131zl\u0131 \u0131s\u0131t\u0131r, bu da i\u015fletmenizin enerji maliyetlerini d\u00fc\u015f\u00fcr\u00fcr.    Cihaz \u00d6mr\u00fcn\u00fc Uzat\u0131r: D\u00fczenli kullan\u0131mda makinelerinizin \u00f6mr\u00fcn\u00fc uzat\u0131r, teknik servis maliyetlerini azalt\u0131r.    \"\u00c7ay\u0131n\u0131z\u0131n lezzeti, suyunuzun safl\u0131\u011f\u0131ndan gelir. Kire\u00e7ten ar\u0131nm\u0131\u015f tertemiz bir kazan i\u00e7in profesyonel \u00e7\u00f6z\u00fcm\u00fc se\u00e7in.\"","robots":{"index":"index","follow":"follow","max-snippet":"max-snippet:-1","max-image-preview":"max-image-preview:large","max-video-preview":"max-video-preview:-1"},"canonical":"https:\/\/mesalestore.com\/en\/product\/demsu-2-lt-kirecmatik\/","og_locale":"en_US","og_type":"article","og_title":"Demsu 2 Lt Kire\u00e7matik | Me\u015fale Store","og_description":"\ud83c\udf1f Neden Bu \u00dcr\u00fcn\u00fc Tercih Etmelisiniz?    Ekonomik ve G\u00fc\u00e7l\u00fc: Az miktarda kullan\u0131mda bile en inat\u00e7\u0131, katmanla\u015fm\u0131\u015f kire\u00e7leri saniyeler i\u00e7inde temizler.    Enerji Tasarrufu Sa\u011flar: Kire\u00e7ten ar\u0131nm\u0131\u015f rezistanslar suyu daha h\u0131zl\u0131 \u0131s\u0131t\u0131r, bu da i\u015fletmenizin enerji maliyetlerini d\u00fc\u015f\u00fcr\u00fcr.    Cihaz \u00d6mr\u00fcn\u00fc Uzat\u0131r: D\u00fczenli kullan\u0131mda makinelerinizin \u00f6mr\u00fcn\u00fc uzat\u0131r, teknik servis maliyetlerini azalt\u0131r.    \"\u00c7ay\u0131n\u0131z\u0131n lezzeti, suyunuzun safl\u0131\u011f\u0131ndan gelir. Kire\u00e7ten ar\u0131nm\u0131\u015f tertemiz bir kazan i\u00e7in profesyonel \u00e7\u00f6z\u00fcm\u00fc se\u00e7in.\"","og_url":"https:\/\/mesalestore.com\/en\/product\/demsu-2-lt-kirecmatik\/","og_site_name":"Me\u015fale Store","article_publisher":"https:\/\/www.facebook.com\/mesalecay","article_modified_time":"2026-04-14T19:49:21+00:00","og_image":[{"width":1366,"height":768,"url":"https:\/\/mesalestore.com\/wp-content\/uploads\/2026\/03\/demsu-2-lt-kirecmatik-08c8f-1.webp","type":"image\/webp"}],"twitter_card":"summary_large_image","twitter_site":"@mesalecaykazan","twitter_misc":{"Est. reading time":"2 minutes"},"schema":{"@context":"https:\/\/schema.org","@graph":[{"@type":"WebPage","@id":"https:\/\/mesalestore.com\/en\/product\/demsu-2-lt-kirecmatik\/","url":"https:\/\/mesalestore.com\/en\/product\/demsu-2-lt-kirecmatik\/","name":"Demsu 2 Lt Kire\u00e7matik | Me\u015fale Store","isPartOf":{"@id":"https:\/\/mesalestore.com\/en\/#website"},"primaryImageOfPage":{"@id":"https:\/\/mesalestore.com\/en\/product\/demsu-2-lt-kirecmatik\/#primaryimage"},"image":{"@id":"https:\/\/mesalestore.com\/en\/product\/demsu-2-lt-kirecmatik\/#primaryimage"},"thumbnailUrl":"https:\/\/mesalestore.com\/wp-content\/uploads\/2026\/03\/demsu-2-lt-kirecmatik-08c8f-1.webp","datePublished":"2026-03-04T08:05:22+00:00","dateModified":"2026-04-14T19:49:21+00:00","description":"\ud83c\udf1f Neden Bu \u00dcr\u00fcn\u00fc Tercih Etmelisiniz? Ekonomik ve G\u00fc\u00e7l\u00fc: Az miktarda kullan\u0131mda bile en inat\u00e7\u0131, katmanla\u015fm\u0131\u015f kire\u00e7leri saniyeler i\u00e7inde temizler. Enerji Tasarrufu Sa\u011flar: Kire\u00e7ten ar\u0131nm\u0131\u015f rezistanslar suyu daha h\u0131zl\u0131 \u0131s\u0131t\u0131r, bu da i\u015fletmenizin enerji maliyetlerini d\u00fc\u015f\u00fcr\u00fcr. Cihaz \u00d6mr\u00fcn\u00fc Uzat\u0131r: D\u00fczenli kullan\u0131mda makinelerinizin \u00f6mr\u00fcn\u00fc uzat\u0131r, teknik servis maliyetlerini azalt\u0131r. \"\u00c7ay\u0131n\u0131z\u0131n lezzeti, suyunuzun safl\u0131\u011f\u0131ndan gelir. Kire\u00e7ten ar\u0131nm\u0131\u015f tertemiz bir kazan i\u00e7in profesyonel \u00e7\u00f6z\u00fcm\u00fc se\u00e7in.\"","breadcrumb":{"@id":"https:\/\/mesalestore.com\/en\/product\/demsu-2-lt-kirecmatik\/#breadcrumb"},"inLanguage":"en-US","potentialAction":[{"@type":"ReadAction","target":["https:\/\/mesalestore.com\/en\/product\/demsu-2-lt-kirecmatik\/"]}]},{"@type":"ImageObject","inLanguage":"en-US","@id":"https:\/\/mesalestore.com\/en\/product\/demsu-2-lt-kirecmatik\/#primaryimage","url":"https:\/\/mesalestore.com\/wp-content\/uploads\/2026\/03\/demsu-2-lt-kirecmatik-08c8f-1.webp","contentUrl":"https:\/\/mesalestore.com\/wp-content\/uploads\/2026\/03\/demsu-2-lt-kirecmatik-08c8f-1.webp","width":1366,"height":768},{"@type":"BreadcrumbList","@id":"https:\/\/mesalestore.com\/en\/product\/demsu-2-lt-kirecmatik\/#breadcrumb","itemListElement":[{"@type":"ListItem","position":1,"name":"Anasayfa","item":"https:\/\/mesalestore.com\/en\/"},{"@type":"ListItem","position":2,"name":"Products","item":"https:\/\/mesalestore.com\/en\/shop\/"},{"@type":"ListItem","position":3,"name":"Demsu 2 Lt Kire\u00e7matik"}]},{"@type":"WebSite","@id":"https:\/\/mesalestore.com\/en\/#website","url":"https:\/\/mesalestore.com\/en\/","name":"Me\u015fale Store","description":"","publisher":{"@id":"https:\/\/mesalestore.com\/en\/#organization"},"potentialAction":[{"@type":"SearchAction","target":{"@type":"EntryPoint","urlTemplate":"https:\/\/mesalestore.com\/en\/?s={search_term_string}"},"query-input":{"@type":"PropertyValueSpecification","valueRequired":true,"valueName":"search_term_string"}}],"inLanguage":"en-US"},{"@type":"Organization","@id":"https:\/\/mesalestore.com\/en\/#organization","name":"Me\u015fale Store","url":"https:\/\/mesalestore.com\/en\/","logo":{"@type":"ImageObject","inLanguage":"en-US","@id":"https:\/\/mesalestore.com\/en\/#\/schema\/logo\/image\/","url":"https:\/\/mesalestore.com\/wp-content\/uploads\/2026\/03\/logo-header-yeni-1.webp","contentUrl":"https:\/\/mesalestore.com\/wp-content\/uploads\/2026\/03\/logo-header-yeni-1.webp","width":419,"height":147,"caption":"Me\u015fale Store"},"image":{"@id":"https:\/\/mesalestore.com\/en\/#\/schema\/logo\/image\/"},"sameAs":["https:\/\/www.facebook.com\/mesalecay","https:\/\/x.com\/mesalecaykazan","https:\/\/www.instagram.com\/mesalecaykazan\/"]}]}},"_links":{"self":[{"href":"https:\/\/mesalestore.com\/en\/wp-json\/wp\/v2\/product\/3778","targetHints":{"allow":["GET"]}}],"collection":[{"href":"https:\/\/mesalestore.com\/en\/wp-json\/wp\/v2\/product"}],"about":[{"href":"https:\/\/mesalestore.com\/en\/wp-json\/wp\/v2\/types\/product"}],"replies":[{"embeddable":true,"href":"https:\/\/mesalestore.com\/en\/wp-json\/wp\/v2\/comments?post=3778"}],"wp:featuredmedia":[{"embeddable":true,"href":"https:\/\/mesalestore.com\/en\/wp-json\/wp\/v2\/media\/3790"}],"wp:attachment":[{"href":"https:\/\/mesalestore.com\/en\/wp-json\/wp\/v2\/media?parent=3778"}],"wp:term":[{"taxonomy":"product_brand","embeddable":true,"href":"https:\/\/mesalestore.com\/en\/wp-json\/wp\/v2\/product_brand?post=3778"},{"taxonomy":"product_cat","embeddable":true,"href":"https:\/\/mesalestore.com\/en\/wp-json\/wp\/v2\/product_cat?post=3778"},{"taxonomy":"product_tag","embeddable":true,"href":"https:\/\/mesalestore.com\/en\/wp-json\/wp\/v2\/product_tag?post=3778"}],"curies":[{"name":"wp","href":"https:\/\/api.w.org\/{rel}","templated":true}]}}