{"id":3777,"date":"2026-03-04T11:05:21","date_gmt":"2026-03-04T08:05:21","guid":{"rendered":"https:\/\/mesalestore.com\/product\/demsu-plus-4-demlikli-antik-bakir-prosmart-tam-akilli-dijital-dokunmatik-cay-kazani\/"},"modified":"2026-05-05T10:06:02","modified_gmt":"2026-05-05T07:06:02","slug":"demsu-plus-4-demlikli-antik-bakir-prosmart-tam-akilli-dijital-dokunmatik-cay-kazani","status":"publish","type":"product","link":"https:\/\/mesalestore.com\/en\/product\/demsu-plus-4-demlikli-antik-bakir-prosmart-tam-akilli-dijital-dokunmatik-cay-kazani\/","title":{"rendered":"Demsu Plus 4 Demlikli Antik Bak\u0131r Prosmart Tam Ak\u0131ll\u0131 Dijital Dokunmatik \u00c7ay Kazan\u0131"},"content":{"rendered":"<h2 data-path-to-node=\"2\">\u2615 Demsu Plus 4 Demlikli Antik Bak\u0131r Prosmart \u2013 Maksimum Kapasite, Ak\u0131ll\u0131 Teknoloji<\/h2>\n<p data-path-to-node=\"3\"><b data-path-to-node=\"3\" data-index-in-node=\"0\">Me\u015fale Store<\/b>&#8216;un en y\u00fcksek kapasiteli modellerinden biri olan bu cihaz; b\u00fcy\u00fcleyici antik bak\u0131r i\u015f\u00e7ili\u011fini, 4 demlikli dev hacmi ve tam ak\u0131ll\u0131 <b data-path-to-node=\"3\" data-index-in-node=\"141\">Prosmart<\/b> dijital sistemle birle\u015ftiriyor. En yo\u011fun i\u015fletmeler i\u00e7in kesintisiz \u00e7ay servisi sunarken, mekan\u0131n\u0131za geleneksel bir zarafet katar.<\/p>\n<h3 data-path-to-node=\"4\">\ud83d\udca1 S\u0131k\u00e7a Sorulan Sorular<\/h3>\n<table data-path-to-node=\"5\">\n<thead>\n<tr>\n<td><strong>Soru<\/strong><\/td>\n<td><strong>Cevap<\/strong><\/td>\n<\/tr>\n<\/thead>\n<tbody>\n<tr>\n<td><span data-path-to-node=\"5,1,0,0\"><b data-path-to-node=\"5,1,0,0\" data-index-in-node=\"0\">4 Demlikli olmas\u0131 enerji t\u00fcketimini art\u0131r\u0131r m\u0131?<\/b><\/span><\/td>\n<td><span data-path-to-node=\"5,1,1,0\">Hay\u0131r. \u00d6zel izolasyonlu g\u00f6vde yap\u0131s\u0131 ve ak\u0131ll\u0131 termostat sistemi sayesinde \u0131s\u0131 kayb\u0131 minimumdur, sadece ihtiya\u00e7 duyulan enerjiyi harcayarak tasarruf sa\u011flar.<\/span><\/td>\n<\/tr>\n<tr>\n<td><span data-path-to-node=\"5,2,0,0\"><b data-path-to-node=\"5,2,0,0\" data-index-in-node=\"0\">Kapasitesi hangi \u00f6l\u00e7ekteki i\u015fletmeler i\u00e7in uygundur?<\/b><\/span><\/td>\n<td><span data-path-to-node=\"5,2,1,0\">\u00c7ok yo\u011fun m\u00fc\u015fteri trafi\u011fine sahip kafeler, b\u00fcy\u00fck restoranlar, oteller ve kalabal\u0131k ofisler i\u00e7in kesintisiz \u00e7ay servisi sa\u011flamak amac\u0131yla tasarlanm\u0131\u015ft\u0131r.<\/span><\/td>\n<\/tr>\n<tr>\n<td><span data-path-to-node=\"5,3,0,0\"><b data-path-to-node=\"5,3,0,0\" data-index-in-node=\"0\">Antik bak\u0131r d\u0131\u015f y\u00fczey \u0131s\u0131y\u0131 d\u0131\u015far\u0131 verir mi?<\/b><\/span><\/td>\n<td><span data-path-to-node=\"5,3,1,0\">Cihaz\u0131n i\u00e7 haznesi ile d\u0131\u015f y\u00fczeyi aras\u0131nda y\u00fcksek \u0131s\u0131 yal\u0131t\u0131m\u0131 bulunur; bu sayede d\u0131\u015f y\u00fczey g\u00fcvenli bir s\u0131cakl\u0131kta kal\u0131rken enerji i\u00e7eride hapsolur.<\/span><\/td>\n<\/tr>\n<tr>\n<td><span data-path-to-node=\"5,4,0,0\"><b data-path-to-node=\"5,4,0,0\" data-index-in-node=\"0\">Dijital panelin kullan\u0131m\u0131 karma\u015f\u0131k m\u0131?<\/b><\/span><\/td>\n<td><span data-path-to-node=\"5,4,1,0\">Aksine, kullan\u0131c\u0131 dostu dokunmatik aray\u00fcz sayesinde \u0131s\u0131 ayar\u0131, su seviyesi takibi ve ar\u0131za bildirimleri tek bir ekrandan kolayca y\u00f6netilir.<\/span><\/td>\n<\/tr>\n<tr>\n<td><span data-path-to-node=\"5,5,0,0\"><b data-path-to-node=\"5,5,0,0\" data-index-in-node=\"0\">Suyu bitti\u011finde cihaz zarar g\u00f6r\u00fcr m\u00fc?<\/b><\/span><\/td>\n<td><span data-path-to-node=\"5,5,1,0\">Hay\u0131r. Tam ak\u0131ll\u0131 sens\u00f6rleri sayesinde su seviyesi d\u00fc\u015ft\u00fc\u011f\u00fcnde otomatik olarak su al\u0131r veya susuz \u00e7al\u0131\u015fma durumunda sistemi korumaya alarak g\u00fcvenli\u011fi sa\u011flar.<\/span><\/td>\n<\/tr>\n<\/tbody>\n<\/table>","protected":false},"excerpt":{"rendered":"<h5 data-path-to-node=\"7\">\ud83c\udf1f \u00d6ne \u00c7\u0131kan \u00d6zellikler<\/h5>\n<ul data-path-to-node=\"8\">\n<li>\n<p data-path-to-node=\"8,0,0\"><b data-path-to-node=\"8,0,0\" data-index-in-node=\"0\">4 Demlikli Geni\u015f \u00c7al\u0131\u015fma Alan\u0131:<\/b> Ayn\u0131 anda farkl\u0131 \u00e7ay harmanlar\u0131n\u0131 haz\u0131rlama ve en yo\u011fun saatlerde bile sipari\u015flere yeti\u015fme imkan\u0131 sa\u011flar.<\/p>\n<\/li>\n<li>\n<p data-path-to-node=\"8,1,0\"><b data-path-to-node=\"8,1,0\" data-index-in-node=\"0\">Geleneksel El \u0130\u015f\u00e7ili\u011fi:<\/b> Bak\u0131r \u00fczerine i\u015flenen \u00f6zel motifler, cihaz\u0131 sadece bir mutfak ekipman\u0131 de\u011fil, \u015f\u0131k bir dekorasyon unsuru haline getirir.<\/p>\n<\/li>\n<li>\n<p data-path-to-node=\"8,2,0\"><b data-path-to-node=\"8,2,0\" data-index-in-node=\"0\">Prosmart Ak\u0131ll\u0131 \u0130\u015flemci:<\/b> Su s\u0131cakl\u0131\u011f\u0131n\u0131 sabit tutan, enerji verimlili\u011fini y\u00f6neten ve t\u00fcm teknik s\u00fcre\u00e7leri optimize eden yeni nesil kontrol \u00fcnitesi.<\/p>\n<\/li>\n<li>\n<p data-path-to-node=\"8,3,0\"><b data-path-to-node=\"8,3,0\" data-index-in-node=\"0\">Paslanmaz \u0130\u00e7 Hazne:<\/b> Uzun y\u0131llar korozyona u\u011framayan, hijyenik ve dayan\u0131kl\u0131 i\u00e7 kazan yap\u0131s\u0131.<\/p>\n<\/li>\n<\/ul>","protected":false},"featured_media":3798,"comment_status":"closed","ping_status":"closed","template":"","meta":[],"product_brand":[7750],"product_cat":[7771],"product_tag":[73,218,2737,2738,2739,2740,7705,7738,7739,7744,7745,7740,7741,7742,7743,7746,7747,7748,7706,7707,7720,7721,7708,7713,7714,7709,7710,7711,7712,7715,7716,7717,7718,7719,7722,7735,7736,7723,7728,7729,7724,7725,7726,7727,7730,7731,7732,7733,7734,7737],"class_list":{"0":"post-3777","1":"product","2":"type-product","3":"status-publish","4":"has-post-thumbnail","6":"product_brand-demsu","7":"product_cat-cay-kazanlari","8":"product_tag-demsu","9":"product_tag-demsu-plus","10":"product_tag-demsu-plus-4","11":"product_tag-demsu-plus-4-demlikli","12":"product_tag-demsu-plus-4-demlikli-antik","13":"product_tag-demsu-plus-4-demlikli-antik-bakir","14":"product_tag-demsu-plus-4-demlikli-antik-bakir-prosmart","15":"product_tag-demsu-plus-4-demlikli-antik-bakir-prosmart-akilli","16":"product_tag-demsu-plus-4-demlikli-antik-bakir-prosmart-akilli-dijital","17":"product_tag-demsu-plus-4-demlikli-antik-bakir-prosmart-akilli-dijital-cay","18":"product_tag-demsu-plus-4-demlikli-antik-bakir-prosmart-akilli-dijital-cay-kazani","19":"product_tag-demsu-plus-4-demlikli-antik-bakir-prosmart-akilli-dijital-dokunmatik","20":"product_tag-demsu-plus-4-demlikli-antik-bakir-prosmart-akilli-dijital-dokunmatik-cay","21":"product_tag-demsu-plus-4-demlikli-antik-bakir-prosmart-akilli-dijital-dokunmatik-cay-kazani","22":"product_tag-demsu-plus-4-demlikli-antik-bakir-prosmart-akilli-dijital-dokunmatik-kazani","23":"product_tag-demsu-plus-4-demlikli-antik-bakir-prosmart-akilli-dijital-kazani","24":"product_tag-demsu-plus-4-demlikli-antik-bakir-prosmart-akilli-dokunmatik","25":"product_tag-demsu-plus-4-demlikli-antik-bakir-prosmart-akilli-dokunmatik-cay","26":"product_tag-demsu-plus-4-demlikli-antik-bakir-prosmart-tam","27":"product_tag-demsu-plus-4-demlikli-antik-bakir-prosmart-tam-akilli","28":"product_tag-demsu-plus-4-demlikli-antik-bakir-prosmart-tam-akilli-cay","29":"product_tag-demsu-plus-4-demlikli-antik-bakir-prosmart-tam-akilli-cay-kazani","30":"product_tag-demsu-plus-4-demlikli-antik-bakir-prosmart-tam-akilli-dijital","31":"product_tag-demsu-plus-4-demlikli-antik-bakir-prosmart-tam-akilli-dijital-cay","32":"product_tag-demsu-plus-4-demlikli-antik-bakir-prosmart-tam-akilli-dijital-cay-kazani","33":"product_tag-demsu-plus-4-demlikli-antik-bakir-prosmart-tam-akilli-dijital-dokunmatik","34":"product_tag-demsu-plus-4-demlikli-antik-bakir-prosmart-tam-akilli-dijital-dokunmatik-cay","35":"product_tag-demsu-plus-4-demlikli-antik-bakir-prosmart-tam-akilli-dijital-dokunmatik-cay-kazani","36":"product_tag-demsu-plus-4-demlikli-antik-bakir-prosmart-tam-akilli-dijital-dokunmatik-kazani","37":"product_tag-demsu-plus-4-demlikli-antik-bakir-prosmart-tam-akilli-dijital-kazani","38":"product_tag-demsu-plus-4-demlikli-antik-bakir-prosmart-tam-akilli-dokunmatik","39":"product_tag-demsu-plus-4-demlikli-antik-bakir-prosmart-tam-akilli-dokunmatik-cay","40":"product_tag-demsu-plus-4-demlikli-antik-bakir-prosmart-tam-akilli-dokunmatik-cay-kazani","41":"product_tag-demsu-plus-4-demlikli-antik-bakir-prosmart-tam-akilli-dokunmatik-kazani","42":"product_tag-demsu-plus-4-demlikli-antik-bakir-prosmart-tam-akilli-kazani","43":"product_tag-demsu-plus-4-demlikli-antik-bakir-prosmart-tam-cay","44":"product_tag-demsu-plus-4-demlikli-antik-bakir-prosmart-tam-cay-kazani","45":"product_tag-demsu-plus-4-demlikli-antik-bakir-prosmart-tam-dijital","46":"product_tag-demsu-plus-4-demlikli-antik-bakir-prosmart-tam-dijital-cay","47":"product_tag-demsu-plus-4-demlikli-antik-bakir-prosmart-tam-dijital-cay-kazani","48":"product_tag-demsu-plus-4-demlikli-antik-bakir-prosmart-tam-dijital-dokunmatik","49":"product_tag-demsu-plus-4-demlikli-antik-bakir-prosmart-tam-dijital-dokunmatik-cay","50":"product_tag-demsu-plus-4-demlikli-antik-bakir-prosmart-tam-dijital-dokunmatik-cay-kazani","51":"product_tag-demsu-plus-4-demlikli-antik-bakir-prosmart-tam-dijital-dokunmatik-kazani","52":"product_tag-demsu-plus-4-demlikli-antik-bakir-prosmart-tam-dijital-kazani","53":"product_tag-demsu-plus-4-demlikli-antik-bakir-prosmart-tam-dokunmatik","54":"product_tag-demsu-plus-4-demlikli-antik-bakir-prosmart-tam-dokunmatik-cay","55":"product_tag-demsu-plus-4-demlikli-antik-bakir-prosmart-tam-dokunmatik-cay-kazani","56":"product_tag-demsu-plus-4-demlikli-antik-bakir-prosmart-tam-dokunmatik-kazani","57":"product_tag-demsu-plus-4-demlikli-antik-bakir-prosmart-tam-kazani","58":"pa_borular-bakir","59":"pa_demlik-sayisi-1-demlikli","60":"pa_demlik-sayisi-2-demlikli","61":"pa_demlik-sayisi-3-demlikli","62":"pa_demlik-sayisi-4-demlikli","63":"pa_demlik-sayisi-5-demlikli","64":"pa_demlik-sayisi-6-demlikli","65":"pa_govde-bakir","66":"pa_ic-hazne-7933","67":"pa_kahve-gozu-ocagi-var","68":"pa_kapasite-4-demlikli","69":"pa_kullanim-sekli-ustten-demlikli","70":"pa_sac-kalinligi-7937","71":"pa_samandirali-otomatik-su-alma-var","72":"pa_tesisat-hibrit","73":"pa_yalitim-tas","75":"first","76":"instock","77":"taxable","78":"shipping-taxable","79":"purchasable","80":"product-type-variable"},"yoast_head":"<!-- This site is optimized with the Yoast SEO plugin v27.1.1 - https:\/\/yoast.com\/product\/yoast-seo-wordpress\/ -->\n<title>Demsu Plus 4 Demlikli Antik Bak\u0131r Prosmart Tam Ak\u0131ll\u0131 Dijital Dokunmatik \u00c7ay Kazan\u0131 | Me\u015fale Store<\/title>\n<meta name=\"description\" content=\"\ud83c\udf1f \u00d6ne \u00c7\u0131kan \u00d6zellikler    4 Demlikli Geni\u015f \u00c7al\u0131\u015fma Alan\u0131: Ayn\u0131 anda farkl\u0131 \u00e7ay harmanlar\u0131n\u0131 haz\u0131rlama ve en yo\u011fun saatlerde bile sipari\u015flere yeti\u015fme imkan\u0131 sa\u011flar.    Geleneksel El \u0130\u015f\u00e7ili\u011fi: Bak\u0131r \u00fczerine i\u015flenen \u00f6zel motifler, cihaz\u0131 sadece bir mutfak ekipman\u0131 de\u011fil, \u015f\u0131k bir dekorasyon unsuru haline getirir.    Prosmart Ak\u0131ll\u0131 \u0130\u015flemci: Su s\u0131cakl\u0131\u011f\u0131n\u0131 sabit tutan, enerji verimlili\u011fini y\u00f6neten ve t\u00fcm teknik s\u00fcre\u00e7leri optimize eden yeni nesil kontrol \u00fcnitesi.    Paslanmaz \u0130\u00e7 Hazne: Uzun y\u0131llar korozyona u\u011framayan, hijyenik ve dayan\u0131kl\u0131 i\u00e7 kazan yap\u0131s\u0131.\" \/>\n<meta name=\"robots\" content=\"index, follow, max-snippet:-1, max-image-preview:large, max-video-preview:-1\" \/>\n<link rel=\"canonical\" href=\"https:\/\/mesalestore.com\/en\/product\/demsu-plus-4-demlikli-antik-bakir-prosmart-tam-akilli-dijital-dokunmatik-cay-kazani\/\" \/>\n<meta property=\"og:locale\" content=\"en_US\" \/>\n<meta property=\"og:type\" content=\"article\" \/>\n<meta property=\"og:title\" content=\"Demsu Plus 4 Demlikli Antik Bak\u0131r Prosmart Tam Ak\u0131ll\u0131 Dijital Dokunmatik \u00c7ay Kazan\u0131 | Me\u015fale Store\" \/>\n<meta property=\"og:description\" content=\"\ud83c\udf1f \u00d6ne \u00c7\u0131kan \u00d6zellikler    4 Demlikli Geni\u015f \u00c7al\u0131\u015fma Alan\u0131: Ayn\u0131 anda farkl\u0131 \u00e7ay harmanlar\u0131n\u0131 haz\u0131rlama ve en yo\u011fun saatlerde bile sipari\u015flere yeti\u015fme imkan\u0131 sa\u011flar.    Geleneksel El \u0130\u015f\u00e7ili\u011fi: Bak\u0131r \u00fczerine i\u015flenen \u00f6zel motifler, cihaz\u0131 sadece bir mutfak ekipman\u0131 de\u011fil, \u015f\u0131k bir dekorasyon unsuru haline getirir.    Prosmart Ak\u0131ll\u0131 \u0130\u015flemci: Su s\u0131cakl\u0131\u011f\u0131n\u0131 sabit tutan, enerji verimlili\u011fini y\u00f6neten ve t\u00fcm teknik s\u00fcre\u00e7leri optimize eden yeni nesil kontrol \u00fcnitesi.    Paslanmaz \u0130\u00e7 Hazne: Uzun y\u0131llar korozyona u\u011framayan, hijyenik ve dayan\u0131kl\u0131 i\u00e7 kazan yap\u0131s\u0131.\" \/>\n<meta property=\"og:url\" content=\"https:\/\/mesalestore.com\/en\/product\/demsu-plus-4-demlikli-antik-bakir-prosmart-tam-akilli-dijital-dokunmatik-cay-kazani\/\" \/>\n<meta property=\"og:site_name\" content=\"Me\u015fale Store\" \/>\n<meta property=\"article:publisher\" content=\"https:\/\/www.facebook.com\/mesalecay\" \/>\n<meta property=\"article:modified_time\" content=\"2026-05-05T07:06:02+00:00\" \/>\n<meta property=\"og:image\" content=\"https:\/\/mesalestore.com\/wp-content\/uploads\/2026\/03\/demsu-plus-4-demlikli-antik-bakir-pros-444b-.jpg\" \/>\n\t<meta property=\"og:image:width\" content=\"1600\" \/>\n\t<meta property=\"og:image:height\" content=\"1200\" \/>\n\t<meta property=\"og:image:type\" content=\"image\/jpeg\" \/>\n<meta name=\"twitter:card\" content=\"summary_large_image\" \/>\n<meta name=\"twitter:site\" content=\"@mesalecaykazan\" \/>\n<meta name=\"twitter:label1\" content=\"Est. reading time\" \/>\n\t<meta name=\"twitter:data1\" content=\"2 minutes\" \/>\n<script type=\"application\/ld+json\" class=\"yoast-schema-graph\">{\"@context\":\"https:\/\/schema.org\",\"@graph\":[{\"@type\":\"WebPage\",\"@id\":\"https:\/\/mesalestore.com\/en\/product\/demsu-plus-4-demlikli-antik-bakir-prosmart-tam-akilli-dijital-dokunmatik-cay-kazani\/\",\"url\":\"https:\/\/mesalestore.com\/en\/product\/demsu-plus-4-demlikli-antik-bakir-prosmart-tam-akilli-dijital-dokunmatik-cay-kazani\/\",\"name\":\"Demsu Plus 4 Demlikli Antik Bak\u0131r Prosmart Tam Ak\u0131ll\u0131 Dijital Dokunmatik \u00c7ay Kazan\u0131 | Me\u015fale Store\",\"isPartOf\":{\"@id\":\"https:\/\/mesalestore.com\/en\/#website\"},\"primaryImageOfPage\":{\"@id\":\"https:\/\/mesalestore.com\/en\/product\/demsu-plus-4-demlikli-antik-bakir-prosmart-tam-akilli-dijital-dokunmatik-cay-kazani\/#primaryimage\"},\"image\":{\"@id\":\"https:\/\/mesalestore.com\/en\/product\/demsu-plus-4-demlikli-antik-bakir-prosmart-tam-akilli-dijital-dokunmatik-cay-kazani\/#primaryimage\"},\"thumbnailUrl\":\"https:\/\/mesalestore.com\/wp-content\/uploads\/2026\/03\/demsu-plus-4-demlikli-antik-bakir-pros-444b-.jpg\",\"datePublished\":\"2026-03-04T08:05:21+00:00\",\"dateModified\":\"2026-05-05T07:06:02+00:00\",\"description\":\"\ud83c\udf1f \u00d6ne \u00c7\u0131kan \u00d6zellikler 4 Demlikli Geni\u015f \u00c7al\u0131\u015fma Alan\u0131: Ayn\u0131 anda farkl\u0131 \u00e7ay harmanlar\u0131n\u0131 haz\u0131rlama ve en yo\u011fun saatlerde bile sipari\u015flere yeti\u015fme imkan\u0131 sa\u011flar. Geleneksel El \u0130\u015f\u00e7ili\u011fi: Bak\u0131r \u00fczerine i\u015flenen \u00f6zel motifler, cihaz\u0131 sadece bir mutfak ekipman\u0131 de\u011fil, \u015f\u0131k bir dekorasyon unsuru haline getirir. Prosmart Ak\u0131ll\u0131 \u0130\u015flemci: Su s\u0131cakl\u0131\u011f\u0131n\u0131 sabit tutan, enerji verimlili\u011fini y\u00f6neten ve t\u00fcm teknik s\u00fcre\u00e7leri optimize eden yeni nesil kontrol \u00fcnitesi. Paslanmaz \u0130\u00e7 Hazne: Uzun y\u0131llar korozyona u\u011framayan, hijyenik ve dayan\u0131kl\u0131 i\u00e7 kazan yap\u0131s\u0131.\",\"breadcrumb\":{\"@id\":\"https:\/\/mesalestore.com\/en\/product\/demsu-plus-4-demlikli-antik-bakir-prosmart-tam-akilli-dijital-dokunmatik-cay-kazani\/#breadcrumb\"},\"inLanguage\":\"en-US\",\"potentialAction\":[{\"@type\":\"ReadAction\",\"target\":[\"https:\/\/mesalestore.com\/en\/product\/demsu-plus-4-demlikli-antik-bakir-prosmart-tam-akilli-dijital-dokunmatik-cay-kazani\/\"]}]},{\"@type\":\"ImageObject\",\"inLanguage\":\"en-US\",\"@id\":\"https:\/\/mesalestore.com\/en\/product\/demsu-plus-4-demlikli-antik-bakir-prosmart-tam-akilli-dijital-dokunmatik-cay-kazani\/#primaryimage\",\"url\":\"https:\/\/mesalestore.com\/wp-content\/uploads\/2026\/03\/demsu-plus-4-demlikli-antik-bakir-pros-444b-.jpg\",\"contentUrl\":\"https:\/\/mesalestore.com\/wp-content\/uploads\/2026\/03\/demsu-plus-4-demlikli-antik-bakir-pros-444b-.jpg\",\"width\":1600,\"height\":1200},{\"@type\":\"BreadcrumbList\",\"@id\":\"https:\/\/mesalestore.com\/en\/product\/demsu-plus-4-demlikli-antik-bakir-prosmart-tam-akilli-dijital-dokunmatik-cay-kazani\/#breadcrumb\",\"itemListElement\":[{\"@type\":\"ListItem\",\"position\":1,\"name\":\"Anasayfa\",\"item\":\"https:\/\/mesalestore.com\/en\/\"},{\"@type\":\"ListItem\",\"position\":2,\"name\":\"Products\",\"item\":\"https:\/\/mesalestore.com\/en\/shop\/\"},{\"@type\":\"ListItem\",\"position\":3,\"name\":\"Demsu Plus 4 Demlikli Antik Bak\u0131r Prosmart Tam Ak\u0131ll\u0131 Dijital Dokunmatik \u00c7ay Kazan\u0131\"}]},{\"@type\":\"WebSite\",\"@id\":\"https:\/\/mesalestore.com\/en\/#website\",\"url\":\"https:\/\/mesalestore.com\/en\/\",\"name\":\"Me\u015fale Store\",\"description\":\"\",\"publisher\":{\"@id\":\"https:\/\/mesalestore.com\/en\/#organization\"},\"potentialAction\":[{\"@type\":\"SearchAction\",\"target\":{\"@type\":\"EntryPoint\",\"urlTemplate\":\"https:\/\/mesalestore.com\/en\/?s={search_term_string}\"},\"query-input\":{\"@type\":\"PropertyValueSpecification\",\"valueRequired\":true,\"valueName\":\"search_term_string\"}}],\"inLanguage\":\"en-US\"},{\"@type\":\"Organization\",\"@id\":\"https:\/\/mesalestore.com\/en\/#organization\",\"name\":\"Me\u015fale Store\",\"url\":\"https:\/\/mesalestore.com\/en\/\",\"logo\":{\"@type\":\"ImageObject\",\"inLanguage\":\"en-US\",\"@id\":\"https:\/\/mesalestore.com\/en\/#\/schema\/logo\/image\/\",\"url\":\"https:\/\/mesalestore.com\/wp-content\/uploads\/2026\/03\/logo-header-yeni-1.webp\",\"contentUrl\":\"https:\/\/mesalestore.com\/wp-content\/uploads\/2026\/03\/logo-header-yeni-1.webp\",\"width\":419,\"height\":147,\"caption\":\"Me\u015fale Store\"},\"image\":{\"@id\":\"https:\/\/mesalestore.com\/en\/#\/schema\/logo\/image\/\"},\"sameAs\":[\"https:\/\/www.facebook.com\/mesalecay\",\"https:\/\/x.com\/mesalecaykazan\",\"https:\/\/www.instagram.com\/mesalecaykazan\/\"]}]}<\/script>\n<!-- \/ Yoast SEO plugin. -->","yoast_head_json":{"title":"Demsu Plus 4 Demlikli Antik Bak\u0131r Prosmart Tam Ak\u0131ll\u0131 Dijital Dokunmatik \u00c7ay Kazan\u0131 | Me\u015fale Store","description":"\ud83c\udf1f \u00d6ne \u00c7\u0131kan \u00d6zellikler    4 Demlikli Geni\u015f \u00c7al\u0131\u015fma Alan\u0131: Ayn\u0131 anda farkl\u0131 \u00e7ay harmanlar\u0131n\u0131 haz\u0131rlama ve en yo\u011fun saatlerde bile sipari\u015flere yeti\u015fme imkan\u0131 sa\u011flar.    Geleneksel El \u0130\u015f\u00e7ili\u011fi: Bak\u0131r \u00fczerine i\u015flenen \u00f6zel motifler, cihaz\u0131 sadece bir mutfak ekipman\u0131 de\u011fil, \u015f\u0131k bir dekorasyon unsuru haline getirir.    Prosmart Ak\u0131ll\u0131 \u0130\u015flemci: Su s\u0131cakl\u0131\u011f\u0131n\u0131 sabit tutan, enerji verimlili\u011fini y\u00f6neten ve t\u00fcm teknik s\u00fcre\u00e7leri optimize eden yeni nesil kontrol \u00fcnitesi.    Paslanmaz \u0130\u00e7 Hazne: Uzun y\u0131llar korozyona u\u011framayan, hijyenik ve dayan\u0131kl\u0131 i\u00e7 kazan yap\u0131s\u0131.","robots":{"index":"index","follow":"follow","max-snippet":"max-snippet:-1","max-image-preview":"max-image-preview:large","max-video-preview":"max-video-preview:-1"},"canonical":"https:\/\/mesalestore.com\/en\/product\/demsu-plus-4-demlikli-antik-bakir-prosmart-tam-akilli-dijital-dokunmatik-cay-kazani\/","og_locale":"en_US","og_type":"article","og_title":"Demsu Plus 4 Demlikli Antik Bak\u0131r Prosmart Tam Ak\u0131ll\u0131 Dijital Dokunmatik \u00c7ay Kazan\u0131 | Me\u015fale Store","og_description":"\ud83c\udf1f \u00d6ne \u00c7\u0131kan \u00d6zellikler    4 Demlikli Geni\u015f \u00c7al\u0131\u015fma Alan\u0131: Ayn\u0131 anda farkl\u0131 \u00e7ay harmanlar\u0131n\u0131 haz\u0131rlama ve en yo\u011fun saatlerde bile sipari\u015flere yeti\u015fme imkan\u0131 sa\u011flar.    Geleneksel El \u0130\u015f\u00e7ili\u011fi: Bak\u0131r \u00fczerine i\u015flenen \u00f6zel motifler, cihaz\u0131 sadece bir mutfak ekipman\u0131 de\u011fil, \u015f\u0131k bir dekorasyon unsuru haline getirir.    Prosmart Ak\u0131ll\u0131 \u0130\u015flemci: Su s\u0131cakl\u0131\u011f\u0131n\u0131 sabit tutan, enerji verimlili\u011fini y\u00f6neten ve t\u00fcm teknik s\u00fcre\u00e7leri optimize eden yeni nesil kontrol \u00fcnitesi.    Paslanmaz \u0130\u00e7 Hazne: Uzun y\u0131llar korozyona u\u011framayan, hijyenik ve dayan\u0131kl\u0131 i\u00e7 kazan yap\u0131s\u0131.","og_url":"https:\/\/mesalestore.com\/en\/product\/demsu-plus-4-demlikli-antik-bakir-prosmart-tam-akilli-dijital-dokunmatik-cay-kazani\/","og_site_name":"Me\u015fale Store","article_publisher":"https:\/\/www.facebook.com\/mesalecay","article_modified_time":"2026-05-05T07:06:02+00:00","og_image":[{"width":1600,"height":1200,"url":"https:\/\/mesalestore.com\/wp-content\/uploads\/2026\/03\/demsu-plus-4-demlikli-antik-bakir-pros-444b-.jpg","type":"image\/jpeg"}],"twitter_card":"summary_large_image","twitter_site":"@mesalecaykazan","twitter_misc":{"Est. reading time":"2 minutes"},"schema":{"@context":"https:\/\/schema.org","@graph":[{"@type":"WebPage","@id":"https:\/\/mesalestore.com\/en\/product\/demsu-plus-4-demlikli-antik-bakir-prosmart-tam-akilli-dijital-dokunmatik-cay-kazani\/","url":"https:\/\/mesalestore.com\/en\/product\/demsu-plus-4-demlikli-antik-bakir-prosmart-tam-akilli-dijital-dokunmatik-cay-kazani\/","name":"Demsu Plus 4 Demlikli Antik Bak\u0131r Prosmart Tam Ak\u0131ll\u0131 Dijital Dokunmatik \u00c7ay Kazan\u0131 | Me\u015fale Store","isPartOf":{"@id":"https:\/\/mesalestore.com\/en\/#website"},"primaryImageOfPage":{"@id":"https:\/\/mesalestore.com\/en\/product\/demsu-plus-4-demlikli-antik-bakir-prosmart-tam-akilli-dijital-dokunmatik-cay-kazani\/#primaryimage"},"image":{"@id":"https:\/\/mesalestore.com\/en\/product\/demsu-plus-4-demlikli-antik-bakir-prosmart-tam-akilli-dijital-dokunmatik-cay-kazani\/#primaryimage"},"thumbnailUrl":"https:\/\/mesalestore.com\/wp-content\/uploads\/2026\/03\/demsu-plus-4-demlikli-antik-bakir-pros-444b-.jpg","datePublished":"2026-03-04T08:05:21+00:00","dateModified":"2026-05-05T07:06:02+00:00","description":"\ud83c\udf1f \u00d6ne \u00c7\u0131kan \u00d6zellikler 4 Demlikli Geni\u015f \u00c7al\u0131\u015fma Alan\u0131: Ayn\u0131 anda farkl\u0131 \u00e7ay harmanlar\u0131n\u0131 haz\u0131rlama ve en yo\u011fun saatlerde bile sipari\u015flere yeti\u015fme imkan\u0131 sa\u011flar. Geleneksel El \u0130\u015f\u00e7ili\u011fi: Bak\u0131r \u00fczerine i\u015flenen \u00f6zel motifler, cihaz\u0131 sadece bir mutfak ekipman\u0131 de\u011fil, \u015f\u0131k bir dekorasyon unsuru haline getirir. Prosmart Ak\u0131ll\u0131 \u0130\u015flemci: Su s\u0131cakl\u0131\u011f\u0131n\u0131 sabit tutan, enerji verimlili\u011fini y\u00f6neten ve t\u00fcm teknik s\u00fcre\u00e7leri optimize eden yeni nesil kontrol \u00fcnitesi. Paslanmaz \u0130\u00e7 Hazne: Uzun y\u0131llar korozyona u\u011framayan, hijyenik ve dayan\u0131kl\u0131 i\u00e7 kazan yap\u0131s\u0131.","breadcrumb":{"@id":"https:\/\/mesalestore.com\/en\/product\/demsu-plus-4-demlikli-antik-bakir-prosmart-tam-akilli-dijital-dokunmatik-cay-kazani\/#breadcrumb"},"inLanguage":"en-US","potentialAction":[{"@type":"ReadAction","target":["https:\/\/mesalestore.com\/en\/product\/demsu-plus-4-demlikli-antik-bakir-prosmart-tam-akilli-dijital-dokunmatik-cay-kazani\/"]}]},{"@type":"ImageObject","inLanguage":"en-US","@id":"https:\/\/mesalestore.com\/en\/product\/demsu-plus-4-demlikli-antik-bakir-prosmart-tam-akilli-dijital-dokunmatik-cay-kazani\/#primaryimage","url":"https:\/\/mesalestore.com\/wp-content\/uploads\/2026\/03\/demsu-plus-4-demlikli-antik-bakir-pros-444b-.jpg","contentUrl":"https:\/\/mesalestore.com\/wp-content\/uploads\/2026\/03\/demsu-plus-4-demlikli-antik-bakir-pros-444b-.jpg","width":1600,"height":1200},{"@type":"BreadcrumbList","@id":"https:\/\/mesalestore.com\/en\/product\/demsu-plus-4-demlikli-antik-bakir-prosmart-tam-akilli-dijital-dokunmatik-cay-kazani\/#breadcrumb","itemListElement":[{"@type":"ListItem","position":1,"name":"Anasayfa","item":"https:\/\/mesalestore.com\/en\/"},{"@type":"ListItem","position":2,"name":"Products","item":"https:\/\/mesalestore.com\/en\/shop\/"},{"@type":"ListItem","position":3,"name":"Demsu Plus 4 Demlikli Antik Bak\u0131r Prosmart Tam Ak\u0131ll\u0131 Dijital Dokunmatik \u00c7ay Kazan\u0131"}]},{"@type":"WebSite","@id":"https:\/\/mesalestore.com\/en\/#website","url":"https:\/\/mesalestore.com\/en\/","name":"Me\u015fale Store","description":"","publisher":{"@id":"https:\/\/mesalestore.com\/en\/#organization"},"potentialAction":[{"@type":"SearchAction","target":{"@type":"EntryPoint","urlTemplate":"https:\/\/mesalestore.com\/en\/?s={search_term_string}"},"query-input":{"@type":"PropertyValueSpecification","valueRequired":true,"valueName":"search_term_string"}}],"inLanguage":"en-US"},{"@type":"Organization","@id":"https:\/\/mesalestore.com\/en\/#organization","name":"Me\u015fale Store","url":"https:\/\/mesalestore.com\/en\/","logo":{"@type":"ImageObject","inLanguage":"en-US","@id":"https:\/\/mesalestore.com\/en\/#\/schema\/logo\/image\/","url":"https:\/\/mesalestore.com\/wp-content\/uploads\/2026\/03\/logo-header-yeni-1.webp","contentUrl":"https:\/\/mesalestore.com\/wp-content\/uploads\/2026\/03\/logo-header-yeni-1.webp","width":419,"height":147,"caption":"Me\u015fale Store"},"image":{"@id":"https:\/\/mesalestore.com\/en\/#\/schema\/logo\/image\/"},"sameAs":["https:\/\/www.facebook.com\/mesalecay","https:\/\/x.com\/mesalecaykazan","https:\/\/www.instagram.com\/mesalecaykazan\/"]}]}},"_links":{"self":[{"href":"https:\/\/mesalestore.com\/en\/wp-json\/wp\/v2\/product\/3777","targetHints":{"allow":["GET"]}}],"collection":[{"href":"https:\/\/mesalestore.com\/en\/wp-json\/wp\/v2\/product"}],"about":[{"href":"https:\/\/mesalestore.com\/en\/wp-json\/wp\/v2\/types\/product"}],"replies":[{"embeddable":true,"href":"https:\/\/mesalestore.com\/en\/wp-json\/wp\/v2\/comments?post=3777"}],"wp:featuredmedia":[{"embeddable":true,"href":"https:\/\/mesalestore.com\/en\/wp-json\/wp\/v2\/media\/3798"}],"wp:attachment":[{"href":"https:\/\/mesalestore.com\/en\/wp-json\/wp\/v2\/media?parent=3777"}],"wp:term":[{"taxonomy":"product_brand","embeddable":true,"href":"https:\/\/mesalestore.com\/en\/wp-json\/wp\/v2\/product_brand?post=3777"},{"taxonomy":"product_cat","embeddable":true,"href":"https:\/\/mesalestore.com\/en\/wp-json\/wp\/v2\/product_cat?post=3777"},{"taxonomy":"product_tag","embeddable":true,"href":"https:\/\/mesalestore.com\/en\/wp-json\/wp\/v2\/product_tag?post=3777"}],"curies":[{"name":"wp","href":"https:\/\/api.w.org\/{rel}","templated":true}]}}