{"id":3776,"date":"2026-03-04T11:05:21","date_gmt":"2026-03-04T08:05:21","guid":{"rendered":"https:\/\/mesalestore.com\/product\/demsu-plus-3-demlikli-antik-bakir-prosmart-tam-akilli-dijital-dokunmatik-cay-kazani\/"},"modified":"2026-05-05T10:56:16","modified_gmt":"2026-05-05T07:56:16","slug":"demsu-plus-3-demlikli-antik-bakir-prosmart-tam-akilli-dijital-dokunmatik-cay-kazani","status":"publish","type":"product","link":"https:\/\/mesalestore.com\/en\/product\/demsu-plus-3-demlikli-antik-bakir-prosmart-tam-akilli-dijital-dokunmatik-cay-kazani\/","title":{"rendered":"Demsu Plus 3 Demlikli Antik Bak\u0131r Prosmart Tam Ak\u0131ll\u0131 Dijital Dokunmatik \u00c7ay Kazan\u0131"},"content":{"rendered":"<h2 data-path-to-node=\"2\">\u2615 Demsu Plus 3 Demlikli Antik Bak\u0131r Prosmart \u2013 Geleneksel Estetik, Ak\u0131ll\u0131 Teknoloji<\/h2>\n<p data-path-to-node=\"3\"><b data-path-to-node=\"3\" data-index-in-node=\"0\">Me\u015fale Store<\/b> koleksiyonunun en \u00f6zel par\u00e7alar\u0131ndan biri olan bu model; nostaljik antik bak\u0131r i\u015flemelerini, tam ak\u0131ll\u0131 <b data-path-to-node=\"3\" data-index-in-node=\"117\">Prosmart<\/b> dijital sistemle bulu\u015fturuyor. G\u00f6rsel bir \u015f\u00f6len sunan d\u0131\u015f tasar\u0131m\u0131yla i\u015fletmenizin atmosferini de\u011fi\u015ftirirken, dokunmatik kontrol paneliyle kullan\u0131m kolayl\u0131\u011f\u0131n\u0131 en \u00fcst seviyeye ta\u015f\u0131r.<\/p>\n<h3 data-path-to-node=\"4\">\ud83d\udca1 S\u0131k\u00e7a Sorulan Sorular<\/h3>\n<table data-path-to-node=\"5\">\n<thead>\n<tr>\n<td><strong>Soru<\/strong><\/td>\n<td><strong>Cevap<\/strong><\/td>\n<\/tr>\n<\/thead>\n<tbody>\n<tr>\n<td><span data-path-to-node=\"5,1,0,0\"><b data-path-to-node=\"5,1,0,0\" data-index-in-node=\"0\">Bak\u0131r kaplama ger\u00e7ek mi ve bak\u0131m\u0131 zor mu?<\/b><\/span><\/td>\n<td><span data-path-to-node=\"5,1,1,0\">\u00dcr\u00fcn, \u00f6zel antik bak\u0131r i\u015fleme ile kaplanm\u0131\u015ft\u0131r. Koruyucu vernik sayesinde ilk g\u00fcnk\u00fc parlakl\u0131\u011f\u0131n\u0131 uzun s\u00fcre korur ve temizli\u011fi olduk\u00e7a pratiktir.<\/span><\/td>\n<\/tr>\n<tr>\n<td><span data-path-to-node=\"5,2,0,0\"><b data-path-to-node=\"5,2,0,0\" data-index-in-node=\"0\">&#8220;Prosmart&#8221; sistemi kullan\u0131c\u0131ya ne sa\u011flar?<\/b><\/span><\/td>\n<td><span data-path-to-node=\"5,2,1,0\">Su s\u0131cakl\u0131\u011f\u0131n\u0131, su seviyesini ve enerji t\u00fcketimini dijital olarak y\u00f6netmenizi sa\u011flar. Ak\u0131ll\u0131 sens\u00f6rler sayesinde hata pay\u0131n\u0131 ortadan kald\u0131r\u0131r.<\/span><\/td>\n<\/tr>\n<tr>\n<td><span data-path-to-node=\"5,3,0,0\"><b data-path-to-node=\"5,3,0,0\" data-index-in-node=\"0\">Dokunmatik ekran y\u00fcksek \u0131s\u0131dan etkilenir mi?<\/b><\/span><\/td>\n<td><span data-path-to-node=\"5,3,1,0\">Hay\u0131r. Dijital panel, kazan g\u00f6vdesinden yal\u0131t\u0131lm\u0131\u015f \u00f6zel bir b\u00f6lmede yer al\u0131r ve profesyonel mutfak \u015fartlar\u0131na uygun dayan\u0131kl\u0131l\u0131\u011fa sahiptir.<\/span><\/td>\n<\/tr>\n<tr>\n<td><span data-path-to-node=\"5,4,0,0\"><b data-path-to-node=\"5,4,0,0\" data-index-in-node=\"0\">\u00c7ay lezzeti \u00fczerinde etkisi var m\u0131?<\/b><\/span><\/td>\n<td><span data-path-to-node=\"5,4,1,0\">Bak\u0131r\u0131n \u0131s\u0131y\u0131 homojen da\u011f\u0131tma \u00f6zelli\u011fi ve hassas \u0131s\u0131 kontrol\u00fc sayesinde suyunuz her zaman ideal s\u0131cakl\u0131kta kal\u0131r, bu da \u00e7ay\u0131n demini en iyi \u015fekilde almas\u0131n\u0131 sa\u011flar.<\/span><\/td>\n<\/tr>\n<tr>\n<td><span data-path-to-node=\"5,5,0,0\"><b data-path-to-node=\"5,5,0,0\" data-index-in-node=\"0\">G\u00fcvenlik \u00f6zellikleri nelerdir?<\/b><\/span><\/td>\n<td><span data-path-to-node=\"5,5,1,0\">Susuz \u00e7al\u0131\u015fmaya kar\u015f\u0131 tam koruma, bas\u0131n\u00e7 emniyet sistemi ve otomatik kapanma gibi \u00fcst d\u00fczey g\u00fcvenlik donan\u0131mlar\u0131yla donat\u0131lm\u0131\u015ft\u0131r.<\/span><\/td>\n<\/tr>\n<\/tbody>\n<\/table>","protected":false},"excerpt":{"rendered":"<h5 data-path-to-node=\"7\">\ud83c\udf1f \u00d6ne \u00c7\u0131kan \u00d6zellikler<\/h5>\n<ul data-path-to-node=\"8\">\n<li>\n<p data-path-to-node=\"8,0,0\"><b data-path-to-node=\"8,0,0\" data-index-in-node=\"0\">El \u0130\u015f\u00e7ili\u011fi Antik G\u00f6r\u00fcn\u00fcm:<\/b> Mekan\u0131n\u0131za de\u011fer katan, nostaljik ve prestijli bir tasar\u0131m.<\/p>\n<\/li>\n<li>\n<p data-path-to-node=\"8,1,0\"><b data-path-to-node=\"8,1,0\" data-index-in-node=\"0\">Tam Ak\u0131ll\u0131 Dijital Panel:<\/b> Is\u0131 ayar\u0131n\u0131 1 derece hassasiyetle yapabilme ve cihaz durumunu g\u00f6rsel olarak takip edebilme imkan\u0131.<\/p>\n<\/li>\n<li>\n<p data-path-to-node=\"8,2,0\"><b data-path-to-node=\"8,2,0\" data-index-in-node=\"0\">Otomatik Su Besleme:<\/b> \u015eebeke ba\u011flant\u0131s\u0131 ile s\u00fcrekli su kontrol\u00fc gerektirmez, yo\u011fun i\u015f temposunda kesintisiz hizmet sunar.<\/p>\n<\/li>\n<li>\n<p data-path-to-node=\"8,3,0\"><b data-path-to-node=\"8,3,0\" data-index-in-node=\"0\">\u0130zolasyonlu \u0130\u00e7 Hazne:<\/b> Is\u0131y\u0131 i\u00e7eride hapseden \u00f6zel g\u00f6vde yap\u0131s\u0131 sayesinde maksimum enerji tasarrufu ve minimum \u0131s\u0131 kayb\u0131 sa\u011flar.<\/p>\n<\/li>\n<\/ul>","protected":false},"featured_media":3796,"comment_status":"closed","ping_status":"closed","template":"","meta":[],"product_brand":[7750],"product_cat":[7771],"product_tag":[],"class_list":{"0":"post-3776","1":"product","2":"type-product","3":"status-publish","4":"has-post-thumbnail","6":"product_brand-demsu","7":"product_cat-cay-kazanlari","8":"pa_borular-bakir","9":"pa_demlik-sayisi-1-demlikli","10":"pa_demlik-sayisi-2-demlikli","11":"pa_demlik-sayisi-3-demlikli","12":"pa_demlik-sayisi-4-demlikli","13":"pa_demlik-sayisi-5-demlikli","14":"pa_demlik-sayisi-6-demlikli","15":"pa_govde-bakir","16":"pa_ic-hazne-7933","17":"pa_kahve-gozu-ocagi-var","18":"pa_kapasite-3-demlikli","19":"pa_kullanim-sekli-ustten-demlikli","20":"pa_panel-prosmart","21":"pa_sac-kalinligi-7937","22":"pa_samandirali-otomatik-su-alma-var","23":"pa_tesisat-hibrit","24":"pa_yalitim-tas","26":"first","27":"instock","28":"taxable","29":"shipping-taxable","30":"product-type-variable","31":"has-default-attributes"},"yoast_head":"<!-- This site is optimized with the Yoast SEO plugin v27.1.1 - https:\/\/yoast.com\/product\/yoast-seo-wordpress\/ -->\n<title>Demsu Plus 3 Demlikli Antik Bak\u0131r Prosmart Tam Ak\u0131ll\u0131 Dijital Dokunmatik \u00c7ay Kazan\u0131 | Me\u015fale Store<\/title>\n<meta name=\"description\" content=\"\ud83c\udf1f \u00d6ne \u00c7\u0131kan \u00d6zellikler    El \u0130\u015f\u00e7ili\u011fi Antik G\u00f6r\u00fcn\u00fcm: Mekan\u0131n\u0131za de\u011fer katan, nostaljik ve prestijli bir tasar\u0131m.    Tam Ak\u0131ll\u0131 Dijital Panel: Is\u0131 ayar\u0131n\u0131 1 derece hassasiyetle yapabilme ve cihaz durumunu g\u00f6rsel olarak takip edebilme imkan\u0131.    Otomatik Su Besleme: \u015eebeke ba\u011flant\u0131s\u0131 ile s\u00fcrekli su kontrol\u00fc gerektirmez, yo\u011fun i\u015f temposunda kesintisiz hizmet sunar.    \u0130zolasyonlu \u0130\u00e7 Hazne: Is\u0131y\u0131 i\u00e7eride hapseden \u00f6zel g\u00f6vde yap\u0131s\u0131 sayesinde maksimum enerji tasarrufu ve minimum \u0131s\u0131 kayb\u0131 sa\u011flar.\" \/>\n<meta name=\"robots\" content=\"index, follow, max-snippet:-1, max-image-preview:large, max-video-preview:-1\" \/>\n<link rel=\"canonical\" href=\"https:\/\/mesalestore.com\/en\/product\/demsu-plus-3-demlikli-antik-bakir-prosmart-tam-akilli-dijital-dokunmatik-cay-kazani\/\" \/>\n<meta property=\"og:locale\" content=\"en_US\" \/>\n<meta property=\"og:type\" content=\"article\" \/>\n<meta property=\"og:title\" content=\"Demsu Plus 3 Demlikli Antik Bak\u0131r Prosmart Tam Ak\u0131ll\u0131 Dijital Dokunmatik \u00c7ay Kazan\u0131 | Me\u015fale Store\" \/>\n<meta property=\"og:description\" content=\"\ud83c\udf1f \u00d6ne \u00c7\u0131kan \u00d6zellikler    El \u0130\u015f\u00e7ili\u011fi Antik G\u00f6r\u00fcn\u00fcm: Mekan\u0131n\u0131za de\u011fer katan, nostaljik ve prestijli bir tasar\u0131m.    Tam Ak\u0131ll\u0131 Dijital Panel: Is\u0131 ayar\u0131n\u0131 1 derece hassasiyetle yapabilme ve cihaz durumunu g\u00f6rsel olarak takip edebilme imkan\u0131.    Otomatik Su Besleme: \u015eebeke ba\u011flant\u0131s\u0131 ile s\u00fcrekli su kontrol\u00fc gerektirmez, yo\u011fun i\u015f temposunda kesintisiz hizmet sunar.    \u0130zolasyonlu \u0130\u00e7 Hazne: Is\u0131y\u0131 i\u00e7eride hapseden \u00f6zel g\u00f6vde yap\u0131s\u0131 sayesinde maksimum enerji tasarrufu ve minimum \u0131s\u0131 kayb\u0131 sa\u011flar.\" \/>\n<meta property=\"og:url\" content=\"https:\/\/mesalestore.com\/en\/product\/demsu-plus-3-demlikli-antik-bakir-prosmart-tam-akilli-dijital-dokunmatik-cay-kazani\/\" \/>\n<meta property=\"og:site_name\" content=\"Me\u015fale Store\" \/>\n<meta property=\"article:publisher\" content=\"https:\/\/www.facebook.com\/mesalecay\" \/>\n<meta property=\"article:modified_time\" content=\"2026-05-05T07:56:16+00:00\" \/>\n<meta property=\"og:image\" content=\"https:\/\/mesalestore.com\/wp-content\/uploads\/2026\/03\/demsu-plus-3-demlikli-antik-bakir-pros-48c2-.webp\" \/>\n\t<meta property=\"og:image:width\" content=\"1600\" \/>\n\t<meta property=\"og:image:height\" content=\"1600\" \/>\n\t<meta property=\"og:image:type\" content=\"image\/webp\" \/>\n<meta name=\"twitter:card\" content=\"summary_large_image\" \/>\n<meta name=\"twitter:site\" content=\"@mesalecaykazan\" \/>\n<meta name=\"twitter:label1\" content=\"Est. reading time\" \/>\n\t<meta name=\"twitter:data1\" content=\"2 minutes\" \/>\n<script type=\"application\/ld+json\" class=\"yoast-schema-graph\">{\"@context\":\"https:\/\/schema.org\",\"@graph\":[{\"@type\":\"WebPage\",\"@id\":\"https:\/\/mesalestore.com\/en\/product\/demsu-plus-3-demlikli-antik-bakir-prosmart-tam-akilli-dijital-dokunmatik-cay-kazani\/\",\"url\":\"https:\/\/mesalestore.com\/en\/product\/demsu-plus-3-demlikli-antik-bakir-prosmart-tam-akilli-dijital-dokunmatik-cay-kazani\/\",\"name\":\"Demsu Plus 3 Demlikli Antik Bak\u0131r Prosmart Tam Ak\u0131ll\u0131 Dijital Dokunmatik \u00c7ay Kazan\u0131 | Me\u015fale Store\",\"isPartOf\":{\"@id\":\"https:\/\/mesalestore.com\/en\/#website\"},\"primaryImageOfPage\":{\"@id\":\"https:\/\/mesalestore.com\/en\/product\/demsu-plus-3-demlikli-antik-bakir-prosmart-tam-akilli-dijital-dokunmatik-cay-kazani\/#primaryimage\"},\"image\":{\"@id\":\"https:\/\/mesalestore.com\/en\/product\/demsu-plus-3-demlikli-antik-bakir-prosmart-tam-akilli-dijital-dokunmatik-cay-kazani\/#primaryimage\"},\"thumbnailUrl\":\"https:\/\/mesalestore.com\/wp-content\/uploads\/2026\/03\/demsu-plus-3-demlikli-antik-bakir-pros-48c2-.webp\",\"datePublished\":\"2026-03-04T08:05:21+00:00\",\"dateModified\":\"2026-05-05T07:56:16+00:00\",\"description\":\"\ud83c\udf1f \u00d6ne \u00c7\u0131kan \u00d6zellikler El \u0130\u015f\u00e7ili\u011fi Antik G\u00f6r\u00fcn\u00fcm: Mekan\u0131n\u0131za de\u011fer katan, nostaljik ve prestijli bir tasar\u0131m. Tam Ak\u0131ll\u0131 Dijital Panel: Is\u0131 ayar\u0131n\u0131 1 derece hassasiyetle yapabilme ve cihaz durumunu g\u00f6rsel olarak takip edebilme imkan\u0131. Otomatik Su Besleme: \u015eebeke ba\u011flant\u0131s\u0131 ile s\u00fcrekli su kontrol\u00fc gerektirmez, yo\u011fun i\u015f temposunda kesintisiz hizmet sunar. \u0130zolasyonlu \u0130\u00e7 Hazne: Is\u0131y\u0131 i\u00e7eride hapseden \u00f6zel g\u00f6vde yap\u0131s\u0131 sayesinde maksimum enerji tasarrufu ve minimum \u0131s\u0131 kayb\u0131 sa\u011flar.\",\"breadcrumb\":{\"@id\":\"https:\/\/mesalestore.com\/en\/product\/demsu-plus-3-demlikli-antik-bakir-prosmart-tam-akilli-dijital-dokunmatik-cay-kazani\/#breadcrumb\"},\"inLanguage\":\"en-US\",\"potentialAction\":[{\"@type\":\"ReadAction\",\"target\":[\"https:\/\/mesalestore.com\/en\/product\/demsu-plus-3-demlikli-antik-bakir-prosmart-tam-akilli-dijital-dokunmatik-cay-kazani\/\"]}]},{\"@type\":\"ImageObject\",\"inLanguage\":\"en-US\",\"@id\":\"https:\/\/mesalestore.com\/en\/product\/demsu-plus-3-demlikli-antik-bakir-prosmart-tam-akilli-dijital-dokunmatik-cay-kazani\/#primaryimage\",\"url\":\"https:\/\/mesalestore.com\/wp-content\/uploads\/2026\/03\/demsu-plus-3-demlikli-antik-bakir-pros-48c2-.webp\",\"contentUrl\":\"https:\/\/mesalestore.com\/wp-content\/uploads\/2026\/03\/demsu-plus-3-demlikli-antik-bakir-pros-48c2-.webp\",\"width\":1600,\"height\":1600},{\"@type\":\"BreadcrumbList\",\"@id\":\"https:\/\/mesalestore.com\/en\/product\/demsu-plus-3-demlikli-antik-bakir-prosmart-tam-akilli-dijital-dokunmatik-cay-kazani\/#breadcrumb\",\"itemListElement\":[{\"@type\":\"ListItem\",\"position\":1,\"name\":\"Anasayfa\",\"item\":\"https:\/\/mesalestore.com\/en\/\"},{\"@type\":\"ListItem\",\"position\":2,\"name\":\"Products\",\"item\":\"https:\/\/mesalestore.com\/en\/shop\/\"},{\"@type\":\"ListItem\",\"position\":3,\"name\":\"Demsu Plus 3 Demlikli Antik Bak\u0131r Prosmart Tam Ak\u0131ll\u0131 Dijital Dokunmatik \u00c7ay Kazan\u0131\"}]},{\"@type\":\"WebSite\",\"@id\":\"https:\/\/mesalestore.com\/en\/#website\",\"url\":\"https:\/\/mesalestore.com\/en\/\",\"name\":\"Me\u015fale Store\",\"description\":\"\",\"publisher\":{\"@id\":\"https:\/\/mesalestore.com\/en\/#organization\"},\"potentialAction\":[{\"@type\":\"SearchAction\",\"target\":{\"@type\":\"EntryPoint\",\"urlTemplate\":\"https:\/\/mesalestore.com\/en\/?s={search_term_string}\"},\"query-input\":{\"@type\":\"PropertyValueSpecification\",\"valueRequired\":true,\"valueName\":\"search_term_string\"}}],\"inLanguage\":\"en-US\"},{\"@type\":\"Organization\",\"@id\":\"https:\/\/mesalestore.com\/en\/#organization\",\"name\":\"Me\u015fale Store\",\"url\":\"https:\/\/mesalestore.com\/en\/\",\"logo\":{\"@type\":\"ImageObject\",\"inLanguage\":\"en-US\",\"@id\":\"https:\/\/mesalestore.com\/en\/#\/schema\/logo\/image\/\",\"url\":\"https:\/\/mesalestore.com\/wp-content\/uploads\/2026\/03\/logo-header-yeni-1.webp\",\"contentUrl\":\"https:\/\/mesalestore.com\/wp-content\/uploads\/2026\/03\/logo-header-yeni-1.webp\",\"width\":419,\"height\":147,\"caption\":\"Me\u015fale Store\"},\"image\":{\"@id\":\"https:\/\/mesalestore.com\/en\/#\/schema\/logo\/image\/\"},\"sameAs\":[\"https:\/\/www.facebook.com\/mesalecay\",\"https:\/\/x.com\/mesalecaykazan\",\"https:\/\/www.instagram.com\/mesalecaykazan\/\"]}]}<\/script>\n<!-- \/ Yoast SEO plugin. -->","yoast_head_json":{"title":"Demsu Plus 3 Demlikli Antik Bak\u0131r Prosmart Tam Ak\u0131ll\u0131 Dijital Dokunmatik \u00c7ay Kazan\u0131 | Me\u015fale Store","description":"\ud83c\udf1f \u00d6ne \u00c7\u0131kan \u00d6zellikler    El \u0130\u015f\u00e7ili\u011fi Antik G\u00f6r\u00fcn\u00fcm: Mekan\u0131n\u0131za de\u011fer katan, nostaljik ve prestijli bir tasar\u0131m.    Tam Ak\u0131ll\u0131 Dijital Panel: Is\u0131 ayar\u0131n\u0131 1 derece hassasiyetle yapabilme ve cihaz durumunu g\u00f6rsel olarak takip edebilme imkan\u0131.    Otomatik Su Besleme: \u015eebeke ba\u011flant\u0131s\u0131 ile s\u00fcrekli su kontrol\u00fc gerektirmez, yo\u011fun i\u015f temposunda kesintisiz hizmet sunar.    \u0130zolasyonlu \u0130\u00e7 Hazne: Is\u0131y\u0131 i\u00e7eride hapseden \u00f6zel g\u00f6vde yap\u0131s\u0131 sayesinde maksimum enerji tasarrufu ve minimum \u0131s\u0131 kayb\u0131 sa\u011flar.","robots":{"index":"index","follow":"follow","max-snippet":"max-snippet:-1","max-image-preview":"max-image-preview:large","max-video-preview":"max-video-preview:-1"},"canonical":"https:\/\/mesalestore.com\/en\/product\/demsu-plus-3-demlikli-antik-bakir-prosmart-tam-akilli-dijital-dokunmatik-cay-kazani\/","og_locale":"en_US","og_type":"article","og_title":"Demsu Plus 3 Demlikli Antik Bak\u0131r Prosmart Tam Ak\u0131ll\u0131 Dijital Dokunmatik \u00c7ay Kazan\u0131 | Me\u015fale Store","og_description":"\ud83c\udf1f \u00d6ne \u00c7\u0131kan \u00d6zellikler    El \u0130\u015f\u00e7ili\u011fi Antik G\u00f6r\u00fcn\u00fcm: Mekan\u0131n\u0131za de\u011fer katan, nostaljik ve prestijli bir tasar\u0131m.    Tam Ak\u0131ll\u0131 Dijital Panel: Is\u0131 ayar\u0131n\u0131 1 derece hassasiyetle yapabilme ve cihaz durumunu g\u00f6rsel olarak takip edebilme imkan\u0131.    Otomatik Su Besleme: \u015eebeke ba\u011flant\u0131s\u0131 ile s\u00fcrekli su kontrol\u00fc gerektirmez, yo\u011fun i\u015f temposunda kesintisiz hizmet sunar.    \u0130zolasyonlu \u0130\u00e7 Hazne: Is\u0131y\u0131 i\u00e7eride hapseden \u00f6zel g\u00f6vde yap\u0131s\u0131 sayesinde maksimum enerji tasarrufu ve minimum \u0131s\u0131 kayb\u0131 sa\u011flar.","og_url":"https:\/\/mesalestore.com\/en\/product\/demsu-plus-3-demlikli-antik-bakir-prosmart-tam-akilli-dijital-dokunmatik-cay-kazani\/","og_site_name":"Me\u015fale Store","article_publisher":"https:\/\/www.facebook.com\/mesalecay","article_modified_time":"2026-05-05T07:56:16+00:00","og_image":[{"width":1600,"height":1600,"url":"https:\/\/mesalestore.com\/wp-content\/uploads\/2026\/03\/demsu-plus-3-demlikli-antik-bakir-pros-48c2-.webp","type":"image\/webp"}],"twitter_card":"summary_large_image","twitter_site":"@mesalecaykazan","twitter_misc":{"Est. reading time":"2 minutes"},"schema":{"@context":"https:\/\/schema.org","@graph":[{"@type":"WebPage","@id":"https:\/\/mesalestore.com\/en\/product\/demsu-plus-3-demlikli-antik-bakir-prosmart-tam-akilli-dijital-dokunmatik-cay-kazani\/","url":"https:\/\/mesalestore.com\/en\/product\/demsu-plus-3-demlikli-antik-bakir-prosmart-tam-akilli-dijital-dokunmatik-cay-kazani\/","name":"Demsu Plus 3 Demlikli Antik Bak\u0131r Prosmart Tam Ak\u0131ll\u0131 Dijital Dokunmatik \u00c7ay Kazan\u0131 | Me\u015fale Store","isPartOf":{"@id":"https:\/\/mesalestore.com\/en\/#website"},"primaryImageOfPage":{"@id":"https:\/\/mesalestore.com\/en\/product\/demsu-plus-3-demlikli-antik-bakir-prosmart-tam-akilli-dijital-dokunmatik-cay-kazani\/#primaryimage"},"image":{"@id":"https:\/\/mesalestore.com\/en\/product\/demsu-plus-3-demlikli-antik-bakir-prosmart-tam-akilli-dijital-dokunmatik-cay-kazani\/#primaryimage"},"thumbnailUrl":"https:\/\/mesalestore.com\/wp-content\/uploads\/2026\/03\/demsu-plus-3-demlikli-antik-bakir-pros-48c2-.webp","datePublished":"2026-03-04T08:05:21+00:00","dateModified":"2026-05-05T07:56:16+00:00","description":"\ud83c\udf1f \u00d6ne \u00c7\u0131kan \u00d6zellikler El \u0130\u015f\u00e7ili\u011fi Antik G\u00f6r\u00fcn\u00fcm: Mekan\u0131n\u0131za de\u011fer katan, nostaljik ve prestijli bir tasar\u0131m. Tam Ak\u0131ll\u0131 Dijital Panel: Is\u0131 ayar\u0131n\u0131 1 derece hassasiyetle yapabilme ve cihaz durumunu g\u00f6rsel olarak takip edebilme imkan\u0131. Otomatik Su Besleme: \u015eebeke ba\u011flant\u0131s\u0131 ile s\u00fcrekli su kontrol\u00fc gerektirmez, yo\u011fun i\u015f temposunda kesintisiz hizmet sunar. \u0130zolasyonlu \u0130\u00e7 Hazne: Is\u0131y\u0131 i\u00e7eride hapseden \u00f6zel g\u00f6vde yap\u0131s\u0131 sayesinde maksimum enerji tasarrufu ve minimum \u0131s\u0131 kayb\u0131 sa\u011flar.","breadcrumb":{"@id":"https:\/\/mesalestore.com\/en\/product\/demsu-plus-3-demlikli-antik-bakir-prosmart-tam-akilli-dijital-dokunmatik-cay-kazani\/#breadcrumb"},"inLanguage":"en-US","potentialAction":[{"@type":"ReadAction","target":["https:\/\/mesalestore.com\/en\/product\/demsu-plus-3-demlikli-antik-bakir-prosmart-tam-akilli-dijital-dokunmatik-cay-kazani\/"]}]},{"@type":"ImageObject","inLanguage":"en-US","@id":"https:\/\/mesalestore.com\/en\/product\/demsu-plus-3-demlikli-antik-bakir-prosmart-tam-akilli-dijital-dokunmatik-cay-kazani\/#primaryimage","url":"https:\/\/mesalestore.com\/wp-content\/uploads\/2026\/03\/demsu-plus-3-demlikli-antik-bakir-pros-48c2-.webp","contentUrl":"https:\/\/mesalestore.com\/wp-content\/uploads\/2026\/03\/demsu-plus-3-demlikli-antik-bakir-pros-48c2-.webp","width":1600,"height":1600},{"@type":"BreadcrumbList","@id":"https:\/\/mesalestore.com\/en\/product\/demsu-plus-3-demlikli-antik-bakir-prosmart-tam-akilli-dijital-dokunmatik-cay-kazani\/#breadcrumb","itemListElement":[{"@type":"ListItem","position":1,"name":"Anasayfa","item":"https:\/\/mesalestore.com\/en\/"},{"@type":"ListItem","position":2,"name":"Products","item":"https:\/\/mesalestore.com\/en\/shop\/"},{"@type":"ListItem","position":3,"name":"Demsu Plus 3 Demlikli Antik Bak\u0131r Prosmart Tam Ak\u0131ll\u0131 Dijital Dokunmatik \u00c7ay Kazan\u0131"}]},{"@type":"WebSite","@id":"https:\/\/mesalestore.com\/en\/#website","url":"https:\/\/mesalestore.com\/en\/","name":"Me\u015fale Store","description":"","publisher":{"@id":"https:\/\/mesalestore.com\/en\/#organization"},"potentialAction":[{"@type":"SearchAction","target":{"@type":"EntryPoint","urlTemplate":"https:\/\/mesalestore.com\/en\/?s={search_term_string}"},"query-input":{"@type":"PropertyValueSpecification","valueRequired":true,"valueName":"search_term_string"}}],"inLanguage":"en-US"},{"@type":"Organization","@id":"https:\/\/mesalestore.com\/en\/#organization","name":"Me\u015fale Store","url":"https:\/\/mesalestore.com\/en\/","logo":{"@type":"ImageObject","inLanguage":"en-US","@id":"https:\/\/mesalestore.com\/en\/#\/schema\/logo\/image\/","url":"https:\/\/mesalestore.com\/wp-content\/uploads\/2026\/03\/logo-header-yeni-1.webp","contentUrl":"https:\/\/mesalestore.com\/wp-content\/uploads\/2026\/03\/logo-header-yeni-1.webp","width":419,"height":147,"caption":"Me\u015fale Store"},"image":{"@id":"https:\/\/mesalestore.com\/en\/#\/schema\/logo\/image\/"},"sameAs":["https:\/\/www.facebook.com\/mesalecay","https:\/\/x.com\/mesalecaykazan","https:\/\/www.instagram.com\/mesalecaykazan\/"]}]}},"_links":{"self":[{"href":"https:\/\/mesalestore.com\/en\/wp-json\/wp\/v2\/product\/3776","targetHints":{"allow":["GET"]}}],"collection":[{"href":"https:\/\/mesalestore.com\/en\/wp-json\/wp\/v2\/product"}],"about":[{"href":"https:\/\/mesalestore.com\/en\/wp-json\/wp\/v2\/types\/product"}],"replies":[{"embeddable":true,"href":"https:\/\/mesalestore.com\/en\/wp-json\/wp\/v2\/comments?post=3776"}],"wp:featuredmedia":[{"embeddable":true,"href":"https:\/\/mesalestore.com\/en\/wp-json\/wp\/v2\/media\/3796"}],"wp:attachment":[{"href":"https:\/\/mesalestore.com\/en\/wp-json\/wp\/v2\/media?parent=3776"}],"wp:term":[{"taxonomy":"product_brand","embeddable":true,"href":"https:\/\/mesalestore.com\/en\/wp-json\/wp\/v2\/product_brand?post=3776"},{"taxonomy":"product_cat","embeddable":true,"href":"https:\/\/mesalestore.com\/en\/wp-json\/wp\/v2\/product_cat?post=3776"},{"taxonomy":"product_tag","embeddable":true,"href":"https:\/\/mesalestore.com\/en\/wp-json\/wp\/v2\/product_tag?post=3776"}],"curies":[{"name":"wp","href":"https:\/\/api.w.org\/{rel}","templated":true}]}}