{"id":3775,"date":"2026-03-04T11:05:21","date_gmt":"2026-03-04T08:05:21","guid":{"rendered":"https:\/\/mesalestore.com\/product\/demsu-plus-3-demlikli-siyah-prosmart-tam-akilli-dijital-dokunmatik-cay-kazani\/"},"modified":"2026-05-06T11:17:57","modified_gmt":"2026-05-06T08:17:57","slug":"demsu-plus-3-demlikli-siyah-prosmart-tam-akilli-dijital-dokunmatik-cay-kazani","status":"publish","type":"product","link":"https:\/\/mesalestore.com\/en\/product\/demsu-plus-3-demlikli-siyah-prosmart-tam-akilli-dijital-dokunmatik-cay-kazani\/","title":{"rendered":"Demsu Plus Siyah \u00c7ay Kazan\u0131"},"content":{"rendered":"","protected":false},"excerpt":{"rendered":"<h5 data-path-to-node=\"7\">\ud83c\udf1f \u00d6ne \u00c7\u0131kan \u00d6zellikler<\/h5>\n<ul data-path-to-node=\"8\">\n<li>\n<p data-path-to-node=\"8,0,0\"><b data-path-to-node=\"8,0,0\" data-index-in-node=\"0\">Prosmart Dokunmatik Panel:<\/b> Hassas \u0131s\u0131 kontrol\u00fc ve g\u00f6rsel takip sa\u011flayan y\u00fcksek \u00e7\u00f6z\u00fcn\u00fcrl\u00fckl\u00fc dijital ekran.<\/p>\n<\/li>\n<li>\n<p data-path-to-node=\"8,1,0\"><b data-path-to-node=\"8,1,0\" data-index-in-node=\"0\">Estetik ve Dayan\u0131kl\u0131 Tasar\u0131m:<\/b> \u015e\u0131k siyah g\u00f6vde, paslanmaz \u00e7elik detaylarla birle\u015ferek her t\u00fcrl\u00fc dekorasyona modern bir dokunu\u015f katar.<\/p>\n<\/li>\n<li>\n<p data-path-to-node=\"8,2,0\"><b data-path-to-node=\"8,2,0\" data-index-in-node=\"0\">Otomatik Su Al\u0131m Sistemi:<\/b> \u015eebeke ba\u011flant\u0131s\u0131 sayesinde suyu otomatik al\u0131r, personelin i\u015f y\u00fck\u00fcn\u00fc azalt\u0131r ve cihaz\u0131n susuz kalmas\u0131n\u0131 engeller.<\/p>\n<\/li>\n<li>\n<p data-path-to-node=\"8,3,0\"><b data-path-to-node=\"8,3,0\" data-index-in-node=\"0\">G\u00fcvenlik Sens\u00f6rleri:<\/b> Susuz \u00e7al\u0131\u015fmaya kar\u015f\u0131 koruma ve a\u015f\u0131r\u0131 \u0131s\u0131nma emniyeti ile maksimum \u00e7al\u0131\u015fma g\u00fcvenli\u011fi sa\u011flar.<\/p>\n<\/li>\n<li><a href=\"https:\/\/mesalestore.com\/wp-content\/uploads\/2026\/03\/Demsu-Kullanim-Kilavuzu.pdf\">Demsu-Kullan\u0131m-K\u0131lavuzu<\/a><\/li>\n<\/ul>","protected":false},"featured_media":5718,"comment_status":"closed","ping_status":"closed","template":"","meta":[],"product_brand":[7750],"product_cat":[7771],"product_tag":[73,218,1343,1344,3608,7660,7693,7694,7699,7700,7695,7696,7697,7698,7701,7702,7703,7704,7661,7662,7675,7676,7663,7668,7669,7664,7665,7666,7667,7670,7671,7672,7673,7674,7677,7690,7691,7678,7683,7684,7679,7680,7681,7682,7685,7686,7687,7688,7689,7692],"class_list":{"0":"post-3775","1":"product","2":"type-product","3":"status-publish","4":"has-post-thumbnail","6":"product_brand-demsu","7":"product_cat-cay-kazanlari","8":"product_tag-demsu","9":"product_tag-demsu-plus","10":"product_tag-demsu-plus-3","11":"product_tag-demsu-plus-3-demlikli","12":"product_tag-demsu-plus-3-demlikli-siyah","13":"product_tag-demsu-plus-3-demlikli-siyah-prosmart","14":"product_tag-demsu-plus-3-demlikli-siyah-prosmart-akilli","15":"product_tag-demsu-plus-3-demlikli-siyah-prosmart-akilli-dijital","16":"product_tag-demsu-plus-3-demlikli-siyah-prosmart-akilli-dijital-cay","17":"product_tag-demsu-plus-3-demlikli-siyah-prosmart-akilli-dijital-cay-kazani","18":"product_tag-demsu-plus-3-demlikli-siyah-prosmart-akilli-dijital-dokunmatik","19":"product_tag-demsu-plus-3-demlikli-siyah-prosmart-akilli-dijital-dokunmatik-cay","20":"product_tag-demsu-plus-3-demlikli-siyah-prosmart-akilli-dijital-dokunmatik-cay-kazani","21":"product_tag-demsu-plus-3-demlikli-siyah-prosmart-akilli-dijital-dokunmatik-kazani","22":"product_tag-demsu-plus-3-demlikli-siyah-prosmart-akilli-dijital-kazani","23":"product_tag-demsu-plus-3-demlikli-siyah-prosmart-akilli-dokunmatik","24":"product_tag-demsu-plus-3-demlikli-siyah-prosmart-akilli-dokunmatik-cay","25":"product_tag-demsu-plus-3-demlikli-siyah-prosmart-akilli-dokunmatik-cay-kazani","26":"product_tag-demsu-plus-3-demlikli-siyah-prosmart-tam","27":"product_tag-demsu-plus-3-demlikli-siyah-prosmart-tam-akilli","28":"product_tag-demsu-plus-3-demlikli-siyah-prosmart-tam-akilli-cay","29":"product_tag-demsu-plus-3-demlikli-siyah-prosmart-tam-akilli-cay-kazani","30":"product_tag-demsu-plus-3-demlikli-siyah-prosmart-tam-akilli-dijital","31":"product_tag-demsu-plus-3-demlikli-siyah-prosmart-tam-akilli-dijital-cay","32":"product_tag-demsu-plus-3-demlikli-siyah-prosmart-tam-akilli-dijital-cay-kazani","33":"product_tag-demsu-plus-3-demlikli-siyah-prosmart-tam-akilli-dijital-dokunmatik","34":"product_tag-demsu-plus-3-demlikli-siyah-prosmart-tam-akilli-dijital-dokunmatik-cay","35":"product_tag-demsu-plus-3-demlikli-siyah-prosmart-tam-akilli-dijital-dokunmatik-cay-kazani","36":"product_tag-demsu-plus-3-demlikli-siyah-prosmart-tam-akilli-dijital-dokunmatik-kazani","37":"product_tag-demsu-plus-3-demlikli-siyah-prosmart-tam-akilli-dijital-kazani","38":"product_tag-demsu-plus-3-demlikli-siyah-prosmart-tam-akilli-dokunmatik","39":"product_tag-demsu-plus-3-demlikli-siyah-prosmart-tam-akilli-dokunmatik-cay","40":"product_tag-demsu-plus-3-demlikli-siyah-prosmart-tam-akilli-dokunmatik-cay-kazani","41":"product_tag-demsu-plus-3-demlikli-siyah-prosmart-tam-akilli-dokunmatik-kazani","42":"product_tag-demsu-plus-3-demlikli-siyah-prosmart-tam-akilli-kazani","43":"product_tag-demsu-plus-3-demlikli-siyah-prosmart-tam-cay","44":"product_tag-demsu-plus-3-demlikli-siyah-prosmart-tam-cay-kazani","45":"product_tag-demsu-plus-3-demlikli-siyah-prosmart-tam-dijital","46":"product_tag-demsu-plus-3-demlikli-siyah-prosmart-tam-dijital-cay","47":"product_tag-demsu-plus-3-demlikli-siyah-prosmart-tam-dijital-cay-kazani","48":"product_tag-demsu-plus-3-demlikli-siyah-prosmart-tam-dijital-dokunmatik","49":"product_tag-demsu-plus-3-demlikli-siyah-prosmart-tam-dijital-dokunmatik-cay","50":"product_tag-demsu-plus-3-demlikli-siyah-prosmart-tam-dijital-dokunmatik-cay-kazani","51":"product_tag-demsu-plus-3-demlikli-siyah-prosmart-tam-dijital-dokunmatik-kazani","52":"product_tag-demsu-plus-3-demlikli-siyah-prosmart-tam-dijital-kazani","53":"product_tag-demsu-plus-3-demlikli-siyah-prosmart-tam-dokunmatik","54":"product_tag-demsu-plus-3-demlikli-siyah-prosmart-tam-dokunmatik-cay","55":"product_tag-demsu-plus-3-demlikli-siyah-prosmart-tam-dokunmatik-cay-kazani","56":"product_tag-demsu-plus-3-demlikli-siyah-prosmart-tam-dokunmatik-kazani","57":"product_tag-demsu-plus-3-demlikli-siyah-prosmart-tam-kazani","58":"pa_borular-bakir","59":"pa_demlik-sayisi-1-demlikli","60":"pa_demlik-sayisi-2-demlikli","61":"pa_demlik-sayisi-3-demlikli","62":"pa_demlik-sayisi-4-demlikli","63":"pa_demlik-sayisi-5-demlikli","64":"pa_demlik-sayisi-6-demlikli","65":"pa_govde-chromat","66":"pa_ic-hazne-7933","67":"pa_kapasite-3-demlikli","68":"pa_kullanim-sekli-ustten-demlikli","69":"pa_panel-prosmart","70":"pa_sac-kalinligi-7937","71":"pa_tesisat-hibrit","72":"pa_yalitim-tas","74":"first","75":"instock","76":"taxable","77":"shipping-taxable","78":"purchasable","79":"product-type-variable"},"yoast_head":"<!-- This site is optimized with the Yoast SEO plugin v27.1.1 - https:\/\/yoast.com\/product\/yoast-seo-wordpress\/ -->\n<title>Demsu Plus Siyah \u00c7ay Kazan\u0131 | Me\u015fale Store<\/title>\n<meta name=\"description\" content=\"\ud83c\udf1f \u00d6ne \u00c7\u0131kan \u00d6zellikler    Prosmart Dokunmatik Panel: Hassas \u0131s\u0131 kontrol\u00fc ve g\u00f6rsel takip sa\u011flayan y\u00fcksek \u00e7\u00f6z\u00fcn\u00fcrl\u00fckl\u00fc dijital ekran.    Estetik ve Dayan\u0131kl\u0131 Tasar\u0131m: \u015e\u0131k siyah g\u00f6vde, paslanmaz \u00e7elik detaylarla birle\u015ferek her t\u00fcrl\u00fc dekorasyona modern bir dokunu\u015f katar.    Otomatik Su Al\u0131m Sistemi: \u015eebeke ba\u011flant\u0131s\u0131 sayesinde suyu otomatik al\u0131r, personelin i\u015f y\u00fck\u00fcn\u00fc azalt\u0131r ve cihaz\u0131n susuz kalmas\u0131n\u0131 engeller.    G\u00fcvenlik Sens\u00f6rleri: Susuz \u00e7al\u0131\u015fmaya kar\u015f\u0131 koruma ve a\u015f\u0131r\u0131 \u0131s\u0131nma emniyeti ile maksimum \u00e7al\u0131\u015fma g\u00fcvenli\u011fi sa\u011flar.   Demsu-Kullan\u0131m-K\u0131lavuzu\" \/>\n<meta name=\"robots\" content=\"index, follow, max-snippet:-1, max-image-preview:large, max-video-preview:-1\" \/>\n<link rel=\"canonical\" href=\"https:\/\/mesalestore.com\/en\/product\/demsu-plus-3-demlikli-siyah-prosmart-tam-akilli-dijital-dokunmatik-cay-kazani\/\" \/>\n<meta property=\"og:locale\" content=\"en_US\" \/>\n<meta property=\"og:type\" content=\"article\" \/>\n<meta property=\"og:title\" content=\"Demsu Plus Siyah \u00c7ay Kazan\u0131 | Me\u015fale Store\" \/>\n<meta property=\"og:description\" content=\"\ud83c\udf1f \u00d6ne \u00c7\u0131kan \u00d6zellikler    Prosmart Dokunmatik Panel: Hassas \u0131s\u0131 kontrol\u00fc ve g\u00f6rsel takip sa\u011flayan y\u00fcksek \u00e7\u00f6z\u00fcn\u00fcrl\u00fckl\u00fc dijital ekran.    Estetik ve Dayan\u0131kl\u0131 Tasar\u0131m: \u015e\u0131k siyah g\u00f6vde, paslanmaz \u00e7elik detaylarla birle\u015ferek her t\u00fcrl\u00fc dekorasyona modern bir dokunu\u015f katar.    Otomatik Su Al\u0131m Sistemi: \u015eebeke ba\u011flant\u0131s\u0131 sayesinde suyu otomatik al\u0131r, personelin i\u015f y\u00fck\u00fcn\u00fc azalt\u0131r ve cihaz\u0131n susuz kalmas\u0131n\u0131 engeller.    G\u00fcvenlik Sens\u00f6rleri: Susuz \u00e7al\u0131\u015fmaya kar\u015f\u0131 koruma ve a\u015f\u0131r\u0131 \u0131s\u0131nma emniyeti ile maksimum \u00e7al\u0131\u015fma g\u00fcvenli\u011fi sa\u011flar.   Demsu-Kullan\u0131m-K\u0131lavuzu\" \/>\n<meta property=\"og:url\" content=\"https:\/\/mesalestore.com\/en\/product\/demsu-plus-3-demlikli-siyah-prosmart-tam-akilli-dijital-dokunmatik-cay-kazani\/\" \/>\n<meta property=\"og:site_name\" content=\"Me\u015fale Store\" \/>\n<meta property=\"article:publisher\" content=\"https:\/\/www.facebook.com\/mesalecay\" \/>\n<meta property=\"article:modified_time\" content=\"2026-05-06T08:17:57+00:00\" \/>\n<meta property=\"og:image\" content=\"https:\/\/mesalestore.com\/wp-content\/uploads\/2026\/03\/6058-copy-scaled-e1777970095947.jpg\" \/>\n\t<meta property=\"og:image:width\" content=\"2560\" \/>\n\t<meta property=\"og:image:height\" content=\"1707\" \/>\n\t<meta property=\"og:image:type\" content=\"image\/jpeg\" \/>\n<meta name=\"twitter:card\" content=\"summary_large_image\" \/>\n<meta name=\"twitter:site\" content=\"@mesalecaykazan\" \/>\n<meta name=\"twitter:label1\" content=\"Est. reading time\" \/>\n\t<meta name=\"twitter:data1\" content=\"1 minute\" \/>\n<script type=\"application\/ld+json\" class=\"yoast-schema-graph\">{\"@context\":\"https:\/\/schema.org\",\"@graph\":[{\"@type\":\"WebPage\",\"@id\":\"https:\/\/mesalestore.com\/en\/product\/demsu-plus-3-demlikli-siyah-prosmart-tam-akilli-dijital-dokunmatik-cay-kazani\/\",\"url\":\"https:\/\/mesalestore.com\/en\/product\/demsu-plus-3-demlikli-siyah-prosmart-tam-akilli-dijital-dokunmatik-cay-kazani\/\",\"name\":\"Demsu Plus Siyah \u00c7ay Kazan\u0131 | Me\u015fale Store\",\"isPartOf\":{\"@id\":\"https:\/\/mesalestore.com\/en\/#website\"},\"primaryImageOfPage\":{\"@id\":\"https:\/\/mesalestore.com\/en\/product\/demsu-plus-3-demlikli-siyah-prosmart-tam-akilli-dijital-dokunmatik-cay-kazani\/#primaryimage\"},\"image\":{\"@id\":\"https:\/\/mesalestore.com\/en\/product\/demsu-plus-3-demlikli-siyah-prosmart-tam-akilli-dijital-dokunmatik-cay-kazani\/#primaryimage\"},\"thumbnailUrl\":\"https:\/\/mesalestore.com\/wp-content\/uploads\/2026\/03\/6058-copy-scaled-e1777970095947.jpg\",\"datePublished\":\"2026-03-04T08:05:21+00:00\",\"dateModified\":\"2026-05-06T08:17:57+00:00\",\"description\":\"\ud83c\udf1f \u00d6ne \u00c7\u0131kan \u00d6zellikler Prosmart Dokunmatik Panel: Hassas \u0131s\u0131 kontrol\u00fc ve g\u00f6rsel takip sa\u011flayan y\u00fcksek \u00e7\u00f6z\u00fcn\u00fcrl\u00fckl\u00fc dijital ekran. Estetik ve Dayan\u0131kl\u0131 Tasar\u0131m: \u015e\u0131k siyah g\u00f6vde, paslanmaz \u00e7elik detaylarla birle\u015ferek her t\u00fcrl\u00fc dekorasyona modern bir dokunu\u015f katar. Otomatik Su Al\u0131m Sistemi: \u015eebeke ba\u011flant\u0131s\u0131 sayesinde suyu otomatik al\u0131r, personelin i\u015f y\u00fck\u00fcn\u00fc azalt\u0131r ve cihaz\u0131n susuz kalmas\u0131n\u0131 engeller. G\u00fcvenlik Sens\u00f6rleri: Susuz \u00e7al\u0131\u015fmaya kar\u015f\u0131 koruma ve a\u015f\u0131r\u0131 \u0131s\u0131nma emniyeti ile maksimum \u00e7al\u0131\u015fma g\u00fcvenli\u011fi sa\u011flar. Demsu-Kullan\u0131m-K\u0131lavuzu\",\"breadcrumb\":{\"@id\":\"https:\/\/mesalestore.com\/en\/product\/demsu-plus-3-demlikli-siyah-prosmart-tam-akilli-dijital-dokunmatik-cay-kazani\/#breadcrumb\"},\"inLanguage\":\"en-US\",\"potentialAction\":[{\"@type\":\"ReadAction\",\"target\":[\"https:\/\/mesalestore.com\/en\/product\/demsu-plus-3-demlikli-siyah-prosmart-tam-akilli-dijital-dokunmatik-cay-kazani\/\"]}]},{\"@type\":\"ImageObject\",\"inLanguage\":\"en-US\",\"@id\":\"https:\/\/mesalestore.com\/en\/product\/demsu-plus-3-demlikli-siyah-prosmart-tam-akilli-dijital-dokunmatik-cay-kazani\/#primaryimage\",\"url\":\"https:\/\/mesalestore.com\/wp-content\/uploads\/2026\/03\/6058-copy-scaled-e1777970095947.jpg\",\"contentUrl\":\"https:\/\/mesalestore.com\/wp-content\/uploads\/2026\/03\/6058-copy-scaled-e1777970095947.jpg\",\"width\":2560,\"height\":1707},{\"@type\":\"BreadcrumbList\",\"@id\":\"https:\/\/mesalestore.com\/en\/product\/demsu-plus-3-demlikli-siyah-prosmart-tam-akilli-dijital-dokunmatik-cay-kazani\/#breadcrumb\",\"itemListElement\":[{\"@type\":\"ListItem\",\"position\":1,\"name\":\"Anasayfa\",\"item\":\"https:\/\/mesalestore.com\/en\/\"},{\"@type\":\"ListItem\",\"position\":2,\"name\":\"Products\",\"item\":\"https:\/\/mesalestore.com\/en\/shop\/\"},{\"@type\":\"ListItem\",\"position\":3,\"name\":\"Demsu Plus Siyah \u00c7ay Kazan\u0131\"}]},{\"@type\":\"WebSite\",\"@id\":\"https:\/\/mesalestore.com\/en\/#website\",\"url\":\"https:\/\/mesalestore.com\/en\/\",\"name\":\"Me\u015fale Store\",\"description\":\"\",\"publisher\":{\"@id\":\"https:\/\/mesalestore.com\/en\/#organization\"},\"potentialAction\":[{\"@type\":\"SearchAction\",\"target\":{\"@type\":\"EntryPoint\",\"urlTemplate\":\"https:\/\/mesalestore.com\/en\/?s={search_term_string}\"},\"query-input\":{\"@type\":\"PropertyValueSpecification\",\"valueRequired\":true,\"valueName\":\"search_term_string\"}}],\"inLanguage\":\"en-US\"},{\"@type\":\"Organization\",\"@id\":\"https:\/\/mesalestore.com\/en\/#organization\",\"name\":\"Me\u015fale Store\",\"url\":\"https:\/\/mesalestore.com\/en\/\",\"logo\":{\"@type\":\"ImageObject\",\"inLanguage\":\"en-US\",\"@id\":\"https:\/\/mesalestore.com\/en\/#\/schema\/logo\/image\/\",\"url\":\"https:\/\/mesalestore.com\/wp-content\/uploads\/2026\/03\/logo-header-yeni-1.webp\",\"contentUrl\":\"https:\/\/mesalestore.com\/wp-content\/uploads\/2026\/03\/logo-header-yeni-1.webp\",\"width\":419,\"height\":147,\"caption\":\"Me\u015fale Store\"},\"image\":{\"@id\":\"https:\/\/mesalestore.com\/en\/#\/schema\/logo\/image\/\"},\"sameAs\":[\"https:\/\/www.facebook.com\/mesalecay\",\"https:\/\/x.com\/mesalecaykazan\",\"https:\/\/www.instagram.com\/mesalecaykazan\/\"]}]}<\/script>\n<!-- \/ Yoast SEO plugin. -->","yoast_head_json":{"title":"Demsu Plus Siyah \u00c7ay Kazan\u0131 | Me\u015fale Store","description":"\ud83c\udf1f \u00d6ne \u00c7\u0131kan \u00d6zellikler    Prosmart Dokunmatik Panel: Hassas \u0131s\u0131 kontrol\u00fc ve g\u00f6rsel takip sa\u011flayan y\u00fcksek \u00e7\u00f6z\u00fcn\u00fcrl\u00fckl\u00fc dijital ekran.    Estetik ve Dayan\u0131kl\u0131 Tasar\u0131m: \u015e\u0131k siyah g\u00f6vde, paslanmaz \u00e7elik detaylarla birle\u015ferek her t\u00fcrl\u00fc dekorasyona modern bir dokunu\u015f katar.    Otomatik Su Al\u0131m Sistemi: \u015eebeke ba\u011flant\u0131s\u0131 sayesinde suyu otomatik al\u0131r, personelin i\u015f y\u00fck\u00fcn\u00fc azalt\u0131r ve cihaz\u0131n susuz kalmas\u0131n\u0131 engeller.    G\u00fcvenlik Sens\u00f6rleri: Susuz \u00e7al\u0131\u015fmaya kar\u015f\u0131 koruma ve a\u015f\u0131r\u0131 \u0131s\u0131nma emniyeti ile maksimum \u00e7al\u0131\u015fma g\u00fcvenli\u011fi sa\u011flar.   Demsu-Kullan\u0131m-K\u0131lavuzu","robots":{"index":"index","follow":"follow","max-snippet":"max-snippet:-1","max-image-preview":"max-image-preview:large","max-video-preview":"max-video-preview:-1"},"canonical":"https:\/\/mesalestore.com\/en\/product\/demsu-plus-3-demlikli-siyah-prosmart-tam-akilli-dijital-dokunmatik-cay-kazani\/","og_locale":"en_US","og_type":"article","og_title":"Demsu Plus Siyah \u00c7ay Kazan\u0131 | Me\u015fale Store","og_description":"\ud83c\udf1f \u00d6ne \u00c7\u0131kan \u00d6zellikler    Prosmart Dokunmatik Panel: Hassas \u0131s\u0131 kontrol\u00fc ve g\u00f6rsel takip sa\u011flayan y\u00fcksek \u00e7\u00f6z\u00fcn\u00fcrl\u00fckl\u00fc dijital ekran.    Estetik ve Dayan\u0131kl\u0131 Tasar\u0131m: \u015e\u0131k siyah g\u00f6vde, paslanmaz \u00e7elik detaylarla birle\u015ferek her t\u00fcrl\u00fc dekorasyona modern bir dokunu\u015f katar.    Otomatik Su Al\u0131m Sistemi: \u015eebeke ba\u011flant\u0131s\u0131 sayesinde suyu otomatik al\u0131r, personelin i\u015f y\u00fck\u00fcn\u00fc azalt\u0131r ve cihaz\u0131n susuz kalmas\u0131n\u0131 engeller.    G\u00fcvenlik Sens\u00f6rleri: Susuz \u00e7al\u0131\u015fmaya kar\u015f\u0131 koruma ve a\u015f\u0131r\u0131 \u0131s\u0131nma emniyeti ile maksimum \u00e7al\u0131\u015fma g\u00fcvenli\u011fi sa\u011flar.   Demsu-Kullan\u0131m-K\u0131lavuzu","og_url":"https:\/\/mesalestore.com\/en\/product\/demsu-plus-3-demlikli-siyah-prosmart-tam-akilli-dijital-dokunmatik-cay-kazani\/","og_site_name":"Me\u015fale Store","article_publisher":"https:\/\/www.facebook.com\/mesalecay","article_modified_time":"2026-05-06T08:17:57+00:00","og_image":[{"width":2560,"height":1707,"url":"https:\/\/mesalestore.com\/wp-content\/uploads\/2026\/03\/6058-copy-scaled-e1777970095947.jpg","type":"image\/jpeg"}],"twitter_card":"summary_large_image","twitter_site":"@mesalecaykazan","twitter_misc":{"Est. reading time":"1 minute"},"schema":{"@context":"https:\/\/schema.org","@graph":[{"@type":"WebPage","@id":"https:\/\/mesalestore.com\/en\/product\/demsu-plus-3-demlikli-siyah-prosmart-tam-akilli-dijital-dokunmatik-cay-kazani\/","url":"https:\/\/mesalestore.com\/en\/product\/demsu-plus-3-demlikli-siyah-prosmart-tam-akilli-dijital-dokunmatik-cay-kazani\/","name":"Demsu Plus Siyah \u00c7ay Kazan\u0131 | Me\u015fale Store","isPartOf":{"@id":"https:\/\/mesalestore.com\/en\/#website"},"primaryImageOfPage":{"@id":"https:\/\/mesalestore.com\/en\/product\/demsu-plus-3-demlikli-siyah-prosmart-tam-akilli-dijital-dokunmatik-cay-kazani\/#primaryimage"},"image":{"@id":"https:\/\/mesalestore.com\/en\/product\/demsu-plus-3-demlikli-siyah-prosmart-tam-akilli-dijital-dokunmatik-cay-kazani\/#primaryimage"},"thumbnailUrl":"https:\/\/mesalestore.com\/wp-content\/uploads\/2026\/03\/6058-copy-scaled-e1777970095947.jpg","datePublished":"2026-03-04T08:05:21+00:00","dateModified":"2026-05-06T08:17:57+00:00","description":"\ud83c\udf1f \u00d6ne \u00c7\u0131kan \u00d6zellikler Prosmart Dokunmatik Panel: Hassas \u0131s\u0131 kontrol\u00fc ve g\u00f6rsel takip sa\u011flayan y\u00fcksek \u00e7\u00f6z\u00fcn\u00fcrl\u00fckl\u00fc dijital ekran. Estetik ve Dayan\u0131kl\u0131 Tasar\u0131m: \u015e\u0131k siyah g\u00f6vde, paslanmaz \u00e7elik detaylarla birle\u015ferek her t\u00fcrl\u00fc dekorasyona modern bir dokunu\u015f katar. Otomatik Su Al\u0131m Sistemi: \u015eebeke ba\u011flant\u0131s\u0131 sayesinde suyu otomatik al\u0131r, personelin i\u015f y\u00fck\u00fcn\u00fc azalt\u0131r ve cihaz\u0131n susuz kalmas\u0131n\u0131 engeller. G\u00fcvenlik Sens\u00f6rleri: Susuz \u00e7al\u0131\u015fmaya kar\u015f\u0131 koruma ve a\u015f\u0131r\u0131 \u0131s\u0131nma emniyeti ile maksimum \u00e7al\u0131\u015fma g\u00fcvenli\u011fi sa\u011flar. Demsu-Kullan\u0131m-K\u0131lavuzu","breadcrumb":{"@id":"https:\/\/mesalestore.com\/en\/product\/demsu-plus-3-demlikli-siyah-prosmart-tam-akilli-dijital-dokunmatik-cay-kazani\/#breadcrumb"},"inLanguage":"en-US","potentialAction":[{"@type":"ReadAction","target":["https:\/\/mesalestore.com\/en\/product\/demsu-plus-3-demlikli-siyah-prosmart-tam-akilli-dijital-dokunmatik-cay-kazani\/"]}]},{"@type":"ImageObject","inLanguage":"en-US","@id":"https:\/\/mesalestore.com\/en\/product\/demsu-plus-3-demlikli-siyah-prosmart-tam-akilli-dijital-dokunmatik-cay-kazani\/#primaryimage","url":"https:\/\/mesalestore.com\/wp-content\/uploads\/2026\/03\/6058-copy-scaled-e1777970095947.jpg","contentUrl":"https:\/\/mesalestore.com\/wp-content\/uploads\/2026\/03\/6058-copy-scaled-e1777970095947.jpg","width":2560,"height":1707},{"@type":"BreadcrumbList","@id":"https:\/\/mesalestore.com\/en\/product\/demsu-plus-3-demlikli-siyah-prosmart-tam-akilli-dijital-dokunmatik-cay-kazani\/#breadcrumb","itemListElement":[{"@type":"ListItem","position":1,"name":"Anasayfa","item":"https:\/\/mesalestore.com\/en\/"},{"@type":"ListItem","position":2,"name":"Products","item":"https:\/\/mesalestore.com\/en\/shop\/"},{"@type":"ListItem","position":3,"name":"Demsu Plus Siyah \u00c7ay Kazan\u0131"}]},{"@type":"WebSite","@id":"https:\/\/mesalestore.com\/en\/#website","url":"https:\/\/mesalestore.com\/en\/","name":"Me\u015fale Store","description":"","publisher":{"@id":"https:\/\/mesalestore.com\/en\/#organization"},"potentialAction":[{"@type":"SearchAction","target":{"@type":"EntryPoint","urlTemplate":"https:\/\/mesalestore.com\/en\/?s={search_term_string}"},"query-input":{"@type":"PropertyValueSpecification","valueRequired":true,"valueName":"search_term_string"}}],"inLanguage":"en-US"},{"@type":"Organization","@id":"https:\/\/mesalestore.com\/en\/#organization","name":"Me\u015fale Store","url":"https:\/\/mesalestore.com\/en\/","logo":{"@type":"ImageObject","inLanguage":"en-US","@id":"https:\/\/mesalestore.com\/en\/#\/schema\/logo\/image\/","url":"https:\/\/mesalestore.com\/wp-content\/uploads\/2026\/03\/logo-header-yeni-1.webp","contentUrl":"https:\/\/mesalestore.com\/wp-content\/uploads\/2026\/03\/logo-header-yeni-1.webp","width":419,"height":147,"caption":"Me\u015fale Store"},"image":{"@id":"https:\/\/mesalestore.com\/en\/#\/schema\/logo\/image\/"},"sameAs":["https:\/\/www.facebook.com\/mesalecay","https:\/\/x.com\/mesalecaykazan","https:\/\/www.instagram.com\/mesalecaykazan\/"]}]}},"_links":{"self":[{"href":"https:\/\/mesalestore.com\/en\/wp-json\/wp\/v2\/product\/3775","targetHints":{"allow":["GET"]}}],"collection":[{"href":"https:\/\/mesalestore.com\/en\/wp-json\/wp\/v2\/product"}],"about":[{"href":"https:\/\/mesalestore.com\/en\/wp-json\/wp\/v2\/types\/product"}],"replies":[{"embeddable":true,"href":"https:\/\/mesalestore.com\/en\/wp-json\/wp\/v2\/comments?post=3775"}],"wp:featuredmedia":[{"embeddable":true,"href":"https:\/\/mesalestore.com\/en\/wp-json\/wp\/v2\/media\/5718"}],"wp:attachment":[{"href":"https:\/\/mesalestore.com\/en\/wp-json\/wp\/v2\/media?parent=3775"}],"wp:term":[{"taxonomy":"product_brand","embeddable":true,"href":"https:\/\/mesalestore.com\/en\/wp-json\/wp\/v2\/product_brand?post=3775"},{"taxonomy":"product_cat","embeddable":true,"href":"https:\/\/mesalestore.com\/en\/wp-json\/wp\/v2\/product_cat?post=3775"},{"taxonomy":"product_tag","embeddable":true,"href":"https:\/\/mesalestore.com\/en\/wp-json\/wp\/v2\/product_tag?post=3775"}],"curies":[{"name":"wp","href":"https:\/\/api.w.org\/{rel}","templated":true}]}}