{"id":3769,"date":"2026-03-04T11:05:19","date_gmt":"2026-03-04T08:05:19","guid":{"rendered":"https:\/\/mesalestore.com\/product\/mesale-120-cm-bakir-minare-alemi\/"},"modified":"2026-04-11T13:14:42","modified_gmt":"2026-04-11T10:14:42","slug":"mesale-120-cm-bakir-minare-alemi","status":"publish","type":"product","link":"https:\/\/mesalestore.com\/en\/product\/mesale-120-cm-bakir-minare-alemi\/","title":{"rendered":"Me\u015fale 120 Cm Bak\u0131r Minare Alemi"},"content":{"rendered":"<h2 data-path-to-node=\"2\">\ud83c\udf19 Me\u015fale 120 Cm Bak\u0131r Minare Alemi \u2013 \u0130hti\u015faml\u0131 ve Uzun \u00d6m\u00fcrl\u00fc Mimari Zirve<\/h2>\n<p data-path-to-node=\"3\"><b data-path-to-node=\"3\" data-index-in-node=\"0\">Me\u015fale Store<\/b> koleksiyonunun en heybetli par\u00e7alar\u0131ndan biri olan bu 120 cm&#8217;lik minare alemi; y\u00fcksek cami minareleri ve b\u00fcy\u00fck \u00f6l\u00e7ekli dini yap\u0131lar i\u00e7in \u00f6zel olarak tasarlanm\u0131\u015ft\u0131r. Birinci s\u0131n\u0131f bak\u0131r malzemesi ve alt\u0131n sar\u0131s\u0131 \u00f6zel kaplamas\u0131yla, minarenin zirvesinde inanc\u0131n ve zarafetin sembol\u00fc olarak parlar.<\/p>\n<h3 data-path-to-node=\"4\">\ud83d\udca1 S\u0131k\u00e7a Sorulan Sorular<\/h3>\n<table data-path-to-node=\"5\">\n<thead>\n<tr>\n<td><strong>Soru<\/strong><\/td>\n<td><strong>Cevap<\/strong><\/td>\n<\/tr>\n<\/thead>\n<tbody>\n<tr>\n<td><span data-path-to-node=\"5,1,0,0\"><b data-path-to-node=\"5,1,0,0\" data-index-in-node=\"0\">120 cm boyutu hangi yap\u0131lar i\u00e7in uygundur?<\/b><\/span><\/td>\n<td><span data-path-to-node=\"5,1,1,0\">Y\u00fcksek minarelerin zirvesinde uzak mesafelerden dahi net g\u00f6r\u00fcnmesi i\u00e7in tasarlanm\u0131\u015f heybetli bir \u00f6l\u00e7\u00fcd\u00fcr. B\u00fcy\u00fck cami projeleri i\u00e7in en ideal se\u00e7enektir.<\/span><\/td>\n<\/tr>\n<tr>\n<td><span data-path-to-node=\"5,2,0,0\"><b data-path-to-node=\"5,2,0,0\" data-index-in-node=\"0\">Y\u00fcksekte r\u00fczgar ve f\u0131rt\u0131naya dayan\u0131kl\u0131 m\u0131?<\/b><\/span><\/td>\n<td><span data-path-to-node=\"5,2,1,0\">Evet. Aerodinamik formu ve sa\u011flam ba\u011flant\u0131 taban\u0131 sayesinde en sert hava ko\u015fullar\u0131nda bile r\u00fczgar direncine kar\u015f\u0131 tam mukavemet g\u00f6sterir.<\/span><\/td>\n<\/tr>\n<tr>\n<td><span data-path-to-node=\"5,3,0,0\"><b data-path-to-node=\"5,3,0,0\" data-index-in-node=\"0\">Bak\u0131r malzeme olmas\u0131n\u0131n avantaj\u0131 nedir?<\/b><\/span><\/td>\n<td><span data-path-to-node=\"5,3,1,0\">Bak\u0131r, d\u0131\u015f mekan\u0131n zorlu \u015fartlar\u0131na (ya\u011fmur, kar, nem) kar\u015f\u0131 en dayan\u0131kl\u0131 metaldir. Do\u011fal yap\u0131s\u0131 gere\u011fi paslanmaz ve \u00f6m\u00fcrl\u00fck kullan\u0131m sunar.<\/span><\/td>\n<\/tr>\n<tr>\n<td><span data-path-to-node=\"5,4,0,0\"><b data-path-to-node=\"5,4,0,0\" data-index-in-node=\"0\">Zamanla kararma veya renk de\u011fi\u015fimi yapar m\u0131?<\/b><\/span><\/td>\n<td><span data-path-to-node=\"5,4,1,0\">Alemin y\u00fczeyi, parlakl\u0131\u011f\u0131n\u0131 korumas\u0131 i\u00e7in atmosferik \u015fartlara dayan\u0131kl\u0131 \u00f6zel bir koruyucu katman ile kaplanm\u0131\u015ft\u0131r; y\u0131llar ge\u00e7se de g\u00f6rkemini kaybetmez.<\/span><\/td>\n<\/tr>\n<tr>\n<td><span data-path-to-node=\"5,5,0,0\"><b data-path-to-node=\"5,5,0,0\" data-index-in-node=\"0\">Montaj\u0131 nas\u0131l ger\u00e7ekle\u015ftirilir?<\/b><\/span><\/td>\n<td><span data-path-to-node=\"5,5,1,0\">Minare k\u00fclah\u0131n\u0131n u\u00e7 noktas\u0131na tam uyum sa\u011flayacak ba\u011flant\u0131 mekanizmas\u0131na sahiptir. Uzman montaj\u0131 ile sars\u0131nt\u0131lara kar\u015f\u0131 tam g\u00fcvenlik sa\u011flar.<\/span><\/td>\n<\/tr>\n<\/tbody>\n<\/table>","protected":false},"excerpt":{"rendered":"<h5 data-path-to-node=\"7\">\ud83c\udf1f \u00d6ne \u00c7\u0131kan \u00d6zellikler<\/h5>\n<ul data-path-to-node=\"8\">\n<li>\n<p data-path-to-node=\"8,0,0\"><b data-path-to-node=\"8,0,0\" data-index-in-node=\"0\">G\u00f6rkemli Boyut:<\/b> 1.2 metrelik y\u00fcksekli\u011fi ile yap\u0131n\u0131n t\u00fcm mimari g\u00fcc\u00fcn\u00fc zirvede birle\u015ftirir ve estetik bir b\u00fct\u00fcnl\u00fck sa\u011flar.<\/p>\n<\/li>\n<li>\n<p data-path-to-node=\"8,1,0\"><b data-path-to-node=\"8,1,0\" data-index-in-node=\"0\">Kusursuz El \u0130\u015f\u00e7ili\u011fi:<\/b> Geleneksel Sel\u00e7uklu ve Osmanl\u0131 mimari formlar\u0131na sad\u0131k kal\u0131narak, modern \u00fcretim kalitesiyle titizlikle haz\u0131rlanm\u0131\u015ft\u0131r.<\/p>\n<\/li>\n<li>\n<p data-path-to-node=\"8,2,0\"><b data-path-to-node=\"8,2,0\" data-index-in-node=\"0\">Estetik Ay Motifi:<\/b> Alemin zirvesindeki ay fig\u00fcr\u00fc, en zarif hatlarla i\u015flenmi\u015f ve inanc\u0131n sembol\u00fcn\u00fc g\u00f6ky\u00fcz\u00fcyle bulu\u015fturmu\u015ftur.<\/p>\n<\/li>\n<li>\n<p data-path-to-node=\"8,3,0\"><b data-path-to-node=\"8,3,0\" data-index-in-node=\"0\">Maksimum Dayan\u0131kl\u0131l\u0131k:<\/b> Y\u00fcksek safl\u0131kta bak\u0131r g\u00f6vde, sadece bir aksesuar de\u011fil, nesiller boyu kalacak bir mimari mirast\u0131r.<\/p>\n<\/li>\n<\/ul>","protected":false},"featured_media":3807,"comment_status":"closed","ping_status":"closed","template":"","meta":[],"product_brand":[7749],"product_cat":[7974],"product_tag":[7380,7374,7377,7375,7376,7366,7373,7367,7370,7368,7369,7371,7372,7378,7379,7299,7381,7382,16,37,7357,7351,7354,7352,7353,7343,7350,7344,7347,7345,7346,7348,7349,7355,7356,335,7280,7283,7362,7363,7272,7279,7273,7276,7358,7359,7360,7361,7364,7365],"class_list":{"0":"post-3769","1":"product","2":"type-product","3":"status-publish","4":"has-post-thumbnail","6":"product_brand-mesale","7":"product_cat-minare-alemi","8":"product_tag-120-alemi","9":"product_tag-120-bakir","10":"product_tag-120-bakir-alemi","11":"product_tag-120-bakir-minare","12":"product_tag-120-bakir-minare-alemi","13":"product_tag-120-cm","14":"product_tag-120-cm-alemi","15":"product_tag-120-cm-bakir","16":"product_tag-120-cm-bakir-alemi","17":"product_tag-120-cm-bakir-minare","18":"product_tag-120-cm-bakir-minare-alemi","19":"product_tag-120-cm-minare","20":"product_tag-120-cm-minare-alemi","21":"product_tag-120-minare","22":"product_tag-120-minare-alemi","23":"product_tag-cm-bakir","24":"product_tag-cm-bakir-minare","25":"product_tag-cm-bakir-minare-alemi","26":"product_tag-mesale","27":"product_tag-mesale-120","28":"product_tag-mesale-120-alemi","29":"product_tag-mesale-120-bakir","30":"product_tag-mesale-120-bakir-alemi","31":"product_tag-mesale-120-bakir-minare","32":"product_tag-mesale-120-bakir-minare-alemi","33":"product_tag-mesale-120-cm","34":"product_tag-mesale-120-cm-alemi","35":"product_tag-mesale-120-cm-bakir","36":"product_tag-mesale-120-cm-bakir-alemi","37":"product_tag-mesale-120-cm-bakir-minare","38":"product_tag-mesale-120-cm-bakir-minare-alemi","39":"product_tag-mesale-120-cm-minare","40":"product_tag-mesale-120-cm-minare-alemi","41":"product_tag-mesale-120-minare","42":"product_tag-mesale-120-minare-alemi","43":"product_tag-mesale-alemi","44":"product_tag-mesale-bakir","45":"product_tag-mesale-bakir-alemi","46":"product_tag-mesale-bakir-minare","47":"product_tag-mesale-bakir-minare-alemi","48":"product_tag-mesale-cm","49":"product_tag-mesale-cm-alemi","50":"product_tag-mesale-cm-bakir","51":"product_tag-mesale-cm-bakir-alemi","52":"product_tag-mesale-cm-bakir-minare","53":"product_tag-mesale-cm-bakir-minare-alemi","54":"product_tag-mesale-cm-minare","55":"product_tag-mesale-cm-minare-alemi","56":"product_tag-mesale-minare","57":"product_tag-mesale-minare-alemi","59":"first","60":"instock","61":"taxable","62":"shipping-taxable","63":"purchasable","64":"product-type-simple"},"yoast_head":"<!-- This site is optimized with the Yoast SEO plugin v27.1.1 - https:\/\/yoast.com\/product\/yoast-seo-wordpress\/ -->\n<title>Me\u015fale 120 Cm Bak\u0131r Minare Alemi | Me\u015fale Store<\/title>\n<meta name=\"description\" content=\"\ud83c\udf1f \u00d6ne \u00c7\u0131kan \u00d6zellikler    G\u00f6rkemli Boyut: 1.2 metrelik y\u00fcksekli\u011fi ile yap\u0131n\u0131n t\u00fcm mimari g\u00fcc\u00fcn\u00fc zirvede birle\u015ftirir ve estetik bir b\u00fct\u00fcnl\u00fck sa\u011flar.    Kusursuz El \u0130\u015f\u00e7ili\u011fi: Geleneksel Sel\u00e7uklu ve Osmanl\u0131 mimari formlar\u0131na sad\u0131k kal\u0131narak, modern \u00fcretim kalitesiyle titizlikle haz\u0131rlanm\u0131\u015ft\u0131r.    Estetik Ay Motifi: Alemin zirvesindeki ay fig\u00fcr\u00fc, en zarif hatlarla i\u015flenmi\u015f ve inanc\u0131n sembol\u00fcn\u00fc g\u00f6ky\u00fcz\u00fcyle bulu\u015fturmu\u015ftur.    Maksimum Dayan\u0131kl\u0131l\u0131k: Y\u00fcksek safl\u0131kta bak\u0131r g\u00f6vde, sadece bir aksesuar de\u011fil, nesiller boyu kalacak bir mimari mirast\u0131r.\" \/>\n<meta name=\"robots\" content=\"index, follow, max-snippet:-1, max-image-preview:large, max-video-preview:-1\" \/>\n<link rel=\"canonical\" href=\"https:\/\/mesalestore.com\/en\/product\/mesale-120-cm-bakir-minare-alemi\/\" \/>\n<meta property=\"og:locale\" content=\"en_US\" \/>\n<meta property=\"og:type\" content=\"article\" \/>\n<meta property=\"og:title\" content=\"Me\u015fale 120 Cm Bak\u0131r Minare Alemi | Me\u015fale Store\" \/>\n<meta property=\"og:description\" content=\"\ud83c\udf1f \u00d6ne \u00c7\u0131kan \u00d6zellikler    G\u00f6rkemli Boyut: 1.2 metrelik y\u00fcksekli\u011fi ile yap\u0131n\u0131n t\u00fcm mimari g\u00fcc\u00fcn\u00fc zirvede birle\u015ftirir ve estetik bir b\u00fct\u00fcnl\u00fck sa\u011flar.    Kusursuz El \u0130\u015f\u00e7ili\u011fi: Geleneksel Sel\u00e7uklu ve Osmanl\u0131 mimari formlar\u0131na sad\u0131k kal\u0131narak, modern \u00fcretim kalitesiyle titizlikle haz\u0131rlanm\u0131\u015ft\u0131r.    Estetik Ay Motifi: Alemin zirvesindeki ay fig\u00fcr\u00fc, en zarif hatlarla i\u015flenmi\u015f ve inanc\u0131n sembol\u00fcn\u00fc g\u00f6ky\u00fcz\u00fcyle bulu\u015fturmu\u015ftur.    Maksimum Dayan\u0131kl\u0131l\u0131k: Y\u00fcksek safl\u0131kta bak\u0131r g\u00f6vde, sadece bir aksesuar de\u011fil, nesiller boyu kalacak bir mimari mirast\u0131r.\" \/>\n<meta property=\"og:url\" content=\"https:\/\/mesalestore.com\/en\/product\/mesale-120-cm-bakir-minare-alemi\/\" \/>\n<meta property=\"og:site_name\" content=\"Me\u015fale Store\" \/>\n<meta property=\"article:publisher\" content=\"https:\/\/www.facebook.com\/mesalecay\" \/>\n<meta property=\"article:modified_time\" content=\"2026-04-11T10:14:42+00:00\" \/>\n<meta property=\"og:image\" content=\"https:\/\/mesalestore.com\/wp-content\/uploads\/2026\/03\/mesale-120-cm-bakir-minare-alemi-f69184.webp\" \/>\n\t<meta property=\"og:image:width\" content=\"1600\" \/>\n\t<meta property=\"og:image:height\" content=\"1600\" \/>\n\t<meta property=\"og:image:type\" content=\"image\/webp\" \/>\n<meta name=\"twitter:card\" content=\"summary_large_image\" \/>\n<meta name=\"twitter:site\" content=\"@mesalecaykazan\" \/>\n<meta name=\"twitter:label1\" content=\"Est. reading time\" \/>\n\t<meta name=\"twitter:data1\" content=\"2 minutes\" \/>\n<script type=\"application\/ld+json\" class=\"yoast-schema-graph\">{\"@context\":\"https:\/\/schema.org\",\"@graph\":[{\"@type\":\"WebPage\",\"@id\":\"https:\/\/mesalestore.com\/en\/product\/mesale-120-cm-bakir-minare-alemi\/\",\"url\":\"https:\/\/mesalestore.com\/en\/product\/mesale-120-cm-bakir-minare-alemi\/\",\"name\":\"Me\u015fale 120 Cm Bak\u0131r Minare Alemi | Me\u015fale Store\",\"isPartOf\":{\"@id\":\"https:\/\/mesalestore.com\/en\/#website\"},\"primaryImageOfPage\":{\"@id\":\"https:\/\/mesalestore.com\/en\/product\/mesale-120-cm-bakir-minare-alemi\/#primaryimage\"},\"image\":{\"@id\":\"https:\/\/mesalestore.com\/en\/product\/mesale-120-cm-bakir-minare-alemi\/#primaryimage\"},\"thumbnailUrl\":\"https:\/\/mesalestore.com\/wp-content\/uploads\/2026\/03\/mesale-120-cm-bakir-minare-alemi-f69184.webp\",\"datePublished\":\"2026-03-04T08:05:19+00:00\",\"dateModified\":\"2026-04-11T10:14:42+00:00\",\"description\":\"\ud83c\udf1f \u00d6ne \u00c7\u0131kan \u00d6zellikler G\u00f6rkemli Boyut: 1.2 metrelik y\u00fcksekli\u011fi ile yap\u0131n\u0131n t\u00fcm mimari g\u00fcc\u00fcn\u00fc zirvede birle\u015ftirir ve estetik bir b\u00fct\u00fcnl\u00fck sa\u011flar. Kusursuz El \u0130\u015f\u00e7ili\u011fi: Geleneksel Sel\u00e7uklu ve Osmanl\u0131 mimari formlar\u0131na sad\u0131k kal\u0131narak, modern \u00fcretim kalitesiyle titizlikle haz\u0131rlanm\u0131\u015ft\u0131r. Estetik Ay Motifi: Alemin zirvesindeki ay fig\u00fcr\u00fc, en zarif hatlarla i\u015flenmi\u015f ve inanc\u0131n sembol\u00fcn\u00fc g\u00f6ky\u00fcz\u00fcyle bulu\u015fturmu\u015ftur. Maksimum Dayan\u0131kl\u0131l\u0131k: Y\u00fcksek safl\u0131kta bak\u0131r g\u00f6vde, sadece bir aksesuar de\u011fil, nesiller boyu kalacak bir mimari mirast\u0131r.\",\"breadcrumb\":{\"@id\":\"https:\/\/mesalestore.com\/en\/product\/mesale-120-cm-bakir-minare-alemi\/#breadcrumb\"},\"inLanguage\":\"en-US\",\"potentialAction\":[{\"@type\":\"ReadAction\",\"target\":[\"https:\/\/mesalestore.com\/en\/product\/mesale-120-cm-bakir-minare-alemi\/\"]}]},{\"@type\":\"ImageObject\",\"inLanguage\":\"en-US\",\"@id\":\"https:\/\/mesalestore.com\/en\/product\/mesale-120-cm-bakir-minare-alemi\/#primaryimage\",\"url\":\"https:\/\/mesalestore.com\/wp-content\/uploads\/2026\/03\/mesale-120-cm-bakir-minare-alemi-f69184.webp\",\"contentUrl\":\"https:\/\/mesalestore.com\/wp-content\/uploads\/2026\/03\/mesale-120-cm-bakir-minare-alemi-f69184.webp\",\"width\":1600,\"height\":1600},{\"@type\":\"BreadcrumbList\",\"@id\":\"https:\/\/mesalestore.com\/en\/product\/mesale-120-cm-bakir-minare-alemi\/#breadcrumb\",\"itemListElement\":[{\"@type\":\"ListItem\",\"position\":1,\"name\":\"Anasayfa\",\"item\":\"https:\/\/mesalestore.com\/en\/\"},{\"@type\":\"ListItem\",\"position\":2,\"name\":\"Products\",\"item\":\"https:\/\/mesalestore.com\/en\/shop\/\"},{\"@type\":\"ListItem\",\"position\":3,\"name\":\"Me\u015fale 120 Cm Bak\u0131r Minare Alemi\"}]},{\"@type\":\"WebSite\",\"@id\":\"https:\/\/mesalestore.com\/en\/#website\",\"url\":\"https:\/\/mesalestore.com\/en\/\",\"name\":\"Me\u015fale Store\",\"description\":\"\",\"publisher\":{\"@id\":\"https:\/\/mesalestore.com\/en\/#organization\"},\"potentialAction\":[{\"@type\":\"SearchAction\",\"target\":{\"@type\":\"EntryPoint\",\"urlTemplate\":\"https:\/\/mesalestore.com\/en\/?s={search_term_string}\"},\"query-input\":{\"@type\":\"PropertyValueSpecification\",\"valueRequired\":true,\"valueName\":\"search_term_string\"}}],\"inLanguage\":\"en-US\"},{\"@type\":\"Organization\",\"@id\":\"https:\/\/mesalestore.com\/en\/#organization\",\"name\":\"Me\u015fale Store\",\"url\":\"https:\/\/mesalestore.com\/en\/\",\"logo\":{\"@type\":\"ImageObject\",\"inLanguage\":\"en-US\",\"@id\":\"https:\/\/mesalestore.com\/en\/#\/schema\/logo\/image\/\",\"url\":\"https:\/\/mesalestore.com\/wp-content\/uploads\/2026\/03\/logo-header-yeni-1.webp\",\"contentUrl\":\"https:\/\/mesalestore.com\/wp-content\/uploads\/2026\/03\/logo-header-yeni-1.webp\",\"width\":419,\"height\":147,\"caption\":\"Me\u015fale Store\"},\"image\":{\"@id\":\"https:\/\/mesalestore.com\/en\/#\/schema\/logo\/image\/\"},\"sameAs\":[\"https:\/\/www.facebook.com\/mesalecay\",\"https:\/\/x.com\/mesalecaykazan\",\"https:\/\/www.instagram.com\/mesalecaykazan\/\"]}]}<\/script>\n<!-- \/ Yoast SEO plugin. -->","yoast_head_json":{"title":"Me\u015fale 120 Cm Bak\u0131r Minare Alemi | Me\u015fale Store","description":"\ud83c\udf1f \u00d6ne \u00c7\u0131kan \u00d6zellikler    G\u00f6rkemli Boyut: 1.2 metrelik y\u00fcksekli\u011fi ile yap\u0131n\u0131n t\u00fcm mimari g\u00fcc\u00fcn\u00fc zirvede birle\u015ftirir ve estetik bir b\u00fct\u00fcnl\u00fck sa\u011flar.    Kusursuz El \u0130\u015f\u00e7ili\u011fi: Geleneksel Sel\u00e7uklu ve Osmanl\u0131 mimari formlar\u0131na sad\u0131k kal\u0131narak, modern \u00fcretim kalitesiyle titizlikle haz\u0131rlanm\u0131\u015ft\u0131r.    Estetik Ay Motifi: Alemin zirvesindeki ay fig\u00fcr\u00fc, en zarif hatlarla i\u015flenmi\u015f ve inanc\u0131n sembol\u00fcn\u00fc g\u00f6ky\u00fcz\u00fcyle bulu\u015fturmu\u015ftur.    Maksimum Dayan\u0131kl\u0131l\u0131k: Y\u00fcksek safl\u0131kta bak\u0131r g\u00f6vde, sadece bir aksesuar de\u011fil, nesiller boyu kalacak bir mimari mirast\u0131r.","robots":{"index":"index","follow":"follow","max-snippet":"max-snippet:-1","max-image-preview":"max-image-preview:large","max-video-preview":"max-video-preview:-1"},"canonical":"https:\/\/mesalestore.com\/en\/product\/mesale-120-cm-bakir-minare-alemi\/","og_locale":"en_US","og_type":"article","og_title":"Me\u015fale 120 Cm Bak\u0131r Minare Alemi | Me\u015fale Store","og_description":"\ud83c\udf1f \u00d6ne \u00c7\u0131kan \u00d6zellikler    G\u00f6rkemli Boyut: 1.2 metrelik y\u00fcksekli\u011fi ile yap\u0131n\u0131n t\u00fcm mimari g\u00fcc\u00fcn\u00fc zirvede birle\u015ftirir ve estetik bir b\u00fct\u00fcnl\u00fck sa\u011flar.    Kusursuz El \u0130\u015f\u00e7ili\u011fi: Geleneksel Sel\u00e7uklu ve Osmanl\u0131 mimari formlar\u0131na sad\u0131k kal\u0131narak, modern \u00fcretim kalitesiyle titizlikle haz\u0131rlanm\u0131\u015ft\u0131r.    Estetik Ay Motifi: Alemin zirvesindeki ay fig\u00fcr\u00fc, en zarif hatlarla i\u015flenmi\u015f ve inanc\u0131n sembol\u00fcn\u00fc g\u00f6ky\u00fcz\u00fcyle bulu\u015fturmu\u015ftur.    Maksimum Dayan\u0131kl\u0131l\u0131k: Y\u00fcksek safl\u0131kta bak\u0131r g\u00f6vde, sadece bir aksesuar de\u011fil, nesiller boyu kalacak bir mimari mirast\u0131r.","og_url":"https:\/\/mesalestore.com\/en\/product\/mesale-120-cm-bakir-minare-alemi\/","og_site_name":"Me\u015fale Store","article_publisher":"https:\/\/www.facebook.com\/mesalecay","article_modified_time":"2026-04-11T10:14:42+00:00","og_image":[{"width":1600,"height":1600,"url":"https:\/\/mesalestore.com\/wp-content\/uploads\/2026\/03\/mesale-120-cm-bakir-minare-alemi-f69184.webp","type":"image\/webp"}],"twitter_card":"summary_large_image","twitter_site":"@mesalecaykazan","twitter_misc":{"Est. reading time":"2 minutes"},"schema":{"@context":"https:\/\/schema.org","@graph":[{"@type":"WebPage","@id":"https:\/\/mesalestore.com\/en\/product\/mesale-120-cm-bakir-minare-alemi\/","url":"https:\/\/mesalestore.com\/en\/product\/mesale-120-cm-bakir-minare-alemi\/","name":"Me\u015fale 120 Cm Bak\u0131r Minare Alemi | Me\u015fale Store","isPartOf":{"@id":"https:\/\/mesalestore.com\/en\/#website"},"primaryImageOfPage":{"@id":"https:\/\/mesalestore.com\/en\/product\/mesale-120-cm-bakir-minare-alemi\/#primaryimage"},"image":{"@id":"https:\/\/mesalestore.com\/en\/product\/mesale-120-cm-bakir-minare-alemi\/#primaryimage"},"thumbnailUrl":"https:\/\/mesalestore.com\/wp-content\/uploads\/2026\/03\/mesale-120-cm-bakir-minare-alemi-f69184.webp","datePublished":"2026-03-04T08:05:19+00:00","dateModified":"2026-04-11T10:14:42+00:00","description":"\ud83c\udf1f \u00d6ne \u00c7\u0131kan \u00d6zellikler G\u00f6rkemli Boyut: 1.2 metrelik y\u00fcksekli\u011fi ile yap\u0131n\u0131n t\u00fcm mimari g\u00fcc\u00fcn\u00fc zirvede birle\u015ftirir ve estetik bir b\u00fct\u00fcnl\u00fck sa\u011flar. Kusursuz El \u0130\u015f\u00e7ili\u011fi: Geleneksel Sel\u00e7uklu ve Osmanl\u0131 mimari formlar\u0131na sad\u0131k kal\u0131narak, modern \u00fcretim kalitesiyle titizlikle haz\u0131rlanm\u0131\u015ft\u0131r. Estetik Ay Motifi: Alemin zirvesindeki ay fig\u00fcr\u00fc, en zarif hatlarla i\u015flenmi\u015f ve inanc\u0131n sembol\u00fcn\u00fc g\u00f6ky\u00fcz\u00fcyle bulu\u015fturmu\u015ftur. Maksimum Dayan\u0131kl\u0131l\u0131k: Y\u00fcksek safl\u0131kta bak\u0131r g\u00f6vde, sadece bir aksesuar de\u011fil, nesiller boyu kalacak bir mimari mirast\u0131r.","breadcrumb":{"@id":"https:\/\/mesalestore.com\/en\/product\/mesale-120-cm-bakir-minare-alemi\/#breadcrumb"},"inLanguage":"en-US","potentialAction":[{"@type":"ReadAction","target":["https:\/\/mesalestore.com\/en\/product\/mesale-120-cm-bakir-minare-alemi\/"]}]},{"@type":"ImageObject","inLanguage":"en-US","@id":"https:\/\/mesalestore.com\/en\/product\/mesale-120-cm-bakir-minare-alemi\/#primaryimage","url":"https:\/\/mesalestore.com\/wp-content\/uploads\/2026\/03\/mesale-120-cm-bakir-minare-alemi-f69184.webp","contentUrl":"https:\/\/mesalestore.com\/wp-content\/uploads\/2026\/03\/mesale-120-cm-bakir-minare-alemi-f69184.webp","width":1600,"height":1600},{"@type":"BreadcrumbList","@id":"https:\/\/mesalestore.com\/en\/product\/mesale-120-cm-bakir-minare-alemi\/#breadcrumb","itemListElement":[{"@type":"ListItem","position":1,"name":"Anasayfa","item":"https:\/\/mesalestore.com\/en\/"},{"@type":"ListItem","position":2,"name":"Products","item":"https:\/\/mesalestore.com\/en\/shop\/"},{"@type":"ListItem","position":3,"name":"Me\u015fale 120 Cm Bak\u0131r Minare Alemi"}]},{"@type":"WebSite","@id":"https:\/\/mesalestore.com\/en\/#website","url":"https:\/\/mesalestore.com\/en\/","name":"Me\u015fale Store","description":"","publisher":{"@id":"https:\/\/mesalestore.com\/en\/#organization"},"potentialAction":[{"@type":"SearchAction","target":{"@type":"EntryPoint","urlTemplate":"https:\/\/mesalestore.com\/en\/?s={search_term_string}"},"query-input":{"@type":"PropertyValueSpecification","valueRequired":true,"valueName":"search_term_string"}}],"inLanguage":"en-US"},{"@type":"Organization","@id":"https:\/\/mesalestore.com\/en\/#organization","name":"Me\u015fale Store","url":"https:\/\/mesalestore.com\/en\/","logo":{"@type":"ImageObject","inLanguage":"en-US","@id":"https:\/\/mesalestore.com\/en\/#\/schema\/logo\/image\/","url":"https:\/\/mesalestore.com\/wp-content\/uploads\/2026\/03\/logo-header-yeni-1.webp","contentUrl":"https:\/\/mesalestore.com\/wp-content\/uploads\/2026\/03\/logo-header-yeni-1.webp","width":419,"height":147,"caption":"Me\u015fale Store"},"image":{"@id":"https:\/\/mesalestore.com\/en\/#\/schema\/logo\/image\/"},"sameAs":["https:\/\/www.facebook.com\/mesalecay","https:\/\/x.com\/mesalecaykazan","https:\/\/www.instagram.com\/mesalecaykazan\/"]}]}},"_links":{"self":[{"href":"https:\/\/mesalestore.com\/en\/wp-json\/wp\/v2\/product\/3769","targetHints":{"allow":["GET"]}}],"collection":[{"href":"https:\/\/mesalestore.com\/en\/wp-json\/wp\/v2\/product"}],"about":[{"href":"https:\/\/mesalestore.com\/en\/wp-json\/wp\/v2\/types\/product"}],"replies":[{"embeddable":true,"href":"https:\/\/mesalestore.com\/en\/wp-json\/wp\/v2\/comments?post=3769"}],"wp:featuredmedia":[{"embeddable":true,"href":"https:\/\/mesalestore.com\/en\/wp-json\/wp\/v2\/media\/3807"}],"wp:attachment":[{"href":"https:\/\/mesalestore.com\/en\/wp-json\/wp\/v2\/media?parent=3769"}],"wp:term":[{"taxonomy":"product_brand","embeddable":true,"href":"https:\/\/mesalestore.com\/en\/wp-json\/wp\/v2\/product_brand?post=3769"},{"taxonomy":"product_cat","embeddable":true,"href":"https:\/\/mesalestore.com\/en\/wp-json\/wp\/v2\/product_cat?post=3769"},{"taxonomy":"product_tag","embeddable":true,"href":"https:\/\/mesalestore.com\/en\/wp-json\/wp\/v2\/product_tag?post=3769"}],"curies":[{"name":"wp","href":"https:\/\/api.w.org\/{rel}","templated":true}]}}