{"id":3765,"date":"2026-03-04T11:05:19","date_gmt":"2026-03-04T08:05:19","guid":{"rendered":"https:\/\/mesalestore.com\/product\/selale-3-demlikli-selale-logolu-chromat-elektrik-gazli-full-otomatik-cay-kazani\/"},"modified":"2026-05-06T09:43:39","modified_gmt":"2026-05-06T06:43:39","slug":"selale-3-demlikli-selale-logolu-chromat-elektrik-gazli-full-otomatik-cay-kazani","status":"publish","type":"product","link":"https:\/\/mesalestore.com\/en\/product\/selale-3-demlikli-selale-logolu-chromat-elektrik-gazli-full-otomatik-cay-kazani\/","title":{"rendered":"\u015eelale 3 Demlikli \u015eelale Logolu Chromat Elektrik + Gazl\u0131  Full Otomatik \u00c7ay Kazan\u0131"},"content":{"rendered":"<h2 data-path-to-node=\"2\">\u2615 \u015eelale 3 Demlikli Chromat \u2013 Elektrikli + Gazl\u0131 Full Otomatik \u00c7ay Kazan\u0131<\/h2>\n<p data-path-to-node=\"3\"><b data-path-to-node=\"3\" data-index-in-node=\"0\">Me\u015fale Store<\/b> g\u00fcvencesiyle sunulan \u015eelale Chromat serisi, hem elektrik hem de gazla \u00e7al\u0131\u015fabilme \u00f6zelli\u011fi sayesinde i\u015fletmenize kesintisiz \u00e7al\u0131\u015fma \u00f6zg\u00fcrl\u00fc\u011f\u00fc sunar. Full otomatik sistemiyle su seviyesinden \u0131s\u0131 dengesine kadar t\u00fcm s\u00fcreci kendi y\u00f6netir, size sadece taze \u00e7ay servis etmek kal\u0131r.<\/p>\n<h3 data-path-to-node=\"4\">\ud83d\udca1 S\u0131k\u00e7a Sorulan Sorular<\/h3>\n<table data-path-to-node=\"5\">\n<thead>\n<tr>\n<td><strong>Soru<\/strong><\/td>\n<td><strong>Cevap<\/strong><\/td>\n<\/tr>\n<\/thead>\n<tbody>\n<tr>\n<td><span data-path-to-node=\"5,1,0,0\"><b data-path-to-node=\"5,1,0,0\" data-index-in-node=\"0\">&#8220;Full Otomatik&#8221; olmas\u0131 ne sa\u011flar?<\/b><\/span><\/td>\n<td><span data-path-to-node=\"5,1,1,0\">Cihaz, \u015febekeden suyunu otomatik al\u0131r, belirlenen \u0131s\u0131da suyu sabit tutar ve su azald\u0131\u011f\u0131nda sistemi korumaya alarak personelin m\u00fcdahalesine gerek b\u0131rakmaz.<\/span><\/td>\n<\/tr>\n<tr>\n<td><span data-path-to-node=\"5,2,0,0\"><b data-path-to-node=\"5,2,0,0\" data-index-in-node=\"0\">Hem elektrik hem gazl\u0131 olmas\u0131 avantajl\u0131 m\u0131?<\/b><\/span><\/td>\n<td><span data-path-to-node=\"5,2,1,0\">Evet. Elektrik kesintisinde gazla, gaz bitti\u011finde elektrikle \u00e7al\u0131\u015fmaya devam edebilirsiniz. Bu esneklik, yo\u011fun i\u015fletmelerde servisin asla durmamas\u0131n\u0131 sa\u011flar.<\/span><\/td>\n<\/tr>\n<tr>\n<td><span data-path-to-node=\"5,3,0,0\"><b data-path-to-node=\"5,3,0,0\" data-index-in-node=\"0\">Chromat d\u0131\u015f y\u00fczeyin fark\u0131 nedir?<\/b><\/span><\/td>\n<td><span data-path-to-node=\"5,3,1,0\">\u00d6zel Chromat kaplama, y\u00fcksek \u0131s\u0131ya ve darbelere kar\u015f\u0131 ekstra dayan\u0131kl\u0131d\u0131r. Kolay silinebilir yap\u0131s\u0131yla yo\u011fun kullan\u0131mda bile parlakl\u0131\u011f\u0131n\u0131 korur.<\/span><\/td>\n<\/tr>\n<tr>\n<td><span data-path-to-node=\"5,4,0,0\"><b data-path-to-node=\"5,4,0,0\" data-index-in-node=\"0\">Enerji tasarrufu nas\u0131l sa\u011flan\u0131r?<\/b><\/span><\/td>\n<td><span data-path-to-node=\"5,4,1,0\">\u00dcst\u00fcn izolasyon yap\u0131s\u0131 sayesinde i\u00e7 haznedeki \u0131s\u0131y\u0131 d\u0131\u015far\u0131 s\u0131zd\u0131rmaz. Su istenilen dereceye gelince cihaz kendini ekonomik moda al\u0131r.<\/span><\/td>\n<\/tr>\n<tr>\n<td><span data-path-to-node=\"5,5,0,0\"><b data-path-to-node=\"5,5,0,0\" data-index-in-node=\"0\">G\u00fcvenlik emniyeti var m\u0131?<\/b><\/span><\/td>\n<td><span data-path-to-node=\"5,5,1,0\">Gaz emniyet ventili sayesinde alev s\u00f6nmesi durumunda gaz ak\u0131\u015f\u0131n\u0131 otomatik keser. Ayr\u0131ca susuz \u00e7al\u0131\u015fmaya kar\u015f\u0131 tam emniyetlidir.<\/span><\/td>\n<\/tr>\n<\/tbody>\n<\/table>","protected":false},"excerpt":{"rendered":"<h5 data-path-to-node=\"7\">\ud83c\udf1f \u00d6ne \u00c7\u0131kan \u00d6zellikler<\/h5>\n<ul data-path-to-node=\"8\">\n<li>\n<p data-path-to-node=\"8,0,0\"><b data-path-to-node=\"8,0,0\" data-index-in-node=\"0\">\u00c7ift Yak\u0131t Sistemi:<\/b> LPG\/Do\u011falgaz ve Elektrik ile uyumlu hibrit \u00e7al\u0131\u015fma yap\u0131s\u0131.<\/p>\n<\/li>\n<li>\n<p data-path-to-node=\"8,1,0\"><b data-path-to-node=\"8,1,0\" data-index-in-node=\"0\">\u015eelale Logolu \u00d6zel Seri:<\/b> \u015e\u0131k \u015eelale logosu ve modern gri\/f\u00fcme tonlar\u0131ndaki tasar\u0131m\u0131yla her mutfa\u011fa profesyonel bir g\u00f6r\u00fcn\u00fcm katar.<\/p>\n<\/li>\n<li>\n<p data-path-to-node=\"8,2,0\"><b data-path-to-node=\"8,2,0\" data-index-in-node=\"0\">3 Demlikli Y\u00fcksek Kapasite:<\/b> Kafe, restoran ve sosyal tesisler i\u00e7in ideal servis hacmi sunar.<\/p>\n<\/li>\n<li>\n<p data-path-to-node=\"8,3,0\"><b data-path-to-node=\"8,3,0\" data-index-in-node=\"0\">Ar\u0131tmal\u0131 Su Sistemi:<\/b> Dahili su ar\u0131tma ba\u011flant\u0131s\u0131 sayesinde kire\u00e7 olu\u015fumunu minimize eder ve \u00e7ay\u0131n lezzetini korur.<\/p>\n<\/li>\n<\/ul>","protected":false},"featured_media":3804,"comment_status":"closed","ping_status":"closed","template":"","meta":[],"product_brand":[7751],"product_cat":[7771],"product_tag":[1434,4547,4548,6991,6992,6993,6994,7023,7024,7011,7016,7017,7018,7012,7013,7014,7015,6995,7008,7009,6996,7001,7002,7003,6997,6998,6999,7000,7010,7004,7005,7006,7007,7025,7019,7020,7021,7022,7026,7027,7032,7033,7034,7028,7029,7030,7031,7035,7036,7037],"class_list":{"0":"post-3765","1":"product","2":"type-product","3":"status-publish","4":"has-post-thumbnail","6":"product_brand-selale","7":"product_cat-cay-kazanlari","8":"product_tag-selale","9":"product_tag-selale-3","10":"product_tag-selale-3-demlikli","11":"product_tag-selale-3-demlikli-selale","12":"product_tag-selale-3-demlikli-selale-logolu","13":"product_tag-selale-3-demlikli-selale-logolu-chromat","14":"product_tag-selale-3-demlikli-selale-logolu-chromat-elektrik","15":"product_tag-selale-3-demlikli-selale-logolu-chromat-elektrik-cay","16":"product_tag-selale-3-demlikli-selale-logolu-chromat-elektrik-cay-kazani","17":"product_tag-selale-3-demlikli-selale-logolu-chromat-elektrik-full","18":"product_tag-selale-3-demlikli-selale-logolu-chromat-elektrik-full-cay","19":"product_tag-selale-3-demlikli-selale-logolu-chromat-elektrik-full-cay-kazani","20":"product_tag-selale-3-demlikli-selale-logolu-chromat-elektrik-full-kazani","21":"product_tag-selale-3-demlikli-selale-logolu-chromat-elektrik-full-otomatik","22":"product_tag-selale-3-demlikli-selale-logolu-chromat-elektrik-full-otomatik-cay","23":"product_tag-selale-3-demlikli-selale-logolu-chromat-elektrik-full-otomatik-cay-kazani","24":"product_tag-selale-3-demlikli-selale-logolu-chromat-elektrik-full-otomatik-kazani","25":"product_tag-selale-3-demlikli-selale-logolu-chromat-elektrik-gazli","26":"product_tag-selale-3-demlikli-selale-logolu-chromat-elektrik-gazli-cay","27":"product_tag-selale-3-demlikli-selale-logolu-chromat-elektrik-gazli-cay-kazani","28":"product_tag-selale-3-demlikli-selale-logolu-chromat-elektrik-gazli-full","29":"product_tag-selale-3-demlikli-selale-logolu-chromat-elektrik-gazli-full-cay","30":"product_tag-selale-3-demlikli-selale-logolu-chromat-elektrik-gazli-full-cay-kazani","31":"product_tag-selale-3-demlikli-selale-logolu-chromat-elektrik-gazli-full-kazani","32":"product_tag-selale-3-demlikli-selale-logolu-chromat-elektrik-gazli-full-otomatik","33":"product_tag-selale-3-demlikli-selale-logolu-chromat-elektrik-gazli-full-otomatik-cay","34":"product_tag-selale-3-demlikli-selale-logolu-chromat-elektrik-gazli-full-otomatik-cay-kazani","35":"product_tag-selale-3-demlikli-selale-logolu-chromat-elektrik-gazli-full-otomatik-kazani","36":"product_tag-selale-3-demlikli-selale-logolu-chromat-elektrik-gazli-kazani","37":"product_tag-selale-3-demlikli-selale-logolu-chromat-elektrik-gazli-otomatik","38":"product_tag-selale-3-demlikli-selale-logolu-chromat-elektrik-gazli-otomatik-cay","39":"product_tag-selale-3-demlikli-selale-logolu-chromat-elektrik-gazli-otomatik-cay-kazani","40":"product_tag-selale-3-demlikli-selale-logolu-chromat-elektrik-gazli-otomatik-kazani","41":"product_tag-selale-3-demlikli-selale-logolu-chromat-elektrik-kazani","42":"product_tag-selale-3-demlikli-selale-logolu-chromat-elektrik-otomatik","43":"product_tag-selale-3-demlikli-selale-logolu-chromat-elektrik-otomatik-cay","44":"product_tag-selale-3-demlikli-selale-logolu-chromat-elektrik-otomatik-cay-kazani","45":"product_tag-selale-3-demlikli-selale-logolu-chromat-elektrik-otomatik-kazani","46":"product_tag-selale-3-demlikli-selale-logolu-chromat-gazli","47":"product_tag-selale-3-demlikli-selale-logolu-chromat-gazli-full","48":"product_tag-selale-3-demlikli-selale-logolu-chromat-gazli-full-cay","49":"product_tag-selale-3-demlikli-selale-logolu-chromat-gazli-full-cay-kazani","50":"product_tag-selale-3-demlikli-selale-logolu-chromat-gazli-full-kazani","51":"product_tag-selale-3-demlikli-selale-logolu-chromat-gazli-full-otomatik","52":"product_tag-selale-3-demlikli-selale-logolu-chromat-gazli-full-otomatik-cay","53":"product_tag-selale-3-demlikli-selale-logolu-chromat-gazli-full-otomatik-cay-kazani","54":"product_tag-selale-3-demlikli-selale-logolu-chromat-gazli-full-otomatik-kazani","55":"product_tag-selale-3-demlikli-selale-logolu-chromat-gazli-otomatik","56":"product_tag-selale-3-demlikli-selale-logolu-chromat-gazli-otomatik-cay","57":"product_tag-selale-3-demlikli-selale-logolu-chromat-gazli-otomatik-cay-kazani","58":"pa_borular-bakir","59":"pa_demlik-sayisi-2-demlikli","60":"pa_demlik-sayisi-3-demlikli","61":"pa_demlik-sayisi-4-demlikli","62":"pa_govde-chromat","63":"pa_ic-hazne-7933","64":"pa_kahve-gozu-ocagi-var","65":"pa_kapasite-3-demlikli","66":"pa_kullanim-sekli-ustten-demlikli","67":"pa_panel-manuel","68":"pa_sac-kalinligi-7938","69":"pa_samandirali-otomatik-su-alma-var","70":"pa_tesisat-hibrit","71":"pa_yalitim-cam","73":"first","74":"instock","75":"taxable","76":"shipping-taxable","77":"purchasable","78":"product-type-variable"},"yoast_head":"<!-- This site is optimized with the Yoast SEO plugin v27.1.1 - https:\/\/yoast.com\/product\/yoast-seo-wordpress\/ -->\n<title>\u015eelale 3 Demlikli \u015eelale Logolu Chromat Elektrik + Gazl\u0131 Full Otomatik \u00c7ay Kazan\u0131 | Me\u015fale Store<\/title>\n<meta name=\"description\" content=\"\ud83c\udf1f \u00d6ne \u00c7\u0131kan \u00d6zellikler    \u00c7ift Yak\u0131t Sistemi: LPG\/Do\u011falgaz ve Elektrik ile uyumlu hibrit \u00e7al\u0131\u015fma yap\u0131s\u0131.    \u015eelale Logolu \u00d6zel Seri: \u015e\u0131k \u015eelale logosu ve modern gri\/f\u00fcme tonlar\u0131ndaki tasar\u0131m\u0131yla her mutfa\u011fa profesyonel bir g\u00f6r\u00fcn\u00fcm katar.    3 Demlikli Y\u00fcksek Kapasite: Kafe, restoran ve sosyal tesisler i\u00e7in ideal servis hacmi sunar.    Ar\u0131tmal\u0131 Su Sistemi: Dahili su ar\u0131tma ba\u011flant\u0131s\u0131 sayesinde kire\u00e7 olu\u015fumunu minimize eder ve \u00e7ay\u0131n lezzetini korur.\" \/>\n<meta name=\"robots\" content=\"index, follow, max-snippet:-1, max-image-preview:large, max-video-preview:-1\" \/>\n<link rel=\"canonical\" href=\"https:\/\/mesalestore.com\/en\/product\/selale-3-demlikli-selale-logolu-chromat-elektrik-gazli-full-otomatik-cay-kazani\/\" \/>\n<meta property=\"og:locale\" content=\"en_US\" \/>\n<meta property=\"og:type\" content=\"article\" \/>\n<meta property=\"og:title\" content=\"\u015eelale 3 Demlikli \u015eelale Logolu Chromat Elektrik + Gazl\u0131 Full Otomatik \u00c7ay Kazan\u0131 | Me\u015fale Store\" \/>\n<meta property=\"og:description\" content=\"\ud83c\udf1f \u00d6ne \u00c7\u0131kan \u00d6zellikler    \u00c7ift Yak\u0131t Sistemi: LPG\/Do\u011falgaz ve Elektrik ile uyumlu hibrit \u00e7al\u0131\u015fma yap\u0131s\u0131.    \u015eelale Logolu \u00d6zel Seri: \u015e\u0131k \u015eelale logosu ve modern gri\/f\u00fcme tonlar\u0131ndaki tasar\u0131m\u0131yla her mutfa\u011fa profesyonel bir g\u00f6r\u00fcn\u00fcm katar.    3 Demlikli Y\u00fcksek Kapasite: Kafe, restoran ve sosyal tesisler i\u00e7in ideal servis hacmi sunar.    Ar\u0131tmal\u0131 Su Sistemi: Dahili su ar\u0131tma ba\u011flant\u0131s\u0131 sayesinde kire\u00e7 olu\u015fumunu minimize eder ve \u00e7ay\u0131n lezzetini korur.\" \/>\n<meta property=\"og:url\" content=\"https:\/\/mesalestore.com\/en\/product\/selale-3-demlikli-selale-logolu-chromat-elektrik-gazli-full-otomatik-cay-kazani\/\" \/>\n<meta property=\"og:site_name\" content=\"Me\u015fale Store\" \/>\n<meta property=\"article:publisher\" content=\"https:\/\/www.facebook.com\/mesalecay\" \/>\n<meta property=\"article:modified_time\" content=\"2026-05-06T06:43:39+00:00\" \/>\n<meta property=\"og:image\" content=\"https:\/\/mesalestore.com\/wp-content\/uploads\/2026\/03\/selale-3-demlikli-selale-logolu-chroma-9224-.jpeg\" \/>\n\t<meta property=\"og:image:width\" content=\"1600\" \/>\n\t<meta property=\"og:image:height\" content=\"1200\" \/>\n\t<meta property=\"og:image:type\" content=\"image\/jpeg\" \/>\n<meta name=\"twitter:card\" content=\"summary_large_image\" \/>\n<meta name=\"twitter:site\" content=\"@mesalecaykazan\" \/>\n<meta name=\"twitter:label1\" content=\"Est. reading time\" \/>\n\t<meta name=\"twitter:data1\" content=\"2 minutes\" \/>\n<script type=\"application\/ld+json\" class=\"yoast-schema-graph\">{\"@context\":\"https:\/\/schema.org\",\"@graph\":[{\"@type\":\"WebPage\",\"@id\":\"https:\/\/mesalestore.com\/en\/product\/selale-3-demlikli-selale-logolu-chromat-elektrik-gazli-full-otomatik-cay-kazani\/\",\"url\":\"https:\/\/mesalestore.com\/en\/product\/selale-3-demlikli-selale-logolu-chromat-elektrik-gazli-full-otomatik-cay-kazani\/\",\"name\":\"\u015eelale 3 Demlikli \u015eelale Logolu Chromat Elektrik + Gazl\u0131 Full Otomatik \u00c7ay Kazan\u0131 | Me\u015fale Store\",\"isPartOf\":{\"@id\":\"https:\/\/mesalestore.com\/en\/#website\"},\"primaryImageOfPage\":{\"@id\":\"https:\/\/mesalestore.com\/en\/product\/selale-3-demlikli-selale-logolu-chromat-elektrik-gazli-full-otomatik-cay-kazani\/#primaryimage\"},\"image\":{\"@id\":\"https:\/\/mesalestore.com\/en\/product\/selale-3-demlikli-selale-logolu-chromat-elektrik-gazli-full-otomatik-cay-kazani\/#primaryimage\"},\"thumbnailUrl\":\"https:\/\/mesalestore.com\/wp-content\/uploads\/2026\/03\/selale-3-demlikli-selale-logolu-chroma-9224-.jpeg\",\"datePublished\":\"2026-03-04T08:05:19+00:00\",\"dateModified\":\"2026-05-06T06:43:39+00:00\",\"description\":\"\ud83c\udf1f \u00d6ne \u00c7\u0131kan \u00d6zellikler \u00c7ift Yak\u0131t Sistemi: LPG\/Do\u011falgaz ve Elektrik ile uyumlu hibrit \u00e7al\u0131\u015fma yap\u0131s\u0131. \u015eelale Logolu \u00d6zel Seri: \u015e\u0131k \u015eelale logosu ve modern gri\/f\u00fcme tonlar\u0131ndaki tasar\u0131m\u0131yla her mutfa\u011fa profesyonel bir g\u00f6r\u00fcn\u00fcm katar. 3 Demlikli Y\u00fcksek Kapasite: Kafe, restoran ve sosyal tesisler i\u00e7in ideal servis hacmi sunar. Ar\u0131tmal\u0131 Su Sistemi: Dahili su ar\u0131tma ba\u011flant\u0131s\u0131 sayesinde kire\u00e7 olu\u015fumunu minimize eder ve \u00e7ay\u0131n lezzetini korur.\",\"breadcrumb\":{\"@id\":\"https:\/\/mesalestore.com\/en\/product\/selale-3-demlikli-selale-logolu-chromat-elektrik-gazli-full-otomatik-cay-kazani\/#breadcrumb\"},\"inLanguage\":\"en-US\",\"potentialAction\":[{\"@type\":\"ReadAction\",\"target\":[\"https:\/\/mesalestore.com\/en\/product\/selale-3-demlikli-selale-logolu-chromat-elektrik-gazli-full-otomatik-cay-kazani\/\"]}]},{\"@type\":\"ImageObject\",\"inLanguage\":\"en-US\",\"@id\":\"https:\/\/mesalestore.com\/en\/product\/selale-3-demlikli-selale-logolu-chromat-elektrik-gazli-full-otomatik-cay-kazani\/#primaryimage\",\"url\":\"https:\/\/mesalestore.com\/wp-content\/uploads\/2026\/03\/selale-3-demlikli-selale-logolu-chroma-9224-.jpeg\",\"contentUrl\":\"https:\/\/mesalestore.com\/wp-content\/uploads\/2026\/03\/selale-3-demlikli-selale-logolu-chroma-9224-.jpeg\",\"width\":1600,\"height\":1200},{\"@type\":\"BreadcrumbList\",\"@id\":\"https:\/\/mesalestore.com\/en\/product\/selale-3-demlikli-selale-logolu-chromat-elektrik-gazli-full-otomatik-cay-kazani\/#breadcrumb\",\"itemListElement\":[{\"@type\":\"ListItem\",\"position\":1,\"name\":\"Anasayfa\",\"item\":\"https:\/\/mesalestore.com\/en\/\"},{\"@type\":\"ListItem\",\"position\":2,\"name\":\"Products\",\"item\":\"https:\/\/mesalestore.com\/en\/shop\/\"},{\"@type\":\"ListItem\",\"position\":3,\"name\":\"\u015eelale 3 Demlikli \u015eelale Logolu Chromat Elektrik + Gazl\u0131 Full Otomatik \u00c7ay Kazan\u0131\"}]},{\"@type\":\"WebSite\",\"@id\":\"https:\/\/mesalestore.com\/en\/#website\",\"url\":\"https:\/\/mesalestore.com\/en\/\",\"name\":\"Me\u015fale Store\",\"description\":\"\",\"publisher\":{\"@id\":\"https:\/\/mesalestore.com\/en\/#organization\"},\"potentialAction\":[{\"@type\":\"SearchAction\",\"target\":{\"@type\":\"EntryPoint\",\"urlTemplate\":\"https:\/\/mesalestore.com\/en\/?s={search_term_string}\"},\"query-input\":{\"@type\":\"PropertyValueSpecification\",\"valueRequired\":true,\"valueName\":\"search_term_string\"}}],\"inLanguage\":\"en-US\"},{\"@type\":\"Organization\",\"@id\":\"https:\/\/mesalestore.com\/en\/#organization\",\"name\":\"Me\u015fale Store\",\"url\":\"https:\/\/mesalestore.com\/en\/\",\"logo\":{\"@type\":\"ImageObject\",\"inLanguage\":\"en-US\",\"@id\":\"https:\/\/mesalestore.com\/en\/#\/schema\/logo\/image\/\",\"url\":\"https:\/\/mesalestore.com\/wp-content\/uploads\/2026\/03\/logo-header-yeni-1.webp\",\"contentUrl\":\"https:\/\/mesalestore.com\/wp-content\/uploads\/2026\/03\/logo-header-yeni-1.webp\",\"width\":419,\"height\":147,\"caption\":\"Me\u015fale Store\"},\"image\":{\"@id\":\"https:\/\/mesalestore.com\/en\/#\/schema\/logo\/image\/\"},\"sameAs\":[\"https:\/\/www.facebook.com\/mesalecay\",\"https:\/\/x.com\/mesalecaykazan\",\"https:\/\/www.instagram.com\/mesalecaykazan\/\"]}]}<\/script>\n<!-- \/ Yoast SEO plugin. -->","yoast_head_json":{"title":"\u015eelale 3 Demlikli \u015eelale Logolu Chromat Elektrik + Gazl\u0131 Full Otomatik \u00c7ay Kazan\u0131 | Me\u015fale Store","description":"\ud83c\udf1f \u00d6ne \u00c7\u0131kan \u00d6zellikler    \u00c7ift Yak\u0131t Sistemi: LPG\/Do\u011falgaz ve Elektrik ile uyumlu hibrit \u00e7al\u0131\u015fma yap\u0131s\u0131.    \u015eelale Logolu \u00d6zel Seri: \u015e\u0131k \u015eelale logosu ve modern gri\/f\u00fcme tonlar\u0131ndaki tasar\u0131m\u0131yla her mutfa\u011fa profesyonel bir g\u00f6r\u00fcn\u00fcm katar.    3 Demlikli Y\u00fcksek Kapasite: Kafe, restoran ve sosyal tesisler i\u00e7in ideal servis hacmi sunar.    Ar\u0131tmal\u0131 Su Sistemi: Dahili su ar\u0131tma ba\u011flant\u0131s\u0131 sayesinde kire\u00e7 olu\u015fumunu minimize eder ve \u00e7ay\u0131n lezzetini korur.","robots":{"index":"index","follow":"follow","max-snippet":"max-snippet:-1","max-image-preview":"max-image-preview:large","max-video-preview":"max-video-preview:-1"},"canonical":"https:\/\/mesalestore.com\/en\/product\/selale-3-demlikli-selale-logolu-chromat-elektrik-gazli-full-otomatik-cay-kazani\/","og_locale":"en_US","og_type":"article","og_title":"\u015eelale 3 Demlikli \u015eelale Logolu Chromat Elektrik + Gazl\u0131 Full Otomatik \u00c7ay Kazan\u0131 | Me\u015fale Store","og_description":"\ud83c\udf1f \u00d6ne \u00c7\u0131kan \u00d6zellikler    \u00c7ift Yak\u0131t Sistemi: LPG\/Do\u011falgaz ve Elektrik ile uyumlu hibrit \u00e7al\u0131\u015fma yap\u0131s\u0131.    \u015eelale Logolu \u00d6zel Seri: \u015e\u0131k \u015eelale logosu ve modern gri\/f\u00fcme tonlar\u0131ndaki tasar\u0131m\u0131yla her mutfa\u011fa profesyonel bir g\u00f6r\u00fcn\u00fcm katar.    3 Demlikli Y\u00fcksek Kapasite: Kafe, restoran ve sosyal tesisler i\u00e7in ideal servis hacmi sunar.    Ar\u0131tmal\u0131 Su Sistemi: Dahili su ar\u0131tma ba\u011flant\u0131s\u0131 sayesinde kire\u00e7 olu\u015fumunu minimize eder ve \u00e7ay\u0131n lezzetini korur.","og_url":"https:\/\/mesalestore.com\/en\/product\/selale-3-demlikli-selale-logolu-chromat-elektrik-gazli-full-otomatik-cay-kazani\/","og_site_name":"Me\u015fale Store","article_publisher":"https:\/\/www.facebook.com\/mesalecay","article_modified_time":"2026-05-06T06:43:39+00:00","og_image":[{"width":1600,"height":1200,"url":"https:\/\/mesalestore.com\/wp-content\/uploads\/2026\/03\/selale-3-demlikli-selale-logolu-chroma-9224-.jpeg","type":"image\/jpeg"}],"twitter_card":"summary_large_image","twitter_site":"@mesalecaykazan","twitter_misc":{"Est. reading time":"2 minutes"},"schema":{"@context":"https:\/\/schema.org","@graph":[{"@type":"WebPage","@id":"https:\/\/mesalestore.com\/en\/product\/selale-3-demlikli-selale-logolu-chromat-elektrik-gazli-full-otomatik-cay-kazani\/","url":"https:\/\/mesalestore.com\/en\/product\/selale-3-demlikli-selale-logolu-chromat-elektrik-gazli-full-otomatik-cay-kazani\/","name":"\u015eelale 3 Demlikli \u015eelale Logolu Chromat Elektrik + Gazl\u0131 Full Otomatik \u00c7ay Kazan\u0131 | Me\u015fale Store","isPartOf":{"@id":"https:\/\/mesalestore.com\/en\/#website"},"primaryImageOfPage":{"@id":"https:\/\/mesalestore.com\/en\/product\/selale-3-demlikli-selale-logolu-chromat-elektrik-gazli-full-otomatik-cay-kazani\/#primaryimage"},"image":{"@id":"https:\/\/mesalestore.com\/en\/product\/selale-3-demlikli-selale-logolu-chromat-elektrik-gazli-full-otomatik-cay-kazani\/#primaryimage"},"thumbnailUrl":"https:\/\/mesalestore.com\/wp-content\/uploads\/2026\/03\/selale-3-demlikli-selale-logolu-chroma-9224-.jpeg","datePublished":"2026-03-04T08:05:19+00:00","dateModified":"2026-05-06T06:43:39+00:00","description":"\ud83c\udf1f \u00d6ne \u00c7\u0131kan \u00d6zellikler \u00c7ift Yak\u0131t Sistemi: LPG\/Do\u011falgaz ve Elektrik ile uyumlu hibrit \u00e7al\u0131\u015fma yap\u0131s\u0131. \u015eelale Logolu \u00d6zel Seri: \u015e\u0131k \u015eelale logosu ve modern gri\/f\u00fcme tonlar\u0131ndaki tasar\u0131m\u0131yla her mutfa\u011fa profesyonel bir g\u00f6r\u00fcn\u00fcm katar. 3 Demlikli Y\u00fcksek Kapasite: Kafe, restoran ve sosyal tesisler i\u00e7in ideal servis hacmi sunar. Ar\u0131tmal\u0131 Su Sistemi: Dahili su ar\u0131tma ba\u011flant\u0131s\u0131 sayesinde kire\u00e7 olu\u015fumunu minimize eder ve \u00e7ay\u0131n lezzetini korur.","breadcrumb":{"@id":"https:\/\/mesalestore.com\/en\/product\/selale-3-demlikli-selale-logolu-chromat-elektrik-gazli-full-otomatik-cay-kazani\/#breadcrumb"},"inLanguage":"en-US","potentialAction":[{"@type":"ReadAction","target":["https:\/\/mesalestore.com\/en\/product\/selale-3-demlikli-selale-logolu-chromat-elektrik-gazli-full-otomatik-cay-kazani\/"]}]},{"@type":"ImageObject","inLanguage":"en-US","@id":"https:\/\/mesalestore.com\/en\/product\/selale-3-demlikli-selale-logolu-chromat-elektrik-gazli-full-otomatik-cay-kazani\/#primaryimage","url":"https:\/\/mesalestore.com\/wp-content\/uploads\/2026\/03\/selale-3-demlikli-selale-logolu-chroma-9224-.jpeg","contentUrl":"https:\/\/mesalestore.com\/wp-content\/uploads\/2026\/03\/selale-3-demlikli-selale-logolu-chroma-9224-.jpeg","width":1600,"height":1200},{"@type":"BreadcrumbList","@id":"https:\/\/mesalestore.com\/en\/product\/selale-3-demlikli-selale-logolu-chromat-elektrik-gazli-full-otomatik-cay-kazani\/#breadcrumb","itemListElement":[{"@type":"ListItem","position":1,"name":"Anasayfa","item":"https:\/\/mesalestore.com\/en\/"},{"@type":"ListItem","position":2,"name":"Products","item":"https:\/\/mesalestore.com\/en\/shop\/"},{"@type":"ListItem","position":3,"name":"\u015eelale 3 Demlikli \u015eelale Logolu Chromat Elektrik + Gazl\u0131 Full Otomatik \u00c7ay Kazan\u0131"}]},{"@type":"WebSite","@id":"https:\/\/mesalestore.com\/en\/#website","url":"https:\/\/mesalestore.com\/en\/","name":"Me\u015fale Store","description":"","publisher":{"@id":"https:\/\/mesalestore.com\/en\/#organization"},"potentialAction":[{"@type":"SearchAction","target":{"@type":"EntryPoint","urlTemplate":"https:\/\/mesalestore.com\/en\/?s={search_term_string}"},"query-input":{"@type":"PropertyValueSpecification","valueRequired":true,"valueName":"search_term_string"}}],"inLanguage":"en-US"},{"@type":"Organization","@id":"https:\/\/mesalestore.com\/en\/#organization","name":"Me\u015fale Store","url":"https:\/\/mesalestore.com\/en\/","logo":{"@type":"ImageObject","inLanguage":"en-US","@id":"https:\/\/mesalestore.com\/en\/#\/schema\/logo\/image\/","url":"https:\/\/mesalestore.com\/wp-content\/uploads\/2026\/03\/logo-header-yeni-1.webp","contentUrl":"https:\/\/mesalestore.com\/wp-content\/uploads\/2026\/03\/logo-header-yeni-1.webp","width":419,"height":147,"caption":"Me\u015fale Store"},"image":{"@id":"https:\/\/mesalestore.com\/en\/#\/schema\/logo\/image\/"},"sameAs":["https:\/\/www.facebook.com\/mesalecay","https:\/\/x.com\/mesalecaykazan","https:\/\/www.instagram.com\/mesalecaykazan\/"]}]}},"_links":{"self":[{"href":"https:\/\/mesalestore.com\/en\/wp-json\/wp\/v2\/product\/3765","targetHints":{"allow":["GET"]}}],"collection":[{"href":"https:\/\/mesalestore.com\/en\/wp-json\/wp\/v2\/product"}],"about":[{"href":"https:\/\/mesalestore.com\/en\/wp-json\/wp\/v2\/types\/product"}],"replies":[{"embeddable":true,"href":"https:\/\/mesalestore.com\/en\/wp-json\/wp\/v2\/comments?post=3765"}],"wp:featuredmedia":[{"embeddable":true,"href":"https:\/\/mesalestore.com\/en\/wp-json\/wp\/v2\/media\/3804"}],"wp:attachment":[{"href":"https:\/\/mesalestore.com\/en\/wp-json\/wp\/v2\/media?parent=3765"}],"wp:term":[{"taxonomy":"product_brand","embeddable":true,"href":"https:\/\/mesalestore.com\/en\/wp-json\/wp\/v2\/product_brand?post=3765"},{"taxonomy":"product_cat","embeddable":true,"href":"https:\/\/mesalestore.com\/en\/wp-json\/wp\/v2\/product_cat?post=3765"},{"taxonomy":"product_tag","embeddable":true,"href":"https:\/\/mesalestore.com\/en\/wp-json\/wp\/v2\/product_tag?post=3765"}],"curies":[{"name":"wp","href":"https:\/\/api.w.org\/{rel}","templated":true}]}}