{"id":3763,"date":"2026-03-04T11:05:16","date_gmt":"2026-03-04T08:05:16","guid":{"rendered":"https:\/\/mesalestore.com\/product\/demsu-plus-antik-bakir-kumda-kahve-makinesi\/"},"modified":"2026-04-09T14:26:39","modified_gmt":"2026-04-09T11:26:39","slug":"demsu-plus-antik-bakir-kumda-kahve-makinesi","status":"publish","type":"product","link":"https:\/\/mesalestore.com\/en\/product\/demsu-plus-antik-bakir-kumda-kahve-makinesi\/","title":{"rendered":"Demsu Plus Antik Bak\u0131r Kumda Kahve Makinesi"},"content":{"rendered":"<h2 data-path-to-node=\"2\">\u2615 Demsu Plus Antik Bak\u0131r Kumda Kahve Makinesi \u2013 \u00dcst\u00fcn Performans, Geleneksel Sunum<\/h2>\n<p data-path-to-node=\"3\"><b data-path-to-node=\"3\" data-index-in-node=\"0\">Me\u015fale Store<\/b> kalitesiyle sunulan bu \u00fcst segment kumda kahve makinesi, geleneksel T\u00fcrk kahvesi deneyimini profesyonel bir seviyeye ta\u015f\u0131r. Antik bak\u0131r \u00fczerine i\u015flenen zarif motifleri ve geli\u015fmi\u015f teknik \u00f6zellikleriyle i\u015fletmenize hem estetik hem de y\u00fcksek verimlilik katar.<\/p>\n<h3 data-path-to-node=\"4\">\ud83d\udca1 S\u0131k\u00e7a Sorulan Sorular<\/h3>\n<table data-path-to-node=\"5\">\n<thead>\n<tr>\n<td><strong>Soru<\/strong><\/td>\n<td><strong>Cevap<\/strong><\/td>\n<\/tr>\n<\/thead>\n<tbody>\n<tr>\n<td><span data-path-to-node=\"5,1,0,0\"><b data-path-to-node=\"5,1,0,0\" data-index-in-node=\"0\">&#8220;Plus&#8221; serisinin fark\u0131 nedir?<\/b><\/span><\/td>\n<td><span data-path-to-node=\"5,1,1,0\">Plus serisi, geli\u015fmi\u015f \u0131s\u0131 yal\u0131t\u0131m\u0131 ve \u00e7ift kumanda sistemi ile daha hassas \u0131s\u0131 kontrol\u00fc ve enerji verimlili\u011fi sunar.<\/span><\/td>\n<\/tr>\n<tr>\n<td><span data-path-to-node=\"5,2,0,0\"><b data-path-to-node=\"5,2,0,0\" data-index-in-node=\"0\">Ayn\u0131 anda ka\u00e7 kahve pi\u015firilebilir?<\/b><\/span><\/td>\n<td><span data-path-to-node=\"5,2,1,0\">Geni\u015f kum haznesi sayesinde, kumun y\u00fczey alan\u0131na ba\u011fl\u0131 olarak birden fazla cezve ile ayn\u0131 anda servis yapma imkan\u0131 sa\u011flar.<\/span><\/td>\n<\/tr>\n<tr>\n<td><span data-path-to-node=\"5,3,0,0\"><b data-path-to-node=\"5,3,0,0\" data-index-in-node=\"0\">Is\u0131 kontrol\u00fc nas\u0131l sa\u011flan\u0131r?<\/b><\/span><\/td>\n<td><span data-path-to-node=\"5,3,1,0\">Cihaz \u00fczerindeki kademeli termostat d\u00fc\u011fmeleri ile kumun s\u0131cakl\u0131\u011f\u0131n\u0131 servis yo\u011funlu\u011funuza g\u00f6re tam istedi\u011finiz seviyede tutabilirsiniz.<\/span><\/td>\n<\/tr>\n<tr>\n<td><span data-path-to-node=\"5,4,0,0\"><b data-path-to-node=\"5,4,0,0\" data-index-in-node=\"0\">Elektrik sarfiyat\u0131 nas\u0131ld\u0131r?<\/b><\/span><\/td>\n<td><span data-path-to-node=\"5,4,1,0\">\u00d6zel rezistans yap\u0131s\u0131 sayesinde kum h\u0131zla \u0131s\u0131n\u0131r ve ula\u015f\u0131lan s\u0131cakl\u0131k izolasyonlu g\u00f6vde sayesinde uzun s\u00fcre korunarak enerji tasarrufu sa\u011flar.<\/span><\/td>\n<\/tr>\n<tr>\n<td><span data-path-to-node=\"5,5,0,0\"><b data-path-to-node=\"5,5,0,0\" data-index-in-node=\"0\">D\u0131\u015f y\u00fczeydeki motifler silinir mi?<\/b><\/span><\/td>\n<td><span data-path-to-node=\"5,5,1,0\">Hay\u0131r. Y\u00fcksek kaliteli antik bak\u0131r i\u015fleme y\u00fczeyi, \u0131s\u0131nmaya ve mutfak \u015fartlar\u0131na kar\u015f\u0131 son derece dayan\u0131kl\u0131d\u0131r; zamanla solma yapmaz.<\/span><\/td>\n<\/tr>\n<\/tbody>\n<\/table>","protected":false},"excerpt":{"rendered":"<h5 data-path-to-node=\"7\">\ud83c\udf1f \u00d6ne \u00c7\u0131kan \u00d6zellikler<\/h5>\n<ul data-path-to-node=\"8\">\n<li>\n<p data-path-to-node=\"8,0,0\"><b data-path-to-node=\"8,0,0\" data-index-in-node=\"0\">\u00c7ift Kontrol Paneli:<\/b> Cihaz \u00fczerinde yer alan ayr\u0131 kontrol d\u00fc\u011fmeleri sayesinde g\u00fc\u00e7 ve \u0131s\u0131 ayar\u0131 ba\u011f\u0131ms\u0131z olarak y\u00f6netilebilir.<\/p>\n<\/li>\n<li>\n<p data-path-to-node=\"8,1,0\"><b data-path-to-node=\"8,1,0\" data-index-in-node=\"0\">Derin Pi\u015firme Haznesi:<\/b> Kumun \u0131s\u0131y\u0131 her y\u00f6nden cezveye iletmesini sa\u011flayan ideal derinlikteki paslanmaz \u00e7elik i\u00e7 hazne.<\/p>\n<\/li>\n<li>\n<p data-path-to-node=\"8,2,0\"><b data-path-to-node=\"8,2,0\" data-index-in-node=\"0\">G\u00f6z Al\u0131c\u0131 Antik Tasar\u0131m:<\/b> Geleneksel motiflerle zenginle\u015ftirilmi\u015f antik bak\u0131r d\u0131\u015f g\u00f6vde, dekoratif bir odak noktas\u0131 olu\u015fturur.<\/p>\n<\/li>\n<li>\n<p data-path-to-node=\"8,3,0\"><b data-path-to-node=\"8,3,0\" data-index-in-node=\"0\">G\u00fcvenli Kullan\u0131m:<\/b> Is\u0131ya dayan\u0131kl\u0131 ayak yap\u0131s\u0131 ve \u0131\u015f\u0131kl\u0131 uyar\u0131 g\u00f6stergeleri ile mutfakta g\u00fcvenli \u00e7al\u0131\u015fma ortam\u0131 sa\u011flar.<\/p>\n<\/li>\n<\/ul>","protected":false},"featured_media":3814,"comment_status":"closed","ping_status":"closed","template":"","meta":[],"product_brand":[7754],"product_cat":[7978],"product_tag":[],"class_list":{"0":"post-3763","1":"product","2":"type-product","3":"status-publish","4":"has-post-thumbnail","6":"product_brand-demsu-plus","7":"product_cat-icecek-hazirlama","9":"first","10":"instock","11":"taxable","12":"shipping-taxable","13":"purchasable","14":"product-type-simple"},"yoast_head":"<!-- This site is optimized with the Yoast SEO plugin v27.1.1 - https:\/\/yoast.com\/product\/yoast-seo-wordpress\/ -->\n<title>Demsu Plus Antik Bak\u0131r Kumda Kahve Makinesi | Me\u015fale Store<\/title>\n<meta name=\"description\" content=\"\ud83c\udf1f \u00d6ne \u00c7\u0131kan \u00d6zellikler    \u00c7ift Kontrol Paneli: Cihaz \u00fczerinde yer alan ayr\u0131 kontrol d\u00fc\u011fmeleri sayesinde g\u00fc\u00e7 ve \u0131s\u0131 ayar\u0131 ba\u011f\u0131ms\u0131z olarak y\u00f6netilebilir.    Derin Pi\u015firme Haznesi: Kumun \u0131s\u0131y\u0131 her y\u00f6nden cezveye iletmesini sa\u011flayan ideal derinlikteki paslanmaz \u00e7elik i\u00e7 hazne.    G\u00f6z Al\u0131c\u0131 Antik Tasar\u0131m: Geleneksel motiflerle zenginle\u015ftirilmi\u015f antik bak\u0131r d\u0131\u015f g\u00f6vde, dekoratif bir odak noktas\u0131 olu\u015fturur.    G\u00fcvenli Kullan\u0131m: Is\u0131ya dayan\u0131kl\u0131 ayak yap\u0131s\u0131 ve \u0131\u015f\u0131kl\u0131 uyar\u0131 g\u00f6stergeleri ile mutfakta g\u00fcvenli \u00e7al\u0131\u015fma ortam\u0131 sa\u011flar.\" \/>\n<meta name=\"robots\" content=\"index, follow, max-snippet:-1, max-image-preview:large, max-video-preview:-1\" \/>\n<link rel=\"canonical\" href=\"https:\/\/mesalestore.com\/en\/product\/demsu-plus-antik-bakir-kumda-kahve-makinesi\/\" \/>\n<meta property=\"og:locale\" content=\"en_US\" \/>\n<meta property=\"og:type\" content=\"article\" \/>\n<meta property=\"og:title\" content=\"Demsu Plus Antik Bak\u0131r Kumda Kahve Makinesi | Me\u015fale Store\" \/>\n<meta property=\"og:description\" content=\"\ud83c\udf1f \u00d6ne \u00c7\u0131kan \u00d6zellikler    \u00c7ift Kontrol Paneli: Cihaz \u00fczerinde yer alan ayr\u0131 kontrol d\u00fc\u011fmeleri sayesinde g\u00fc\u00e7 ve \u0131s\u0131 ayar\u0131 ba\u011f\u0131ms\u0131z olarak y\u00f6netilebilir.    Derin Pi\u015firme Haznesi: Kumun \u0131s\u0131y\u0131 her y\u00f6nden cezveye iletmesini sa\u011flayan ideal derinlikteki paslanmaz \u00e7elik i\u00e7 hazne.    G\u00f6z Al\u0131c\u0131 Antik Tasar\u0131m: Geleneksel motiflerle zenginle\u015ftirilmi\u015f antik bak\u0131r d\u0131\u015f g\u00f6vde, dekoratif bir odak noktas\u0131 olu\u015fturur.    G\u00fcvenli Kullan\u0131m: Is\u0131ya dayan\u0131kl\u0131 ayak yap\u0131s\u0131 ve \u0131\u015f\u0131kl\u0131 uyar\u0131 g\u00f6stergeleri ile mutfakta g\u00fcvenli \u00e7al\u0131\u015fma ortam\u0131 sa\u011flar.\" \/>\n<meta property=\"og:url\" content=\"https:\/\/mesalestore.com\/en\/product\/demsu-plus-antik-bakir-kumda-kahve-makinesi\/\" \/>\n<meta property=\"og:site_name\" content=\"Me\u015fale Store\" \/>\n<meta property=\"article:publisher\" content=\"https:\/\/www.facebook.com\/mesalecay\" \/>\n<meta property=\"article:modified_time\" content=\"2026-04-09T11:26:39+00:00\" \/>\n<meta property=\"og:image\" content=\"https:\/\/mesalestore.com\/wp-content\/uploads\/2026\/03\/demsu-plus-antik-bakir-kumda-kahve-mak-05c3d4.webp\" \/>\n\t<meta property=\"og:image:width\" content=\"1600\" \/>\n\t<meta property=\"og:image:height\" content=\"1200\" \/>\n\t<meta property=\"og:image:type\" content=\"image\/webp\" \/>\n<meta name=\"twitter:card\" content=\"summary_large_image\" \/>\n<meta name=\"twitter:site\" content=\"@mesalecaykazan\" \/>\n<meta name=\"twitter:label1\" content=\"Est. reading time\" \/>\n\t<meta name=\"twitter:data1\" content=\"1 minute\" \/>\n<script type=\"application\/ld+json\" class=\"yoast-schema-graph\">{\"@context\":\"https:\/\/schema.org\",\"@graph\":[{\"@type\":\"WebPage\",\"@id\":\"https:\/\/mesalestore.com\/en\/product\/demsu-plus-antik-bakir-kumda-kahve-makinesi\/\",\"url\":\"https:\/\/mesalestore.com\/en\/product\/demsu-plus-antik-bakir-kumda-kahve-makinesi\/\",\"name\":\"Demsu Plus Antik Bak\u0131r Kumda Kahve Makinesi | Me\u015fale Store\",\"isPartOf\":{\"@id\":\"https:\/\/mesalestore.com\/en\/#website\"},\"primaryImageOfPage\":{\"@id\":\"https:\/\/mesalestore.com\/en\/product\/demsu-plus-antik-bakir-kumda-kahve-makinesi\/#primaryimage\"},\"image\":{\"@id\":\"https:\/\/mesalestore.com\/en\/product\/demsu-plus-antik-bakir-kumda-kahve-makinesi\/#primaryimage\"},\"thumbnailUrl\":\"https:\/\/mesalestore.com\/wp-content\/uploads\/2026\/03\/demsu-plus-antik-bakir-kumda-kahve-mak-05c3d4.webp\",\"datePublished\":\"2026-03-04T08:05:16+00:00\",\"dateModified\":\"2026-04-09T11:26:39+00:00\",\"description\":\"\ud83c\udf1f \u00d6ne \u00c7\u0131kan \u00d6zellikler \u00c7ift Kontrol Paneli: Cihaz \u00fczerinde yer alan ayr\u0131 kontrol d\u00fc\u011fmeleri sayesinde g\u00fc\u00e7 ve \u0131s\u0131 ayar\u0131 ba\u011f\u0131ms\u0131z olarak y\u00f6netilebilir. Derin Pi\u015firme Haznesi: Kumun \u0131s\u0131y\u0131 her y\u00f6nden cezveye iletmesini sa\u011flayan ideal derinlikteki paslanmaz \u00e7elik i\u00e7 hazne. G\u00f6z Al\u0131c\u0131 Antik Tasar\u0131m: Geleneksel motiflerle zenginle\u015ftirilmi\u015f antik bak\u0131r d\u0131\u015f g\u00f6vde, dekoratif bir odak noktas\u0131 olu\u015fturur. G\u00fcvenli Kullan\u0131m: Is\u0131ya dayan\u0131kl\u0131 ayak yap\u0131s\u0131 ve \u0131\u015f\u0131kl\u0131 uyar\u0131 g\u00f6stergeleri ile mutfakta g\u00fcvenli \u00e7al\u0131\u015fma ortam\u0131 sa\u011flar.\",\"breadcrumb\":{\"@id\":\"https:\/\/mesalestore.com\/en\/product\/demsu-plus-antik-bakir-kumda-kahve-makinesi\/#breadcrumb\"},\"inLanguage\":\"en-US\",\"potentialAction\":[{\"@type\":\"ReadAction\",\"target\":[\"https:\/\/mesalestore.com\/en\/product\/demsu-plus-antik-bakir-kumda-kahve-makinesi\/\"]}]},{\"@type\":\"ImageObject\",\"inLanguage\":\"en-US\",\"@id\":\"https:\/\/mesalestore.com\/en\/product\/demsu-plus-antik-bakir-kumda-kahve-makinesi\/#primaryimage\",\"url\":\"https:\/\/mesalestore.com\/wp-content\/uploads\/2026\/03\/demsu-plus-antik-bakir-kumda-kahve-mak-05c3d4.webp\",\"contentUrl\":\"https:\/\/mesalestore.com\/wp-content\/uploads\/2026\/03\/demsu-plus-antik-bakir-kumda-kahve-mak-05c3d4.webp\",\"width\":1600,\"height\":1200},{\"@type\":\"BreadcrumbList\",\"@id\":\"https:\/\/mesalestore.com\/en\/product\/demsu-plus-antik-bakir-kumda-kahve-makinesi\/#breadcrumb\",\"itemListElement\":[{\"@type\":\"ListItem\",\"position\":1,\"name\":\"Anasayfa\",\"item\":\"https:\/\/mesalestore.com\/en\/\"},{\"@type\":\"ListItem\",\"position\":2,\"name\":\"Products\",\"item\":\"https:\/\/mesalestore.com\/en\/shop\/\"},{\"@type\":\"ListItem\",\"position\":3,\"name\":\"Demsu Plus Antik Bak\u0131r Kumda Kahve Makinesi\"}]},{\"@type\":\"WebSite\",\"@id\":\"https:\/\/mesalestore.com\/en\/#website\",\"url\":\"https:\/\/mesalestore.com\/en\/\",\"name\":\"Me\u015fale Store\",\"description\":\"\",\"publisher\":{\"@id\":\"https:\/\/mesalestore.com\/en\/#organization\"},\"potentialAction\":[{\"@type\":\"SearchAction\",\"target\":{\"@type\":\"EntryPoint\",\"urlTemplate\":\"https:\/\/mesalestore.com\/en\/?s={search_term_string}\"},\"query-input\":{\"@type\":\"PropertyValueSpecification\",\"valueRequired\":true,\"valueName\":\"search_term_string\"}}],\"inLanguage\":\"en-US\"},{\"@type\":\"Organization\",\"@id\":\"https:\/\/mesalestore.com\/en\/#organization\",\"name\":\"Me\u015fale Store\",\"url\":\"https:\/\/mesalestore.com\/en\/\",\"logo\":{\"@type\":\"ImageObject\",\"inLanguage\":\"en-US\",\"@id\":\"https:\/\/mesalestore.com\/en\/#\/schema\/logo\/image\/\",\"url\":\"https:\/\/mesalestore.com\/wp-content\/uploads\/2026\/03\/logo-header-yeni-1.webp\",\"contentUrl\":\"https:\/\/mesalestore.com\/wp-content\/uploads\/2026\/03\/logo-header-yeni-1.webp\",\"width\":419,\"height\":147,\"caption\":\"Me\u015fale Store\"},\"image\":{\"@id\":\"https:\/\/mesalestore.com\/en\/#\/schema\/logo\/image\/\"},\"sameAs\":[\"https:\/\/www.facebook.com\/mesalecay\",\"https:\/\/x.com\/mesalecaykazan\",\"https:\/\/www.instagram.com\/mesalecaykazan\/\"]}]}<\/script>\n<!-- \/ Yoast SEO plugin. -->","yoast_head_json":{"title":"Demsu Plus Antik Bak\u0131r Kumda Kahve Makinesi | Me\u015fale Store","description":"\ud83c\udf1f \u00d6ne \u00c7\u0131kan \u00d6zellikler    \u00c7ift Kontrol Paneli: Cihaz \u00fczerinde yer alan ayr\u0131 kontrol d\u00fc\u011fmeleri sayesinde g\u00fc\u00e7 ve \u0131s\u0131 ayar\u0131 ba\u011f\u0131ms\u0131z olarak y\u00f6netilebilir.    Derin Pi\u015firme Haznesi: Kumun \u0131s\u0131y\u0131 her y\u00f6nden cezveye iletmesini sa\u011flayan ideal derinlikteki paslanmaz \u00e7elik i\u00e7 hazne.    G\u00f6z Al\u0131c\u0131 Antik Tasar\u0131m: Geleneksel motiflerle zenginle\u015ftirilmi\u015f antik bak\u0131r d\u0131\u015f g\u00f6vde, dekoratif bir odak noktas\u0131 olu\u015fturur.    G\u00fcvenli Kullan\u0131m: Is\u0131ya dayan\u0131kl\u0131 ayak yap\u0131s\u0131 ve \u0131\u015f\u0131kl\u0131 uyar\u0131 g\u00f6stergeleri ile mutfakta g\u00fcvenli \u00e7al\u0131\u015fma ortam\u0131 sa\u011flar.","robots":{"index":"index","follow":"follow","max-snippet":"max-snippet:-1","max-image-preview":"max-image-preview:large","max-video-preview":"max-video-preview:-1"},"canonical":"https:\/\/mesalestore.com\/en\/product\/demsu-plus-antik-bakir-kumda-kahve-makinesi\/","og_locale":"en_US","og_type":"article","og_title":"Demsu Plus Antik Bak\u0131r Kumda Kahve Makinesi | Me\u015fale Store","og_description":"\ud83c\udf1f \u00d6ne \u00c7\u0131kan \u00d6zellikler    \u00c7ift Kontrol Paneli: Cihaz \u00fczerinde yer alan ayr\u0131 kontrol d\u00fc\u011fmeleri sayesinde g\u00fc\u00e7 ve \u0131s\u0131 ayar\u0131 ba\u011f\u0131ms\u0131z olarak y\u00f6netilebilir.    Derin Pi\u015firme Haznesi: Kumun \u0131s\u0131y\u0131 her y\u00f6nden cezveye iletmesini sa\u011flayan ideal derinlikteki paslanmaz \u00e7elik i\u00e7 hazne.    G\u00f6z Al\u0131c\u0131 Antik Tasar\u0131m: Geleneksel motiflerle zenginle\u015ftirilmi\u015f antik bak\u0131r d\u0131\u015f g\u00f6vde, dekoratif bir odak noktas\u0131 olu\u015fturur.    G\u00fcvenli Kullan\u0131m: Is\u0131ya dayan\u0131kl\u0131 ayak yap\u0131s\u0131 ve \u0131\u015f\u0131kl\u0131 uyar\u0131 g\u00f6stergeleri ile mutfakta g\u00fcvenli \u00e7al\u0131\u015fma ortam\u0131 sa\u011flar.","og_url":"https:\/\/mesalestore.com\/en\/product\/demsu-plus-antik-bakir-kumda-kahve-makinesi\/","og_site_name":"Me\u015fale Store","article_publisher":"https:\/\/www.facebook.com\/mesalecay","article_modified_time":"2026-04-09T11:26:39+00:00","og_image":[{"width":1600,"height":1200,"url":"https:\/\/mesalestore.com\/wp-content\/uploads\/2026\/03\/demsu-plus-antik-bakir-kumda-kahve-mak-05c3d4.webp","type":"image\/webp"}],"twitter_card":"summary_large_image","twitter_site":"@mesalecaykazan","twitter_misc":{"Est. reading time":"1 minute"},"schema":{"@context":"https:\/\/schema.org","@graph":[{"@type":"WebPage","@id":"https:\/\/mesalestore.com\/en\/product\/demsu-plus-antik-bakir-kumda-kahve-makinesi\/","url":"https:\/\/mesalestore.com\/en\/product\/demsu-plus-antik-bakir-kumda-kahve-makinesi\/","name":"Demsu Plus Antik Bak\u0131r Kumda Kahve Makinesi | Me\u015fale Store","isPartOf":{"@id":"https:\/\/mesalestore.com\/en\/#website"},"primaryImageOfPage":{"@id":"https:\/\/mesalestore.com\/en\/product\/demsu-plus-antik-bakir-kumda-kahve-makinesi\/#primaryimage"},"image":{"@id":"https:\/\/mesalestore.com\/en\/product\/demsu-plus-antik-bakir-kumda-kahve-makinesi\/#primaryimage"},"thumbnailUrl":"https:\/\/mesalestore.com\/wp-content\/uploads\/2026\/03\/demsu-plus-antik-bakir-kumda-kahve-mak-05c3d4.webp","datePublished":"2026-03-04T08:05:16+00:00","dateModified":"2026-04-09T11:26:39+00:00","description":"\ud83c\udf1f \u00d6ne \u00c7\u0131kan \u00d6zellikler \u00c7ift Kontrol Paneli: Cihaz \u00fczerinde yer alan ayr\u0131 kontrol d\u00fc\u011fmeleri sayesinde g\u00fc\u00e7 ve \u0131s\u0131 ayar\u0131 ba\u011f\u0131ms\u0131z olarak y\u00f6netilebilir. Derin Pi\u015firme Haznesi: Kumun \u0131s\u0131y\u0131 her y\u00f6nden cezveye iletmesini sa\u011flayan ideal derinlikteki paslanmaz \u00e7elik i\u00e7 hazne. G\u00f6z Al\u0131c\u0131 Antik Tasar\u0131m: Geleneksel motiflerle zenginle\u015ftirilmi\u015f antik bak\u0131r d\u0131\u015f g\u00f6vde, dekoratif bir odak noktas\u0131 olu\u015fturur. G\u00fcvenli Kullan\u0131m: Is\u0131ya dayan\u0131kl\u0131 ayak yap\u0131s\u0131 ve \u0131\u015f\u0131kl\u0131 uyar\u0131 g\u00f6stergeleri ile mutfakta g\u00fcvenli \u00e7al\u0131\u015fma ortam\u0131 sa\u011flar.","breadcrumb":{"@id":"https:\/\/mesalestore.com\/en\/product\/demsu-plus-antik-bakir-kumda-kahve-makinesi\/#breadcrumb"},"inLanguage":"en-US","potentialAction":[{"@type":"ReadAction","target":["https:\/\/mesalestore.com\/en\/product\/demsu-plus-antik-bakir-kumda-kahve-makinesi\/"]}]},{"@type":"ImageObject","inLanguage":"en-US","@id":"https:\/\/mesalestore.com\/en\/product\/demsu-plus-antik-bakir-kumda-kahve-makinesi\/#primaryimage","url":"https:\/\/mesalestore.com\/wp-content\/uploads\/2026\/03\/demsu-plus-antik-bakir-kumda-kahve-mak-05c3d4.webp","contentUrl":"https:\/\/mesalestore.com\/wp-content\/uploads\/2026\/03\/demsu-plus-antik-bakir-kumda-kahve-mak-05c3d4.webp","width":1600,"height":1200},{"@type":"BreadcrumbList","@id":"https:\/\/mesalestore.com\/en\/product\/demsu-plus-antik-bakir-kumda-kahve-makinesi\/#breadcrumb","itemListElement":[{"@type":"ListItem","position":1,"name":"Anasayfa","item":"https:\/\/mesalestore.com\/en\/"},{"@type":"ListItem","position":2,"name":"Products","item":"https:\/\/mesalestore.com\/en\/shop\/"},{"@type":"ListItem","position":3,"name":"Demsu Plus Antik Bak\u0131r Kumda Kahve Makinesi"}]},{"@type":"WebSite","@id":"https:\/\/mesalestore.com\/en\/#website","url":"https:\/\/mesalestore.com\/en\/","name":"Me\u015fale Store","description":"","publisher":{"@id":"https:\/\/mesalestore.com\/en\/#organization"},"potentialAction":[{"@type":"SearchAction","target":{"@type":"EntryPoint","urlTemplate":"https:\/\/mesalestore.com\/en\/?s={search_term_string}"},"query-input":{"@type":"PropertyValueSpecification","valueRequired":true,"valueName":"search_term_string"}}],"inLanguage":"en-US"},{"@type":"Organization","@id":"https:\/\/mesalestore.com\/en\/#organization","name":"Me\u015fale Store","url":"https:\/\/mesalestore.com\/en\/","logo":{"@type":"ImageObject","inLanguage":"en-US","@id":"https:\/\/mesalestore.com\/en\/#\/schema\/logo\/image\/","url":"https:\/\/mesalestore.com\/wp-content\/uploads\/2026\/03\/logo-header-yeni-1.webp","contentUrl":"https:\/\/mesalestore.com\/wp-content\/uploads\/2026\/03\/logo-header-yeni-1.webp","width":419,"height":147,"caption":"Me\u015fale Store"},"image":{"@id":"https:\/\/mesalestore.com\/en\/#\/schema\/logo\/image\/"},"sameAs":["https:\/\/www.facebook.com\/mesalecay","https:\/\/x.com\/mesalecaykazan","https:\/\/www.instagram.com\/mesalecaykazan\/"]}]}},"_links":{"self":[{"href":"https:\/\/mesalestore.com\/en\/wp-json\/wp\/v2\/product\/3763","targetHints":{"allow":["GET"]}}],"collection":[{"href":"https:\/\/mesalestore.com\/en\/wp-json\/wp\/v2\/product"}],"about":[{"href":"https:\/\/mesalestore.com\/en\/wp-json\/wp\/v2\/types\/product"}],"replies":[{"embeddable":true,"href":"https:\/\/mesalestore.com\/en\/wp-json\/wp\/v2\/comments?post=3763"}],"wp:featuredmedia":[{"embeddable":true,"href":"https:\/\/mesalestore.com\/en\/wp-json\/wp\/v2\/media\/3814"}],"wp:attachment":[{"href":"https:\/\/mesalestore.com\/en\/wp-json\/wp\/v2\/media?parent=3763"}],"wp:term":[{"taxonomy":"product_brand","embeddable":true,"href":"https:\/\/mesalestore.com\/en\/wp-json\/wp\/v2\/product_brand?post=3763"},{"taxonomy":"product_cat","embeddable":true,"href":"https:\/\/mesalestore.com\/en\/wp-json\/wp\/v2\/product_cat?post=3763"},{"taxonomy":"product_tag","embeddable":true,"href":"https:\/\/mesalestore.com\/en\/wp-json\/wp\/v2\/product_tag?post=3763"}],"curies":[{"name":"wp","href":"https:\/\/api.w.org\/{rel}","templated":true}]}}