{"id":3753,"date":"2026-03-04T11:05:11","date_gmt":"2026-03-04T08:05:11","guid":{"rendered":"https:\/\/mesalestore.com\/product\/mesale-3-demlikli-antik-bakir-kiz-kulesi-elektrik-gazli-full-otomatik-cay-kazani\/"},"modified":"2026-05-06T09:27:15","modified_gmt":"2026-05-06T06:27:15","slug":"mesale-3-demlikli-antik-bakir-kiz-kulesi-elektrik-gazli-full-otomatik-cay-kazani","status":"publish","type":"product","link":"https:\/\/mesalestore.com\/en\/product\/mesale-3-demlikli-antik-bakir-kiz-kulesi-elektrik-gazli-full-otomatik-cay-kazani\/","title":{"rendered":"Me\u015fale 3 Demlikli Antik Bak\u0131r K\u0131z Kulesi Elektrik + Gazl\u0131 Full Otomatik \u00c7ay Kazan\u0131"},"content":{"rendered":"<h2 data-path-to-node=\"2\">\u2615 Me\u015fale 3 Demlikli Antik Bak\u0131r \u2013 K\u0131z Kulesi \u0130\u015flemeli Tam Otomatik \u00c7ay Kazan\u0131<\/h2>\n<p data-path-to-node=\"3\"><b data-path-to-node=\"3\" data-index-in-node=\"0\">Me\u015fale Store<\/b> koleksiyonunun en sanatsal par\u00e7alar\u0131ndan biri olan bu 3 demlikli model; antik bak\u0131r \u00fczerine nak\u015fedilmi\u015f K\u0131z Kulesi motifiyle i\u015fletmenize prestijli bir g\u00f6r\u00fcn\u00fcm kazand\u0131r\u0131r. Estetik tasar\u0131m\u0131n\u0131 elektrikli ve gazl\u0131 hibrit \u00e7al\u0131\u015fma sistemiyle birle\u015ftiren bu cihaz, profesyonel mutfaklar i\u00e7in tam otomatik \u00e7\u00f6z\u00fcmler sunar.<\/p>\n<h3 data-path-to-node=\"4\">\ud83d\udca1 S\u0131k\u00e7a Sorulan Sorular<\/h3>\n<table data-path-to-node=\"5\">\n<thead>\n<tr>\n<td><strong>Soru<\/strong><\/td>\n<td><strong>Cevap<\/strong><\/td>\n<\/tr>\n<\/thead>\n<tbody>\n<tr>\n<td><span data-path-to-node=\"5,1,0,0\"><b data-path-to-node=\"5,1,0,0\" data-index-in-node=\"0\">K\u0131z Kulesi i\u015flemesi zamanla silinir mi?<\/b><\/span><\/td>\n<td><span data-path-to-node=\"5,1,1,0\">Hay\u0131r. Antik bak\u0131r \u00fczerine uygulanan i\u015fleme, \u00f6zel bir koruyucu katmana sahiptir; \u0131s\u0131ya ve mutfak ko\u015fullar\u0131na kar\u015f\u0131 son derece dayan\u0131kl\u0131d\u0131r.<\/span><\/td>\n<\/tr>\n<tr>\n<td><span data-path-to-node=\"5,2,0,0\"><b data-path-to-node=\"5,2,0,0\" data-index-in-node=\"0\">&#8220;Full Otomatik&#8221; sistemi ne sa\u011flar?<\/b><\/span><\/td>\n<td><span data-path-to-node=\"5,2,1,0\">Cihaz, suyu \u015febekeden otomatik olarak al\u0131r, s\u0131cakl\u0131\u011f\u0131 belirledi\u011finiz seviyede sabit tutar ve su azald\u0131\u011f\u0131nda kendini korumaya alarak personelin i\u015f y\u00fck\u00fcn\u00fc hafifletir.<\/span><\/td>\n<\/tr>\n<tr>\n<td><span data-path-to-node=\"5,3,0,0\"><b data-path-to-node=\"5,3,0,0\" data-index-in-node=\"0\">Elektrik ve Gaz ayn\u0131 anda kullan\u0131labilir mi?<\/b><\/span><\/td>\n<td><span data-path-to-node=\"5,3,1,0\">Evet. Hibrit yap\u0131s\u0131 sayesinde her iki enerji kayna\u011f\u0131n\u0131 ayn\u0131 anda veya tercihen tek tek kullanabilir, enerji kesintilerinden etkilenmeden servise devam edebilirsiniz.<\/span><\/td>\n<\/tr>\n<tr>\n<td><span data-path-to-node=\"5,4,0,0\"><b data-path-to-node=\"5,4,0,0\" data-index-in-node=\"0\">Hangi tip i\u015fletmeler i\u00e7in idealdir?<\/b><\/span><\/td>\n<td><span data-path-to-node=\"5,4,1,0\">3 demlikli yap\u0131s\u0131 ile orta ve yo\u011fun trafi\u011fe sahip kafeler, restoranlar ve ofis alanlar\u0131 i\u00e7in hem kapasite hem de g\u00f6rsellik a\u00e7\u0131s\u0131ndan m\u00fckemmeldir.<\/span><\/td>\n<\/tr>\n<tr>\n<td><span data-path-to-node=\"5,5,0,0\"><b data-path-to-node=\"5,5,0,0\" data-index-in-node=\"0\">Bak\u0131r y\u00fczey kararma yapar m\u0131?<\/b><\/span><\/td>\n<td><span data-path-to-node=\"5,5,1,0\">\u00d6zel antik bak\u0131r kaplamas\u0131 sayesinde klasik bak\u0131rlara g\u00f6re \u00e7ok daha ge\u00e7 oksitlenir; d\u00fczenli bak\u0131m ile ilk g\u00fcnk\u00fc esteti\u011fini uzun y\u0131llar korur.<\/span><\/td>\n<\/tr>\n<\/tbody>\n<\/table>","protected":false},"excerpt":{"rendered":"<h5 data-path-to-node=\"7\">\ud83c\udf1f \u00d6ne \u00c7\u0131kan \u00d6zellikler<\/h5>\n<ul data-path-to-node=\"8\">\n<li>\n<p data-path-to-node=\"8,0,0\"><b data-path-to-node=\"8,0,0\" data-index-in-node=\"0\">Sanatsal K\u0131z Kulesi Motifi:<\/b> \u0130\u015fletmenizin atmosferini de\u011fi\u015ftirecek, el i\u015f\u00e7ili\u011fi zarafetinde antik bak\u0131r tasar\u0131m.<\/p>\n<\/li>\n<li>\n<p data-path-to-node=\"8,1,0\"><b data-path-to-node=\"8,1,0\" data-index-in-node=\"0\">Tam Otomatik Su Al\u0131m\u0131:<\/b> \u015eebekeye ba\u011flanabilen yap\u0131s\u0131 sayesinde manuel su doldurma zahmetine son verir.<\/p>\n<\/li>\n<li>\n<p data-path-to-node=\"8,2,0\"><b data-path-to-node=\"8,2,0\" data-index-in-node=\"0\">Hibrit Enerji Sistemi:<\/b> Hem elektrikli rezistans hem de gazl\u0131 br\u00fcl\u00f6r sistemi ile her t\u00fcrl\u00fc altyap\u0131ya uyumlu ve ekonomik kullan\u0131m.<\/p>\n<\/li>\n<li><b data-path-to-node=\"8,2,0\" data-index-in-node=\"0\"><a href=\"https:\/\/mesalestore.com\/wp-content\/uploads\/2026\/03\/Demsu-Kullanim-Kilavuzu.pdf\">Demsu-Kullan\u0131m-K\u0131lavuzu<\/a><\/b><\/li>\n<li>\n<p data-path-to-node=\"8,3,0\"><b data-path-to-node=\"8,3,0\" data-index-in-node=\"0\">Dijital Is\u0131 Kontrol\u00fc:<\/b> Suyun s\u0131cakl\u0131\u011f\u0131n\u0131 hassas bir \u015fekilde takip etmenizi sa\u011flayan kontrol paneli ve analog g\u00f6stergeler.<\/p>\n<\/li>\n<li>\n<p data-path-to-node=\"8,4,0\"><b data-path-to-node=\"8,4,0\" data-index-in-node=\"0\">Y\u00fcksek \u0130zolasyon:<\/b> \u0130\u00e7 haznedeki \u0131s\u0131y\u0131 uzun s\u00fcre koruyarak enerji sarfiyat\u0131n\u0131 minimize eden g\u00f6vde yap\u0131s\u0131.<\/p>\n<\/li>\n<\/ul>","protected":false},"featured_media":3816,"comment_status":"closed","ping_status":"closed","template":"","meta":[],"product_brand":[7749],"product_cat":[7771],"product_tag":[16,783,784,785,786,4733,4734,4735,4764,4765,4752,4757,4758,4759,4753,4754,4755,4756,4736,4749,4750,4737,4742,4743,4744,4738,4739,4740,4741,4751,4745,4746,4747,4748,4766,4760,4761,4762,4763,4767,4768,4773,4774,4775,4769,4770,4771,4772,4776,4777],"class_list":{"0":"post-3753","1":"product","2":"type-product","3":"status-publish","4":"has-post-thumbnail","6":"product_brand-mesale","7":"product_cat-cay-kazanlari","8":"product_tag-mesale","9":"product_tag-mesale-3","10":"product_tag-mesale-3-demlikli","11":"product_tag-mesale-3-demlikli-antik","12":"product_tag-mesale-3-demlikli-antik-bakir","13":"product_tag-mesale-3-demlikli-antik-bakir-kiz","14":"product_tag-mesale-3-demlikli-antik-bakir-kiz-kulesi","15":"product_tag-mesale-3-demlikli-antik-bakir-kiz-kulesi-elektrik","16":"product_tag-mesale-3-demlikli-antik-bakir-kiz-kulesi-elektrik-cay","17":"product_tag-mesale-3-demlikli-antik-bakir-kiz-kulesi-elektrik-cay-kazani","18":"product_tag-mesale-3-demlikli-antik-bakir-kiz-kulesi-elektrik-full","19":"product_tag-mesale-3-demlikli-antik-bakir-kiz-kulesi-elektrik-full-cay","20":"product_tag-mesale-3-demlikli-antik-bakir-kiz-kulesi-elektrik-full-cay-kazani","21":"product_tag-mesale-3-demlikli-antik-bakir-kiz-kulesi-elektrik-full-kazani","22":"product_tag-mesale-3-demlikli-antik-bakir-kiz-kulesi-elektrik-full-otomatik","23":"product_tag-mesale-3-demlikli-antik-bakir-kiz-kulesi-elektrik-full-otomatik-cay","24":"product_tag-mesale-3-demlikli-antik-bakir-kiz-kulesi-elektrik-full-otomatik-cay-kazani","25":"product_tag-mesale-3-demlikli-antik-bakir-kiz-kulesi-elektrik-full-otomatik-kazani","26":"product_tag-mesale-3-demlikli-antik-bakir-kiz-kulesi-elektrik-gazli","27":"product_tag-mesale-3-demlikli-antik-bakir-kiz-kulesi-elektrik-gazli-cay","28":"product_tag-mesale-3-demlikli-antik-bakir-kiz-kulesi-elektrik-gazli-cay-kazani","29":"product_tag-mesale-3-demlikli-antik-bakir-kiz-kulesi-elektrik-gazli-full","30":"product_tag-mesale-3-demlikli-antik-bakir-kiz-kulesi-elektrik-gazli-full-cay","31":"product_tag-mesale-3-demlikli-antik-bakir-kiz-kulesi-elektrik-gazli-full-cay-kazani","32":"product_tag-mesale-3-demlikli-antik-bakir-kiz-kulesi-elektrik-gazli-full-kazani","33":"product_tag-mesale-3-demlikli-antik-bakir-kiz-kulesi-elektrik-gazli-full-otomatik","34":"product_tag-mesale-3-demlikli-antik-bakir-kiz-kulesi-elektrik-gazli-full-otomatik-cay","35":"product_tag-mesale-3-demlikli-antik-bakir-kiz-kulesi-elektrik-gazli-full-otomatik-cay-kazani","36":"product_tag-mesale-3-demlikli-antik-bakir-kiz-kulesi-elektrik-gazli-full-otomatik-kazani","37":"product_tag-mesale-3-demlikli-antik-bakir-kiz-kulesi-elektrik-gazli-kazani","38":"product_tag-mesale-3-demlikli-antik-bakir-kiz-kulesi-elektrik-gazli-otomatik","39":"product_tag-mesale-3-demlikli-antik-bakir-kiz-kulesi-elektrik-gazli-otomatik-cay","40":"product_tag-mesale-3-demlikli-antik-bakir-kiz-kulesi-elektrik-gazli-otomatik-cay-kazani","41":"product_tag-mesale-3-demlikli-antik-bakir-kiz-kulesi-elektrik-gazli-otomatik-kazani","42":"product_tag-mesale-3-demlikli-antik-bakir-kiz-kulesi-elektrik-kazani","43":"product_tag-mesale-3-demlikli-antik-bakir-kiz-kulesi-elektrik-otomatik","44":"product_tag-mesale-3-demlikli-antik-bakir-kiz-kulesi-elektrik-otomatik-cay","45":"product_tag-mesale-3-demlikli-antik-bakir-kiz-kulesi-elektrik-otomatik-cay-kazani","46":"product_tag-mesale-3-demlikli-antik-bakir-kiz-kulesi-elektrik-otomatik-kazani","47":"product_tag-mesale-3-demlikli-antik-bakir-kiz-kulesi-gazli","48":"product_tag-mesale-3-demlikli-antik-bakir-kiz-kulesi-gazli-full","49":"product_tag-mesale-3-demlikli-antik-bakir-kiz-kulesi-gazli-full-cay","50":"product_tag-mesale-3-demlikli-antik-bakir-kiz-kulesi-gazli-full-cay-kazani","51":"product_tag-mesale-3-demlikli-antik-bakir-kiz-kulesi-gazli-full-kazani","52":"product_tag-mesale-3-demlikli-antik-bakir-kiz-kulesi-gazli-full-otomatik","53":"product_tag-mesale-3-demlikli-antik-bakir-kiz-kulesi-gazli-full-otomatik-cay","54":"product_tag-mesale-3-demlikli-antik-bakir-kiz-kulesi-gazli-full-otomatik-cay-kazani","55":"product_tag-mesale-3-demlikli-antik-bakir-kiz-kulesi-gazli-full-otomatik-kazani","56":"product_tag-mesale-3-demlikli-antik-bakir-kiz-kulesi-gazli-otomatik","57":"product_tag-mesale-3-demlikli-antik-bakir-kiz-kulesi-gazli-otomatik-cay","58":"pa_borular-bakir","59":"pa_demlik-sayisi-3-demlikli","60":"pa_govde-bakir","61":"pa_ic-hazne-7933","62":"pa_kahve-gozu-ocagi-var","63":"pa_kapasite-3-demlikli","64":"pa_kullanim-sekli-ustten-demlikli","65":"pa_panel-manuel","66":"pa_sac-kalinligi-7938","67":"pa_samandirali-otomatik-su-alma-var","68":"pa_tesisat-hibrit","69":"pa_yalitim-cam","71":"first","72":"instock","73":"taxable","74":"shipping-taxable","75":"purchasable","76":"product-type-variable"},"yoast_head":"<!-- This site is optimized with the Yoast SEO plugin v27.1.1 - https:\/\/yoast.com\/product\/yoast-seo-wordpress\/ -->\n<title>Me\u015fale 3 Demlikli Antik Bak\u0131r K\u0131z Kulesi Elektrik + Gazl\u0131 Full Otomatik \u00c7ay Kazan\u0131 | Me\u015fale Store<\/title>\n<meta name=\"description\" content=\"\ud83c\udf1f \u00d6ne \u00c7\u0131kan \u00d6zellikler    Sanatsal K\u0131z Kulesi Motifi: \u0130\u015fletmenizin atmosferini de\u011fi\u015ftirecek, el i\u015f\u00e7ili\u011fi zarafetinde antik bak\u0131r tasar\u0131m.    Tam Otomatik Su Al\u0131m\u0131: \u015eebekeye ba\u011flanabilen yap\u0131s\u0131 sayesinde manuel su doldurma zahmetine son verir.    Hibrit Enerji Sistemi: Hem elektrikli rezistans hem de gazl\u0131 br\u00fcl\u00f6r sistemi ile her t\u00fcrl\u00fc altyap\u0131ya uyumlu ve ekonomik kullan\u0131m.   Demsu-Kullan\u0131m-K\u0131lavuzu   Dijital Is\u0131 Kontrol\u00fc: Suyun s\u0131cakl\u0131\u011f\u0131n\u0131 hassas bir \u015fekilde takip etmenizi sa\u011flayan kontrol paneli ve analog g\u00f6stergeler.    Y\u00fcksek \u0130zolasyon: \u0130\u00e7 haznedeki \u0131s\u0131y\u0131 uzun s\u00fcre koruyarak enerji sarfiyat\u0131n\u0131 minimize eden g\u00f6vde yap\u0131s\u0131.\" \/>\n<meta name=\"robots\" content=\"index, follow, max-snippet:-1, max-image-preview:large, max-video-preview:-1\" \/>\n<link rel=\"canonical\" href=\"https:\/\/mesalestore.com\/en\/product\/mesale-3-demlikli-antik-bakir-kiz-kulesi-elektrik-gazli-full-otomatik-cay-kazani\/\" \/>\n<meta property=\"og:locale\" content=\"en_US\" \/>\n<meta property=\"og:type\" content=\"article\" \/>\n<meta property=\"og:title\" content=\"Me\u015fale 3 Demlikli Antik Bak\u0131r K\u0131z Kulesi Elektrik + Gazl\u0131 Full Otomatik \u00c7ay Kazan\u0131 | Me\u015fale Store\" \/>\n<meta property=\"og:description\" content=\"\ud83c\udf1f \u00d6ne \u00c7\u0131kan \u00d6zellikler    Sanatsal K\u0131z Kulesi Motifi: \u0130\u015fletmenizin atmosferini de\u011fi\u015ftirecek, el i\u015f\u00e7ili\u011fi zarafetinde antik bak\u0131r tasar\u0131m.    Tam Otomatik Su Al\u0131m\u0131: \u015eebekeye ba\u011flanabilen yap\u0131s\u0131 sayesinde manuel su doldurma zahmetine son verir.    Hibrit Enerji Sistemi: Hem elektrikli rezistans hem de gazl\u0131 br\u00fcl\u00f6r sistemi ile her t\u00fcrl\u00fc altyap\u0131ya uyumlu ve ekonomik kullan\u0131m.   Demsu-Kullan\u0131m-K\u0131lavuzu   Dijital Is\u0131 Kontrol\u00fc: Suyun s\u0131cakl\u0131\u011f\u0131n\u0131 hassas bir \u015fekilde takip etmenizi sa\u011flayan kontrol paneli ve analog g\u00f6stergeler.    Y\u00fcksek \u0130zolasyon: \u0130\u00e7 haznedeki \u0131s\u0131y\u0131 uzun s\u00fcre koruyarak enerji sarfiyat\u0131n\u0131 minimize eden g\u00f6vde yap\u0131s\u0131.\" \/>\n<meta property=\"og:url\" content=\"https:\/\/mesalestore.com\/en\/product\/mesale-3-demlikli-antik-bakir-kiz-kulesi-elektrik-gazli-full-otomatik-cay-kazani\/\" \/>\n<meta property=\"og:site_name\" content=\"Me\u015fale Store\" \/>\n<meta property=\"article:publisher\" content=\"https:\/\/www.facebook.com\/mesalecay\" \/>\n<meta property=\"article:modified_time\" content=\"2026-05-06T06:27:15+00:00\" \/>\n<meta property=\"og:image\" content=\"https:\/\/mesalestore.com\/wp-content\/uploads\/2026\/03\/mesale-3-demlikli-antik-bakir-kiz-kule-d7b55.webp\" \/>\n\t<meta property=\"og:image:width\" content=\"1600\" \/>\n\t<meta property=\"og:image:height\" content=\"1600\" \/>\n\t<meta property=\"og:image:type\" content=\"image\/webp\" \/>\n<meta name=\"twitter:card\" content=\"summary_large_image\" \/>\n<meta name=\"twitter:site\" content=\"@mesalecaykazan\" \/>\n<meta name=\"twitter:label1\" content=\"Est. reading time\" \/>\n\t<meta name=\"twitter:data1\" content=\"2 minutes\" \/>\n<script type=\"application\/ld+json\" class=\"yoast-schema-graph\">{\"@context\":\"https:\/\/schema.org\",\"@graph\":[{\"@type\":\"WebPage\",\"@id\":\"https:\/\/mesalestore.com\/en\/product\/mesale-3-demlikli-antik-bakir-kiz-kulesi-elektrik-gazli-full-otomatik-cay-kazani\/\",\"url\":\"https:\/\/mesalestore.com\/en\/product\/mesale-3-demlikli-antik-bakir-kiz-kulesi-elektrik-gazli-full-otomatik-cay-kazani\/\",\"name\":\"Me\u015fale 3 Demlikli Antik Bak\u0131r K\u0131z Kulesi Elektrik + Gazl\u0131 Full Otomatik \u00c7ay Kazan\u0131 | Me\u015fale Store\",\"isPartOf\":{\"@id\":\"https:\/\/mesalestore.com\/en\/#website\"},\"primaryImageOfPage\":{\"@id\":\"https:\/\/mesalestore.com\/en\/product\/mesale-3-demlikli-antik-bakir-kiz-kulesi-elektrik-gazli-full-otomatik-cay-kazani\/#primaryimage\"},\"image\":{\"@id\":\"https:\/\/mesalestore.com\/en\/product\/mesale-3-demlikli-antik-bakir-kiz-kulesi-elektrik-gazli-full-otomatik-cay-kazani\/#primaryimage\"},\"thumbnailUrl\":\"https:\/\/mesalestore.com\/wp-content\/uploads\/2026\/03\/mesale-3-demlikli-antik-bakir-kiz-kule-d7b55.webp\",\"datePublished\":\"2026-03-04T08:05:11+00:00\",\"dateModified\":\"2026-05-06T06:27:15+00:00\",\"description\":\"\ud83c\udf1f \u00d6ne \u00c7\u0131kan \u00d6zellikler Sanatsal K\u0131z Kulesi Motifi: \u0130\u015fletmenizin atmosferini de\u011fi\u015ftirecek, el i\u015f\u00e7ili\u011fi zarafetinde antik bak\u0131r tasar\u0131m. Tam Otomatik Su Al\u0131m\u0131: \u015eebekeye ba\u011flanabilen yap\u0131s\u0131 sayesinde manuel su doldurma zahmetine son verir. Hibrit Enerji Sistemi: Hem elektrikli rezistans hem de gazl\u0131 br\u00fcl\u00f6r sistemi ile her t\u00fcrl\u00fc altyap\u0131ya uyumlu ve ekonomik kullan\u0131m. Demsu-Kullan\u0131m-K\u0131lavuzu Dijital Is\u0131 Kontrol\u00fc: Suyun s\u0131cakl\u0131\u011f\u0131n\u0131 hassas bir \u015fekilde takip etmenizi sa\u011flayan kontrol paneli ve analog g\u00f6stergeler. Y\u00fcksek \u0130zolasyon: \u0130\u00e7 haznedeki \u0131s\u0131y\u0131 uzun s\u00fcre koruyarak enerji sarfiyat\u0131n\u0131 minimize eden g\u00f6vde yap\u0131s\u0131.\",\"breadcrumb\":{\"@id\":\"https:\/\/mesalestore.com\/en\/product\/mesale-3-demlikli-antik-bakir-kiz-kulesi-elektrik-gazli-full-otomatik-cay-kazani\/#breadcrumb\"},\"inLanguage\":\"en-US\",\"potentialAction\":[{\"@type\":\"ReadAction\",\"target\":[\"https:\/\/mesalestore.com\/en\/product\/mesale-3-demlikli-antik-bakir-kiz-kulesi-elektrik-gazli-full-otomatik-cay-kazani\/\"]}]},{\"@type\":\"ImageObject\",\"inLanguage\":\"en-US\",\"@id\":\"https:\/\/mesalestore.com\/en\/product\/mesale-3-demlikli-antik-bakir-kiz-kulesi-elektrik-gazli-full-otomatik-cay-kazani\/#primaryimage\",\"url\":\"https:\/\/mesalestore.com\/wp-content\/uploads\/2026\/03\/mesale-3-demlikli-antik-bakir-kiz-kule-d7b55.webp\",\"contentUrl\":\"https:\/\/mesalestore.com\/wp-content\/uploads\/2026\/03\/mesale-3-demlikli-antik-bakir-kiz-kule-d7b55.webp\",\"width\":1600,\"height\":1600},{\"@type\":\"BreadcrumbList\",\"@id\":\"https:\/\/mesalestore.com\/en\/product\/mesale-3-demlikli-antik-bakir-kiz-kulesi-elektrik-gazli-full-otomatik-cay-kazani\/#breadcrumb\",\"itemListElement\":[{\"@type\":\"ListItem\",\"position\":1,\"name\":\"Anasayfa\",\"item\":\"https:\/\/mesalestore.com\/en\/\"},{\"@type\":\"ListItem\",\"position\":2,\"name\":\"Products\",\"item\":\"https:\/\/mesalestore.com\/en\/shop\/\"},{\"@type\":\"ListItem\",\"position\":3,\"name\":\"Me\u015fale 3 Demlikli Antik Bak\u0131r K\u0131z Kulesi Elektrik + Gazl\u0131 Full Otomatik \u00c7ay Kazan\u0131\"}]},{\"@type\":\"WebSite\",\"@id\":\"https:\/\/mesalestore.com\/en\/#website\",\"url\":\"https:\/\/mesalestore.com\/en\/\",\"name\":\"Me\u015fale Store\",\"description\":\"\",\"publisher\":{\"@id\":\"https:\/\/mesalestore.com\/en\/#organization\"},\"potentialAction\":[{\"@type\":\"SearchAction\",\"target\":{\"@type\":\"EntryPoint\",\"urlTemplate\":\"https:\/\/mesalestore.com\/en\/?s={search_term_string}\"},\"query-input\":{\"@type\":\"PropertyValueSpecification\",\"valueRequired\":true,\"valueName\":\"search_term_string\"}}],\"inLanguage\":\"en-US\"},{\"@type\":\"Organization\",\"@id\":\"https:\/\/mesalestore.com\/en\/#organization\",\"name\":\"Me\u015fale Store\",\"url\":\"https:\/\/mesalestore.com\/en\/\",\"logo\":{\"@type\":\"ImageObject\",\"inLanguage\":\"en-US\",\"@id\":\"https:\/\/mesalestore.com\/en\/#\/schema\/logo\/image\/\",\"url\":\"https:\/\/mesalestore.com\/wp-content\/uploads\/2026\/03\/logo-header-yeni-1.webp\",\"contentUrl\":\"https:\/\/mesalestore.com\/wp-content\/uploads\/2026\/03\/logo-header-yeni-1.webp\",\"width\":419,\"height\":147,\"caption\":\"Me\u015fale Store\"},\"image\":{\"@id\":\"https:\/\/mesalestore.com\/en\/#\/schema\/logo\/image\/\"},\"sameAs\":[\"https:\/\/www.facebook.com\/mesalecay\",\"https:\/\/x.com\/mesalecaykazan\",\"https:\/\/www.instagram.com\/mesalecaykazan\/\"]}]}<\/script>\n<!-- \/ Yoast SEO plugin. -->","yoast_head_json":{"title":"Me\u015fale 3 Demlikli Antik Bak\u0131r K\u0131z Kulesi Elektrik + Gazl\u0131 Full Otomatik \u00c7ay Kazan\u0131 | Me\u015fale Store","description":"\ud83c\udf1f \u00d6ne \u00c7\u0131kan \u00d6zellikler    Sanatsal K\u0131z Kulesi Motifi: \u0130\u015fletmenizin atmosferini de\u011fi\u015ftirecek, el i\u015f\u00e7ili\u011fi zarafetinde antik bak\u0131r tasar\u0131m.    Tam Otomatik Su Al\u0131m\u0131: \u015eebekeye ba\u011flanabilen yap\u0131s\u0131 sayesinde manuel su doldurma zahmetine son verir.    Hibrit Enerji Sistemi: Hem elektrikli rezistans hem de gazl\u0131 br\u00fcl\u00f6r sistemi ile her t\u00fcrl\u00fc altyap\u0131ya uyumlu ve ekonomik kullan\u0131m.   Demsu-Kullan\u0131m-K\u0131lavuzu   Dijital Is\u0131 Kontrol\u00fc: Suyun s\u0131cakl\u0131\u011f\u0131n\u0131 hassas bir \u015fekilde takip etmenizi sa\u011flayan kontrol paneli ve analog g\u00f6stergeler.    Y\u00fcksek \u0130zolasyon: \u0130\u00e7 haznedeki \u0131s\u0131y\u0131 uzun s\u00fcre koruyarak enerji sarfiyat\u0131n\u0131 minimize eden g\u00f6vde yap\u0131s\u0131.","robots":{"index":"index","follow":"follow","max-snippet":"max-snippet:-1","max-image-preview":"max-image-preview:large","max-video-preview":"max-video-preview:-1"},"canonical":"https:\/\/mesalestore.com\/en\/product\/mesale-3-demlikli-antik-bakir-kiz-kulesi-elektrik-gazli-full-otomatik-cay-kazani\/","og_locale":"en_US","og_type":"article","og_title":"Me\u015fale 3 Demlikli Antik Bak\u0131r K\u0131z Kulesi Elektrik + Gazl\u0131 Full Otomatik \u00c7ay Kazan\u0131 | Me\u015fale Store","og_description":"\ud83c\udf1f \u00d6ne \u00c7\u0131kan \u00d6zellikler    Sanatsal K\u0131z Kulesi Motifi: \u0130\u015fletmenizin atmosferini de\u011fi\u015ftirecek, el i\u015f\u00e7ili\u011fi zarafetinde antik bak\u0131r tasar\u0131m.    Tam Otomatik Su Al\u0131m\u0131: \u015eebekeye ba\u011flanabilen yap\u0131s\u0131 sayesinde manuel su doldurma zahmetine son verir.    Hibrit Enerji Sistemi: Hem elektrikli rezistans hem de gazl\u0131 br\u00fcl\u00f6r sistemi ile her t\u00fcrl\u00fc altyap\u0131ya uyumlu ve ekonomik kullan\u0131m.   Demsu-Kullan\u0131m-K\u0131lavuzu   Dijital Is\u0131 Kontrol\u00fc: Suyun s\u0131cakl\u0131\u011f\u0131n\u0131 hassas bir \u015fekilde takip etmenizi sa\u011flayan kontrol paneli ve analog g\u00f6stergeler.    Y\u00fcksek \u0130zolasyon: \u0130\u00e7 haznedeki \u0131s\u0131y\u0131 uzun s\u00fcre koruyarak enerji sarfiyat\u0131n\u0131 minimize eden g\u00f6vde yap\u0131s\u0131.","og_url":"https:\/\/mesalestore.com\/en\/product\/mesale-3-demlikli-antik-bakir-kiz-kulesi-elektrik-gazli-full-otomatik-cay-kazani\/","og_site_name":"Me\u015fale Store","article_publisher":"https:\/\/www.facebook.com\/mesalecay","article_modified_time":"2026-05-06T06:27:15+00:00","og_image":[{"width":1600,"height":1600,"url":"https:\/\/mesalestore.com\/wp-content\/uploads\/2026\/03\/mesale-3-demlikli-antik-bakir-kiz-kule-d7b55.webp","type":"image\/webp"}],"twitter_card":"summary_large_image","twitter_site":"@mesalecaykazan","twitter_misc":{"Est. reading time":"2 minutes"},"schema":{"@context":"https:\/\/schema.org","@graph":[{"@type":"WebPage","@id":"https:\/\/mesalestore.com\/en\/product\/mesale-3-demlikli-antik-bakir-kiz-kulesi-elektrik-gazli-full-otomatik-cay-kazani\/","url":"https:\/\/mesalestore.com\/en\/product\/mesale-3-demlikli-antik-bakir-kiz-kulesi-elektrik-gazli-full-otomatik-cay-kazani\/","name":"Me\u015fale 3 Demlikli Antik Bak\u0131r K\u0131z Kulesi Elektrik + Gazl\u0131 Full Otomatik \u00c7ay Kazan\u0131 | Me\u015fale Store","isPartOf":{"@id":"https:\/\/mesalestore.com\/en\/#website"},"primaryImageOfPage":{"@id":"https:\/\/mesalestore.com\/en\/product\/mesale-3-demlikli-antik-bakir-kiz-kulesi-elektrik-gazli-full-otomatik-cay-kazani\/#primaryimage"},"image":{"@id":"https:\/\/mesalestore.com\/en\/product\/mesale-3-demlikli-antik-bakir-kiz-kulesi-elektrik-gazli-full-otomatik-cay-kazani\/#primaryimage"},"thumbnailUrl":"https:\/\/mesalestore.com\/wp-content\/uploads\/2026\/03\/mesale-3-demlikli-antik-bakir-kiz-kule-d7b55.webp","datePublished":"2026-03-04T08:05:11+00:00","dateModified":"2026-05-06T06:27:15+00:00","description":"\ud83c\udf1f \u00d6ne \u00c7\u0131kan \u00d6zellikler Sanatsal K\u0131z Kulesi Motifi: \u0130\u015fletmenizin atmosferini de\u011fi\u015ftirecek, el i\u015f\u00e7ili\u011fi zarafetinde antik bak\u0131r tasar\u0131m. Tam Otomatik Su Al\u0131m\u0131: \u015eebekeye ba\u011flanabilen yap\u0131s\u0131 sayesinde manuel su doldurma zahmetine son verir. Hibrit Enerji Sistemi: Hem elektrikli rezistans hem de gazl\u0131 br\u00fcl\u00f6r sistemi ile her t\u00fcrl\u00fc altyap\u0131ya uyumlu ve ekonomik kullan\u0131m. Demsu-Kullan\u0131m-K\u0131lavuzu Dijital Is\u0131 Kontrol\u00fc: Suyun s\u0131cakl\u0131\u011f\u0131n\u0131 hassas bir \u015fekilde takip etmenizi sa\u011flayan kontrol paneli ve analog g\u00f6stergeler. Y\u00fcksek \u0130zolasyon: \u0130\u00e7 haznedeki \u0131s\u0131y\u0131 uzun s\u00fcre koruyarak enerji sarfiyat\u0131n\u0131 minimize eden g\u00f6vde yap\u0131s\u0131.","breadcrumb":{"@id":"https:\/\/mesalestore.com\/en\/product\/mesale-3-demlikli-antik-bakir-kiz-kulesi-elektrik-gazli-full-otomatik-cay-kazani\/#breadcrumb"},"inLanguage":"en-US","potentialAction":[{"@type":"ReadAction","target":["https:\/\/mesalestore.com\/en\/product\/mesale-3-demlikli-antik-bakir-kiz-kulesi-elektrik-gazli-full-otomatik-cay-kazani\/"]}]},{"@type":"ImageObject","inLanguage":"en-US","@id":"https:\/\/mesalestore.com\/en\/product\/mesale-3-demlikli-antik-bakir-kiz-kulesi-elektrik-gazli-full-otomatik-cay-kazani\/#primaryimage","url":"https:\/\/mesalestore.com\/wp-content\/uploads\/2026\/03\/mesale-3-demlikli-antik-bakir-kiz-kule-d7b55.webp","contentUrl":"https:\/\/mesalestore.com\/wp-content\/uploads\/2026\/03\/mesale-3-demlikli-antik-bakir-kiz-kule-d7b55.webp","width":1600,"height":1600},{"@type":"BreadcrumbList","@id":"https:\/\/mesalestore.com\/en\/product\/mesale-3-demlikli-antik-bakir-kiz-kulesi-elektrik-gazli-full-otomatik-cay-kazani\/#breadcrumb","itemListElement":[{"@type":"ListItem","position":1,"name":"Anasayfa","item":"https:\/\/mesalestore.com\/en\/"},{"@type":"ListItem","position":2,"name":"Products","item":"https:\/\/mesalestore.com\/en\/shop\/"},{"@type":"ListItem","position":3,"name":"Me\u015fale 3 Demlikli Antik Bak\u0131r K\u0131z Kulesi Elektrik + Gazl\u0131 Full Otomatik \u00c7ay Kazan\u0131"}]},{"@type":"WebSite","@id":"https:\/\/mesalestore.com\/en\/#website","url":"https:\/\/mesalestore.com\/en\/","name":"Me\u015fale Store","description":"","publisher":{"@id":"https:\/\/mesalestore.com\/en\/#organization"},"potentialAction":[{"@type":"SearchAction","target":{"@type":"EntryPoint","urlTemplate":"https:\/\/mesalestore.com\/en\/?s={search_term_string}"},"query-input":{"@type":"PropertyValueSpecification","valueRequired":true,"valueName":"search_term_string"}}],"inLanguage":"en-US"},{"@type":"Organization","@id":"https:\/\/mesalestore.com\/en\/#organization","name":"Me\u015fale Store","url":"https:\/\/mesalestore.com\/en\/","logo":{"@type":"ImageObject","inLanguage":"en-US","@id":"https:\/\/mesalestore.com\/en\/#\/schema\/logo\/image\/","url":"https:\/\/mesalestore.com\/wp-content\/uploads\/2026\/03\/logo-header-yeni-1.webp","contentUrl":"https:\/\/mesalestore.com\/wp-content\/uploads\/2026\/03\/logo-header-yeni-1.webp","width":419,"height":147,"caption":"Me\u015fale Store"},"image":{"@id":"https:\/\/mesalestore.com\/en\/#\/schema\/logo\/image\/"},"sameAs":["https:\/\/www.facebook.com\/mesalecay","https:\/\/x.com\/mesalecaykazan","https:\/\/www.instagram.com\/mesalecaykazan\/"]}]}},"_links":{"self":[{"href":"https:\/\/mesalestore.com\/en\/wp-json\/wp\/v2\/product\/3753","targetHints":{"allow":["GET"]}}],"collection":[{"href":"https:\/\/mesalestore.com\/en\/wp-json\/wp\/v2\/product"}],"about":[{"href":"https:\/\/mesalestore.com\/en\/wp-json\/wp\/v2\/types\/product"}],"replies":[{"embeddable":true,"href":"https:\/\/mesalestore.com\/en\/wp-json\/wp\/v2\/comments?post=3753"}],"wp:featuredmedia":[{"embeddable":true,"href":"https:\/\/mesalestore.com\/en\/wp-json\/wp\/v2\/media\/3816"}],"wp:attachment":[{"href":"https:\/\/mesalestore.com\/en\/wp-json\/wp\/v2\/media?parent=3753"}],"wp:term":[{"taxonomy":"product_brand","embeddable":true,"href":"https:\/\/mesalestore.com\/en\/wp-json\/wp\/v2\/product_brand?post=3753"},{"taxonomy":"product_cat","embeddable":true,"href":"https:\/\/mesalestore.com\/en\/wp-json\/wp\/v2\/product_cat?post=3753"},{"taxonomy":"product_tag","embeddable":true,"href":"https:\/\/mesalestore.com\/en\/wp-json\/wp\/v2\/product_tag?post=3753"}],"curies":[{"name":"wp","href":"https:\/\/api.w.org\/{rel}","templated":true}]}}