{"id":3737,"date":"2026-03-04T11:05:04","date_gmt":"2026-03-04T08:05:04","guid":{"rendered":"https:\/\/mesalestore.com\/product\/mizan-40-cmlik-26-litre-elektrik-gazli-kahveci-kazani\/"},"modified":"2026-04-11T00:59:10","modified_gmt":"2026-04-10T21:59:10","slug":"mizan-40-cmlik-26-litre-elektrik-gazli-kahveci-kazani","status":"publish","type":"product","link":"https:\/\/mesalestore.com\/en\/product\/mizan-40-cmlik-26-litre-elektrik-gazli-kahveci-kazani\/","title":{"rendered":"Mizan 40 Cm&#8217;lik 26 Litre Elektrik + Gazl\u0131 Kahveci Kazan\u0131"},"content":{"rendered":"<p><strong>Mizan 40 Cm&#8217;lik &#8211; 26 Litre Elektrik + Gazl\u0131 Kahveci Kazan\u0131<\/strong>, <strong>26 litre kapasitesi<\/strong> ve <strong>40 cm geni\u015fli\u011fi<\/strong> ile b\u00fcy\u00fck \u00f6l\u00e7ekli i\u015fletmelerde h\u0131zl\u0131 ve verimli kahve \u00fcretimi sa\u011flar. <strong>Elektrik ve gazl\u0131 \u00e7al\u0131\u015fma \u00f6zelli\u011fi<\/strong>, esneklik sunarak enerji kaynaklar\u0131na g\u00f6re kolayca adapte olur. <strong>Paslanmaz \u00e7elik yap\u0131s\u0131<\/strong>, uzun \u00f6m\u00fcrl\u00fc kullan\u0131m ve hijyenik ortam sa\u011flar. Hem <strong>elektrikli kahveci kazan\u0131<\/strong> hem de <strong>gazl\u0131 kahveci kazan\u0131<\/strong> olarak, y\u00fcksek performansl\u0131 \u0131s\u0131nma sa\u011flar ve enerji verimlili\u011fi sunar. <strong>Kafeler<\/strong> ve <strong>restoranlar<\/strong> gibi i\u015fletmelerde s\u00fcrekli kahve \u00fcretimi i\u00e7in ideal bir se\u00e7enektir. <strong>Otomatik kahve kazan\u0131<\/strong> fonksiyonu, kullan\u0131c\u0131 dostu ve y\u00fcksek verimli bir deneyim sa\u011flar.<\/p>","protected":false},"excerpt":{"rendered":"<p>Mizan 40 Cm&#8217;lik &#8211; 26 Litre Elektrik + Gazl\u0131 Kahveci Kazan\u0131, 26 litre kapasitesi ve 40 cm geni\u015fli\u011fi ile b\u00fcy\u00fck \u00f6l\u00e7ekli i\u015fletmelerde h\u0131zl\u0131 ve verimli kahve \u00fcretimi sa\u011flar. Elektrik ve gazl\u0131 \u00e7al\u0131\u015fma \u00f6zelli\u011fi, esneklik sunarak enerji kaynaklar\u0131na g\u00f6re kolayca adapte olur. Paslanmaz \u00e7elik yap\u0131s\u0131, uzun \u00f6m\u00fcrl\u00fc kullan\u0131m ve hijyenik ortam sa\u011flar. Hem elektrikli kahveci kazan\u0131 [&hellip;]<\/p>\n","protected":false},"featured_media":3830,"comment_status":"closed","ping_status":"closed","template":"","meta":[],"product_brand":[7753],"product_cat":[7771],"product_tag":[1973,2072,2073,2075,2294,2295,2296,2297,2088,2089,2090,2076,2290,2291,2292,2293,2081,2082,2083,2091,2298,2299,2300,2301,2096,2097,2384,2385,2386,2387,2388,2389,2390,2391,2376,2377,2378,2379,2380,2381,2382,2383,2394,2395,2396,2397,2398,2399,2400,2401],"class_list":{"0":"post-3737","1":"product","2":"type-product","3":"status-publish","4":"has-post-thumbnail","6":"product_brand-mizan","7":"product_cat-cay-kazanlari","8":"product_tag-mizan","9":"product_tag-mizan-40","10":"product_tag-mizan-40-cmlik","11":"product_tag-mizan-40-cmlik-26","12":"product_tag-mizan-40-cmlik-26-gazli","13":"product_tag-mizan-40-cmlik-26-gazli-kahveci","14":"product_tag-mizan-40-cmlik-26-gazli-kahveci-kazani","15":"product_tag-mizan-40-cmlik-26-gazli-kazani","16":"product_tag-mizan-40-cmlik-26-kahveci","17":"product_tag-mizan-40-cmlik-26-kahveci-kazani","18":"product_tag-mizan-40-cmlik-26-kazani","19":"product_tag-mizan-40-cmlik-26-litre","20":"product_tag-mizan-40-cmlik-26-litre-gazli","21":"product_tag-mizan-40-cmlik-26-litre-gazli-kahveci","22":"product_tag-mizan-40-cmlik-26-litre-gazli-kahveci-kazani","23":"product_tag-mizan-40-cmlik-26-litre-gazli-kazani","24":"product_tag-mizan-40-cmlik-26-litre-kahveci","25":"product_tag-mizan-40-cmlik-26-litre-kahveci-kazani","26":"product_tag-mizan-40-cmlik-26-litre-kazani","27":"product_tag-mizan-40-cmlik-litre","28":"product_tag-mizan-40-cmlik-litre-gazli","29":"product_tag-mizan-40-cmlik-litre-gazli-kahveci","30":"product_tag-mizan-40-cmlik-litre-gazli-kahveci-kazani","31":"product_tag-mizan-40-cmlik-litre-gazli-kazani","32":"product_tag-mizan-40-cmlik-litre-kahveci","33":"product_tag-mizan-40-cmlik-litre-kahveci-kazani","34":"product_tag-mizan-40-cmlik-26-elektrik","35":"product_tag-mizan-40-cmlik-26-elektrik-gazli","36":"product_tag-mizan-40-cmlik-26-elektrik-gazli-kahveci","37":"product_tag-mizan-40-cmlik-26-elektrik-gazli-kahveci-kazani","38":"product_tag-mizan-40-cmlik-26-elektrik-gazli-kazani","39":"product_tag-mizan-40-cmlik-26-elektrik-kahveci","40":"product_tag-mizan-40-cmlik-26-elektrik-kahveci-kazani","41":"product_tag-mizan-40-cmlik-26-elektrik-kazani","42":"product_tag-mizan-40-cmlik-26-litre-elektrik","43":"product_tag-mizan-40-cmlik-26-litre-elektrik-gazli","44":"product_tag-mizan-40-cmlik-26-litre-elektrik-gazli-kahveci","45":"product_tag-mizan-40-cmlik-26-litre-elektrik-gazli-kahveci-kazani","46":"product_tag-mizan-40-cmlik-26-litre-elektrik-gazli-kazani","47":"product_tag-mizan-40-cmlik-26-litre-elektrik-kahveci","48":"product_tag-mizan-40-cmlik-26-litre-elektrik-kahveci-kazani","49":"product_tag-mizan-40-cmlik-26-litre-elektrik-kazani","50":"product_tag-mizan-40-cmlik-litre-elektrik","51":"product_tag-mizan-40-cmlik-litre-elektrik-gazli","52":"product_tag-mizan-40-cmlik-litre-elektrik-gazli-kahveci","53":"product_tag-mizan-40-cmlik-litre-elektrik-gazli-kahveci-kazani","54":"product_tag-mizan-40-cmlik-litre-elektrik-gazli-kazani","55":"product_tag-mizan-40-cmlik-litre-elektrik-kahveci","56":"product_tag-mizan-40-cmlik-litre-elektrik-kahveci-kazani","57":"product_tag-mizan-40-cmlik-litre-elektrik-kazani","59":"first","60":"instock","61":"sale","62":"taxable","63":"shipping-taxable","64":"purchasable","65":"product-type-simple"},"yoast_head":"<!-- This site is optimized with the Yoast SEO plugin v27.1.1 - https:\/\/yoast.com\/product\/yoast-seo-wordpress\/ -->\n<title>Mizan 40 Cm&#039;lik 26 Litre Elektrik + Gazl\u0131 Kahveci Kazan\u0131 | Me\u015fale Store<\/title>\n<meta name=\"description\" content=\"Mizan 40 Cm&#039;lik - 26 Litre Elektrik + Gazl\u0131 Kahveci Kazan\u0131, 26 litre kapasitesi ve 40 cm geni\u015fli\u011fi ile b\u00fcy\u00fck \u00f6l\u00e7ekli i\u015fletmelerde h\u0131zl\u0131 ve verimli kahve\" \/>\n<meta name=\"robots\" content=\"index, follow, max-snippet:-1, max-image-preview:large, max-video-preview:-1\" \/>\n<link rel=\"canonical\" href=\"https:\/\/mesalestore.com\/en\/product\/mizan-40-cmlik-26-litre-elektrik-gazli-kahveci-kazani\/\" \/>\n<meta property=\"og:locale\" content=\"en_US\" \/>\n<meta property=\"og:type\" content=\"article\" \/>\n<meta property=\"og:title\" content=\"Mizan 40 Cm&#039;lik 26 Litre Elektrik + Gazl\u0131 Kahveci Kazan\u0131 | Me\u015fale Store\" \/>\n<meta property=\"og:description\" content=\"Mizan 40 Cm&#039;lik - 26 Litre Elektrik + Gazl\u0131 Kahveci Kazan\u0131, 26 litre kapasitesi ve 40 cm geni\u015fli\u011fi ile b\u00fcy\u00fck \u00f6l\u00e7ekli i\u015fletmelerde h\u0131zl\u0131 ve verimli kahve\" \/>\n<meta property=\"og:url\" content=\"https:\/\/mesalestore.com\/en\/product\/mizan-40-cmlik-26-litre-elektrik-gazli-kahveci-kazani\/\" \/>\n<meta property=\"og:site_name\" content=\"Me\u015fale Store\" \/>\n<meta property=\"article:publisher\" content=\"https:\/\/www.facebook.com\/mesalecay\" \/>\n<meta property=\"article:modified_time\" content=\"2026-04-10T21:59:10+00:00\" \/>\n<meta property=\"og:image\" content=\"https:\/\/mesalestore.com\/wp-content\/uploads\/2026\/03\/mizan-40-cmlik-26-litre-elektrik-gazli-bac4-a.webp\" \/>\n\t<meta property=\"og:image:width\" content=\"1600\" \/>\n\t<meta property=\"og:image:height\" content=\"1200\" \/>\n\t<meta property=\"og:image:type\" content=\"image\/webp\" \/>\n<meta name=\"twitter:card\" content=\"summary_large_image\" \/>\n<meta name=\"twitter:site\" content=\"@mesalecaykazan\" \/>\n<meta name=\"twitter:label1\" content=\"Est. reading time\" \/>\n\t<meta name=\"twitter:data1\" content=\"1 minute\" \/>\n<script type=\"application\/ld+json\" class=\"yoast-schema-graph\">{\"@context\":\"https:\/\/schema.org\",\"@graph\":[{\"@type\":\"WebPage\",\"@id\":\"https:\/\/mesalestore.com\/en\/product\/mizan-40-cmlik-26-litre-elektrik-gazli-kahveci-kazani\/\",\"url\":\"https:\/\/mesalestore.com\/en\/product\/mizan-40-cmlik-26-litre-elektrik-gazli-kahveci-kazani\/\",\"name\":\"Mizan 40 Cm'lik 26 Litre Elektrik + Gazl\u0131 Kahveci Kazan\u0131 | Me\u015fale Store\",\"isPartOf\":{\"@id\":\"https:\/\/mesalestore.com\/en\/#website\"},\"primaryImageOfPage\":{\"@id\":\"https:\/\/mesalestore.com\/en\/product\/mizan-40-cmlik-26-litre-elektrik-gazli-kahveci-kazani\/#primaryimage\"},\"image\":{\"@id\":\"https:\/\/mesalestore.com\/en\/product\/mizan-40-cmlik-26-litre-elektrik-gazli-kahveci-kazani\/#primaryimage\"},\"thumbnailUrl\":\"https:\/\/mesalestore.com\/wp-content\/uploads\/2026\/03\/mizan-40-cmlik-26-litre-elektrik-gazli-bac4-a.webp\",\"datePublished\":\"2026-03-04T08:05:04+00:00\",\"dateModified\":\"2026-04-10T21:59:10+00:00\",\"description\":\"Mizan 40 Cm'lik - 26 Litre Elektrik + Gazl\u0131 Kahveci Kazan\u0131, 26 litre kapasitesi ve 40 cm geni\u015fli\u011fi ile b\u00fcy\u00fck \u00f6l\u00e7ekli i\u015fletmelerde h\u0131zl\u0131 ve verimli kahve\",\"breadcrumb\":{\"@id\":\"https:\/\/mesalestore.com\/en\/product\/mizan-40-cmlik-26-litre-elektrik-gazli-kahveci-kazani\/#breadcrumb\"},\"inLanguage\":\"en-US\",\"potentialAction\":[{\"@type\":\"ReadAction\",\"target\":[\"https:\/\/mesalestore.com\/en\/product\/mizan-40-cmlik-26-litre-elektrik-gazli-kahveci-kazani\/\"]}]},{\"@type\":\"ImageObject\",\"inLanguage\":\"en-US\",\"@id\":\"https:\/\/mesalestore.com\/en\/product\/mizan-40-cmlik-26-litre-elektrik-gazli-kahveci-kazani\/#primaryimage\",\"url\":\"https:\/\/mesalestore.com\/wp-content\/uploads\/2026\/03\/mizan-40-cmlik-26-litre-elektrik-gazli-bac4-a.webp\",\"contentUrl\":\"https:\/\/mesalestore.com\/wp-content\/uploads\/2026\/03\/mizan-40-cmlik-26-litre-elektrik-gazli-bac4-a.webp\",\"width\":1600,\"height\":1200},{\"@type\":\"BreadcrumbList\",\"@id\":\"https:\/\/mesalestore.com\/en\/product\/mizan-40-cmlik-26-litre-elektrik-gazli-kahveci-kazani\/#breadcrumb\",\"itemListElement\":[{\"@type\":\"ListItem\",\"position\":1,\"name\":\"Anasayfa\",\"item\":\"https:\/\/mesalestore.com\/en\/\"},{\"@type\":\"ListItem\",\"position\":2,\"name\":\"Products\",\"item\":\"https:\/\/mesalestore.com\/en\/shop\/\"},{\"@type\":\"ListItem\",\"position\":3,\"name\":\"Mizan 40 Cm&#8217;lik 26 Litre Elektrik + Gazl\u0131 Kahveci Kazan\u0131\"}]},{\"@type\":\"WebSite\",\"@id\":\"https:\/\/mesalestore.com\/en\/#website\",\"url\":\"https:\/\/mesalestore.com\/en\/\",\"name\":\"Me\u015fale Store\",\"description\":\"\",\"publisher\":{\"@id\":\"https:\/\/mesalestore.com\/en\/#organization\"},\"potentialAction\":[{\"@type\":\"SearchAction\",\"target\":{\"@type\":\"EntryPoint\",\"urlTemplate\":\"https:\/\/mesalestore.com\/en\/?s={search_term_string}\"},\"query-input\":{\"@type\":\"PropertyValueSpecification\",\"valueRequired\":true,\"valueName\":\"search_term_string\"}}],\"inLanguage\":\"en-US\"},{\"@type\":\"Organization\",\"@id\":\"https:\/\/mesalestore.com\/en\/#organization\",\"name\":\"Me\u015fale Store\",\"url\":\"https:\/\/mesalestore.com\/en\/\",\"logo\":{\"@type\":\"ImageObject\",\"inLanguage\":\"en-US\",\"@id\":\"https:\/\/mesalestore.com\/en\/#\/schema\/logo\/image\/\",\"url\":\"https:\/\/mesalestore.com\/wp-content\/uploads\/2026\/03\/logo-header-yeni-1.webp\",\"contentUrl\":\"https:\/\/mesalestore.com\/wp-content\/uploads\/2026\/03\/logo-header-yeni-1.webp\",\"width\":419,\"height\":147,\"caption\":\"Me\u015fale Store\"},\"image\":{\"@id\":\"https:\/\/mesalestore.com\/en\/#\/schema\/logo\/image\/\"},\"sameAs\":[\"https:\/\/www.facebook.com\/mesalecay\",\"https:\/\/x.com\/mesalecaykazan\",\"https:\/\/www.instagram.com\/mesalecaykazan\/\"]}]}<\/script>\n<!-- \/ Yoast SEO plugin. -->","yoast_head_json":{"title":"Mizan 40 Cm'lik 26 Litre Elektrik + Gazl\u0131 Kahveci Kazan\u0131 | Me\u015fale Store","description":"Mizan 40 Cm'lik - 26 Litre Elektrik + Gazl\u0131 Kahveci Kazan\u0131, 26 litre kapasitesi ve 40 cm geni\u015fli\u011fi ile b\u00fcy\u00fck \u00f6l\u00e7ekli i\u015fletmelerde h\u0131zl\u0131 ve verimli kahve","robots":{"index":"index","follow":"follow","max-snippet":"max-snippet:-1","max-image-preview":"max-image-preview:large","max-video-preview":"max-video-preview:-1"},"canonical":"https:\/\/mesalestore.com\/en\/product\/mizan-40-cmlik-26-litre-elektrik-gazli-kahveci-kazani\/","og_locale":"en_US","og_type":"article","og_title":"Mizan 40 Cm'lik 26 Litre Elektrik + Gazl\u0131 Kahveci Kazan\u0131 | Me\u015fale Store","og_description":"Mizan 40 Cm'lik - 26 Litre Elektrik + Gazl\u0131 Kahveci Kazan\u0131, 26 litre kapasitesi ve 40 cm geni\u015fli\u011fi ile b\u00fcy\u00fck \u00f6l\u00e7ekli i\u015fletmelerde h\u0131zl\u0131 ve verimli kahve","og_url":"https:\/\/mesalestore.com\/en\/product\/mizan-40-cmlik-26-litre-elektrik-gazli-kahveci-kazani\/","og_site_name":"Me\u015fale Store","article_publisher":"https:\/\/www.facebook.com\/mesalecay","article_modified_time":"2026-04-10T21:59:10+00:00","og_image":[{"width":1600,"height":1200,"url":"https:\/\/mesalestore.com\/wp-content\/uploads\/2026\/03\/mizan-40-cmlik-26-litre-elektrik-gazli-bac4-a.webp","type":"image\/webp"}],"twitter_card":"summary_large_image","twitter_site":"@mesalecaykazan","twitter_misc":{"Est. reading time":"1 minute"},"schema":{"@context":"https:\/\/schema.org","@graph":[{"@type":"WebPage","@id":"https:\/\/mesalestore.com\/en\/product\/mizan-40-cmlik-26-litre-elektrik-gazli-kahveci-kazani\/","url":"https:\/\/mesalestore.com\/en\/product\/mizan-40-cmlik-26-litre-elektrik-gazli-kahveci-kazani\/","name":"Mizan 40 Cm'lik 26 Litre Elektrik + Gazl\u0131 Kahveci Kazan\u0131 | Me\u015fale Store","isPartOf":{"@id":"https:\/\/mesalestore.com\/en\/#website"},"primaryImageOfPage":{"@id":"https:\/\/mesalestore.com\/en\/product\/mizan-40-cmlik-26-litre-elektrik-gazli-kahveci-kazani\/#primaryimage"},"image":{"@id":"https:\/\/mesalestore.com\/en\/product\/mizan-40-cmlik-26-litre-elektrik-gazli-kahveci-kazani\/#primaryimage"},"thumbnailUrl":"https:\/\/mesalestore.com\/wp-content\/uploads\/2026\/03\/mizan-40-cmlik-26-litre-elektrik-gazli-bac4-a.webp","datePublished":"2026-03-04T08:05:04+00:00","dateModified":"2026-04-10T21:59:10+00:00","description":"Mizan 40 Cm'lik - 26 Litre Elektrik + Gazl\u0131 Kahveci Kazan\u0131, 26 litre kapasitesi ve 40 cm geni\u015fli\u011fi ile b\u00fcy\u00fck \u00f6l\u00e7ekli i\u015fletmelerde h\u0131zl\u0131 ve verimli kahve","breadcrumb":{"@id":"https:\/\/mesalestore.com\/en\/product\/mizan-40-cmlik-26-litre-elektrik-gazli-kahveci-kazani\/#breadcrumb"},"inLanguage":"en-US","potentialAction":[{"@type":"ReadAction","target":["https:\/\/mesalestore.com\/en\/product\/mizan-40-cmlik-26-litre-elektrik-gazli-kahveci-kazani\/"]}]},{"@type":"ImageObject","inLanguage":"en-US","@id":"https:\/\/mesalestore.com\/en\/product\/mizan-40-cmlik-26-litre-elektrik-gazli-kahveci-kazani\/#primaryimage","url":"https:\/\/mesalestore.com\/wp-content\/uploads\/2026\/03\/mizan-40-cmlik-26-litre-elektrik-gazli-bac4-a.webp","contentUrl":"https:\/\/mesalestore.com\/wp-content\/uploads\/2026\/03\/mizan-40-cmlik-26-litre-elektrik-gazli-bac4-a.webp","width":1600,"height":1200},{"@type":"BreadcrumbList","@id":"https:\/\/mesalestore.com\/en\/product\/mizan-40-cmlik-26-litre-elektrik-gazli-kahveci-kazani\/#breadcrumb","itemListElement":[{"@type":"ListItem","position":1,"name":"Anasayfa","item":"https:\/\/mesalestore.com\/en\/"},{"@type":"ListItem","position":2,"name":"Products","item":"https:\/\/mesalestore.com\/en\/shop\/"},{"@type":"ListItem","position":3,"name":"Mizan 40 Cm&#8217;lik 26 Litre Elektrik + Gazl\u0131 Kahveci Kazan\u0131"}]},{"@type":"WebSite","@id":"https:\/\/mesalestore.com\/en\/#website","url":"https:\/\/mesalestore.com\/en\/","name":"Me\u015fale Store","description":"","publisher":{"@id":"https:\/\/mesalestore.com\/en\/#organization"},"potentialAction":[{"@type":"SearchAction","target":{"@type":"EntryPoint","urlTemplate":"https:\/\/mesalestore.com\/en\/?s={search_term_string}"},"query-input":{"@type":"PropertyValueSpecification","valueRequired":true,"valueName":"search_term_string"}}],"inLanguage":"en-US"},{"@type":"Organization","@id":"https:\/\/mesalestore.com\/en\/#organization","name":"Me\u015fale Store","url":"https:\/\/mesalestore.com\/en\/","logo":{"@type":"ImageObject","inLanguage":"en-US","@id":"https:\/\/mesalestore.com\/en\/#\/schema\/logo\/image\/","url":"https:\/\/mesalestore.com\/wp-content\/uploads\/2026\/03\/logo-header-yeni-1.webp","contentUrl":"https:\/\/mesalestore.com\/wp-content\/uploads\/2026\/03\/logo-header-yeni-1.webp","width":419,"height":147,"caption":"Me\u015fale Store"},"image":{"@id":"https:\/\/mesalestore.com\/en\/#\/schema\/logo\/image\/"},"sameAs":["https:\/\/www.facebook.com\/mesalecay","https:\/\/x.com\/mesalecaykazan","https:\/\/www.instagram.com\/mesalecaykazan\/"]}]}},"_links":{"self":[{"href":"https:\/\/mesalestore.com\/en\/wp-json\/wp\/v2\/product\/3737","targetHints":{"allow":["GET"]}}],"collection":[{"href":"https:\/\/mesalestore.com\/en\/wp-json\/wp\/v2\/product"}],"about":[{"href":"https:\/\/mesalestore.com\/en\/wp-json\/wp\/v2\/types\/product"}],"replies":[{"embeddable":true,"href":"https:\/\/mesalestore.com\/en\/wp-json\/wp\/v2\/comments?post=3737"}],"wp:featuredmedia":[{"embeddable":true,"href":"https:\/\/mesalestore.com\/en\/wp-json\/wp\/v2\/media\/3830"}],"wp:attachment":[{"href":"https:\/\/mesalestore.com\/en\/wp-json\/wp\/v2\/media?parent=3737"}],"wp:term":[{"taxonomy":"product_brand","embeddable":true,"href":"https:\/\/mesalestore.com\/en\/wp-json\/wp\/v2\/product_brand?post=3737"},{"taxonomy":"product_cat","embeddable":true,"href":"https:\/\/mesalestore.com\/en\/wp-json\/wp\/v2\/product_cat?post=3737"},{"taxonomy":"product_tag","embeddable":true,"href":"https:\/\/mesalestore.com\/en\/wp-json\/wp\/v2\/product_tag?post=3737"}],"curies":[{"name":"wp","href":"https:\/\/api.w.org\/{rel}","templated":true}]}}