{"id":3736,"date":"2026-03-04T11:05:04","date_gmt":"2026-03-04T08:05:04","guid":{"rendered":"https:\/\/mesalestore.com\/product\/mizan-25-cmlik-19-lt-elektrik-gazli-kahveci-kazani\/"},"modified":"2026-04-11T00:59:10","modified_gmt":"2026-04-10T21:59:10","slug":"mizan-25-cmlik-19-lt-elektrik-gazli-kahveci-kazani","status":"publish","type":"product","link":"https:\/\/mesalestore.com\/en\/product\/mizan-25-cmlik-19-lt-elektrik-gazli-kahveci-kazani\/","title":{"rendered":"Mizan 25 Cm&#8217;lik &#8211; 19 Lt Elektrik + Gazl\u0131 Kahveci Kazan\u0131"},"content":{"rendered":"<h2 data-path-to-node=\"2\">\u2615 Mizan 25 Cm \u2013 19 Litre Elektrik + Gazl\u0131 Profesyonel Kahveci Kazan\u0131<\/h2>\n<p data-path-to-node=\"3\"><b data-path-to-node=\"3\" data-index-in-node=\"0\">Me\u015fale Store<\/b> g\u00fcvencesiyle sunulan Mizan 25 cm serisi, \u00f6zellikle alan tasarrufu gerektiren butik \u00e7ay ocaklar\u0131, ofis mutfaklar\u0131 ve k\u00fc\u00e7\u00fck i\u015fletmeler i\u00e7in tasarlanm\u0131\u015f kompakt bir performans \u00fcr\u00fcn\u00fcd\u00fcr. 19 litrelik ideal hacmi ve hibrit (elektrik + gaz) \u00e7al\u0131\u015fma sistemiyle, k\u00fc\u00e7\u00fck boyutuna ra\u011fmen profesyonel bir hizmet sunar.<\/p>\n<h3 data-path-to-node=\"4\">\ud83d\udca1 S\u0131k\u00e7a Sorulan Sorular<\/h3>\n<table data-path-to-node=\"5\">\n<thead>\n<tr>\n<td><strong>Soru<\/strong><\/td>\n<td><strong>Cevap<\/strong><\/td>\n<\/tr>\n<\/thead>\n<tbody>\n<tr>\n<td><span data-path-to-node=\"5,1,0,0\"><b data-path-to-node=\"5,1,0,0\" data-index-in-node=\"0\">19 Litre kapasite ka\u00e7 bardak servis sa\u011flar?<\/b><\/span><\/td>\n<td><span data-path-to-node=\"5,1,1,0\">Tek dolumda yakla\u015f\u0131k 150-180 bardak \u00e7ay servisine imkan tan\u0131yarak orta \u00f6l\u00e7ekli g\u00fcnl\u00fck ihtiya\u00e7lar\u0131 rahatl\u0131kla kar\u015f\u0131lar.<\/span><\/td>\n<\/tr>\n<tr>\n<td><span data-path-to-node=\"5,2,0,0\"><b data-path-to-node=\"5,2,0,0\" data-index-in-node=\"0\">Hibrit sistemin avantaj\u0131 nedir?<\/b><\/span><\/td>\n<td><span data-path-to-node=\"5,2,1,0\">Hem elektrik hem de gazla \u00e7al\u0131\u015fabilmesi sayesinde enerji kesintilerinden etkilenmezsiniz; yo\u011fun anlarda her iki kayna\u011f\u0131 kullanarak suyu daha h\u0131zl\u0131 kaynatabilirsiniz.<\/span><\/td>\n<\/tr>\n<tr>\n<td><span data-path-to-node=\"5,3,0,0\"><b data-path-to-node=\"5,3,0,0\" data-index-in-node=\"0\">Kompakt tasar\u0131m avantaj sa\u011flar m\u0131?<\/b><\/span><\/td>\n<td><span data-path-to-node=\"5,3,1,0\">Evet, 25 cm\u2019lik geni\u015fli\u011fi ile dar tezgahlar ve k\u00fc\u00e7\u00fck servis alanlar\u0131 i\u00e7in m\u00fckemmel bir yer tasarrufu sa\u011flar.<\/span><\/td>\n<\/tr>\n<tr>\n<td><span data-path-to-node=\"5,4,0,0\"><b data-path-to-node=\"5,4,0,0\" data-index-in-node=\"0\">\u00dcst b\u00f6l\u00fcme ka\u00e7 demlik s\u0131\u011far?<\/b><\/span><\/td>\n<td><span data-path-to-node=\"5,4,1,0\">Ergonomik \u00fcst pleyt alan\u0131 sayesinde 1 adet geni\u015f demlik veya kullan\u0131m \u015fekline g\u00f6re 2 adet k\u00fc\u00e7\u00fck demli\u011fi s\u0131cak tutabilir.<\/span><\/td>\n<\/tr>\n<tr>\n<td><span data-path-to-node=\"5,5,0,0\"><b data-path-to-node=\"5,5,0,0\" data-index-in-node=\"0\">Gazl\u0131 kullan\u0131m g\u00fcvenli mi?<\/b><\/span><\/td>\n<td><span data-path-to-node=\"5,5,1,0\">Cihazda bulunan emniyet ventili, alevin s\u00f6nmesi gibi durumlarda gaz\u0131 otomatik keserek tam g\u00fcvenlik sa\u011flar.<\/span><\/td>\n<\/tr>\n<\/tbody>\n<\/table>","protected":false},"excerpt":{"rendered":"<h5 data-path-to-node=\"7\">\ud83c\udf1f \u00d6ne \u00c7\u0131kan \u00d6zellikler<\/h5>\n<ul data-path-to-node=\"8\">\n<li>\n<p data-path-to-node=\"8,0,0\"><b data-path-to-node=\"8,0,0\" data-index-in-node=\"0\">Kompakt ve Ergonomik<\/b>: 25 cm g\u00f6vde yap\u0131s\u0131 ile en dar \u00e7al\u0131\u015fma alanlar\u0131nda bile profesyonel \u00e7\u00f6z\u00fcm sunar.<\/p>\n<\/li>\n<li>\n<p data-path-to-node=\"8,1,0\"><b data-path-to-node=\"8,1,0\" data-index-in-node=\"0\">Hibrit Enerji Esnekli\u011fi<\/b>: Elektrikli rezistans ve gazl\u0131 br\u00fcl\u00f6r sistemini ba\u011f\u0131ms\u0131z veya birlikte kullanarak maksimum verim elde edin.<\/p>\n<\/li>\n<li>\n<p data-path-to-node=\"8,2,0\"><b data-path-to-node=\"8,2,0\" data-index-in-node=\"0\">Dayan\u0131kl\u0131 Paslanmaz G\u00f6vde<\/b>: Y\u00fcksek kaliteli metal g\u00f6vde yap\u0131s\u0131 sayesinde uzun \u00f6m\u00fcrl\u00fc kullan\u0131m ve kolay temizlik imkan\u0131.<\/p>\n<\/li>\n<li>\n<p data-path-to-node=\"8,3,0\"><b data-path-to-node=\"8,3,0\" data-index-in-node=\"0\">Hassas S\u0131cakl\u0131k Takibi<\/b>: \u00d6n panelde yer alan analog g\u00f6sterge ile suyun s\u0131cakl\u0131\u011f\u0131n\u0131 her an kontrol alt\u0131nda tutabilirsiniz.<\/p>\n<\/li>\n<li>\n<p data-path-to-node=\"8,4,0\"><b data-path-to-node=\"8,4,0\" data-index-in-node=\"0\">Profesyonel Musluk Sistemi<\/b>: Damlatma yapmayan, \u0131s\u0131ya dayan\u0131kl\u0131 metal musluk yap\u0131s\u0131 ile seri ve temiz servis.<\/p>\n<\/li>\n<\/ul>","protected":false},"featured_media":3829,"comment_status":"closed","ping_status":"closed","template":"","meta":[],"product_brand":[7753],"product_cat":[7771],"product_tag":[1973,2023,2024,2026,2354,2355,2356,2357,2358,2359,2360,2361,2270,2271,2272,2273,2039,2040,2041,2338,2339,2340,2341,2342,2343,2344,2345,2346,2347,2348,2349,2350,2351,2352,2353,2362,2363,2364,2365,2366,2367,2368,2369,2370,2371,2372,2373,2374,2375],"class_list":{"0":"post-3736","1":"product","2":"type-product","3":"status-publish","4":"has-post-thumbnail","6":"product_brand-mizan","7":"product_cat-cay-kazanlari","8":"product_tag-mizan","9":"product_tag-mizan-25","10":"product_tag-mizan-25-cmlik","11":"product_tag-mizan-25-cmlik-19","12":"product_tag-mizan-25-cmlik-19-elektrik","13":"product_tag-mizan-25-cmlik-19-elektrik-gazli","14":"product_tag-mizan-25-cmlik-19-elektrik-gazli-kahveci","15":"product_tag-mizan-25-cmlik-19-elektrik-gazli-kahveci-kazani","16":"product_tag-mizan-25-cmlik-19-elektrik-gazli-kazani","17":"product_tag-mizan-25-cmlik-19-elektrik-kahveci","18":"product_tag-mizan-25-cmlik-19-elektrik-kahveci-kazani","19":"product_tag-mizan-25-cmlik-19-elektrik-kazani","20":"product_tag-mizan-25-cmlik-19-gazli","21":"product_tag-mizan-25-cmlik-19-gazli-kahveci","22":"product_tag-mizan-25-cmlik-19-gazli-kahveci-kazani","23":"product_tag-mizan-25-cmlik-19-gazli-kazani","24":"product_tag-mizan-25-cmlik-19-kahveci","25":"product_tag-mizan-25-cmlik-19-kahveci-kazani","26":"product_tag-mizan-25-cmlik-19-kazani","27":"product_tag-mizan-25-cmlik-19-lt","28":"product_tag-mizan-25-cmlik-19-lt-elektrik","29":"product_tag-mizan-25-cmlik-19-lt-elektrik-gazli","30":"product_tag-mizan-25-cmlik-19-lt-elektrik-gazli-kahveci","31":"product_tag-mizan-25-cmlik-19-lt-elektrik-gazli-kahveci-kazani","32":"product_tag-mizan-25-cmlik-19-lt-elektrik-gazli-kazani","33":"product_tag-mizan-25-cmlik-19-lt-elektrik-kahveci","34":"product_tag-mizan-25-cmlik-19-lt-elektrik-kahveci-kazani","35":"product_tag-mizan-25-cmlik-19-lt-elektrik-kazani","36":"product_tag-mizan-25-cmlik-19-lt-gazli","37":"product_tag-mizan-25-cmlik-19-lt-gazli-kahveci","38":"product_tag-mizan-25-cmlik-19-lt-gazli-kahveci-kazani","39":"product_tag-mizan-25-cmlik-19-lt-gazli-kazani","40":"product_tag-mizan-25-cmlik-19-lt-kahveci","41":"product_tag-mizan-25-cmlik-19-lt-kahveci-kazani","42":"product_tag-mizan-25-cmlik-19-lt-kazani","43":"product_tag-mizan-25-cmlik-lt","44":"product_tag-mizan-25-cmlik-lt-elektrik","45":"product_tag-mizan-25-cmlik-lt-elektrik-gazli","46":"product_tag-mizan-25-cmlik-lt-elektrik-gazli-kahveci","47":"product_tag-mizan-25-cmlik-lt-elektrik-gazli-kahveci-kazani","48":"product_tag-mizan-25-cmlik-lt-elektrik-gazli-kazani","49":"product_tag-mizan-25-cmlik-lt-elektrik-kahveci","50":"product_tag-mizan-25-cmlik-lt-elektrik-kahveci-kazani","51":"product_tag-mizan-25-cmlik-lt-elektrik-kazani","52":"product_tag-mizan-25-cmlik-lt-gazli","53":"product_tag-mizan-25-cmlik-lt-gazli-kahveci","54":"product_tag-mizan-25-cmlik-lt-gazli-kahveci-kazani","55":"product_tag-mizan-25-cmlik-lt-gazli-kazani","56":"product_tag-mizan-25-cmlik-lt-kahveci","58":"first","59":"instock","60":"taxable","61":"shipping-taxable","62":"purchasable","63":"product-type-simple"},"yoast_head":"<!-- This site is optimized with the Yoast SEO plugin v27.1.1 - https:\/\/yoast.com\/product\/yoast-seo-wordpress\/ -->\n<title>Mizan 25 Cm&#039;lik - 19 Lt Elektrik + Gazl\u0131 Kahveci Kazan\u0131 | Me\u015fale Store<\/title>\n<meta name=\"description\" content=\"\ud83c\udf1f \u00d6ne \u00c7\u0131kan \u00d6zellikler    Kompakt ve Ergonomik: 25 cm g\u00f6vde yap\u0131s\u0131 ile en dar \u00e7al\u0131\u015fma alanlar\u0131nda bile profesyonel \u00e7\u00f6z\u00fcm sunar.    Hibrit Enerji Esnekli\u011fi: Elektrikli rezistans ve gazl\u0131 br\u00fcl\u00f6r sistemini ba\u011f\u0131ms\u0131z veya birlikte kullanarak maksimum verim elde edin.    Dayan\u0131kl\u0131 Paslanmaz G\u00f6vde: Y\u00fcksek kaliteli metal g\u00f6vde yap\u0131s\u0131 sayesinde uzun \u00f6m\u00fcrl\u00fc kullan\u0131m ve kolay temizlik imkan\u0131.    Hassas S\u0131cakl\u0131k Takibi: \u00d6n panelde yer alan analog g\u00f6sterge ile suyun s\u0131cakl\u0131\u011f\u0131n\u0131 her an kontrol alt\u0131nda tutabilirsiniz.    Profesyonel Musluk Sistemi: Damlatma yapmayan, \u0131s\u0131ya dayan\u0131kl\u0131 metal musluk yap\u0131s\u0131 ile seri ve temiz servis.\" \/>\n<meta name=\"robots\" content=\"index, follow, max-snippet:-1, max-image-preview:large, max-video-preview:-1\" \/>\n<link rel=\"canonical\" href=\"https:\/\/mesalestore.com\/en\/product\/mizan-25-cmlik-19-lt-elektrik-gazli-kahveci-kazani\/\" \/>\n<meta property=\"og:locale\" content=\"en_US\" \/>\n<meta property=\"og:type\" content=\"article\" \/>\n<meta property=\"og:title\" content=\"Mizan 25 Cm&#039;lik - 19 Lt Elektrik + Gazl\u0131 Kahveci Kazan\u0131 | Me\u015fale Store\" \/>\n<meta property=\"og:description\" content=\"\ud83c\udf1f \u00d6ne \u00c7\u0131kan \u00d6zellikler    Kompakt ve Ergonomik: 25 cm g\u00f6vde yap\u0131s\u0131 ile en dar \u00e7al\u0131\u015fma alanlar\u0131nda bile profesyonel \u00e7\u00f6z\u00fcm sunar.    Hibrit Enerji Esnekli\u011fi: Elektrikli rezistans ve gazl\u0131 br\u00fcl\u00f6r sistemini ba\u011f\u0131ms\u0131z veya birlikte kullanarak maksimum verim elde edin.    Dayan\u0131kl\u0131 Paslanmaz G\u00f6vde: Y\u00fcksek kaliteli metal g\u00f6vde yap\u0131s\u0131 sayesinde uzun \u00f6m\u00fcrl\u00fc kullan\u0131m ve kolay temizlik imkan\u0131.    Hassas S\u0131cakl\u0131k Takibi: \u00d6n panelde yer alan analog g\u00f6sterge ile suyun s\u0131cakl\u0131\u011f\u0131n\u0131 her an kontrol alt\u0131nda tutabilirsiniz.    Profesyonel Musluk Sistemi: Damlatma yapmayan, \u0131s\u0131ya dayan\u0131kl\u0131 metal musluk yap\u0131s\u0131 ile seri ve temiz servis.\" \/>\n<meta property=\"og:url\" content=\"https:\/\/mesalestore.com\/en\/product\/mizan-25-cmlik-19-lt-elektrik-gazli-kahveci-kazani\/\" \/>\n<meta property=\"og:site_name\" content=\"Me\u015fale Store\" \/>\n<meta property=\"article:publisher\" content=\"https:\/\/www.facebook.com\/mesalecay\" \/>\n<meta property=\"article:modified_time\" content=\"2026-04-10T21:59:10+00:00\" \/>\n<meta property=\"og:image\" content=\"https:\/\/mesalestore.com\/wp-content\/uploads\/2026\/03\/mizan-25-cmlik-19-lt-elektrik-gazli-ka-90e572.webp\" \/>\n\t<meta property=\"og:image:width\" content=\"1600\" \/>\n\t<meta property=\"og:image:height\" content=\"1200\" \/>\n\t<meta property=\"og:image:type\" content=\"image\/webp\" \/>\n<meta name=\"twitter:card\" content=\"summary_large_image\" \/>\n<meta name=\"twitter:site\" content=\"@mesalecaykazan\" \/>\n<meta name=\"twitter:label1\" content=\"Est. reading time\" \/>\n\t<meta name=\"twitter:data1\" content=\"2 minutes\" \/>\n<script type=\"application\/ld+json\" class=\"yoast-schema-graph\">{\"@context\":\"https:\/\/schema.org\",\"@graph\":[{\"@type\":\"WebPage\",\"@id\":\"https:\/\/mesalestore.com\/en\/product\/mizan-25-cmlik-19-lt-elektrik-gazli-kahveci-kazani\/\",\"url\":\"https:\/\/mesalestore.com\/en\/product\/mizan-25-cmlik-19-lt-elektrik-gazli-kahveci-kazani\/\",\"name\":\"Mizan 25 Cm'lik - 19 Lt Elektrik + Gazl\u0131 Kahveci Kazan\u0131 | Me\u015fale Store\",\"isPartOf\":{\"@id\":\"https:\/\/mesalestore.com\/en\/#website\"},\"primaryImageOfPage\":{\"@id\":\"https:\/\/mesalestore.com\/en\/product\/mizan-25-cmlik-19-lt-elektrik-gazli-kahveci-kazani\/#primaryimage\"},\"image\":{\"@id\":\"https:\/\/mesalestore.com\/en\/product\/mizan-25-cmlik-19-lt-elektrik-gazli-kahveci-kazani\/#primaryimage\"},\"thumbnailUrl\":\"https:\/\/mesalestore.com\/wp-content\/uploads\/2026\/03\/mizan-25-cmlik-19-lt-elektrik-gazli-ka-90e572.webp\",\"datePublished\":\"2026-03-04T08:05:04+00:00\",\"dateModified\":\"2026-04-10T21:59:10+00:00\",\"description\":\"\ud83c\udf1f \u00d6ne \u00c7\u0131kan \u00d6zellikler Kompakt ve Ergonomik: 25 cm g\u00f6vde yap\u0131s\u0131 ile en dar \u00e7al\u0131\u015fma alanlar\u0131nda bile profesyonel \u00e7\u00f6z\u00fcm sunar. Hibrit Enerji Esnekli\u011fi: Elektrikli rezistans ve gazl\u0131 br\u00fcl\u00f6r sistemini ba\u011f\u0131ms\u0131z veya birlikte kullanarak maksimum verim elde edin. Dayan\u0131kl\u0131 Paslanmaz G\u00f6vde: Y\u00fcksek kaliteli metal g\u00f6vde yap\u0131s\u0131 sayesinde uzun \u00f6m\u00fcrl\u00fc kullan\u0131m ve kolay temizlik imkan\u0131. Hassas S\u0131cakl\u0131k Takibi: \u00d6n panelde yer alan analog g\u00f6sterge ile suyun s\u0131cakl\u0131\u011f\u0131n\u0131 her an kontrol alt\u0131nda tutabilirsiniz. Profesyonel Musluk Sistemi: Damlatma yapmayan, \u0131s\u0131ya dayan\u0131kl\u0131 metal musluk yap\u0131s\u0131 ile seri ve temiz servis.\",\"breadcrumb\":{\"@id\":\"https:\/\/mesalestore.com\/en\/product\/mizan-25-cmlik-19-lt-elektrik-gazli-kahveci-kazani\/#breadcrumb\"},\"inLanguage\":\"en-US\",\"potentialAction\":[{\"@type\":\"ReadAction\",\"target\":[\"https:\/\/mesalestore.com\/en\/product\/mizan-25-cmlik-19-lt-elektrik-gazli-kahveci-kazani\/\"]}]},{\"@type\":\"ImageObject\",\"inLanguage\":\"en-US\",\"@id\":\"https:\/\/mesalestore.com\/en\/product\/mizan-25-cmlik-19-lt-elektrik-gazli-kahveci-kazani\/#primaryimage\",\"url\":\"https:\/\/mesalestore.com\/wp-content\/uploads\/2026\/03\/mizan-25-cmlik-19-lt-elektrik-gazli-ka-90e572.webp\",\"contentUrl\":\"https:\/\/mesalestore.com\/wp-content\/uploads\/2026\/03\/mizan-25-cmlik-19-lt-elektrik-gazli-ka-90e572.webp\",\"width\":1600,\"height\":1200},{\"@type\":\"BreadcrumbList\",\"@id\":\"https:\/\/mesalestore.com\/en\/product\/mizan-25-cmlik-19-lt-elektrik-gazli-kahveci-kazani\/#breadcrumb\",\"itemListElement\":[{\"@type\":\"ListItem\",\"position\":1,\"name\":\"Anasayfa\",\"item\":\"https:\/\/mesalestore.com\/en\/\"},{\"@type\":\"ListItem\",\"position\":2,\"name\":\"Products\",\"item\":\"https:\/\/mesalestore.com\/en\/shop\/\"},{\"@type\":\"ListItem\",\"position\":3,\"name\":\"Mizan 25 Cm&#8217;lik &#8211; 19 Lt Elektrik + Gazl\u0131 Kahveci Kazan\u0131\"}]},{\"@type\":\"WebSite\",\"@id\":\"https:\/\/mesalestore.com\/en\/#website\",\"url\":\"https:\/\/mesalestore.com\/en\/\",\"name\":\"Me\u015fale Store\",\"description\":\"\",\"publisher\":{\"@id\":\"https:\/\/mesalestore.com\/en\/#organization\"},\"potentialAction\":[{\"@type\":\"SearchAction\",\"target\":{\"@type\":\"EntryPoint\",\"urlTemplate\":\"https:\/\/mesalestore.com\/en\/?s={search_term_string}\"},\"query-input\":{\"@type\":\"PropertyValueSpecification\",\"valueRequired\":true,\"valueName\":\"search_term_string\"}}],\"inLanguage\":\"en-US\"},{\"@type\":\"Organization\",\"@id\":\"https:\/\/mesalestore.com\/en\/#organization\",\"name\":\"Me\u015fale Store\",\"url\":\"https:\/\/mesalestore.com\/en\/\",\"logo\":{\"@type\":\"ImageObject\",\"inLanguage\":\"en-US\",\"@id\":\"https:\/\/mesalestore.com\/en\/#\/schema\/logo\/image\/\",\"url\":\"https:\/\/mesalestore.com\/wp-content\/uploads\/2026\/03\/logo-header-yeni-1.webp\",\"contentUrl\":\"https:\/\/mesalestore.com\/wp-content\/uploads\/2026\/03\/logo-header-yeni-1.webp\",\"width\":419,\"height\":147,\"caption\":\"Me\u015fale Store\"},\"image\":{\"@id\":\"https:\/\/mesalestore.com\/en\/#\/schema\/logo\/image\/\"},\"sameAs\":[\"https:\/\/www.facebook.com\/mesalecay\",\"https:\/\/x.com\/mesalecaykazan\",\"https:\/\/www.instagram.com\/mesalecaykazan\/\"]}]}<\/script>\n<!-- \/ Yoast SEO plugin. -->","yoast_head_json":{"title":"Mizan 25 Cm'lik - 19 Lt Elektrik + Gazl\u0131 Kahveci Kazan\u0131 | Me\u015fale Store","description":"\ud83c\udf1f \u00d6ne \u00c7\u0131kan \u00d6zellikler    Kompakt ve Ergonomik: 25 cm g\u00f6vde yap\u0131s\u0131 ile en dar \u00e7al\u0131\u015fma alanlar\u0131nda bile profesyonel \u00e7\u00f6z\u00fcm sunar.    Hibrit Enerji Esnekli\u011fi: Elektrikli rezistans ve gazl\u0131 br\u00fcl\u00f6r sistemini ba\u011f\u0131ms\u0131z veya birlikte kullanarak maksimum verim elde edin.    Dayan\u0131kl\u0131 Paslanmaz G\u00f6vde: Y\u00fcksek kaliteli metal g\u00f6vde yap\u0131s\u0131 sayesinde uzun \u00f6m\u00fcrl\u00fc kullan\u0131m ve kolay temizlik imkan\u0131.    Hassas S\u0131cakl\u0131k Takibi: \u00d6n panelde yer alan analog g\u00f6sterge ile suyun s\u0131cakl\u0131\u011f\u0131n\u0131 her an kontrol alt\u0131nda tutabilirsiniz.    Profesyonel Musluk Sistemi: Damlatma yapmayan, \u0131s\u0131ya dayan\u0131kl\u0131 metal musluk yap\u0131s\u0131 ile seri ve temiz servis.","robots":{"index":"index","follow":"follow","max-snippet":"max-snippet:-1","max-image-preview":"max-image-preview:large","max-video-preview":"max-video-preview:-1"},"canonical":"https:\/\/mesalestore.com\/en\/product\/mizan-25-cmlik-19-lt-elektrik-gazli-kahveci-kazani\/","og_locale":"en_US","og_type":"article","og_title":"Mizan 25 Cm'lik - 19 Lt Elektrik + Gazl\u0131 Kahveci Kazan\u0131 | Me\u015fale Store","og_description":"\ud83c\udf1f \u00d6ne \u00c7\u0131kan \u00d6zellikler    Kompakt ve Ergonomik: 25 cm g\u00f6vde yap\u0131s\u0131 ile en dar \u00e7al\u0131\u015fma alanlar\u0131nda bile profesyonel \u00e7\u00f6z\u00fcm sunar.    Hibrit Enerji Esnekli\u011fi: Elektrikli rezistans ve gazl\u0131 br\u00fcl\u00f6r sistemini ba\u011f\u0131ms\u0131z veya birlikte kullanarak maksimum verim elde edin.    Dayan\u0131kl\u0131 Paslanmaz G\u00f6vde: Y\u00fcksek kaliteli metal g\u00f6vde yap\u0131s\u0131 sayesinde uzun \u00f6m\u00fcrl\u00fc kullan\u0131m ve kolay temizlik imkan\u0131.    Hassas S\u0131cakl\u0131k Takibi: \u00d6n panelde yer alan analog g\u00f6sterge ile suyun s\u0131cakl\u0131\u011f\u0131n\u0131 her an kontrol alt\u0131nda tutabilirsiniz.    Profesyonel Musluk Sistemi: Damlatma yapmayan, \u0131s\u0131ya dayan\u0131kl\u0131 metal musluk yap\u0131s\u0131 ile seri ve temiz servis.","og_url":"https:\/\/mesalestore.com\/en\/product\/mizan-25-cmlik-19-lt-elektrik-gazli-kahveci-kazani\/","og_site_name":"Me\u015fale Store","article_publisher":"https:\/\/www.facebook.com\/mesalecay","article_modified_time":"2026-04-10T21:59:10+00:00","og_image":[{"width":1600,"height":1200,"url":"https:\/\/mesalestore.com\/wp-content\/uploads\/2026\/03\/mizan-25-cmlik-19-lt-elektrik-gazli-ka-90e572.webp","type":"image\/webp"}],"twitter_card":"summary_large_image","twitter_site":"@mesalecaykazan","twitter_misc":{"Est. reading time":"2 minutes"},"schema":{"@context":"https:\/\/schema.org","@graph":[{"@type":"WebPage","@id":"https:\/\/mesalestore.com\/en\/product\/mizan-25-cmlik-19-lt-elektrik-gazli-kahveci-kazani\/","url":"https:\/\/mesalestore.com\/en\/product\/mizan-25-cmlik-19-lt-elektrik-gazli-kahveci-kazani\/","name":"Mizan 25 Cm'lik - 19 Lt Elektrik + Gazl\u0131 Kahveci Kazan\u0131 | Me\u015fale Store","isPartOf":{"@id":"https:\/\/mesalestore.com\/en\/#website"},"primaryImageOfPage":{"@id":"https:\/\/mesalestore.com\/en\/product\/mizan-25-cmlik-19-lt-elektrik-gazli-kahveci-kazani\/#primaryimage"},"image":{"@id":"https:\/\/mesalestore.com\/en\/product\/mizan-25-cmlik-19-lt-elektrik-gazli-kahveci-kazani\/#primaryimage"},"thumbnailUrl":"https:\/\/mesalestore.com\/wp-content\/uploads\/2026\/03\/mizan-25-cmlik-19-lt-elektrik-gazli-ka-90e572.webp","datePublished":"2026-03-04T08:05:04+00:00","dateModified":"2026-04-10T21:59:10+00:00","description":"\ud83c\udf1f \u00d6ne \u00c7\u0131kan \u00d6zellikler Kompakt ve Ergonomik: 25 cm g\u00f6vde yap\u0131s\u0131 ile en dar \u00e7al\u0131\u015fma alanlar\u0131nda bile profesyonel \u00e7\u00f6z\u00fcm sunar. Hibrit Enerji Esnekli\u011fi: Elektrikli rezistans ve gazl\u0131 br\u00fcl\u00f6r sistemini ba\u011f\u0131ms\u0131z veya birlikte kullanarak maksimum verim elde edin. Dayan\u0131kl\u0131 Paslanmaz G\u00f6vde: Y\u00fcksek kaliteli metal g\u00f6vde yap\u0131s\u0131 sayesinde uzun \u00f6m\u00fcrl\u00fc kullan\u0131m ve kolay temizlik imkan\u0131. Hassas S\u0131cakl\u0131k Takibi: \u00d6n panelde yer alan analog g\u00f6sterge ile suyun s\u0131cakl\u0131\u011f\u0131n\u0131 her an kontrol alt\u0131nda tutabilirsiniz. Profesyonel Musluk Sistemi: Damlatma yapmayan, \u0131s\u0131ya dayan\u0131kl\u0131 metal musluk yap\u0131s\u0131 ile seri ve temiz servis.","breadcrumb":{"@id":"https:\/\/mesalestore.com\/en\/product\/mizan-25-cmlik-19-lt-elektrik-gazli-kahveci-kazani\/#breadcrumb"},"inLanguage":"en-US","potentialAction":[{"@type":"ReadAction","target":["https:\/\/mesalestore.com\/en\/product\/mizan-25-cmlik-19-lt-elektrik-gazli-kahveci-kazani\/"]}]},{"@type":"ImageObject","inLanguage":"en-US","@id":"https:\/\/mesalestore.com\/en\/product\/mizan-25-cmlik-19-lt-elektrik-gazli-kahveci-kazani\/#primaryimage","url":"https:\/\/mesalestore.com\/wp-content\/uploads\/2026\/03\/mizan-25-cmlik-19-lt-elektrik-gazli-ka-90e572.webp","contentUrl":"https:\/\/mesalestore.com\/wp-content\/uploads\/2026\/03\/mizan-25-cmlik-19-lt-elektrik-gazli-ka-90e572.webp","width":1600,"height":1200},{"@type":"BreadcrumbList","@id":"https:\/\/mesalestore.com\/en\/product\/mizan-25-cmlik-19-lt-elektrik-gazli-kahveci-kazani\/#breadcrumb","itemListElement":[{"@type":"ListItem","position":1,"name":"Anasayfa","item":"https:\/\/mesalestore.com\/en\/"},{"@type":"ListItem","position":2,"name":"Products","item":"https:\/\/mesalestore.com\/en\/shop\/"},{"@type":"ListItem","position":3,"name":"Mizan 25 Cm&#8217;lik &#8211; 19 Lt Elektrik + Gazl\u0131 Kahveci Kazan\u0131"}]},{"@type":"WebSite","@id":"https:\/\/mesalestore.com\/en\/#website","url":"https:\/\/mesalestore.com\/en\/","name":"Me\u015fale Store","description":"","publisher":{"@id":"https:\/\/mesalestore.com\/en\/#organization"},"potentialAction":[{"@type":"SearchAction","target":{"@type":"EntryPoint","urlTemplate":"https:\/\/mesalestore.com\/en\/?s={search_term_string}"},"query-input":{"@type":"PropertyValueSpecification","valueRequired":true,"valueName":"search_term_string"}}],"inLanguage":"en-US"},{"@type":"Organization","@id":"https:\/\/mesalestore.com\/en\/#organization","name":"Me\u015fale Store","url":"https:\/\/mesalestore.com\/en\/","logo":{"@type":"ImageObject","inLanguage":"en-US","@id":"https:\/\/mesalestore.com\/en\/#\/schema\/logo\/image\/","url":"https:\/\/mesalestore.com\/wp-content\/uploads\/2026\/03\/logo-header-yeni-1.webp","contentUrl":"https:\/\/mesalestore.com\/wp-content\/uploads\/2026\/03\/logo-header-yeni-1.webp","width":419,"height":147,"caption":"Me\u015fale Store"},"image":{"@id":"https:\/\/mesalestore.com\/en\/#\/schema\/logo\/image\/"},"sameAs":["https:\/\/www.facebook.com\/mesalecay","https:\/\/x.com\/mesalecaykazan","https:\/\/www.instagram.com\/mesalecaykazan\/"]}]}},"_links":{"self":[{"href":"https:\/\/mesalestore.com\/en\/wp-json\/wp\/v2\/product\/3736","targetHints":{"allow":["GET"]}}],"collection":[{"href":"https:\/\/mesalestore.com\/en\/wp-json\/wp\/v2\/product"}],"about":[{"href":"https:\/\/mesalestore.com\/en\/wp-json\/wp\/v2\/types\/product"}],"replies":[{"embeddable":true,"href":"https:\/\/mesalestore.com\/en\/wp-json\/wp\/v2\/comments?post=3736"}],"wp:featuredmedia":[{"embeddable":true,"href":"https:\/\/mesalestore.com\/en\/wp-json\/wp\/v2\/media\/3829"}],"wp:attachment":[{"href":"https:\/\/mesalestore.com\/en\/wp-json\/wp\/v2\/media?parent=3736"}],"wp:term":[{"taxonomy":"product_brand","embeddable":true,"href":"https:\/\/mesalestore.com\/en\/wp-json\/wp\/v2\/product_brand?post=3736"},{"taxonomy":"product_cat","embeddable":true,"href":"https:\/\/mesalestore.com\/en\/wp-json\/wp\/v2\/product_cat?post=3736"},{"taxonomy":"product_tag","embeddable":true,"href":"https:\/\/mesalestore.com\/en\/wp-json\/wp\/v2\/product_tag?post=3736"}],"curies":[{"name":"wp","href":"https:\/\/api.w.org\/{rel}","templated":true}]}}