{"id":3735,"date":"2026-03-04T11:05:04","date_gmt":"2026-03-04T08:05:04","guid":{"rendered":"https:\/\/mesalestore.com\/product\/mizan-60-cmlik-38-litre-gazli-kahveci-kazani\/"},"modified":"2026-04-11T00:59:10","modified_gmt":"2026-04-10T21:59:10","slug":"mizan-60-cmlik-38-litre-gazli-kahveci-kazani","status":"publish","type":"product","link":"https:\/\/mesalestore.com\/en\/product\/mizan-60-cmlik-38-litre-gazli-kahveci-kazani\/","title":{"rendered":"Mizan 60 Cm&#8217;lik &#8211; 38 Litre Gazl\u0131 Kahveci Kazan\u0131"},"content":{"rendered":"<h2 data-path-to-node=\"2\">\u2615 Mizan 60 Cm \u2013 38 Litre Gazl\u0131 Profesyonel Kahveci Kazan\u0131<\/h2>\n<p data-path-to-node=\"3\"><b data-path-to-node=\"3\" data-index-in-node=\"0\">Me\u015fale Store<\/b> g\u00fcvencesiyle sunulan Mizan serisi, y\u00fcksek su kapasitesi ve h\u0131zl\u0131 \u0131s\u0131tma performans\u0131yla b\u00fcy\u00fck \u00f6l\u00e7ekli i\u015fletmelerin vazge\u00e7ilmezidir. Kahvehaneler, \u00e7ay ocaklar\u0131 ve kantinler i\u00e7in ideal olan bu model, paslanmaz \u00e7elik g\u00f6vdesiyle uzun \u00f6m\u00fcrl\u00fc ve hijyenik bir kullan\u0131m sunar.<\/p>\n<h3 data-path-to-node=\"4\">\ud83d\udca1 S\u0131k\u00e7a Sorulan Sorular<\/h3>\n<table data-path-to-node=\"5\">\n<thead>\n<tr>\n<td><strong>Soru<\/strong><\/td>\n<td><strong>Cevap<\/strong><\/td>\n<\/tr>\n<\/thead>\n<tbody>\n<tr>\n<td><span data-path-to-node=\"5,1,0,0\"><b data-path-to-node=\"5,1,0,0\" data-index-in-node=\"0\">38 Litre kapasite ka\u00e7 bardak servis sa\u011flar?<\/b><\/span><\/td>\n<td><span data-path-to-node=\"5,1,1,0\">38 litrelik geni\u015f hacmi sayesinde bir dolumda yakla\u015f\u0131k 350-400 bardak kesintisiz servis yapman\u0131za imkan tan\u0131r.<\/span><\/td>\n<\/tr>\n<tr>\n<td><span data-path-to-node=\"5,2,0,0\"><b data-path-to-node=\"5,2,0,0\" data-index-in-node=\"0\">Gazl\u0131 sistemin avantaj\u0131 nedir?<\/b><\/span><\/td>\n<td><span data-path-to-node=\"5,2,1,0\">Elektrikten ba\u011f\u0131ms\u0131z \u00e7al\u0131\u015fabilmesi sayesinde enerji maliyetlerini d\u00fc\u015f\u00fcr\u00fcr ve her ortamda g\u00fcvenli kullan\u0131m sa\u011flar.<\/span><\/td>\n<\/tr>\n<tr>\n<td><span data-path-to-node=\"5,3,0,0\"><b data-path-to-node=\"5,3,0,0\" data-index-in-node=\"0\">G\u00f6vde yap\u0131s\u0131 dayan\u0131kl\u0131 m\u0131d\u0131r?<\/b><\/span><\/td>\n<td><span data-path-to-node=\"5,3,1,0\">Evet, y\u00fcksek kaliteli paslanmaz \u00e7elikten \u00fcretilmi\u015ftir; korozyona ve \u0131s\u0131ya kar\u015f\u0131 maksimum diren\u00e7 g\u00f6sterir.<\/span><\/td>\n<\/tr>\n<tr>\n<td><span data-path-to-node=\"5,4,0,0\"><b data-path-to-node=\"5,4,0,0\" data-index-in-node=\"0\">\u00dcst y\u00fczeye ka\u00e7 demlik s\u0131\u011far?<\/b><\/span><\/td>\n<td><span data-path-to-node=\"5,4,1,0\">60 cm&#8217;lik geni\u015f \u00fcst pleyt alan\u0131 sayesinde ayn\u0131 anda 3 demli\u011fi rahatl\u0131kla ta\u015f\u0131yabilir ve s\u0131cak tutabilir.<\/span><\/td>\n<\/tr>\n<tr>\n<td><span data-path-to-node=\"5,5,0,0\"><b data-path-to-node=\"5,5,0,0\" data-index-in-node=\"0\">S\u0131cakl\u0131k takibi yap\u0131labilir mi?<\/b><\/span><\/td>\n<td><span data-path-to-node=\"5,5,1,0\">\u00d6n panelde bulunan analog s\u0131cakl\u0131k g\u00f6stergesi sayesinde suyun s\u0131cakl\u0131\u011f\u0131n\u0131 anl\u0131k olarak takip edebilirsiniz.<\/span><\/td>\n<\/tr>\n<\/tbody>\n<\/table>","protected":false},"excerpt":{"rendered":"<h5 data-path-to-node=\"7\">\ud83c\udf1f \u00d6ne \u00c7\u0131kan \u00d6zellikler<\/h5>\n<ul data-path-to-node=\"8\">\n<li>\n<p data-path-to-node=\"8,0,0\"><b data-path-to-node=\"8,0,0\" data-index-in-node=\"0\">Y\u00fcksek Hacimli Tasar\u0131m<\/b>: 38 litrelik su kapasitesi, yo\u011fun servis saatlerinde suyun bitme endi\u015fesini ortadan kald\u0131r\u0131r.<\/p>\n<\/li>\n<li>\n<p data-path-to-node=\"8,1,0\"><b data-path-to-node=\"8,1,0\" data-index-in-node=\"0\">Profesyonel Gazl\u0131 Br\u00fcl\u00f6r<\/b>: Verimli gaz t\u00fcketimiyle h\u0131zl\u0131 kaynama sa\u011flar; emniyet ventilli musluklarla g\u00fcvenli\u011fi \u00f6n planda tutar.<\/p>\n<\/li>\n<li>\n<p data-path-to-node=\"8,2,0\"><b data-path-to-node=\"8,2,0\" data-index-in-node=\"0\">Dayan\u0131kl\u0131 Metal Musluklar<\/b>: Is\u0131ya dayan\u0131kl\u0131 ve s\u0131zd\u0131rmazl\u0131k garantili profesyonel tip musluk sistemiyle donat\u0131lm\u0131\u015ft\u0131r.<\/p>\n<\/li>\n<li>\n<p data-path-to-node=\"8,3,0\"><b data-path-to-node=\"8,3,0\" data-index-in-node=\"0\">Geni\u015f \u00c7al\u0131\u015fma Alan\u0131<\/b>: 60 cm&#8217;lik g\u00f6vde uzunlu\u011fu, \u00fczerine birden fazla demlik yerle\u015ftirilmesine olanak tan\u0131yarak servis \u00e7e\u015fitlili\u011fini art\u0131r\u0131r.<\/p>\n<\/li>\n<li>\n<p data-path-to-node=\"8,4,0\"><b data-path-to-node=\"8,4,0\" data-index-in-node=\"0\">Kolay Temizlik ve Hijyen<\/b>: P\u00fcr\u00fczs\u00fcz paslanmaz y\u00fczeyi sayesinde kir tutmaz ve kolayca temizlenerek hijyen standartlar\u0131n\u0131 korur.<\/p>\n<\/li>\n<\/ul>","protected":false},"featured_media":3850,"comment_status":"closed","ping_status":"closed","template":"","meta":[],"product_brand":[7753],"product_cat":[7771],"product_tag":[1973,2121,2122,2124,2318,2319,2320,2321,2137,2138,2139,2125,2314,2315,2316,2317,2130,2131,2132,2326,2327,2328,2329,2152,2153,2154,2140,2322,2323,2324,2325,2145,2146,2147],"class_list":{"0":"post-3735","1":"product","2":"type-product","3":"status-publish","4":"has-post-thumbnail","6":"product_brand-mizan","7":"product_cat-cay-kazanlari","8":"product_tag-mizan","9":"product_tag-mizan-60","10":"product_tag-mizan-60-cmlik","11":"product_tag-mizan-60-cmlik-38","12":"product_tag-mizan-60-cmlik-38-gazli","13":"product_tag-mizan-60-cmlik-38-gazli-kahveci","14":"product_tag-mizan-60-cmlik-38-gazli-kahveci-kazani","15":"product_tag-mizan-60-cmlik-38-gazli-kazani","16":"product_tag-mizan-60-cmlik-38-kahveci","17":"product_tag-mizan-60-cmlik-38-kahveci-kazani","18":"product_tag-mizan-60-cmlik-38-kazani","19":"product_tag-mizan-60-cmlik-38-litre","20":"product_tag-mizan-60-cmlik-38-litre-gazli","21":"product_tag-mizan-60-cmlik-38-litre-gazli-kahveci","22":"product_tag-mizan-60-cmlik-38-litre-gazli-kahveci-kazani","23":"product_tag-mizan-60-cmlik-38-litre-gazli-kazani","24":"product_tag-mizan-60-cmlik-38-litre-kahveci","25":"product_tag-mizan-60-cmlik-38-litre-kahveci-kazani","26":"product_tag-mizan-60-cmlik-38-litre-kazani","27":"product_tag-mizan-60-cmlik-gazli","28":"product_tag-mizan-60-cmlik-gazli-kahveci","29":"product_tag-mizan-60-cmlik-gazli-kahveci-kazani","30":"product_tag-mizan-60-cmlik-gazli-kazani","31":"product_tag-mizan-60-cmlik-kahveci","32":"product_tag-mizan-60-cmlik-kahveci-kazani","33":"product_tag-mizan-60-cmlik-kazani","34":"product_tag-mizan-60-cmlik-litre","35":"product_tag-mizan-60-cmlik-litre-gazli","36":"product_tag-mizan-60-cmlik-litre-gazli-kahveci","37":"product_tag-mizan-60-cmlik-litre-gazli-kahveci-kazani","38":"product_tag-mizan-60-cmlik-litre-gazli-kazani","39":"product_tag-mizan-60-cmlik-litre-kahveci","40":"product_tag-mizan-60-cmlik-litre-kahveci-kazani","41":"product_tag-mizan-60-cmlik-litre-kazani","43":"first","44":"instock","45":"taxable","46":"shipping-taxable","47":"purchasable","48":"product-type-simple"},"yoast_head":"<!-- This site is optimized with the Yoast SEO plugin v27.1.1 - https:\/\/yoast.com\/product\/yoast-seo-wordpress\/ -->\n<title>Mizan 60 Cm&#039;lik - 38 Litre Gazl\u0131 Kahveci Kazan\u0131 | Me\u015fale Store<\/title>\n<meta name=\"description\" content=\"\ud83c\udf1f \u00d6ne \u00c7\u0131kan \u00d6zellikler    Y\u00fcksek Hacimli Tasar\u0131m: 38 litrelik su kapasitesi, yo\u011fun servis saatlerinde suyun bitme endi\u015fesini ortadan kald\u0131r\u0131r.    Profesyonel Gazl\u0131 Br\u00fcl\u00f6r: Verimli gaz t\u00fcketimiyle h\u0131zl\u0131 kaynama sa\u011flar; emniyet ventilli musluklarla g\u00fcvenli\u011fi \u00f6n planda tutar.    Dayan\u0131kl\u0131 Metal Musluklar: Is\u0131ya dayan\u0131kl\u0131 ve s\u0131zd\u0131rmazl\u0131k garantili profesyonel tip musluk sistemiyle donat\u0131lm\u0131\u015ft\u0131r.    Geni\u015f \u00c7al\u0131\u015fma Alan\u0131: 60 cm&#039;lik g\u00f6vde uzunlu\u011fu, \u00fczerine birden fazla demlik yerle\u015ftirilmesine olanak tan\u0131yarak servis \u00e7e\u015fitlili\u011fini art\u0131r\u0131r.    Kolay Temizlik ve Hijyen: P\u00fcr\u00fczs\u00fcz paslanmaz y\u00fczeyi sayesinde kir tutmaz ve kolayca temizlenerek hijyen standartlar\u0131n\u0131 korur.\" \/>\n<meta name=\"robots\" content=\"index, follow, max-snippet:-1, max-image-preview:large, max-video-preview:-1\" \/>\n<link rel=\"canonical\" href=\"https:\/\/mesalestore.com\/en\/product\/mizan-60-cmlik-38-litre-gazli-kahveci-kazani\/\" \/>\n<meta property=\"og:locale\" content=\"en_US\" \/>\n<meta property=\"og:type\" content=\"article\" \/>\n<meta property=\"og:title\" content=\"Mizan 60 Cm&#039;lik - 38 Litre Gazl\u0131 Kahveci Kazan\u0131 | Me\u015fale Store\" \/>\n<meta property=\"og:description\" content=\"\ud83c\udf1f \u00d6ne \u00c7\u0131kan \u00d6zellikler    Y\u00fcksek Hacimli Tasar\u0131m: 38 litrelik su kapasitesi, yo\u011fun servis saatlerinde suyun bitme endi\u015fesini ortadan kald\u0131r\u0131r.    Profesyonel Gazl\u0131 Br\u00fcl\u00f6r: Verimli gaz t\u00fcketimiyle h\u0131zl\u0131 kaynama sa\u011flar; emniyet ventilli musluklarla g\u00fcvenli\u011fi \u00f6n planda tutar.    Dayan\u0131kl\u0131 Metal Musluklar: Is\u0131ya dayan\u0131kl\u0131 ve s\u0131zd\u0131rmazl\u0131k garantili profesyonel tip musluk sistemiyle donat\u0131lm\u0131\u015ft\u0131r.    Geni\u015f \u00c7al\u0131\u015fma Alan\u0131: 60 cm&#039;lik g\u00f6vde uzunlu\u011fu, \u00fczerine birden fazla demlik yerle\u015ftirilmesine olanak tan\u0131yarak servis \u00e7e\u015fitlili\u011fini art\u0131r\u0131r.    Kolay Temizlik ve Hijyen: P\u00fcr\u00fczs\u00fcz paslanmaz y\u00fczeyi sayesinde kir tutmaz ve kolayca temizlenerek hijyen standartlar\u0131n\u0131 korur.\" \/>\n<meta property=\"og:url\" content=\"https:\/\/mesalestore.com\/en\/product\/mizan-60-cmlik-38-litre-gazli-kahveci-kazani\/\" \/>\n<meta property=\"og:site_name\" content=\"Me\u015fale Store\" \/>\n<meta property=\"article:publisher\" content=\"https:\/\/www.facebook.com\/mesalecay\" \/>\n<meta property=\"article:modified_time\" content=\"2026-04-10T21:59:10+00:00\" \/>\n<meta name=\"twitter:card\" content=\"summary_large_image\" \/>\n<meta name=\"twitter:site\" content=\"@mesalecaykazan\" \/>\n<meta name=\"twitter:label1\" content=\"Est. reading time\" \/>\n\t<meta name=\"twitter:data1\" content=\"2 minutes\" \/>\n<script type=\"application\/ld+json\" class=\"yoast-schema-graph\">{\"@context\":\"https:\/\/schema.org\",\"@graph\":[{\"@type\":\"WebPage\",\"@id\":\"https:\/\/mesalestore.com\/en\/product\/mizan-60-cmlik-38-litre-gazli-kahveci-kazani\/\",\"url\":\"https:\/\/mesalestore.com\/en\/product\/mizan-60-cmlik-38-litre-gazli-kahveci-kazani\/\",\"name\":\"Mizan 60 Cm'lik - 38 Litre Gazl\u0131 Kahveci Kazan\u0131 | Me\u015fale Store\",\"isPartOf\":{\"@id\":\"https:\/\/mesalestore.com\/en\/#website\"},\"primaryImageOfPage\":{\"@id\":\"https:\/\/mesalestore.com\/en\/product\/mizan-60-cmlik-38-litre-gazli-kahveci-kazani\/#primaryimage\"},\"image\":{\"@id\":\"https:\/\/mesalestore.com\/en\/product\/mizan-60-cmlik-38-litre-gazli-kahveci-kazani\/#primaryimage\"},\"thumbnailUrl\":\"https:\/\/mesalestore.com\/wp-content\/uploads\/2026\/03\/mizan-60-cm-lik-38-litre-gazli-kahveci-kazani-kcm61828910-684c4b2a-1d36-40de-b90b-e1c084c69cb2-1.avif\",\"datePublished\":\"2026-03-04T08:05:04+00:00\",\"dateModified\":\"2026-04-10T21:59:10+00:00\",\"description\":\"\ud83c\udf1f \u00d6ne \u00c7\u0131kan \u00d6zellikler Y\u00fcksek Hacimli Tasar\u0131m: 38 litrelik su kapasitesi, yo\u011fun servis saatlerinde suyun bitme endi\u015fesini ortadan kald\u0131r\u0131r. Profesyonel Gazl\u0131 Br\u00fcl\u00f6r: Verimli gaz t\u00fcketimiyle h\u0131zl\u0131 kaynama sa\u011flar; emniyet ventilli musluklarla g\u00fcvenli\u011fi \u00f6n planda tutar. Dayan\u0131kl\u0131 Metal Musluklar: Is\u0131ya dayan\u0131kl\u0131 ve s\u0131zd\u0131rmazl\u0131k garantili profesyonel tip musluk sistemiyle donat\u0131lm\u0131\u015ft\u0131r. Geni\u015f \u00c7al\u0131\u015fma Alan\u0131: 60 cm'lik g\u00f6vde uzunlu\u011fu, \u00fczerine birden fazla demlik yerle\u015ftirilmesine olanak tan\u0131yarak servis \u00e7e\u015fitlili\u011fini art\u0131r\u0131r. Kolay Temizlik ve Hijyen: P\u00fcr\u00fczs\u00fcz paslanmaz y\u00fczeyi sayesinde kir tutmaz ve kolayca temizlenerek hijyen standartlar\u0131n\u0131 korur.\",\"breadcrumb\":{\"@id\":\"https:\/\/mesalestore.com\/en\/product\/mizan-60-cmlik-38-litre-gazli-kahveci-kazani\/#breadcrumb\"},\"inLanguage\":\"en-US\",\"potentialAction\":[{\"@type\":\"ReadAction\",\"target\":[\"https:\/\/mesalestore.com\/en\/product\/mizan-60-cmlik-38-litre-gazli-kahveci-kazani\/\"]}]},{\"@type\":\"ImageObject\",\"inLanguage\":\"en-US\",\"@id\":\"https:\/\/mesalestore.com\/en\/product\/mizan-60-cmlik-38-litre-gazli-kahveci-kazani\/#primaryimage\",\"url\":\"https:\/\/mesalestore.com\/wp-content\/uploads\/2026\/03\/mizan-60-cm-lik-38-litre-gazli-kahveci-kazani-kcm61828910-684c4b2a-1d36-40de-b90b-e1c084c69cb2-1.avif\",\"contentUrl\":\"https:\/\/mesalestore.com\/wp-content\/uploads\/2026\/03\/mizan-60-cm-lik-38-litre-gazli-kahveci-kazani-kcm61828910-684c4b2a-1d36-40de-b90b-e1c084c69cb2-1.avif\",\"width\":1300,\"height\":1430},{\"@type\":\"BreadcrumbList\",\"@id\":\"https:\/\/mesalestore.com\/en\/product\/mizan-60-cmlik-38-litre-gazli-kahveci-kazani\/#breadcrumb\",\"itemListElement\":[{\"@type\":\"ListItem\",\"position\":1,\"name\":\"Anasayfa\",\"item\":\"https:\/\/mesalestore.com\/en\/\"},{\"@type\":\"ListItem\",\"position\":2,\"name\":\"Products\",\"item\":\"https:\/\/mesalestore.com\/en\/shop\/\"},{\"@type\":\"ListItem\",\"position\":3,\"name\":\"Mizan 60 Cm&#8217;lik &#8211; 38 Litre Gazl\u0131 Kahveci Kazan\u0131\"}]},{\"@type\":\"WebSite\",\"@id\":\"https:\/\/mesalestore.com\/en\/#website\",\"url\":\"https:\/\/mesalestore.com\/en\/\",\"name\":\"Me\u015fale Store\",\"description\":\"\",\"publisher\":{\"@id\":\"https:\/\/mesalestore.com\/en\/#organization\"},\"potentialAction\":[{\"@type\":\"SearchAction\",\"target\":{\"@type\":\"EntryPoint\",\"urlTemplate\":\"https:\/\/mesalestore.com\/en\/?s={search_term_string}\"},\"query-input\":{\"@type\":\"PropertyValueSpecification\",\"valueRequired\":true,\"valueName\":\"search_term_string\"}}],\"inLanguage\":\"en-US\"},{\"@type\":\"Organization\",\"@id\":\"https:\/\/mesalestore.com\/en\/#organization\",\"name\":\"Me\u015fale Store\",\"url\":\"https:\/\/mesalestore.com\/en\/\",\"logo\":{\"@type\":\"ImageObject\",\"inLanguage\":\"en-US\",\"@id\":\"https:\/\/mesalestore.com\/en\/#\/schema\/logo\/image\/\",\"url\":\"https:\/\/mesalestore.com\/wp-content\/uploads\/2026\/03\/logo-header-yeni-1.webp\",\"contentUrl\":\"https:\/\/mesalestore.com\/wp-content\/uploads\/2026\/03\/logo-header-yeni-1.webp\",\"width\":419,\"height\":147,\"caption\":\"Me\u015fale Store\"},\"image\":{\"@id\":\"https:\/\/mesalestore.com\/en\/#\/schema\/logo\/image\/\"},\"sameAs\":[\"https:\/\/www.facebook.com\/mesalecay\",\"https:\/\/x.com\/mesalecaykazan\",\"https:\/\/www.instagram.com\/mesalecaykazan\/\"]}]}<\/script>\n<!-- \/ Yoast SEO plugin. -->","yoast_head_json":{"title":"Mizan 60 Cm'lik - 38 Litre Gazl\u0131 Kahveci Kazan\u0131 | Me\u015fale Store","description":"\ud83c\udf1f \u00d6ne \u00c7\u0131kan \u00d6zellikler    Y\u00fcksek Hacimli Tasar\u0131m: 38 litrelik su kapasitesi, yo\u011fun servis saatlerinde suyun bitme endi\u015fesini ortadan kald\u0131r\u0131r.    Profesyonel Gazl\u0131 Br\u00fcl\u00f6r: Verimli gaz t\u00fcketimiyle h\u0131zl\u0131 kaynama sa\u011flar; emniyet ventilli musluklarla g\u00fcvenli\u011fi \u00f6n planda tutar.    Dayan\u0131kl\u0131 Metal Musluklar: Is\u0131ya dayan\u0131kl\u0131 ve s\u0131zd\u0131rmazl\u0131k garantili profesyonel tip musluk sistemiyle donat\u0131lm\u0131\u015ft\u0131r.    Geni\u015f \u00c7al\u0131\u015fma Alan\u0131: 60 cm'lik g\u00f6vde uzunlu\u011fu, \u00fczerine birden fazla demlik yerle\u015ftirilmesine olanak tan\u0131yarak servis \u00e7e\u015fitlili\u011fini art\u0131r\u0131r.    Kolay Temizlik ve Hijyen: P\u00fcr\u00fczs\u00fcz paslanmaz y\u00fczeyi sayesinde kir tutmaz ve kolayca temizlenerek hijyen standartlar\u0131n\u0131 korur.","robots":{"index":"index","follow":"follow","max-snippet":"max-snippet:-1","max-image-preview":"max-image-preview:large","max-video-preview":"max-video-preview:-1"},"canonical":"https:\/\/mesalestore.com\/en\/product\/mizan-60-cmlik-38-litre-gazli-kahveci-kazani\/","og_locale":"en_US","og_type":"article","og_title":"Mizan 60 Cm'lik - 38 Litre Gazl\u0131 Kahveci Kazan\u0131 | Me\u015fale Store","og_description":"\ud83c\udf1f \u00d6ne \u00c7\u0131kan \u00d6zellikler    Y\u00fcksek Hacimli Tasar\u0131m: 38 litrelik su kapasitesi, yo\u011fun servis saatlerinde suyun bitme endi\u015fesini ortadan kald\u0131r\u0131r.    Profesyonel Gazl\u0131 Br\u00fcl\u00f6r: Verimli gaz t\u00fcketimiyle h\u0131zl\u0131 kaynama sa\u011flar; emniyet ventilli musluklarla g\u00fcvenli\u011fi \u00f6n planda tutar.    Dayan\u0131kl\u0131 Metal Musluklar: Is\u0131ya dayan\u0131kl\u0131 ve s\u0131zd\u0131rmazl\u0131k garantili profesyonel tip musluk sistemiyle donat\u0131lm\u0131\u015ft\u0131r.    Geni\u015f \u00c7al\u0131\u015fma Alan\u0131: 60 cm'lik g\u00f6vde uzunlu\u011fu, \u00fczerine birden fazla demlik yerle\u015ftirilmesine olanak tan\u0131yarak servis \u00e7e\u015fitlili\u011fini art\u0131r\u0131r.    Kolay Temizlik ve Hijyen: P\u00fcr\u00fczs\u00fcz paslanmaz y\u00fczeyi sayesinde kir tutmaz ve kolayca temizlenerek hijyen standartlar\u0131n\u0131 korur.","og_url":"https:\/\/mesalestore.com\/en\/product\/mizan-60-cmlik-38-litre-gazli-kahveci-kazani\/","og_site_name":"Me\u015fale Store","article_publisher":"https:\/\/www.facebook.com\/mesalecay","article_modified_time":"2026-04-10T21:59:10+00:00","twitter_card":"summary_large_image","twitter_site":"@mesalecaykazan","twitter_misc":{"Est. reading time":"2 minutes"},"schema":{"@context":"https:\/\/schema.org","@graph":[{"@type":"WebPage","@id":"https:\/\/mesalestore.com\/en\/product\/mizan-60-cmlik-38-litre-gazli-kahveci-kazani\/","url":"https:\/\/mesalestore.com\/en\/product\/mizan-60-cmlik-38-litre-gazli-kahveci-kazani\/","name":"Mizan 60 Cm'lik - 38 Litre Gazl\u0131 Kahveci Kazan\u0131 | Me\u015fale Store","isPartOf":{"@id":"https:\/\/mesalestore.com\/en\/#website"},"primaryImageOfPage":{"@id":"https:\/\/mesalestore.com\/en\/product\/mizan-60-cmlik-38-litre-gazli-kahveci-kazani\/#primaryimage"},"image":{"@id":"https:\/\/mesalestore.com\/en\/product\/mizan-60-cmlik-38-litre-gazli-kahveci-kazani\/#primaryimage"},"thumbnailUrl":"https:\/\/mesalestore.com\/wp-content\/uploads\/2026\/03\/mizan-60-cm-lik-38-litre-gazli-kahveci-kazani-kcm61828910-684c4b2a-1d36-40de-b90b-e1c084c69cb2-1.avif","datePublished":"2026-03-04T08:05:04+00:00","dateModified":"2026-04-10T21:59:10+00:00","description":"\ud83c\udf1f \u00d6ne \u00c7\u0131kan \u00d6zellikler Y\u00fcksek Hacimli Tasar\u0131m: 38 litrelik su kapasitesi, yo\u011fun servis saatlerinde suyun bitme endi\u015fesini ortadan kald\u0131r\u0131r. Profesyonel Gazl\u0131 Br\u00fcl\u00f6r: Verimli gaz t\u00fcketimiyle h\u0131zl\u0131 kaynama sa\u011flar; emniyet ventilli musluklarla g\u00fcvenli\u011fi \u00f6n planda tutar. Dayan\u0131kl\u0131 Metal Musluklar: Is\u0131ya dayan\u0131kl\u0131 ve s\u0131zd\u0131rmazl\u0131k garantili profesyonel tip musluk sistemiyle donat\u0131lm\u0131\u015ft\u0131r. Geni\u015f \u00c7al\u0131\u015fma Alan\u0131: 60 cm'lik g\u00f6vde uzunlu\u011fu, \u00fczerine birden fazla demlik yerle\u015ftirilmesine olanak tan\u0131yarak servis \u00e7e\u015fitlili\u011fini art\u0131r\u0131r. Kolay Temizlik ve Hijyen: P\u00fcr\u00fczs\u00fcz paslanmaz y\u00fczeyi sayesinde kir tutmaz ve kolayca temizlenerek hijyen standartlar\u0131n\u0131 korur.","breadcrumb":{"@id":"https:\/\/mesalestore.com\/en\/product\/mizan-60-cmlik-38-litre-gazli-kahveci-kazani\/#breadcrumb"},"inLanguage":"en-US","potentialAction":[{"@type":"ReadAction","target":["https:\/\/mesalestore.com\/en\/product\/mizan-60-cmlik-38-litre-gazli-kahveci-kazani\/"]}]},{"@type":"ImageObject","inLanguage":"en-US","@id":"https:\/\/mesalestore.com\/en\/product\/mizan-60-cmlik-38-litre-gazli-kahveci-kazani\/#primaryimage","url":"https:\/\/mesalestore.com\/wp-content\/uploads\/2026\/03\/mizan-60-cm-lik-38-litre-gazli-kahveci-kazani-kcm61828910-684c4b2a-1d36-40de-b90b-e1c084c69cb2-1.avif","contentUrl":"https:\/\/mesalestore.com\/wp-content\/uploads\/2026\/03\/mizan-60-cm-lik-38-litre-gazli-kahveci-kazani-kcm61828910-684c4b2a-1d36-40de-b90b-e1c084c69cb2-1.avif","width":1300,"height":1430},{"@type":"BreadcrumbList","@id":"https:\/\/mesalestore.com\/en\/product\/mizan-60-cmlik-38-litre-gazli-kahveci-kazani\/#breadcrumb","itemListElement":[{"@type":"ListItem","position":1,"name":"Anasayfa","item":"https:\/\/mesalestore.com\/en\/"},{"@type":"ListItem","position":2,"name":"Products","item":"https:\/\/mesalestore.com\/en\/shop\/"},{"@type":"ListItem","position":3,"name":"Mizan 60 Cm&#8217;lik &#8211; 38 Litre Gazl\u0131 Kahveci Kazan\u0131"}]},{"@type":"WebSite","@id":"https:\/\/mesalestore.com\/en\/#website","url":"https:\/\/mesalestore.com\/en\/","name":"Me\u015fale Store","description":"","publisher":{"@id":"https:\/\/mesalestore.com\/en\/#organization"},"potentialAction":[{"@type":"SearchAction","target":{"@type":"EntryPoint","urlTemplate":"https:\/\/mesalestore.com\/en\/?s={search_term_string}"},"query-input":{"@type":"PropertyValueSpecification","valueRequired":true,"valueName":"search_term_string"}}],"inLanguage":"en-US"},{"@type":"Organization","@id":"https:\/\/mesalestore.com\/en\/#organization","name":"Me\u015fale Store","url":"https:\/\/mesalestore.com\/en\/","logo":{"@type":"ImageObject","inLanguage":"en-US","@id":"https:\/\/mesalestore.com\/en\/#\/schema\/logo\/image\/","url":"https:\/\/mesalestore.com\/wp-content\/uploads\/2026\/03\/logo-header-yeni-1.webp","contentUrl":"https:\/\/mesalestore.com\/wp-content\/uploads\/2026\/03\/logo-header-yeni-1.webp","width":419,"height":147,"caption":"Me\u015fale Store"},"image":{"@id":"https:\/\/mesalestore.com\/en\/#\/schema\/logo\/image\/"},"sameAs":["https:\/\/www.facebook.com\/mesalecay","https:\/\/x.com\/mesalecaykazan","https:\/\/www.instagram.com\/mesalecaykazan\/"]}]}},"_links":{"self":[{"href":"https:\/\/mesalestore.com\/en\/wp-json\/wp\/v2\/product\/3735","targetHints":{"allow":["GET"]}}],"collection":[{"href":"https:\/\/mesalestore.com\/en\/wp-json\/wp\/v2\/product"}],"about":[{"href":"https:\/\/mesalestore.com\/en\/wp-json\/wp\/v2\/types\/product"}],"replies":[{"embeddable":true,"href":"https:\/\/mesalestore.com\/en\/wp-json\/wp\/v2\/comments?post=3735"}],"wp:featuredmedia":[{"embeddable":true,"href":"https:\/\/mesalestore.com\/en\/wp-json\/wp\/v2\/media\/3850"}],"wp:attachment":[{"href":"https:\/\/mesalestore.com\/en\/wp-json\/wp\/v2\/media?parent=3735"}],"wp:term":[{"taxonomy":"product_brand","embeddable":true,"href":"https:\/\/mesalestore.com\/en\/wp-json\/wp\/v2\/product_brand?post=3735"},{"taxonomy":"product_cat","embeddable":true,"href":"https:\/\/mesalestore.com\/en\/wp-json\/wp\/v2\/product_cat?post=3735"},{"taxonomy":"product_tag","embeddable":true,"href":"https:\/\/mesalestore.com\/en\/wp-json\/wp\/v2\/product_tag?post=3735"}],"curies":[{"name":"wp","href":"https:\/\/api.w.org\/{rel}","templated":true}]}}