{"id":3734,"date":"2026-03-04T11:05:03","date_gmt":"2026-03-04T08:05:03","guid":{"rendered":"https:\/\/mesalestore.com\/product\/mizan-40-cmlik-26-litre-gazli-kahveci-kazani\/"},"modified":"2026-04-11T00:59:11","modified_gmt":"2026-04-10T21:59:11","slug":"mizan-40-cmlik-26-litre-gazli-kahveci-kazani","status":"publish","type":"product","link":"https:\/\/mesalestore.com\/en\/product\/mizan-40-cmlik-26-litre-gazli-kahveci-kazani\/","title":{"rendered":"Mizan 40 Cm&#8217;lik &#8211; 26 Litre Gazl\u0131 Kahveci Kazan\u0131"},"content":{"rendered":"<p><strong>Mizan 40 Cm&#8217;lik &#8211; 26 Litre Gazl\u0131 Kahveci Kazan\u0131<\/strong>, <strong>26 litre kapasitesi<\/strong> ve <strong>40 cm geni\u015fli\u011fi<\/strong> ile y\u00fcksek talepleri kar\u015f\u0131lamak i\u00e7in tasarlanm\u0131\u015ft\u0131r. <strong>Gazl\u0131 tasar\u0131m\u0131<\/strong>, enerji verimlili\u011fi sa\u011flarken ayn\u0131 zamanda s\u00fcrekli s\u0131cak i\u00e7ecek \u00fcretimi sunar. <strong>Paslanmaz \u00e7elik yap\u0131s\u0131<\/strong>, dayan\u0131kl\u0131l\u0131\u011f\u0131 ve hijyenik \u00f6zellikleri ile uzun \u00f6m\u00fcrl\u00fc kullan\u0131m imkan\u0131 sunar. <strong>Gazl\u0131 kahveci kazan\u0131<\/strong> olarak, \u00f6zellikle d\u0131\u015f mekan kullan\u0131m\u0131 ve gaz ba\u011flant\u0131s\u0131na ihtiya\u00e7 duyan i\u015fletmelerde y\u00fcksek verimlilik sa\u011flar. <strong>Elektrikli kahveci kazan\u0131<\/strong> gibi h\u0131zl\u0131 \u0131s\u0131nma imkan\u0131 tan\u0131r, ayr\u0131ca <strong>enerji verimli<\/strong> yap\u0131s\u0131 i\u015fletme maliyetlerini azalt\u0131r. <strong>Kafeler<\/strong> ve <strong>restoranlar<\/strong> gibi yo\u011fun i\u015fletmelerde ideal bir \u00e7\u00f6z\u00fcmd\u00fcr. <strong>Otomatik kahve kazan\u0131<\/strong> fonksiyonu ile kullan\u0131m kolayl\u0131\u011f\u0131 ve y\u00fcksek performans sunar.<\/p>","protected":false},"excerpt":{"rendered":"<p>Mizan 40 Cm&#8217;lik &#8211; 26 Litre Gazl\u0131 Kahveci Kazan\u0131, 26 litre kapasitesi ve 40 cm geni\u015fli\u011fi ile y\u00fcksek talepleri kar\u015f\u0131lamak i\u00e7in tasarlanm\u0131\u015ft\u0131r. Gazl\u0131 tasar\u0131m\u0131, enerji verimlili\u011fi sa\u011flarken ayn\u0131 zamanda s\u00fcrekli s\u0131cak i\u00e7ecek \u00fcretimi sunar. Paslanmaz \u00e7elik yap\u0131s\u0131, dayan\u0131kl\u0131l\u0131\u011f\u0131 ve hijyenik \u00f6zellikleri ile uzun \u00f6m\u00fcrl\u00fc kullan\u0131m imkan\u0131 sunar. Gazl\u0131 kahveci kazan\u0131 olarak, \u00f6zellikle d\u0131\u015f mekan kullan\u0131m\u0131 [&hellip;]<\/p>\n","protected":false},"featured_media":3834,"comment_status":"closed","ping_status":"closed","template":"","meta":[],"product_brand":[7753],"product_cat":[7771],"product_tag":[1973,2072,2073,2075,2294,2295,2296,2297,2088,2089,2090,2076,2290,2291,2292,2293,2081,2082,2083,2302,2303,2304,2305,2103,2104,2105,2091,2298,2299,2300,2301,2096,2097,2098],"class_list":{"0":"post-3734","1":"product","2":"type-product","3":"status-publish","4":"has-post-thumbnail","6":"product_brand-mizan","7":"product_cat-cay-kazanlari","8":"product_tag-mizan","9":"product_tag-mizan-40","10":"product_tag-mizan-40-cmlik","11":"product_tag-mizan-40-cmlik-26","12":"product_tag-mizan-40-cmlik-26-gazli","13":"product_tag-mizan-40-cmlik-26-gazli-kahveci","14":"product_tag-mizan-40-cmlik-26-gazli-kahveci-kazani","15":"product_tag-mizan-40-cmlik-26-gazli-kazani","16":"product_tag-mizan-40-cmlik-26-kahveci","17":"product_tag-mizan-40-cmlik-26-kahveci-kazani","18":"product_tag-mizan-40-cmlik-26-kazani","19":"product_tag-mizan-40-cmlik-26-litre","20":"product_tag-mizan-40-cmlik-26-litre-gazli","21":"product_tag-mizan-40-cmlik-26-litre-gazli-kahveci","22":"product_tag-mizan-40-cmlik-26-litre-gazli-kahveci-kazani","23":"product_tag-mizan-40-cmlik-26-litre-gazli-kazani","24":"product_tag-mizan-40-cmlik-26-litre-kahveci","25":"product_tag-mizan-40-cmlik-26-litre-kahveci-kazani","26":"product_tag-mizan-40-cmlik-26-litre-kazani","27":"product_tag-mizan-40-cmlik-gazli","28":"product_tag-mizan-40-cmlik-gazli-kahveci","29":"product_tag-mizan-40-cmlik-gazli-kahveci-kazani","30":"product_tag-mizan-40-cmlik-gazli-kazani","31":"product_tag-mizan-40-cmlik-kahveci","32":"product_tag-mizan-40-cmlik-kahveci-kazani","33":"product_tag-mizan-40-cmlik-kazani","34":"product_tag-mizan-40-cmlik-litre","35":"product_tag-mizan-40-cmlik-litre-gazli","36":"product_tag-mizan-40-cmlik-litre-gazli-kahveci","37":"product_tag-mizan-40-cmlik-litre-gazli-kahveci-kazani","38":"product_tag-mizan-40-cmlik-litre-gazli-kazani","39":"product_tag-mizan-40-cmlik-litre-kahveci","40":"product_tag-mizan-40-cmlik-litre-kahveci-kazani","41":"product_tag-mizan-40-cmlik-litre-kazani","43":"first","44":"instock","45":"taxable","46":"shipping-taxable","47":"purchasable","48":"product-type-simple"},"yoast_head":"<!-- This site is optimized with the Yoast SEO plugin v27.1.1 - https:\/\/yoast.com\/product\/yoast-seo-wordpress\/ -->\n<title>Mizan 40 Cm&#039;lik - 26 Litre Gazl\u0131 Kahveci Kazan\u0131 | Me\u015fale Store<\/title>\n<meta name=\"description\" content=\"Mizan 40 Cm&#039;lik - 26 Litre Gazl\u0131 Kahveci Kazan\u0131, 26 litre kapasitesi ve 40 cm geni\u015fli\u011fi ile y\u00fcksek talepleri kar\u015f\u0131lamak i\u00e7in tasarlanm\u0131\u015ft\u0131r. Gazl\u0131\" \/>\n<meta name=\"robots\" content=\"index, follow, max-snippet:-1, max-image-preview:large, max-video-preview:-1\" \/>\n<link rel=\"canonical\" href=\"https:\/\/mesalestore.com\/en\/product\/mizan-40-cmlik-26-litre-gazli-kahveci-kazani\/\" \/>\n<meta property=\"og:locale\" content=\"en_US\" \/>\n<meta property=\"og:type\" content=\"article\" \/>\n<meta property=\"og:title\" content=\"Mizan 40 Cm&#039;lik - 26 Litre Gazl\u0131 Kahveci Kazan\u0131 | Me\u015fale Store\" \/>\n<meta property=\"og:description\" content=\"Mizan 40 Cm&#039;lik - 26 Litre Gazl\u0131 Kahveci Kazan\u0131, 26 litre kapasitesi ve 40 cm geni\u015fli\u011fi ile y\u00fcksek talepleri kar\u015f\u0131lamak i\u00e7in tasarlanm\u0131\u015ft\u0131r. Gazl\u0131\" \/>\n<meta property=\"og:url\" content=\"https:\/\/mesalestore.com\/en\/product\/mizan-40-cmlik-26-litre-gazli-kahveci-kazani\/\" \/>\n<meta property=\"og:site_name\" content=\"Me\u015fale Store\" \/>\n<meta property=\"article:publisher\" content=\"https:\/\/www.facebook.com\/mesalecay\" \/>\n<meta property=\"article:modified_time\" content=\"2026-04-10T21:59:11+00:00\" \/>\n<meta property=\"og:image\" content=\"https:\/\/mesalestore.com\/wp-content\/uploads\/2026\/03\/mizan-40-cmlik-26-litre-gazli-kahveci-d6db-.webp\" \/>\n\t<meta property=\"og:image:width\" content=\"1600\" \/>\n\t<meta property=\"og:image:height\" content=\"1200\" \/>\n\t<meta property=\"og:image:type\" content=\"image\/webp\" \/>\n<meta name=\"twitter:card\" content=\"summary_large_image\" \/>\n<meta name=\"twitter:site\" content=\"@mesalecaykazan\" \/>\n<meta name=\"twitter:label1\" content=\"Est. reading time\" \/>\n\t<meta name=\"twitter:data1\" content=\"1 minute\" \/>\n<script type=\"application\/ld+json\" class=\"yoast-schema-graph\">{\"@context\":\"https:\/\/schema.org\",\"@graph\":[{\"@type\":\"WebPage\",\"@id\":\"https:\/\/mesalestore.com\/en\/product\/mizan-40-cmlik-26-litre-gazli-kahveci-kazani\/\",\"url\":\"https:\/\/mesalestore.com\/en\/product\/mizan-40-cmlik-26-litre-gazli-kahveci-kazani\/\",\"name\":\"Mizan 40 Cm'lik - 26 Litre Gazl\u0131 Kahveci Kazan\u0131 | Me\u015fale Store\",\"isPartOf\":{\"@id\":\"https:\/\/mesalestore.com\/en\/#website\"},\"primaryImageOfPage\":{\"@id\":\"https:\/\/mesalestore.com\/en\/product\/mizan-40-cmlik-26-litre-gazli-kahveci-kazani\/#primaryimage\"},\"image\":{\"@id\":\"https:\/\/mesalestore.com\/en\/product\/mizan-40-cmlik-26-litre-gazli-kahveci-kazani\/#primaryimage\"},\"thumbnailUrl\":\"https:\/\/mesalestore.com\/wp-content\/uploads\/2026\/03\/mizan-40-cmlik-26-litre-gazli-kahveci-d6db-.webp\",\"datePublished\":\"2026-03-04T08:05:03+00:00\",\"dateModified\":\"2026-04-10T21:59:11+00:00\",\"description\":\"Mizan 40 Cm'lik - 26 Litre Gazl\u0131 Kahveci Kazan\u0131, 26 litre kapasitesi ve 40 cm geni\u015fli\u011fi ile y\u00fcksek talepleri kar\u015f\u0131lamak i\u00e7in tasarlanm\u0131\u015ft\u0131r. Gazl\u0131\",\"breadcrumb\":{\"@id\":\"https:\/\/mesalestore.com\/en\/product\/mizan-40-cmlik-26-litre-gazli-kahveci-kazani\/#breadcrumb\"},\"inLanguage\":\"en-US\",\"potentialAction\":[{\"@type\":\"ReadAction\",\"target\":[\"https:\/\/mesalestore.com\/en\/product\/mizan-40-cmlik-26-litre-gazli-kahveci-kazani\/\"]}]},{\"@type\":\"ImageObject\",\"inLanguage\":\"en-US\",\"@id\":\"https:\/\/mesalestore.com\/en\/product\/mizan-40-cmlik-26-litre-gazli-kahveci-kazani\/#primaryimage\",\"url\":\"https:\/\/mesalestore.com\/wp-content\/uploads\/2026\/03\/mizan-40-cmlik-26-litre-gazli-kahveci-d6db-.webp\",\"contentUrl\":\"https:\/\/mesalestore.com\/wp-content\/uploads\/2026\/03\/mizan-40-cmlik-26-litre-gazli-kahveci-d6db-.webp\",\"width\":1600,\"height\":1200},{\"@type\":\"BreadcrumbList\",\"@id\":\"https:\/\/mesalestore.com\/en\/product\/mizan-40-cmlik-26-litre-gazli-kahveci-kazani\/#breadcrumb\",\"itemListElement\":[{\"@type\":\"ListItem\",\"position\":1,\"name\":\"Anasayfa\",\"item\":\"https:\/\/mesalestore.com\/en\/\"},{\"@type\":\"ListItem\",\"position\":2,\"name\":\"Products\",\"item\":\"https:\/\/mesalestore.com\/en\/shop\/\"},{\"@type\":\"ListItem\",\"position\":3,\"name\":\"Mizan 40 Cm&#8217;lik &#8211; 26 Litre Gazl\u0131 Kahveci Kazan\u0131\"}]},{\"@type\":\"WebSite\",\"@id\":\"https:\/\/mesalestore.com\/en\/#website\",\"url\":\"https:\/\/mesalestore.com\/en\/\",\"name\":\"Me\u015fale Store\",\"description\":\"\",\"publisher\":{\"@id\":\"https:\/\/mesalestore.com\/en\/#organization\"},\"potentialAction\":[{\"@type\":\"SearchAction\",\"target\":{\"@type\":\"EntryPoint\",\"urlTemplate\":\"https:\/\/mesalestore.com\/en\/?s={search_term_string}\"},\"query-input\":{\"@type\":\"PropertyValueSpecification\",\"valueRequired\":true,\"valueName\":\"search_term_string\"}}],\"inLanguage\":\"en-US\"},{\"@type\":\"Organization\",\"@id\":\"https:\/\/mesalestore.com\/en\/#organization\",\"name\":\"Me\u015fale Store\",\"url\":\"https:\/\/mesalestore.com\/en\/\",\"logo\":{\"@type\":\"ImageObject\",\"inLanguage\":\"en-US\",\"@id\":\"https:\/\/mesalestore.com\/en\/#\/schema\/logo\/image\/\",\"url\":\"https:\/\/mesalestore.com\/wp-content\/uploads\/2026\/03\/logo-header-yeni-1.webp\",\"contentUrl\":\"https:\/\/mesalestore.com\/wp-content\/uploads\/2026\/03\/logo-header-yeni-1.webp\",\"width\":419,\"height\":147,\"caption\":\"Me\u015fale Store\"},\"image\":{\"@id\":\"https:\/\/mesalestore.com\/en\/#\/schema\/logo\/image\/\"},\"sameAs\":[\"https:\/\/www.facebook.com\/mesalecay\",\"https:\/\/x.com\/mesalecaykazan\",\"https:\/\/www.instagram.com\/mesalecaykazan\/\"]}]}<\/script>\n<!-- \/ Yoast SEO plugin. -->","yoast_head_json":{"title":"Mizan 40 Cm'lik - 26 Litre Gazl\u0131 Kahveci Kazan\u0131 | Me\u015fale Store","description":"Mizan 40 Cm'lik - 26 Litre Gazl\u0131 Kahveci Kazan\u0131, 26 litre kapasitesi ve 40 cm geni\u015fli\u011fi ile y\u00fcksek talepleri kar\u015f\u0131lamak i\u00e7in tasarlanm\u0131\u015ft\u0131r. Gazl\u0131","robots":{"index":"index","follow":"follow","max-snippet":"max-snippet:-1","max-image-preview":"max-image-preview:large","max-video-preview":"max-video-preview:-1"},"canonical":"https:\/\/mesalestore.com\/en\/product\/mizan-40-cmlik-26-litre-gazli-kahveci-kazani\/","og_locale":"en_US","og_type":"article","og_title":"Mizan 40 Cm'lik - 26 Litre Gazl\u0131 Kahveci Kazan\u0131 | Me\u015fale Store","og_description":"Mizan 40 Cm'lik - 26 Litre Gazl\u0131 Kahveci Kazan\u0131, 26 litre kapasitesi ve 40 cm geni\u015fli\u011fi ile y\u00fcksek talepleri kar\u015f\u0131lamak i\u00e7in tasarlanm\u0131\u015ft\u0131r. Gazl\u0131","og_url":"https:\/\/mesalestore.com\/en\/product\/mizan-40-cmlik-26-litre-gazli-kahveci-kazani\/","og_site_name":"Me\u015fale Store","article_publisher":"https:\/\/www.facebook.com\/mesalecay","article_modified_time":"2026-04-10T21:59:11+00:00","og_image":[{"width":1600,"height":1200,"url":"https:\/\/mesalestore.com\/wp-content\/uploads\/2026\/03\/mizan-40-cmlik-26-litre-gazli-kahveci-d6db-.webp","type":"image\/webp"}],"twitter_card":"summary_large_image","twitter_site":"@mesalecaykazan","twitter_misc":{"Est. reading time":"1 minute"},"schema":{"@context":"https:\/\/schema.org","@graph":[{"@type":"WebPage","@id":"https:\/\/mesalestore.com\/en\/product\/mizan-40-cmlik-26-litre-gazli-kahveci-kazani\/","url":"https:\/\/mesalestore.com\/en\/product\/mizan-40-cmlik-26-litre-gazli-kahveci-kazani\/","name":"Mizan 40 Cm'lik - 26 Litre Gazl\u0131 Kahveci Kazan\u0131 | Me\u015fale Store","isPartOf":{"@id":"https:\/\/mesalestore.com\/en\/#website"},"primaryImageOfPage":{"@id":"https:\/\/mesalestore.com\/en\/product\/mizan-40-cmlik-26-litre-gazli-kahveci-kazani\/#primaryimage"},"image":{"@id":"https:\/\/mesalestore.com\/en\/product\/mizan-40-cmlik-26-litre-gazli-kahveci-kazani\/#primaryimage"},"thumbnailUrl":"https:\/\/mesalestore.com\/wp-content\/uploads\/2026\/03\/mizan-40-cmlik-26-litre-gazli-kahveci-d6db-.webp","datePublished":"2026-03-04T08:05:03+00:00","dateModified":"2026-04-10T21:59:11+00:00","description":"Mizan 40 Cm'lik - 26 Litre Gazl\u0131 Kahveci Kazan\u0131, 26 litre kapasitesi ve 40 cm geni\u015fli\u011fi ile y\u00fcksek talepleri kar\u015f\u0131lamak i\u00e7in tasarlanm\u0131\u015ft\u0131r. Gazl\u0131","breadcrumb":{"@id":"https:\/\/mesalestore.com\/en\/product\/mizan-40-cmlik-26-litre-gazli-kahveci-kazani\/#breadcrumb"},"inLanguage":"en-US","potentialAction":[{"@type":"ReadAction","target":["https:\/\/mesalestore.com\/en\/product\/mizan-40-cmlik-26-litre-gazli-kahveci-kazani\/"]}]},{"@type":"ImageObject","inLanguage":"en-US","@id":"https:\/\/mesalestore.com\/en\/product\/mizan-40-cmlik-26-litre-gazli-kahveci-kazani\/#primaryimage","url":"https:\/\/mesalestore.com\/wp-content\/uploads\/2026\/03\/mizan-40-cmlik-26-litre-gazli-kahveci-d6db-.webp","contentUrl":"https:\/\/mesalestore.com\/wp-content\/uploads\/2026\/03\/mizan-40-cmlik-26-litre-gazli-kahveci-d6db-.webp","width":1600,"height":1200},{"@type":"BreadcrumbList","@id":"https:\/\/mesalestore.com\/en\/product\/mizan-40-cmlik-26-litre-gazli-kahveci-kazani\/#breadcrumb","itemListElement":[{"@type":"ListItem","position":1,"name":"Anasayfa","item":"https:\/\/mesalestore.com\/en\/"},{"@type":"ListItem","position":2,"name":"Products","item":"https:\/\/mesalestore.com\/en\/shop\/"},{"@type":"ListItem","position":3,"name":"Mizan 40 Cm&#8217;lik &#8211; 26 Litre Gazl\u0131 Kahveci Kazan\u0131"}]},{"@type":"WebSite","@id":"https:\/\/mesalestore.com\/en\/#website","url":"https:\/\/mesalestore.com\/en\/","name":"Me\u015fale Store","description":"","publisher":{"@id":"https:\/\/mesalestore.com\/en\/#organization"},"potentialAction":[{"@type":"SearchAction","target":{"@type":"EntryPoint","urlTemplate":"https:\/\/mesalestore.com\/en\/?s={search_term_string}"},"query-input":{"@type":"PropertyValueSpecification","valueRequired":true,"valueName":"search_term_string"}}],"inLanguage":"en-US"},{"@type":"Organization","@id":"https:\/\/mesalestore.com\/en\/#organization","name":"Me\u015fale Store","url":"https:\/\/mesalestore.com\/en\/","logo":{"@type":"ImageObject","inLanguage":"en-US","@id":"https:\/\/mesalestore.com\/en\/#\/schema\/logo\/image\/","url":"https:\/\/mesalestore.com\/wp-content\/uploads\/2026\/03\/logo-header-yeni-1.webp","contentUrl":"https:\/\/mesalestore.com\/wp-content\/uploads\/2026\/03\/logo-header-yeni-1.webp","width":419,"height":147,"caption":"Me\u015fale Store"},"image":{"@id":"https:\/\/mesalestore.com\/en\/#\/schema\/logo\/image\/"},"sameAs":["https:\/\/www.facebook.com\/mesalecay","https:\/\/x.com\/mesalecaykazan","https:\/\/www.instagram.com\/mesalecaykazan\/"]}]}},"_links":{"self":[{"href":"https:\/\/mesalestore.com\/en\/wp-json\/wp\/v2\/product\/3734","targetHints":{"allow":["GET"]}}],"collection":[{"href":"https:\/\/mesalestore.com\/en\/wp-json\/wp\/v2\/product"}],"about":[{"href":"https:\/\/mesalestore.com\/en\/wp-json\/wp\/v2\/types\/product"}],"replies":[{"embeddable":true,"href":"https:\/\/mesalestore.com\/en\/wp-json\/wp\/v2\/comments?post=3734"}],"wp:featuredmedia":[{"embeddable":true,"href":"https:\/\/mesalestore.com\/en\/wp-json\/wp\/v2\/media\/3834"}],"wp:attachment":[{"href":"https:\/\/mesalestore.com\/en\/wp-json\/wp\/v2\/media?parent=3734"}],"wp:term":[{"taxonomy":"product_brand","embeddable":true,"href":"https:\/\/mesalestore.com\/en\/wp-json\/wp\/v2\/product_brand?post=3734"},{"taxonomy":"product_cat","embeddable":true,"href":"https:\/\/mesalestore.com\/en\/wp-json\/wp\/v2\/product_cat?post=3734"},{"taxonomy":"product_tag","embeddable":true,"href":"https:\/\/mesalestore.com\/en\/wp-json\/wp\/v2\/product_tag?post=3734"}],"curies":[{"name":"wp","href":"https:\/\/api.w.org\/{rel}","templated":true}]}}