{"id":3732,"date":"2026-03-04T11:05:03","date_gmt":"2026-03-04T08:05:03","guid":{"rendered":"https:\/\/mesalestore.com\/product\/mizan-15-cmlik-10-litre-gazli-kahveci-kazani\/"},"modified":"2026-04-11T00:59:11","modified_gmt":"2026-04-10T21:59:11","slug":"mizan-15-cmlik-10-litre-gazli-kahveci-kazani","status":"publish","type":"product","link":"https:\/\/mesalestore.com\/en\/product\/mizan-15-cmlik-10-litre-gazli-kahveci-kazani\/","title":{"rendered":"Mizan 15 Cm&#8217;lik &#8211; 10 Litre Gazl\u0131 Kahveci Kazan\u0131"},"content":{"rendered":"<p><strong>Mizan 15 Cm&#8217;lik &#8211; 10 Litre Gazl\u0131 Kahveci Kazan\u0131<\/strong>, <strong>10 litre kapasitesi<\/strong> ile k\u00fc\u00e7\u00fck i\u015fletmelerde h\u0131zl\u0131 ve etkili bir kahve \u00fcretimi sa\u011flar. <strong>Gazl\u0131 tasar\u0131m\u0131<\/strong>, sabit s\u0131cakl\u0131k sa\u011flarken ayn\u0131 zamanda enerji verimlili\u011fi sunar. <strong>Paslanmaz \u00e7elik yap\u0131s\u0131<\/strong>, uzun \u00f6m\u00fcrl\u00fc kullan\u0131m ve hijyenik bir ortam sa\u011flar. <strong>Gazl\u0131 kahveci kazan\u0131<\/strong> olarak, d\u0131\u015f mekanlarda veya enerji kayna\u011f\u0131na gazla ba\u011flanan i\u015fletmelerde rahatl\u0131kla kullan\u0131labilir. <strong>Elektrikli kahveci kazan\u0131<\/strong> gibi h\u0131zl\u0131 \u0131s\u0131nma imkan\u0131 sa\u011flar, ayr\u0131ca <strong>enerji verimli<\/strong> yap\u0131s\u0131 maliyetleri azalt\u0131r. <strong>Kafeler<\/strong> ve <strong>restoranlar<\/strong> gibi i\u015fletmelerde pratik ve g\u00fcvenilir bir \u00e7\u00f6z\u00fcm sunar. <strong>Otomatik kahve kazan\u0131<\/strong> fonksiyonu ile kolay kullan\u0131m ve verimli \u00e7al\u0131\u015fma imkan\u0131 sa\u011flar.<\/p>","protected":false},"excerpt":{"rendered":"<p>Mizan 15 Cm&#8217;lik &#8211; 10 Litre Gazl\u0131 Kahveci Kazan\u0131, 10 litre kapasitesi ile k\u00fc\u00e7\u00fck i\u015fletmelerde h\u0131zl\u0131 ve etkili bir kahve \u00fcretimi sa\u011flar. Gazl\u0131 tasar\u0131m\u0131, sabit s\u0131cakl\u0131k sa\u011flarken ayn\u0131 zamanda enerji verimlili\u011fi sunar. Paslanmaz \u00e7elik yap\u0131s\u0131, uzun \u00f6m\u00fcrl\u00fc kullan\u0131m ve hijyenik bir ortam sa\u011flar. Gazl\u0131 kahveci kazan\u0131 olarak, d\u0131\u015f mekanlarda veya enerji kayna\u011f\u0131na gazla ba\u011flanan i\u015fletmelerde [&hellip;]<\/p>\n","protected":false},"featured_media":3832,"comment_status":"closed","ping_status":"closed","template":"","meta":[],"product_brand":[7753],"product_cat":[7771],"product_tag":[1973,1974,1975,1977,2246,2247,2248,2249,1990,1991,1992,1978,2242,2243,2244,2245,1983,1984,1985,2254,2255,2256,2257,2005,2006,2007,1993,2250,2251,2252,2253,1998,1999,2000],"class_list":{"0":"post-3732","1":"product","2":"type-product","3":"status-publish","4":"has-post-thumbnail","6":"product_brand-mizan","7":"product_cat-cay-kazanlari","8":"product_tag-mizan","9":"product_tag-mizan-15","10":"product_tag-mizan-15-cmlik","11":"product_tag-mizan-15-cmlik-10","12":"product_tag-mizan-15-cmlik-10-gazli","13":"product_tag-mizan-15-cmlik-10-gazli-kahveci","14":"product_tag-mizan-15-cmlik-10-gazli-kahveci-kazani","15":"product_tag-mizan-15-cmlik-10-gazli-kazani","16":"product_tag-mizan-15-cmlik-10-kahveci","17":"product_tag-mizan-15-cmlik-10-kahveci-kazani","18":"product_tag-mizan-15-cmlik-10-kazani","19":"product_tag-mizan-15-cmlik-10-litre","20":"product_tag-mizan-15-cmlik-10-litre-gazli","21":"product_tag-mizan-15-cmlik-10-litre-gazli-kahveci","22":"product_tag-mizan-15-cmlik-10-litre-gazli-kahveci-kazani","23":"product_tag-mizan-15-cmlik-10-litre-gazli-kazani","24":"product_tag-mizan-15-cmlik-10-litre-kahveci","25":"product_tag-mizan-15-cmlik-10-litre-kahveci-kazani","26":"product_tag-mizan-15-cmlik-10-litre-kazani","27":"product_tag-mizan-15-cmlik-gazli","28":"product_tag-mizan-15-cmlik-gazli-kahveci","29":"product_tag-mizan-15-cmlik-gazli-kahveci-kazani","30":"product_tag-mizan-15-cmlik-gazli-kazani","31":"product_tag-mizan-15-cmlik-kahveci","32":"product_tag-mizan-15-cmlik-kahveci-kazani","33":"product_tag-mizan-15-cmlik-kazani","34":"product_tag-mizan-15-cmlik-litre","35":"product_tag-mizan-15-cmlik-litre-gazli","36":"product_tag-mizan-15-cmlik-litre-gazli-kahveci","37":"product_tag-mizan-15-cmlik-litre-gazli-kahveci-kazani","38":"product_tag-mizan-15-cmlik-litre-gazli-kazani","39":"product_tag-mizan-15-cmlik-litre-kahveci","40":"product_tag-mizan-15-cmlik-litre-kahveci-kazani","41":"product_tag-mizan-15-cmlik-litre-kazani","43":"first","44":"instock","45":"taxable","46":"shipping-taxable","47":"purchasable","48":"product-type-simple"},"yoast_head":"<!-- This site is optimized with the Yoast SEO plugin v27.1.1 - https:\/\/yoast.com\/product\/yoast-seo-wordpress\/ -->\n<title>Mizan 15 Cm&#039;lik - 10 Litre Gazl\u0131 Kahveci Kazan\u0131 | Me\u015fale Store<\/title>\n<meta name=\"description\" content=\"Mizan 15 Cm&#039;lik - 10 Litre Gazl\u0131 Kahveci Kazan\u0131, 10 litre kapasitesi ile k\u00fc\u00e7\u00fck i\u015fletmelerde h\u0131zl\u0131 ve etkili bir kahve \u00fcretimi sa\u011flar. Gazl\u0131 tasar\u0131m\u0131,\" \/>\n<meta name=\"robots\" content=\"index, follow, max-snippet:-1, max-image-preview:large, max-video-preview:-1\" \/>\n<link rel=\"canonical\" href=\"https:\/\/mesalestore.com\/en\/product\/mizan-15-cmlik-10-litre-gazli-kahveci-kazani\/\" \/>\n<meta property=\"og:locale\" content=\"en_US\" \/>\n<meta property=\"og:type\" content=\"article\" \/>\n<meta property=\"og:title\" content=\"Mizan 15 Cm&#039;lik - 10 Litre Gazl\u0131 Kahveci Kazan\u0131 | Me\u015fale Store\" \/>\n<meta property=\"og:description\" content=\"Mizan 15 Cm&#039;lik - 10 Litre Gazl\u0131 Kahveci Kazan\u0131, 10 litre kapasitesi ile k\u00fc\u00e7\u00fck i\u015fletmelerde h\u0131zl\u0131 ve etkili bir kahve \u00fcretimi sa\u011flar. Gazl\u0131 tasar\u0131m\u0131,\" \/>\n<meta property=\"og:url\" content=\"https:\/\/mesalestore.com\/en\/product\/mizan-15-cmlik-10-litre-gazli-kahveci-kazani\/\" \/>\n<meta property=\"og:site_name\" content=\"Me\u015fale Store\" \/>\n<meta property=\"article:publisher\" content=\"https:\/\/www.facebook.com\/mesalecay\" \/>\n<meta property=\"article:modified_time\" content=\"2026-04-10T21:59:11+00:00\" \/>\n<meta property=\"og:image\" content=\"https:\/\/mesalestore.com\/wp-content\/uploads\/2026\/03\/mizan-15-cmlik-10-litre-gazli-kahveci-57d799.webp\" \/>\n\t<meta property=\"og:image:width\" content=\"1600\" \/>\n\t<meta property=\"og:image:height\" content=\"1200\" \/>\n\t<meta property=\"og:image:type\" content=\"image\/webp\" \/>\n<meta name=\"twitter:card\" content=\"summary_large_image\" \/>\n<meta name=\"twitter:site\" content=\"@mesalecaykazan\" \/>\n<meta name=\"twitter:label1\" content=\"Est. reading time\" \/>\n\t<meta name=\"twitter:data1\" content=\"1 minute\" \/>\n<script type=\"application\/ld+json\" class=\"yoast-schema-graph\">{\"@context\":\"https:\/\/schema.org\",\"@graph\":[{\"@type\":\"WebPage\",\"@id\":\"https:\/\/mesalestore.com\/en\/product\/mizan-15-cmlik-10-litre-gazli-kahveci-kazani\/\",\"url\":\"https:\/\/mesalestore.com\/en\/product\/mizan-15-cmlik-10-litre-gazli-kahveci-kazani\/\",\"name\":\"Mizan 15 Cm'lik - 10 Litre Gazl\u0131 Kahveci Kazan\u0131 | Me\u015fale Store\",\"isPartOf\":{\"@id\":\"https:\/\/mesalestore.com\/en\/#website\"},\"primaryImageOfPage\":{\"@id\":\"https:\/\/mesalestore.com\/en\/product\/mizan-15-cmlik-10-litre-gazli-kahveci-kazani\/#primaryimage\"},\"image\":{\"@id\":\"https:\/\/mesalestore.com\/en\/product\/mizan-15-cmlik-10-litre-gazli-kahveci-kazani\/#primaryimage\"},\"thumbnailUrl\":\"https:\/\/mesalestore.com\/wp-content\/uploads\/2026\/03\/mizan-15-cmlik-10-litre-gazli-kahveci-57d799.webp\",\"datePublished\":\"2026-03-04T08:05:03+00:00\",\"dateModified\":\"2026-04-10T21:59:11+00:00\",\"description\":\"Mizan 15 Cm'lik - 10 Litre Gazl\u0131 Kahveci Kazan\u0131, 10 litre kapasitesi ile k\u00fc\u00e7\u00fck i\u015fletmelerde h\u0131zl\u0131 ve etkili bir kahve \u00fcretimi sa\u011flar. Gazl\u0131 tasar\u0131m\u0131,\",\"breadcrumb\":{\"@id\":\"https:\/\/mesalestore.com\/en\/product\/mizan-15-cmlik-10-litre-gazli-kahveci-kazani\/#breadcrumb\"},\"inLanguage\":\"en-US\",\"potentialAction\":[{\"@type\":\"ReadAction\",\"target\":[\"https:\/\/mesalestore.com\/en\/product\/mizan-15-cmlik-10-litre-gazli-kahveci-kazani\/\"]}]},{\"@type\":\"ImageObject\",\"inLanguage\":\"en-US\",\"@id\":\"https:\/\/mesalestore.com\/en\/product\/mizan-15-cmlik-10-litre-gazli-kahveci-kazani\/#primaryimage\",\"url\":\"https:\/\/mesalestore.com\/wp-content\/uploads\/2026\/03\/mizan-15-cmlik-10-litre-gazli-kahveci-57d799.webp\",\"contentUrl\":\"https:\/\/mesalestore.com\/wp-content\/uploads\/2026\/03\/mizan-15-cmlik-10-litre-gazli-kahveci-57d799.webp\",\"width\":1600,\"height\":1200},{\"@type\":\"BreadcrumbList\",\"@id\":\"https:\/\/mesalestore.com\/en\/product\/mizan-15-cmlik-10-litre-gazli-kahveci-kazani\/#breadcrumb\",\"itemListElement\":[{\"@type\":\"ListItem\",\"position\":1,\"name\":\"Anasayfa\",\"item\":\"https:\/\/mesalestore.com\/en\/\"},{\"@type\":\"ListItem\",\"position\":2,\"name\":\"Products\",\"item\":\"https:\/\/mesalestore.com\/en\/shop\/\"},{\"@type\":\"ListItem\",\"position\":3,\"name\":\"Mizan 15 Cm&#8217;lik &#8211; 10 Litre Gazl\u0131 Kahveci Kazan\u0131\"}]},{\"@type\":\"WebSite\",\"@id\":\"https:\/\/mesalestore.com\/en\/#website\",\"url\":\"https:\/\/mesalestore.com\/en\/\",\"name\":\"Me\u015fale Store\",\"description\":\"\",\"publisher\":{\"@id\":\"https:\/\/mesalestore.com\/en\/#organization\"},\"potentialAction\":[{\"@type\":\"SearchAction\",\"target\":{\"@type\":\"EntryPoint\",\"urlTemplate\":\"https:\/\/mesalestore.com\/en\/?s={search_term_string}\"},\"query-input\":{\"@type\":\"PropertyValueSpecification\",\"valueRequired\":true,\"valueName\":\"search_term_string\"}}],\"inLanguage\":\"en-US\"},{\"@type\":\"Organization\",\"@id\":\"https:\/\/mesalestore.com\/en\/#organization\",\"name\":\"Me\u015fale Store\",\"url\":\"https:\/\/mesalestore.com\/en\/\",\"logo\":{\"@type\":\"ImageObject\",\"inLanguage\":\"en-US\",\"@id\":\"https:\/\/mesalestore.com\/en\/#\/schema\/logo\/image\/\",\"url\":\"https:\/\/mesalestore.com\/wp-content\/uploads\/2026\/03\/logo-header-yeni-1.webp\",\"contentUrl\":\"https:\/\/mesalestore.com\/wp-content\/uploads\/2026\/03\/logo-header-yeni-1.webp\",\"width\":419,\"height\":147,\"caption\":\"Me\u015fale Store\"},\"image\":{\"@id\":\"https:\/\/mesalestore.com\/en\/#\/schema\/logo\/image\/\"},\"sameAs\":[\"https:\/\/www.facebook.com\/mesalecay\",\"https:\/\/x.com\/mesalecaykazan\",\"https:\/\/www.instagram.com\/mesalecaykazan\/\"]}]}<\/script>\n<!-- \/ Yoast SEO plugin. -->","yoast_head_json":{"title":"Mizan 15 Cm'lik - 10 Litre Gazl\u0131 Kahveci Kazan\u0131 | Me\u015fale Store","description":"Mizan 15 Cm'lik - 10 Litre Gazl\u0131 Kahveci Kazan\u0131, 10 litre kapasitesi ile k\u00fc\u00e7\u00fck i\u015fletmelerde h\u0131zl\u0131 ve etkili bir kahve \u00fcretimi sa\u011flar. Gazl\u0131 tasar\u0131m\u0131,","robots":{"index":"index","follow":"follow","max-snippet":"max-snippet:-1","max-image-preview":"max-image-preview:large","max-video-preview":"max-video-preview:-1"},"canonical":"https:\/\/mesalestore.com\/en\/product\/mizan-15-cmlik-10-litre-gazli-kahveci-kazani\/","og_locale":"en_US","og_type":"article","og_title":"Mizan 15 Cm'lik - 10 Litre Gazl\u0131 Kahveci Kazan\u0131 | Me\u015fale Store","og_description":"Mizan 15 Cm'lik - 10 Litre Gazl\u0131 Kahveci Kazan\u0131, 10 litre kapasitesi ile k\u00fc\u00e7\u00fck i\u015fletmelerde h\u0131zl\u0131 ve etkili bir kahve \u00fcretimi sa\u011flar. Gazl\u0131 tasar\u0131m\u0131,","og_url":"https:\/\/mesalestore.com\/en\/product\/mizan-15-cmlik-10-litre-gazli-kahveci-kazani\/","og_site_name":"Me\u015fale Store","article_publisher":"https:\/\/www.facebook.com\/mesalecay","article_modified_time":"2026-04-10T21:59:11+00:00","og_image":[{"width":1600,"height":1200,"url":"https:\/\/mesalestore.com\/wp-content\/uploads\/2026\/03\/mizan-15-cmlik-10-litre-gazli-kahveci-57d799.webp","type":"image\/webp"}],"twitter_card":"summary_large_image","twitter_site":"@mesalecaykazan","twitter_misc":{"Est. reading time":"1 minute"},"schema":{"@context":"https:\/\/schema.org","@graph":[{"@type":"WebPage","@id":"https:\/\/mesalestore.com\/en\/product\/mizan-15-cmlik-10-litre-gazli-kahveci-kazani\/","url":"https:\/\/mesalestore.com\/en\/product\/mizan-15-cmlik-10-litre-gazli-kahveci-kazani\/","name":"Mizan 15 Cm'lik - 10 Litre Gazl\u0131 Kahveci Kazan\u0131 | Me\u015fale Store","isPartOf":{"@id":"https:\/\/mesalestore.com\/en\/#website"},"primaryImageOfPage":{"@id":"https:\/\/mesalestore.com\/en\/product\/mizan-15-cmlik-10-litre-gazli-kahveci-kazani\/#primaryimage"},"image":{"@id":"https:\/\/mesalestore.com\/en\/product\/mizan-15-cmlik-10-litre-gazli-kahveci-kazani\/#primaryimage"},"thumbnailUrl":"https:\/\/mesalestore.com\/wp-content\/uploads\/2026\/03\/mizan-15-cmlik-10-litre-gazli-kahveci-57d799.webp","datePublished":"2026-03-04T08:05:03+00:00","dateModified":"2026-04-10T21:59:11+00:00","description":"Mizan 15 Cm'lik - 10 Litre Gazl\u0131 Kahveci Kazan\u0131, 10 litre kapasitesi ile k\u00fc\u00e7\u00fck i\u015fletmelerde h\u0131zl\u0131 ve etkili bir kahve \u00fcretimi sa\u011flar. Gazl\u0131 tasar\u0131m\u0131,","breadcrumb":{"@id":"https:\/\/mesalestore.com\/en\/product\/mizan-15-cmlik-10-litre-gazli-kahveci-kazani\/#breadcrumb"},"inLanguage":"en-US","potentialAction":[{"@type":"ReadAction","target":["https:\/\/mesalestore.com\/en\/product\/mizan-15-cmlik-10-litre-gazli-kahveci-kazani\/"]}]},{"@type":"ImageObject","inLanguage":"en-US","@id":"https:\/\/mesalestore.com\/en\/product\/mizan-15-cmlik-10-litre-gazli-kahveci-kazani\/#primaryimage","url":"https:\/\/mesalestore.com\/wp-content\/uploads\/2026\/03\/mizan-15-cmlik-10-litre-gazli-kahveci-57d799.webp","contentUrl":"https:\/\/mesalestore.com\/wp-content\/uploads\/2026\/03\/mizan-15-cmlik-10-litre-gazli-kahveci-57d799.webp","width":1600,"height":1200},{"@type":"BreadcrumbList","@id":"https:\/\/mesalestore.com\/en\/product\/mizan-15-cmlik-10-litre-gazli-kahveci-kazani\/#breadcrumb","itemListElement":[{"@type":"ListItem","position":1,"name":"Anasayfa","item":"https:\/\/mesalestore.com\/en\/"},{"@type":"ListItem","position":2,"name":"Products","item":"https:\/\/mesalestore.com\/en\/shop\/"},{"@type":"ListItem","position":3,"name":"Mizan 15 Cm&#8217;lik &#8211; 10 Litre Gazl\u0131 Kahveci Kazan\u0131"}]},{"@type":"WebSite","@id":"https:\/\/mesalestore.com\/en\/#website","url":"https:\/\/mesalestore.com\/en\/","name":"Me\u015fale Store","description":"","publisher":{"@id":"https:\/\/mesalestore.com\/en\/#organization"},"potentialAction":[{"@type":"SearchAction","target":{"@type":"EntryPoint","urlTemplate":"https:\/\/mesalestore.com\/en\/?s={search_term_string}"},"query-input":{"@type":"PropertyValueSpecification","valueRequired":true,"valueName":"search_term_string"}}],"inLanguage":"en-US"},{"@type":"Organization","@id":"https:\/\/mesalestore.com\/en\/#organization","name":"Me\u015fale Store","url":"https:\/\/mesalestore.com\/en\/","logo":{"@type":"ImageObject","inLanguage":"en-US","@id":"https:\/\/mesalestore.com\/en\/#\/schema\/logo\/image\/","url":"https:\/\/mesalestore.com\/wp-content\/uploads\/2026\/03\/logo-header-yeni-1.webp","contentUrl":"https:\/\/mesalestore.com\/wp-content\/uploads\/2026\/03\/logo-header-yeni-1.webp","width":419,"height":147,"caption":"Me\u015fale Store"},"image":{"@id":"https:\/\/mesalestore.com\/en\/#\/schema\/logo\/image\/"},"sameAs":["https:\/\/www.facebook.com\/mesalecay","https:\/\/x.com\/mesalecaykazan","https:\/\/www.instagram.com\/mesalecaykazan\/"]}]}},"_links":{"self":[{"href":"https:\/\/mesalestore.com\/en\/wp-json\/wp\/v2\/product\/3732","targetHints":{"allow":["GET"]}}],"collection":[{"href":"https:\/\/mesalestore.com\/en\/wp-json\/wp\/v2\/product"}],"about":[{"href":"https:\/\/mesalestore.com\/en\/wp-json\/wp\/v2\/types\/product"}],"replies":[{"embeddable":true,"href":"https:\/\/mesalestore.com\/en\/wp-json\/wp\/v2\/comments?post=3732"}],"wp:featuredmedia":[{"embeddable":true,"href":"https:\/\/mesalestore.com\/en\/wp-json\/wp\/v2\/media\/3832"}],"wp:attachment":[{"href":"https:\/\/mesalestore.com\/en\/wp-json\/wp\/v2\/media?parent=3732"}],"wp:term":[{"taxonomy":"product_brand","embeddable":true,"href":"https:\/\/mesalestore.com\/en\/wp-json\/wp\/v2\/product_brand?post=3732"},{"taxonomy":"product_cat","embeddable":true,"href":"https:\/\/mesalestore.com\/en\/wp-json\/wp\/v2\/product_cat?post=3732"},{"taxonomy":"product_tag","embeddable":true,"href":"https:\/\/mesalestore.com\/en\/wp-json\/wp\/v2\/product_tag?post=3732"}],"curies":[{"name":"wp","href":"https:\/\/api.w.org\/{rel}","templated":true}]}}