{"id":3731,"date":"2026-03-04T11:05:03","date_gmt":"2026-03-04T08:05:03","guid":{"rendered":"https:\/\/mesalestore.com\/product\/mizan-40-cmlik-26-litre-pleytli-kahveci-kazani\/"},"modified":"2026-04-11T00:59:10","modified_gmt":"2026-04-10T21:59:10","slug":"mizan-40-cmlik-26-litre-pleytli-kahveci-kazani","status":"publish","type":"product","link":"https:\/\/mesalestore.com\/en\/product\/mizan-40-cmlik-26-litre-pleytli-kahveci-kazani\/","title":{"rendered":"Mizan 40 Cm&#8217;lik &#8211; 26 Litre Pleytli Kahveci Kazan\u0131"},"content":{"rendered":"<p><strong>Mizan 40 Cm&#8217;lik &#8211; 26 Litre Pleytli Kahveci Kazan\u0131<\/strong>, <strong>26 litre kapasitesi<\/strong> ve <strong>40 cm geni\u015fli\u011fi<\/strong> ile y\u00fcksek talep g\u00f6ren i\u015fletmeler i\u00e7in m\u00fckemmel bir \u00e7\u00f6z\u00fcmd\u00fcr. <strong>Pleytli tasar\u0131m\u0131<\/strong>, kahveye sabit s\u0131cakl\u0131k sa\u011flayarak daha verimli bir kullan\u0131m sunar. <strong>Paslanmaz \u00e7elik yap\u0131s\u0131<\/strong>, hem dayan\u0131kl\u0131 hem de hijyenik bir kullan\u0131m imkan\u0131 sa\u011flar. <strong>Elektrikli kahveci kazan\u0131<\/strong> olarak, h\u0131zl\u0131 \u0131s\u0131nma sa\u011flar ve <strong>end\u00fcstriyel kahve kazan\u0131<\/strong> olarak yo\u011fun kullan\u0131ma dayan\u0131kl\u0131d\u0131r. <strong>Otomatik kahve kazan\u0131<\/strong> fonksiyonu ile pratik bir kullan\u0131m sunar, ayr\u0131ca <strong>enerji verimli<\/strong> yap\u0131s\u0131 ile i\u015fletme maliyetlerini d\u00fc\u015f\u00fcr\u00fcr. <strong>Kafeler<\/strong> ve <strong>restoranlar<\/strong> gibi i\u015fletmelerde y\u00fcksek performansla kullan\u0131labilir, s\u00fcrekli s\u0131cak i\u00e7ecek \u00fcretimi sa\u011flar.<\/p>","protected":false},"excerpt":{"rendered":"<p>Mizan 40 Cm&#8217;lik &#8211; 26 Litre Pleytli Kahveci Kazan\u0131, 26 litre kapasitesi ve 40 cm geni\u015fli\u011fi ile y\u00fcksek talep g\u00f6ren i\u015fletmeler i\u00e7in m\u00fckemmel bir \u00e7\u00f6z\u00fcmd\u00fcr. Pleytli tasar\u0131m\u0131, kahveye sabit s\u0131cakl\u0131k sa\u011flayarak daha verimli bir kullan\u0131m sunar. Paslanmaz \u00e7elik yap\u0131s\u0131, hem dayan\u0131kl\u0131 hem de hijyenik bir kullan\u0131m imkan\u0131 sa\u011flar. Elektrikli kahveci kazan\u0131 olarak, h\u0131zl\u0131 \u0131s\u0131nma sa\u011flar [&hellip;]<\/p>\n","protected":false},"featured_media":3831,"comment_status":"closed","ping_status":"closed","template":"","meta":[],"product_brand":[7753],"product_cat":[7771],"product_tag":[],"class_list":{"0":"post-3731","1":"product","2":"type-product","3":"status-publish","4":"has-post-thumbnail","6":"product_brand-mizan","7":"product_cat-cay-kazanlari","9":"first","10":"instock","11":"taxable","12":"shipping-taxable","13":"purchasable","14":"product-type-simple"},"yoast_head":"<!-- This site is optimized with the Yoast SEO plugin v27.1.1 - https:\/\/yoast.com\/product\/yoast-seo-wordpress\/ -->\n<title>Mizan 40 Cm&#039;lik - 26 Litre Pleytli Kahveci Kazan\u0131 | Me\u015fale Store<\/title>\n<meta name=\"description\" content=\"Mizan 40 Cm&#039;lik - 26 Litre Pleytli Kahveci Kazan\u0131, 26 litre kapasitesi ve 40 cm geni\u015fli\u011fi ile y\u00fcksek talep g\u00f6ren i\u015fletmeler i\u00e7in m\u00fckemmel bir \u00e7\u00f6z\u00fcmd\u00fcr.\" \/>\n<meta name=\"robots\" content=\"index, follow, max-snippet:-1, max-image-preview:large, max-video-preview:-1\" \/>\n<link rel=\"canonical\" href=\"https:\/\/mesalestore.com\/en\/product\/mizan-40-cmlik-26-litre-pleytli-kahveci-kazani\/\" \/>\n<meta property=\"og:locale\" content=\"en_US\" \/>\n<meta property=\"og:type\" content=\"article\" \/>\n<meta property=\"og:title\" content=\"Mizan 40 Cm&#039;lik - 26 Litre Pleytli Kahveci Kazan\u0131 | Me\u015fale Store\" \/>\n<meta property=\"og:description\" content=\"Mizan 40 Cm&#039;lik - 26 Litre Pleytli Kahveci Kazan\u0131, 26 litre kapasitesi ve 40 cm geni\u015fli\u011fi ile y\u00fcksek talep g\u00f6ren i\u015fletmeler i\u00e7in m\u00fckemmel bir \u00e7\u00f6z\u00fcmd\u00fcr.\" \/>\n<meta property=\"og:url\" content=\"https:\/\/mesalestore.com\/en\/product\/mizan-40-cmlik-26-litre-pleytli-kahveci-kazani\/\" \/>\n<meta property=\"og:site_name\" content=\"Me\u015fale Store\" \/>\n<meta property=\"article:publisher\" content=\"https:\/\/www.facebook.com\/mesalecay\" \/>\n<meta property=\"article:modified_time\" content=\"2026-04-10T21:59:10+00:00\" \/>\n<meta property=\"og:image\" content=\"https:\/\/mesalestore.com\/wp-content\/uploads\/2026\/03\/mizan-40-cmlik-26-litre-pleytli-kahvec-f098fe.webp\" \/>\n\t<meta property=\"og:image:width\" content=\"1600\" \/>\n\t<meta property=\"og:image:height\" content=\"1200\" \/>\n\t<meta property=\"og:image:type\" content=\"image\/webp\" \/>\n<meta name=\"twitter:card\" content=\"summary_large_image\" \/>\n<meta name=\"twitter:site\" content=\"@mesalecaykazan\" \/>\n<meta name=\"twitter:label1\" content=\"Est. reading time\" \/>\n\t<meta name=\"twitter:data1\" content=\"1 minute\" \/>\n<script type=\"application\/ld+json\" class=\"yoast-schema-graph\">{\"@context\":\"https:\/\/schema.org\",\"@graph\":[{\"@type\":\"WebPage\",\"@id\":\"https:\/\/mesalestore.com\/en\/product\/mizan-40-cmlik-26-litre-pleytli-kahveci-kazani\/\",\"url\":\"https:\/\/mesalestore.com\/en\/product\/mizan-40-cmlik-26-litre-pleytli-kahveci-kazani\/\",\"name\":\"Mizan 40 Cm'lik - 26 Litre Pleytli Kahveci Kazan\u0131 | Me\u015fale Store\",\"isPartOf\":{\"@id\":\"https:\/\/mesalestore.com\/en\/#website\"},\"primaryImageOfPage\":{\"@id\":\"https:\/\/mesalestore.com\/en\/product\/mizan-40-cmlik-26-litre-pleytli-kahveci-kazani\/#primaryimage\"},\"image\":{\"@id\":\"https:\/\/mesalestore.com\/en\/product\/mizan-40-cmlik-26-litre-pleytli-kahveci-kazani\/#primaryimage\"},\"thumbnailUrl\":\"https:\/\/mesalestore.com\/wp-content\/uploads\/2026\/03\/mizan-40-cmlik-26-litre-pleytli-kahvec-f098fe.webp\",\"datePublished\":\"2026-03-04T08:05:03+00:00\",\"dateModified\":\"2026-04-10T21:59:10+00:00\",\"description\":\"Mizan 40 Cm'lik - 26 Litre Pleytli Kahveci Kazan\u0131, 26 litre kapasitesi ve 40 cm geni\u015fli\u011fi ile y\u00fcksek talep g\u00f6ren i\u015fletmeler i\u00e7in m\u00fckemmel bir \u00e7\u00f6z\u00fcmd\u00fcr.\",\"breadcrumb\":{\"@id\":\"https:\/\/mesalestore.com\/en\/product\/mizan-40-cmlik-26-litre-pleytli-kahveci-kazani\/#breadcrumb\"},\"inLanguage\":\"en-US\",\"potentialAction\":[{\"@type\":\"ReadAction\",\"target\":[\"https:\/\/mesalestore.com\/en\/product\/mizan-40-cmlik-26-litre-pleytli-kahveci-kazani\/\"]}]},{\"@type\":\"ImageObject\",\"inLanguage\":\"en-US\",\"@id\":\"https:\/\/mesalestore.com\/en\/product\/mizan-40-cmlik-26-litre-pleytli-kahveci-kazani\/#primaryimage\",\"url\":\"https:\/\/mesalestore.com\/wp-content\/uploads\/2026\/03\/mizan-40-cmlik-26-litre-pleytli-kahvec-f098fe.webp\",\"contentUrl\":\"https:\/\/mesalestore.com\/wp-content\/uploads\/2026\/03\/mizan-40-cmlik-26-litre-pleytli-kahvec-f098fe.webp\",\"width\":1600,\"height\":1200},{\"@type\":\"BreadcrumbList\",\"@id\":\"https:\/\/mesalestore.com\/en\/product\/mizan-40-cmlik-26-litre-pleytli-kahveci-kazani\/#breadcrumb\",\"itemListElement\":[{\"@type\":\"ListItem\",\"position\":1,\"name\":\"Anasayfa\",\"item\":\"https:\/\/mesalestore.com\/en\/\"},{\"@type\":\"ListItem\",\"position\":2,\"name\":\"Products\",\"item\":\"https:\/\/mesalestore.com\/en\/shop\/\"},{\"@type\":\"ListItem\",\"position\":3,\"name\":\"Mizan 40 Cm&#8217;lik &#8211; 26 Litre Pleytli Kahveci Kazan\u0131\"}]},{\"@type\":\"WebSite\",\"@id\":\"https:\/\/mesalestore.com\/en\/#website\",\"url\":\"https:\/\/mesalestore.com\/en\/\",\"name\":\"Me\u015fale Store\",\"description\":\"\",\"publisher\":{\"@id\":\"https:\/\/mesalestore.com\/en\/#organization\"},\"potentialAction\":[{\"@type\":\"SearchAction\",\"target\":{\"@type\":\"EntryPoint\",\"urlTemplate\":\"https:\/\/mesalestore.com\/en\/?s={search_term_string}\"},\"query-input\":{\"@type\":\"PropertyValueSpecification\",\"valueRequired\":true,\"valueName\":\"search_term_string\"}}],\"inLanguage\":\"en-US\"},{\"@type\":\"Organization\",\"@id\":\"https:\/\/mesalestore.com\/en\/#organization\",\"name\":\"Me\u015fale Store\",\"url\":\"https:\/\/mesalestore.com\/en\/\",\"logo\":{\"@type\":\"ImageObject\",\"inLanguage\":\"en-US\",\"@id\":\"https:\/\/mesalestore.com\/en\/#\/schema\/logo\/image\/\",\"url\":\"https:\/\/mesalestore.com\/wp-content\/uploads\/2026\/03\/logo-header-yeni-1.webp\",\"contentUrl\":\"https:\/\/mesalestore.com\/wp-content\/uploads\/2026\/03\/logo-header-yeni-1.webp\",\"width\":419,\"height\":147,\"caption\":\"Me\u015fale Store\"},\"image\":{\"@id\":\"https:\/\/mesalestore.com\/en\/#\/schema\/logo\/image\/\"},\"sameAs\":[\"https:\/\/www.facebook.com\/mesalecay\",\"https:\/\/x.com\/mesalecaykazan\",\"https:\/\/www.instagram.com\/mesalecaykazan\/\"]}]}<\/script>\n<!-- \/ Yoast SEO plugin. -->","yoast_head_json":{"title":"Mizan 40 Cm'lik - 26 Litre Pleytli Kahveci Kazan\u0131 | Me\u015fale Store","description":"Mizan 40 Cm'lik - 26 Litre Pleytli Kahveci Kazan\u0131, 26 litre kapasitesi ve 40 cm geni\u015fli\u011fi ile y\u00fcksek talep g\u00f6ren i\u015fletmeler i\u00e7in m\u00fckemmel bir \u00e7\u00f6z\u00fcmd\u00fcr.","robots":{"index":"index","follow":"follow","max-snippet":"max-snippet:-1","max-image-preview":"max-image-preview:large","max-video-preview":"max-video-preview:-1"},"canonical":"https:\/\/mesalestore.com\/en\/product\/mizan-40-cmlik-26-litre-pleytli-kahveci-kazani\/","og_locale":"en_US","og_type":"article","og_title":"Mizan 40 Cm'lik - 26 Litre Pleytli Kahveci Kazan\u0131 | Me\u015fale Store","og_description":"Mizan 40 Cm'lik - 26 Litre Pleytli Kahveci Kazan\u0131, 26 litre kapasitesi ve 40 cm geni\u015fli\u011fi ile y\u00fcksek talep g\u00f6ren i\u015fletmeler i\u00e7in m\u00fckemmel bir \u00e7\u00f6z\u00fcmd\u00fcr.","og_url":"https:\/\/mesalestore.com\/en\/product\/mizan-40-cmlik-26-litre-pleytli-kahveci-kazani\/","og_site_name":"Me\u015fale Store","article_publisher":"https:\/\/www.facebook.com\/mesalecay","article_modified_time":"2026-04-10T21:59:10+00:00","og_image":[{"width":1600,"height":1200,"url":"https:\/\/mesalestore.com\/wp-content\/uploads\/2026\/03\/mizan-40-cmlik-26-litre-pleytli-kahvec-f098fe.webp","type":"image\/webp"}],"twitter_card":"summary_large_image","twitter_site":"@mesalecaykazan","twitter_misc":{"Est. reading time":"1 minute"},"schema":{"@context":"https:\/\/schema.org","@graph":[{"@type":"WebPage","@id":"https:\/\/mesalestore.com\/en\/product\/mizan-40-cmlik-26-litre-pleytli-kahveci-kazani\/","url":"https:\/\/mesalestore.com\/en\/product\/mizan-40-cmlik-26-litre-pleytli-kahveci-kazani\/","name":"Mizan 40 Cm'lik - 26 Litre Pleytli Kahveci Kazan\u0131 | Me\u015fale Store","isPartOf":{"@id":"https:\/\/mesalestore.com\/en\/#website"},"primaryImageOfPage":{"@id":"https:\/\/mesalestore.com\/en\/product\/mizan-40-cmlik-26-litre-pleytli-kahveci-kazani\/#primaryimage"},"image":{"@id":"https:\/\/mesalestore.com\/en\/product\/mizan-40-cmlik-26-litre-pleytli-kahveci-kazani\/#primaryimage"},"thumbnailUrl":"https:\/\/mesalestore.com\/wp-content\/uploads\/2026\/03\/mizan-40-cmlik-26-litre-pleytli-kahvec-f098fe.webp","datePublished":"2026-03-04T08:05:03+00:00","dateModified":"2026-04-10T21:59:10+00:00","description":"Mizan 40 Cm'lik - 26 Litre Pleytli Kahveci Kazan\u0131, 26 litre kapasitesi ve 40 cm geni\u015fli\u011fi ile y\u00fcksek talep g\u00f6ren i\u015fletmeler i\u00e7in m\u00fckemmel bir \u00e7\u00f6z\u00fcmd\u00fcr.","breadcrumb":{"@id":"https:\/\/mesalestore.com\/en\/product\/mizan-40-cmlik-26-litre-pleytli-kahveci-kazani\/#breadcrumb"},"inLanguage":"en-US","potentialAction":[{"@type":"ReadAction","target":["https:\/\/mesalestore.com\/en\/product\/mizan-40-cmlik-26-litre-pleytli-kahveci-kazani\/"]}]},{"@type":"ImageObject","inLanguage":"en-US","@id":"https:\/\/mesalestore.com\/en\/product\/mizan-40-cmlik-26-litre-pleytli-kahveci-kazani\/#primaryimage","url":"https:\/\/mesalestore.com\/wp-content\/uploads\/2026\/03\/mizan-40-cmlik-26-litre-pleytli-kahvec-f098fe.webp","contentUrl":"https:\/\/mesalestore.com\/wp-content\/uploads\/2026\/03\/mizan-40-cmlik-26-litre-pleytli-kahvec-f098fe.webp","width":1600,"height":1200},{"@type":"BreadcrumbList","@id":"https:\/\/mesalestore.com\/en\/product\/mizan-40-cmlik-26-litre-pleytli-kahveci-kazani\/#breadcrumb","itemListElement":[{"@type":"ListItem","position":1,"name":"Anasayfa","item":"https:\/\/mesalestore.com\/en\/"},{"@type":"ListItem","position":2,"name":"Products","item":"https:\/\/mesalestore.com\/en\/shop\/"},{"@type":"ListItem","position":3,"name":"Mizan 40 Cm&#8217;lik &#8211; 26 Litre Pleytli Kahveci Kazan\u0131"}]},{"@type":"WebSite","@id":"https:\/\/mesalestore.com\/en\/#website","url":"https:\/\/mesalestore.com\/en\/","name":"Me\u015fale Store","description":"","publisher":{"@id":"https:\/\/mesalestore.com\/en\/#organization"},"potentialAction":[{"@type":"SearchAction","target":{"@type":"EntryPoint","urlTemplate":"https:\/\/mesalestore.com\/en\/?s={search_term_string}"},"query-input":{"@type":"PropertyValueSpecification","valueRequired":true,"valueName":"search_term_string"}}],"inLanguage":"en-US"},{"@type":"Organization","@id":"https:\/\/mesalestore.com\/en\/#organization","name":"Me\u015fale Store","url":"https:\/\/mesalestore.com\/en\/","logo":{"@type":"ImageObject","inLanguage":"en-US","@id":"https:\/\/mesalestore.com\/en\/#\/schema\/logo\/image\/","url":"https:\/\/mesalestore.com\/wp-content\/uploads\/2026\/03\/logo-header-yeni-1.webp","contentUrl":"https:\/\/mesalestore.com\/wp-content\/uploads\/2026\/03\/logo-header-yeni-1.webp","width":419,"height":147,"caption":"Me\u015fale Store"},"image":{"@id":"https:\/\/mesalestore.com\/en\/#\/schema\/logo\/image\/"},"sameAs":["https:\/\/www.facebook.com\/mesalecay","https:\/\/x.com\/mesalecaykazan","https:\/\/www.instagram.com\/mesalecaykazan\/"]}]}},"_links":{"self":[{"href":"https:\/\/mesalestore.com\/en\/wp-json\/wp\/v2\/product\/3731","targetHints":{"allow":["GET"]}}],"collection":[{"href":"https:\/\/mesalestore.com\/en\/wp-json\/wp\/v2\/product"}],"about":[{"href":"https:\/\/mesalestore.com\/en\/wp-json\/wp\/v2\/types\/product"}],"replies":[{"embeddable":true,"href":"https:\/\/mesalestore.com\/en\/wp-json\/wp\/v2\/comments?post=3731"}],"wp:featuredmedia":[{"embeddable":true,"href":"https:\/\/mesalestore.com\/en\/wp-json\/wp\/v2\/media\/3831"}],"wp:attachment":[{"href":"https:\/\/mesalestore.com\/en\/wp-json\/wp\/v2\/media?parent=3731"}],"wp:term":[{"taxonomy":"product_brand","embeddable":true,"href":"https:\/\/mesalestore.com\/en\/wp-json\/wp\/v2\/product_brand?post=3731"},{"taxonomy":"product_cat","embeddable":true,"href":"https:\/\/mesalestore.com\/en\/wp-json\/wp\/v2\/product_cat?post=3731"},{"taxonomy":"product_tag","embeddable":true,"href":"https:\/\/mesalestore.com\/en\/wp-json\/wp\/v2\/product_tag?post=3731"}],"curies":[{"name":"wp","href":"https:\/\/api.w.org\/{rel}","templated":true}]}}