{"id":3729,"date":"2026-03-04T11:05:02","date_gmt":"2026-03-04T08:05:02","guid":{"rendered":"https:\/\/mesalestore.com\/product\/mizan-15-cmlik-10-litre-pleytli-kahveci-kazani\/"},"modified":"2026-04-11T00:59:11","modified_gmt":"2026-04-10T21:59:11","slug":"mizan-15-cmlik-10-litre-pleytli-kahveci-kazani","status":"publish","type":"product","link":"https:\/\/mesalestore.com\/en\/product\/mizan-15-cmlik-10-litre-pleytli-kahveci-kazani\/","title":{"rendered":"Mizan 15 Cm&#8217;lik &#8211; 10 Litre Pleytli Kahveci Kazan\u0131"},"content":{"rendered":"<p><strong>Mizan 15 Cm&#8217;lik &#8211; 10 Litre Pleytli Kahveci Kazan\u0131<\/strong>, <strong>10 litre kapasitesi<\/strong> ile k\u00fc\u00e7\u00fck ve orta \u00f6l\u00e7ekli i\u015fletmeler i\u00e7in m\u00fckemmel bir \u00e7\u00f6z\u00fcmd\u00fcr. <strong>Pleytli tasar\u0131m\u0131<\/strong>, kahveye sabit s\u0131cakl\u0131k sa\u011flarken, <strong>enerji verimli<\/strong> kullan\u0131m imkan\u0131 sunar. <strong>Paslanmaz \u00e7elik yap\u0131s\u0131<\/strong> dayan\u0131kl\u0131l\u0131\u011f\u0131 art\u0131r\u0131r ve temizli\u011fi kolayla\u015ft\u0131r\u0131r. <strong>Elektrikli kahveci kazan\u0131<\/strong> olarak h\u0131zl\u0131 \u0131s\u0131nma sa\u011flar ve sabit s\u0131cakl\u0131k kontrol\u00fc ile m\u00fckemmel kahve demleme imkan\u0131 sunar. <strong>End\u00fcstriyel kahve kazan\u0131<\/strong> olarak, yo\u011fun i\u015fletmelerde verimli bir \u015fekilde kullan\u0131labilir. <strong>Otomatik kahve kazan\u0131<\/strong> fonksiyonu sayesinde kullan\u0131c\u0131 dostudur ve enerji tasarrufu sa\u011flar. Bu model, <strong>kafeler<\/strong> ve <strong>restoranlar<\/strong> gibi i\u015fletmelerde y\u00fcksek performans ve verimli kullan\u0131m sunar.<\/p>","protected":false},"excerpt":{"rendered":"<p>Mizan 15 Cm&#8217;lik &#8211; 10 Litre Pleytli Kahveci Kazan\u0131, 10 litre kapasitesi ile k\u00fc\u00e7\u00fck ve orta \u00f6l\u00e7ekli i\u015fletmeler i\u00e7in m\u00fckemmel bir \u00e7\u00f6z\u00fcmd\u00fcr. Pleytli tasar\u0131m\u0131, kahveye sabit s\u0131cakl\u0131k sa\u011flarken, enerji verimli kullan\u0131m imkan\u0131 sunar. Paslanmaz \u00e7elik yap\u0131s\u0131 dayan\u0131kl\u0131l\u0131\u011f\u0131 art\u0131r\u0131r ve temizli\u011fi kolayla\u015ft\u0131r\u0131r. Elektrikli kahveci kazan\u0131 olarak h\u0131zl\u0131 \u0131s\u0131nma sa\u011flar ve sabit s\u0131cakl\u0131k kontrol\u00fc ile m\u00fckemmel kahve [&hellip;]<\/p>\n","protected":false},"featured_media":3839,"comment_status":"closed","ping_status":"closed","template":"","meta":[],"product_brand":[7753],"product_cat":[7771],"product_tag":[1973,1974,1975,1977,1990,1991,1992,1978,1983,1984,1985,2170,2171,2172,2173,2174,2175,2176,2177,2005,2006,2007,1993,1998,1999,2000,2178,2179,2180,2181,2182,2183,2184,2185],"class_list":{"0":"post-3729","1":"product","2":"type-product","3":"status-publish","4":"has-post-thumbnail","6":"product_brand-mizan","7":"product_cat-cay-kazanlari","8":"product_tag-mizan","9":"product_tag-mizan-15","10":"product_tag-mizan-15-cmlik","11":"product_tag-mizan-15-cmlik-10","12":"product_tag-mizan-15-cmlik-10-kahveci","13":"product_tag-mizan-15-cmlik-10-kahveci-kazani","14":"product_tag-mizan-15-cmlik-10-kazani","15":"product_tag-mizan-15-cmlik-10-litre","16":"product_tag-mizan-15-cmlik-10-litre-kahveci","17":"product_tag-mizan-15-cmlik-10-litre-kahveci-kazani","18":"product_tag-mizan-15-cmlik-10-litre-kazani","19":"product_tag-mizan-15-cmlik-10-litre-pleytli","20":"product_tag-mizan-15-cmlik-10-litre-pleytli-kahveci","21":"product_tag-mizan-15-cmlik-10-litre-pleytli-kahveci-kazani","22":"product_tag-mizan-15-cmlik-10-litre-pleytli-kazani","23":"product_tag-mizan-15-cmlik-10-pleytli","24":"product_tag-mizan-15-cmlik-10-pleytli-kahveci","25":"product_tag-mizan-15-cmlik-10-pleytli-kahveci-kazani","26":"product_tag-mizan-15-cmlik-10-pleytli-kazani","27":"product_tag-mizan-15-cmlik-kahveci","28":"product_tag-mizan-15-cmlik-kahveci-kazani","29":"product_tag-mizan-15-cmlik-kazani","30":"product_tag-mizan-15-cmlik-litre","31":"product_tag-mizan-15-cmlik-litre-kahveci","32":"product_tag-mizan-15-cmlik-litre-kahveci-kazani","33":"product_tag-mizan-15-cmlik-litre-kazani","34":"product_tag-mizan-15-cmlik-litre-pleytli","35":"product_tag-mizan-15-cmlik-litre-pleytli-kahveci","36":"product_tag-mizan-15-cmlik-litre-pleytli-kahveci-kazani","37":"product_tag-mizan-15-cmlik-litre-pleytli-kazani","38":"product_tag-mizan-15-cmlik-pleytli","39":"product_tag-mizan-15-cmlik-pleytli-kahveci","40":"product_tag-mizan-15-cmlik-pleytli-kahveci-kazani","41":"product_tag-mizan-15-cmlik-pleytli-kazani","43":"first","44":"instock","45":"sale","46":"taxable","47":"shipping-taxable","48":"purchasable","49":"product-type-simple"},"yoast_head":"<!-- This site is optimized with the Yoast SEO plugin v27.1.1 - https:\/\/yoast.com\/product\/yoast-seo-wordpress\/ -->\n<title>Mizan 15 Cm&#039;lik - 10 Litre Pleytli Kahveci Kazan\u0131 | Me\u015fale Store<\/title>\n<meta name=\"description\" content=\"Mizan 15 Cm&#039;lik - 10 Litre Pleytli Kahveci Kazan\u0131, 10 litre kapasitesi ile k\u00fc\u00e7\u00fck ve orta \u00f6l\u00e7ekli i\u015fletmeler i\u00e7in m\u00fckemmel bir \u00e7\u00f6z\u00fcmd\u00fcr. Pleytli tasar\u0131m\u0131,\" \/>\n<meta name=\"robots\" content=\"index, follow, max-snippet:-1, max-image-preview:large, max-video-preview:-1\" \/>\n<link rel=\"canonical\" href=\"https:\/\/mesalestore.com\/en\/product\/mizan-15-cmlik-10-litre-pleytli-kahveci-kazani\/\" \/>\n<meta property=\"og:locale\" content=\"en_US\" \/>\n<meta property=\"og:type\" content=\"article\" \/>\n<meta property=\"og:title\" content=\"Mizan 15 Cm&#039;lik - 10 Litre Pleytli Kahveci Kazan\u0131 | Me\u015fale Store\" \/>\n<meta property=\"og:description\" content=\"Mizan 15 Cm&#039;lik - 10 Litre Pleytli Kahveci Kazan\u0131, 10 litre kapasitesi ile k\u00fc\u00e7\u00fck ve orta \u00f6l\u00e7ekli i\u015fletmeler i\u00e7in m\u00fckemmel bir \u00e7\u00f6z\u00fcmd\u00fcr. Pleytli tasar\u0131m\u0131,\" \/>\n<meta property=\"og:url\" content=\"https:\/\/mesalestore.com\/en\/product\/mizan-15-cmlik-10-litre-pleytli-kahveci-kazani\/\" \/>\n<meta property=\"og:site_name\" content=\"Me\u015fale Store\" \/>\n<meta property=\"article:publisher\" content=\"https:\/\/www.facebook.com\/mesalecay\" \/>\n<meta property=\"article:modified_time\" content=\"2026-04-10T21:59:11+00:00\" \/>\n<meta name=\"twitter:card\" content=\"summary_large_image\" \/>\n<meta name=\"twitter:site\" content=\"@mesalecaykazan\" \/>\n<meta name=\"twitter:label1\" content=\"Est. reading time\" \/>\n\t<meta name=\"twitter:data1\" content=\"1 minute\" \/>\n<script type=\"application\/ld+json\" class=\"yoast-schema-graph\">{\"@context\":\"https:\/\/schema.org\",\"@graph\":[{\"@type\":\"WebPage\",\"@id\":\"https:\/\/mesalestore.com\/en\/product\/mizan-15-cmlik-10-litre-pleytli-kahveci-kazani\/\",\"url\":\"https:\/\/mesalestore.com\/en\/product\/mizan-15-cmlik-10-litre-pleytli-kahveci-kazani\/\",\"name\":\"Mizan 15 Cm'lik - 10 Litre Pleytli Kahveci Kazan\u0131 | Me\u015fale Store\",\"isPartOf\":{\"@id\":\"https:\/\/mesalestore.com\/en\/#website\"},\"primaryImageOfPage\":{\"@id\":\"https:\/\/mesalestore.com\/en\/product\/mizan-15-cmlik-10-litre-pleytli-kahveci-kazani\/#primaryimage\"},\"image\":{\"@id\":\"https:\/\/mesalestore.com\/en\/product\/mizan-15-cmlik-10-litre-pleytli-kahveci-kazani\/#primaryimage\"},\"thumbnailUrl\":\"https:\/\/mesalestore.com\/wp-content\/uploads\/2026\/03\/mizan-15-cm-lik-10-litre-pleytli-kahveci-kazani-kcm60663954-be18b761-82a7-4360-a330-6d0d5a7231b0.avif\",\"datePublished\":\"2026-03-04T08:05:02+00:00\",\"dateModified\":\"2026-04-10T21:59:11+00:00\",\"description\":\"Mizan 15 Cm'lik - 10 Litre Pleytli Kahveci Kazan\u0131, 10 litre kapasitesi ile k\u00fc\u00e7\u00fck ve orta \u00f6l\u00e7ekli i\u015fletmeler i\u00e7in m\u00fckemmel bir \u00e7\u00f6z\u00fcmd\u00fcr. Pleytli tasar\u0131m\u0131,\",\"breadcrumb\":{\"@id\":\"https:\/\/mesalestore.com\/en\/product\/mizan-15-cmlik-10-litre-pleytli-kahveci-kazani\/#breadcrumb\"},\"inLanguage\":\"en-US\",\"potentialAction\":[{\"@type\":\"ReadAction\",\"target\":[\"https:\/\/mesalestore.com\/en\/product\/mizan-15-cmlik-10-litre-pleytli-kahveci-kazani\/\"]}]},{\"@type\":\"ImageObject\",\"inLanguage\":\"en-US\",\"@id\":\"https:\/\/mesalestore.com\/en\/product\/mizan-15-cmlik-10-litre-pleytli-kahveci-kazani\/#primaryimage\",\"url\":\"https:\/\/mesalestore.com\/wp-content\/uploads\/2026\/03\/mizan-15-cm-lik-10-litre-pleytli-kahveci-kazani-kcm60663954-be18b761-82a7-4360-a330-6d0d5a7231b0.avif\",\"contentUrl\":\"https:\/\/mesalestore.com\/wp-content\/uploads\/2026\/03\/mizan-15-cm-lik-10-litre-pleytli-kahveci-kazani-kcm60663954-be18b761-82a7-4360-a330-6d0d5a7231b0.avif\",\"width\":1300,\"height\":1430},{\"@type\":\"BreadcrumbList\",\"@id\":\"https:\/\/mesalestore.com\/en\/product\/mizan-15-cmlik-10-litre-pleytli-kahveci-kazani\/#breadcrumb\",\"itemListElement\":[{\"@type\":\"ListItem\",\"position\":1,\"name\":\"Anasayfa\",\"item\":\"https:\/\/mesalestore.com\/en\/\"},{\"@type\":\"ListItem\",\"position\":2,\"name\":\"Products\",\"item\":\"https:\/\/mesalestore.com\/en\/shop\/\"},{\"@type\":\"ListItem\",\"position\":3,\"name\":\"Mizan 15 Cm&#8217;lik &#8211; 10 Litre Pleytli Kahveci Kazan\u0131\"}]},{\"@type\":\"WebSite\",\"@id\":\"https:\/\/mesalestore.com\/en\/#website\",\"url\":\"https:\/\/mesalestore.com\/en\/\",\"name\":\"Me\u015fale Store\",\"description\":\"\",\"publisher\":{\"@id\":\"https:\/\/mesalestore.com\/en\/#organization\"},\"potentialAction\":[{\"@type\":\"SearchAction\",\"target\":{\"@type\":\"EntryPoint\",\"urlTemplate\":\"https:\/\/mesalestore.com\/en\/?s={search_term_string}\"},\"query-input\":{\"@type\":\"PropertyValueSpecification\",\"valueRequired\":true,\"valueName\":\"search_term_string\"}}],\"inLanguage\":\"en-US\"},{\"@type\":\"Organization\",\"@id\":\"https:\/\/mesalestore.com\/en\/#organization\",\"name\":\"Me\u015fale Store\",\"url\":\"https:\/\/mesalestore.com\/en\/\",\"logo\":{\"@type\":\"ImageObject\",\"inLanguage\":\"en-US\",\"@id\":\"https:\/\/mesalestore.com\/en\/#\/schema\/logo\/image\/\",\"url\":\"https:\/\/mesalestore.com\/wp-content\/uploads\/2026\/03\/logo-header-yeni-1.webp\",\"contentUrl\":\"https:\/\/mesalestore.com\/wp-content\/uploads\/2026\/03\/logo-header-yeni-1.webp\",\"width\":419,\"height\":147,\"caption\":\"Me\u015fale Store\"},\"image\":{\"@id\":\"https:\/\/mesalestore.com\/en\/#\/schema\/logo\/image\/\"},\"sameAs\":[\"https:\/\/www.facebook.com\/mesalecay\",\"https:\/\/x.com\/mesalecaykazan\",\"https:\/\/www.instagram.com\/mesalecaykazan\/\"]}]}<\/script>\n<!-- \/ Yoast SEO plugin. -->","yoast_head_json":{"title":"Mizan 15 Cm'lik - 10 Litre Pleytli Kahveci Kazan\u0131 | Me\u015fale Store","description":"Mizan 15 Cm'lik - 10 Litre Pleytli Kahveci Kazan\u0131, 10 litre kapasitesi ile k\u00fc\u00e7\u00fck ve orta \u00f6l\u00e7ekli i\u015fletmeler i\u00e7in m\u00fckemmel bir \u00e7\u00f6z\u00fcmd\u00fcr. Pleytli tasar\u0131m\u0131,","robots":{"index":"index","follow":"follow","max-snippet":"max-snippet:-1","max-image-preview":"max-image-preview:large","max-video-preview":"max-video-preview:-1"},"canonical":"https:\/\/mesalestore.com\/en\/product\/mizan-15-cmlik-10-litre-pleytli-kahveci-kazani\/","og_locale":"en_US","og_type":"article","og_title":"Mizan 15 Cm'lik - 10 Litre Pleytli Kahveci Kazan\u0131 | Me\u015fale Store","og_description":"Mizan 15 Cm'lik - 10 Litre Pleytli Kahveci Kazan\u0131, 10 litre kapasitesi ile k\u00fc\u00e7\u00fck ve orta \u00f6l\u00e7ekli i\u015fletmeler i\u00e7in m\u00fckemmel bir \u00e7\u00f6z\u00fcmd\u00fcr. Pleytli tasar\u0131m\u0131,","og_url":"https:\/\/mesalestore.com\/en\/product\/mizan-15-cmlik-10-litre-pleytli-kahveci-kazani\/","og_site_name":"Me\u015fale Store","article_publisher":"https:\/\/www.facebook.com\/mesalecay","article_modified_time":"2026-04-10T21:59:11+00:00","twitter_card":"summary_large_image","twitter_site":"@mesalecaykazan","twitter_misc":{"Est. reading time":"1 minute"},"schema":{"@context":"https:\/\/schema.org","@graph":[{"@type":"WebPage","@id":"https:\/\/mesalestore.com\/en\/product\/mizan-15-cmlik-10-litre-pleytli-kahveci-kazani\/","url":"https:\/\/mesalestore.com\/en\/product\/mizan-15-cmlik-10-litre-pleytli-kahveci-kazani\/","name":"Mizan 15 Cm'lik - 10 Litre Pleytli Kahveci Kazan\u0131 | Me\u015fale Store","isPartOf":{"@id":"https:\/\/mesalestore.com\/en\/#website"},"primaryImageOfPage":{"@id":"https:\/\/mesalestore.com\/en\/product\/mizan-15-cmlik-10-litre-pleytli-kahveci-kazani\/#primaryimage"},"image":{"@id":"https:\/\/mesalestore.com\/en\/product\/mizan-15-cmlik-10-litre-pleytli-kahveci-kazani\/#primaryimage"},"thumbnailUrl":"https:\/\/mesalestore.com\/wp-content\/uploads\/2026\/03\/mizan-15-cm-lik-10-litre-pleytli-kahveci-kazani-kcm60663954-be18b761-82a7-4360-a330-6d0d5a7231b0.avif","datePublished":"2026-03-04T08:05:02+00:00","dateModified":"2026-04-10T21:59:11+00:00","description":"Mizan 15 Cm'lik - 10 Litre Pleytli Kahveci Kazan\u0131, 10 litre kapasitesi ile k\u00fc\u00e7\u00fck ve orta \u00f6l\u00e7ekli i\u015fletmeler i\u00e7in m\u00fckemmel bir \u00e7\u00f6z\u00fcmd\u00fcr. Pleytli tasar\u0131m\u0131,","breadcrumb":{"@id":"https:\/\/mesalestore.com\/en\/product\/mizan-15-cmlik-10-litre-pleytli-kahveci-kazani\/#breadcrumb"},"inLanguage":"en-US","potentialAction":[{"@type":"ReadAction","target":["https:\/\/mesalestore.com\/en\/product\/mizan-15-cmlik-10-litre-pleytli-kahveci-kazani\/"]}]},{"@type":"ImageObject","inLanguage":"en-US","@id":"https:\/\/mesalestore.com\/en\/product\/mizan-15-cmlik-10-litre-pleytli-kahveci-kazani\/#primaryimage","url":"https:\/\/mesalestore.com\/wp-content\/uploads\/2026\/03\/mizan-15-cm-lik-10-litre-pleytli-kahveci-kazani-kcm60663954-be18b761-82a7-4360-a330-6d0d5a7231b0.avif","contentUrl":"https:\/\/mesalestore.com\/wp-content\/uploads\/2026\/03\/mizan-15-cm-lik-10-litre-pleytli-kahveci-kazani-kcm60663954-be18b761-82a7-4360-a330-6d0d5a7231b0.avif","width":1300,"height":1430},{"@type":"BreadcrumbList","@id":"https:\/\/mesalestore.com\/en\/product\/mizan-15-cmlik-10-litre-pleytli-kahveci-kazani\/#breadcrumb","itemListElement":[{"@type":"ListItem","position":1,"name":"Anasayfa","item":"https:\/\/mesalestore.com\/en\/"},{"@type":"ListItem","position":2,"name":"Products","item":"https:\/\/mesalestore.com\/en\/shop\/"},{"@type":"ListItem","position":3,"name":"Mizan 15 Cm&#8217;lik &#8211; 10 Litre Pleytli Kahveci Kazan\u0131"}]},{"@type":"WebSite","@id":"https:\/\/mesalestore.com\/en\/#website","url":"https:\/\/mesalestore.com\/en\/","name":"Me\u015fale Store","description":"","publisher":{"@id":"https:\/\/mesalestore.com\/en\/#organization"},"potentialAction":[{"@type":"SearchAction","target":{"@type":"EntryPoint","urlTemplate":"https:\/\/mesalestore.com\/en\/?s={search_term_string}"},"query-input":{"@type":"PropertyValueSpecification","valueRequired":true,"valueName":"search_term_string"}}],"inLanguage":"en-US"},{"@type":"Organization","@id":"https:\/\/mesalestore.com\/en\/#organization","name":"Me\u015fale Store","url":"https:\/\/mesalestore.com\/en\/","logo":{"@type":"ImageObject","inLanguage":"en-US","@id":"https:\/\/mesalestore.com\/en\/#\/schema\/logo\/image\/","url":"https:\/\/mesalestore.com\/wp-content\/uploads\/2026\/03\/logo-header-yeni-1.webp","contentUrl":"https:\/\/mesalestore.com\/wp-content\/uploads\/2026\/03\/logo-header-yeni-1.webp","width":419,"height":147,"caption":"Me\u015fale Store"},"image":{"@id":"https:\/\/mesalestore.com\/en\/#\/schema\/logo\/image\/"},"sameAs":["https:\/\/www.facebook.com\/mesalecay","https:\/\/x.com\/mesalecaykazan","https:\/\/www.instagram.com\/mesalecaykazan\/"]}]}},"_links":{"self":[{"href":"https:\/\/mesalestore.com\/en\/wp-json\/wp\/v2\/product\/3729","targetHints":{"allow":["GET"]}}],"collection":[{"href":"https:\/\/mesalestore.com\/en\/wp-json\/wp\/v2\/product"}],"about":[{"href":"https:\/\/mesalestore.com\/en\/wp-json\/wp\/v2\/types\/product"}],"replies":[{"embeddable":true,"href":"https:\/\/mesalestore.com\/en\/wp-json\/wp\/v2\/comments?post=3729"}],"wp:featuredmedia":[{"embeddable":true,"href":"https:\/\/mesalestore.com\/en\/wp-json\/wp\/v2\/media\/3839"}],"wp:attachment":[{"href":"https:\/\/mesalestore.com\/en\/wp-json\/wp\/v2\/media?parent=3729"}],"wp:term":[{"taxonomy":"product_brand","embeddable":true,"href":"https:\/\/mesalestore.com\/en\/wp-json\/wp\/v2\/product_brand?post=3729"},{"taxonomy":"product_cat","embeddable":true,"href":"https:\/\/mesalestore.com\/en\/wp-json\/wp\/v2\/product_cat?post=3729"},{"taxonomy":"product_tag","embeddable":true,"href":"https:\/\/mesalestore.com\/en\/wp-json\/wp\/v2\/product_tag?post=3729"}],"curies":[{"name":"wp","href":"https:\/\/api.w.org\/{rel}","templated":true}]}}