{"id":3721,"date":"2026-03-04T11:04:59","date_gmt":"2026-03-04T08:04:59","guid":{"rendered":"https:\/\/mesalestore.com\/product\/mesale-3-demlikli-colour-full-model-full-otomatik-cay-kazani\/"},"modified":"2026-04-11T00:59:12","modified_gmt":"2026-04-10T21:59:12","slug":"mesale-3-demlikli-colour-full-model-full-otomatik-cay-kazani","status":"publish","type":"product","link":"https:\/\/mesalestore.com\/en\/product\/mesale-3-demlikli-colour-full-model-full-otomatik-cay-kazani\/","title":{"rendered":"Me\u015fale 3 Demlikli Colour Full Model Full Otomatik \u00c7ay Kazan\u0131"},"content":{"rendered":"<p><strong>Me\u015fale 3 Demlikli Colour Full Full Otomatik \u00c7ay Kazan\u0131<\/strong>, \u015f\u0131kl\u0131\u011f\u0131 ve performans\u0131 bir arada sunan modern bir \u00e7ay kazan\u0131d\u0131r. <strong>3 demlik kapasite<\/strong> ile y\u00fcksek \u00e7ay talebine sahip i\u015fletmeler i\u00e7in m\u00fckemmel bir \u00e7\u00f6z\u00fcmd\u00fcr. Bu \u00e7ay kazan\u0131, estetik a\u00e7\u0131dan da g\u00f6z dolduran <strong>Colour Full<\/strong> tasar\u0131m\u0131yla dikkat \u00e7eker. <strong>Full otomatik \u00e7ay kazan\u0131<\/strong> \u00f6zelli\u011fi sayesinde, \u00e7ay haz\u0131rlama s\u00fcreci son derece h\u0131zl\u0131 ve kolay hale gelir, b\u00f6ylece i\u015fletmelerin verimlili\u011fini art\u0131r\u0131r.<\/p>\n<p><strong>Me\u015fale 3 Demlikli Colour Full Full Otomatik \u00c7ay Kazan\u0131<\/strong>, hem <strong>elektrikli<\/strong> hem de <strong>gazl\u0131<\/strong> modelleriyle enerji verimlili\u011fi sa\u011flar. <strong>\u00c7ay kazan\u0131 fiyatlar\u0131<\/strong>, uygun se\u00e7eneklerle i\u015fletmelere sunulur, b\u00f6ylece kaliteli ve uzun \u00f6m\u00fcrl\u00fc bir <strong>\u00e7ay kazan\u0131<\/strong>na sahip olabilirsiniz. Ayr\u0131ca, <strong>\u00e7ay kazan\u0131 bak\u0131m\u0131<\/strong> ve <strong>servisi<\/strong> konusunda profesyonel destek alarak, kazan\u0131n\u0131z\u0131n \u00f6mr\u00fcn\u00fc uzatabilir ve sorunsuz bir kullan\u0131m sa\u011flayabilirsiniz.<\/p>\n<p>Bu <strong>\u00e7ay kazan\u0131<\/strong>, \u00f6zellikle <strong>kafeler<\/strong>, <strong>restoranlar<\/strong>, <strong>oteller<\/strong> ve <strong>\u00e7ay salonlar\u0131<\/strong> gibi y\u00fcksek \u00e7ay t\u00fcketimi olan i\u015fletmeler i\u00e7in idealdir. <strong>Me\u015fale \u00e7ay kazan\u0131<\/strong> \u00f6zellikleriyle fark yarat\u0131rken, <strong>enerji verimli \u00e7ay kazan\u0131<\/strong> arayanlar i\u00e7in de en do\u011fru tercihtir. <strong>\u00c7ay kazan\u0131 al\u0131m\u0131<\/strong> ve <strong>sat\u0131\u015f\u0131<\/strong> konusunda profesyonel rehberlik alarak i\u015fletmenize en uygun \u00e7\u00f6z\u00fcm\u00fc bulabilirsiniz.<\/p>","protected":false},"excerpt":{"rendered":"<p>Me\u015fale 3 Demlikli Colour Full Model Full Otomatik \u00c7ay Kazan\u0131 i\u015fletmeler i\u00e7in tasarlanm\u0131\u015f y\u00fcksek kapasiteli bir \u00e7ay makinesidir. Y\u00fcksek demleme kapasitesiyle h\u0131zl\u0131 servis sa\u011flar.<\/p>","protected":false},"featured_media":3849,"comment_status":"closed","ping_status":"closed","template":"","meta":[],"product_brand":[7749],"product_cat":[7771],"product_tag":[16,783,784,954,975,976,955,968,969,956,961,962,963,957,958,959,960,970,964,965,966,967,977,971,972,973,974,978,991,992,979,984,985,986,980,981,982,983,987,988,989,990],"class_list":{"0":"post-3721","1":"product","2":"type-product","3":"status-publish","4":"has-post-thumbnail","6":"product_brand-mesale","7":"product_cat-cay-kazanlari","8":"product_tag-mesale","9":"product_tag-mesale-3","10":"product_tag-mesale-3-demlikli","11":"product_tag-mesale-3-demlikli-colour","12":"product_tag-mesale-3-demlikli-colour-cay","13":"product_tag-mesale-3-demlikli-colour-cay-kazani","14":"product_tag-mesale-3-demlikli-colour-full","15":"product_tag-mesale-3-demlikli-colour-full-cay","16":"product_tag-mesale-3-demlikli-colour-full-cay-kazani","17":"product_tag-mesale-3-demlikli-colour-full-full","18":"product_tag-mesale-3-demlikli-colour-full-full-cay","19":"product_tag-mesale-3-demlikli-colour-full-full-cay-kazani","20":"product_tag-mesale-3-demlikli-colour-full-full-kazani","21":"product_tag-mesale-3-demlikli-colour-full-full-otomatik","22":"product_tag-mesale-3-demlikli-colour-full-full-otomatik-cay","23":"product_tag-mesale-3-demlikli-colour-full-full-otomatik-cay-kazani","24":"product_tag-mesale-3-demlikli-colour-full-full-otomatik-kazani","25":"product_tag-mesale-3-demlikli-colour-full-kazani","26":"product_tag-mesale-3-demlikli-colour-full-otomatik","27":"product_tag-mesale-3-demlikli-colour-full-otomatik-cay","28":"product_tag-mesale-3-demlikli-colour-full-otomatik-cay-kazani","29":"product_tag-mesale-3-demlikli-colour-full-otomatik-kazani","30":"product_tag-mesale-3-demlikli-colour-kazani","31":"product_tag-mesale-3-demlikli-colour-otomatik","32":"product_tag-mesale-3-demlikli-colour-otomatik-cay","33":"product_tag-mesale-3-demlikli-colour-otomatik-cay-kazani","34":"product_tag-mesale-3-demlikli-colour-otomatik-kazani","35":"product_tag-mesale-3-demlikli-full","36":"product_tag-mesale-3-demlikli-full-cay","37":"product_tag-mesale-3-demlikli-full-cay-kazani","38":"product_tag-mesale-3-demlikli-full-full","39":"product_tag-mesale-3-demlikli-full-full-cay","40":"product_tag-mesale-3-demlikli-full-full-cay-kazani","41":"product_tag-mesale-3-demlikli-full-full-kazani","42":"product_tag-mesale-3-demlikli-full-full-otomatik","43":"product_tag-mesale-3-demlikli-full-full-otomatik-cay","44":"product_tag-mesale-3-demlikli-full-full-otomatik-cay-kazani","45":"product_tag-mesale-3-demlikli-full-full-otomatik-kazani","46":"product_tag-mesale-3-demlikli-full-otomatik","47":"product_tag-mesale-3-demlikli-full-otomatik-cay","48":"product_tag-mesale-3-demlikli-full-otomatik-cay-kazani","49":"product_tag-mesale-3-demlikli-full-otomatik-kazani","50":"pa_borular-bakir","51":"pa_demlik-sayisi-3-demlikli","52":"pa_govde-chromat","53":"pa_ic-hazne-7933","54":"pa_kahve-gozu-ocagi-var","55":"pa_kapasite-3-demlikli","56":"pa_kullanim-sekli-ustten-demlikli","57":"pa_panel-manuel","58":"pa_sac-kalinligi-7938","59":"pa_samandirali-otomatik-su-alma-var","60":"pa_tesisat-hibrit","61":"pa_yalitim-cam","63":"first","64":"instock","65":"taxable","66":"shipping-taxable","67":"purchasable","68":"product-type-simple"},"yoast_head":"<!-- This site is optimized with the Yoast SEO plugin v27.1.1 - https:\/\/yoast.com\/product\/yoast-seo-wordpress\/ -->\n<title>Me\u015fale 3 Demlikli Colour Full Model Full Otomatik \u00c7ay Kazan\u0131 | Me\u015fale Store<\/title>\n<meta name=\"description\" content=\"Me\u015fale 3 Demlikli Colour Full Model Full Otomatik \u00c7ay Kazan\u0131 i\u015fletmeler i\u00e7in tasarlanm\u0131\u015f y\u00fcksek kapasiteli bir \u00e7ay makinesidir. Y\u00fcksek demleme kapasitesiyle h\u0131zl\u0131 servis sa\u011flar.\" \/>\n<meta name=\"robots\" content=\"index, follow, max-snippet:-1, max-image-preview:large, max-video-preview:-1\" \/>\n<link rel=\"canonical\" href=\"https:\/\/mesalestore.com\/en\/product\/mesale-3-demlikli-colour-full-model-full-otomatik-cay-kazani\/\" \/>\n<meta property=\"og:locale\" content=\"en_US\" \/>\n<meta property=\"og:type\" content=\"article\" \/>\n<meta property=\"og:title\" content=\"Me\u015fale 3 Demlikli Colour Full Model Full Otomatik \u00c7ay Kazan\u0131 | Me\u015fale Store\" \/>\n<meta property=\"og:description\" content=\"Me\u015fale 3 Demlikli Colour Full Model Full Otomatik \u00c7ay Kazan\u0131 i\u015fletmeler i\u00e7in tasarlanm\u0131\u015f y\u00fcksek kapasiteli bir \u00e7ay makinesidir. Y\u00fcksek demleme kapasitesiyle h\u0131zl\u0131 servis sa\u011flar.\" \/>\n<meta property=\"og:url\" content=\"https:\/\/mesalestore.com\/en\/product\/mesale-3-demlikli-colour-full-model-full-otomatik-cay-kazani\/\" \/>\n<meta property=\"og:site_name\" content=\"Me\u015fale Store\" \/>\n<meta property=\"article:publisher\" content=\"https:\/\/www.facebook.com\/mesalecay\" \/>\n<meta property=\"article:modified_time\" content=\"2026-04-10T21:59:12+00:00\" \/>\n<meta property=\"og:image\" content=\"https:\/\/mesalestore.com\/wp-content\/uploads\/2026\/03\/mesale-3-demlikli-colour-full-model-fu-1946a8-1.webp\" \/>\n\t<meta property=\"og:image:width\" content=\"1600\" \/>\n\t<meta property=\"og:image:height\" content=\"1600\" \/>\n\t<meta property=\"og:image:type\" content=\"image\/webp\" \/>\n<meta name=\"twitter:card\" content=\"summary_large_image\" \/>\n<meta name=\"twitter:site\" content=\"@mesalecaykazan\" \/>\n<meta name=\"twitter:label1\" content=\"Est. reading time\" \/>\n\t<meta name=\"twitter:data1\" content=\"2 minutes\" \/>\n<script type=\"application\/ld+json\" class=\"yoast-schema-graph\">{\"@context\":\"https:\/\/schema.org\",\"@graph\":[{\"@type\":\"WebPage\",\"@id\":\"https:\/\/mesalestore.com\/en\/product\/mesale-3-demlikli-colour-full-model-full-otomatik-cay-kazani\/\",\"url\":\"https:\/\/mesalestore.com\/en\/product\/mesale-3-demlikli-colour-full-model-full-otomatik-cay-kazani\/\",\"name\":\"Me\u015fale 3 Demlikli Colour Full Model Full Otomatik \u00c7ay Kazan\u0131 | Me\u015fale Store\",\"isPartOf\":{\"@id\":\"https:\/\/mesalestore.com\/en\/#website\"},\"primaryImageOfPage\":{\"@id\":\"https:\/\/mesalestore.com\/en\/product\/mesale-3-demlikli-colour-full-model-full-otomatik-cay-kazani\/#primaryimage\"},\"image\":{\"@id\":\"https:\/\/mesalestore.com\/en\/product\/mesale-3-demlikli-colour-full-model-full-otomatik-cay-kazani\/#primaryimage\"},\"thumbnailUrl\":\"https:\/\/mesalestore.com\/wp-content\/uploads\/2026\/03\/mesale-3-demlikli-colour-full-model-fu-1946a8-1.webp\",\"datePublished\":\"2026-03-04T08:04:59+00:00\",\"dateModified\":\"2026-04-10T21:59:12+00:00\",\"description\":\"Me\u015fale 3 Demlikli Colour Full Model Full Otomatik \u00c7ay Kazan\u0131 i\u015fletmeler i\u00e7in tasarlanm\u0131\u015f y\u00fcksek kapasiteli bir \u00e7ay makinesidir. Y\u00fcksek demleme kapasitesiyle h\u0131zl\u0131 servis sa\u011flar.\",\"breadcrumb\":{\"@id\":\"https:\/\/mesalestore.com\/en\/product\/mesale-3-demlikli-colour-full-model-full-otomatik-cay-kazani\/#breadcrumb\"},\"inLanguage\":\"en-US\",\"potentialAction\":[{\"@type\":\"ReadAction\",\"target\":[\"https:\/\/mesalestore.com\/en\/product\/mesale-3-demlikli-colour-full-model-full-otomatik-cay-kazani\/\"]}]},{\"@type\":\"ImageObject\",\"inLanguage\":\"en-US\",\"@id\":\"https:\/\/mesalestore.com\/en\/product\/mesale-3-demlikli-colour-full-model-full-otomatik-cay-kazani\/#primaryimage\",\"url\":\"https:\/\/mesalestore.com\/wp-content\/uploads\/2026\/03\/mesale-3-demlikli-colour-full-model-fu-1946a8-1.webp\",\"contentUrl\":\"https:\/\/mesalestore.com\/wp-content\/uploads\/2026\/03\/mesale-3-demlikli-colour-full-model-fu-1946a8-1.webp\",\"width\":1600,\"height\":1600},{\"@type\":\"BreadcrumbList\",\"@id\":\"https:\/\/mesalestore.com\/en\/product\/mesale-3-demlikli-colour-full-model-full-otomatik-cay-kazani\/#breadcrumb\",\"itemListElement\":[{\"@type\":\"ListItem\",\"position\":1,\"name\":\"Anasayfa\",\"item\":\"https:\/\/mesalestore.com\/en\/\"},{\"@type\":\"ListItem\",\"position\":2,\"name\":\"Products\",\"item\":\"https:\/\/mesalestore.com\/en\/shop\/\"},{\"@type\":\"ListItem\",\"position\":3,\"name\":\"Me\u015fale 3 Demlikli Colour Full Model Full Otomatik \u00c7ay Kazan\u0131\"}]},{\"@type\":\"WebSite\",\"@id\":\"https:\/\/mesalestore.com\/en\/#website\",\"url\":\"https:\/\/mesalestore.com\/en\/\",\"name\":\"Me\u015fale Store\",\"description\":\"\",\"publisher\":{\"@id\":\"https:\/\/mesalestore.com\/en\/#organization\"},\"potentialAction\":[{\"@type\":\"SearchAction\",\"target\":{\"@type\":\"EntryPoint\",\"urlTemplate\":\"https:\/\/mesalestore.com\/en\/?s={search_term_string}\"},\"query-input\":{\"@type\":\"PropertyValueSpecification\",\"valueRequired\":true,\"valueName\":\"search_term_string\"}}],\"inLanguage\":\"en-US\"},{\"@type\":\"Organization\",\"@id\":\"https:\/\/mesalestore.com\/en\/#organization\",\"name\":\"Me\u015fale Store\",\"url\":\"https:\/\/mesalestore.com\/en\/\",\"logo\":{\"@type\":\"ImageObject\",\"inLanguage\":\"en-US\",\"@id\":\"https:\/\/mesalestore.com\/en\/#\/schema\/logo\/image\/\",\"url\":\"https:\/\/mesalestore.com\/wp-content\/uploads\/2026\/03\/logo-header-yeni-1.webp\",\"contentUrl\":\"https:\/\/mesalestore.com\/wp-content\/uploads\/2026\/03\/logo-header-yeni-1.webp\",\"width\":419,\"height\":147,\"caption\":\"Me\u015fale Store\"},\"image\":{\"@id\":\"https:\/\/mesalestore.com\/en\/#\/schema\/logo\/image\/\"},\"sameAs\":[\"https:\/\/www.facebook.com\/mesalecay\",\"https:\/\/x.com\/mesalecaykazan\",\"https:\/\/www.instagram.com\/mesalecaykazan\/\"]}]}<\/script>\n<!-- \/ Yoast SEO plugin. -->","yoast_head_json":{"title":"Me\u015fale 3 Demlikli Colour Full Model Full Otomatik \u00c7ay Kazan\u0131 | Me\u015fale Store","description":"Me\u015fale 3 Demlikli Colour Full Model Full Otomatik \u00c7ay Kazan\u0131 i\u015fletmeler i\u00e7in tasarlanm\u0131\u015f y\u00fcksek kapasiteli bir \u00e7ay makinesidir. Y\u00fcksek demleme kapasitesiyle h\u0131zl\u0131 servis sa\u011flar.","robots":{"index":"index","follow":"follow","max-snippet":"max-snippet:-1","max-image-preview":"max-image-preview:large","max-video-preview":"max-video-preview:-1"},"canonical":"https:\/\/mesalestore.com\/en\/product\/mesale-3-demlikli-colour-full-model-full-otomatik-cay-kazani\/","og_locale":"en_US","og_type":"article","og_title":"Me\u015fale 3 Demlikli Colour Full Model Full Otomatik \u00c7ay Kazan\u0131 | Me\u015fale Store","og_description":"Me\u015fale 3 Demlikli Colour Full Model Full Otomatik \u00c7ay Kazan\u0131 i\u015fletmeler i\u00e7in tasarlanm\u0131\u015f y\u00fcksek kapasiteli bir \u00e7ay makinesidir. Y\u00fcksek demleme kapasitesiyle h\u0131zl\u0131 servis sa\u011flar.","og_url":"https:\/\/mesalestore.com\/en\/product\/mesale-3-demlikli-colour-full-model-full-otomatik-cay-kazani\/","og_site_name":"Me\u015fale Store","article_publisher":"https:\/\/www.facebook.com\/mesalecay","article_modified_time":"2026-04-10T21:59:12+00:00","og_image":[{"width":1600,"height":1600,"url":"https:\/\/mesalestore.com\/wp-content\/uploads\/2026\/03\/mesale-3-demlikli-colour-full-model-fu-1946a8-1.webp","type":"image\/webp"}],"twitter_card":"summary_large_image","twitter_site":"@mesalecaykazan","twitter_misc":{"Est. reading time":"2 minutes"},"schema":{"@context":"https:\/\/schema.org","@graph":[{"@type":"WebPage","@id":"https:\/\/mesalestore.com\/en\/product\/mesale-3-demlikli-colour-full-model-full-otomatik-cay-kazani\/","url":"https:\/\/mesalestore.com\/en\/product\/mesale-3-demlikli-colour-full-model-full-otomatik-cay-kazani\/","name":"Me\u015fale 3 Demlikli Colour Full Model Full Otomatik \u00c7ay Kazan\u0131 | Me\u015fale Store","isPartOf":{"@id":"https:\/\/mesalestore.com\/en\/#website"},"primaryImageOfPage":{"@id":"https:\/\/mesalestore.com\/en\/product\/mesale-3-demlikli-colour-full-model-full-otomatik-cay-kazani\/#primaryimage"},"image":{"@id":"https:\/\/mesalestore.com\/en\/product\/mesale-3-demlikli-colour-full-model-full-otomatik-cay-kazani\/#primaryimage"},"thumbnailUrl":"https:\/\/mesalestore.com\/wp-content\/uploads\/2026\/03\/mesale-3-demlikli-colour-full-model-fu-1946a8-1.webp","datePublished":"2026-03-04T08:04:59+00:00","dateModified":"2026-04-10T21:59:12+00:00","description":"Me\u015fale 3 Demlikli Colour Full Model Full Otomatik \u00c7ay Kazan\u0131 i\u015fletmeler i\u00e7in tasarlanm\u0131\u015f y\u00fcksek kapasiteli bir \u00e7ay makinesidir. Y\u00fcksek demleme kapasitesiyle h\u0131zl\u0131 servis sa\u011flar.","breadcrumb":{"@id":"https:\/\/mesalestore.com\/en\/product\/mesale-3-demlikli-colour-full-model-full-otomatik-cay-kazani\/#breadcrumb"},"inLanguage":"en-US","potentialAction":[{"@type":"ReadAction","target":["https:\/\/mesalestore.com\/en\/product\/mesale-3-demlikli-colour-full-model-full-otomatik-cay-kazani\/"]}]},{"@type":"ImageObject","inLanguage":"en-US","@id":"https:\/\/mesalestore.com\/en\/product\/mesale-3-demlikli-colour-full-model-full-otomatik-cay-kazani\/#primaryimage","url":"https:\/\/mesalestore.com\/wp-content\/uploads\/2026\/03\/mesale-3-demlikli-colour-full-model-fu-1946a8-1.webp","contentUrl":"https:\/\/mesalestore.com\/wp-content\/uploads\/2026\/03\/mesale-3-demlikli-colour-full-model-fu-1946a8-1.webp","width":1600,"height":1600},{"@type":"BreadcrumbList","@id":"https:\/\/mesalestore.com\/en\/product\/mesale-3-demlikli-colour-full-model-full-otomatik-cay-kazani\/#breadcrumb","itemListElement":[{"@type":"ListItem","position":1,"name":"Anasayfa","item":"https:\/\/mesalestore.com\/en\/"},{"@type":"ListItem","position":2,"name":"Products","item":"https:\/\/mesalestore.com\/en\/shop\/"},{"@type":"ListItem","position":3,"name":"Me\u015fale 3 Demlikli Colour Full Model Full Otomatik \u00c7ay Kazan\u0131"}]},{"@type":"WebSite","@id":"https:\/\/mesalestore.com\/en\/#website","url":"https:\/\/mesalestore.com\/en\/","name":"Me\u015fale Store","description":"","publisher":{"@id":"https:\/\/mesalestore.com\/en\/#organization"},"potentialAction":[{"@type":"SearchAction","target":{"@type":"EntryPoint","urlTemplate":"https:\/\/mesalestore.com\/en\/?s={search_term_string}"},"query-input":{"@type":"PropertyValueSpecification","valueRequired":true,"valueName":"search_term_string"}}],"inLanguage":"en-US"},{"@type":"Organization","@id":"https:\/\/mesalestore.com\/en\/#organization","name":"Me\u015fale Store","url":"https:\/\/mesalestore.com\/en\/","logo":{"@type":"ImageObject","inLanguage":"en-US","@id":"https:\/\/mesalestore.com\/en\/#\/schema\/logo\/image\/","url":"https:\/\/mesalestore.com\/wp-content\/uploads\/2026\/03\/logo-header-yeni-1.webp","contentUrl":"https:\/\/mesalestore.com\/wp-content\/uploads\/2026\/03\/logo-header-yeni-1.webp","width":419,"height":147,"caption":"Me\u015fale Store"},"image":{"@id":"https:\/\/mesalestore.com\/en\/#\/schema\/logo\/image\/"},"sameAs":["https:\/\/www.facebook.com\/mesalecay","https:\/\/x.com\/mesalecaykazan","https:\/\/www.instagram.com\/mesalecaykazan\/"]}]}},"_links":{"self":[{"href":"https:\/\/mesalestore.com\/en\/wp-json\/wp\/v2\/product\/3721","targetHints":{"allow":["GET"]}}],"collection":[{"href":"https:\/\/mesalestore.com\/en\/wp-json\/wp\/v2\/product"}],"about":[{"href":"https:\/\/mesalestore.com\/en\/wp-json\/wp\/v2\/types\/product"}],"replies":[{"embeddable":true,"href":"https:\/\/mesalestore.com\/en\/wp-json\/wp\/v2\/comments?post=3721"}],"wp:featuredmedia":[{"embeddable":true,"href":"https:\/\/mesalestore.com\/en\/wp-json\/wp\/v2\/media\/3849"}],"wp:attachment":[{"href":"https:\/\/mesalestore.com\/en\/wp-json\/wp\/v2\/media?parent=3721"}],"wp:term":[{"taxonomy":"product_brand","embeddable":true,"href":"https:\/\/mesalestore.com\/en\/wp-json\/wp\/v2\/product_brand?post=3721"},{"taxonomy":"product_cat","embeddable":true,"href":"https:\/\/mesalestore.com\/en\/wp-json\/wp\/v2\/product_cat?post=3721"},{"taxonomy":"product_tag","embeddable":true,"href":"https:\/\/mesalestore.com\/en\/wp-json\/wp\/v2\/product_tag?post=3721"}],"curies":[{"name":"wp","href":"https:\/\/api.w.org\/{rel}","templated":true}]}}