{"id":3720,"date":"2026-03-04T11:04:58","date_gmt":"2026-03-04T08:04:58","guid":{"rendered":"https:\/\/mesalestore.com\/product\/demsu-fiberglass-gold-kubbe-alemi-120-cm\/"},"modified":"2026-04-11T12:43:33","modified_gmt":"2026-04-11T09:43:33","slug":"demsu-fiberglass-gold-kubbe-alemi-120-cm","status":"publish","type":"product","link":"https:\/\/mesalestore.com\/en\/product\/demsu-fiberglass-gold-kubbe-alemi-120-cm\/","title":{"rendered":"Demsu Fiberglass Gold Kubbe Alemi 120 Cm"},"content":{"rendered":"<p><strong>Demsu 2 Metre Gold Cami Kubbe Alemi<\/strong><\/p>\n<p><strong>Demsu 2 metre kubbe alemi<\/strong>, camilerin estetik ve dayan\u0131kl\u0131l\u0131k ihtiya\u00e7lar\u0131n\u0131 kar\u015f\u0131lamak i\u00e7in tasarlanm\u0131\u015ft\u0131r. <strong>Gold cami kubbe alemi<\/strong>, alt\u0131n kaplama y\u00fczeyiyle hem modern hem de geleneksel camilere zarafet katar. Paslanmaz \u00e7elik ve pirin\u00e7 malzeme se\u00e7enekleri, zorlu hava ko\u015fullar\u0131na dayan\u0131kl\u0131l\u0131k sa\u011flar.<\/p>\n<h4>\u00dcr\u00fcn \u00d6zellikleri:<\/h4>\n<ul>\n<li><strong>Boyut:<\/strong> 2 metre y\u00fcksekli\u011fiyle b\u00fcy\u00fck camiler i\u00e7in idealdir.<\/li>\n<li><strong>Renk:<\/strong> Alt\u0131n kaplama (gold) tasar\u0131m\u0131 camilere ihti\u015fam katar.<\/li>\n<li><strong>Malzeme:<\/strong> Dayan\u0131kl\u0131 paslanmaz \u00e7elik ve pirin\u00e7 se\u00e7enekleri.<\/li>\n<li><strong>Tasar\u0131m:<\/strong> Geleneksel motiflerle modern \u00e7izgilerin birle\u015fimi.<\/li>\n<li><strong>Dayan\u0131kl\u0131l\u0131k:<\/strong> Uzun \u00f6m\u00fcrl\u00fc kullan\u0131m i\u00e7in geli\u015ftirilmi\u015f <strong>kubbe alemi<\/strong>.<\/li>\n<\/ul>\n<h4>Neden Demsu Kubbe Alemi?<\/h4>\n<p>Demsu, <strong>kubbe alemi<\/strong> \u00fcretiminde kalite ve esteti\u011fi bir arada sunar. \u00d6zellikle <strong>gold kubbe alemi<\/strong> modelleri, camilerde g\u00f6rkemli bir g\u00f6r\u00fcn\u00fcm sa\u011flarken dayan\u0131kl\u0131l\u0131\u011f\u0131yla uzun y\u0131llar sorunsuz kullan\u0131m imkan\u0131 tan\u0131r.<\/p>\n<p>Alt\u0131n kaplama <strong>2 metre kubbe alemleri<\/strong> ile camilerinizi ta\u00e7land\u0131rmak i\u00e7in Demsu\u2019yu tercih edin. Sipari\u015f ve detayl\u0131 bilgi i\u00e7in bizimle ileti\u015fime ge\u00e7in!<\/p>","protected":false},"excerpt":{"rendered":"<p>Demsu 2 Metre Gold Cami Kubbe Alemi Demsu 2 metre kubbe alemi, camilerin estetik ve dayan\u0131kl\u0131l\u0131k ihtiya\u00e7lar\u0131n\u0131 kar\u015f\u0131lamak i\u00e7in tasarlanm\u0131\u015ft\u0131r. Gold cami kubbe alemi, alt\u0131n kaplama y\u00fczeyiyle hem modern hem de geleneksel camilere zarafet katar. Paslanmaz \u00e7elik ve pirin\u00e7 malzeme se\u00e7enekleri, zorlu hava ko\u015fullar\u0131na dayan\u0131kl\u0131l\u0131k sa\u011flar. \u00dcr\u00fcn \u00d6zellikleri: Boyut: 2 metre y\u00fcksekli\u011fiyle b\u00fcy\u00fck camiler i\u00e7in [&hellip;]<\/p>\n","protected":false},"featured_media":3847,"comment_status":"closed","ping_status":"closed","template":"","meta":[],"product_brand":[7750],"product_cat":[7975],"product_tag":[73,386,384,385,356,371,369,370,357,364,362,363,358,361,359,360,365,368,366,367,372,379,377,378,373,376,374,375,380,383,381,382,338,353,351,352,339,346,344,345,340,343,341,342,347,350,348,349,354,355],"class_list":{"0":"post-3720","1":"product","2":"type-product","3":"status-publish","4":"has-post-thumbnail","6":"product_brand-demsu","7":"product_cat-kubbe-alemi","8":"product_tag-demsu","9":"product_tag-demsu-200cm","10":"product_tag-demsu-alemi","11":"product_tag-demsu-alemi-200cm","12":"product_tag-demsu-fiberglass","13":"product_tag-demsu-fiberglass-200cm","14":"product_tag-demsu-fiberglass-alemi","15":"product_tag-demsu-fiberglass-alemi-200cm","16":"product_tag-demsu-fiberglass-gold","17":"product_tag-demsu-fiberglass-gold-200cm","18":"product_tag-demsu-fiberglass-gold-alemi","19":"product_tag-demsu-fiberglass-gold-alemi-200cm","20":"product_tag-demsu-fiberglass-gold-kubbe","21":"product_tag-demsu-fiberglass-gold-kubbe-200cm","22":"product_tag-demsu-fiberglass-gold-kubbe-alemi","23":"product_tag-demsu-fiberglass-gold-kubbe-alemi-200cm","24":"product_tag-demsu-fiberglass-kubbe","25":"product_tag-demsu-fiberglass-kubbe-200cm","26":"product_tag-demsu-fiberglass-kubbe-alemi","27":"product_tag-demsu-fiberglass-kubbe-alemi-200cm","28":"product_tag-demsu-gold","29":"product_tag-demsu-gold-200cm","30":"product_tag-demsu-gold-alemi","31":"product_tag-demsu-gold-alemi-200cm","32":"product_tag-demsu-gold-kubbe","33":"product_tag-demsu-gold-kubbe-200cm","34":"product_tag-demsu-gold-kubbe-alemi","35":"product_tag-demsu-gold-kubbe-alemi-200cm","36":"product_tag-demsu-kubbe","37":"product_tag-demsu-kubbe-200cm","38":"product_tag-demsu-kubbe-alemi","39":"product_tag-demsu-kubbe-alemi-200cm","40":"product_tag-fiberglass","41":"product_tag-fiberglass-200cm","42":"product_tag-fiberglass-alemi","43":"product_tag-fiberglass-alemi-200cm","44":"product_tag-fiberglass-gold","45":"product_tag-fiberglass-gold-200cm","46":"product_tag-fiberglass-gold-alemi","47":"product_tag-fiberglass-gold-alemi-200cm","48":"product_tag-fiberglass-gold-kubbe","49":"product_tag-fiberglass-gold-kubbe-200cm","50":"product_tag-fiberglass-gold-kubbe-alemi","51":"product_tag-fiberglass-gold-kubbe-alemi-200cm","52":"product_tag-fiberglass-kubbe","53":"product_tag-fiberglass-kubbe-200cm","54":"product_tag-fiberglass-kubbe-alemi","55":"product_tag-fiberglass-kubbe-alemi-200cm","56":"product_tag-gold","57":"product_tag-gold-kubbe","59":"first","60":"instock","61":"taxable","62":"shipping-taxable","63":"purchasable","64":"product-type-simple"},"yoast_head":"<!-- This site is optimized with the Yoast SEO plugin v27.1.1 - https:\/\/yoast.com\/product\/yoast-seo-wordpress\/ -->\n<title>Demsu Fiberglass Gold Kubbe Alemi 120 Cm | Me\u015fale Store<\/title>\n<meta name=\"description\" content=\"Demsu 2 Metre Gold Cami Kubbe Alemi Demsu 2 metre kubbe alemi, camilerin estetik ve dayan\u0131kl\u0131l\u0131k ihtiya\u00e7lar\u0131n\u0131 kar\u015f\u0131lamak i\u00e7in tasarlanm\u0131\u015ft\u0131r. Gold cami\" \/>\n<meta name=\"robots\" content=\"index, follow, max-snippet:-1, max-image-preview:large, max-video-preview:-1\" \/>\n<link rel=\"canonical\" href=\"https:\/\/mesalestore.com\/en\/product\/demsu-fiberglass-gold-kubbe-alemi-120-cm\/\" \/>\n<meta property=\"og:locale\" content=\"en_US\" \/>\n<meta property=\"og:type\" content=\"article\" \/>\n<meta property=\"og:title\" content=\"Demsu Fiberglass Gold Kubbe Alemi 120 Cm | Me\u015fale Store\" \/>\n<meta property=\"og:description\" content=\"Demsu 2 Metre Gold Cami Kubbe Alemi Demsu 2 metre kubbe alemi, camilerin estetik ve dayan\u0131kl\u0131l\u0131k ihtiya\u00e7lar\u0131n\u0131 kar\u015f\u0131lamak i\u00e7in tasarlanm\u0131\u015ft\u0131r. Gold cami\" \/>\n<meta property=\"og:url\" content=\"https:\/\/mesalestore.com\/en\/product\/demsu-fiberglass-gold-kubbe-alemi-120-cm\/\" \/>\n<meta property=\"og:site_name\" content=\"Me\u015fale Store\" \/>\n<meta property=\"article:publisher\" content=\"https:\/\/www.facebook.com\/mesalecay\" \/>\n<meta property=\"article:modified_time\" content=\"2026-04-11T09:43:33+00:00\" \/>\n<meta property=\"og:image\" content=\"https:\/\/mesalestore.com\/wp-content\/uploads\/2026\/03\/demsu-fiberglass-gold-kubbe-alemi-200c-a08825.webp\" \/>\n\t<meta property=\"og:image:width\" content=\"1600\" \/>\n\t<meta property=\"og:image:height\" content=\"1600\" \/>\n\t<meta property=\"og:image:type\" content=\"image\/webp\" \/>\n<meta name=\"twitter:card\" content=\"summary_large_image\" \/>\n<meta name=\"twitter:site\" content=\"@mesalecaykazan\" \/>\n<meta name=\"twitter:label1\" content=\"Est. reading time\" \/>\n\t<meta name=\"twitter:data1\" content=\"2 minutes\" \/>\n<script type=\"application\/ld+json\" class=\"yoast-schema-graph\">{\"@context\":\"https:\/\/schema.org\",\"@graph\":[{\"@type\":\"WebPage\",\"@id\":\"https:\/\/mesalestore.com\/en\/product\/demsu-fiberglass-gold-kubbe-alemi-120-cm\/\",\"url\":\"https:\/\/mesalestore.com\/en\/product\/demsu-fiberglass-gold-kubbe-alemi-120-cm\/\",\"name\":\"Demsu Fiberglass Gold Kubbe Alemi 120 Cm | Me\u015fale Store\",\"isPartOf\":{\"@id\":\"https:\/\/mesalestore.com\/en\/#website\"},\"primaryImageOfPage\":{\"@id\":\"https:\/\/mesalestore.com\/en\/product\/demsu-fiberglass-gold-kubbe-alemi-120-cm\/#primaryimage\"},\"image\":{\"@id\":\"https:\/\/mesalestore.com\/en\/product\/demsu-fiberglass-gold-kubbe-alemi-120-cm\/#primaryimage\"},\"thumbnailUrl\":\"https:\/\/mesalestore.com\/wp-content\/uploads\/2026\/03\/demsu-fiberglass-gold-kubbe-alemi-200c-a08825.webp\",\"datePublished\":\"2026-03-04T08:04:58+00:00\",\"dateModified\":\"2026-04-11T09:43:33+00:00\",\"description\":\"Demsu 2 Metre Gold Cami Kubbe Alemi Demsu 2 metre kubbe alemi, camilerin estetik ve dayan\u0131kl\u0131l\u0131k ihtiya\u00e7lar\u0131n\u0131 kar\u015f\u0131lamak i\u00e7in tasarlanm\u0131\u015ft\u0131r. Gold cami\",\"breadcrumb\":{\"@id\":\"https:\/\/mesalestore.com\/en\/product\/demsu-fiberglass-gold-kubbe-alemi-120-cm\/#breadcrumb\"},\"inLanguage\":\"en-US\",\"potentialAction\":[{\"@type\":\"ReadAction\",\"target\":[\"https:\/\/mesalestore.com\/en\/product\/demsu-fiberglass-gold-kubbe-alemi-120-cm\/\"]}]},{\"@type\":\"ImageObject\",\"inLanguage\":\"en-US\",\"@id\":\"https:\/\/mesalestore.com\/en\/product\/demsu-fiberglass-gold-kubbe-alemi-120-cm\/#primaryimage\",\"url\":\"https:\/\/mesalestore.com\/wp-content\/uploads\/2026\/03\/demsu-fiberglass-gold-kubbe-alemi-200c-a08825.webp\",\"contentUrl\":\"https:\/\/mesalestore.com\/wp-content\/uploads\/2026\/03\/demsu-fiberglass-gold-kubbe-alemi-200c-a08825.webp\",\"width\":1600,\"height\":1600},{\"@type\":\"BreadcrumbList\",\"@id\":\"https:\/\/mesalestore.com\/en\/product\/demsu-fiberglass-gold-kubbe-alemi-120-cm\/#breadcrumb\",\"itemListElement\":[{\"@type\":\"ListItem\",\"position\":1,\"name\":\"Anasayfa\",\"item\":\"https:\/\/mesalestore.com\/en\/\"},{\"@type\":\"ListItem\",\"position\":2,\"name\":\"Products\",\"item\":\"https:\/\/mesalestore.com\/en\/shop\/\"},{\"@type\":\"ListItem\",\"position\":3,\"name\":\"Demsu Fiberglass Gold Kubbe Alemi 120 Cm\"}]},{\"@type\":\"WebSite\",\"@id\":\"https:\/\/mesalestore.com\/en\/#website\",\"url\":\"https:\/\/mesalestore.com\/en\/\",\"name\":\"Me\u015fale Store\",\"description\":\"\",\"publisher\":{\"@id\":\"https:\/\/mesalestore.com\/en\/#organization\"},\"potentialAction\":[{\"@type\":\"SearchAction\",\"target\":{\"@type\":\"EntryPoint\",\"urlTemplate\":\"https:\/\/mesalestore.com\/en\/?s={search_term_string}\"},\"query-input\":{\"@type\":\"PropertyValueSpecification\",\"valueRequired\":true,\"valueName\":\"search_term_string\"}}],\"inLanguage\":\"en-US\"},{\"@type\":\"Organization\",\"@id\":\"https:\/\/mesalestore.com\/en\/#organization\",\"name\":\"Me\u015fale Store\",\"url\":\"https:\/\/mesalestore.com\/en\/\",\"logo\":{\"@type\":\"ImageObject\",\"inLanguage\":\"en-US\",\"@id\":\"https:\/\/mesalestore.com\/en\/#\/schema\/logo\/image\/\",\"url\":\"https:\/\/mesalestore.com\/wp-content\/uploads\/2026\/03\/logo-header-yeni-1.webp\",\"contentUrl\":\"https:\/\/mesalestore.com\/wp-content\/uploads\/2026\/03\/logo-header-yeni-1.webp\",\"width\":419,\"height\":147,\"caption\":\"Me\u015fale Store\"},\"image\":{\"@id\":\"https:\/\/mesalestore.com\/en\/#\/schema\/logo\/image\/\"},\"sameAs\":[\"https:\/\/www.facebook.com\/mesalecay\",\"https:\/\/x.com\/mesalecaykazan\",\"https:\/\/www.instagram.com\/mesalecaykazan\/\"]}]}<\/script>\n<!-- \/ Yoast SEO plugin. -->","yoast_head_json":{"title":"Demsu Fiberglass Gold Kubbe Alemi 120 Cm | Me\u015fale Store","description":"Demsu 2 Metre Gold Cami Kubbe Alemi Demsu 2 metre kubbe alemi, camilerin estetik ve dayan\u0131kl\u0131l\u0131k ihtiya\u00e7lar\u0131n\u0131 kar\u015f\u0131lamak i\u00e7in tasarlanm\u0131\u015ft\u0131r. Gold cami","robots":{"index":"index","follow":"follow","max-snippet":"max-snippet:-1","max-image-preview":"max-image-preview:large","max-video-preview":"max-video-preview:-1"},"canonical":"https:\/\/mesalestore.com\/en\/product\/demsu-fiberglass-gold-kubbe-alemi-120-cm\/","og_locale":"en_US","og_type":"article","og_title":"Demsu Fiberglass Gold Kubbe Alemi 120 Cm | Me\u015fale Store","og_description":"Demsu 2 Metre Gold Cami Kubbe Alemi Demsu 2 metre kubbe alemi, camilerin estetik ve dayan\u0131kl\u0131l\u0131k ihtiya\u00e7lar\u0131n\u0131 kar\u015f\u0131lamak i\u00e7in tasarlanm\u0131\u015ft\u0131r. Gold cami","og_url":"https:\/\/mesalestore.com\/en\/product\/demsu-fiberglass-gold-kubbe-alemi-120-cm\/","og_site_name":"Me\u015fale Store","article_publisher":"https:\/\/www.facebook.com\/mesalecay","article_modified_time":"2026-04-11T09:43:33+00:00","og_image":[{"width":1600,"height":1600,"url":"https:\/\/mesalestore.com\/wp-content\/uploads\/2026\/03\/demsu-fiberglass-gold-kubbe-alemi-200c-a08825.webp","type":"image\/webp"}],"twitter_card":"summary_large_image","twitter_site":"@mesalecaykazan","twitter_misc":{"Est. reading time":"2 minutes"},"schema":{"@context":"https:\/\/schema.org","@graph":[{"@type":"WebPage","@id":"https:\/\/mesalestore.com\/en\/product\/demsu-fiberglass-gold-kubbe-alemi-120-cm\/","url":"https:\/\/mesalestore.com\/en\/product\/demsu-fiberglass-gold-kubbe-alemi-120-cm\/","name":"Demsu Fiberglass Gold Kubbe Alemi 120 Cm | Me\u015fale Store","isPartOf":{"@id":"https:\/\/mesalestore.com\/en\/#website"},"primaryImageOfPage":{"@id":"https:\/\/mesalestore.com\/en\/product\/demsu-fiberglass-gold-kubbe-alemi-120-cm\/#primaryimage"},"image":{"@id":"https:\/\/mesalestore.com\/en\/product\/demsu-fiberglass-gold-kubbe-alemi-120-cm\/#primaryimage"},"thumbnailUrl":"https:\/\/mesalestore.com\/wp-content\/uploads\/2026\/03\/demsu-fiberglass-gold-kubbe-alemi-200c-a08825.webp","datePublished":"2026-03-04T08:04:58+00:00","dateModified":"2026-04-11T09:43:33+00:00","description":"Demsu 2 Metre Gold Cami Kubbe Alemi Demsu 2 metre kubbe alemi, camilerin estetik ve dayan\u0131kl\u0131l\u0131k ihtiya\u00e7lar\u0131n\u0131 kar\u015f\u0131lamak i\u00e7in tasarlanm\u0131\u015ft\u0131r. Gold cami","breadcrumb":{"@id":"https:\/\/mesalestore.com\/en\/product\/demsu-fiberglass-gold-kubbe-alemi-120-cm\/#breadcrumb"},"inLanguage":"en-US","potentialAction":[{"@type":"ReadAction","target":["https:\/\/mesalestore.com\/en\/product\/demsu-fiberglass-gold-kubbe-alemi-120-cm\/"]}]},{"@type":"ImageObject","inLanguage":"en-US","@id":"https:\/\/mesalestore.com\/en\/product\/demsu-fiberglass-gold-kubbe-alemi-120-cm\/#primaryimage","url":"https:\/\/mesalestore.com\/wp-content\/uploads\/2026\/03\/demsu-fiberglass-gold-kubbe-alemi-200c-a08825.webp","contentUrl":"https:\/\/mesalestore.com\/wp-content\/uploads\/2026\/03\/demsu-fiberglass-gold-kubbe-alemi-200c-a08825.webp","width":1600,"height":1600},{"@type":"BreadcrumbList","@id":"https:\/\/mesalestore.com\/en\/product\/demsu-fiberglass-gold-kubbe-alemi-120-cm\/#breadcrumb","itemListElement":[{"@type":"ListItem","position":1,"name":"Anasayfa","item":"https:\/\/mesalestore.com\/en\/"},{"@type":"ListItem","position":2,"name":"Products","item":"https:\/\/mesalestore.com\/en\/shop\/"},{"@type":"ListItem","position":3,"name":"Demsu Fiberglass Gold Kubbe Alemi 120 Cm"}]},{"@type":"WebSite","@id":"https:\/\/mesalestore.com\/en\/#website","url":"https:\/\/mesalestore.com\/en\/","name":"Me\u015fale Store","description":"","publisher":{"@id":"https:\/\/mesalestore.com\/en\/#organization"},"potentialAction":[{"@type":"SearchAction","target":{"@type":"EntryPoint","urlTemplate":"https:\/\/mesalestore.com\/en\/?s={search_term_string}"},"query-input":{"@type":"PropertyValueSpecification","valueRequired":true,"valueName":"search_term_string"}}],"inLanguage":"en-US"},{"@type":"Organization","@id":"https:\/\/mesalestore.com\/en\/#organization","name":"Me\u015fale Store","url":"https:\/\/mesalestore.com\/en\/","logo":{"@type":"ImageObject","inLanguage":"en-US","@id":"https:\/\/mesalestore.com\/en\/#\/schema\/logo\/image\/","url":"https:\/\/mesalestore.com\/wp-content\/uploads\/2026\/03\/logo-header-yeni-1.webp","contentUrl":"https:\/\/mesalestore.com\/wp-content\/uploads\/2026\/03\/logo-header-yeni-1.webp","width":419,"height":147,"caption":"Me\u015fale Store"},"image":{"@id":"https:\/\/mesalestore.com\/en\/#\/schema\/logo\/image\/"},"sameAs":["https:\/\/www.facebook.com\/mesalecay","https:\/\/x.com\/mesalecaykazan","https:\/\/www.instagram.com\/mesalecaykazan\/"]}]}},"_links":{"self":[{"href":"https:\/\/mesalestore.com\/en\/wp-json\/wp\/v2\/product\/3720","targetHints":{"allow":["GET"]}}],"collection":[{"href":"https:\/\/mesalestore.com\/en\/wp-json\/wp\/v2\/product"}],"about":[{"href":"https:\/\/mesalestore.com\/en\/wp-json\/wp\/v2\/types\/product"}],"replies":[{"embeddable":true,"href":"https:\/\/mesalestore.com\/en\/wp-json\/wp\/v2\/comments?post=3720"}],"wp:featuredmedia":[{"embeddable":true,"href":"https:\/\/mesalestore.com\/en\/wp-json\/wp\/v2\/media\/3847"}],"wp:attachment":[{"href":"https:\/\/mesalestore.com\/en\/wp-json\/wp\/v2\/media?parent=3720"}],"wp:term":[{"taxonomy":"product_brand","embeddable":true,"href":"https:\/\/mesalestore.com\/en\/wp-json\/wp\/v2\/product_brand?post=3720"},{"taxonomy":"product_cat","embeddable":true,"href":"https:\/\/mesalestore.com\/en\/wp-json\/wp\/v2\/product_cat?post=3720"},{"taxonomy":"product_tag","embeddable":true,"href":"https:\/\/mesalestore.com\/en\/wp-json\/wp\/v2\/product_tag?post=3720"}],"curies":[{"name":"wp","href":"https:\/\/api.w.org\/{rel}","templated":true}]}}