{"id":3016,"date":"2026-02-19T10:35:21","date_gmt":"2026-02-19T10:35:21","guid":{"rendered":"http:\/\/mesalestore.com\/?post_type=product&#038;p=3016"},"modified":"2026-04-16T15:10:11","modified_gmt":"2026-04-16T12:10:11","slug":"mesale-3-demlikli-akilli-caykazani","status":"publish","type":"product","link":"https:\/\/mesalestore.com\/en\/product\/mesale-3-demlikli-akilli-caykazani\/","title":{"rendered":"ME\u015eALE 3 DEML\u0130KL\u0130 AKILLI \u00c7AYKAZANI"},"content":{"rendered":"<p>Me\u015fale markal\u0131 \u00e7ay kazanlar\u0131n\u0131n en \u00f6zel serisi olan Ak\u0131ll\u0131 programlanabilen, 3 programl\u0131 (1.program haftan\u0131n 5 g\u00fcn\u00fc, 2.program haftan\u0131n 6 g\u00fcn\u00fc, 3.program haftan\u0131n 7 g\u00fcn\u00fc ) istenilen saatte a\u00e7\u0131l\u0131p kapat\u0131labilen ak\u0131ll\u0131 \u00f6zelli\u011fe sahip, diledi\u011finiz saatte kaynam\u0131\u015f suyunuz ile hi\u00e7 beklemeden \u00e7ay\u0131n\u0131z\u0131 demleyebilirsiniz.<\/p>\n<p>Ofisler ve fabrikalar\u0131n da en \u00e7ok tercih etti\u011fi modeldir.<\/p>\n<p>Kahveci oca\u011f\u0131 sayesinde 2 g\u00f6zl\u00fc t\u00fcrk kahvesi pi\u015firme ve \u0131s\u0131tma olana\u011f\u0131 sa\u011flar.<\/p>\n<p>Ar\u0131tma sistemi sayesinde \u015febeke suyunu ar\u0131tarak kazan\u0131n i\u00e7ine aktar\u0131r.<\/p>\n<p>Otomatik su alma sistemli, i\u00e7 kazandaki b\u00f6lme sayesinde su ald\u0131\u011f\u0131nda kazan i\u00e7indeki suyu so\u011futmadan yedek su haznesine d\u00f6kme olana\u011f\u0131 sa\u011flar.<\/p>\n<p>Ak\u0131ll\u0131 termostat sayesinde su s\u0131cakl\u0131\u011f\u0131 otomatik olarak kontrol edilir.<\/p>\n<p>Dilerseniz gazda kullanmay\u0131p sadece elektrikte de kullanabilirsiniz.<\/p>\n<p>Su s\u0131cakl\u0131\u011f\u0131 dijital \u015fekilde ekranda g\u00f6r\u00fcn\u00fcr.<\/p>\n<p>Kullan\u0131lan izolasyon sayesinde enerji tasarrufu sa\u011flar ve suyunuz saatlerce s\u0131cak kal\u0131r.<\/p>\n<p>Ocak standart olarak do\u011falgazl\u0131d\u0131r, ancak belirtmeniz durumunda LPG d\u00f6n\u00fc\u015f\u00fcm\u00fc yap\u0131l\u0131p o \u015fekilde sevk edilir, l\u00fctfen sipari\u015fte belirtiniz.<\/p>\n<p>Ocak gaz emniyet sistemli olup alev s\u00f6nd\u00fc\u011f\u00fcnde gaz\u0131 keser.<\/p>\n<p>CE belgeli ve GAZMER onayl\u0131d\u0131r.<\/p>\n<p>\u00dcr\u00fcn \u00f6l\u00e7\u00fcleri 92 cm en, 63 cm y\u00fckseklik, derinlik 38 cm.<\/p>\n<p>Kazan su kapasitesi: 32 lt<\/p>\n<p>NOT: Ocak standart olarak do\u011falgazl\u0131d\u0131r, ancak belirtmeniz durumunda LPG d\u00f6n\u00fc\u015f\u00fcm\u00fc yap\u0131l\u0131p o \u015fekilde sevk edilir, l\u00fctfen sipari\u015fte do\u011falgaz ile mi LPG ile mi kullan\u0131lacak belirtiniz.<\/p>\n<p>Kurulum ve teknik servis hizmeti verilmektedir.<\/p>\n<p>NOT: Demlikler fiyata dahil de\u011fildir.<\/p>\n<p>Ayn\u0131 g\u00fcn kargoya verilir.<\/p>","protected":false},"excerpt":{"rendered":"<p>Me\u015fale markal\u0131 \u00e7ay kazanlar\u0131n\u0131n en \u00f6zel serisi olan Ak\u0131ll\u0131 programlanabilen, 3 programl\u0131 (1.program haftan\u0131n 5 g\u00fcn\u00fc, 2.program haftan\u0131n 6 g\u00fcn\u00fc, 3.program haftan\u0131n 7 g\u00fcn\u00fc ) istenilen saatte a\u00e7\u0131l\u0131p kapat\u0131labilen ak\u0131ll\u0131 \u00f6zelli\u011fe sahip, diledi\u011finiz saatte kaynam\u0131\u015f suyunuz ile hi\u00e7 beklemeden \u00e7ay\u0131n\u0131z\u0131 demleyebilirsiniz. Ofisler ve fabrikalar\u0131n da en \u00e7ok tercih etti\u011fi modeldir. Kahveci oca\u011f\u0131 sayesinde 2 g\u00f6zl\u00fc [&hellip;]<\/p>\n","protected":false},"featured_media":3581,"comment_status":"closed","ping_status":"closed","template":"","meta":[],"product_brand":[],"product_cat":[7771],"product_tag":[],"class_list":{"0":"post-3016","1":"product","2":"type-product","3":"status-publish","4":"has-post-thumbnail","6":"product_cat-cay-kazanlari","7":"pa_borular-bakir","8":"pa_demlik-sayisi-2-demlikli","9":"pa_demlik-sayisi-3-demlikli","10":"pa_govde-chromat","11":"pa_ic-hazne-7933","12":"pa_kahve-gozu-ocagi-var","13":"pa_kapasite-3-demlikli","14":"pa_kullanim-sekli-ustten-demlikli","15":"pa_panel-dijital","16":"pa_sac-kalinligi-7938","17":"pa_samandirali-otomatik-su-alma-var","18":"pa_tesisat-hibrit","19":"pa_yalitim-cam","21":"first","22":"instock","23":"taxable","24":"shipping-taxable","25":"purchasable","26":"product-type-variable"},"yoast_head":"<!-- This site is optimized with the Yoast SEO plugin v27.1.1 - https:\/\/yoast.com\/product\/yoast-seo-wordpress\/ -->\n<title>ME\u015eALE 3 DEML\u0130KL\u0130 AKILLI \u00c7AYKAZANI | Me\u015fale Store<\/title>\n<meta name=\"description\" content=\"Me\u015fale markal\u0131 \u00e7ay kazanlar\u0131n\u0131n en \u00f6zel serisi olan Ak\u0131ll\u0131 programlanabilen, 3 programl\u0131 (1.program haftan\u0131n 5 g\u00fcn\u00fc, 2.program haftan\u0131n 6 g\u00fcn\u00fc, 3.program\" \/>\n<meta name=\"robots\" content=\"index, follow, max-snippet:-1, max-image-preview:large, max-video-preview:-1\" \/>\n<link rel=\"canonical\" href=\"https:\/\/mesalestore.com\/en\/product\/mesale-3-demlikli-akilli-caykazani\/\" \/>\n<meta property=\"og:locale\" content=\"en_US\" \/>\n<meta property=\"og:type\" content=\"article\" \/>\n<meta property=\"og:title\" content=\"ME\u015eALE 3 DEML\u0130KL\u0130 AKILLI \u00c7AYKAZANI | Me\u015fale Store\" \/>\n<meta property=\"og:description\" content=\"Me\u015fale markal\u0131 \u00e7ay kazanlar\u0131n\u0131n en \u00f6zel serisi olan Ak\u0131ll\u0131 programlanabilen, 3 programl\u0131 (1.program haftan\u0131n 5 g\u00fcn\u00fc, 2.program haftan\u0131n 6 g\u00fcn\u00fc, 3.program\" \/>\n<meta property=\"og:url\" content=\"https:\/\/mesalestore.com\/en\/product\/mesale-3-demlikli-akilli-caykazani\/\" \/>\n<meta property=\"og:site_name\" content=\"Me\u015fale Store\" \/>\n<meta property=\"article:publisher\" content=\"https:\/\/www.facebook.com\/mesalecay\" \/>\n<meta property=\"article:modified_time\" content=\"2026-04-16T12:10:11+00:00\" \/>\n<meta property=\"og:image\" content=\"https:\/\/mesalestore.com\/wp-content\/uploads\/2026\/02\/1_org_zoom-1.jpg\" \/>\n\t<meta property=\"og:image:width\" content=\"1200\" \/>\n\t<meta property=\"og:image:height\" content=\"1800\" \/>\n\t<meta property=\"og:image:type\" content=\"image\/jpeg\" \/>\n<meta name=\"twitter:card\" content=\"summary_large_image\" \/>\n<meta name=\"twitter:site\" content=\"@mesalecaykazan\" \/>\n<meta name=\"twitter:label1\" content=\"Est. reading time\" \/>\n\t<meta name=\"twitter:data1\" content=\"2 minutes\" \/>\n<script type=\"application\/ld+json\" class=\"yoast-schema-graph\">{\"@context\":\"https:\/\/schema.org\",\"@graph\":[{\"@type\":\"WebPage\",\"@id\":\"https:\/\/mesalestore.com\/en\/product\/mesale-3-demlikli-akilli-caykazani\/\",\"url\":\"https:\/\/mesalestore.com\/en\/product\/mesale-3-demlikli-akilli-caykazani\/\",\"name\":\"ME\u015eALE 3 DEML\u0130KL\u0130 AKILLI \u00c7AYKAZANI | Me\u015fale Store\",\"isPartOf\":{\"@id\":\"https:\/\/mesalestore.com\/en\/#website\"},\"primaryImageOfPage\":{\"@id\":\"https:\/\/mesalestore.com\/en\/product\/mesale-3-demlikli-akilli-caykazani\/#primaryimage\"},\"image\":{\"@id\":\"https:\/\/mesalestore.com\/en\/product\/mesale-3-demlikli-akilli-caykazani\/#primaryimage\"},\"thumbnailUrl\":\"https:\/\/mesalestore.com\/wp-content\/uploads\/2026\/02\/1_org_zoom-1.jpg\",\"datePublished\":\"2026-02-19T10:35:21+00:00\",\"dateModified\":\"2026-04-16T12:10:11+00:00\",\"description\":\"Me\u015fale markal\u0131 \u00e7ay kazanlar\u0131n\u0131n en \u00f6zel serisi olan Ak\u0131ll\u0131 programlanabilen, 3 programl\u0131 (1.program haftan\u0131n 5 g\u00fcn\u00fc, 2.program haftan\u0131n 6 g\u00fcn\u00fc, 3.program\",\"breadcrumb\":{\"@id\":\"https:\/\/mesalestore.com\/en\/product\/mesale-3-demlikli-akilli-caykazani\/#breadcrumb\"},\"inLanguage\":\"en-US\",\"potentialAction\":[{\"@type\":\"ReadAction\",\"target\":[\"https:\/\/mesalestore.com\/en\/product\/mesale-3-demlikli-akilli-caykazani\/\"]}]},{\"@type\":\"ImageObject\",\"inLanguage\":\"en-US\",\"@id\":\"https:\/\/mesalestore.com\/en\/product\/mesale-3-demlikli-akilli-caykazani\/#primaryimage\",\"url\":\"https:\/\/mesalestore.com\/wp-content\/uploads\/2026\/02\/1_org_zoom-1.jpg\",\"contentUrl\":\"https:\/\/mesalestore.com\/wp-content\/uploads\/2026\/02\/1_org_zoom-1.jpg\",\"width\":1200,\"height\":1800},{\"@type\":\"BreadcrumbList\",\"@id\":\"https:\/\/mesalestore.com\/en\/product\/mesale-3-demlikli-akilli-caykazani\/#breadcrumb\",\"itemListElement\":[{\"@type\":\"ListItem\",\"position\":1,\"name\":\"Anasayfa\",\"item\":\"https:\/\/mesalestore.com\/en\/\"},{\"@type\":\"ListItem\",\"position\":2,\"name\":\"Products\",\"item\":\"https:\/\/mesalestore.com\/en\/shop\/\"},{\"@type\":\"ListItem\",\"position\":3,\"name\":\"ME\u015eALE 3 DEML\u0130KL\u0130 AKILLI \u00c7AYKAZANI\"}]},{\"@type\":\"WebSite\",\"@id\":\"https:\/\/mesalestore.com\/en\/#website\",\"url\":\"https:\/\/mesalestore.com\/en\/\",\"name\":\"Me\u015fale Store\",\"description\":\"\",\"publisher\":{\"@id\":\"https:\/\/mesalestore.com\/en\/#organization\"},\"potentialAction\":[{\"@type\":\"SearchAction\",\"target\":{\"@type\":\"EntryPoint\",\"urlTemplate\":\"https:\/\/mesalestore.com\/en\/?s={search_term_string}\"},\"query-input\":{\"@type\":\"PropertyValueSpecification\",\"valueRequired\":true,\"valueName\":\"search_term_string\"}}],\"inLanguage\":\"en-US\"},{\"@type\":\"Organization\",\"@id\":\"https:\/\/mesalestore.com\/en\/#organization\",\"name\":\"Me\u015fale Store\",\"url\":\"https:\/\/mesalestore.com\/en\/\",\"logo\":{\"@type\":\"ImageObject\",\"inLanguage\":\"en-US\",\"@id\":\"https:\/\/mesalestore.com\/en\/#\/schema\/logo\/image\/\",\"url\":\"https:\/\/mesalestore.com\/wp-content\/uploads\/2026\/03\/logo-header-yeni-1.webp\",\"contentUrl\":\"https:\/\/mesalestore.com\/wp-content\/uploads\/2026\/03\/logo-header-yeni-1.webp\",\"width\":419,\"height\":147,\"caption\":\"Me\u015fale Store\"},\"image\":{\"@id\":\"https:\/\/mesalestore.com\/en\/#\/schema\/logo\/image\/\"},\"sameAs\":[\"https:\/\/www.facebook.com\/mesalecay\",\"https:\/\/x.com\/mesalecaykazan\",\"https:\/\/www.instagram.com\/mesalecaykazan\/\"]}]}<\/script>\n<!-- \/ Yoast SEO plugin. -->","yoast_head_json":{"title":"ME\u015eALE 3 DEML\u0130KL\u0130 AKILLI \u00c7AYKAZANI | Me\u015fale Store","description":"Me\u015fale markal\u0131 \u00e7ay kazanlar\u0131n\u0131n en \u00f6zel serisi olan Ak\u0131ll\u0131 programlanabilen, 3 programl\u0131 (1.program haftan\u0131n 5 g\u00fcn\u00fc, 2.program haftan\u0131n 6 g\u00fcn\u00fc, 3.program","robots":{"index":"index","follow":"follow","max-snippet":"max-snippet:-1","max-image-preview":"max-image-preview:large","max-video-preview":"max-video-preview:-1"},"canonical":"https:\/\/mesalestore.com\/en\/product\/mesale-3-demlikli-akilli-caykazani\/","og_locale":"en_US","og_type":"article","og_title":"ME\u015eALE 3 DEML\u0130KL\u0130 AKILLI \u00c7AYKAZANI | Me\u015fale Store","og_description":"Me\u015fale markal\u0131 \u00e7ay kazanlar\u0131n\u0131n en \u00f6zel serisi olan Ak\u0131ll\u0131 programlanabilen, 3 programl\u0131 (1.program haftan\u0131n 5 g\u00fcn\u00fc, 2.program haftan\u0131n 6 g\u00fcn\u00fc, 3.program","og_url":"https:\/\/mesalestore.com\/en\/product\/mesale-3-demlikli-akilli-caykazani\/","og_site_name":"Me\u015fale Store","article_publisher":"https:\/\/www.facebook.com\/mesalecay","article_modified_time":"2026-04-16T12:10:11+00:00","og_image":[{"width":1200,"height":1800,"url":"https:\/\/mesalestore.com\/wp-content\/uploads\/2026\/02\/1_org_zoom-1.jpg","type":"image\/jpeg"}],"twitter_card":"summary_large_image","twitter_site":"@mesalecaykazan","twitter_misc":{"Est. reading time":"2 minutes"},"schema":{"@context":"https:\/\/schema.org","@graph":[{"@type":"WebPage","@id":"https:\/\/mesalestore.com\/en\/product\/mesale-3-demlikli-akilli-caykazani\/","url":"https:\/\/mesalestore.com\/en\/product\/mesale-3-demlikli-akilli-caykazani\/","name":"ME\u015eALE 3 DEML\u0130KL\u0130 AKILLI \u00c7AYKAZANI | Me\u015fale Store","isPartOf":{"@id":"https:\/\/mesalestore.com\/en\/#website"},"primaryImageOfPage":{"@id":"https:\/\/mesalestore.com\/en\/product\/mesale-3-demlikli-akilli-caykazani\/#primaryimage"},"image":{"@id":"https:\/\/mesalestore.com\/en\/product\/mesale-3-demlikli-akilli-caykazani\/#primaryimage"},"thumbnailUrl":"https:\/\/mesalestore.com\/wp-content\/uploads\/2026\/02\/1_org_zoom-1.jpg","datePublished":"2026-02-19T10:35:21+00:00","dateModified":"2026-04-16T12:10:11+00:00","description":"Me\u015fale markal\u0131 \u00e7ay kazanlar\u0131n\u0131n en \u00f6zel serisi olan Ak\u0131ll\u0131 programlanabilen, 3 programl\u0131 (1.program haftan\u0131n 5 g\u00fcn\u00fc, 2.program haftan\u0131n 6 g\u00fcn\u00fc, 3.program","breadcrumb":{"@id":"https:\/\/mesalestore.com\/en\/product\/mesale-3-demlikli-akilli-caykazani\/#breadcrumb"},"inLanguage":"en-US","potentialAction":[{"@type":"ReadAction","target":["https:\/\/mesalestore.com\/en\/product\/mesale-3-demlikli-akilli-caykazani\/"]}]},{"@type":"ImageObject","inLanguage":"en-US","@id":"https:\/\/mesalestore.com\/en\/product\/mesale-3-demlikli-akilli-caykazani\/#primaryimage","url":"https:\/\/mesalestore.com\/wp-content\/uploads\/2026\/02\/1_org_zoom-1.jpg","contentUrl":"https:\/\/mesalestore.com\/wp-content\/uploads\/2026\/02\/1_org_zoom-1.jpg","width":1200,"height":1800},{"@type":"BreadcrumbList","@id":"https:\/\/mesalestore.com\/en\/product\/mesale-3-demlikli-akilli-caykazani\/#breadcrumb","itemListElement":[{"@type":"ListItem","position":1,"name":"Anasayfa","item":"https:\/\/mesalestore.com\/en\/"},{"@type":"ListItem","position":2,"name":"Products","item":"https:\/\/mesalestore.com\/en\/shop\/"},{"@type":"ListItem","position":3,"name":"ME\u015eALE 3 DEML\u0130KL\u0130 AKILLI \u00c7AYKAZANI"}]},{"@type":"WebSite","@id":"https:\/\/mesalestore.com\/en\/#website","url":"https:\/\/mesalestore.com\/en\/","name":"Me\u015fale Store","description":"","publisher":{"@id":"https:\/\/mesalestore.com\/en\/#organization"},"potentialAction":[{"@type":"SearchAction","target":{"@type":"EntryPoint","urlTemplate":"https:\/\/mesalestore.com\/en\/?s={search_term_string}"},"query-input":{"@type":"PropertyValueSpecification","valueRequired":true,"valueName":"search_term_string"}}],"inLanguage":"en-US"},{"@type":"Organization","@id":"https:\/\/mesalestore.com\/en\/#organization","name":"Me\u015fale Store","url":"https:\/\/mesalestore.com\/en\/","logo":{"@type":"ImageObject","inLanguage":"en-US","@id":"https:\/\/mesalestore.com\/en\/#\/schema\/logo\/image\/","url":"https:\/\/mesalestore.com\/wp-content\/uploads\/2026\/03\/logo-header-yeni-1.webp","contentUrl":"https:\/\/mesalestore.com\/wp-content\/uploads\/2026\/03\/logo-header-yeni-1.webp","width":419,"height":147,"caption":"Me\u015fale Store"},"image":{"@id":"https:\/\/mesalestore.com\/en\/#\/schema\/logo\/image\/"},"sameAs":["https:\/\/www.facebook.com\/mesalecay","https:\/\/x.com\/mesalecaykazan","https:\/\/www.instagram.com\/mesalecaykazan\/"]}]}},"_links":{"self":[{"href":"https:\/\/mesalestore.com\/en\/wp-json\/wp\/v2\/product\/3016","targetHints":{"allow":["GET"]}}],"collection":[{"href":"https:\/\/mesalestore.com\/en\/wp-json\/wp\/v2\/product"}],"about":[{"href":"https:\/\/mesalestore.com\/en\/wp-json\/wp\/v2\/types\/product"}],"replies":[{"embeddable":true,"href":"https:\/\/mesalestore.com\/en\/wp-json\/wp\/v2\/comments?post=3016"}],"wp:featuredmedia":[{"embeddable":true,"href":"https:\/\/mesalestore.com\/en\/wp-json\/wp\/v2\/media\/3581"}],"wp:attachment":[{"href":"https:\/\/mesalestore.com\/en\/wp-json\/wp\/v2\/media?parent=3016"}],"wp:term":[{"taxonomy":"product_brand","embeddable":true,"href":"https:\/\/mesalestore.com\/en\/wp-json\/wp\/v2\/product_brand?post=3016"},{"taxonomy":"product_cat","embeddable":true,"href":"https:\/\/mesalestore.com\/en\/wp-json\/wp\/v2\/product_cat?post=3016"},{"taxonomy":"product_tag","embeddable":true,"href":"https:\/\/mesalestore.com\/en\/wp-json\/wp\/v2\/product_tag?post=3016"}],"curies":[{"name":"wp","href":"https:\/\/api.w.org\/{rel}","templated":true}]}}