{"id":2643,"date":"2026-02-09T12:19:55","date_gmt":"2026-02-09T09:19:55","guid":{"rendered":"http:\/\/mesalestore.com\/product\/mesale-3-demlikli-antik-bakir-fetih-1453-elektrik-gazli-full-otomatik-cay-kazani\/"},"modified":"2026-04-11T00:59:12","modified_gmt":"2026-04-10T21:59:12","slug":"mesale-3-demlikli-antik-bakir-fetih-1453-elektrik-gazli-full-otomatik-cay-kazani","status":"publish","type":"product","link":"https:\/\/mesalestore.com\/en\/product\/mesale-3-demlikli-antik-bakir-fetih-1453-elektrik-gazli-full-otomatik-cay-kazani\/","title":{"rendered":"Me\u015fale 3 Demlikli Antik Bak\u0131r Fetih 1453 Elektrik + Gazl\u0131 Full Otomatik \u00c7ay Kazan\u0131"},"content":{"rendered":"<p>Me\u015fale 3 Demlikli Antik Bak\u0131r Fetih 1453 Elektrik + Gazl\u0131 Full Otomatik \u00c7ay Kazan\u0131, <strong>\u015f\u0131kl\u0131\u011f\u0131 ve fonksiyonelli\u011fi bir araya getiren bir tasar\u0131ma<\/strong> sahip. <strong>Antik bak\u0131r y\u00fczey<\/strong> ve <strong>Fetih 1453 desenli detaylar<\/strong>, hem g\u00f6rsel hem de estetik a\u00e7\u0131dan mekan\u0131n\u0131za tarihi bir dokunu\u015f katar. Bu \u00e7ay kazan\u0131, <strong>elektrik ve gazl\u0131<\/strong> \u00f6zellikleriyle <strong>kesintisiz \u00e7ay servisi<\/strong> sa\u011flar, farkl\u0131 i\u015fletmelerin ihtiya\u00e7lar\u0131na uygun \u015fekilde optimize edilmi\u015ftir.<\/p>\n<p><strong>Full otomatik sistem<\/strong>, her demlenen \u00e7ay\u0131n m\u00fckemmel s\u0131cakl\u0131kta ve lezzette olmas\u0131n\u0131 garanti eder. <strong>\u00dc\u00e7 demlik kapasitesi<\/strong>, ayn\u0131 anda birden fazla \u00e7ay \u00e7e\u015fidi sunman\u0131za olanak tan\u0131r, b\u00f6ylece <strong>i\u015flem verimlili\u011finizi<\/strong> art\u0131r\u0131r. <strong>Enerji verimlili\u011fi<\/strong>, i\u015fletmenizin maliyetlerini d\u00fc\u015f\u00fcr\u00fcrken, <strong>h\u0131zl\u0131 demleme<\/strong> imkan\u0131 sayesinde y\u00fcksek m\u00fc\u015fteri taleplerine kolayca cevap verebilirsiniz.<\/p>\n<p><strong>Restoranlar, kafeler, oteller ve \u00e7ay salonlar\u0131<\/strong> gibi ticari i\u015fletmeler i\u00e7in ideal bir se\u00e7enek olan Me\u015fale 3 Demlikli Antik Bak\u0131r Fetih 1453 Elektrik + Gazl\u0131 Full Otomatik \u00c7ay Kazan\u0131, <strong>hem estetik hem de fonksiyonel<\/strong> bir \u00e7\u00f6z\u00fcm sunar.<\/p>","protected":false},"excerpt":{"rendered":"<p>Me\u015fale 3 Demlikli Antik Bak\u0131r Fetih 1453 Elektrik + Gazl\u0131 Full Otomatik \u00c7ay Kazan\u0131 i\u015fletmeler i\u00e7in tasarlanm\u0131\u015f y\u00fcksek kapasiteli bir \u00e7ay makinesidir. Y\u00fcksek demleme kapasitesiyle h\u0131zl\u0131 servis sa\u011flar.<\/p>","protected":false},"featured_media":1588,"comment_status":"closed","ping_status":"closed","template":"","meta":[],"product_brand":[7749],"product_cat":[7771],"product_tag":[16,783,784,785,786,4130,4131,4132,4161,4162,4149,4154,4155,4156,4150,4151,4152,4153,4133,4146,4147,4134,4139,4140,4141,4135,4136,4137,4138,4148,4142,4143,4144,4145,4163,4157,4158,4159,4160,4164,4165,4170,4171,4172,4166,4167,4168,4169,4173,4174],"class_list":{"0":"post-2643","1":"product","2":"type-product","3":"status-publish","4":"has-post-thumbnail","6":"product_brand-mesale","7":"product_cat-cay-kazanlari","8":"product_tag-mesale","9":"product_tag-mesale-3","10":"product_tag-mesale-3-demlikli","11":"product_tag-mesale-3-demlikli-antik","12":"product_tag-mesale-3-demlikli-antik-bakir","13":"product_tag-mesale-3-demlikli-antik-bakir-fetih","14":"product_tag-mesale-3-demlikli-antik-bakir-fetih-1453","15":"product_tag-mesale-3-demlikli-antik-bakir-fetih-1453-elektrik","16":"product_tag-mesale-3-demlikli-antik-bakir-fetih-1453-elektrik-cay","17":"product_tag-mesale-3-demlikli-antik-bakir-fetih-1453-elektrik-cay-kazani","18":"product_tag-mesale-3-demlikli-antik-bakir-fetih-1453-elektrik-full","19":"product_tag-mesale-3-demlikli-antik-bakir-fetih-1453-elektrik-full-cay","20":"product_tag-mesale-3-demlikli-antik-bakir-fetih-1453-elektrik-full-cay-kazani","21":"product_tag-mesale-3-demlikli-antik-bakir-fetih-1453-elektrik-full-kazani","22":"product_tag-mesale-3-demlikli-antik-bakir-fetih-1453-elektrik-full-otomatik","23":"product_tag-mesale-3-demlikli-antik-bakir-fetih-1453-elektrik-full-otomatik-cay","24":"product_tag-mesale-3-demlikli-antik-bakir-fetih-1453-elektrik-full-otomatik-cay-kazani","25":"product_tag-mesale-3-demlikli-antik-bakir-fetih-1453-elektrik-full-otomatik-kazani","26":"product_tag-mesale-3-demlikli-antik-bakir-fetih-1453-elektrik-gazli","27":"product_tag-mesale-3-demlikli-antik-bakir-fetih-1453-elektrik-gazli-cay","28":"product_tag-mesale-3-demlikli-antik-bakir-fetih-1453-elektrik-gazli-cay-kazani","29":"product_tag-mesale-3-demlikli-antik-bakir-fetih-1453-elektrik-gazli-full","30":"product_tag-mesale-3-demlikli-antik-bakir-fetih-1453-elektrik-gazli-full-cay","31":"product_tag-mesale-3-demlikli-antik-bakir-fetih-1453-elektrik-gazli-full-cay-kazani","32":"product_tag-mesale-3-demlikli-antik-bakir-fetih-1453-elektrik-gazli-full-kazani","33":"product_tag-mesale-3-demlikli-antik-bakir-fetih-1453-elektrik-gazli-full-otomatik","34":"product_tag-mesale-3-demlikli-antik-bakir-fetih-1453-elektrik-gazli-full-otomatik-cay","35":"product_tag-mesale-3-demlikli-antik-bakir-fetih-1453-elektrik-gazli-full-otomatik-cay-kazani","36":"product_tag-mesale-3-demlikli-antik-bakir-fetih-1453-elektrik-gazli-full-otomatik-kazani","37":"product_tag-mesale-3-demlikli-antik-bakir-fetih-1453-elektrik-gazli-kazani","38":"product_tag-mesale-3-demlikli-antik-bakir-fetih-1453-elektrik-gazli-otomatik","39":"product_tag-mesale-3-demlikli-antik-bakir-fetih-1453-elektrik-gazli-otomatik-cay","40":"product_tag-mesale-3-demlikli-antik-bakir-fetih-1453-elektrik-gazli-otomatik-cay-kazani","41":"product_tag-mesale-3-demlikli-antik-bakir-fetih-1453-elektrik-gazli-otomatik-kazani","42":"product_tag-mesale-3-demlikli-antik-bakir-fetih-1453-elektrik-kazani","43":"product_tag-mesale-3-demlikli-antik-bakir-fetih-1453-elektrik-otomatik","44":"product_tag-mesale-3-demlikli-antik-bakir-fetih-1453-elektrik-otomatik-cay","45":"product_tag-mesale-3-demlikli-antik-bakir-fetih-1453-elektrik-otomatik-cay-kazani","46":"product_tag-mesale-3-demlikli-antik-bakir-fetih-1453-elektrik-otomatik-kazani","47":"product_tag-mesale-3-demlikli-antik-bakir-fetih-1453-gazli","48":"product_tag-mesale-3-demlikli-antik-bakir-fetih-1453-gazli-full","49":"product_tag-mesale-3-demlikli-antik-bakir-fetih-1453-gazli-full-cay","50":"product_tag-mesale-3-demlikli-antik-bakir-fetih-1453-gazli-full-cay-kazani","51":"product_tag-mesale-3-demlikli-antik-bakir-fetih-1453-gazli-full-kazani","52":"product_tag-mesale-3-demlikli-antik-bakir-fetih-1453-gazli-full-otomatik","53":"product_tag-mesale-3-demlikli-antik-bakir-fetih-1453-gazli-full-otomatik-cay","54":"product_tag-mesale-3-demlikli-antik-bakir-fetih-1453-gazli-full-otomatik-cay-kazani","55":"product_tag-mesale-3-demlikli-antik-bakir-fetih-1453-gazli-full-otomatik-kazani","56":"product_tag-mesale-3-demlikli-antik-bakir-fetih-1453-gazli-otomatik","57":"product_tag-mesale-3-demlikli-antik-bakir-fetih-1453-gazli-otomatik-cay","58":"pa_borular-bakir","59":"pa_demlik-sayisi-3-demlikli","60":"pa_govde-bakir","61":"pa_ic-hazne-7933","62":"pa_kahve-gozu-ocagi-var","63":"pa_kapasite-3-demlikli","64":"pa_kullanim-sekli-ustten-demlikli","65":"pa_panel-manuel","66":"pa_sac-kalinligi-7938","67":"pa_samandirali-otomatik-su-alma-var","68":"pa_tesisat-hibrit","69":"pa_yalitim-cam","71":"first","72":"instock","73":"sale","74":"taxable","75":"shipping-taxable","76":"purchasable","77":"product-type-simple"},"yoast_head":"<!-- This site is optimized with the Yoast SEO plugin v27.1.1 - https:\/\/yoast.com\/product\/yoast-seo-wordpress\/ -->\n<title>Me\u015fale 3 Demlikli Antik Bak\u0131r Fetih 1453 Elektrik + Gazl\u0131 Full Otomatik \u00c7ay Kazan\u0131 | Me\u015fale Store<\/title>\n<meta name=\"description\" content=\"Me\u015fale 3 Demlikli Antik Bak\u0131r Fetih 1453 Elektrik + Gazl\u0131 Full Otomatik \u00c7ay Kazan\u0131 i\u015fletmeler i\u00e7in tasarlanm\u0131\u015f y\u00fcksek kapasiteli bir \u00e7ay makinesidir. Y\u00fcksek demleme kapasitesiyle h\u0131zl\u0131 servis sa\u011flar.\" \/>\n<meta name=\"robots\" content=\"index, follow, max-snippet:-1, max-image-preview:large, max-video-preview:-1\" \/>\n<link rel=\"canonical\" href=\"https:\/\/mesalestore.com\/en\/product\/mesale-3-demlikli-antik-bakir-fetih-1453-elektrik-gazli-full-otomatik-cay-kazani\/\" \/>\n<meta property=\"og:locale\" content=\"en_US\" \/>\n<meta property=\"og:type\" content=\"article\" \/>\n<meta property=\"og:title\" content=\"Me\u015fale 3 Demlikli Antik Bak\u0131r Fetih 1453 Elektrik + Gazl\u0131 Full Otomatik \u00c7ay Kazan\u0131 | Me\u015fale Store\" \/>\n<meta property=\"og:description\" content=\"Me\u015fale 3 Demlikli Antik Bak\u0131r Fetih 1453 Elektrik + Gazl\u0131 Full Otomatik \u00c7ay Kazan\u0131 i\u015fletmeler i\u00e7in tasarlanm\u0131\u015f y\u00fcksek kapasiteli bir \u00e7ay makinesidir. Y\u00fcksek demleme kapasitesiyle h\u0131zl\u0131 servis sa\u011flar.\" \/>\n<meta property=\"og:url\" content=\"https:\/\/mesalestore.com\/en\/product\/mesale-3-demlikli-antik-bakir-fetih-1453-elektrik-gazli-full-otomatik-cay-kazani\/\" \/>\n<meta property=\"og:site_name\" content=\"Me\u015fale Store\" \/>\n<meta property=\"article:publisher\" content=\"https:\/\/www.facebook.com\/mesalecay\" \/>\n<meta property=\"article:modified_time\" content=\"2026-04-10T21:59:12+00:00\" \/>\n<meta property=\"og:image\" content=\"https:\/\/mesalestore.com\/wp-content\/uploads\/2026\/01\/mesale-3-demlikli-antik-bakir-fetih-14-a78fd.jpeg\" \/>\n\t<meta property=\"og:image:width\" content=\"1600\" \/>\n\t<meta property=\"og:image:height\" content=\"1200\" \/>\n\t<meta property=\"og:image:type\" content=\"image\/jpeg\" \/>\n<meta name=\"twitter:card\" content=\"summary_large_image\" \/>\n<meta name=\"twitter:site\" content=\"@mesalecaykazan\" \/>\n<meta name=\"twitter:label1\" content=\"Est. reading time\" \/>\n\t<meta name=\"twitter:data1\" content=\"2 minutes\" \/>\n<script type=\"application\/ld+json\" class=\"yoast-schema-graph\">{\"@context\":\"https:\/\/schema.org\",\"@graph\":[{\"@type\":\"WebPage\",\"@id\":\"https:\/\/mesalestore.com\/en\/product\/mesale-3-demlikli-antik-bakir-fetih-1453-elektrik-gazli-full-otomatik-cay-kazani\/\",\"url\":\"https:\/\/mesalestore.com\/en\/product\/mesale-3-demlikli-antik-bakir-fetih-1453-elektrik-gazli-full-otomatik-cay-kazani\/\",\"name\":\"Me\u015fale 3 Demlikli Antik Bak\u0131r Fetih 1453 Elektrik + Gazl\u0131 Full Otomatik \u00c7ay Kazan\u0131 | Me\u015fale Store\",\"isPartOf\":{\"@id\":\"https:\/\/mesalestore.com\/en\/#website\"},\"primaryImageOfPage\":{\"@id\":\"https:\/\/mesalestore.com\/en\/product\/mesale-3-demlikli-antik-bakir-fetih-1453-elektrik-gazli-full-otomatik-cay-kazani\/#primaryimage\"},\"image\":{\"@id\":\"https:\/\/mesalestore.com\/en\/product\/mesale-3-demlikli-antik-bakir-fetih-1453-elektrik-gazli-full-otomatik-cay-kazani\/#primaryimage\"},\"thumbnailUrl\":\"https:\/\/mesalestore.com\/wp-content\/uploads\/2026\/01\/mesale-3-demlikli-antik-bakir-fetih-14-a78fd.jpeg\",\"datePublished\":\"2026-02-09T09:19:55+00:00\",\"dateModified\":\"2026-04-10T21:59:12+00:00\",\"description\":\"Me\u015fale 3 Demlikli Antik Bak\u0131r Fetih 1453 Elektrik + Gazl\u0131 Full Otomatik \u00c7ay Kazan\u0131 i\u015fletmeler i\u00e7in tasarlanm\u0131\u015f y\u00fcksek kapasiteli bir \u00e7ay makinesidir. Y\u00fcksek demleme kapasitesiyle h\u0131zl\u0131 servis sa\u011flar.\",\"breadcrumb\":{\"@id\":\"https:\/\/mesalestore.com\/en\/product\/mesale-3-demlikli-antik-bakir-fetih-1453-elektrik-gazli-full-otomatik-cay-kazani\/#breadcrumb\"},\"inLanguage\":\"en-US\",\"potentialAction\":[{\"@type\":\"ReadAction\",\"target\":[\"https:\/\/mesalestore.com\/en\/product\/mesale-3-demlikli-antik-bakir-fetih-1453-elektrik-gazli-full-otomatik-cay-kazani\/\"]}]},{\"@type\":\"ImageObject\",\"inLanguage\":\"en-US\",\"@id\":\"https:\/\/mesalestore.com\/en\/product\/mesale-3-demlikli-antik-bakir-fetih-1453-elektrik-gazli-full-otomatik-cay-kazani\/#primaryimage\",\"url\":\"https:\/\/mesalestore.com\/wp-content\/uploads\/2026\/01\/mesale-3-demlikli-antik-bakir-fetih-14-a78fd.jpeg\",\"contentUrl\":\"https:\/\/mesalestore.com\/wp-content\/uploads\/2026\/01\/mesale-3-demlikli-antik-bakir-fetih-14-a78fd.jpeg\",\"width\":1600,\"height\":1200},{\"@type\":\"BreadcrumbList\",\"@id\":\"https:\/\/mesalestore.com\/en\/product\/mesale-3-demlikli-antik-bakir-fetih-1453-elektrik-gazli-full-otomatik-cay-kazani\/#breadcrumb\",\"itemListElement\":[{\"@type\":\"ListItem\",\"position\":1,\"name\":\"Anasayfa\",\"item\":\"https:\/\/mesalestore.com\/en\/\"},{\"@type\":\"ListItem\",\"position\":2,\"name\":\"Products\",\"item\":\"https:\/\/mesalestore.com\/en\/shop\/\"},{\"@type\":\"ListItem\",\"position\":3,\"name\":\"Me\u015fale 3 Demlikli Antik Bak\u0131r Fetih 1453 Elektrik + Gazl\u0131 Full Otomatik \u00c7ay Kazan\u0131\"}]},{\"@type\":\"WebSite\",\"@id\":\"https:\/\/mesalestore.com\/en\/#website\",\"url\":\"https:\/\/mesalestore.com\/en\/\",\"name\":\"Me\u015fale Store\",\"description\":\"\",\"publisher\":{\"@id\":\"https:\/\/mesalestore.com\/en\/#organization\"},\"potentialAction\":[{\"@type\":\"SearchAction\",\"target\":{\"@type\":\"EntryPoint\",\"urlTemplate\":\"https:\/\/mesalestore.com\/en\/?s={search_term_string}\"},\"query-input\":{\"@type\":\"PropertyValueSpecification\",\"valueRequired\":true,\"valueName\":\"search_term_string\"}}],\"inLanguage\":\"en-US\"},{\"@type\":\"Organization\",\"@id\":\"https:\/\/mesalestore.com\/en\/#organization\",\"name\":\"Me\u015fale Store\",\"url\":\"https:\/\/mesalestore.com\/en\/\",\"logo\":{\"@type\":\"ImageObject\",\"inLanguage\":\"en-US\",\"@id\":\"https:\/\/mesalestore.com\/en\/#\/schema\/logo\/image\/\",\"url\":\"https:\/\/mesalestore.com\/wp-content\/uploads\/2026\/03\/logo-header-yeni-1.webp\",\"contentUrl\":\"https:\/\/mesalestore.com\/wp-content\/uploads\/2026\/03\/logo-header-yeni-1.webp\",\"width\":419,\"height\":147,\"caption\":\"Me\u015fale Store\"},\"image\":{\"@id\":\"https:\/\/mesalestore.com\/en\/#\/schema\/logo\/image\/\"},\"sameAs\":[\"https:\/\/www.facebook.com\/mesalecay\",\"https:\/\/x.com\/mesalecaykazan\",\"https:\/\/www.instagram.com\/mesalecaykazan\/\"]}]}<\/script>\n<!-- \/ Yoast SEO plugin. -->","yoast_head_json":{"title":"Me\u015fale 3 Demlikli Antik Bak\u0131r Fetih 1453 Elektrik + Gazl\u0131 Full Otomatik \u00c7ay Kazan\u0131 | Me\u015fale Store","description":"Me\u015fale 3 Demlikli Antik Bak\u0131r Fetih 1453 Elektrik + Gazl\u0131 Full Otomatik \u00c7ay Kazan\u0131 i\u015fletmeler i\u00e7in tasarlanm\u0131\u015f y\u00fcksek kapasiteli bir \u00e7ay makinesidir. Y\u00fcksek demleme kapasitesiyle h\u0131zl\u0131 servis sa\u011flar.","robots":{"index":"index","follow":"follow","max-snippet":"max-snippet:-1","max-image-preview":"max-image-preview:large","max-video-preview":"max-video-preview:-1"},"canonical":"https:\/\/mesalestore.com\/en\/product\/mesale-3-demlikli-antik-bakir-fetih-1453-elektrik-gazli-full-otomatik-cay-kazani\/","og_locale":"en_US","og_type":"article","og_title":"Me\u015fale 3 Demlikli Antik Bak\u0131r Fetih 1453 Elektrik + Gazl\u0131 Full Otomatik \u00c7ay Kazan\u0131 | Me\u015fale Store","og_description":"Me\u015fale 3 Demlikli Antik Bak\u0131r Fetih 1453 Elektrik + Gazl\u0131 Full Otomatik \u00c7ay Kazan\u0131 i\u015fletmeler i\u00e7in tasarlanm\u0131\u015f y\u00fcksek kapasiteli bir \u00e7ay makinesidir. Y\u00fcksek demleme kapasitesiyle h\u0131zl\u0131 servis sa\u011flar.","og_url":"https:\/\/mesalestore.com\/en\/product\/mesale-3-demlikli-antik-bakir-fetih-1453-elektrik-gazli-full-otomatik-cay-kazani\/","og_site_name":"Me\u015fale Store","article_publisher":"https:\/\/www.facebook.com\/mesalecay","article_modified_time":"2026-04-10T21:59:12+00:00","og_image":[{"width":1600,"height":1200,"url":"https:\/\/mesalestore.com\/wp-content\/uploads\/2026\/01\/mesale-3-demlikli-antik-bakir-fetih-14-a78fd.jpeg","type":"image\/jpeg"}],"twitter_card":"summary_large_image","twitter_site":"@mesalecaykazan","twitter_misc":{"Est. reading time":"2 minutes"},"schema":{"@context":"https:\/\/schema.org","@graph":[{"@type":"WebPage","@id":"https:\/\/mesalestore.com\/en\/product\/mesale-3-demlikli-antik-bakir-fetih-1453-elektrik-gazli-full-otomatik-cay-kazani\/","url":"https:\/\/mesalestore.com\/en\/product\/mesale-3-demlikli-antik-bakir-fetih-1453-elektrik-gazli-full-otomatik-cay-kazani\/","name":"Me\u015fale 3 Demlikli Antik Bak\u0131r Fetih 1453 Elektrik + Gazl\u0131 Full Otomatik \u00c7ay Kazan\u0131 | Me\u015fale Store","isPartOf":{"@id":"https:\/\/mesalestore.com\/en\/#website"},"primaryImageOfPage":{"@id":"https:\/\/mesalestore.com\/en\/product\/mesale-3-demlikli-antik-bakir-fetih-1453-elektrik-gazli-full-otomatik-cay-kazani\/#primaryimage"},"image":{"@id":"https:\/\/mesalestore.com\/en\/product\/mesale-3-demlikli-antik-bakir-fetih-1453-elektrik-gazli-full-otomatik-cay-kazani\/#primaryimage"},"thumbnailUrl":"https:\/\/mesalestore.com\/wp-content\/uploads\/2026\/01\/mesale-3-demlikli-antik-bakir-fetih-14-a78fd.jpeg","datePublished":"2026-02-09T09:19:55+00:00","dateModified":"2026-04-10T21:59:12+00:00","description":"Me\u015fale 3 Demlikli Antik Bak\u0131r Fetih 1453 Elektrik + Gazl\u0131 Full Otomatik \u00c7ay Kazan\u0131 i\u015fletmeler i\u00e7in tasarlanm\u0131\u015f y\u00fcksek kapasiteli bir \u00e7ay makinesidir. Y\u00fcksek demleme kapasitesiyle h\u0131zl\u0131 servis sa\u011flar.","breadcrumb":{"@id":"https:\/\/mesalestore.com\/en\/product\/mesale-3-demlikli-antik-bakir-fetih-1453-elektrik-gazli-full-otomatik-cay-kazani\/#breadcrumb"},"inLanguage":"en-US","potentialAction":[{"@type":"ReadAction","target":["https:\/\/mesalestore.com\/en\/product\/mesale-3-demlikli-antik-bakir-fetih-1453-elektrik-gazli-full-otomatik-cay-kazani\/"]}]},{"@type":"ImageObject","inLanguage":"en-US","@id":"https:\/\/mesalestore.com\/en\/product\/mesale-3-demlikli-antik-bakir-fetih-1453-elektrik-gazli-full-otomatik-cay-kazani\/#primaryimage","url":"https:\/\/mesalestore.com\/wp-content\/uploads\/2026\/01\/mesale-3-demlikli-antik-bakir-fetih-14-a78fd.jpeg","contentUrl":"https:\/\/mesalestore.com\/wp-content\/uploads\/2026\/01\/mesale-3-demlikli-antik-bakir-fetih-14-a78fd.jpeg","width":1600,"height":1200},{"@type":"BreadcrumbList","@id":"https:\/\/mesalestore.com\/en\/product\/mesale-3-demlikli-antik-bakir-fetih-1453-elektrik-gazli-full-otomatik-cay-kazani\/#breadcrumb","itemListElement":[{"@type":"ListItem","position":1,"name":"Anasayfa","item":"https:\/\/mesalestore.com\/en\/"},{"@type":"ListItem","position":2,"name":"Products","item":"https:\/\/mesalestore.com\/en\/shop\/"},{"@type":"ListItem","position":3,"name":"Me\u015fale 3 Demlikli Antik Bak\u0131r Fetih 1453 Elektrik + Gazl\u0131 Full Otomatik \u00c7ay Kazan\u0131"}]},{"@type":"WebSite","@id":"https:\/\/mesalestore.com\/en\/#website","url":"https:\/\/mesalestore.com\/en\/","name":"Me\u015fale Store","description":"","publisher":{"@id":"https:\/\/mesalestore.com\/en\/#organization"},"potentialAction":[{"@type":"SearchAction","target":{"@type":"EntryPoint","urlTemplate":"https:\/\/mesalestore.com\/en\/?s={search_term_string}"},"query-input":{"@type":"PropertyValueSpecification","valueRequired":true,"valueName":"search_term_string"}}],"inLanguage":"en-US"},{"@type":"Organization","@id":"https:\/\/mesalestore.com\/en\/#organization","name":"Me\u015fale Store","url":"https:\/\/mesalestore.com\/en\/","logo":{"@type":"ImageObject","inLanguage":"en-US","@id":"https:\/\/mesalestore.com\/en\/#\/schema\/logo\/image\/","url":"https:\/\/mesalestore.com\/wp-content\/uploads\/2026\/03\/logo-header-yeni-1.webp","contentUrl":"https:\/\/mesalestore.com\/wp-content\/uploads\/2026\/03\/logo-header-yeni-1.webp","width":419,"height":147,"caption":"Me\u015fale Store"},"image":{"@id":"https:\/\/mesalestore.com\/en\/#\/schema\/logo\/image\/"},"sameAs":["https:\/\/www.facebook.com\/mesalecay","https:\/\/x.com\/mesalecaykazan","https:\/\/www.instagram.com\/mesalecaykazan\/"]}]}},"_links":{"self":[{"href":"https:\/\/mesalestore.com\/en\/wp-json\/wp\/v2\/product\/2643","targetHints":{"allow":["GET"]}}],"collection":[{"href":"https:\/\/mesalestore.com\/en\/wp-json\/wp\/v2\/product"}],"about":[{"href":"https:\/\/mesalestore.com\/en\/wp-json\/wp\/v2\/types\/product"}],"replies":[{"embeddable":true,"href":"https:\/\/mesalestore.com\/en\/wp-json\/wp\/v2\/comments?post=2643"}],"wp:featuredmedia":[{"embeddable":true,"href":"https:\/\/mesalestore.com\/en\/wp-json\/wp\/v2\/media\/1588"}],"wp:attachment":[{"href":"https:\/\/mesalestore.com\/en\/wp-json\/wp\/v2\/media?parent=2643"}],"wp:term":[{"taxonomy":"product_brand","embeddable":true,"href":"https:\/\/mesalestore.com\/en\/wp-json\/wp\/v2\/product_brand?post=2643"},{"taxonomy":"product_cat","embeddable":true,"href":"https:\/\/mesalestore.com\/en\/wp-json\/wp\/v2\/product_cat?post=2643"},{"taxonomy":"product_tag","embeddable":true,"href":"https:\/\/mesalestore.com\/en\/wp-json\/wp\/v2\/product_tag?post=2643"}],"curies":[{"name":"wp","href":"https:\/\/api.w.org\/{rel}","templated":true}]}}