{"id":2642,"date":"2026-02-09T12:19:54","date_gmt":"2026-02-09T09:19:54","guid":{"rendered":"http:\/\/mesalestore.com\/product\/mizan-60-cmlik-38-litre-pleytli-kahveci-kazani\/"},"modified":"2026-04-11T00:59:12","modified_gmt":"2026-04-10T21:59:12","slug":"mizan-60-cmlik-38-litre-pleytli-kahveci-kazani","status":"publish","type":"product","link":"https:\/\/mesalestore.com\/en\/product\/mizan-60-cmlik-38-litre-pleytli-kahveci-kazani\/","title":{"rendered":"Mizan 60 Cm&#8217;lik &#8211; 38 Litre Pleytli Kahveci Kazan\u0131"},"content":{"rendered":"<p><strong>Mizan 60 Cm&#8217;lik &#8211; 38 Litre Pleytli Kahveci Kazan\u0131<\/strong>, <strong>38 litre kapasitesi<\/strong> ve <strong>60 cm geni\u015fli\u011fi<\/strong> ile b\u00fcy\u00fck \u00f6l\u00e7ekli i\u015fletmeler i\u00e7in m\u00fckemmel bir \u00e7\u00f6z\u00fcm sunar. <strong>Pleytli tasar\u0131m\u0131<\/strong>, kahveye sabit s\u0131cakl\u0131k sa\u011flar ve <strong>enerji verimli<\/strong> kullan\u0131m imkan\u0131 verir. <strong>Paslanmaz \u00e7elik yap\u0131s\u0131<\/strong>, uzun \u00f6m\u00fcrl\u00fc kullan\u0131m ve hijyenik ortam sa\u011flar. <strong>Elektrikli kahveci kazan\u0131<\/strong> olarak h\u0131zl\u0131 \u0131s\u0131nma sa\u011flar ve <strong>end\u00fcstriyel kahve kazan\u0131<\/strong> olarak yo\u011fun kullan\u0131mlar i\u00e7in idealdir. <strong>Otomatik kahve kazan\u0131<\/strong> fonksiyonu ile pratik kullan\u0131m sa\u011flar, ayr\u0131ca <strong>enerji verimli<\/strong> yap\u0131s\u0131 i\u015fletme maliyetlerini d\u00fc\u015f\u00fcr\u00fcr. Bu model, <strong>kafeler<\/strong> ve <strong>restoranlar<\/strong> gibi b\u00fcy\u00fck i\u015fletmelerde y\u00fcksek performans g\u00f6sterir, s\u00fcrekli s\u0131cak i\u00e7ecek \u00fcretimi sa\u011flar.<\/p>","protected":false},"excerpt":{"rendered":"<p>Mizan 60 Cm&#8217;lik &#8211; 38 Litre Pleytli Kahveci Kazan\u0131, 38 litre kapasitesi ve 60 cm geni\u015fli\u011fi ile b\u00fcy\u00fck \u00f6l\u00e7ekli i\u015fletmeler i\u00e7in m\u00fckemmel bir \u00e7\u00f6z\u00fcm sunar. Pleytli tasar\u0131m\u0131, kahveye sabit s\u0131cakl\u0131k sa\u011flar ve enerji verimli kullan\u0131m imkan\u0131 verir. Paslanmaz \u00e7elik yap\u0131s\u0131, uzun \u00f6m\u00fcrl\u00fc kullan\u0131m ve hijyenik ortam sa\u011flar. Elektrikli kahveci kazan\u0131 olarak h\u0131zl\u0131 \u0131s\u0131nma sa\u011flar ve [&hellip;]<\/p>\n","protected":false},"featured_media":1586,"comment_status":"closed","ping_status":"closed","template":"","meta":[],"product_brand":[7753],"product_cat":[7771],"product_tag":[1973,2121,2122,2124,2137,2138,2139,2125,2130,2131,2132,2218,2219,2220,2221,2222,2223,2224,2225,2152,2153,2154,2140,2145,2146,2147,2226,2227,2228,2229,2230,2231,2232,2233],"class_list":{"0":"post-2642","1":"product","2":"type-product","3":"status-publish","4":"has-post-thumbnail","6":"product_brand-mizan","7":"product_cat-cay-kazanlari","8":"product_tag-mizan","9":"product_tag-mizan-60","10":"product_tag-mizan-60-cmlik","11":"product_tag-mizan-60-cmlik-38","12":"product_tag-mizan-60-cmlik-38-kahveci","13":"product_tag-mizan-60-cmlik-38-kahveci-kazani","14":"product_tag-mizan-60-cmlik-38-kazani","15":"product_tag-mizan-60-cmlik-38-litre","16":"product_tag-mizan-60-cmlik-38-litre-kahveci","17":"product_tag-mizan-60-cmlik-38-litre-kahveci-kazani","18":"product_tag-mizan-60-cmlik-38-litre-kazani","19":"product_tag-mizan-60-cmlik-38-litre-pleytli","20":"product_tag-mizan-60-cmlik-38-litre-pleytli-kahveci","21":"product_tag-mizan-60-cmlik-38-litre-pleytli-kahveci-kazani","22":"product_tag-mizan-60-cmlik-38-litre-pleytli-kazani","23":"product_tag-mizan-60-cmlik-38-pleytli","24":"product_tag-mizan-60-cmlik-38-pleytli-kahveci","25":"product_tag-mizan-60-cmlik-38-pleytli-kahveci-kazani","26":"product_tag-mizan-60-cmlik-38-pleytli-kazani","27":"product_tag-mizan-60-cmlik-kahveci","28":"product_tag-mizan-60-cmlik-kahveci-kazani","29":"product_tag-mizan-60-cmlik-kazani","30":"product_tag-mizan-60-cmlik-litre","31":"product_tag-mizan-60-cmlik-litre-kahveci","32":"product_tag-mizan-60-cmlik-litre-kahveci-kazani","33":"product_tag-mizan-60-cmlik-litre-kazani","34":"product_tag-mizan-60-cmlik-litre-pleytli","35":"product_tag-mizan-60-cmlik-litre-pleytli-kahveci","36":"product_tag-mizan-60-cmlik-litre-pleytli-kahveci-kazani","37":"product_tag-mizan-60-cmlik-litre-pleytli-kazani","38":"product_tag-mizan-60-cmlik-pleytli","39":"product_tag-mizan-60-cmlik-pleytli-kahveci","40":"product_tag-mizan-60-cmlik-pleytli-kahveci-kazani","41":"product_tag-mizan-60-cmlik-pleytli-kazani","43":"first","44":"instock","45":"taxable","46":"shipping-taxable","47":"purchasable","48":"product-type-simple"},"yoast_head":"<!-- This site is optimized with the Yoast SEO plugin v27.1.1 - https:\/\/yoast.com\/product\/yoast-seo-wordpress\/ -->\n<title>Mizan 60 Cm&#039;lik - 38 Litre Pleytli Kahveci Kazan\u0131 | Me\u015fale Store<\/title>\n<meta name=\"description\" content=\"Mizan 60 Cm&#039;lik - 38 Litre Pleytli Kahveci Kazan\u0131, 38 litre kapasitesi ve 60 cm geni\u015fli\u011fi ile b\u00fcy\u00fck \u00f6l\u00e7ekli i\u015fletmeler i\u00e7in m\u00fckemmel bir \u00e7\u00f6z\u00fcm sunar.\" \/>\n<meta name=\"robots\" content=\"index, follow, max-snippet:-1, max-image-preview:large, max-video-preview:-1\" \/>\n<link rel=\"canonical\" href=\"https:\/\/mesalestore.com\/en\/product\/mizan-60-cmlik-38-litre-pleytli-kahveci-kazani\/\" \/>\n<meta property=\"og:locale\" content=\"en_US\" \/>\n<meta property=\"og:type\" content=\"article\" \/>\n<meta property=\"og:title\" content=\"Mizan 60 Cm&#039;lik - 38 Litre Pleytli Kahveci Kazan\u0131 | Me\u015fale Store\" \/>\n<meta property=\"og:description\" content=\"Mizan 60 Cm&#039;lik - 38 Litre Pleytli Kahveci Kazan\u0131, 38 litre kapasitesi ve 60 cm geni\u015fli\u011fi ile b\u00fcy\u00fck \u00f6l\u00e7ekli i\u015fletmeler i\u00e7in m\u00fckemmel bir \u00e7\u00f6z\u00fcm sunar.\" \/>\n<meta property=\"og:url\" content=\"https:\/\/mesalestore.com\/en\/product\/mizan-60-cmlik-38-litre-pleytli-kahveci-kazani\/\" \/>\n<meta property=\"og:site_name\" content=\"Me\u015fale Store\" \/>\n<meta property=\"article:publisher\" content=\"https:\/\/www.facebook.com\/mesalecay\" \/>\n<meta property=\"article:modified_time\" content=\"2026-04-10T21:59:12+00:00\" \/>\n<meta property=\"og:image\" content=\"https:\/\/mesalestore.com\/wp-content\/uploads\/2026\/01\/mizan-60-cmlik-38-litre-pleytli-kahvec-c517bb.jpeg\" \/>\n\t<meta property=\"og:image:width\" content=\"1600\" \/>\n\t<meta property=\"og:image:height\" content=\"1200\" \/>\n\t<meta property=\"og:image:type\" content=\"image\/jpeg\" \/>\n<meta name=\"twitter:card\" content=\"summary_large_image\" \/>\n<meta name=\"twitter:site\" content=\"@mesalecaykazan\" \/>\n<meta name=\"twitter:label1\" content=\"Est. reading time\" \/>\n\t<meta name=\"twitter:data1\" content=\"1 minute\" \/>\n<script type=\"application\/ld+json\" class=\"yoast-schema-graph\">{\"@context\":\"https:\/\/schema.org\",\"@graph\":[{\"@type\":\"WebPage\",\"@id\":\"https:\/\/mesalestore.com\/en\/product\/mizan-60-cmlik-38-litre-pleytli-kahveci-kazani\/\",\"url\":\"https:\/\/mesalestore.com\/en\/product\/mizan-60-cmlik-38-litre-pleytli-kahveci-kazani\/\",\"name\":\"Mizan 60 Cm'lik - 38 Litre Pleytli Kahveci Kazan\u0131 | Me\u015fale Store\",\"isPartOf\":{\"@id\":\"https:\/\/mesalestore.com\/en\/#website\"},\"primaryImageOfPage\":{\"@id\":\"https:\/\/mesalestore.com\/en\/product\/mizan-60-cmlik-38-litre-pleytli-kahveci-kazani\/#primaryimage\"},\"image\":{\"@id\":\"https:\/\/mesalestore.com\/en\/product\/mizan-60-cmlik-38-litre-pleytli-kahveci-kazani\/#primaryimage\"},\"thumbnailUrl\":\"https:\/\/mesalestore.com\/wp-content\/uploads\/2026\/01\/mizan-60-cmlik-38-litre-pleytli-kahvec-c517bb.jpeg\",\"datePublished\":\"2026-02-09T09:19:54+00:00\",\"dateModified\":\"2026-04-10T21:59:12+00:00\",\"description\":\"Mizan 60 Cm'lik - 38 Litre Pleytli Kahveci Kazan\u0131, 38 litre kapasitesi ve 60 cm geni\u015fli\u011fi ile b\u00fcy\u00fck \u00f6l\u00e7ekli i\u015fletmeler i\u00e7in m\u00fckemmel bir \u00e7\u00f6z\u00fcm sunar.\",\"breadcrumb\":{\"@id\":\"https:\/\/mesalestore.com\/en\/product\/mizan-60-cmlik-38-litre-pleytli-kahveci-kazani\/#breadcrumb\"},\"inLanguage\":\"en-US\",\"potentialAction\":[{\"@type\":\"ReadAction\",\"target\":[\"https:\/\/mesalestore.com\/en\/product\/mizan-60-cmlik-38-litre-pleytli-kahveci-kazani\/\"]}]},{\"@type\":\"ImageObject\",\"inLanguage\":\"en-US\",\"@id\":\"https:\/\/mesalestore.com\/en\/product\/mizan-60-cmlik-38-litre-pleytli-kahveci-kazani\/#primaryimage\",\"url\":\"https:\/\/mesalestore.com\/wp-content\/uploads\/2026\/01\/mizan-60-cmlik-38-litre-pleytli-kahvec-c517bb.jpeg\",\"contentUrl\":\"https:\/\/mesalestore.com\/wp-content\/uploads\/2026\/01\/mizan-60-cmlik-38-litre-pleytli-kahvec-c517bb.jpeg\",\"width\":1600,\"height\":1200},{\"@type\":\"BreadcrumbList\",\"@id\":\"https:\/\/mesalestore.com\/en\/product\/mizan-60-cmlik-38-litre-pleytli-kahveci-kazani\/#breadcrumb\",\"itemListElement\":[{\"@type\":\"ListItem\",\"position\":1,\"name\":\"Anasayfa\",\"item\":\"https:\/\/mesalestore.com\/en\/\"},{\"@type\":\"ListItem\",\"position\":2,\"name\":\"Products\",\"item\":\"https:\/\/mesalestore.com\/en\/shop\/\"},{\"@type\":\"ListItem\",\"position\":3,\"name\":\"Mizan 60 Cm&#8217;lik &#8211; 38 Litre Pleytli Kahveci Kazan\u0131\"}]},{\"@type\":\"WebSite\",\"@id\":\"https:\/\/mesalestore.com\/en\/#website\",\"url\":\"https:\/\/mesalestore.com\/en\/\",\"name\":\"Me\u015fale Store\",\"description\":\"\",\"publisher\":{\"@id\":\"https:\/\/mesalestore.com\/en\/#organization\"},\"potentialAction\":[{\"@type\":\"SearchAction\",\"target\":{\"@type\":\"EntryPoint\",\"urlTemplate\":\"https:\/\/mesalestore.com\/en\/?s={search_term_string}\"},\"query-input\":{\"@type\":\"PropertyValueSpecification\",\"valueRequired\":true,\"valueName\":\"search_term_string\"}}],\"inLanguage\":\"en-US\"},{\"@type\":\"Organization\",\"@id\":\"https:\/\/mesalestore.com\/en\/#organization\",\"name\":\"Me\u015fale Store\",\"url\":\"https:\/\/mesalestore.com\/en\/\",\"logo\":{\"@type\":\"ImageObject\",\"inLanguage\":\"en-US\",\"@id\":\"https:\/\/mesalestore.com\/en\/#\/schema\/logo\/image\/\",\"url\":\"https:\/\/mesalestore.com\/wp-content\/uploads\/2026\/03\/logo-header-yeni-1.webp\",\"contentUrl\":\"https:\/\/mesalestore.com\/wp-content\/uploads\/2026\/03\/logo-header-yeni-1.webp\",\"width\":419,\"height\":147,\"caption\":\"Me\u015fale Store\"},\"image\":{\"@id\":\"https:\/\/mesalestore.com\/en\/#\/schema\/logo\/image\/\"},\"sameAs\":[\"https:\/\/www.facebook.com\/mesalecay\",\"https:\/\/x.com\/mesalecaykazan\",\"https:\/\/www.instagram.com\/mesalecaykazan\/\"]}]}<\/script>\n<!-- \/ Yoast SEO plugin. -->","yoast_head_json":{"title":"Mizan 60 Cm'lik - 38 Litre Pleytli Kahveci Kazan\u0131 | Me\u015fale Store","description":"Mizan 60 Cm'lik - 38 Litre Pleytli Kahveci Kazan\u0131, 38 litre kapasitesi ve 60 cm geni\u015fli\u011fi ile b\u00fcy\u00fck \u00f6l\u00e7ekli i\u015fletmeler i\u00e7in m\u00fckemmel bir \u00e7\u00f6z\u00fcm sunar.","robots":{"index":"index","follow":"follow","max-snippet":"max-snippet:-1","max-image-preview":"max-image-preview:large","max-video-preview":"max-video-preview:-1"},"canonical":"https:\/\/mesalestore.com\/en\/product\/mizan-60-cmlik-38-litre-pleytli-kahveci-kazani\/","og_locale":"en_US","og_type":"article","og_title":"Mizan 60 Cm'lik - 38 Litre Pleytli Kahveci Kazan\u0131 | Me\u015fale Store","og_description":"Mizan 60 Cm'lik - 38 Litre Pleytli Kahveci Kazan\u0131, 38 litre kapasitesi ve 60 cm geni\u015fli\u011fi ile b\u00fcy\u00fck \u00f6l\u00e7ekli i\u015fletmeler i\u00e7in m\u00fckemmel bir \u00e7\u00f6z\u00fcm sunar.","og_url":"https:\/\/mesalestore.com\/en\/product\/mizan-60-cmlik-38-litre-pleytli-kahveci-kazani\/","og_site_name":"Me\u015fale Store","article_publisher":"https:\/\/www.facebook.com\/mesalecay","article_modified_time":"2026-04-10T21:59:12+00:00","og_image":[{"width":1600,"height":1200,"url":"https:\/\/mesalestore.com\/wp-content\/uploads\/2026\/01\/mizan-60-cmlik-38-litre-pleytli-kahvec-c517bb.jpeg","type":"image\/jpeg"}],"twitter_card":"summary_large_image","twitter_site":"@mesalecaykazan","twitter_misc":{"Est. reading time":"1 minute"},"schema":{"@context":"https:\/\/schema.org","@graph":[{"@type":"WebPage","@id":"https:\/\/mesalestore.com\/en\/product\/mizan-60-cmlik-38-litre-pleytli-kahveci-kazani\/","url":"https:\/\/mesalestore.com\/en\/product\/mizan-60-cmlik-38-litre-pleytli-kahveci-kazani\/","name":"Mizan 60 Cm'lik - 38 Litre Pleytli Kahveci Kazan\u0131 | Me\u015fale Store","isPartOf":{"@id":"https:\/\/mesalestore.com\/en\/#website"},"primaryImageOfPage":{"@id":"https:\/\/mesalestore.com\/en\/product\/mizan-60-cmlik-38-litre-pleytli-kahveci-kazani\/#primaryimage"},"image":{"@id":"https:\/\/mesalestore.com\/en\/product\/mizan-60-cmlik-38-litre-pleytli-kahveci-kazani\/#primaryimage"},"thumbnailUrl":"https:\/\/mesalestore.com\/wp-content\/uploads\/2026\/01\/mizan-60-cmlik-38-litre-pleytli-kahvec-c517bb.jpeg","datePublished":"2026-02-09T09:19:54+00:00","dateModified":"2026-04-10T21:59:12+00:00","description":"Mizan 60 Cm'lik - 38 Litre Pleytli Kahveci Kazan\u0131, 38 litre kapasitesi ve 60 cm geni\u015fli\u011fi ile b\u00fcy\u00fck \u00f6l\u00e7ekli i\u015fletmeler i\u00e7in m\u00fckemmel bir \u00e7\u00f6z\u00fcm sunar.","breadcrumb":{"@id":"https:\/\/mesalestore.com\/en\/product\/mizan-60-cmlik-38-litre-pleytli-kahveci-kazani\/#breadcrumb"},"inLanguage":"en-US","potentialAction":[{"@type":"ReadAction","target":["https:\/\/mesalestore.com\/en\/product\/mizan-60-cmlik-38-litre-pleytli-kahveci-kazani\/"]}]},{"@type":"ImageObject","inLanguage":"en-US","@id":"https:\/\/mesalestore.com\/en\/product\/mizan-60-cmlik-38-litre-pleytli-kahveci-kazani\/#primaryimage","url":"https:\/\/mesalestore.com\/wp-content\/uploads\/2026\/01\/mizan-60-cmlik-38-litre-pleytli-kahvec-c517bb.jpeg","contentUrl":"https:\/\/mesalestore.com\/wp-content\/uploads\/2026\/01\/mizan-60-cmlik-38-litre-pleytli-kahvec-c517bb.jpeg","width":1600,"height":1200},{"@type":"BreadcrumbList","@id":"https:\/\/mesalestore.com\/en\/product\/mizan-60-cmlik-38-litre-pleytli-kahveci-kazani\/#breadcrumb","itemListElement":[{"@type":"ListItem","position":1,"name":"Anasayfa","item":"https:\/\/mesalestore.com\/en\/"},{"@type":"ListItem","position":2,"name":"Products","item":"https:\/\/mesalestore.com\/en\/shop\/"},{"@type":"ListItem","position":3,"name":"Mizan 60 Cm&#8217;lik &#8211; 38 Litre Pleytli Kahveci Kazan\u0131"}]},{"@type":"WebSite","@id":"https:\/\/mesalestore.com\/en\/#website","url":"https:\/\/mesalestore.com\/en\/","name":"Me\u015fale Store","description":"","publisher":{"@id":"https:\/\/mesalestore.com\/en\/#organization"},"potentialAction":[{"@type":"SearchAction","target":{"@type":"EntryPoint","urlTemplate":"https:\/\/mesalestore.com\/en\/?s={search_term_string}"},"query-input":{"@type":"PropertyValueSpecification","valueRequired":true,"valueName":"search_term_string"}}],"inLanguage":"en-US"},{"@type":"Organization","@id":"https:\/\/mesalestore.com\/en\/#organization","name":"Me\u015fale Store","url":"https:\/\/mesalestore.com\/en\/","logo":{"@type":"ImageObject","inLanguage":"en-US","@id":"https:\/\/mesalestore.com\/en\/#\/schema\/logo\/image\/","url":"https:\/\/mesalestore.com\/wp-content\/uploads\/2026\/03\/logo-header-yeni-1.webp","contentUrl":"https:\/\/mesalestore.com\/wp-content\/uploads\/2026\/03\/logo-header-yeni-1.webp","width":419,"height":147,"caption":"Me\u015fale Store"},"image":{"@id":"https:\/\/mesalestore.com\/en\/#\/schema\/logo\/image\/"},"sameAs":["https:\/\/www.facebook.com\/mesalecay","https:\/\/x.com\/mesalecaykazan","https:\/\/www.instagram.com\/mesalecaykazan\/"]}]}},"_links":{"self":[{"href":"https:\/\/mesalestore.com\/en\/wp-json\/wp\/v2\/product\/2642","targetHints":{"allow":["GET"]}}],"collection":[{"href":"https:\/\/mesalestore.com\/en\/wp-json\/wp\/v2\/product"}],"about":[{"href":"https:\/\/mesalestore.com\/en\/wp-json\/wp\/v2\/types\/product"}],"replies":[{"embeddable":true,"href":"https:\/\/mesalestore.com\/en\/wp-json\/wp\/v2\/comments?post=2642"}],"wp:featuredmedia":[{"embeddable":true,"href":"https:\/\/mesalestore.com\/en\/wp-json\/wp\/v2\/media\/1586"}],"wp:attachment":[{"href":"https:\/\/mesalestore.com\/en\/wp-json\/wp\/v2\/media?parent=2642"}],"wp:term":[{"taxonomy":"product_brand","embeddable":true,"href":"https:\/\/mesalestore.com\/en\/wp-json\/wp\/v2\/product_brand?post=2642"},{"taxonomy":"product_cat","embeddable":true,"href":"https:\/\/mesalestore.com\/en\/wp-json\/wp\/v2\/product_cat?post=2642"},{"taxonomy":"product_tag","embeddable":true,"href":"https:\/\/mesalestore.com\/en\/wp-json\/wp\/v2\/product_tag?post=2642"}],"curies":[{"name":"wp","href":"https:\/\/api.w.org\/{rel}","templated":true}]}}