{"id":2627,"date":"2026-02-09T12:19:50","date_gmt":"2026-02-09T09:19:50","guid":{"rendered":"http:\/\/mesalestore.com\/product\/3-demlikli-antik-bakir-turk-bayrakli-elektrikli-full-otomatik-cay-kazani\/"},"modified":"2026-04-11T00:59:13","modified_gmt":"2026-04-10T21:59:13","slug":"3-demlikli-antik-bakir-turk-bayrakli-elektrikli-full-otomatik-cay-kazani","status":"publish","type":"product","link":"https:\/\/mesalestore.com\/en\/product\/3-demlikli-antik-bakir-turk-bayrakli-elektrikli-full-otomatik-cay-kazani\/","title":{"rendered":"Me\u015fale 3 Demlikli Antik Bak\u0131r T\u00fcrk Bayrakl\u0131 Elektrikli Full Otomatik \u00c7ay Kazan\u0131"},"content":{"rendered":"<p><strong>Me\u015fale 3 Demlikli Antik Bak\u0131r T\u00fcrk Bayrakl\u0131 Elektrikli Full Otomatik \u00c7ay Kazan\u0131<\/strong>, <strong>T\u00fcrk bayra\u011f\u0131 deseni<\/strong> ile geleneksel \u015f\u0131kl\u0131\u011f\u0131 ve modern teknolojiyi bir araya getiriyor. <strong>Antik bak\u0131r kaplama<\/strong>, zarif ve otantik bir g\u00f6r\u00fcn\u00fcm sunarken, <strong>elektrikli sistem<\/strong> sayesinde <strong>h\u0131zl\u0131 ve enerji tasarruflu<\/strong> bir \u00e7ay demleme deneyimi sa\u011flar. <strong>3 demlikli tasar\u0131m<\/strong>, ayn\u0131 anda farkl\u0131 \u00e7ay \u00e7e\u015fitlerini haz\u0131rlaman\u0131za olanak tan\u0131yarak i\u015fletmeler i\u00e7in ideal bir kullan\u0131m sunar. <strong>Full otomatik kontrol sistemi<\/strong>, su seviyesini ve s\u0131cakl\u0131\u011f\u0131 optimize ederek \u00e7ay\u0131n her zaman ideal lezzette olmas\u0131n\u0131 sa\u011flar. <strong>Paslanmaz \u00e7elik i\u00e7 hazne<\/strong>, hijyenik ve uzun \u00f6m\u00fcrl\u00fc kullan\u0131m sunarken, <strong>\u0131s\u0131 yal\u0131t\u0131ml\u0131 g\u00f6vde<\/strong>, enerji verimlili\u011fini art\u0131r\u0131r. <strong>Restoranlar, kafeler, \u00e7ay ocaklar\u0131 ve toplu t\u00fcketim alanlar\u0131<\/strong> i\u00e7in m\u00fckemmel bir tercih olan bu \u00e7ay kazan\u0131, <strong>T\u00fcrk \u00e7ay k\u00fclt\u00fcr\u00fcn\u00fc en iyi \u015fekilde ya\u015fatmak isteyen i\u015fletmelere<\/strong> hitap eder.<\/p>","protected":false},"excerpt":{"rendered":"<p>Me\u015fale 3 Demlikli Antik Bak\u0131r T\u00fcrk Bayrakl\u0131 Elektrikli Full Otomatik \u00c7ay Kazan\u0131 i\u015fletmeler i\u00e7in tasarlanm\u0131\u015f y\u00fcksek kapasiteli bir \u00e7ay makinesidir. Y\u00fcksek demleme kapasitesiyle h\u0131zl\u0131 servis sa\u011flar; inox g\u00f6vdesiyle dayan\u0131kl\u0131d\u0131r.<\/p>","protected":false},"featured_media":1556,"comment_status":"closed","ping_status":"closed","template":"","meta":[],"product_brand":[7749],"product_cat":[7771],"product_tag":[],"class_list":{"0":"post-2627","1":"product","2":"type-product","3":"status-publish","4":"has-post-thumbnail","6":"product_brand-mesale","7":"product_cat-cay-kazanlari","8":"pa_borular-bakir","9":"pa_demlik-sayisi-3-demlikli","10":"pa_govde-bakir","11":"pa_ic-hazne-7933","12":"pa_kahve-gozu-ocagi-var","13":"pa_kapasite-3-demlikli","14":"pa_kullanim-sekli-ustten-demlikli","15":"pa_panel-manuel","16":"pa_sac-kalinligi-7938","17":"pa_samandirali-otomatik-su-alma-var","18":"pa_tesisat-elektrik","19":"pa_yalitim-cam","21":"first","22":"instock","23":"sale","24":"taxable","25":"shipping-taxable","26":"purchasable","27":"product-type-simple"},"yoast_head":"<!-- This site is optimized with the Yoast SEO plugin v27.1.1 - https:\/\/yoast.com\/product\/yoast-seo-wordpress\/ -->\n<title>Me\u015fale 3 Demlikli Antik Bak\u0131r T\u00fcrk Bayrakl\u0131 Elektrikli Full Otomatik \u00c7ay Kazan\u0131 | Me\u015fale Store<\/title>\n<meta name=\"description\" content=\"Me\u015fale 3 Demlikli Antik Bak\u0131r T\u00fcrk Bayrakl\u0131 Elektrikli Full Otomatik \u00c7ay Kazan\u0131 i\u015fletmeler i\u00e7in tasarlanm\u0131\u015f y\u00fcksek kapasiteli bir \u00e7ay makinesidir. Y\u00fcksek demleme kapasitesiyle h\u0131zl\u0131 servis sa\u011flar; inox g\u00f6vdesiyle dayan\u0131kl\u0131d\u0131r.\" \/>\n<meta name=\"robots\" content=\"index, follow, max-snippet:-1, max-image-preview:large, max-video-preview:-1\" \/>\n<link rel=\"canonical\" href=\"https:\/\/mesalestore.com\/en\/product\/3-demlikli-antik-bakir-turk-bayrakli-elektrikli-full-otomatik-cay-kazani\/\" \/>\n<meta property=\"og:locale\" content=\"en_US\" \/>\n<meta property=\"og:type\" content=\"article\" \/>\n<meta property=\"og:title\" content=\"Me\u015fale 3 Demlikli Antik Bak\u0131r T\u00fcrk Bayrakl\u0131 Elektrikli Full Otomatik \u00c7ay Kazan\u0131 | Me\u015fale Store\" \/>\n<meta property=\"og:description\" content=\"Me\u015fale 3 Demlikli Antik Bak\u0131r T\u00fcrk Bayrakl\u0131 Elektrikli Full Otomatik \u00c7ay Kazan\u0131 i\u015fletmeler i\u00e7in tasarlanm\u0131\u015f y\u00fcksek kapasiteli bir \u00e7ay makinesidir. Y\u00fcksek demleme kapasitesiyle h\u0131zl\u0131 servis sa\u011flar; inox g\u00f6vdesiyle dayan\u0131kl\u0131d\u0131r.\" \/>\n<meta property=\"og:url\" content=\"https:\/\/mesalestore.com\/en\/product\/3-demlikli-antik-bakir-turk-bayrakli-elektrikli-full-otomatik-cay-kazani\/\" \/>\n<meta property=\"og:site_name\" content=\"Me\u015fale Store\" \/>\n<meta property=\"article:publisher\" content=\"https:\/\/www.facebook.com\/mesalecay\" \/>\n<meta property=\"article:modified_time\" content=\"2026-04-10T21:59:13+00:00\" \/>\n<meta property=\"og:image\" content=\"https:\/\/mesalestore.com\/wp-content\/uploads\/2026\/01\/1_org_zoom-423.jpg\" \/>\n\t<meta property=\"og:image:width\" content=\"1200\" \/>\n\t<meta property=\"og:image:height\" content=\"1800\" \/>\n\t<meta property=\"og:image:type\" content=\"image\/jpeg\" \/>\n<meta name=\"twitter:card\" content=\"summary_large_image\" \/>\n<meta name=\"twitter:site\" content=\"@mesalecaykazan\" \/>\n<meta name=\"twitter:label1\" content=\"Est. reading time\" \/>\n\t<meta name=\"twitter:data1\" content=\"1 minute\" \/>\n<script type=\"application\/ld+json\" class=\"yoast-schema-graph\">{\"@context\":\"https:\/\/schema.org\",\"@graph\":[{\"@type\":\"WebPage\",\"@id\":\"https:\/\/mesalestore.com\/en\/product\/3-demlikli-antik-bakir-turk-bayrakli-elektrikli-full-otomatik-cay-kazani\/\",\"url\":\"https:\/\/mesalestore.com\/en\/product\/3-demlikli-antik-bakir-turk-bayrakli-elektrikli-full-otomatik-cay-kazani\/\",\"name\":\"Me\u015fale 3 Demlikli Antik Bak\u0131r T\u00fcrk Bayrakl\u0131 Elektrikli Full Otomatik \u00c7ay Kazan\u0131 | Me\u015fale Store\",\"isPartOf\":{\"@id\":\"https:\/\/mesalestore.com\/en\/#website\"},\"primaryImageOfPage\":{\"@id\":\"https:\/\/mesalestore.com\/en\/product\/3-demlikli-antik-bakir-turk-bayrakli-elektrikli-full-otomatik-cay-kazani\/#primaryimage\"},\"image\":{\"@id\":\"https:\/\/mesalestore.com\/en\/product\/3-demlikli-antik-bakir-turk-bayrakli-elektrikli-full-otomatik-cay-kazani\/#primaryimage\"},\"thumbnailUrl\":\"https:\/\/mesalestore.com\/wp-content\/uploads\/2026\/01\/1_org_zoom-423.jpg\",\"datePublished\":\"2026-02-09T09:19:50+00:00\",\"dateModified\":\"2026-04-10T21:59:13+00:00\",\"description\":\"Me\u015fale 3 Demlikli Antik Bak\u0131r T\u00fcrk Bayrakl\u0131 Elektrikli Full Otomatik \u00c7ay Kazan\u0131 i\u015fletmeler i\u00e7in tasarlanm\u0131\u015f y\u00fcksek kapasiteli bir \u00e7ay makinesidir. Y\u00fcksek demleme kapasitesiyle h\u0131zl\u0131 servis sa\u011flar; inox g\u00f6vdesiyle dayan\u0131kl\u0131d\u0131r.\",\"breadcrumb\":{\"@id\":\"https:\/\/mesalestore.com\/en\/product\/3-demlikli-antik-bakir-turk-bayrakli-elektrikli-full-otomatik-cay-kazani\/#breadcrumb\"},\"inLanguage\":\"en-US\",\"potentialAction\":[{\"@type\":\"ReadAction\",\"target\":[\"https:\/\/mesalestore.com\/en\/product\/3-demlikli-antik-bakir-turk-bayrakli-elektrikli-full-otomatik-cay-kazani\/\"]}]},{\"@type\":\"ImageObject\",\"inLanguage\":\"en-US\",\"@id\":\"https:\/\/mesalestore.com\/en\/product\/3-demlikli-antik-bakir-turk-bayrakli-elektrikli-full-otomatik-cay-kazani\/#primaryimage\",\"url\":\"https:\/\/mesalestore.com\/wp-content\/uploads\/2026\/01\/1_org_zoom-423.jpg\",\"contentUrl\":\"https:\/\/mesalestore.com\/wp-content\/uploads\/2026\/01\/1_org_zoom-423.jpg\",\"width\":1200,\"height\":1800},{\"@type\":\"BreadcrumbList\",\"@id\":\"https:\/\/mesalestore.com\/en\/product\/3-demlikli-antik-bakir-turk-bayrakli-elektrikli-full-otomatik-cay-kazani\/#breadcrumb\",\"itemListElement\":[{\"@type\":\"ListItem\",\"position\":1,\"name\":\"Anasayfa\",\"item\":\"https:\/\/mesalestore.com\/en\/\"},{\"@type\":\"ListItem\",\"position\":2,\"name\":\"Products\",\"item\":\"https:\/\/mesalestore.com\/en\/shop\/\"},{\"@type\":\"ListItem\",\"position\":3,\"name\":\"Me\u015fale 3 Demlikli Antik Bak\u0131r T\u00fcrk Bayrakl\u0131 Elektrikli Full Otomatik \u00c7ay Kazan\u0131\"}]},{\"@type\":\"WebSite\",\"@id\":\"https:\/\/mesalestore.com\/en\/#website\",\"url\":\"https:\/\/mesalestore.com\/en\/\",\"name\":\"Me\u015fale Store\",\"description\":\"\",\"publisher\":{\"@id\":\"https:\/\/mesalestore.com\/en\/#organization\"},\"potentialAction\":[{\"@type\":\"SearchAction\",\"target\":{\"@type\":\"EntryPoint\",\"urlTemplate\":\"https:\/\/mesalestore.com\/en\/?s={search_term_string}\"},\"query-input\":{\"@type\":\"PropertyValueSpecification\",\"valueRequired\":true,\"valueName\":\"search_term_string\"}}],\"inLanguage\":\"en-US\"},{\"@type\":\"Organization\",\"@id\":\"https:\/\/mesalestore.com\/en\/#organization\",\"name\":\"Me\u015fale Store\",\"url\":\"https:\/\/mesalestore.com\/en\/\",\"logo\":{\"@type\":\"ImageObject\",\"inLanguage\":\"en-US\",\"@id\":\"https:\/\/mesalestore.com\/en\/#\/schema\/logo\/image\/\",\"url\":\"https:\/\/mesalestore.com\/wp-content\/uploads\/2026\/03\/logo-header-yeni-1.webp\",\"contentUrl\":\"https:\/\/mesalestore.com\/wp-content\/uploads\/2026\/03\/logo-header-yeni-1.webp\",\"width\":419,\"height\":147,\"caption\":\"Me\u015fale Store\"},\"image\":{\"@id\":\"https:\/\/mesalestore.com\/en\/#\/schema\/logo\/image\/\"},\"sameAs\":[\"https:\/\/www.facebook.com\/mesalecay\",\"https:\/\/x.com\/mesalecaykazan\",\"https:\/\/www.instagram.com\/mesalecaykazan\/\"]}]}<\/script>\n<!-- \/ Yoast SEO plugin. -->","yoast_head_json":{"title":"Me\u015fale 3 Demlikli Antik Bak\u0131r T\u00fcrk Bayrakl\u0131 Elektrikli Full Otomatik \u00c7ay Kazan\u0131 | Me\u015fale Store","description":"Me\u015fale 3 Demlikli Antik Bak\u0131r T\u00fcrk Bayrakl\u0131 Elektrikli Full Otomatik \u00c7ay Kazan\u0131 i\u015fletmeler i\u00e7in tasarlanm\u0131\u015f y\u00fcksek kapasiteli bir \u00e7ay makinesidir. Y\u00fcksek demleme kapasitesiyle h\u0131zl\u0131 servis sa\u011flar; inox g\u00f6vdesiyle dayan\u0131kl\u0131d\u0131r.","robots":{"index":"index","follow":"follow","max-snippet":"max-snippet:-1","max-image-preview":"max-image-preview:large","max-video-preview":"max-video-preview:-1"},"canonical":"https:\/\/mesalestore.com\/en\/product\/3-demlikli-antik-bakir-turk-bayrakli-elektrikli-full-otomatik-cay-kazani\/","og_locale":"en_US","og_type":"article","og_title":"Me\u015fale 3 Demlikli Antik Bak\u0131r T\u00fcrk Bayrakl\u0131 Elektrikli Full Otomatik \u00c7ay Kazan\u0131 | Me\u015fale Store","og_description":"Me\u015fale 3 Demlikli Antik Bak\u0131r T\u00fcrk Bayrakl\u0131 Elektrikli Full Otomatik \u00c7ay Kazan\u0131 i\u015fletmeler i\u00e7in tasarlanm\u0131\u015f y\u00fcksek kapasiteli bir \u00e7ay makinesidir. Y\u00fcksek demleme kapasitesiyle h\u0131zl\u0131 servis sa\u011flar; inox g\u00f6vdesiyle dayan\u0131kl\u0131d\u0131r.","og_url":"https:\/\/mesalestore.com\/en\/product\/3-demlikli-antik-bakir-turk-bayrakli-elektrikli-full-otomatik-cay-kazani\/","og_site_name":"Me\u015fale Store","article_publisher":"https:\/\/www.facebook.com\/mesalecay","article_modified_time":"2026-04-10T21:59:13+00:00","og_image":[{"width":1200,"height":1800,"url":"https:\/\/mesalestore.com\/wp-content\/uploads\/2026\/01\/1_org_zoom-423.jpg","type":"image\/jpeg"}],"twitter_card":"summary_large_image","twitter_site":"@mesalecaykazan","twitter_misc":{"Est. reading time":"1 minute"},"schema":{"@context":"https:\/\/schema.org","@graph":[{"@type":"WebPage","@id":"https:\/\/mesalestore.com\/en\/product\/3-demlikli-antik-bakir-turk-bayrakli-elektrikli-full-otomatik-cay-kazani\/","url":"https:\/\/mesalestore.com\/en\/product\/3-demlikli-antik-bakir-turk-bayrakli-elektrikli-full-otomatik-cay-kazani\/","name":"Me\u015fale 3 Demlikli Antik Bak\u0131r T\u00fcrk Bayrakl\u0131 Elektrikli Full Otomatik \u00c7ay Kazan\u0131 | Me\u015fale Store","isPartOf":{"@id":"https:\/\/mesalestore.com\/en\/#website"},"primaryImageOfPage":{"@id":"https:\/\/mesalestore.com\/en\/product\/3-demlikli-antik-bakir-turk-bayrakli-elektrikli-full-otomatik-cay-kazani\/#primaryimage"},"image":{"@id":"https:\/\/mesalestore.com\/en\/product\/3-demlikli-antik-bakir-turk-bayrakli-elektrikli-full-otomatik-cay-kazani\/#primaryimage"},"thumbnailUrl":"https:\/\/mesalestore.com\/wp-content\/uploads\/2026\/01\/1_org_zoom-423.jpg","datePublished":"2026-02-09T09:19:50+00:00","dateModified":"2026-04-10T21:59:13+00:00","description":"Me\u015fale 3 Demlikli Antik Bak\u0131r T\u00fcrk Bayrakl\u0131 Elektrikli Full Otomatik \u00c7ay Kazan\u0131 i\u015fletmeler i\u00e7in tasarlanm\u0131\u015f y\u00fcksek kapasiteli bir \u00e7ay makinesidir. Y\u00fcksek demleme kapasitesiyle h\u0131zl\u0131 servis sa\u011flar; inox g\u00f6vdesiyle dayan\u0131kl\u0131d\u0131r.","breadcrumb":{"@id":"https:\/\/mesalestore.com\/en\/product\/3-demlikli-antik-bakir-turk-bayrakli-elektrikli-full-otomatik-cay-kazani\/#breadcrumb"},"inLanguage":"en-US","potentialAction":[{"@type":"ReadAction","target":["https:\/\/mesalestore.com\/en\/product\/3-demlikli-antik-bakir-turk-bayrakli-elektrikli-full-otomatik-cay-kazani\/"]}]},{"@type":"ImageObject","inLanguage":"en-US","@id":"https:\/\/mesalestore.com\/en\/product\/3-demlikli-antik-bakir-turk-bayrakli-elektrikli-full-otomatik-cay-kazani\/#primaryimage","url":"https:\/\/mesalestore.com\/wp-content\/uploads\/2026\/01\/1_org_zoom-423.jpg","contentUrl":"https:\/\/mesalestore.com\/wp-content\/uploads\/2026\/01\/1_org_zoom-423.jpg","width":1200,"height":1800},{"@type":"BreadcrumbList","@id":"https:\/\/mesalestore.com\/en\/product\/3-demlikli-antik-bakir-turk-bayrakli-elektrikli-full-otomatik-cay-kazani\/#breadcrumb","itemListElement":[{"@type":"ListItem","position":1,"name":"Anasayfa","item":"https:\/\/mesalestore.com\/en\/"},{"@type":"ListItem","position":2,"name":"Products","item":"https:\/\/mesalestore.com\/en\/shop\/"},{"@type":"ListItem","position":3,"name":"Me\u015fale 3 Demlikli Antik Bak\u0131r T\u00fcrk Bayrakl\u0131 Elektrikli Full Otomatik \u00c7ay Kazan\u0131"}]},{"@type":"WebSite","@id":"https:\/\/mesalestore.com\/en\/#website","url":"https:\/\/mesalestore.com\/en\/","name":"Me\u015fale Store","description":"","publisher":{"@id":"https:\/\/mesalestore.com\/en\/#organization"},"potentialAction":[{"@type":"SearchAction","target":{"@type":"EntryPoint","urlTemplate":"https:\/\/mesalestore.com\/en\/?s={search_term_string}"},"query-input":{"@type":"PropertyValueSpecification","valueRequired":true,"valueName":"search_term_string"}}],"inLanguage":"en-US"},{"@type":"Organization","@id":"https:\/\/mesalestore.com\/en\/#organization","name":"Me\u015fale Store","url":"https:\/\/mesalestore.com\/en\/","logo":{"@type":"ImageObject","inLanguage":"en-US","@id":"https:\/\/mesalestore.com\/en\/#\/schema\/logo\/image\/","url":"https:\/\/mesalestore.com\/wp-content\/uploads\/2026\/03\/logo-header-yeni-1.webp","contentUrl":"https:\/\/mesalestore.com\/wp-content\/uploads\/2026\/03\/logo-header-yeni-1.webp","width":419,"height":147,"caption":"Me\u015fale Store"},"image":{"@id":"https:\/\/mesalestore.com\/en\/#\/schema\/logo\/image\/"},"sameAs":["https:\/\/www.facebook.com\/mesalecay","https:\/\/x.com\/mesalecaykazan","https:\/\/www.instagram.com\/mesalecaykazan\/"]}]}},"_links":{"self":[{"href":"https:\/\/mesalestore.com\/en\/wp-json\/wp\/v2\/product\/2627","targetHints":{"allow":["GET"]}}],"collection":[{"href":"https:\/\/mesalestore.com\/en\/wp-json\/wp\/v2\/product"}],"about":[{"href":"https:\/\/mesalestore.com\/en\/wp-json\/wp\/v2\/types\/product"}],"replies":[{"embeddable":true,"href":"https:\/\/mesalestore.com\/en\/wp-json\/wp\/v2\/comments?post=2627"}],"wp:featuredmedia":[{"embeddable":true,"href":"https:\/\/mesalestore.com\/en\/wp-json\/wp\/v2\/media\/1556"}],"wp:attachment":[{"href":"https:\/\/mesalestore.com\/en\/wp-json\/wp\/v2\/media?parent=2627"}],"wp:term":[{"taxonomy":"product_brand","embeddable":true,"href":"https:\/\/mesalestore.com\/en\/wp-json\/wp\/v2\/product_brand?post=2627"},{"taxonomy":"product_cat","embeddable":true,"href":"https:\/\/mesalestore.com\/en\/wp-json\/wp\/v2\/product_cat?post=2627"},{"taxonomy":"product_tag","embeddable":true,"href":"https:\/\/mesalestore.com\/en\/wp-json\/wp\/v2\/product_tag?post=2627"}],"curies":[{"name":"wp","href":"https:\/\/api.w.org\/{rel}","templated":true}]}}