{"id":2626,"date":"2026-02-09T12:19:50","date_gmt":"2026-02-09T09:19:50","guid":{"rendered":"http:\/\/mesalestore.com\/product\/2-demlikli-elektrik-gazli-antik-bakir-yildiz-desen-full-otomatik-cay-kazani\/"},"modified":"2026-04-11T00:59:13","modified_gmt":"2026-04-10T21:59:13","slug":"2-demlikli-elektrik-gazli-antik-bakir-yildiz-desen-full-otomatik-cay-kazani","status":"publish","type":"product","link":"https:\/\/mesalestore.com\/en\/product\/2-demlikli-elektrik-gazli-antik-bakir-yildiz-desen-full-otomatik-cay-kazani\/","title":{"rendered":"Me\u015fale 2 Demlikli Elektrik-Gazli Antik Bak\u0131r Y\u0131ld\u0131z Desen Full Otomatik \u00c7ay Kazan\u0131"},"content":{"rendered":"<p><strong>Me\u015fale 2 Demlikli Elektrik-Gazl\u0131 Antik Bak\u0131r Y\u0131ld\u0131z Desen Full Otomatik \u00c7ay Kazan\u0131<\/strong>, <strong>antik bak\u0131r tasar\u0131m\u0131<\/strong> ve <strong>y\u0131ld\u0131z desenleri<\/strong> ile \u015f\u0131kl\u0131\u011f\u0131 ve fonksiyonu m\u00fckemmel bir \u015fekilde bir araya getiriyor. <strong>2 demlikli<\/strong> yap\u0131s\u0131, ayn\u0131 anda farkl\u0131 \u00e7aylar\u0131 demlemek i\u00e7in uygundur. <strong>Elektrik ve gazl\u0131 \u00e7al\u0131\u015fma se\u00e7enekleri<\/strong> sunarak, enerji tasarrufu sa\u011flar ve her t\u00fcrl\u00fc i\u015fletme ko\u015fuluna uyum g\u00f6sterir. <strong>Full otomatik<\/strong> sistem sayesinde kullan\u0131c\u0131 dostudur ve <strong>end\u00fcstriyel \u00e7ay kazan\u0131<\/strong> olarak y\u00fcksek performans sunar. <strong>Paslanmaz \u00e7elik i\u00e7 yap\u0131s\u0131<\/strong>, dayan\u0131kl\u0131l\u0131\u011f\u0131 art\u0131r\u0131rken <strong>hijyenik<\/strong> kullan\u0131m sa\u011flar. <strong>Kafeler<\/strong> ve <strong>restoranlar<\/strong> i\u00e7in m\u00fckemmel bir tercih olan bu model, geleneksel ve modern tasar\u0131m\u0131yla her ortamda zarif bir duru\u015f sergiler. <strong>Enerji verimli<\/strong> yap\u0131s\u0131 ve \u015f\u0131k d\u0131\u015f g\u00f6r\u00fcn\u00fc\u015f\u00fc ile uzun y\u0131llar kullanabilece\u011finiz bir \u00fcr\u00fcnd\u00fcr.<\/p>","protected":false},"excerpt":{"rendered":"<p>Me\u015fale 2 Demlikli Elektrik-Gazli Antik Bak\u0131r Y\u0131ld\u0131z Desen Full Otomatik \u00c7ay Kazan\u0131 i\u015fletmeler i\u00e7in tasarlanm\u0131\u015f y\u00fcksek kapasiteli bir \u00e7ay makinesidir. Y\u00fcksek demleme kapasitesiyle h\u0131zl\u0131 servis sa\u011flar; inox g\u00f6vdesiyle dayan\u0131kl\u0131d\u0131r.<\/p>","protected":false},"featured_media":1554,"comment_status":"closed","ping_status":"closed","template":"","meta":[],"product_brand":[7749],"product_cat":[7771],"product_tag":[16,1038,1039,1928,1929,1930,1963,1964,1969,1970,1971,1965,1966,1967,1968,1972,1931,1960,1961,1932,1945,1946,1933,1938,1939,1940,1934,1935,1936,1937,1947,1941,1942,1943,1944,1948,1953,1954,1955,1949,1950,1951,1952,1962,1956,1957,1958,1959],"class_list":{"0":"post-2626","1":"product","2":"type-product","3":"status-publish","4":"has-post-thumbnail","6":"product_brand-mesale","7":"product_cat-cay-kazanlari","8":"product_tag-mesale","9":"product_tag-mesale-2","10":"product_tag-mesale-2-demlikli","11":"product_tag-mesale-2-demlikli-elektrik-gazli","12":"product_tag-mesale-2-demlikli-elektrik-gazli-antik","13":"product_tag-mesale-2-demlikli-elektrik-gazli-antik-bakir","14":"product_tag-mesale-2-demlikli-elektrik-gazli-antik-bakir-desen","15":"product_tag-mesale-2-demlikli-elektrik-gazli-antik-bakir-desen-full","16":"product_tag-mesale-2-demlikli-elektrik-gazli-antik-bakir-desen-full-cay","17":"product_tag-mesale-2-demlikli-elektrik-gazli-antik-bakir-desen-full-cay-kazani","18":"product_tag-mesale-2-demlikli-elektrik-gazli-antik-bakir-desen-full-kazani","19":"product_tag-mesale-2-demlikli-elektrik-gazli-antik-bakir-desen-full-otomatik","20":"product_tag-mesale-2-demlikli-elektrik-gazli-antik-bakir-desen-full-otomatik-cay","21":"product_tag-mesale-2-demlikli-elektrik-gazli-antik-bakir-desen-full-otomatik-cay-kazani","22":"product_tag-mesale-2-demlikli-elektrik-gazli-antik-bakir-desen-full-otomatik-kazani","23":"product_tag-mesale-2-demlikli-elektrik-gazli-antik-bakir-desen-otomatik","24":"product_tag-mesale-2-demlikli-elektrik-gazli-antik-bakir-yildiz","25":"product_tag-mesale-2-demlikli-elektrik-gazli-antik-bakir-yildiz-cay","26":"product_tag-mesale-2-demlikli-elektrik-gazli-antik-bakir-yildiz-cay-kazani","27":"product_tag-mesale-2-demlikli-elektrik-gazli-antik-bakir-yildiz-desen","28":"product_tag-mesale-2-demlikli-elektrik-gazli-antik-bakir-yildiz-desen-cay","29":"product_tag-mesale-2-demlikli-elektrik-gazli-antik-bakir-yildiz-desen-cay-kazani","30":"product_tag-mesale-2-demlikli-elektrik-gazli-antik-bakir-yildiz-desen-full","31":"product_tag-mesale-2-demlikli-elektrik-gazli-antik-bakir-yildiz-desen-full-cay","32":"product_tag-mesale-2-demlikli-elektrik-gazli-antik-bakir-yildiz-desen-full-cay-kazani","33":"product_tag-mesale-2-demlikli-elektrik-gazli-antik-bakir-yildiz-desen-full-kazani","34":"product_tag-mesale-2-demlikli-elektrik-gazli-antik-bakir-yildiz-desen-full-otomatik","35":"product_tag-mesale-2-demlikli-elektrik-gazli-antik-bakir-yildiz-desen-full-otomatik-cay","36":"product_tag-mesale-2-demlikli-elektrik-gazli-antik-bakir-yildiz-desen-full-otomatik-cay-kazani","37":"product_tag-mesale-2-demlikli-elektrik-gazli-antik-bakir-yildiz-desen-full-otomatik-kazani","38":"product_tag-mesale-2-demlikli-elektrik-gazli-antik-bakir-yildiz-desen-kazani","39":"product_tag-mesale-2-demlikli-elektrik-gazli-antik-bakir-yildiz-desen-otomatik","40":"product_tag-mesale-2-demlikli-elektrik-gazli-antik-bakir-yildiz-desen-otomatik-cay","41":"product_tag-mesale-2-demlikli-elektrik-gazli-antik-bakir-yildiz-desen-otomatik-cay-kazani","42":"product_tag-mesale-2-demlikli-elektrik-gazli-antik-bakir-yildiz-desen-otomatik-kazani","43":"product_tag-mesale-2-demlikli-elektrik-gazli-antik-bakir-yildiz-full","44":"product_tag-mesale-2-demlikli-elektrik-gazli-antik-bakir-yildiz-full-cay","45":"product_tag-mesale-2-demlikli-elektrik-gazli-antik-bakir-yildiz-full-cay-kazani","46":"product_tag-mesale-2-demlikli-elektrik-gazli-antik-bakir-yildiz-full-kazani","47":"product_tag-mesale-2-demlikli-elektrik-gazli-antik-bakir-yildiz-full-otomatik","48":"product_tag-mesale-2-demlikli-elektrik-gazli-antik-bakir-yildiz-full-otomatik-cay","49":"product_tag-mesale-2-demlikli-elektrik-gazli-antik-bakir-yildiz-full-otomatik-cay-kazani","50":"product_tag-mesale-2-demlikli-elektrik-gazli-antik-bakir-yildiz-full-otomatik-kazani","51":"product_tag-mesale-2-demlikli-elektrik-gazli-antik-bakir-yildiz-kazani","52":"product_tag-mesale-2-demlikli-elektrik-gazli-antik-bakir-yildiz-otomatik","53":"product_tag-mesale-2-demlikli-elektrik-gazli-antik-bakir-yildiz-otomatik-cay","54":"product_tag-mesale-2-demlikli-elektrik-gazli-antik-bakir-yildiz-otomatik-cay-kazani","55":"product_tag-mesale-2-demlikli-elektrik-gazli-antik-bakir-yildiz-otomatik-kazani","56":"pa_borular-bakir","57":"pa_demlik-sayisi-2-demlikli","58":"pa_govde-bakir","59":"pa_ic-hazne-7933","60":"pa_kahve-gozu-ocagi-var","61":"pa_kapasite-2-demlikli","62":"pa_kullanim-sekli-ustten-demlikli","63":"pa_panel-manuel","64":"pa_sac-kalinligi-7938","65":"pa_samandirali-otomatik-su-alma-var","66":"pa_tesisat-hibrit","67":"pa_yalitim-cam","69":"first","70":"instock","71":"sale","72":"taxable","73":"shipping-taxable","74":"purchasable","75":"product-type-simple"},"yoast_head":"<!-- This site is optimized with the Yoast SEO plugin v27.1.1 - https:\/\/yoast.com\/product\/yoast-seo-wordpress\/ -->\n<title>Me\u015fale 2 Demlikli Elektrik-Gazli Antik Bak\u0131r Y\u0131ld\u0131z Desen Full Otomatik \u00c7ay Kazan\u0131 | Me\u015fale Store<\/title>\n<meta name=\"description\" content=\"Me\u015fale 2 Demlikli Elektrik-Gazli Antik Bak\u0131r Y\u0131ld\u0131z Desen Full Otomatik \u00c7ay Kazan\u0131 i\u015fletmeler i\u00e7in tasarlanm\u0131\u015f y\u00fcksek kapasiteli bir \u00e7ay makinesidir. Y\u00fcksek demleme kapasitesiyle h\u0131zl\u0131 servis sa\u011flar; inox g\u00f6vdesiyle dayan\u0131kl\u0131d\u0131r.\" \/>\n<meta name=\"robots\" content=\"index, follow, max-snippet:-1, max-image-preview:large, max-video-preview:-1\" \/>\n<link rel=\"canonical\" href=\"https:\/\/mesalestore.com\/en\/product\/2-demlikli-elektrik-gazli-antik-bakir-yildiz-desen-full-otomatik-cay-kazani\/\" \/>\n<meta property=\"og:locale\" content=\"en_US\" \/>\n<meta property=\"og:type\" content=\"article\" \/>\n<meta property=\"og:title\" content=\"Me\u015fale 2 Demlikli Elektrik-Gazli Antik Bak\u0131r Y\u0131ld\u0131z Desen Full Otomatik \u00c7ay Kazan\u0131 | Me\u015fale Store\" \/>\n<meta property=\"og:description\" content=\"Me\u015fale 2 Demlikli Elektrik-Gazli Antik Bak\u0131r Y\u0131ld\u0131z Desen Full Otomatik \u00c7ay Kazan\u0131 i\u015fletmeler i\u00e7in tasarlanm\u0131\u015f y\u00fcksek kapasiteli bir \u00e7ay makinesidir. Y\u00fcksek demleme kapasitesiyle h\u0131zl\u0131 servis sa\u011flar; inox g\u00f6vdesiyle dayan\u0131kl\u0131d\u0131r.\" \/>\n<meta property=\"og:url\" content=\"https:\/\/mesalestore.com\/en\/product\/2-demlikli-elektrik-gazli-antik-bakir-yildiz-desen-full-otomatik-cay-kazani\/\" \/>\n<meta property=\"og:site_name\" content=\"Me\u015fale Store\" \/>\n<meta property=\"article:publisher\" content=\"https:\/\/www.facebook.com\/mesalecay\" \/>\n<meta property=\"article:modified_time\" content=\"2026-04-10T21:59:13+00:00\" \/>\n<meta property=\"og:image\" content=\"https:\/\/mesalestore.com\/wp-content\/uploads\/2026\/01\/1_org_zoom-422.jpg\" \/>\n\t<meta property=\"og:image:width\" content=\"1200\" \/>\n\t<meta property=\"og:image:height\" content=\"1800\" \/>\n\t<meta property=\"og:image:type\" content=\"image\/jpeg\" \/>\n<meta name=\"twitter:card\" content=\"summary_large_image\" \/>\n<meta name=\"twitter:site\" content=\"@mesalecaykazan\" \/>\n<meta name=\"twitter:label1\" content=\"Est. reading time\" \/>\n\t<meta name=\"twitter:data1\" content=\"1 minute\" \/>\n<script type=\"application\/ld+json\" class=\"yoast-schema-graph\">{\"@context\":\"https:\/\/schema.org\",\"@graph\":[{\"@type\":\"WebPage\",\"@id\":\"https:\/\/mesalestore.com\/en\/product\/2-demlikli-elektrik-gazli-antik-bakir-yildiz-desen-full-otomatik-cay-kazani\/\",\"url\":\"https:\/\/mesalestore.com\/en\/product\/2-demlikli-elektrik-gazli-antik-bakir-yildiz-desen-full-otomatik-cay-kazani\/\",\"name\":\"Me\u015fale 2 Demlikli Elektrik-Gazli Antik Bak\u0131r Y\u0131ld\u0131z Desen Full Otomatik \u00c7ay Kazan\u0131 | Me\u015fale Store\",\"isPartOf\":{\"@id\":\"https:\/\/mesalestore.com\/en\/#website\"},\"primaryImageOfPage\":{\"@id\":\"https:\/\/mesalestore.com\/en\/product\/2-demlikli-elektrik-gazli-antik-bakir-yildiz-desen-full-otomatik-cay-kazani\/#primaryimage\"},\"image\":{\"@id\":\"https:\/\/mesalestore.com\/en\/product\/2-demlikli-elektrik-gazli-antik-bakir-yildiz-desen-full-otomatik-cay-kazani\/#primaryimage\"},\"thumbnailUrl\":\"https:\/\/mesalestore.com\/wp-content\/uploads\/2026\/01\/1_org_zoom-422.jpg\",\"datePublished\":\"2026-02-09T09:19:50+00:00\",\"dateModified\":\"2026-04-10T21:59:13+00:00\",\"description\":\"Me\u015fale 2 Demlikli Elektrik-Gazli Antik Bak\u0131r Y\u0131ld\u0131z Desen Full Otomatik \u00c7ay Kazan\u0131 i\u015fletmeler i\u00e7in tasarlanm\u0131\u015f y\u00fcksek kapasiteli bir \u00e7ay makinesidir. Y\u00fcksek demleme kapasitesiyle h\u0131zl\u0131 servis sa\u011flar; inox g\u00f6vdesiyle dayan\u0131kl\u0131d\u0131r.\",\"breadcrumb\":{\"@id\":\"https:\/\/mesalestore.com\/en\/product\/2-demlikli-elektrik-gazli-antik-bakir-yildiz-desen-full-otomatik-cay-kazani\/#breadcrumb\"},\"inLanguage\":\"en-US\",\"potentialAction\":[{\"@type\":\"ReadAction\",\"target\":[\"https:\/\/mesalestore.com\/en\/product\/2-demlikli-elektrik-gazli-antik-bakir-yildiz-desen-full-otomatik-cay-kazani\/\"]}]},{\"@type\":\"ImageObject\",\"inLanguage\":\"en-US\",\"@id\":\"https:\/\/mesalestore.com\/en\/product\/2-demlikli-elektrik-gazli-antik-bakir-yildiz-desen-full-otomatik-cay-kazani\/#primaryimage\",\"url\":\"https:\/\/mesalestore.com\/wp-content\/uploads\/2026\/01\/1_org_zoom-422.jpg\",\"contentUrl\":\"https:\/\/mesalestore.com\/wp-content\/uploads\/2026\/01\/1_org_zoom-422.jpg\",\"width\":1200,\"height\":1800},{\"@type\":\"BreadcrumbList\",\"@id\":\"https:\/\/mesalestore.com\/en\/product\/2-demlikli-elektrik-gazli-antik-bakir-yildiz-desen-full-otomatik-cay-kazani\/#breadcrumb\",\"itemListElement\":[{\"@type\":\"ListItem\",\"position\":1,\"name\":\"Anasayfa\",\"item\":\"https:\/\/mesalestore.com\/en\/\"},{\"@type\":\"ListItem\",\"position\":2,\"name\":\"Products\",\"item\":\"https:\/\/mesalestore.com\/en\/shop\/\"},{\"@type\":\"ListItem\",\"position\":3,\"name\":\"Me\u015fale 2 Demlikli Elektrik-Gazli Antik Bak\u0131r Y\u0131ld\u0131z Desen Full Otomatik \u00c7ay Kazan\u0131\"}]},{\"@type\":\"WebSite\",\"@id\":\"https:\/\/mesalestore.com\/en\/#website\",\"url\":\"https:\/\/mesalestore.com\/en\/\",\"name\":\"Me\u015fale Store\",\"description\":\"\",\"publisher\":{\"@id\":\"https:\/\/mesalestore.com\/en\/#organization\"},\"potentialAction\":[{\"@type\":\"SearchAction\",\"target\":{\"@type\":\"EntryPoint\",\"urlTemplate\":\"https:\/\/mesalestore.com\/en\/?s={search_term_string}\"},\"query-input\":{\"@type\":\"PropertyValueSpecification\",\"valueRequired\":true,\"valueName\":\"search_term_string\"}}],\"inLanguage\":\"en-US\"},{\"@type\":\"Organization\",\"@id\":\"https:\/\/mesalestore.com\/en\/#organization\",\"name\":\"Me\u015fale Store\",\"url\":\"https:\/\/mesalestore.com\/en\/\",\"logo\":{\"@type\":\"ImageObject\",\"inLanguage\":\"en-US\",\"@id\":\"https:\/\/mesalestore.com\/en\/#\/schema\/logo\/image\/\",\"url\":\"https:\/\/mesalestore.com\/wp-content\/uploads\/2026\/03\/logo-header-yeni-1.webp\",\"contentUrl\":\"https:\/\/mesalestore.com\/wp-content\/uploads\/2026\/03\/logo-header-yeni-1.webp\",\"width\":419,\"height\":147,\"caption\":\"Me\u015fale Store\"},\"image\":{\"@id\":\"https:\/\/mesalestore.com\/en\/#\/schema\/logo\/image\/\"},\"sameAs\":[\"https:\/\/www.facebook.com\/mesalecay\",\"https:\/\/x.com\/mesalecaykazan\",\"https:\/\/www.instagram.com\/mesalecaykazan\/\"]}]}<\/script>\n<!-- \/ Yoast SEO plugin. -->","yoast_head_json":{"title":"Me\u015fale 2 Demlikli Elektrik-Gazli Antik Bak\u0131r Y\u0131ld\u0131z Desen Full Otomatik \u00c7ay Kazan\u0131 | Me\u015fale Store","description":"Me\u015fale 2 Demlikli Elektrik-Gazli Antik Bak\u0131r Y\u0131ld\u0131z Desen Full Otomatik \u00c7ay Kazan\u0131 i\u015fletmeler i\u00e7in tasarlanm\u0131\u015f y\u00fcksek kapasiteli bir \u00e7ay makinesidir. Y\u00fcksek demleme kapasitesiyle h\u0131zl\u0131 servis sa\u011flar; inox g\u00f6vdesiyle dayan\u0131kl\u0131d\u0131r.","robots":{"index":"index","follow":"follow","max-snippet":"max-snippet:-1","max-image-preview":"max-image-preview:large","max-video-preview":"max-video-preview:-1"},"canonical":"https:\/\/mesalestore.com\/en\/product\/2-demlikli-elektrik-gazli-antik-bakir-yildiz-desen-full-otomatik-cay-kazani\/","og_locale":"en_US","og_type":"article","og_title":"Me\u015fale 2 Demlikli Elektrik-Gazli Antik Bak\u0131r Y\u0131ld\u0131z Desen Full Otomatik \u00c7ay Kazan\u0131 | Me\u015fale Store","og_description":"Me\u015fale 2 Demlikli Elektrik-Gazli Antik Bak\u0131r Y\u0131ld\u0131z Desen Full Otomatik \u00c7ay Kazan\u0131 i\u015fletmeler i\u00e7in tasarlanm\u0131\u015f y\u00fcksek kapasiteli bir \u00e7ay makinesidir. Y\u00fcksek demleme kapasitesiyle h\u0131zl\u0131 servis sa\u011flar; inox g\u00f6vdesiyle dayan\u0131kl\u0131d\u0131r.","og_url":"https:\/\/mesalestore.com\/en\/product\/2-demlikli-elektrik-gazli-antik-bakir-yildiz-desen-full-otomatik-cay-kazani\/","og_site_name":"Me\u015fale Store","article_publisher":"https:\/\/www.facebook.com\/mesalecay","article_modified_time":"2026-04-10T21:59:13+00:00","og_image":[{"width":1200,"height":1800,"url":"https:\/\/mesalestore.com\/wp-content\/uploads\/2026\/01\/1_org_zoom-422.jpg","type":"image\/jpeg"}],"twitter_card":"summary_large_image","twitter_site":"@mesalecaykazan","twitter_misc":{"Est. reading time":"1 minute"},"schema":{"@context":"https:\/\/schema.org","@graph":[{"@type":"WebPage","@id":"https:\/\/mesalestore.com\/en\/product\/2-demlikli-elektrik-gazli-antik-bakir-yildiz-desen-full-otomatik-cay-kazani\/","url":"https:\/\/mesalestore.com\/en\/product\/2-demlikli-elektrik-gazli-antik-bakir-yildiz-desen-full-otomatik-cay-kazani\/","name":"Me\u015fale 2 Demlikli Elektrik-Gazli Antik Bak\u0131r Y\u0131ld\u0131z Desen Full Otomatik \u00c7ay Kazan\u0131 | Me\u015fale Store","isPartOf":{"@id":"https:\/\/mesalestore.com\/en\/#website"},"primaryImageOfPage":{"@id":"https:\/\/mesalestore.com\/en\/product\/2-demlikli-elektrik-gazli-antik-bakir-yildiz-desen-full-otomatik-cay-kazani\/#primaryimage"},"image":{"@id":"https:\/\/mesalestore.com\/en\/product\/2-demlikli-elektrik-gazli-antik-bakir-yildiz-desen-full-otomatik-cay-kazani\/#primaryimage"},"thumbnailUrl":"https:\/\/mesalestore.com\/wp-content\/uploads\/2026\/01\/1_org_zoom-422.jpg","datePublished":"2026-02-09T09:19:50+00:00","dateModified":"2026-04-10T21:59:13+00:00","description":"Me\u015fale 2 Demlikli Elektrik-Gazli Antik Bak\u0131r Y\u0131ld\u0131z Desen Full Otomatik \u00c7ay Kazan\u0131 i\u015fletmeler i\u00e7in tasarlanm\u0131\u015f y\u00fcksek kapasiteli bir \u00e7ay makinesidir. Y\u00fcksek demleme kapasitesiyle h\u0131zl\u0131 servis sa\u011flar; inox g\u00f6vdesiyle dayan\u0131kl\u0131d\u0131r.","breadcrumb":{"@id":"https:\/\/mesalestore.com\/en\/product\/2-demlikli-elektrik-gazli-antik-bakir-yildiz-desen-full-otomatik-cay-kazani\/#breadcrumb"},"inLanguage":"en-US","potentialAction":[{"@type":"ReadAction","target":["https:\/\/mesalestore.com\/en\/product\/2-demlikli-elektrik-gazli-antik-bakir-yildiz-desen-full-otomatik-cay-kazani\/"]}]},{"@type":"ImageObject","inLanguage":"en-US","@id":"https:\/\/mesalestore.com\/en\/product\/2-demlikli-elektrik-gazli-antik-bakir-yildiz-desen-full-otomatik-cay-kazani\/#primaryimage","url":"https:\/\/mesalestore.com\/wp-content\/uploads\/2026\/01\/1_org_zoom-422.jpg","contentUrl":"https:\/\/mesalestore.com\/wp-content\/uploads\/2026\/01\/1_org_zoom-422.jpg","width":1200,"height":1800},{"@type":"BreadcrumbList","@id":"https:\/\/mesalestore.com\/en\/product\/2-demlikli-elektrik-gazli-antik-bakir-yildiz-desen-full-otomatik-cay-kazani\/#breadcrumb","itemListElement":[{"@type":"ListItem","position":1,"name":"Anasayfa","item":"https:\/\/mesalestore.com\/en\/"},{"@type":"ListItem","position":2,"name":"Products","item":"https:\/\/mesalestore.com\/en\/shop\/"},{"@type":"ListItem","position":3,"name":"Me\u015fale 2 Demlikli Elektrik-Gazli Antik Bak\u0131r Y\u0131ld\u0131z Desen Full Otomatik \u00c7ay Kazan\u0131"}]},{"@type":"WebSite","@id":"https:\/\/mesalestore.com\/en\/#website","url":"https:\/\/mesalestore.com\/en\/","name":"Me\u015fale Store","description":"","publisher":{"@id":"https:\/\/mesalestore.com\/en\/#organization"},"potentialAction":[{"@type":"SearchAction","target":{"@type":"EntryPoint","urlTemplate":"https:\/\/mesalestore.com\/en\/?s={search_term_string}"},"query-input":{"@type":"PropertyValueSpecification","valueRequired":true,"valueName":"search_term_string"}}],"inLanguage":"en-US"},{"@type":"Organization","@id":"https:\/\/mesalestore.com\/en\/#organization","name":"Me\u015fale Store","url":"https:\/\/mesalestore.com\/en\/","logo":{"@type":"ImageObject","inLanguage":"en-US","@id":"https:\/\/mesalestore.com\/en\/#\/schema\/logo\/image\/","url":"https:\/\/mesalestore.com\/wp-content\/uploads\/2026\/03\/logo-header-yeni-1.webp","contentUrl":"https:\/\/mesalestore.com\/wp-content\/uploads\/2026\/03\/logo-header-yeni-1.webp","width":419,"height":147,"caption":"Me\u015fale Store"},"image":{"@id":"https:\/\/mesalestore.com\/en\/#\/schema\/logo\/image\/"},"sameAs":["https:\/\/www.facebook.com\/mesalecay","https:\/\/x.com\/mesalecaykazan","https:\/\/www.instagram.com\/mesalecaykazan\/"]}]}},"_links":{"self":[{"href":"https:\/\/mesalestore.com\/en\/wp-json\/wp\/v2\/product\/2626","targetHints":{"allow":["GET"]}}],"collection":[{"href":"https:\/\/mesalestore.com\/en\/wp-json\/wp\/v2\/product"}],"about":[{"href":"https:\/\/mesalestore.com\/en\/wp-json\/wp\/v2\/types\/product"}],"replies":[{"embeddable":true,"href":"https:\/\/mesalestore.com\/en\/wp-json\/wp\/v2\/comments?post=2626"}],"wp:featuredmedia":[{"embeddable":true,"href":"https:\/\/mesalestore.com\/en\/wp-json\/wp\/v2\/media\/1554"}],"wp:attachment":[{"href":"https:\/\/mesalestore.com\/en\/wp-json\/wp\/v2\/media?parent=2626"}],"wp:term":[{"taxonomy":"product_brand","embeddable":true,"href":"https:\/\/mesalestore.com\/en\/wp-json\/wp\/v2\/product_brand?post=2626"},{"taxonomy":"product_cat","embeddable":true,"href":"https:\/\/mesalestore.com\/en\/wp-json\/wp\/v2\/product_cat?post=2626"},{"taxonomy":"product_tag","embeddable":true,"href":"https:\/\/mesalestore.com\/en\/wp-json\/wp\/v2\/product_tag?post=2626"}],"curies":[{"name":"wp","href":"https:\/\/api.w.org\/{rel}","templated":true}]}}