{"id":2624,"date":"2026-02-09T12:19:50","date_gmt":"2026-02-09T09:19:50","guid":{"rendered":"http:\/\/mesalestore.com\/product\/2-demlikli-antik-bakir-turk-bayrakli-full-elektrikli-cay-kazani\/"},"modified":"2026-04-11T00:59:13","modified_gmt":"2026-04-10T21:59:13","slug":"2-demlikli-antik-bakir-turk-bayrakli-full-elektrikli-cay-kazani","status":"publish","type":"product","link":"https:\/\/mesalestore.com\/en\/product\/2-demlikli-antik-bakir-turk-bayrakli-full-elektrikli-cay-kazani\/","title":{"rendered":"Me\u015fale 2 Demlikli Antik Bak\u0131r T\u00fcrk Bayrakl\u0131 Full Elektrikli \u00c7ay Kazan\u0131"},"content":{"rendered":"<p><strong>Me\u015fale 2 Demlikli Antik Bak\u0131r T\u00fcrk Bayrakl\u0131 Full Elektrikli \u00c7ay Kazan\u0131<\/strong>, estetik tasar\u0131m\u0131 ve g\u00fc\u00e7l\u00fc performans\u0131yla m\u00fckemmel bir \u00e7ay haz\u0131rlama deneyimi sunar. <strong>Antik bak\u0131r<\/strong> malzeme kullan\u0131larak \u00fcretilen bu \u00e7ay kazan\u0131, <strong>T\u00fcrk bayra\u011f\u0131<\/strong> motifleriyle \u015f\u0131kl\u0131\u011f\u0131 bir arada sunar. <strong>Full elektrikli \u00e7ay kazan\u0131<\/strong> \u00f6zelli\u011fi, yaln\u0131zca elektrik enerjisi ile \u00e7al\u0131\u015fan ve enerji tasarrufu sa\u011flayan bir \u00e7\u00f6z\u00fcm sunar. <strong>Me\u015fale \u00e7ay kazan\u0131<\/strong> modelleri, <strong>\u00e7ay kazan\u0131 bak\u0131m\u0131<\/strong> ve <strong>servisi<\/strong> a\u00e7\u0131s\u0131ndan da olduk\u00e7a pratik ve dayan\u0131kl\u0131d\u0131r.<\/p>\n<p>\u0130\u015fletmeler i\u00e7in ideal olan <strong>Me\u015fale 2 Demlikli \u00c7ay Kazan\u0131<\/strong>, \u00f6zellikle <strong>restoranlar<\/strong>, <strong>kafeler<\/strong> ve <strong>oteller<\/strong> gibi yerlerde m\u00fckemmel sonu\u00e7lar sa\u011flar. <strong>\u00c7ay kazan\u0131 fiyatlar\u0131<\/strong> uygun olup, y\u00fcksek kaliteli <strong>\u00e7ay kazan\u0131 yedek par\u00e7alar\u0131<\/strong> ve <strong>\u00e7ay kazan\u0131 kurulum<\/strong> hizmeti ile sorunsuz bir deneyim sunulur. <strong>\u00c7ay kazan\u0131 al\u0131m\u0131<\/strong> yaparken <strong>enerji verimli \u00e7ay kazan\u0131<\/strong> arayan i\u015fletmeler i\u00e7in bu model m\u00fckemmel bir tercihtir. <strong>Profesyonel \u00e7ay kazan\u0131<\/strong> se\u00e7enekleri aras\u0131ndaki bu model, uzun s\u00fcreli kullan\u0131m ve y\u00fcksek performans vaat eder.<\/p>\n<p><strong>Me\u015fale 2 Demlikli Antik Bak\u0131r T\u00fcrk Bayrakl\u0131 Full Elektrikli \u00c7ay Kazan\u0131<\/strong>, sadece estetik a\u00e7\u0131dan de\u011fil, ayn\u0131 zamanda fonksiyonel \u00f6zellikleriyle de kullan\u0131c\u0131 dostu bir \u00e7\u00f6z\u00fcmd\u00fcr. Hem <strong>\u00e7ay kazan\u0131 bak\u0131m\u0131<\/strong> hem de <strong>\u00e7ay kazan\u0131 servisi<\/strong> kolayd\u0131r ve uzun y\u0131llar boyunca verimli kullan\u0131m sa\u011flar.<\/p>","protected":false},"excerpt":{"rendered":"<p>Me\u015fale 2 Demlikli Antik Bak\u0131r T\u00fcrk Bayrakl\u0131 Full Elektrikli \u00c7ay Kazan\u0131 i\u015fletmeler i\u00e7in tasarlanm\u0131\u015f y\u00fcksek kapasiteli bir \u00e7ay makinesidir. Y\u00fcksek demleme kapasitesiyle h\u0131zl\u0131 servis sa\u011flar.<\/p>","protected":false},"featured_media":1298,"comment_status":"closed","ping_status":"closed","template":"","meta":[],"product_brand":[7749],"product_cat":[7771],"product_tag":[16,1038,1039,1040,1041,1074,1083,1084,1085,1086,1075,1080,1081,1076,1077,1078,1079,1082,1042,1043,1056,1057,1052,1053,1054,1055,1044,1049,1050,1045,1046,1047,1048,1051,1058,1071,1072,1067,1068,1069,1070,1059,1064,1065,1060,1061,1062,1063,1066,1073],"class_list":{"0":"post-2624","1":"product","2":"type-product","3":"status-publish","4":"has-post-thumbnail","6":"product_brand-mesale","7":"product_cat-cay-kazanlari","8":"product_tag-mesale","9":"product_tag-mesale-2","10":"product_tag-mesale-2-demlikli","11":"product_tag-mesale-2-demlikli-antik","12":"product_tag-mesale-2-demlikli-antik-bakir","13":"product_tag-mesale-2-demlikli-antik-bakir-bayrakli","14":"product_tag-mesale-2-demlikli-antik-bakir-bayrakli-elektrikli","15":"product_tag-mesale-2-demlikli-antik-bakir-bayrakli-elektrikli-cay","16":"product_tag-mesale-2-demlikli-antik-bakir-bayrakli-elektrikli-cay-kazani","17":"product_tag-mesale-2-demlikli-antik-bakir-bayrakli-elektrikli-kazani","18":"product_tag-mesale-2-demlikli-antik-bakir-bayrakli-full","19":"product_tag-mesale-2-demlikli-antik-bakir-bayrakli-full-cay","20":"product_tag-mesale-2-demlikli-antik-bakir-bayrakli-full-cay-kazani","21":"product_tag-mesale-2-demlikli-antik-bakir-bayrakli-full-elektrikli","22":"product_tag-mesale-2-demlikli-antik-bakir-bayrakli-full-elektrikli-cay","23":"product_tag-mesale-2-demlikli-antik-bakir-bayrakli-full-elektrikli-cay-kazani","24":"product_tag-mesale-2-demlikli-antik-bakir-bayrakli-full-elektrikli-kazani","25":"product_tag-mesale-2-demlikli-antik-bakir-bayrakli-full-kazani","26":"product_tag-mesale-2-demlikli-antik-bakir-turk","27":"product_tag-mesale-2-demlikli-antik-bakir-turk-bayrakli","28":"product_tag-mesale-2-demlikli-antik-bakir-turk-bayrakli-cay","29":"product_tag-mesale-2-demlikli-antik-bakir-turk-bayrakli-cay-kazani","30":"product_tag-mesale-2-demlikli-antik-bakir-turk-bayrakli-elektrikli","31":"product_tag-mesale-2-demlikli-antik-bakir-turk-bayrakli-elektrikli-cay","32":"product_tag-mesale-2-demlikli-antik-bakir-turk-bayrakli-elektrikli-cay-kazani","33":"product_tag-mesale-2-demlikli-antik-bakir-turk-bayrakli-elektrikli-kazani","34":"product_tag-mesale-2-demlikli-antik-bakir-turk-bayrakli-full","35":"product_tag-mesale-2-demlikli-antik-bakir-turk-bayrakli-full-cay","36":"product_tag-mesale-2-demlikli-antik-bakir-turk-bayrakli-full-cay-kazani","37":"product_tag-mesale-2-demlikli-antik-bakir-turk-bayrakli-full-elektrikli","38":"product_tag-mesale-2-demlikli-antik-bakir-turk-bayrakli-full-elektrikli-cay","39":"product_tag-mesale-2-demlikli-antik-bakir-turk-bayrakli-full-elektrikli-cay-kazani","40":"product_tag-mesale-2-demlikli-antik-bakir-turk-bayrakli-full-elektrikli-kazani","41":"product_tag-mesale-2-demlikli-antik-bakir-turk-bayrakli-full-kazani","42":"product_tag-mesale-2-demlikli-antik-bakir-turk-bayrakli-kazani","43":"product_tag-mesale-2-demlikli-antik-bakir-turk-cay","44":"product_tag-mesale-2-demlikli-antik-bakir-turk-cay-kazani","45":"product_tag-mesale-2-demlikli-antik-bakir-turk-elektrikli","46":"product_tag-mesale-2-demlikli-antik-bakir-turk-elektrikli-cay","47":"product_tag-mesale-2-demlikli-antik-bakir-turk-elektrikli-cay-kazani","48":"product_tag-mesale-2-demlikli-antik-bakir-turk-elektrikli-kazani","49":"product_tag-mesale-2-demlikli-antik-bakir-turk-full","50":"product_tag-mesale-2-demlikli-antik-bakir-turk-full-cay","51":"product_tag-mesale-2-demlikli-antik-bakir-turk-full-cay-kazani","52":"product_tag-mesale-2-demlikli-antik-bakir-turk-full-elektrikli","53":"product_tag-mesale-2-demlikli-antik-bakir-turk-full-elektrikli-cay","54":"product_tag-mesale-2-demlikli-antik-bakir-turk-full-elektrikli-cay-kazani","55":"product_tag-mesale-2-demlikli-antik-bakir-turk-full-elektrikli-kazani","56":"product_tag-mesale-2-demlikli-antik-bakir-turk-full-kazani","57":"product_tag-mesale-2-demlikli-antik-bakir-turk-kazani","58":"pa_borular-bakir","59":"pa_demlik-sayisi-2-demlikli","60":"pa_govde-bakir","61":"pa_ic-hazne-7933","62":"pa_kahve-gozu-ocagi-var","63":"pa_kapasite-2-demlikli","64":"pa_kullanim-sekli-ustten-demlikli","65":"pa_panel-manuel","66":"pa_sac-kalinligi-7938","67":"pa_samandirali-otomatik-su-alma-var","68":"pa_tesisat-elektrik","69":"pa_yalitim-cam","71":"first","72":"instock","73":"sale","74":"taxable","75":"shipping-taxable","76":"purchasable","77":"product-type-simple"},"yoast_head":"<!-- This site is optimized with the Yoast SEO plugin v27.1.1 - https:\/\/yoast.com\/product\/yoast-seo-wordpress\/ -->\n<title>Me\u015fale 2 Demlikli Antik Bak\u0131r T\u00fcrk Bayrakl\u0131 Full Elektrikli \u00c7ay Kazan\u0131 | Me\u015fale Store<\/title>\n<meta name=\"description\" content=\"Me\u015fale 2 Demlikli Antik Bak\u0131r T\u00fcrk Bayrakl\u0131 Full Elektrikli \u00c7ay Kazan\u0131 i\u015fletmeler i\u00e7in tasarlanm\u0131\u015f y\u00fcksek kapasiteli bir \u00e7ay makinesidir. Y\u00fcksek demleme kapasitesiyle h\u0131zl\u0131 servis sa\u011flar.\" \/>\n<meta name=\"robots\" content=\"index, follow, max-snippet:-1, max-image-preview:large, max-video-preview:-1\" \/>\n<link rel=\"canonical\" href=\"https:\/\/mesalestore.com\/en\/product\/2-demlikli-antik-bakir-turk-bayrakli-full-elektrikli-cay-kazani\/\" \/>\n<meta property=\"og:locale\" content=\"en_US\" \/>\n<meta property=\"og:type\" content=\"article\" \/>\n<meta property=\"og:title\" content=\"Me\u015fale 2 Demlikli Antik Bak\u0131r T\u00fcrk Bayrakl\u0131 Full Elektrikli \u00c7ay Kazan\u0131 | Me\u015fale Store\" \/>\n<meta property=\"og:description\" content=\"Me\u015fale 2 Demlikli Antik Bak\u0131r T\u00fcrk Bayrakl\u0131 Full Elektrikli \u00c7ay Kazan\u0131 i\u015fletmeler i\u00e7in tasarlanm\u0131\u015f y\u00fcksek kapasiteli bir \u00e7ay makinesidir. Y\u00fcksek demleme kapasitesiyle h\u0131zl\u0131 servis sa\u011flar.\" \/>\n<meta property=\"og:url\" content=\"https:\/\/mesalestore.com\/en\/product\/2-demlikli-antik-bakir-turk-bayrakli-full-elektrikli-cay-kazani\/\" \/>\n<meta property=\"og:site_name\" content=\"Me\u015fale Store\" \/>\n<meta property=\"article:publisher\" content=\"https:\/\/www.facebook.com\/mesalecay\" \/>\n<meta property=\"article:modified_time\" content=\"2026-04-10T21:59:13+00:00\" \/>\n<meta property=\"og:image\" content=\"https:\/\/mesalestore.com\/wp-content\/uploads\/2026\/01\/1_org_zoom-418.jpg\" \/>\n\t<meta property=\"og:image:width\" content=\"1200\" \/>\n\t<meta property=\"og:image:height\" content=\"1800\" \/>\n\t<meta property=\"og:image:type\" content=\"image\/jpeg\" \/>\n<meta name=\"twitter:card\" content=\"summary_large_image\" \/>\n<meta name=\"twitter:site\" content=\"@mesalecaykazan\" \/>\n<meta name=\"twitter:label1\" content=\"Est. reading time\" \/>\n\t<meta name=\"twitter:data1\" content=\"2 minutes\" \/>\n<script type=\"application\/ld+json\" class=\"yoast-schema-graph\">{\"@context\":\"https:\/\/schema.org\",\"@graph\":[{\"@type\":\"WebPage\",\"@id\":\"https:\/\/mesalestore.com\/en\/product\/2-demlikli-antik-bakir-turk-bayrakli-full-elektrikli-cay-kazani\/\",\"url\":\"https:\/\/mesalestore.com\/en\/product\/2-demlikli-antik-bakir-turk-bayrakli-full-elektrikli-cay-kazani\/\",\"name\":\"Me\u015fale 2 Demlikli Antik Bak\u0131r T\u00fcrk Bayrakl\u0131 Full Elektrikli \u00c7ay Kazan\u0131 | Me\u015fale Store\",\"isPartOf\":{\"@id\":\"https:\/\/mesalestore.com\/en\/#website\"},\"primaryImageOfPage\":{\"@id\":\"https:\/\/mesalestore.com\/en\/product\/2-demlikli-antik-bakir-turk-bayrakli-full-elektrikli-cay-kazani\/#primaryimage\"},\"image\":{\"@id\":\"https:\/\/mesalestore.com\/en\/product\/2-demlikli-antik-bakir-turk-bayrakli-full-elektrikli-cay-kazani\/#primaryimage\"},\"thumbnailUrl\":\"https:\/\/mesalestore.com\/wp-content\/uploads\/2026\/01\/1_org_zoom-418.jpg\",\"datePublished\":\"2026-02-09T09:19:50+00:00\",\"dateModified\":\"2026-04-10T21:59:13+00:00\",\"description\":\"Me\u015fale 2 Demlikli Antik Bak\u0131r T\u00fcrk Bayrakl\u0131 Full Elektrikli \u00c7ay Kazan\u0131 i\u015fletmeler i\u00e7in tasarlanm\u0131\u015f y\u00fcksek kapasiteli bir \u00e7ay makinesidir. Y\u00fcksek demleme kapasitesiyle h\u0131zl\u0131 servis sa\u011flar.\",\"breadcrumb\":{\"@id\":\"https:\/\/mesalestore.com\/en\/product\/2-demlikli-antik-bakir-turk-bayrakli-full-elektrikli-cay-kazani\/#breadcrumb\"},\"inLanguage\":\"en-US\",\"potentialAction\":[{\"@type\":\"ReadAction\",\"target\":[\"https:\/\/mesalestore.com\/en\/product\/2-demlikli-antik-bakir-turk-bayrakli-full-elektrikli-cay-kazani\/\"]}]},{\"@type\":\"ImageObject\",\"inLanguage\":\"en-US\",\"@id\":\"https:\/\/mesalestore.com\/en\/product\/2-demlikli-antik-bakir-turk-bayrakli-full-elektrikli-cay-kazani\/#primaryimage\",\"url\":\"https:\/\/mesalestore.com\/wp-content\/uploads\/2026\/01\/1_org_zoom-418.jpg\",\"contentUrl\":\"https:\/\/mesalestore.com\/wp-content\/uploads\/2026\/01\/1_org_zoom-418.jpg\",\"width\":1200,\"height\":1800},{\"@type\":\"BreadcrumbList\",\"@id\":\"https:\/\/mesalestore.com\/en\/product\/2-demlikli-antik-bakir-turk-bayrakli-full-elektrikli-cay-kazani\/#breadcrumb\",\"itemListElement\":[{\"@type\":\"ListItem\",\"position\":1,\"name\":\"Anasayfa\",\"item\":\"https:\/\/mesalestore.com\/en\/\"},{\"@type\":\"ListItem\",\"position\":2,\"name\":\"Products\",\"item\":\"https:\/\/mesalestore.com\/en\/shop\/\"},{\"@type\":\"ListItem\",\"position\":3,\"name\":\"Me\u015fale 2 Demlikli Antik Bak\u0131r T\u00fcrk Bayrakl\u0131 Full Elektrikli \u00c7ay Kazan\u0131\"}]},{\"@type\":\"WebSite\",\"@id\":\"https:\/\/mesalestore.com\/en\/#website\",\"url\":\"https:\/\/mesalestore.com\/en\/\",\"name\":\"Me\u015fale Store\",\"description\":\"\",\"publisher\":{\"@id\":\"https:\/\/mesalestore.com\/en\/#organization\"},\"potentialAction\":[{\"@type\":\"SearchAction\",\"target\":{\"@type\":\"EntryPoint\",\"urlTemplate\":\"https:\/\/mesalestore.com\/en\/?s={search_term_string}\"},\"query-input\":{\"@type\":\"PropertyValueSpecification\",\"valueRequired\":true,\"valueName\":\"search_term_string\"}}],\"inLanguage\":\"en-US\"},{\"@type\":\"Organization\",\"@id\":\"https:\/\/mesalestore.com\/en\/#organization\",\"name\":\"Me\u015fale Store\",\"url\":\"https:\/\/mesalestore.com\/en\/\",\"logo\":{\"@type\":\"ImageObject\",\"inLanguage\":\"en-US\",\"@id\":\"https:\/\/mesalestore.com\/en\/#\/schema\/logo\/image\/\",\"url\":\"https:\/\/mesalestore.com\/wp-content\/uploads\/2026\/03\/logo-header-yeni-1.webp\",\"contentUrl\":\"https:\/\/mesalestore.com\/wp-content\/uploads\/2026\/03\/logo-header-yeni-1.webp\",\"width\":419,\"height\":147,\"caption\":\"Me\u015fale Store\"},\"image\":{\"@id\":\"https:\/\/mesalestore.com\/en\/#\/schema\/logo\/image\/\"},\"sameAs\":[\"https:\/\/www.facebook.com\/mesalecay\",\"https:\/\/x.com\/mesalecaykazan\",\"https:\/\/www.instagram.com\/mesalecaykazan\/\"]}]}<\/script>\n<!-- \/ Yoast SEO plugin. -->","yoast_head_json":{"title":"Me\u015fale 2 Demlikli Antik Bak\u0131r T\u00fcrk Bayrakl\u0131 Full Elektrikli \u00c7ay Kazan\u0131 | Me\u015fale Store","description":"Me\u015fale 2 Demlikli Antik Bak\u0131r T\u00fcrk Bayrakl\u0131 Full Elektrikli \u00c7ay Kazan\u0131 i\u015fletmeler i\u00e7in tasarlanm\u0131\u015f y\u00fcksek kapasiteli bir \u00e7ay makinesidir. Y\u00fcksek demleme kapasitesiyle h\u0131zl\u0131 servis sa\u011flar.","robots":{"index":"index","follow":"follow","max-snippet":"max-snippet:-1","max-image-preview":"max-image-preview:large","max-video-preview":"max-video-preview:-1"},"canonical":"https:\/\/mesalestore.com\/en\/product\/2-demlikli-antik-bakir-turk-bayrakli-full-elektrikli-cay-kazani\/","og_locale":"en_US","og_type":"article","og_title":"Me\u015fale 2 Demlikli Antik Bak\u0131r T\u00fcrk Bayrakl\u0131 Full Elektrikli \u00c7ay Kazan\u0131 | Me\u015fale Store","og_description":"Me\u015fale 2 Demlikli Antik Bak\u0131r T\u00fcrk Bayrakl\u0131 Full Elektrikli \u00c7ay Kazan\u0131 i\u015fletmeler i\u00e7in tasarlanm\u0131\u015f y\u00fcksek kapasiteli bir \u00e7ay makinesidir. Y\u00fcksek demleme kapasitesiyle h\u0131zl\u0131 servis sa\u011flar.","og_url":"https:\/\/mesalestore.com\/en\/product\/2-demlikli-antik-bakir-turk-bayrakli-full-elektrikli-cay-kazani\/","og_site_name":"Me\u015fale Store","article_publisher":"https:\/\/www.facebook.com\/mesalecay","article_modified_time":"2026-04-10T21:59:13+00:00","og_image":[{"width":1200,"height":1800,"url":"https:\/\/mesalestore.com\/wp-content\/uploads\/2026\/01\/1_org_zoom-418.jpg","type":"image\/jpeg"}],"twitter_card":"summary_large_image","twitter_site":"@mesalecaykazan","twitter_misc":{"Est. reading time":"2 minutes"},"schema":{"@context":"https:\/\/schema.org","@graph":[{"@type":"WebPage","@id":"https:\/\/mesalestore.com\/en\/product\/2-demlikli-antik-bakir-turk-bayrakli-full-elektrikli-cay-kazani\/","url":"https:\/\/mesalestore.com\/en\/product\/2-demlikli-antik-bakir-turk-bayrakli-full-elektrikli-cay-kazani\/","name":"Me\u015fale 2 Demlikli Antik Bak\u0131r T\u00fcrk Bayrakl\u0131 Full Elektrikli \u00c7ay Kazan\u0131 | Me\u015fale Store","isPartOf":{"@id":"https:\/\/mesalestore.com\/en\/#website"},"primaryImageOfPage":{"@id":"https:\/\/mesalestore.com\/en\/product\/2-demlikli-antik-bakir-turk-bayrakli-full-elektrikli-cay-kazani\/#primaryimage"},"image":{"@id":"https:\/\/mesalestore.com\/en\/product\/2-demlikli-antik-bakir-turk-bayrakli-full-elektrikli-cay-kazani\/#primaryimage"},"thumbnailUrl":"https:\/\/mesalestore.com\/wp-content\/uploads\/2026\/01\/1_org_zoom-418.jpg","datePublished":"2026-02-09T09:19:50+00:00","dateModified":"2026-04-10T21:59:13+00:00","description":"Me\u015fale 2 Demlikli Antik Bak\u0131r T\u00fcrk Bayrakl\u0131 Full Elektrikli \u00c7ay Kazan\u0131 i\u015fletmeler i\u00e7in tasarlanm\u0131\u015f y\u00fcksek kapasiteli bir \u00e7ay makinesidir. Y\u00fcksek demleme kapasitesiyle h\u0131zl\u0131 servis sa\u011flar.","breadcrumb":{"@id":"https:\/\/mesalestore.com\/en\/product\/2-demlikli-antik-bakir-turk-bayrakli-full-elektrikli-cay-kazani\/#breadcrumb"},"inLanguage":"en-US","potentialAction":[{"@type":"ReadAction","target":["https:\/\/mesalestore.com\/en\/product\/2-demlikli-antik-bakir-turk-bayrakli-full-elektrikli-cay-kazani\/"]}]},{"@type":"ImageObject","inLanguage":"en-US","@id":"https:\/\/mesalestore.com\/en\/product\/2-demlikli-antik-bakir-turk-bayrakli-full-elektrikli-cay-kazani\/#primaryimage","url":"https:\/\/mesalestore.com\/wp-content\/uploads\/2026\/01\/1_org_zoom-418.jpg","contentUrl":"https:\/\/mesalestore.com\/wp-content\/uploads\/2026\/01\/1_org_zoom-418.jpg","width":1200,"height":1800},{"@type":"BreadcrumbList","@id":"https:\/\/mesalestore.com\/en\/product\/2-demlikli-antik-bakir-turk-bayrakli-full-elektrikli-cay-kazani\/#breadcrumb","itemListElement":[{"@type":"ListItem","position":1,"name":"Anasayfa","item":"https:\/\/mesalestore.com\/en\/"},{"@type":"ListItem","position":2,"name":"Products","item":"https:\/\/mesalestore.com\/en\/shop\/"},{"@type":"ListItem","position":3,"name":"Me\u015fale 2 Demlikli Antik Bak\u0131r T\u00fcrk Bayrakl\u0131 Full Elektrikli \u00c7ay Kazan\u0131"}]},{"@type":"WebSite","@id":"https:\/\/mesalestore.com\/en\/#website","url":"https:\/\/mesalestore.com\/en\/","name":"Me\u015fale Store","description":"","publisher":{"@id":"https:\/\/mesalestore.com\/en\/#organization"},"potentialAction":[{"@type":"SearchAction","target":{"@type":"EntryPoint","urlTemplate":"https:\/\/mesalestore.com\/en\/?s={search_term_string}"},"query-input":{"@type":"PropertyValueSpecification","valueRequired":true,"valueName":"search_term_string"}}],"inLanguage":"en-US"},{"@type":"Organization","@id":"https:\/\/mesalestore.com\/en\/#organization","name":"Me\u015fale Store","url":"https:\/\/mesalestore.com\/en\/","logo":{"@type":"ImageObject","inLanguage":"en-US","@id":"https:\/\/mesalestore.com\/en\/#\/schema\/logo\/image\/","url":"https:\/\/mesalestore.com\/wp-content\/uploads\/2026\/03\/logo-header-yeni-1.webp","contentUrl":"https:\/\/mesalestore.com\/wp-content\/uploads\/2026\/03\/logo-header-yeni-1.webp","width":419,"height":147,"caption":"Me\u015fale Store"},"image":{"@id":"https:\/\/mesalestore.com\/en\/#\/schema\/logo\/image\/"},"sameAs":["https:\/\/www.facebook.com\/mesalecay","https:\/\/x.com\/mesalecaykazan","https:\/\/www.instagram.com\/mesalecaykazan\/"]}]}},"_links":{"self":[{"href":"https:\/\/mesalestore.com\/en\/wp-json\/wp\/v2\/product\/2624","targetHints":{"allow":["GET"]}}],"collection":[{"href":"https:\/\/mesalestore.com\/en\/wp-json\/wp\/v2\/product"}],"about":[{"href":"https:\/\/mesalestore.com\/en\/wp-json\/wp\/v2\/types\/product"}],"replies":[{"embeddable":true,"href":"https:\/\/mesalestore.com\/en\/wp-json\/wp\/v2\/comments?post=2624"}],"wp:featuredmedia":[{"embeddable":true,"href":"https:\/\/mesalestore.com\/en\/wp-json\/wp\/v2\/media\/1298"}],"wp:attachment":[{"href":"https:\/\/mesalestore.com\/en\/wp-json\/wp\/v2\/media?parent=2624"}],"wp:term":[{"taxonomy":"product_brand","embeddable":true,"href":"https:\/\/mesalestore.com\/en\/wp-json\/wp\/v2\/product_brand?post=2624"},{"taxonomy":"product_cat","embeddable":true,"href":"https:\/\/mesalestore.com\/en\/wp-json\/wp\/v2\/product_cat?post=2624"},{"taxonomy":"product_tag","embeddable":true,"href":"https:\/\/mesalestore.com\/en\/wp-json\/wp\/v2\/product_tag?post=2624"}],"curies":[{"name":"wp","href":"https:\/\/api.w.org\/{rel}","templated":true}]}}