{"id":2623,"date":"2026-02-09T12:19:49","date_gmt":"2026-02-09T09:19:49","guid":{"rendered":"http:\/\/mesalestore.com\/product\/5-demlikli-antik-bakir-elektrik-gazli-full-otomatik-cay-kazani\/"},"modified":"2026-04-11T00:59:13","modified_gmt":"2026-04-10T21:59:13","slug":"5-demlikli-antik-bakir-elektrik-gazli-full-otomatik-cay-kazani","status":"publish","type":"product","link":"https:\/\/mesalestore.com\/en\/product\/5-demlikli-antik-bakir-elektrik-gazli-full-otomatik-cay-kazani\/","title":{"rendered":"Me\u015fale 5 Demlikli Antik Bak\u0131r Elektrik + Gazl\u0131 Full Otomatik \u00c7ay Kazan\u0131"},"content":{"rendered":"<p><strong>Me\u015fale 5 Demlikli Antik Bak\u0131r Elektrik + Gazl\u0131 Full Otomatik \u00c7ay Kazan\u0131<\/strong>, <strong>y\u00fcksek kapasiteli ve profesyonel kullan\u0131m i\u00e7in tasarlanm\u0131\u015f<\/strong> bir modeldir. <strong>5 demlikli geni\u015f hacmiyle<\/strong>, ayn\u0131 anda <strong>b\u00fcy\u00fck miktarda \u00e7ay demleme imkan\u0131 sunarak<\/strong>, <strong>kahvehaneler, \u00e7ay ocaklar\u0131, oteller, restoranlar ve i\u015fletmeler<\/strong> i\u00e7in <strong>ideal bir tercih<\/strong> olu\u015fturur.<\/p>\n<p><strong>Elektrik ve gaz ile \u00e7al\u0131\u015fabilen hibrit yap\u0131s\u0131<\/strong>, <strong>kullan\u0131c\u0131ya enerji tasarrufu sa\u011flayarak<\/strong> her ortamda <strong>verimli kullan\u0131m sunar<\/strong>. <strong>Full otomatik sistemi<\/strong>, <strong>s\u0131cakl\u0131k kontrol\u00fcn\u00fc ve su seviyesini otomatik ayarlayarak<\/strong> kolay bir kullan\u0131m deneyimi sunar.<\/p>\n<p><strong>Antik bak\u0131r kaplama tasar\u0131m\u0131<\/strong>, <strong>geleneksel \u015f\u0131kl\u0131\u011f\u0131 ve dayan\u0131kl\u0131l\u0131\u011f\u0131 bir araya getirerek<\/strong><strong>mekan\u0131n\u0131za estetik bir dokunu\u015f katar<\/strong>. <strong>Uzun \u00f6m\u00fcrl\u00fc malzemesi ve sa\u011flam yap\u0131s\u0131<\/strong> sayesinde <strong>y\u0131llarca sorunsuz kullan\u0131m sa\u011flar<\/strong>. <strong>H\u0131zl\u0131 \u0131s\u0131tma ve verimli su t\u00fcketimi \u00f6zellikleriyle<\/strong>, <strong>i\u015fletmeler i\u00e7in ekonomik ve pratik bir \u00e7\u00f6z\u00fcm sunan Me\u015fale 5 Demlikli \u00c7ay Kazan\u0131<\/strong>, <strong>y\u00fcksek performans arayanlar\u0131n vazge\u00e7ilmezi<\/strong> olacakt\u0131r.<\/p>","protected":false},"excerpt":{"rendered":"<p>Me\u015fale 5 Demlikli Antik Bak\u0131r Elektrik + Gazl\u0131 Full Otomatik \u00c7ay Kazan\u0131 i\u015fletmeler i\u00e7in tasarlanm\u0131\u015f y\u00fcksek kapasiteli bir \u00e7ay makinesidir. Y\u00fcksek demleme kapasitesiyle h\u0131zl\u0131 servis sa\u011flar.<\/p>","protected":false},"featured_media":1294,"comment_status":"closed","ping_status":"closed","template":"","meta":[],"product_brand":[7749],"product_cat":[7771],"product_tag":[16,2881,2882,2883,2884,2885,2914,2915,2902,2907,2908,2909,2903,2904,2905,2906,2886,2899,2900,2887,2892,2893,2894,2888,2889,2890,2891,2901,2895,2896,2897,2898,2916,2910,2911,2912,2913,2917,2918,2923,2924,2925,2919,2920,2921,2922,2926,2927,2928,2929],"class_list":{"0":"post-2623","1":"product","2":"type-product","3":"status-publish","4":"has-post-thumbnail","6":"product_brand-mesale","7":"product_cat-cay-kazanlari","8":"product_tag-mesale","9":"product_tag-mesale-5","10":"product_tag-mesale-5-demlikli","11":"product_tag-mesale-5-demlikli-antik","12":"product_tag-mesale-5-demlikli-antik-bakir","13":"product_tag-mesale-5-demlikli-antik-bakir-elektrik","14":"product_tag-mesale-5-demlikli-antik-bakir-elektrik-cay","15":"product_tag-mesale-5-demlikli-antik-bakir-elektrik-cay-kazani","16":"product_tag-mesale-5-demlikli-antik-bakir-elektrik-full","17":"product_tag-mesale-5-demlikli-antik-bakir-elektrik-full-cay","18":"product_tag-mesale-5-demlikli-antik-bakir-elektrik-full-cay-kazani","19":"product_tag-mesale-5-demlikli-antik-bakir-elektrik-full-kazani","20":"product_tag-mesale-5-demlikli-antik-bakir-elektrik-full-otomatik","21":"product_tag-mesale-5-demlikli-antik-bakir-elektrik-full-otomatik-cay","22":"product_tag-mesale-5-demlikli-antik-bakir-elektrik-full-otomatik-cay-kazani","23":"product_tag-mesale-5-demlikli-antik-bakir-elektrik-full-otomatik-kazani","24":"product_tag-mesale-5-demlikli-antik-bakir-elektrik-gazli","25":"product_tag-mesale-5-demlikli-antik-bakir-elektrik-gazli-cay","26":"product_tag-mesale-5-demlikli-antik-bakir-elektrik-gazli-cay-kazani","27":"product_tag-mesale-5-demlikli-antik-bakir-elektrik-gazli-full","28":"product_tag-mesale-5-demlikli-antik-bakir-elektrik-gazli-full-cay","29":"product_tag-mesale-5-demlikli-antik-bakir-elektrik-gazli-full-cay-kazani","30":"product_tag-mesale-5-demlikli-antik-bakir-elektrik-gazli-full-kazani","31":"product_tag-mesale-5-demlikli-antik-bakir-elektrik-gazli-full-otomatik","32":"product_tag-mesale-5-demlikli-antik-bakir-elektrik-gazli-full-otomatik-cay","33":"product_tag-mesale-5-demlikli-antik-bakir-elektrik-gazli-full-otomatik-cay-kazani","34":"product_tag-mesale-5-demlikli-antik-bakir-elektrik-gazli-full-otomatik-kazani","35":"product_tag-mesale-5-demlikli-antik-bakir-elektrik-gazli-kazani","36":"product_tag-mesale-5-demlikli-antik-bakir-elektrik-gazli-otomatik","37":"product_tag-mesale-5-demlikli-antik-bakir-elektrik-gazli-otomatik-cay","38":"product_tag-mesale-5-demlikli-antik-bakir-elektrik-gazli-otomatik-cay-kazani","39":"product_tag-mesale-5-demlikli-antik-bakir-elektrik-gazli-otomatik-kazani","40":"product_tag-mesale-5-demlikli-antik-bakir-elektrik-kazani","41":"product_tag-mesale-5-demlikli-antik-bakir-elektrik-otomatik","42":"product_tag-mesale-5-demlikli-antik-bakir-elektrik-otomatik-cay","43":"product_tag-mesale-5-demlikli-antik-bakir-elektrik-otomatik-cay-kazani","44":"product_tag-mesale-5-demlikli-antik-bakir-elektrik-otomatik-kazani","45":"product_tag-mesale-5-demlikli-antik-bakir-gazli","46":"product_tag-mesale-5-demlikli-antik-bakir-gazli-full","47":"product_tag-mesale-5-demlikli-antik-bakir-gazli-full-cay","48":"product_tag-mesale-5-demlikli-antik-bakir-gazli-full-cay-kazani","49":"product_tag-mesale-5-demlikli-antik-bakir-gazli-full-kazani","50":"product_tag-mesale-5-demlikli-antik-bakir-gazli-full-otomatik","51":"product_tag-mesale-5-demlikli-antik-bakir-gazli-full-otomatik-cay","52":"product_tag-mesale-5-demlikli-antik-bakir-gazli-full-otomatik-cay-kazani","53":"product_tag-mesale-5-demlikli-antik-bakir-gazli-full-otomatik-kazani","54":"product_tag-mesale-5-demlikli-antik-bakir-gazli-otomatik","55":"product_tag-mesale-5-demlikli-antik-bakir-gazli-otomatik-cay","56":"product_tag-mesale-5-demlikli-antik-bakir-gazli-otomatik-cay-kazani","57":"product_tag-mesale-5-demlikli-antik-bakir-gazli-otomatik-kazani","58":"pa_borular-bakir","59":"pa_demlik-sayisi-5-demlikli","60":"pa_govde-bakir","61":"pa_ic-hazne-7933","62":"pa_kahve-gozu-ocagi-var","63":"pa_kapasite-5-demlikli","64":"pa_kullanim-sekli-ustten-demlikli","65":"pa_panel-manuel","66":"pa_sac-kalinligi-7938","67":"pa_samandirali-otomatik-su-alma-var","68":"pa_tesisat-hibrit","69":"pa_yalitim-cam","71":"first","72":"instock","73":"sale","74":"taxable","75":"shipping-taxable","76":"purchasable","77":"product-type-simple"},"yoast_head":"<!-- This site is optimized with the Yoast SEO plugin v27.1.1 - https:\/\/yoast.com\/product\/yoast-seo-wordpress\/ -->\n<title>Me\u015fale 5 Demlikli Antik Bak\u0131r Elektrik + Gazl\u0131 Full Otomatik \u00c7ay Kazan\u0131 | Me\u015fale Store<\/title>\n<meta name=\"description\" content=\"Me\u015fale 5 Demlikli Antik Bak\u0131r Elektrik + Gazl\u0131 Full Otomatik \u00c7ay Kazan\u0131 i\u015fletmeler i\u00e7in tasarlanm\u0131\u015f y\u00fcksek kapasiteli bir \u00e7ay makinesidir. Y\u00fcksek demleme kapasitesiyle h\u0131zl\u0131 servis sa\u011flar.\" \/>\n<meta name=\"robots\" content=\"index, follow, max-snippet:-1, max-image-preview:large, max-video-preview:-1\" \/>\n<link rel=\"canonical\" href=\"https:\/\/mesalestore.com\/en\/product\/5-demlikli-antik-bakir-elektrik-gazli-full-otomatik-cay-kazani\/\" \/>\n<meta property=\"og:locale\" content=\"en_US\" \/>\n<meta property=\"og:type\" content=\"article\" \/>\n<meta property=\"og:title\" content=\"Me\u015fale 5 Demlikli Antik Bak\u0131r Elektrik + Gazl\u0131 Full Otomatik \u00c7ay Kazan\u0131 | Me\u015fale Store\" \/>\n<meta property=\"og:description\" content=\"Me\u015fale 5 Demlikli Antik Bak\u0131r Elektrik + Gazl\u0131 Full Otomatik \u00c7ay Kazan\u0131 i\u015fletmeler i\u00e7in tasarlanm\u0131\u015f y\u00fcksek kapasiteli bir \u00e7ay makinesidir. Y\u00fcksek demleme kapasitesiyle h\u0131zl\u0131 servis sa\u011flar.\" \/>\n<meta property=\"og:url\" content=\"https:\/\/mesalestore.com\/en\/product\/5-demlikli-antik-bakir-elektrik-gazli-full-otomatik-cay-kazani\/\" \/>\n<meta property=\"og:site_name\" content=\"Me\u015fale Store\" \/>\n<meta property=\"article:publisher\" content=\"https:\/\/www.facebook.com\/mesalecay\" \/>\n<meta property=\"article:modified_time\" content=\"2026-04-10T21:59:13+00:00\" \/>\n<meta property=\"og:image\" content=\"https:\/\/mesalestore.com\/wp-content\/uploads\/2026\/01\/1_org_zoom-416.jpg\" \/>\n\t<meta property=\"og:image:width\" content=\"1200\" \/>\n\t<meta property=\"og:image:height\" content=\"1800\" \/>\n\t<meta property=\"og:image:type\" content=\"image\/jpeg\" \/>\n<meta name=\"twitter:card\" content=\"summary_large_image\" \/>\n<meta name=\"twitter:site\" content=\"@mesalecaykazan\" \/>\n<meta name=\"twitter:label1\" content=\"Est. reading time\" \/>\n\t<meta name=\"twitter:data1\" content=\"1 minute\" \/>\n<script type=\"application\/ld+json\" class=\"yoast-schema-graph\">{\"@context\":\"https:\/\/schema.org\",\"@graph\":[{\"@type\":\"WebPage\",\"@id\":\"https:\/\/mesalestore.com\/en\/product\/5-demlikli-antik-bakir-elektrik-gazli-full-otomatik-cay-kazani\/\",\"url\":\"https:\/\/mesalestore.com\/en\/product\/5-demlikli-antik-bakir-elektrik-gazli-full-otomatik-cay-kazani\/\",\"name\":\"Me\u015fale 5 Demlikli Antik Bak\u0131r Elektrik + Gazl\u0131 Full Otomatik \u00c7ay Kazan\u0131 | Me\u015fale Store\",\"isPartOf\":{\"@id\":\"https:\/\/mesalestore.com\/en\/#website\"},\"primaryImageOfPage\":{\"@id\":\"https:\/\/mesalestore.com\/en\/product\/5-demlikli-antik-bakir-elektrik-gazli-full-otomatik-cay-kazani\/#primaryimage\"},\"image\":{\"@id\":\"https:\/\/mesalestore.com\/en\/product\/5-demlikli-antik-bakir-elektrik-gazli-full-otomatik-cay-kazani\/#primaryimage\"},\"thumbnailUrl\":\"https:\/\/mesalestore.com\/wp-content\/uploads\/2026\/01\/1_org_zoom-416.jpg\",\"datePublished\":\"2026-02-09T09:19:49+00:00\",\"dateModified\":\"2026-04-10T21:59:13+00:00\",\"description\":\"Me\u015fale 5 Demlikli Antik Bak\u0131r Elektrik + Gazl\u0131 Full Otomatik \u00c7ay Kazan\u0131 i\u015fletmeler i\u00e7in tasarlanm\u0131\u015f y\u00fcksek kapasiteli bir \u00e7ay makinesidir. Y\u00fcksek demleme kapasitesiyle h\u0131zl\u0131 servis sa\u011flar.\",\"breadcrumb\":{\"@id\":\"https:\/\/mesalestore.com\/en\/product\/5-demlikli-antik-bakir-elektrik-gazli-full-otomatik-cay-kazani\/#breadcrumb\"},\"inLanguage\":\"en-US\",\"potentialAction\":[{\"@type\":\"ReadAction\",\"target\":[\"https:\/\/mesalestore.com\/en\/product\/5-demlikli-antik-bakir-elektrik-gazli-full-otomatik-cay-kazani\/\"]}]},{\"@type\":\"ImageObject\",\"inLanguage\":\"en-US\",\"@id\":\"https:\/\/mesalestore.com\/en\/product\/5-demlikli-antik-bakir-elektrik-gazli-full-otomatik-cay-kazani\/#primaryimage\",\"url\":\"https:\/\/mesalestore.com\/wp-content\/uploads\/2026\/01\/1_org_zoom-416.jpg\",\"contentUrl\":\"https:\/\/mesalestore.com\/wp-content\/uploads\/2026\/01\/1_org_zoom-416.jpg\",\"width\":1200,\"height\":1800},{\"@type\":\"BreadcrumbList\",\"@id\":\"https:\/\/mesalestore.com\/en\/product\/5-demlikli-antik-bakir-elektrik-gazli-full-otomatik-cay-kazani\/#breadcrumb\",\"itemListElement\":[{\"@type\":\"ListItem\",\"position\":1,\"name\":\"Anasayfa\",\"item\":\"https:\/\/mesalestore.com\/en\/\"},{\"@type\":\"ListItem\",\"position\":2,\"name\":\"Products\",\"item\":\"https:\/\/mesalestore.com\/en\/shop\/\"},{\"@type\":\"ListItem\",\"position\":3,\"name\":\"Me\u015fale 5 Demlikli Antik Bak\u0131r Elektrik + Gazl\u0131 Full Otomatik \u00c7ay Kazan\u0131\"}]},{\"@type\":\"WebSite\",\"@id\":\"https:\/\/mesalestore.com\/en\/#website\",\"url\":\"https:\/\/mesalestore.com\/en\/\",\"name\":\"Me\u015fale Store\",\"description\":\"\",\"publisher\":{\"@id\":\"https:\/\/mesalestore.com\/en\/#organization\"},\"potentialAction\":[{\"@type\":\"SearchAction\",\"target\":{\"@type\":\"EntryPoint\",\"urlTemplate\":\"https:\/\/mesalestore.com\/en\/?s={search_term_string}\"},\"query-input\":{\"@type\":\"PropertyValueSpecification\",\"valueRequired\":true,\"valueName\":\"search_term_string\"}}],\"inLanguage\":\"en-US\"},{\"@type\":\"Organization\",\"@id\":\"https:\/\/mesalestore.com\/en\/#organization\",\"name\":\"Me\u015fale Store\",\"url\":\"https:\/\/mesalestore.com\/en\/\",\"logo\":{\"@type\":\"ImageObject\",\"inLanguage\":\"en-US\",\"@id\":\"https:\/\/mesalestore.com\/en\/#\/schema\/logo\/image\/\",\"url\":\"https:\/\/mesalestore.com\/wp-content\/uploads\/2026\/03\/logo-header-yeni-1.webp\",\"contentUrl\":\"https:\/\/mesalestore.com\/wp-content\/uploads\/2026\/03\/logo-header-yeni-1.webp\",\"width\":419,\"height\":147,\"caption\":\"Me\u015fale Store\"},\"image\":{\"@id\":\"https:\/\/mesalestore.com\/en\/#\/schema\/logo\/image\/\"},\"sameAs\":[\"https:\/\/www.facebook.com\/mesalecay\",\"https:\/\/x.com\/mesalecaykazan\",\"https:\/\/www.instagram.com\/mesalecaykazan\/\"]}]}<\/script>\n<!-- \/ Yoast SEO plugin. -->","yoast_head_json":{"title":"Me\u015fale 5 Demlikli Antik Bak\u0131r Elektrik + Gazl\u0131 Full Otomatik \u00c7ay Kazan\u0131 | Me\u015fale Store","description":"Me\u015fale 5 Demlikli Antik Bak\u0131r Elektrik + Gazl\u0131 Full Otomatik \u00c7ay Kazan\u0131 i\u015fletmeler i\u00e7in tasarlanm\u0131\u015f y\u00fcksek kapasiteli bir \u00e7ay makinesidir. Y\u00fcksek demleme kapasitesiyle h\u0131zl\u0131 servis sa\u011flar.","robots":{"index":"index","follow":"follow","max-snippet":"max-snippet:-1","max-image-preview":"max-image-preview:large","max-video-preview":"max-video-preview:-1"},"canonical":"https:\/\/mesalestore.com\/en\/product\/5-demlikli-antik-bakir-elektrik-gazli-full-otomatik-cay-kazani\/","og_locale":"en_US","og_type":"article","og_title":"Me\u015fale 5 Demlikli Antik Bak\u0131r Elektrik + Gazl\u0131 Full Otomatik \u00c7ay Kazan\u0131 | Me\u015fale Store","og_description":"Me\u015fale 5 Demlikli Antik Bak\u0131r Elektrik + Gazl\u0131 Full Otomatik \u00c7ay Kazan\u0131 i\u015fletmeler i\u00e7in tasarlanm\u0131\u015f y\u00fcksek kapasiteli bir \u00e7ay makinesidir. Y\u00fcksek demleme kapasitesiyle h\u0131zl\u0131 servis sa\u011flar.","og_url":"https:\/\/mesalestore.com\/en\/product\/5-demlikli-antik-bakir-elektrik-gazli-full-otomatik-cay-kazani\/","og_site_name":"Me\u015fale Store","article_publisher":"https:\/\/www.facebook.com\/mesalecay","article_modified_time":"2026-04-10T21:59:13+00:00","og_image":[{"width":1200,"height":1800,"url":"https:\/\/mesalestore.com\/wp-content\/uploads\/2026\/01\/1_org_zoom-416.jpg","type":"image\/jpeg"}],"twitter_card":"summary_large_image","twitter_site":"@mesalecaykazan","twitter_misc":{"Est. reading time":"1 minute"},"schema":{"@context":"https:\/\/schema.org","@graph":[{"@type":"WebPage","@id":"https:\/\/mesalestore.com\/en\/product\/5-demlikli-antik-bakir-elektrik-gazli-full-otomatik-cay-kazani\/","url":"https:\/\/mesalestore.com\/en\/product\/5-demlikli-antik-bakir-elektrik-gazli-full-otomatik-cay-kazani\/","name":"Me\u015fale 5 Demlikli Antik Bak\u0131r Elektrik + Gazl\u0131 Full Otomatik \u00c7ay Kazan\u0131 | Me\u015fale Store","isPartOf":{"@id":"https:\/\/mesalestore.com\/en\/#website"},"primaryImageOfPage":{"@id":"https:\/\/mesalestore.com\/en\/product\/5-demlikli-antik-bakir-elektrik-gazli-full-otomatik-cay-kazani\/#primaryimage"},"image":{"@id":"https:\/\/mesalestore.com\/en\/product\/5-demlikli-antik-bakir-elektrik-gazli-full-otomatik-cay-kazani\/#primaryimage"},"thumbnailUrl":"https:\/\/mesalestore.com\/wp-content\/uploads\/2026\/01\/1_org_zoom-416.jpg","datePublished":"2026-02-09T09:19:49+00:00","dateModified":"2026-04-10T21:59:13+00:00","description":"Me\u015fale 5 Demlikli Antik Bak\u0131r Elektrik + Gazl\u0131 Full Otomatik \u00c7ay Kazan\u0131 i\u015fletmeler i\u00e7in tasarlanm\u0131\u015f y\u00fcksek kapasiteli bir \u00e7ay makinesidir. Y\u00fcksek demleme kapasitesiyle h\u0131zl\u0131 servis sa\u011flar.","breadcrumb":{"@id":"https:\/\/mesalestore.com\/en\/product\/5-demlikli-antik-bakir-elektrik-gazli-full-otomatik-cay-kazani\/#breadcrumb"},"inLanguage":"en-US","potentialAction":[{"@type":"ReadAction","target":["https:\/\/mesalestore.com\/en\/product\/5-demlikli-antik-bakir-elektrik-gazli-full-otomatik-cay-kazani\/"]}]},{"@type":"ImageObject","inLanguage":"en-US","@id":"https:\/\/mesalestore.com\/en\/product\/5-demlikli-antik-bakir-elektrik-gazli-full-otomatik-cay-kazani\/#primaryimage","url":"https:\/\/mesalestore.com\/wp-content\/uploads\/2026\/01\/1_org_zoom-416.jpg","contentUrl":"https:\/\/mesalestore.com\/wp-content\/uploads\/2026\/01\/1_org_zoom-416.jpg","width":1200,"height":1800},{"@type":"BreadcrumbList","@id":"https:\/\/mesalestore.com\/en\/product\/5-demlikli-antik-bakir-elektrik-gazli-full-otomatik-cay-kazani\/#breadcrumb","itemListElement":[{"@type":"ListItem","position":1,"name":"Anasayfa","item":"https:\/\/mesalestore.com\/en\/"},{"@type":"ListItem","position":2,"name":"Products","item":"https:\/\/mesalestore.com\/en\/shop\/"},{"@type":"ListItem","position":3,"name":"Me\u015fale 5 Demlikli Antik Bak\u0131r Elektrik + Gazl\u0131 Full Otomatik \u00c7ay Kazan\u0131"}]},{"@type":"WebSite","@id":"https:\/\/mesalestore.com\/en\/#website","url":"https:\/\/mesalestore.com\/en\/","name":"Me\u015fale Store","description":"","publisher":{"@id":"https:\/\/mesalestore.com\/en\/#organization"},"potentialAction":[{"@type":"SearchAction","target":{"@type":"EntryPoint","urlTemplate":"https:\/\/mesalestore.com\/en\/?s={search_term_string}"},"query-input":{"@type":"PropertyValueSpecification","valueRequired":true,"valueName":"search_term_string"}}],"inLanguage":"en-US"},{"@type":"Organization","@id":"https:\/\/mesalestore.com\/en\/#organization","name":"Me\u015fale Store","url":"https:\/\/mesalestore.com\/en\/","logo":{"@type":"ImageObject","inLanguage":"en-US","@id":"https:\/\/mesalestore.com\/en\/#\/schema\/logo\/image\/","url":"https:\/\/mesalestore.com\/wp-content\/uploads\/2026\/03\/logo-header-yeni-1.webp","contentUrl":"https:\/\/mesalestore.com\/wp-content\/uploads\/2026\/03\/logo-header-yeni-1.webp","width":419,"height":147,"caption":"Me\u015fale Store"},"image":{"@id":"https:\/\/mesalestore.com\/en\/#\/schema\/logo\/image\/"},"sameAs":["https:\/\/www.facebook.com\/mesalecay","https:\/\/x.com\/mesalecaykazan","https:\/\/www.instagram.com\/mesalecaykazan\/"]}]}},"_links":{"self":[{"href":"https:\/\/mesalestore.com\/en\/wp-json\/wp\/v2\/product\/2623","targetHints":{"allow":["GET"]}}],"collection":[{"href":"https:\/\/mesalestore.com\/en\/wp-json\/wp\/v2\/product"}],"about":[{"href":"https:\/\/mesalestore.com\/en\/wp-json\/wp\/v2\/types\/product"}],"replies":[{"embeddable":true,"href":"https:\/\/mesalestore.com\/en\/wp-json\/wp\/v2\/comments?post=2623"}],"wp:featuredmedia":[{"embeddable":true,"href":"https:\/\/mesalestore.com\/en\/wp-json\/wp\/v2\/media\/1294"}],"wp:attachment":[{"href":"https:\/\/mesalestore.com\/en\/wp-json\/wp\/v2\/media?parent=2623"}],"wp:term":[{"taxonomy":"product_brand","embeddable":true,"href":"https:\/\/mesalestore.com\/en\/wp-json\/wp\/v2\/product_brand?post=2623"},{"taxonomy":"product_cat","embeddable":true,"href":"https:\/\/mesalestore.com\/en\/wp-json\/wp\/v2\/product_cat?post=2623"},{"taxonomy":"product_tag","embeddable":true,"href":"https:\/\/mesalestore.com\/en\/wp-json\/wp\/v2\/product_tag?post=2623"}],"curies":[{"name":"wp","href":"https:\/\/api.w.org\/{rel}","templated":true}]}}