{"id":2620,"date":"2026-02-09T12:19:49","date_gmt":"2026-02-09T09:19:49","guid":{"rendered":"http:\/\/mesalestore.com\/product\/3-demlikli-odunlu-ici-disi-bakir-cay-kazani\/"},"modified":"2026-04-11T00:59:13","modified_gmt":"2026-04-10T21:59:13","slug":"3-demlikli-odunlu-ici-disi-bakir-cay-kazani","status":"publish","type":"product","link":"https:\/\/mesalestore.com\/en\/product\/3-demlikli-odunlu-ici-disi-bakir-cay-kazani\/","title":{"rendered":"Me\u015fale 3 Demlikli Odunlu \u0130\u00e7i D\u0131\u015f\u0131 Bak\u0131r \u00c7ay Kazan\u0131"},"content":{"rendered":"<p><strong>Me\u015fale 3 Demlikli Odunlu \u0130\u00e7i D\u0131\u015f\u0131 Bak\u0131r \u00c7ay Kazan\u0131<\/strong>, <strong>geleneksel odun ate\u015fiyle<\/strong> \u00e7ay demlemeyi sevenler i\u00e7in tasarlanm\u0131\u015f <strong>\u015f\u0131k ve dayan\u0131kl\u0131 bir modeldir<\/strong>. <strong>Tamamen bak\u0131r malzemeden \u00fcretilmi\u015f i\u00e7 ve d\u0131\u015f y\u00fczeyi<\/strong>, <strong>\u0131s\u0131y\u0131 e\u015fit \u015fekilde da\u011f\u0131tarak<\/strong> \u00e7ay\u0131n <strong>uzun s\u00fcre taze kalmas\u0131n\u0131 sa\u011flar<\/strong>. <strong>Odun veya k\u00f6m\u00fcrle \u00e7al\u0131\u015fabilen bu sistem<\/strong>, <strong>do\u011fal ve otantik bir \u00e7ay lezzeti sunar<\/strong>.<\/p>\n<p><strong>3 demlikli geni\u015f kapasitesi<\/strong>, <strong>kahvehaneler, \u00e7ay ocaklar\u0131, restoranlar ve geleneksel \u00e7ay sunumu yapan i\u015fletmeler<\/strong> i\u00e7in <strong>ideal bir kullan\u0131m sa\u011flar<\/strong>. <strong>Bak\u0131r\u0131n do\u011fal iletkenli\u011fi<\/strong>, <strong>h\u0131zl\u0131 \u0131s\u0131nma ve d\u00fc\u015f\u00fck yak\u0131t t\u00fcketimi sunarak<\/strong><strong>ekonomik bir kullan\u0131m avantaj\u0131<\/strong> yarat\u0131r.<\/p>\n<p><strong>El i\u015f\u00e7ili\u011fiyle \u00fcretilen nostaljik tasar\u0131m\u0131<\/strong>, bulundu\u011fu ortama <strong>estetik bir dokunu\u015f katar<\/strong>. <strong>G\u00fc\u00e7l\u00fc ve sa\u011flam yap\u0131s\u0131<\/strong> sayesinde <strong>uzun \u00f6m\u00fcrl\u00fc kullan\u0131m<\/strong> sunar. <strong>Do\u011fal \u0131s\u0131tmal\u0131 \u00e7ay kazan\u0131 arayanlar<\/strong> i\u00e7in <strong>Me\u015fale 3 Demlikli Odunlu Bak\u0131r \u00c7ay Kazan\u0131<\/strong>, <strong>m\u00fckemmel bir tercihtir<\/strong>.<\/p>","protected":false},"excerpt":{"rendered":"<p>Me\u015fale 3 Demlikli Odunlu \u0130\u00e7i D\u0131\u015f\u0131 Bak\u0131r \u00c7ay Kazan\u0131 i\u015fletmeler i\u00e7in tasarlanm\u0131\u015f y\u00fcksek kapasiteli bir \u00e7ay makinesidir. Y\u00fcksek demleme kapasitesiyle h\u0131zl\u0131 servis sa\u011flar.<\/p>","protected":false},"featured_media":1278,"comment_status":"closed","ping_status":"closed","template":"","meta":[],"product_brand":[7749],"product_cat":[7771],"product_tag":[16,783,784,2866,2875,2876,2877,2878,2879,2880,2867,2868,2869,2870,2871,2872,2873,2874,2834,2859,2860,2861,2862,2863,2864,2851,2852,2853,2854,2855,2856,2857,2858,2835,2844,2845,2846,2847,2848,2849,2836,2837,2838,2839,2840,2841,2842,2843,2850,2865],"class_list":{"0":"post-2620","1":"product","2":"type-product","3":"status-publish","4":"has-post-thumbnail","6":"product_brand-mesale","7":"product_cat-cay-kazanlari","8":"product_tag-mesale","9":"product_tag-mesale-3","10":"product_tag-mesale-3-demlikli","11":"product_tag-mesale-3-demlikli-ici","12":"product_tag-mesale-3-demlikli-ici-bakir","13":"product_tag-mesale-3-demlikli-ici-bakir-cay","14":"product_tag-mesale-3-demlikli-ici-bakir-cay-kazani","15":"product_tag-mesale-3-demlikli-ici-bakir-kazani","16":"product_tag-mesale-3-demlikli-ici-cay","17":"product_tag-mesale-3-demlikli-ici-cay-kazani","18":"product_tag-mesale-3-demlikli-ici-disi","19":"product_tag-mesale-3-demlikli-ici-disi-bakir","20":"product_tag-mesale-3-demlikli-ici-disi-bakir-cay","21":"product_tag-mesale-3-demlikli-ici-disi-bakir-cay-kazani","22":"product_tag-mesale-3-demlikli-ici-disi-bakir-kazani","23":"product_tag-mesale-3-demlikli-ici-disi-cay","24":"product_tag-mesale-3-demlikli-ici-disi-cay-kazani","25":"product_tag-mesale-3-demlikli-ici-disi-kazani","26":"product_tag-mesale-3-demlikli-odunlu","27":"product_tag-mesale-3-demlikli-odunlu-bakir","28":"product_tag-mesale-3-demlikli-odunlu-bakir-cay","29":"product_tag-mesale-3-demlikli-odunlu-bakir-cay-kazani","30":"product_tag-mesale-3-demlikli-odunlu-bakir-kazani","31":"product_tag-mesale-3-demlikli-odunlu-cay","32":"product_tag-mesale-3-demlikli-odunlu-cay-kazani","33":"product_tag-mesale-3-demlikli-odunlu-disi","34":"product_tag-mesale-3-demlikli-odunlu-disi-bakir","35":"product_tag-mesale-3-demlikli-odunlu-disi-bakir-cay","36":"product_tag-mesale-3-demlikli-odunlu-disi-bakir-cay-kazani","37":"product_tag-mesale-3-demlikli-odunlu-disi-bakir-kazani","38":"product_tag-mesale-3-demlikli-odunlu-disi-cay","39":"product_tag-mesale-3-demlikli-odunlu-disi-cay-kazani","40":"product_tag-mesale-3-demlikli-odunlu-disi-kazani","41":"product_tag-mesale-3-demlikli-odunlu-ici","42":"product_tag-mesale-3-demlikli-odunlu-ici-bakir","43":"product_tag-mesale-3-demlikli-odunlu-ici-bakir-cay","44":"product_tag-mesale-3-demlikli-odunlu-ici-bakir-cay-kazani","45":"product_tag-mesale-3-demlikli-odunlu-ici-bakir-kazani","46":"product_tag-mesale-3-demlikli-odunlu-ici-cay","47":"product_tag-mesale-3-demlikli-odunlu-ici-cay-kazani","48":"product_tag-mesale-3-demlikli-odunlu-ici-disi","49":"product_tag-mesale-3-demlikli-odunlu-ici-disi-bakir","50":"product_tag-mesale-3-demlikli-odunlu-ici-disi-bakir-cay","51":"product_tag-mesale-3-demlikli-odunlu-ici-disi-bakir-cay-kazani","52":"product_tag-mesale-3-demlikli-odunlu-ici-disi-bakir-kazani","53":"product_tag-mesale-3-demlikli-odunlu-ici-disi-cay","54":"product_tag-mesale-3-demlikli-odunlu-ici-disi-cay-kazani","55":"product_tag-mesale-3-demlikli-odunlu-ici-disi-kazani","56":"product_tag-mesale-3-demlikli-odunlu-ici-kazani","57":"product_tag-mesale-3-demlikli-odunlu-kazani","58":"pa_borular-bakir","59":"pa_demlik-sayisi-3-demlikli","60":"pa_govde-bakir","61":"pa_ic-hazne-7933","62":"pa_kahve-gozu-ocagi-yok","63":"pa_kapasite-3-demlikli","64":"pa_kullanim-sekli-ustten-demlikli","65":"pa_panel-manuel","66":"pa_sac-kalinligi-7938","67":"pa_samandirali-otomatik-su-alma-var","68":"pa_tesisat-elektrik-odun","69":"pa_yalitim-cam","71":"first","72":"instock","73":"sale","74":"taxable","75":"shipping-taxable","76":"purchasable","77":"product-type-simple"},"yoast_head":"<!-- This site is optimized with the Yoast SEO plugin v27.1.1 - https:\/\/yoast.com\/product\/yoast-seo-wordpress\/ -->\n<title>Me\u015fale 3 Demlikli Odunlu \u0130\u00e7i D\u0131\u015f\u0131 Bak\u0131r \u00c7ay Kazan\u0131 | Me\u015fale Store<\/title>\n<meta name=\"description\" content=\"Me\u015fale 3 Demlikli Odunlu \u0130\u00e7i D\u0131\u015f\u0131 Bak\u0131r \u00c7ay Kazan\u0131 i\u015fletmeler i\u00e7in tasarlanm\u0131\u015f y\u00fcksek kapasiteli bir \u00e7ay makinesidir. Y\u00fcksek demleme kapasitesiyle h\u0131zl\u0131 servis sa\u011flar.\" \/>\n<meta name=\"robots\" content=\"index, follow, max-snippet:-1, max-image-preview:large, max-video-preview:-1\" \/>\n<link rel=\"canonical\" href=\"https:\/\/mesalestore.com\/en\/product\/3-demlikli-odunlu-ici-disi-bakir-cay-kazani\/\" \/>\n<meta property=\"og:locale\" content=\"en_US\" \/>\n<meta property=\"og:type\" content=\"article\" \/>\n<meta property=\"og:title\" content=\"Me\u015fale 3 Demlikli Odunlu \u0130\u00e7i D\u0131\u015f\u0131 Bak\u0131r \u00c7ay Kazan\u0131 | Me\u015fale Store\" \/>\n<meta property=\"og:description\" content=\"Me\u015fale 3 Demlikli Odunlu \u0130\u00e7i D\u0131\u015f\u0131 Bak\u0131r \u00c7ay Kazan\u0131 i\u015fletmeler i\u00e7in tasarlanm\u0131\u015f y\u00fcksek kapasiteli bir \u00e7ay makinesidir. Y\u00fcksek demleme kapasitesiyle h\u0131zl\u0131 servis sa\u011flar.\" \/>\n<meta property=\"og:url\" content=\"https:\/\/mesalestore.com\/en\/product\/3-demlikli-odunlu-ici-disi-bakir-cay-kazani\/\" \/>\n<meta property=\"og:site_name\" content=\"Me\u015fale Store\" \/>\n<meta property=\"article:publisher\" content=\"https:\/\/www.facebook.com\/mesalecay\" \/>\n<meta property=\"article:modified_time\" content=\"2026-04-10T21:59:13+00:00\" \/>\n<meta property=\"og:image\" content=\"https:\/\/mesalestore.com\/wp-content\/uploads\/2026\/01\/1_org_zoom-406.jpg\" \/>\n\t<meta property=\"og:image:width\" content=\"1200\" \/>\n\t<meta property=\"og:image:height\" content=\"1800\" \/>\n\t<meta property=\"og:image:type\" content=\"image\/jpeg\" \/>\n<meta name=\"twitter:card\" content=\"summary_large_image\" \/>\n<meta name=\"twitter:site\" content=\"@mesalecaykazan\" \/>\n<meta name=\"twitter:label1\" content=\"Est. reading time\" \/>\n\t<meta name=\"twitter:data1\" content=\"1 minute\" \/>\n<script type=\"application\/ld+json\" class=\"yoast-schema-graph\">{\"@context\":\"https:\/\/schema.org\",\"@graph\":[{\"@type\":\"WebPage\",\"@id\":\"https:\/\/mesalestore.com\/en\/product\/3-demlikli-odunlu-ici-disi-bakir-cay-kazani\/\",\"url\":\"https:\/\/mesalestore.com\/en\/product\/3-demlikli-odunlu-ici-disi-bakir-cay-kazani\/\",\"name\":\"Me\u015fale 3 Demlikli Odunlu \u0130\u00e7i D\u0131\u015f\u0131 Bak\u0131r \u00c7ay Kazan\u0131 | Me\u015fale Store\",\"isPartOf\":{\"@id\":\"https:\/\/mesalestore.com\/en\/#website\"},\"primaryImageOfPage\":{\"@id\":\"https:\/\/mesalestore.com\/en\/product\/3-demlikli-odunlu-ici-disi-bakir-cay-kazani\/#primaryimage\"},\"image\":{\"@id\":\"https:\/\/mesalestore.com\/en\/product\/3-demlikli-odunlu-ici-disi-bakir-cay-kazani\/#primaryimage\"},\"thumbnailUrl\":\"https:\/\/mesalestore.com\/wp-content\/uploads\/2026\/01\/1_org_zoom-406.jpg\",\"datePublished\":\"2026-02-09T09:19:49+00:00\",\"dateModified\":\"2026-04-10T21:59:13+00:00\",\"description\":\"Me\u015fale 3 Demlikli Odunlu \u0130\u00e7i D\u0131\u015f\u0131 Bak\u0131r \u00c7ay Kazan\u0131 i\u015fletmeler i\u00e7in tasarlanm\u0131\u015f y\u00fcksek kapasiteli bir \u00e7ay makinesidir. Y\u00fcksek demleme kapasitesiyle h\u0131zl\u0131 servis sa\u011flar.\",\"breadcrumb\":{\"@id\":\"https:\/\/mesalestore.com\/en\/product\/3-demlikli-odunlu-ici-disi-bakir-cay-kazani\/#breadcrumb\"},\"inLanguage\":\"en-US\",\"potentialAction\":[{\"@type\":\"ReadAction\",\"target\":[\"https:\/\/mesalestore.com\/en\/product\/3-demlikli-odunlu-ici-disi-bakir-cay-kazani\/\"]}]},{\"@type\":\"ImageObject\",\"inLanguage\":\"en-US\",\"@id\":\"https:\/\/mesalestore.com\/en\/product\/3-demlikli-odunlu-ici-disi-bakir-cay-kazani\/#primaryimage\",\"url\":\"https:\/\/mesalestore.com\/wp-content\/uploads\/2026\/01\/1_org_zoom-406.jpg\",\"contentUrl\":\"https:\/\/mesalestore.com\/wp-content\/uploads\/2026\/01\/1_org_zoom-406.jpg\",\"width\":1200,\"height\":1800},{\"@type\":\"BreadcrumbList\",\"@id\":\"https:\/\/mesalestore.com\/en\/product\/3-demlikli-odunlu-ici-disi-bakir-cay-kazani\/#breadcrumb\",\"itemListElement\":[{\"@type\":\"ListItem\",\"position\":1,\"name\":\"Anasayfa\",\"item\":\"https:\/\/mesalestore.com\/en\/\"},{\"@type\":\"ListItem\",\"position\":2,\"name\":\"Products\",\"item\":\"https:\/\/mesalestore.com\/en\/shop\/\"},{\"@type\":\"ListItem\",\"position\":3,\"name\":\"Me\u015fale 3 Demlikli Odunlu \u0130\u00e7i D\u0131\u015f\u0131 Bak\u0131r \u00c7ay Kazan\u0131\"}]},{\"@type\":\"WebSite\",\"@id\":\"https:\/\/mesalestore.com\/en\/#website\",\"url\":\"https:\/\/mesalestore.com\/en\/\",\"name\":\"Me\u015fale Store\",\"description\":\"\",\"publisher\":{\"@id\":\"https:\/\/mesalestore.com\/en\/#organization\"},\"potentialAction\":[{\"@type\":\"SearchAction\",\"target\":{\"@type\":\"EntryPoint\",\"urlTemplate\":\"https:\/\/mesalestore.com\/en\/?s={search_term_string}\"},\"query-input\":{\"@type\":\"PropertyValueSpecification\",\"valueRequired\":true,\"valueName\":\"search_term_string\"}}],\"inLanguage\":\"en-US\"},{\"@type\":\"Organization\",\"@id\":\"https:\/\/mesalestore.com\/en\/#organization\",\"name\":\"Me\u015fale Store\",\"url\":\"https:\/\/mesalestore.com\/en\/\",\"logo\":{\"@type\":\"ImageObject\",\"inLanguage\":\"en-US\",\"@id\":\"https:\/\/mesalestore.com\/en\/#\/schema\/logo\/image\/\",\"url\":\"https:\/\/mesalestore.com\/wp-content\/uploads\/2026\/03\/logo-header-yeni-1.webp\",\"contentUrl\":\"https:\/\/mesalestore.com\/wp-content\/uploads\/2026\/03\/logo-header-yeni-1.webp\",\"width\":419,\"height\":147,\"caption\":\"Me\u015fale Store\"},\"image\":{\"@id\":\"https:\/\/mesalestore.com\/en\/#\/schema\/logo\/image\/\"},\"sameAs\":[\"https:\/\/www.facebook.com\/mesalecay\",\"https:\/\/x.com\/mesalecaykazan\",\"https:\/\/www.instagram.com\/mesalecaykazan\/\"]}]}<\/script>\n<!-- \/ Yoast SEO plugin. -->","yoast_head_json":{"title":"Me\u015fale 3 Demlikli Odunlu \u0130\u00e7i D\u0131\u015f\u0131 Bak\u0131r \u00c7ay Kazan\u0131 | Me\u015fale Store","description":"Me\u015fale 3 Demlikli Odunlu \u0130\u00e7i D\u0131\u015f\u0131 Bak\u0131r \u00c7ay Kazan\u0131 i\u015fletmeler i\u00e7in tasarlanm\u0131\u015f y\u00fcksek kapasiteli bir \u00e7ay makinesidir. Y\u00fcksek demleme kapasitesiyle h\u0131zl\u0131 servis sa\u011flar.","robots":{"index":"index","follow":"follow","max-snippet":"max-snippet:-1","max-image-preview":"max-image-preview:large","max-video-preview":"max-video-preview:-1"},"canonical":"https:\/\/mesalestore.com\/en\/product\/3-demlikli-odunlu-ici-disi-bakir-cay-kazani\/","og_locale":"en_US","og_type":"article","og_title":"Me\u015fale 3 Demlikli Odunlu \u0130\u00e7i D\u0131\u015f\u0131 Bak\u0131r \u00c7ay Kazan\u0131 | Me\u015fale Store","og_description":"Me\u015fale 3 Demlikli Odunlu \u0130\u00e7i D\u0131\u015f\u0131 Bak\u0131r \u00c7ay Kazan\u0131 i\u015fletmeler i\u00e7in tasarlanm\u0131\u015f y\u00fcksek kapasiteli bir \u00e7ay makinesidir. Y\u00fcksek demleme kapasitesiyle h\u0131zl\u0131 servis sa\u011flar.","og_url":"https:\/\/mesalestore.com\/en\/product\/3-demlikli-odunlu-ici-disi-bakir-cay-kazani\/","og_site_name":"Me\u015fale Store","article_publisher":"https:\/\/www.facebook.com\/mesalecay","article_modified_time":"2026-04-10T21:59:13+00:00","og_image":[{"width":1200,"height":1800,"url":"https:\/\/mesalestore.com\/wp-content\/uploads\/2026\/01\/1_org_zoom-406.jpg","type":"image\/jpeg"}],"twitter_card":"summary_large_image","twitter_site":"@mesalecaykazan","twitter_misc":{"Est. reading time":"1 minute"},"schema":{"@context":"https:\/\/schema.org","@graph":[{"@type":"WebPage","@id":"https:\/\/mesalestore.com\/en\/product\/3-demlikli-odunlu-ici-disi-bakir-cay-kazani\/","url":"https:\/\/mesalestore.com\/en\/product\/3-demlikli-odunlu-ici-disi-bakir-cay-kazani\/","name":"Me\u015fale 3 Demlikli Odunlu \u0130\u00e7i D\u0131\u015f\u0131 Bak\u0131r \u00c7ay Kazan\u0131 | Me\u015fale Store","isPartOf":{"@id":"https:\/\/mesalestore.com\/en\/#website"},"primaryImageOfPage":{"@id":"https:\/\/mesalestore.com\/en\/product\/3-demlikli-odunlu-ici-disi-bakir-cay-kazani\/#primaryimage"},"image":{"@id":"https:\/\/mesalestore.com\/en\/product\/3-demlikli-odunlu-ici-disi-bakir-cay-kazani\/#primaryimage"},"thumbnailUrl":"https:\/\/mesalestore.com\/wp-content\/uploads\/2026\/01\/1_org_zoom-406.jpg","datePublished":"2026-02-09T09:19:49+00:00","dateModified":"2026-04-10T21:59:13+00:00","description":"Me\u015fale 3 Demlikli Odunlu \u0130\u00e7i D\u0131\u015f\u0131 Bak\u0131r \u00c7ay Kazan\u0131 i\u015fletmeler i\u00e7in tasarlanm\u0131\u015f y\u00fcksek kapasiteli bir \u00e7ay makinesidir. Y\u00fcksek demleme kapasitesiyle h\u0131zl\u0131 servis sa\u011flar.","breadcrumb":{"@id":"https:\/\/mesalestore.com\/en\/product\/3-demlikli-odunlu-ici-disi-bakir-cay-kazani\/#breadcrumb"},"inLanguage":"en-US","potentialAction":[{"@type":"ReadAction","target":["https:\/\/mesalestore.com\/en\/product\/3-demlikli-odunlu-ici-disi-bakir-cay-kazani\/"]}]},{"@type":"ImageObject","inLanguage":"en-US","@id":"https:\/\/mesalestore.com\/en\/product\/3-demlikli-odunlu-ici-disi-bakir-cay-kazani\/#primaryimage","url":"https:\/\/mesalestore.com\/wp-content\/uploads\/2026\/01\/1_org_zoom-406.jpg","contentUrl":"https:\/\/mesalestore.com\/wp-content\/uploads\/2026\/01\/1_org_zoom-406.jpg","width":1200,"height":1800},{"@type":"BreadcrumbList","@id":"https:\/\/mesalestore.com\/en\/product\/3-demlikli-odunlu-ici-disi-bakir-cay-kazani\/#breadcrumb","itemListElement":[{"@type":"ListItem","position":1,"name":"Anasayfa","item":"https:\/\/mesalestore.com\/en\/"},{"@type":"ListItem","position":2,"name":"Products","item":"https:\/\/mesalestore.com\/en\/shop\/"},{"@type":"ListItem","position":3,"name":"Me\u015fale 3 Demlikli Odunlu \u0130\u00e7i D\u0131\u015f\u0131 Bak\u0131r \u00c7ay Kazan\u0131"}]},{"@type":"WebSite","@id":"https:\/\/mesalestore.com\/en\/#website","url":"https:\/\/mesalestore.com\/en\/","name":"Me\u015fale Store","description":"","publisher":{"@id":"https:\/\/mesalestore.com\/en\/#organization"},"potentialAction":[{"@type":"SearchAction","target":{"@type":"EntryPoint","urlTemplate":"https:\/\/mesalestore.com\/en\/?s={search_term_string}"},"query-input":{"@type":"PropertyValueSpecification","valueRequired":true,"valueName":"search_term_string"}}],"inLanguage":"en-US"},{"@type":"Organization","@id":"https:\/\/mesalestore.com\/en\/#organization","name":"Me\u015fale Store","url":"https:\/\/mesalestore.com\/en\/","logo":{"@type":"ImageObject","inLanguage":"en-US","@id":"https:\/\/mesalestore.com\/en\/#\/schema\/logo\/image\/","url":"https:\/\/mesalestore.com\/wp-content\/uploads\/2026\/03\/logo-header-yeni-1.webp","contentUrl":"https:\/\/mesalestore.com\/wp-content\/uploads\/2026\/03\/logo-header-yeni-1.webp","width":419,"height":147,"caption":"Me\u015fale Store"},"image":{"@id":"https:\/\/mesalestore.com\/en\/#\/schema\/logo\/image\/"},"sameAs":["https:\/\/www.facebook.com\/mesalecay","https:\/\/x.com\/mesalecaykazan","https:\/\/www.instagram.com\/mesalecaykazan\/"]}]}},"_links":{"self":[{"href":"https:\/\/mesalestore.com\/en\/wp-json\/wp\/v2\/product\/2620","targetHints":{"allow":["GET"]}}],"collection":[{"href":"https:\/\/mesalestore.com\/en\/wp-json\/wp\/v2\/product"}],"about":[{"href":"https:\/\/mesalestore.com\/en\/wp-json\/wp\/v2\/types\/product"}],"replies":[{"embeddable":true,"href":"https:\/\/mesalestore.com\/en\/wp-json\/wp\/v2\/comments?post=2620"}],"wp:featuredmedia":[{"embeddable":true,"href":"https:\/\/mesalestore.com\/en\/wp-json\/wp\/v2\/media\/1278"}],"wp:attachment":[{"href":"https:\/\/mesalestore.com\/en\/wp-json\/wp\/v2\/media?parent=2620"}],"wp:term":[{"taxonomy":"product_brand","embeddable":true,"href":"https:\/\/mesalestore.com\/en\/wp-json\/wp\/v2\/product_brand?post=2620"},{"taxonomy":"product_cat","embeddable":true,"href":"https:\/\/mesalestore.com\/en\/wp-json\/wp\/v2\/product_cat?post=2620"},{"taxonomy":"product_tag","embeddable":true,"href":"https:\/\/mesalestore.com\/en\/wp-json\/wp\/v2\/product_tag?post=2620"}],"curies":[{"name":"wp","href":"https:\/\/api.w.org\/{rel}","templated":true}]}}