{"id":2616,"date":"2026-02-09T12:19:48","date_gmt":"2026-02-09T09:19:48","guid":{"rendered":"http:\/\/mesalestore.com\/product\/4-demlikli-antik-bakir-mesale-desen-elektrik-gazli-full-otomatik-cay-kazani-2\/"},"modified":"2026-04-11T00:59:13","modified_gmt":"2026-04-10T21:59:13","slug":"4-demlikli-antik-bakir-mesale-desen-elektrik-gazli-full-otomatik-cay-kazani-2","status":"publish","type":"product","link":"https:\/\/mesalestore.com\/en\/product\/4-demlikli-antik-bakir-mesale-desen-elektrik-gazli-full-otomatik-cay-kazani-2\/","title":{"rendered":"Me\u015fale 4 Demlikli Antik Bak\u0131r Me\u015fale Desen Elektrik + Gazl\u0131 Full Otomatik \u00c7ay Kazan\u0131"},"content":{"rendered":"<p><strong>Me\u015fale 4 Demlikli Antik Bak\u0131r Me\u015fale Desen Elektrik + Gazl\u0131 Full Otomatik \u00c7ay Kazan\u0131<\/strong>, <strong>geleneksel bak\u0131r i\u015f\u00e7ili\u011fini<\/strong> modern teknolojiyle birle\u015ftiren <strong>\u00fcst\u00fcn performansl\u0131<\/strong> bir \u00e7ay kazan\u0131d\u0131r. <strong>Antik bak\u0131r kaplamas\u0131<\/strong> ve <strong>me\u015fale desenli \u00f6zel tasar\u0131m\u0131<\/strong>, bulundu\u011fu ortama <strong>zarif ve otantik bir hava<\/strong> katar.<\/p>\n<p><strong>4 demlikli geni\u015f kapasitesi<\/strong>, ayn\u0131 anda b\u00fcy\u00fck miktarda \u00e7ay demlemeye olanak tan\u0131r ve <strong>yo\u011fun i\u015fletmeler i\u00e7in ideal bir kullan\u0131m<\/strong> sunar. <strong>Elektrik ve gazl\u0131 \u00e7ift enerji sistemi<\/strong>, <strong>farkl\u0131 \u00e7al\u0131\u015fma ko\u015fullar\u0131na uygun esnek kullan\u0131m<\/strong> sa\u011flar. <strong>Full otomatik kontrol mekanizmas\u0131<\/strong>, <strong>su s\u0131cakl\u0131\u011f\u0131n\u0131 ve enerji t\u00fcketimini optimize ederek<\/strong> hem <strong>m\u00fckemmel \u00e7ay lezzeti sunar<\/strong> hem de <strong>enerji tasarrufu sa\u011flar<\/strong>.<\/p>\n<p><strong>Is\u0131 yal\u0131t\u0131ml\u0131 paslanmaz i\u00e7 hazne<\/strong>, \u00e7ay\u0131n uzun s\u00fcre <strong>taze kalmas\u0131n\u0131 sa\u011flar<\/strong> ve hijyenik bir kullan\u0131m sunar. <strong>Kafeler, restoranlar, oteller ve \u00e7ay ocaklar\u0131<\/strong> i\u00e7in tasarlanan bu model, <strong>y\u00fcksek performans\u0131, dayan\u0131kl\u0131l\u0131\u011f\u0131 ve estetik tasar\u0131m\u0131yla<\/strong> fark yarat\u0131r.<\/p>","protected":false},"excerpt":{"rendered":"<p>Me\u015fale 4 Demlikli Antik Bak\u0131r Me\u015fale Desen Elektrik + Gazl\u0131 Full Otomatik \u00c7ay Kazan\u0131 i\u015fletmeler i\u00e7in tasarlanm\u0131\u015f y\u00fcksek kapasiteli bir \u00e7ay makinesidir. Y\u00fcksek demleme kapasitesiyle h\u0131zl\u0131 servis sa\u011flar; inox g\u00f6vdesiyle dayan\u0131kl\u0131d\u0131r.<\/p>","protected":false},"featured_media":1262,"comment_status":"closed","ping_status":"closed","template":"","meta":[],"product_brand":[7749],"product_cat":[7771],"product_tag":[16,2785,2786,2787,2788,2789,2790,2791,2820,2821,2808,2813,2814,2815,2809,2810,2811,2812,2792,2805,2806,2793,2798,2799,2800,2794,2795,2796,2797,2807,2801,2802,2803,2804,2822,2816,2817,2818,2819,2823,2824,2829,2830,2831,2825,2826,2827,2828,2833,2832],"class_list":{"0":"post-2616","1":"product","2":"type-product","3":"status-publish","4":"has-post-thumbnail","6":"product_brand-mesale","7":"product_cat-cay-kazanlari","8":"product_tag-mesale","9":"product_tag-mesale-4","10":"product_tag-mesale-4-demlikli","11":"product_tag-mesale-4-demlikli-antik","12":"product_tag-mesale-4-demlikli-antik-bakir","13":"product_tag-mesale-4-demlikli-antik-bakir-mesale","14":"product_tag-mesale-4-demlikli-antik-bakir-mesale-desen","15":"product_tag-mesale-4-demlikli-antik-bakir-mesale-desen-elektrik","16":"product_tag-mesale-4-demlikli-antik-bakir-mesale-desen-elektrik-cay","17":"product_tag-mesale-4-demlikli-antik-bakir-mesale-desen-elektrik-cay-kazani","18":"product_tag-mesale-4-demlikli-antik-bakir-mesale-desen-elektrik-full","19":"product_tag-mesale-4-demlikli-antik-bakir-mesale-desen-elektrik-full-cay","20":"product_tag-mesale-4-demlikli-antik-bakir-mesale-desen-elektrik-full-cay-kazani","21":"product_tag-mesale-4-demlikli-antik-bakir-mesale-desen-elektrik-full-kazani","22":"product_tag-mesale-4-demlikli-antik-bakir-mesale-desen-elektrik-full-otomatik","23":"product_tag-mesale-4-demlikli-antik-bakir-mesale-desen-elektrik-full-otomatik-cay","24":"product_tag-mesale-4-demlikli-antik-bakir-mesale-desen-elektrik-full-otomatik-cay-kazani","25":"product_tag-mesale-4-demlikli-antik-bakir-mesale-desen-elektrik-full-otomatik-kazani","26":"product_tag-mesale-4-demlikli-antik-bakir-mesale-desen-elektrik-gazli","27":"product_tag-mesale-4-demlikli-antik-bakir-mesale-desen-elektrik-gazli-cay","28":"product_tag-mesale-4-demlikli-antik-bakir-mesale-desen-elektrik-gazli-cay-kazani","29":"product_tag-mesale-4-demlikli-antik-bakir-mesale-desen-elektrik-gazli-full","30":"product_tag-mesale-4-demlikli-antik-bakir-mesale-desen-elektrik-gazli-full-cay","31":"product_tag-mesale-4-demlikli-antik-bakir-mesale-desen-elektrik-gazli-full-cay-kazani","32":"product_tag-mesale-4-demlikli-antik-bakir-mesale-desen-elektrik-gazli-full-kazani","33":"product_tag-mesale-4-demlikli-antik-bakir-mesale-desen-elektrik-gazli-full-otomatik","34":"product_tag-mesale-4-demlikli-antik-bakir-mesale-desen-elektrik-gazli-full-otomatik-cay","35":"product_tag-mesale-4-demlikli-antik-bakir-mesale-desen-elektrik-gazli-full-otomatik-cay-kazani","36":"product_tag-mesale-4-demlikli-antik-bakir-mesale-desen-elektrik-gazli-full-otomatik-kazani","37":"product_tag-mesale-4-demlikli-antik-bakir-mesale-desen-elektrik-gazli-kazani","38":"product_tag-mesale-4-demlikli-antik-bakir-mesale-desen-elektrik-gazli-otomatik","39":"product_tag-mesale-4-demlikli-antik-bakir-mesale-desen-elektrik-gazli-otomatik-cay","40":"product_tag-mesale-4-demlikli-antik-bakir-mesale-desen-elektrik-gazli-otomatik-cay-kazani","41":"product_tag-mesale-4-demlikli-antik-bakir-mesale-desen-elektrik-gazli-otomatik-kazani","42":"product_tag-mesale-4-demlikli-antik-bakir-mesale-desen-elektrik-kazani","43":"product_tag-mesale-4-demlikli-antik-bakir-mesale-desen-elektrik-otomatik","44":"product_tag-mesale-4-demlikli-antik-bakir-mesale-desen-elektrik-otomatik-cay","45":"product_tag-mesale-4-demlikli-antik-bakir-mesale-desen-elektrik-otomatik-cay-kazani","46":"product_tag-mesale-4-demlikli-antik-bakir-mesale-desen-elektrik-otomatik-kazani","47":"product_tag-mesale-4-demlikli-antik-bakir-mesale-desen-gazli","48":"product_tag-mesale-4-demlikli-antik-bakir-mesale-desen-gazli-full","49":"product_tag-mesale-4-demlikli-antik-bakir-mesale-desen-gazli-full-cay","50":"product_tag-mesale-4-demlikli-antik-bakir-mesale-desen-gazli-full-cay-kazani","51":"product_tag-mesale-4-demlikli-antik-bakir-mesale-desen-gazli-full-kazani","52":"product_tag-mesale-4-demlikli-antik-bakir-mesale-desen-gazli-full-otomatik","53":"product_tag-mesale-4-demlikli-antik-bakir-mesale-desen-gazli-full-otomatik-cay","54":"product_tag-mesale-4-demlikli-antik-bakir-mesale-desen-gazli-full-otomatik-cay-kazani","55":"product_tag-mesale-4-demlikli-antik-bakir-mesale-desen-gazli-full-otomatik-kazani","56":"product_tag-mesale-4-demlikli-antik-bakir-mesale-desen-gazli-otom","57":"product_tag-mesale-4-demlikli-antik-bakir-mesale-desen-gazli-otomatik","58":"pa_borular-bakir","59":"pa_demlik-sayisi-4-demlikli","60":"pa_govde-bakir","61":"pa_ic-hazne-7933","62":"pa_kahve-gozu-ocagi-var","63":"pa_kapasite-4-demlikli","64":"pa_kullanim-sekli-ustten-demlikli","65":"pa_panel-manuel","66":"pa_sac-kalinligi-7938","67":"pa_samandirali-otomatik-su-alma-var","68":"pa_tesisat-hibrit","69":"pa_yalitim-cam","71":"first","72":"instock","73":"sale","74":"taxable","75":"shipping-taxable","76":"purchasable","77":"product-type-simple"},"yoast_head":"<!-- This site is optimized with the Yoast SEO plugin v27.1.1 - https:\/\/yoast.com\/product\/yoast-seo-wordpress\/ -->\n<title>Me\u015fale 4 Demlikli Antik Bak\u0131r Me\u015fale Desen Elektrik + Gazl\u0131 Full Otomatik \u00c7ay Kazan\u0131 | Me\u015fale Store<\/title>\n<meta name=\"description\" content=\"Me\u015fale 4 Demlikli Antik Bak\u0131r Me\u015fale Desen Elektrik + Gazl\u0131 Full Otomatik \u00c7ay Kazan\u0131 i\u015fletmeler i\u00e7in tasarlanm\u0131\u015f y\u00fcksek kapasiteli bir \u00e7ay makinesidir. Y\u00fcksek demleme kapasitesiyle h\u0131zl\u0131 servis sa\u011flar; inox g\u00f6vdesiyle dayan\u0131kl\u0131d\u0131r.\" \/>\n<meta name=\"robots\" content=\"index, follow, max-snippet:-1, max-image-preview:large, max-video-preview:-1\" \/>\n<link rel=\"canonical\" href=\"https:\/\/mesalestore.com\/en\/product\/4-demlikli-antik-bakir-mesale-desen-elektrik-gazli-full-otomatik-cay-kazani-2\/\" \/>\n<meta property=\"og:locale\" content=\"en_US\" \/>\n<meta property=\"og:type\" content=\"article\" \/>\n<meta property=\"og:title\" content=\"Me\u015fale 4 Demlikli Antik Bak\u0131r Me\u015fale Desen Elektrik + Gazl\u0131 Full Otomatik \u00c7ay Kazan\u0131 | Me\u015fale Store\" \/>\n<meta property=\"og:description\" content=\"Me\u015fale 4 Demlikli Antik Bak\u0131r Me\u015fale Desen Elektrik + Gazl\u0131 Full Otomatik \u00c7ay Kazan\u0131 i\u015fletmeler i\u00e7in tasarlanm\u0131\u015f y\u00fcksek kapasiteli bir \u00e7ay makinesidir. Y\u00fcksek demleme kapasitesiyle h\u0131zl\u0131 servis sa\u011flar; inox g\u00f6vdesiyle dayan\u0131kl\u0131d\u0131r.\" \/>\n<meta property=\"og:url\" content=\"https:\/\/mesalestore.com\/en\/product\/4-demlikli-antik-bakir-mesale-desen-elektrik-gazli-full-otomatik-cay-kazani-2\/\" \/>\n<meta property=\"og:site_name\" content=\"Me\u015fale Store\" \/>\n<meta property=\"article:publisher\" content=\"https:\/\/www.facebook.com\/mesalecay\" \/>\n<meta property=\"article:modified_time\" content=\"2026-04-10T21:59:13+00:00\" \/>\n<meta property=\"og:image\" content=\"https:\/\/mesalestore.com\/wp-content\/uploads\/2026\/01\/1_org_zoom-398.jpg\" \/>\n\t<meta property=\"og:image:width\" content=\"1200\" \/>\n\t<meta property=\"og:image:height\" content=\"1800\" \/>\n\t<meta property=\"og:image:type\" content=\"image\/jpeg\" \/>\n<meta name=\"twitter:card\" content=\"summary_large_image\" \/>\n<meta name=\"twitter:site\" content=\"@mesalecaykazan\" \/>\n<meta name=\"twitter:label1\" content=\"Est. reading time\" \/>\n\t<meta name=\"twitter:data1\" content=\"1 minute\" \/>\n<script type=\"application\/ld+json\" class=\"yoast-schema-graph\">{\"@context\":\"https:\/\/schema.org\",\"@graph\":[{\"@type\":\"WebPage\",\"@id\":\"https:\/\/mesalestore.com\/en\/product\/4-demlikli-antik-bakir-mesale-desen-elektrik-gazli-full-otomatik-cay-kazani-2\/\",\"url\":\"https:\/\/mesalestore.com\/en\/product\/4-demlikli-antik-bakir-mesale-desen-elektrik-gazli-full-otomatik-cay-kazani-2\/\",\"name\":\"Me\u015fale 4 Demlikli Antik Bak\u0131r Me\u015fale Desen Elektrik + Gazl\u0131 Full Otomatik \u00c7ay Kazan\u0131 | Me\u015fale Store\",\"isPartOf\":{\"@id\":\"https:\/\/mesalestore.com\/en\/#website\"},\"primaryImageOfPage\":{\"@id\":\"https:\/\/mesalestore.com\/en\/product\/4-demlikli-antik-bakir-mesale-desen-elektrik-gazli-full-otomatik-cay-kazani-2\/#primaryimage\"},\"image\":{\"@id\":\"https:\/\/mesalestore.com\/en\/product\/4-demlikli-antik-bakir-mesale-desen-elektrik-gazli-full-otomatik-cay-kazani-2\/#primaryimage\"},\"thumbnailUrl\":\"https:\/\/mesalestore.com\/wp-content\/uploads\/2026\/01\/1_org_zoom-398.jpg\",\"datePublished\":\"2026-02-09T09:19:48+00:00\",\"dateModified\":\"2026-04-10T21:59:13+00:00\",\"description\":\"Me\u015fale 4 Demlikli Antik Bak\u0131r Me\u015fale Desen Elektrik + Gazl\u0131 Full Otomatik \u00c7ay Kazan\u0131 i\u015fletmeler i\u00e7in tasarlanm\u0131\u015f y\u00fcksek kapasiteli bir \u00e7ay makinesidir. Y\u00fcksek demleme kapasitesiyle h\u0131zl\u0131 servis sa\u011flar; inox g\u00f6vdesiyle dayan\u0131kl\u0131d\u0131r.\",\"breadcrumb\":{\"@id\":\"https:\/\/mesalestore.com\/en\/product\/4-demlikli-antik-bakir-mesale-desen-elektrik-gazli-full-otomatik-cay-kazani-2\/#breadcrumb\"},\"inLanguage\":\"en-US\",\"potentialAction\":[{\"@type\":\"ReadAction\",\"target\":[\"https:\/\/mesalestore.com\/en\/product\/4-demlikli-antik-bakir-mesale-desen-elektrik-gazli-full-otomatik-cay-kazani-2\/\"]}]},{\"@type\":\"ImageObject\",\"inLanguage\":\"en-US\",\"@id\":\"https:\/\/mesalestore.com\/en\/product\/4-demlikli-antik-bakir-mesale-desen-elektrik-gazli-full-otomatik-cay-kazani-2\/#primaryimage\",\"url\":\"https:\/\/mesalestore.com\/wp-content\/uploads\/2026\/01\/1_org_zoom-398.jpg\",\"contentUrl\":\"https:\/\/mesalestore.com\/wp-content\/uploads\/2026\/01\/1_org_zoom-398.jpg\",\"width\":1200,\"height\":1800},{\"@type\":\"BreadcrumbList\",\"@id\":\"https:\/\/mesalestore.com\/en\/product\/4-demlikli-antik-bakir-mesale-desen-elektrik-gazli-full-otomatik-cay-kazani-2\/#breadcrumb\",\"itemListElement\":[{\"@type\":\"ListItem\",\"position\":1,\"name\":\"Anasayfa\",\"item\":\"https:\/\/mesalestore.com\/en\/\"},{\"@type\":\"ListItem\",\"position\":2,\"name\":\"Products\",\"item\":\"https:\/\/mesalestore.com\/en\/shop\/\"},{\"@type\":\"ListItem\",\"position\":3,\"name\":\"Me\u015fale 4 Demlikli Antik Bak\u0131r Me\u015fale Desen Elektrik + Gazl\u0131 Full Otomatik \u00c7ay Kazan\u0131\"}]},{\"@type\":\"WebSite\",\"@id\":\"https:\/\/mesalestore.com\/en\/#website\",\"url\":\"https:\/\/mesalestore.com\/en\/\",\"name\":\"Me\u015fale Store\",\"description\":\"\",\"publisher\":{\"@id\":\"https:\/\/mesalestore.com\/en\/#organization\"},\"potentialAction\":[{\"@type\":\"SearchAction\",\"target\":{\"@type\":\"EntryPoint\",\"urlTemplate\":\"https:\/\/mesalestore.com\/en\/?s={search_term_string}\"},\"query-input\":{\"@type\":\"PropertyValueSpecification\",\"valueRequired\":true,\"valueName\":\"search_term_string\"}}],\"inLanguage\":\"en-US\"},{\"@type\":\"Organization\",\"@id\":\"https:\/\/mesalestore.com\/en\/#organization\",\"name\":\"Me\u015fale Store\",\"url\":\"https:\/\/mesalestore.com\/en\/\",\"logo\":{\"@type\":\"ImageObject\",\"inLanguage\":\"en-US\",\"@id\":\"https:\/\/mesalestore.com\/en\/#\/schema\/logo\/image\/\",\"url\":\"https:\/\/mesalestore.com\/wp-content\/uploads\/2026\/03\/logo-header-yeni-1.webp\",\"contentUrl\":\"https:\/\/mesalestore.com\/wp-content\/uploads\/2026\/03\/logo-header-yeni-1.webp\",\"width\":419,\"height\":147,\"caption\":\"Me\u015fale Store\"},\"image\":{\"@id\":\"https:\/\/mesalestore.com\/en\/#\/schema\/logo\/image\/\"},\"sameAs\":[\"https:\/\/www.facebook.com\/mesalecay\",\"https:\/\/x.com\/mesalecaykazan\",\"https:\/\/www.instagram.com\/mesalecaykazan\/\"]}]}<\/script>\n<!-- \/ Yoast SEO plugin. -->","yoast_head_json":{"title":"Me\u015fale 4 Demlikli Antik Bak\u0131r Me\u015fale Desen Elektrik + Gazl\u0131 Full Otomatik \u00c7ay Kazan\u0131 | Me\u015fale Store","description":"Me\u015fale 4 Demlikli Antik Bak\u0131r Me\u015fale Desen Elektrik + Gazl\u0131 Full Otomatik \u00c7ay Kazan\u0131 i\u015fletmeler i\u00e7in tasarlanm\u0131\u015f y\u00fcksek kapasiteli bir \u00e7ay makinesidir. Y\u00fcksek demleme kapasitesiyle h\u0131zl\u0131 servis sa\u011flar; inox g\u00f6vdesiyle dayan\u0131kl\u0131d\u0131r.","robots":{"index":"index","follow":"follow","max-snippet":"max-snippet:-1","max-image-preview":"max-image-preview:large","max-video-preview":"max-video-preview:-1"},"canonical":"https:\/\/mesalestore.com\/en\/product\/4-demlikli-antik-bakir-mesale-desen-elektrik-gazli-full-otomatik-cay-kazani-2\/","og_locale":"en_US","og_type":"article","og_title":"Me\u015fale 4 Demlikli Antik Bak\u0131r Me\u015fale Desen Elektrik + Gazl\u0131 Full Otomatik \u00c7ay Kazan\u0131 | Me\u015fale Store","og_description":"Me\u015fale 4 Demlikli Antik Bak\u0131r Me\u015fale Desen Elektrik + Gazl\u0131 Full Otomatik \u00c7ay Kazan\u0131 i\u015fletmeler i\u00e7in tasarlanm\u0131\u015f y\u00fcksek kapasiteli bir \u00e7ay makinesidir. Y\u00fcksek demleme kapasitesiyle h\u0131zl\u0131 servis sa\u011flar; inox g\u00f6vdesiyle dayan\u0131kl\u0131d\u0131r.","og_url":"https:\/\/mesalestore.com\/en\/product\/4-demlikli-antik-bakir-mesale-desen-elektrik-gazli-full-otomatik-cay-kazani-2\/","og_site_name":"Me\u015fale Store","article_publisher":"https:\/\/www.facebook.com\/mesalecay","article_modified_time":"2026-04-10T21:59:13+00:00","og_image":[{"width":1200,"height":1800,"url":"https:\/\/mesalestore.com\/wp-content\/uploads\/2026\/01\/1_org_zoom-398.jpg","type":"image\/jpeg"}],"twitter_card":"summary_large_image","twitter_site":"@mesalecaykazan","twitter_misc":{"Est. reading time":"1 minute"},"schema":{"@context":"https:\/\/schema.org","@graph":[{"@type":"WebPage","@id":"https:\/\/mesalestore.com\/en\/product\/4-demlikli-antik-bakir-mesale-desen-elektrik-gazli-full-otomatik-cay-kazani-2\/","url":"https:\/\/mesalestore.com\/en\/product\/4-demlikli-antik-bakir-mesale-desen-elektrik-gazli-full-otomatik-cay-kazani-2\/","name":"Me\u015fale 4 Demlikli Antik Bak\u0131r Me\u015fale Desen Elektrik + Gazl\u0131 Full Otomatik \u00c7ay Kazan\u0131 | Me\u015fale Store","isPartOf":{"@id":"https:\/\/mesalestore.com\/en\/#website"},"primaryImageOfPage":{"@id":"https:\/\/mesalestore.com\/en\/product\/4-demlikli-antik-bakir-mesale-desen-elektrik-gazli-full-otomatik-cay-kazani-2\/#primaryimage"},"image":{"@id":"https:\/\/mesalestore.com\/en\/product\/4-demlikli-antik-bakir-mesale-desen-elektrik-gazli-full-otomatik-cay-kazani-2\/#primaryimage"},"thumbnailUrl":"https:\/\/mesalestore.com\/wp-content\/uploads\/2026\/01\/1_org_zoom-398.jpg","datePublished":"2026-02-09T09:19:48+00:00","dateModified":"2026-04-10T21:59:13+00:00","description":"Me\u015fale 4 Demlikli Antik Bak\u0131r Me\u015fale Desen Elektrik + Gazl\u0131 Full Otomatik \u00c7ay Kazan\u0131 i\u015fletmeler i\u00e7in tasarlanm\u0131\u015f y\u00fcksek kapasiteli bir \u00e7ay makinesidir. Y\u00fcksek demleme kapasitesiyle h\u0131zl\u0131 servis sa\u011flar; inox g\u00f6vdesiyle dayan\u0131kl\u0131d\u0131r.","breadcrumb":{"@id":"https:\/\/mesalestore.com\/en\/product\/4-demlikli-antik-bakir-mesale-desen-elektrik-gazli-full-otomatik-cay-kazani-2\/#breadcrumb"},"inLanguage":"en-US","potentialAction":[{"@type":"ReadAction","target":["https:\/\/mesalestore.com\/en\/product\/4-demlikli-antik-bakir-mesale-desen-elektrik-gazli-full-otomatik-cay-kazani-2\/"]}]},{"@type":"ImageObject","inLanguage":"en-US","@id":"https:\/\/mesalestore.com\/en\/product\/4-demlikli-antik-bakir-mesale-desen-elektrik-gazli-full-otomatik-cay-kazani-2\/#primaryimage","url":"https:\/\/mesalestore.com\/wp-content\/uploads\/2026\/01\/1_org_zoom-398.jpg","contentUrl":"https:\/\/mesalestore.com\/wp-content\/uploads\/2026\/01\/1_org_zoom-398.jpg","width":1200,"height":1800},{"@type":"BreadcrumbList","@id":"https:\/\/mesalestore.com\/en\/product\/4-demlikli-antik-bakir-mesale-desen-elektrik-gazli-full-otomatik-cay-kazani-2\/#breadcrumb","itemListElement":[{"@type":"ListItem","position":1,"name":"Anasayfa","item":"https:\/\/mesalestore.com\/en\/"},{"@type":"ListItem","position":2,"name":"Products","item":"https:\/\/mesalestore.com\/en\/shop\/"},{"@type":"ListItem","position":3,"name":"Me\u015fale 4 Demlikli Antik Bak\u0131r Me\u015fale Desen Elektrik + Gazl\u0131 Full Otomatik \u00c7ay Kazan\u0131"}]},{"@type":"WebSite","@id":"https:\/\/mesalestore.com\/en\/#website","url":"https:\/\/mesalestore.com\/en\/","name":"Me\u015fale Store","description":"","publisher":{"@id":"https:\/\/mesalestore.com\/en\/#organization"},"potentialAction":[{"@type":"SearchAction","target":{"@type":"EntryPoint","urlTemplate":"https:\/\/mesalestore.com\/en\/?s={search_term_string}"},"query-input":{"@type":"PropertyValueSpecification","valueRequired":true,"valueName":"search_term_string"}}],"inLanguage":"en-US"},{"@type":"Organization","@id":"https:\/\/mesalestore.com\/en\/#organization","name":"Me\u015fale Store","url":"https:\/\/mesalestore.com\/en\/","logo":{"@type":"ImageObject","inLanguage":"en-US","@id":"https:\/\/mesalestore.com\/en\/#\/schema\/logo\/image\/","url":"https:\/\/mesalestore.com\/wp-content\/uploads\/2026\/03\/logo-header-yeni-1.webp","contentUrl":"https:\/\/mesalestore.com\/wp-content\/uploads\/2026\/03\/logo-header-yeni-1.webp","width":419,"height":147,"caption":"Me\u015fale Store"},"image":{"@id":"https:\/\/mesalestore.com\/en\/#\/schema\/logo\/image\/"},"sameAs":["https:\/\/www.facebook.com\/mesalecay","https:\/\/x.com\/mesalecaykazan","https:\/\/www.instagram.com\/mesalecaykazan\/"]}]}},"_links":{"self":[{"href":"https:\/\/mesalestore.com\/en\/wp-json\/wp\/v2\/product\/2616","targetHints":{"allow":["GET"]}}],"collection":[{"href":"https:\/\/mesalestore.com\/en\/wp-json\/wp\/v2\/product"}],"about":[{"href":"https:\/\/mesalestore.com\/en\/wp-json\/wp\/v2\/types\/product"}],"replies":[{"embeddable":true,"href":"https:\/\/mesalestore.com\/en\/wp-json\/wp\/v2\/comments?post=2616"}],"wp:featuredmedia":[{"embeddable":true,"href":"https:\/\/mesalestore.com\/en\/wp-json\/wp\/v2\/media\/1262"}],"wp:attachment":[{"href":"https:\/\/mesalestore.com\/en\/wp-json\/wp\/v2\/media?parent=2616"}],"wp:term":[{"taxonomy":"product_brand","embeddable":true,"href":"https:\/\/mesalestore.com\/en\/wp-json\/wp\/v2\/product_brand?post=2616"},{"taxonomy":"product_cat","embeddable":true,"href":"https:\/\/mesalestore.com\/en\/wp-json\/wp\/v2\/product_cat?post=2616"},{"taxonomy":"product_tag","embeddable":true,"href":"https:\/\/mesalestore.com\/en\/wp-json\/wp\/v2\/product_tag?post=2616"}],"curies":[{"name":"wp","href":"https:\/\/api.w.org\/{rel}","templated":true}]}}