{"id":2615,"date":"2026-02-09T12:19:47","date_gmt":"2026-02-09T09:19:47","guid":{"rendered":"http:\/\/mesalestore.com\/product\/3-demlikli-antik-bakir-otantik-elektrik-gazli-full-otomatik-cay-kazani\/"},"modified":"2026-04-11T00:59:14","modified_gmt":"2026-04-10T21:59:14","slug":"3-demlikli-antik-bakir-otantik-elektrik-gazli-full-otomatik-cay-kazani","status":"publish","type":"product","link":"https:\/\/mesalestore.com\/en\/product\/3-demlikli-antik-bakir-otantik-elektrik-gazli-full-otomatik-cay-kazani\/","title":{"rendered":"Me\u015fale 3 Demlikli Antik Bak\u0131r Otantik Elektrik + Gazl\u0131 Full Otomatik \u00c7ay Kazan\u0131"},"content":{"rendered":"<p>Me\u015fale 3 Demlikli Antik Bak\u0131r Otantik Elektrik + Gazl\u0131 Full Otomatik \u00c7ay Kazan\u0131, <strong>geleneksel otantik tasar\u0131m\u0131<\/strong> ve <strong>modern teknolojiyi<\/strong> birle\u015ftirerek <strong>\u00e7ay demleme deneyimini m\u00fckemmel hale getiriyor<\/strong>. <strong>Antik bak\u0131r kaplama<\/strong>, otantik i\u015flemelerle s\u00fcslenmi\u015f <strong>estetik d\u0131\u015f y\u00fczeyi<\/strong> sayesinde i\u015fletmelere <strong>\u015f\u0131k ve nostaljik bir hava<\/strong> kat\u0131yor.<\/p>\n<p>Bu \u00e7ay kazan\u0131, <strong>hem elektrik hem de gazl\u0131 kullan\u0131m imk\u00e2n\u0131<\/strong> sunarak farkl\u0131 enerji kaynaklar\u0131na uyum sa\u011flar. <strong>Full otomatik s\u0131cakl\u0131k kontrol\u00fc<\/strong> sayesinde suyun <strong>ideal \u0131s\u0131da kalmas\u0131n\u0131<\/strong> sa\u011flayarak her zaman <strong>m\u00fckemmel demlenmi\u015f \u00e7ay<\/strong> sunar. <strong>\u00dc\u00e7 demlikli yap\u0131s\u0131<\/strong>, farkl\u0131 \u00e7ay t\u00fcrlerinin ayn\u0131 anda haz\u0131rlanmas\u0131na olanak tan\u0131rken, <strong>geni\u015f su haznesi<\/strong> sayesinde uzun s\u00fcre kesintisiz kullan\u0131m sa\u011flar.<\/p>\n<p><strong>Dayan\u0131kl\u0131 paslanmaz i\u00e7 hazne<\/strong>, hijyenik ve uzun \u00f6m\u00fcrl\u00fc bir kullan\u0131m sunarken, <strong>enerji tasarruflu sistemi<\/strong> sayesinde i\u015fletmenize <strong>ekonomik avantaj sa\u011flar<\/strong>. <strong>Kafeler, restoranlar, \u00e7ay ocaklar\u0131 ve toplu t\u00fcketim alanlar\u0131<\/strong> i\u00e7in ideal olan Me\u015fale 3 Demlikli Antik Bak\u0131r Otantik Elektrik + Gazl\u0131 Full Otomatik \u00c7ay Kazan\u0131, <strong>\u015f\u0131k ve fonksiyonel yap\u0131s\u0131yla<\/strong> \u00e7ay servisini bir \u00fcst seviyeye ta\u015f\u0131yor.<\/p>","protected":false},"excerpt":{"rendered":"<p>Me\u015fale 3 Demlikli Antik Bak\u0131r Otantik Elektrik + Gazl\u0131 Full Otomatik \u00c7ay Kazan\u0131 i\u015fletmeler i\u00e7in tasarlanm\u0131\u015f y\u00fcksek kapasiteli bir \u00e7ay makinesidir. Y\u00fcksek demleme kapasitesiyle h\u0131zl\u0131 servis sa\u011flar; inox g\u00f6vdesiyle dayan\u0131kl\u0131d\u0131r.<\/p>","protected":false},"featured_media":1258,"comment_status":"closed","ping_status":"closed","template":"","meta":[],"product_brand":[7749],"product_cat":[7771],"product_tag":[16,783,784,785,786,4039,4040,4069,4070,4057,4062,4063,4064,4058,4059,4060,4061,4041,4054,4055,4042,4047,4048,4049,4043,4044,4045,4046,4056,4050,4051,4052,4053,4071,4065,4066,4067,4068,4072,4073,4078,4079,4080,4074,4075,4076,4077,4081,4082,4083],"class_list":{"0":"post-2615","1":"product","2":"type-product","3":"status-publish","4":"has-post-thumbnail","6":"product_brand-mesale","7":"product_cat-cay-kazanlari","8":"product_tag-mesale","9":"product_tag-mesale-3","10":"product_tag-mesale-3-demlikli","11":"product_tag-mesale-3-demlikli-antik","12":"product_tag-mesale-3-demlikli-antik-bakir","13":"product_tag-mesale-3-demlikli-antik-bakir-otantik","14":"product_tag-mesale-3-demlikli-antik-bakir-otantik-elektrik","15":"product_tag-mesale-3-demlikli-antik-bakir-otantik-elektrik-cay","16":"product_tag-mesale-3-demlikli-antik-bakir-otantik-elektrik-cay-kazani","17":"product_tag-mesale-3-demlikli-antik-bakir-otantik-elektrik-full","18":"product_tag-mesale-3-demlikli-antik-bakir-otantik-elektrik-full-cay","19":"product_tag-mesale-3-demlikli-antik-bakir-otantik-elektrik-full-cay-kazani","20":"product_tag-mesale-3-demlikli-antik-bakir-otantik-elektrik-full-kazani","21":"product_tag-mesale-3-demlikli-antik-bakir-otantik-elektrik-full-otomatik","22":"product_tag-mesale-3-demlikli-antik-bakir-otantik-elektrik-full-otomatik-cay","23":"product_tag-mesale-3-demlikli-antik-bakir-otantik-elektrik-full-otomatik-cay-kazani","24":"product_tag-mesale-3-demlikli-antik-bakir-otantik-elektrik-full-otomatik-kazani","25":"product_tag-mesale-3-demlikli-antik-bakir-otantik-elektrik-gazli","26":"product_tag-mesale-3-demlikli-antik-bakir-otantik-elektrik-gazli-cay","27":"product_tag-mesale-3-demlikli-antik-bakir-otantik-elektrik-gazli-cay-kazani","28":"product_tag-mesale-3-demlikli-antik-bakir-otantik-elektrik-gazli-full","29":"product_tag-mesale-3-demlikli-antik-bakir-otantik-elektrik-gazli-full-cay","30":"product_tag-mesale-3-demlikli-antik-bakir-otantik-elektrik-gazli-full-cay-kazani","31":"product_tag-mesale-3-demlikli-antik-bakir-otantik-elektrik-gazli-full-kazani","32":"product_tag-mesale-3-demlikli-antik-bakir-otantik-elektrik-gazli-full-otomatik","33":"product_tag-mesale-3-demlikli-antik-bakir-otantik-elektrik-gazli-full-otomatik-cay","34":"product_tag-mesale-3-demlikli-antik-bakir-otantik-elektrik-gazli-full-otomatik-cay-kazani","35":"product_tag-mesale-3-demlikli-antik-bakir-otantik-elektrik-gazli-full-otomatik-kazani","36":"product_tag-mesale-3-demlikli-antik-bakir-otantik-elektrik-gazli-kazani","37":"product_tag-mesale-3-demlikli-antik-bakir-otantik-elektrik-gazli-otomatik","38":"product_tag-mesale-3-demlikli-antik-bakir-otantik-elektrik-gazli-otomatik-cay","39":"product_tag-mesale-3-demlikli-antik-bakir-otantik-elektrik-gazli-otomatik-cay-kazani","40":"product_tag-mesale-3-demlikli-antik-bakir-otantik-elektrik-gazli-otomatik-kazani","41":"product_tag-mesale-3-demlikli-antik-bakir-otantik-elektrik-kazani","42":"product_tag-mesale-3-demlikli-antik-bakir-otantik-elektrik-otomatik","43":"product_tag-mesale-3-demlikli-antik-bakir-otantik-elektrik-otomatik-cay","44":"product_tag-mesale-3-demlikli-antik-bakir-otantik-elektrik-otomatik-cay-kazani","45":"product_tag-mesale-3-demlikli-antik-bakir-otantik-elektrik-otomatik-kazani","46":"product_tag-mesale-3-demlikli-antik-bakir-otantik-gazli","47":"product_tag-mesale-3-demlikli-antik-bakir-otantik-gazli-full","48":"product_tag-mesale-3-demlikli-antik-bakir-otantik-gazli-full-cay","49":"product_tag-mesale-3-demlikli-antik-bakir-otantik-gazli-full-cay-kazani","50":"product_tag-mesale-3-demlikli-antik-bakir-otantik-gazli-full-kazani","51":"product_tag-mesale-3-demlikli-antik-bakir-otantik-gazli-full-otomatik","52":"product_tag-mesale-3-demlikli-antik-bakir-otantik-gazli-full-otomatik-cay","53":"product_tag-mesale-3-demlikli-antik-bakir-otantik-gazli-full-otomatik-cay-kazani","54":"product_tag-mesale-3-demlikli-antik-bakir-otantik-gazli-full-otomatik-kazani","55":"product_tag-mesale-3-demlikli-antik-bakir-otantik-gazli-otomatik","56":"product_tag-mesale-3-demlikli-antik-bakir-otantik-gazli-otomatik-cay","57":"product_tag-mesale-3-demlikli-antik-bakir-otantik-gazli-otomatik-cay-kazani","58":"pa_borular-bakir","59":"pa_demlik-sayisi-3-demlikli","60":"pa_govde-bakir","61":"pa_ic-hazne-7933","62":"pa_kahve-gozu-ocagi-var","63":"pa_kapasite-3-demlikli","64":"pa_kullanim-sekli-ustten-demlikli","65":"pa_panel-manuel","66":"pa_sac-kalinligi-7938","67":"pa_samandirali-otomatik-su-alma-var","68":"pa_tesisat-hibrit","69":"pa_yalitim-cam","71":"first","72":"instock","73":"taxable","74":"shipping-taxable","75":"purchasable","76":"product-type-simple"},"yoast_head":"<!-- This site is optimized with the Yoast SEO plugin v27.1.1 - https:\/\/yoast.com\/product\/yoast-seo-wordpress\/ -->\n<title>Me\u015fale 3 Demlikli Antik Bak\u0131r Otantik Elektrik + Gazl\u0131 Full Otomatik \u00c7ay Kazan\u0131 | Me\u015fale Store<\/title>\n<meta name=\"description\" content=\"Me\u015fale 3 Demlikli Antik Bak\u0131r Otantik Elektrik + Gazl\u0131 Full Otomatik \u00c7ay Kazan\u0131 i\u015fletmeler i\u00e7in tasarlanm\u0131\u015f y\u00fcksek kapasiteli bir \u00e7ay makinesidir. Y\u00fcksek demleme kapasitesiyle h\u0131zl\u0131 servis sa\u011flar; inox g\u00f6vdesiyle dayan\u0131kl\u0131d\u0131r.\" \/>\n<meta name=\"robots\" content=\"index, follow, max-snippet:-1, max-image-preview:large, max-video-preview:-1\" \/>\n<link rel=\"canonical\" href=\"https:\/\/mesalestore.com\/en\/product\/3-demlikli-antik-bakir-otantik-elektrik-gazli-full-otomatik-cay-kazani\/\" \/>\n<meta property=\"og:locale\" content=\"en_US\" \/>\n<meta property=\"og:type\" content=\"article\" \/>\n<meta property=\"og:title\" content=\"Me\u015fale 3 Demlikli Antik Bak\u0131r Otantik Elektrik + Gazl\u0131 Full Otomatik \u00c7ay Kazan\u0131 | Me\u015fale Store\" \/>\n<meta property=\"og:description\" content=\"Me\u015fale 3 Demlikli Antik Bak\u0131r Otantik Elektrik + Gazl\u0131 Full Otomatik \u00c7ay Kazan\u0131 i\u015fletmeler i\u00e7in tasarlanm\u0131\u015f y\u00fcksek kapasiteli bir \u00e7ay makinesidir. Y\u00fcksek demleme kapasitesiyle h\u0131zl\u0131 servis sa\u011flar; inox g\u00f6vdesiyle dayan\u0131kl\u0131d\u0131r.\" \/>\n<meta property=\"og:url\" content=\"https:\/\/mesalestore.com\/en\/product\/3-demlikli-antik-bakir-otantik-elektrik-gazli-full-otomatik-cay-kazani\/\" \/>\n<meta property=\"og:site_name\" content=\"Me\u015fale Store\" \/>\n<meta property=\"article:publisher\" content=\"https:\/\/www.facebook.com\/mesalecay\" \/>\n<meta property=\"article:modified_time\" content=\"2026-04-10T21:59:14+00:00\" \/>\n<meta property=\"og:image\" content=\"https:\/\/mesalestore.com\/wp-content\/uploads\/2026\/01\/1_org_zoom-396.jpg\" \/>\n\t<meta property=\"og:image:width\" content=\"1200\" \/>\n\t<meta property=\"og:image:height\" content=\"1800\" \/>\n\t<meta property=\"og:image:type\" content=\"image\/jpeg\" \/>\n<meta name=\"twitter:card\" content=\"summary_large_image\" \/>\n<meta name=\"twitter:site\" content=\"@mesalecaykazan\" \/>\n<meta name=\"twitter:label1\" content=\"Est. reading time\" \/>\n\t<meta name=\"twitter:data1\" content=\"2 minutes\" \/>\n<script type=\"application\/ld+json\" class=\"yoast-schema-graph\">{\"@context\":\"https:\/\/schema.org\",\"@graph\":[{\"@type\":\"WebPage\",\"@id\":\"https:\/\/mesalestore.com\/en\/product\/3-demlikli-antik-bakir-otantik-elektrik-gazli-full-otomatik-cay-kazani\/\",\"url\":\"https:\/\/mesalestore.com\/en\/product\/3-demlikli-antik-bakir-otantik-elektrik-gazli-full-otomatik-cay-kazani\/\",\"name\":\"Me\u015fale 3 Demlikli Antik Bak\u0131r Otantik Elektrik + Gazl\u0131 Full Otomatik \u00c7ay Kazan\u0131 | Me\u015fale Store\",\"isPartOf\":{\"@id\":\"https:\/\/mesalestore.com\/en\/#website\"},\"primaryImageOfPage\":{\"@id\":\"https:\/\/mesalestore.com\/en\/product\/3-demlikli-antik-bakir-otantik-elektrik-gazli-full-otomatik-cay-kazani\/#primaryimage\"},\"image\":{\"@id\":\"https:\/\/mesalestore.com\/en\/product\/3-demlikli-antik-bakir-otantik-elektrik-gazli-full-otomatik-cay-kazani\/#primaryimage\"},\"thumbnailUrl\":\"https:\/\/mesalestore.com\/wp-content\/uploads\/2026\/01\/1_org_zoom-396.jpg\",\"datePublished\":\"2026-02-09T09:19:47+00:00\",\"dateModified\":\"2026-04-10T21:59:14+00:00\",\"description\":\"Me\u015fale 3 Demlikli Antik Bak\u0131r Otantik Elektrik + Gazl\u0131 Full Otomatik \u00c7ay Kazan\u0131 i\u015fletmeler i\u00e7in tasarlanm\u0131\u015f y\u00fcksek kapasiteli bir \u00e7ay makinesidir. Y\u00fcksek demleme kapasitesiyle h\u0131zl\u0131 servis sa\u011flar; inox g\u00f6vdesiyle dayan\u0131kl\u0131d\u0131r.\",\"breadcrumb\":{\"@id\":\"https:\/\/mesalestore.com\/en\/product\/3-demlikli-antik-bakir-otantik-elektrik-gazli-full-otomatik-cay-kazani\/#breadcrumb\"},\"inLanguage\":\"en-US\",\"potentialAction\":[{\"@type\":\"ReadAction\",\"target\":[\"https:\/\/mesalestore.com\/en\/product\/3-demlikli-antik-bakir-otantik-elektrik-gazli-full-otomatik-cay-kazani\/\"]}]},{\"@type\":\"ImageObject\",\"inLanguage\":\"en-US\",\"@id\":\"https:\/\/mesalestore.com\/en\/product\/3-demlikli-antik-bakir-otantik-elektrik-gazli-full-otomatik-cay-kazani\/#primaryimage\",\"url\":\"https:\/\/mesalestore.com\/wp-content\/uploads\/2026\/01\/1_org_zoom-396.jpg\",\"contentUrl\":\"https:\/\/mesalestore.com\/wp-content\/uploads\/2026\/01\/1_org_zoom-396.jpg\",\"width\":1200,\"height\":1800},{\"@type\":\"BreadcrumbList\",\"@id\":\"https:\/\/mesalestore.com\/en\/product\/3-demlikli-antik-bakir-otantik-elektrik-gazli-full-otomatik-cay-kazani\/#breadcrumb\",\"itemListElement\":[{\"@type\":\"ListItem\",\"position\":1,\"name\":\"Anasayfa\",\"item\":\"https:\/\/mesalestore.com\/en\/\"},{\"@type\":\"ListItem\",\"position\":2,\"name\":\"Products\",\"item\":\"https:\/\/mesalestore.com\/en\/shop\/\"},{\"@type\":\"ListItem\",\"position\":3,\"name\":\"Me\u015fale 3 Demlikli Antik Bak\u0131r Otantik Elektrik + Gazl\u0131 Full Otomatik \u00c7ay Kazan\u0131\"}]},{\"@type\":\"WebSite\",\"@id\":\"https:\/\/mesalestore.com\/en\/#website\",\"url\":\"https:\/\/mesalestore.com\/en\/\",\"name\":\"Me\u015fale Store\",\"description\":\"\",\"publisher\":{\"@id\":\"https:\/\/mesalestore.com\/en\/#organization\"},\"potentialAction\":[{\"@type\":\"SearchAction\",\"target\":{\"@type\":\"EntryPoint\",\"urlTemplate\":\"https:\/\/mesalestore.com\/en\/?s={search_term_string}\"},\"query-input\":{\"@type\":\"PropertyValueSpecification\",\"valueRequired\":true,\"valueName\":\"search_term_string\"}}],\"inLanguage\":\"en-US\"},{\"@type\":\"Organization\",\"@id\":\"https:\/\/mesalestore.com\/en\/#organization\",\"name\":\"Me\u015fale Store\",\"url\":\"https:\/\/mesalestore.com\/en\/\",\"logo\":{\"@type\":\"ImageObject\",\"inLanguage\":\"en-US\",\"@id\":\"https:\/\/mesalestore.com\/en\/#\/schema\/logo\/image\/\",\"url\":\"https:\/\/mesalestore.com\/wp-content\/uploads\/2026\/03\/logo-header-yeni-1.webp\",\"contentUrl\":\"https:\/\/mesalestore.com\/wp-content\/uploads\/2026\/03\/logo-header-yeni-1.webp\",\"width\":419,\"height\":147,\"caption\":\"Me\u015fale Store\"},\"image\":{\"@id\":\"https:\/\/mesalestore.com\/en\/#\/schema\/logo\/image\/\"},\"sameAs\":[\"https:\/\/www.facebook.com\/mesalecay\",\"https:\/\/x.com\/mesalecaykazan\",\"https:\/\/www.instagram.com\/mesalecaykazan\/\"]}]}<\/script>\n<!-- \/ Yoast SEO plugin. -->","yoast_head_json":{"title":"Me\u015fale 3 Demlikli Antik Bak\u0131r Otantik Elektrik + Gazl\u0131 Full Otomatik \u00c7ay Kazan\u0131 | Me\u015fale Store","description":"Me\u015fale 3 Demlikli Antik Bak\u0131r Otantik Elektrik + Gazl\u0131 Full Otomatik \u00c7ay Kazan\u0131 i\u015fletmeler i\u00e7in tasarlanm\u0131\u015f y\u00fcksek kapasiteli bir \u00e7ay makinesidir. Y\u00fcksek demleme kapasitesiyle h\u0131zl\u0131 servis sa\u011flar; inox g\u00f6vdesiyle dayan\u0131kl\u0131d\u0131r.","robots":{"index":"index","follow":"follow","max-snippet":"max-snippet:-1","max-image-preview":"max-image-preview:large","max-video-preview":"max-video-preview:-1"},"canonical":"https:\/\/mesalestore.com\/en\/product\/3-demlikli-antik-bakir-otantik-elektrik-gazli-full-otomatik-cay-kazani\/","og_locale":"en_US","og_type":"article","og_title":"Me\u015fale 3 Demlikli Antik Bak\u0131r Otantik Elektrik + Gazl\u0131 Full Otomatik \u00c7ay Kazan\u0131 | Me\u015fale Store","og_description":"Me\u015fale 3 Demlikli Antik Bak\u0131r Otantik Elektrik + Gazl\u0131 Full Otomatik \u00c7ay Kazan\u0131 i\u015fletmeler i\u00e7in tasarlanm\u0131\u015f y\u00fcksek kapasiteli bir \u00e7ay makinesidir. Y\u00fcksek demleme kapasitesiyle h\u0131zl\u0131 servis sa\u011flar; inox g\u00f6vdesiyle dayan\u0131kl\u0131d\u0131r.","og_url":"https:\/\/mesalestore.com\/en\/product\/3-demlikli-antik-bakir-otantik-elektrik-gazli-full-otomatik-cay-kazani\/","og_site_name":"Me\u015fale Store","article_publisher":"https:\/\/www.facebook.com\/mesalecay","article_modified_time":"2026-04-10T21:59:14+00:00","og_image":[{"width":1200,"height":1800,"url":"https:\/\/mesalestore.com\/wp-content\/uploads\/2026\/01\/1_org_zoom-396.jpg","type":"image\/jpeg"}],"twitter_card":"summary_large_image","twitter_site":"@mesalecaykazan","twitter_misc":{"Est. reading time":"2 minutes"},"schema":{"@context":"https:\/\/schema.org","@graph":[{"@type":"WebPage","@id":"https:\/\/mesalestore.com\/en\/product\/3-demlikli-antik-bakir-otantik-elektrik-gazli-full-otomatik-cay-kazani\/","url":"https:\/\/mesalestore.com\/en\/product\/3-demlikli-antik-bakir-otantik-elektrik-gazli-full-otomatik-cay-kazani\/","name":"Me\u015fale 3 Demlikli Antik Bak\u0131r Otantik Elektrik + Gazl\u0131 Full Otomatik \u00c7ay Kazan\u0131 | Me\u015fale Store","isPartOf":{"@id":"https:\/\/mesalestore.com\/en\/#website"},"primaryImageOfPage":{"@id":"https:\/\/mesalestore.com\/en\/product\/3-demlikli-antik-bakir-otantik-elektrik-gazli-full-otomatik-cay-kazani\/#primaryimage"},"image":{"@id":"https:\/\/mesalestore.com\/en\/product\/3-demlikli-antik-bakir-otantik-elektrik-gazli-full-otomatik-cay-kazani\/#primaryimage"},"thumbnailUrl":"https:\/\/mesalestore.com\/wp-content\/uploads\/2026\/01\/1_org_zoom-396.jpg","datePublished":"2026-02-09T09:19:47+00:00","dateModified":"2026-04-10T21:59:14+00:00","description":"Me\u015fale 3 Demlikli Antik Bak\u0131r Otantik Elektrik + Gazl\u0131 Full Otomatik \u00c7ay Kazan\u0131 i\u015fletmeler i\u00e7in tasarlanm\u0131\u015f y\u00fcksek kapasiteli bir \u00e7ay makinesidir. Y\u00fcksek demleme kapasitesiyle h\u0131zl\u0131 servis sa\u011flar; inox g\u00f6vdesiyle dayan\u0131kl\u0131d\u0131r.","breadcrumb":{"@id":"https:\/\/mesalestore.com\/en\/product\/3-demlikli-antik-bakir-otantik-elektrik-gazli-full-otomatik-cay-kazani\/#breadcrumb"},"inLanguage":"en-US","potentialAction":[{"@type":"ReadAction","target":["https:\/\/mesalestore.com\/en\/product\/3-demlikli-antik-bakir-otantik-elektrik-gazli-full-otomatik-cay-kazani\/"]}]},{"@type":"ImageObject","inLanguage":"en-US","@id":"https:\/\/mesalestore.com\/en\/product\/3-demlikli-antik-bakir-otantik-elektrik-gazli-full-otomatik-cay-kazani\/#primaryimage","url":"https:\/\/mesalestore.com\/wp-content\/uploads\/2026\/01\/1_org_zoom-396.jpg","contentUrl":"https:\/\/mesalestore.com\/wp-content\/uploads\/2026\/01\/1_org_zoom-396.jpg","width":1200,"height":1800},{"@type":"BreadcrumbList","@id":"https:\/\/mesalestore.com\/en\/product\/3-demlikli-antik-bakir-otantik-elektrik-gazli-full-otomatik-cay-kazani\/#breadcrumb","itemListElement":[{"@type":"ListItem","position":1,"name":"Anasayfa","item":"https:\/\/mesalestore.com\/en\/"},{"@type":"ListItem","position":2,"name":"Products","item":"https:\/\/mesalestore.com\/en\/shop\/"},{"@type":"ListItem","position":3,"name":"Me\u015fale 3 Demlikli Antik Bak\u0131r Otantik Elektrik + Gazl\u0131 Full Otomatik \u00c7ay Kazan\u0131"}]},{"@type":"WebSite","@id":"https:\/\/mesalestore.com\/en\/#website","url":"https:\/\/mesalestore.com\/en\/","name":"Me\u015fale Store","description":"","publisher":{"@id":"https:\/\/mesalestore.com\/en\/#organization"},"potentialAction":[{"@type":"SearchAction","target":{"@type":"EntryPoint","urlTemplate":"https:\/\/mesalestore.com\/en\/?s={search_term_string}"},"query-input":{"@type":"PropertyValueSpecification","valueRequired":true,"valueName":"search_term_string"}}],"inLanguage":"en-US"},{"@type":"Organization","@id":"https:\/\/mesalestore.com\/en\/#organization","name":"Me\u015fale Store","url":"https:\/\/mesalestore.com\/en\/","logo":{"@type":"ImageObject","inLanguage":"en-US","@id":"https:\/\/mesalestore.com\/en\/#\/schema\/logo\/image\/","url":"https:\/\/mesalestore.com\/wp-content\/uploads\/2026\/03\/logo-header-yeni-1.webp","contentUrl":"https:\/\/mesalestore.com\/wp-content\/uploads\/2026\/03\/logo-header-yeni-1.webp","width":419,"height":147,"caption":"Me\u015fale Store"},"image":{"@id":"https:\/\/mesalestore.com\/en\/#\/schema\/logo\/image\/"},"sameAs":["https:\/\/www.facebook.com\/mesalecay","https:\/\/x.com\/mesalecaykazan","https:\/\/www.instagram.com\/mesalecaykazan\/"]}]}},"_links":{"self":[{"href":"https:\/\/mesalestore.com\/en\/wp-json\/wp\/v2\/product\/2615","targetHints":{"allow":["GET"]}}],"collection":[{"href":"https:\/\/mesalestore.com\/en\/wp-json\/wp\/v2\/product"}],"about":[{"href":"https:\/\/mesalestore.com\/en\/wp-json\/wp\/v2\/types\/product"}],"replies":[{"embeddable":true,"href":"https:\/\/mesalestore.com\/en\/wp-json\/wp\/v2\/comments?post=2615"}],"wp:featuredmedia":[{"embeddable":true,"href":"https:\/\/mesalestore.com\/en\/wp-json\/wp\/v2\/media\/1258"}],"wp:attachment":[{"href":"https:\/\/mesalestore.com\/en\/wp-json\/wp\/v2\/media?parent=2615"}],"wp:term":[{"taxonomy":"product_brand","embeddable":true,"href":"https:\/\/mesalestore.com\/en\/wp-json\/wp\/v2\/product_brand?post=2615"},{"taxonomy":"product_cat","embeddable":true,"href":"https:\/\/mesalestore.com\/en\/wp-json\/wp\/v2\/product_cat?post=2615"},{"taxonomy":"product_tag","embeddable":true,"href":"https:\/\/mesalestore.com\/en\/wp-json\/wp\/v2\/product_tag?post=2615"}],"curies":[{"name":"wp","href":"https:\/\/api.w.org\/{rel}","templated":true}]}}