{"id":2614,"date":"2026-02-09T12:19:47","date_gmt":"2026-02-09T09:19:47","guid":{"rendered":"http:\/\/mesalestore.com\/product\/1-demlikli-antik-bakir-yildiz-elektrik-gazli-cay-kazani\/"},"modified":"2026-04-11T00:59:14","modified_gmt":"2026-04-10T21:59:14","slug":"1-demlikli-antik-bakir-yildiz-elektrik-gazli-cay-kazani","status":"publish","type":"product","link":"https:\/\/mesalestore.com\/en\/product\/1-demlikli-antik-bakir-yildiz-elektrik-gazli-cay-kazani\/","title":{"rendered":"Me\u015fale 1 Demlikli Antik Bak\u0131r Y\u0131ld\u0131z Elektrik + Gazl\u0131 \u00c7ay Kazan\u0131"},"content":{"rendered":"<p><strong>Me\u015fale 1 Demlikli Antik Bak\u0131r Y\u0131ld\u0131z Elektrik + Gazl\u0131 \u00c7ay Kazan\u0131<\/strong>, hem estetik hem de i\u015flevsel \u00f6zellikleriyle \u00f6ne \u00e7\u0131kar. <strong>Antik bak\u0131r<\/strong> tasar\u0131m\u0131, \u015f\u0131k bir g\u00f6r\u00fcn\u00fcm sunarken <strong>y\u0131ld\u0131z desenleri<\/strong> de zarif bir detay sa\u011flar. <strong>Elektrikli ve gazl\u0131 \u00e7ay kazan\u0131<\/strong> modelleriyle her t\u00fcrl\u00fc enerji kayna\u011f\u0131na uygun kullan\u0131m sunar, i\u015fletmelerin enerji maliyetlerini d\u00fc\u015f\u00fcrmelerine yard\u0131mc\u0131 olur. <strong>Full otomatik \u00e7ay kazan\u0131<\/strong> \u00f6zelli\u011fi sayesinde, \u00e7ay haz\u0131rlama s\u00fcreci h\u0131zl\u0131 ve verimli bir \u015fekilde tamamlan\u0131r.<\/p>\n<p><strong>Me\u015fale 1 Demlikli \u00c7ay Kazan\u0131<\/strong>, y\u00fcksek performans ve uzun \u00f6m\u00fcrl\u00fc kullan\u0131m sunan <strong>enerji verimli \u00e7ay kazan\u0131<\/strong> se\u00e7enekleriyle, <strong>\u00e7ay kazan\u0131 fiyatlar\u0131<\/strong> a\u00e7\u0131s\u0131ndan uygun bir \u00e7\u00f6z\u00fcm sunar. <strong>\u00c7ay kazan\u0131 bak\u0131m\u0131<\/strong> ve <strong>servisi<\/strong> ile uzun s\u00fcreli kullan\u0131m sa\u011flanabilir. \u0130ster <strong>elektrikli \u00e7ay kazan\u0131<\/strong>, ister <strong>gazl\u0131 \u00e7ay kazan\u0131<\/strong> tercih edin, <strong>Me\u015fale \u00e7ay kazan\u0131<\/strong> her ihtimale kar\u015f\u0131 profesyonel kullan\u0131m i\u00e7in tasarlanm\u0131\u015ft\u0131r.<\/p>\n<p><strong>Me\u015fale 1 Demlikli Antik Bak\u0131r Y\u0131ld\u0131z \u00c7ay Kazan\u0131<\/strong>, \u00f6zellikle <strong>kafeler<\/strong>, <strong>restoranlar<\/strong>, <strong>oteller<\/strong> ve <strong>\u00e7ay salonlar\u0131<\/strong> gibi i\u015fletmeler i\u00e7in ideal bir tercihtir. <strong>\u00c7ay kazan\u0131 al\u0131m\u0131<\/strong> ve <strong>\u00e7ay kazan\u0131 sat\u0131\u015f\u0131<\/strong> yapan i\u015fletmeler, bu modelle \u015f\u0131k bir g\u00f6r\u00fcn\u00fcm ve m\u00fckemmel performans elde edebilirler. Y\u00fcksek kaliteli <strong>\u00e7ay kazan\u0131 yedek par\u00e7alar\u0131<\/strong> ve <strong>\u00e7ay kazan\u0131 kurulum<\/strong> hizmeti ile g\u00fcvenli ve sorunsuz bir deneyim sunulur.<\/p>","protected":false},"excerpt":{"rendered":"<p>Me\u015fale 1 Demlikli Antik Bak\u0131r Y\u0131ld\u0131z Elektrik + Gazl\u0131 \u00c7ay Kazan\u0131 i\u015fletmeler i\u00e7in tasarlanm\u0131\u015f y\u00fcksek kapasiteli bir \u00e7ay makinesidir. Y\u00fcksek demleme kapasitesiyle h\u0131zl\u0131 servis sa\u011flar.<\/p>","protected":false},"featured_media":1254,"comment_status":"closed","ping_status":"closed","template":"","meta":[],"product_brand":[7749],"product_cat":[7771],"product_tag":[16,689,690,691,692,1021,1022,1009,1014,1015,1010,1011,1012,1013,1016,1017,1018,1019,1020,1023,993,1006,1007,994,999,1000,995,996,997,998,1001,1002,1003,1004,1005,1008,1024,1037,1025,1030,1031,1026,1027,1028,1029,1032,1033,1034,1035,1036],"class_list":{"0":"post-2614","1":"product","2":"type-product","3":"status-publish","4":"has-post-thumbnail","6":"product_brand-mesale","7":"product_cat-cay-kazanlari","8":"product_tag-mesale","9":"product_tag-mesale-1","10":"product_tag-mesale-1-demlikli","11":"product_tag-mesale-1-demlikli-antik","12":"product_tag-mesale-1-demlikli-antik-bakir","13":"product_tag-mesale-1-demlikli-antik-bakir-cay","14":"product_tag-mesale-1-demlikli-antik-bakir-cay-kazani","15":"product_tag-mesale-1-demlikli-antik-bakir-elektrik","16":"product_tag-mesale-1-demlikli-antik-bakir-elektrik-cay","17":"product_tag-mesale-1-demlikli-antik-bakir-elektrik-cay-kazani","18":"product_tag-mesale-1-demlikli-antik-bakir-elektrik-gazli","19":"product_tag-mesale-1-demlikli-antik-bakir-elektrik-gazli-cay","20":"product_tag-mesale-1-demlikli-antik-bakir-elektrik-gazli-cay-kazani","21":"product_tag-mesale-1-demlikli-antik-bakir-elektrik-gazli-kazani","22":"product_tag-mesale-1-demlikli-antik-bakir-elektrik-kazani","23":"product_tag-mesale-1-demlikli-antik-bakir-gazli","24":"product_tag-mesale-1-demlikli-antik-bakir-gazli-cay","25":"product_tag-mesale-1-demlikli-antik-bakir-gazli-cay-kazani","26":"product_tag-mesale-1-demlikli-antik-bakir-gazli-kazani","27":"product_tag-mesale-1-demlikli-antik-bakir-kazani","28":"product_tag-mesale-1-demlikli-antik-bakir-yildiz","29":"product_tag-mesale-1-demlikli-antik-bakir-yildiz-cay","30":"product_tag-mesale-1-demlikli-antik-bakir-yildiz-cay-kazani","31":"product_tag-mesale-1-demlikli-antik-bakir-yildiz-elektrik","32":"product_tag-mesale-1-demlikli-antik-bakir-yildiz-elektrik-cay","33":"product_tag-mesale-1-demlikli-antik-bakir-yildiz-elektrik-cay-kazani","34":"product_tag-mesale-1-demlikli-antik-bakir-yildiz-elektrik-gazli","35":"product_tag-mesale-1-demlikli-antik-bakir-yildiz-elektrik-gazli-cay","36":"product_tag-mesale-1-demlikli-antik-bakir-yildiz-elektrik-gazli-cay-kazani","37":"product_tag-mesale-1-demlikli-antik-bakir-yildiz-elektrik-gazli-kazani","38":"product_tag-mesale-1-demlikli-antik-bakir-yildiz-elektrik-kazani","39":"product_tag-mesale-1-demlikli-antik-bakir-yildiz-gazli","40":"product_tag-mesale-1-demlikli-antik-bakir-yildiz-gazli-cay","41":"product_tag-mesale-1-demlikli-antik-bakir-yildiz-gazli-cay-kazani","42":"product_tag-mesale-1-demlikli-antik-bakir-yildiz-gazli-kazani","43":"product_tag-mesale-1-demlikli-antik-bakir-yildiz-kazani","44":"product_tag-mesale-1-demlikli-antik-yildiz","45":"product_tag-mesale-1-demlikli-antik-yildiz-cay","46":"product_tag-mesale-1-demlikli-antik-yildiz-elektrik","47":"product_tag-mesale-1-demlikli-antik-yildiz-elektrik-cay","48":"product_tag-mesale-1-demlikli-antik-yildiz-elektrik-cay-kazani","49":"product_tag-mesale-1-demlikli-antik-yildiz-elektrik-gazli","50":"product_tag-mesale-1-demlikli-antik-yildiz-elektrik-gazli-cay","51":"product_tag-mesale-1-demlikli-antik-yildiz-elektrik-gazli-cay-kazani","52":"product_tag-mesale-1-demlikli-antik-yildiz-elektrik-gazli-kazani","53":"product_tag-mesale-1-demlikli-antik-yildiz-elektrik-kazani","54":"product_tag-mesale-1-demlikli-antik-yildiz-gazli","55":"product_tag-mesale-1-demlikli-antik-yildiz-gazli-cay","56":"product_tag-mesale-1-demlikli-antik-yildiz-gazli-cay-kazani","57":"product_tag-mesale-1-demlikli-antik-yildiz-gazli-kazani","58":"pa_borular-bakir","59":"pa_demlik-sayisi-1-demlikli","60":"pa_govde-bakir","61":"pa_ic-hazne-7933","62":"pa_kahve-gozu-ocagi-var","63":"pa_kapasite-1-demlikli","64":"pa_kullanim-sekli-ustten-demlikli","65":"pa_panel-manuel","66":"pa_sac-kalinligi-7938","67":"pa_samandirali-otomatik-su-alma-var","68":"pa_tesisat-hibrit","69":"pa_yalitim-cam","71":"first","72":"instock","73":"sale","74":"taxable","75":"shipping-taxable","76":"purchasable","77":"product-type-simple"},"yoast_head":"<!-- This site is optimized with the Yoast SEO plugin v27.1.1 - https:\/\/yoast.com\/product\/yoast-seo-wordpress\/ -->\n<title>1 Demlikli Antik Bak\u0131r Y\u0131ld\u0131z Elektrik + Gazl\u0131 \u00c7ay Kazan\u0131 | Me\u015fale Store<\/title>\n<meta name=\"description\" content=\"Me\u015fale 1 Demlikli Antik Bak\u0131r Y\u0131ld\u0131z Elektrik + Gazl\u0131 \u00c7ay Kazan\u0131 i\u015fletmeler i\u00e7in tasarlanm\u0131\u015f y\u00fcksek kapasiteli bir \u00e7ay makinesidir. Y\u00fcksek demleme kapasitesiyle h\u0131zl\u0131 servis sa\u011flar.\" \/>\n<meta name=\"robots\" content=\"index, follow, max-snippet:-1, max-image-preview:large, max-video-preview:-1\" \/>\n<link rel=\"canonical\" href=\"https:\/\/mesalestore.com\/en\/product\/1-demlikli-antik-bakir-yildiz-elektrik-gazli-cay-kazani\/\" \/>\n<meta property=\"og:locale\" content=\"en_US\" \/>\n<meta property=\"og:type\" content=\"article\" \/>\n<meta property=\"og:title\" content=\"1 Demlikli Antik Bak\u0131r Y\u0131ld\u0131z Elektrik + Gazl\u0131 \u00c7ay Kazan\u0131 | Me\u015fale Store\" \/>\n<meta property=\"og:description\" content=\"Me\u015fale 1 Demlikli Antik Bak\u0131r Y\u0131ld\u0131z Elektrik + Gazl\u0131 \u00c7ay Kazan\u0131 i\u015fletmeler i\u00e7in tasarlanm\u0131\u015f y\u00fcksek kapasiteli bir \u00e7ay makinesidir. Y\u00fcksek demleme kapasitesiyle h\u0131zl\u0131 servis sa\u011flar.\" \/>\n<meta property=\"og:url\" content=\"https:\/\/mesalestore.com\/en\/product\/1-demlikli-antik-bakir-yildiz-elektrik-gazli-cay-kazani\/\" \/>\n<meta property=\"og:site_name\" content=\"Me\u015fale Store\" \/>\n<meta property=\"article:publisher\" content=\"https:\/\/www.facebook.com\/mesalecay\" \/>\n<meta property=\"article:modified_time\" content=\"2026-04-10T21:59:14+00:00\" \/>\n<meta property=\"og:image\" content=\"https:\/\/mesalestore.com\/wp-content\/uploads\/2026\/01\/1_org_zoom-394.jpg\" \/>\n\t<meta property=\"og:image:width\" content=\"1200\" \/>\n\t<meta property=\"og:image:height\" content=\"1800\" \/>\n\t<meta property=\"og:image:type\" content=\"image\/jpeg\" \/>\n<meta name=\"twitter:card\" content=\"summary_large_image\" \/>\n<meta name=\"twitter:site\" content=\"@mesalecaykazan\" \/>\n<meta name=\"twitter:label1\" content=\"Est. reading time\" \/>\n\t<meta name=\"twitter:data1\" content=\"2 minutes\" \/>\n<script type=\"application\/ld+json\" class=\"yoast-schema-graph\">{\"@context\":\"https:\/\/schema.org\",\"@graph\":[{\"@type\":\"WebPage\",\"@id\":\"https:\/\/mesalestore.com\/en\/product\/1-demlikli-antik-bakir-yildiz-elektrik-gazli-cay-kazani\/\",\"url\":\"https:\/\/mesalestore.com\/en\/product\/1-demlikli-antik-bakir-yildiz-elektrik-gazli-cay-kazani\/\",\"name\":\"1 Demlikli Antik Bak\u0131r Y\u0131ld\u0131z Elektrik + Gazl\u0131 \u00c7ay Kazan\u0131 | Me\u015fale Store\",\"isPartOf\":{\"@id\":\"https:\/\/mesalestore.com\/en\/#website\"},\"primaryImageOfPage\":{\"@id\":\"https:\/\/mesalestore.com\/en\/product\/1-demlikli-antik-bakir-yildiz-elektrik-gazli-cay-kazani\/#primaryimage\"},\"image\":{\"@id\":\"https:\/\/mesalestore.com\/en\/product\/1-demlikli-antik-bakir-yildiz-elektrik-gazli-cay-kazani\/#primaryimage\"},\"thumbnailUrl\":\"https:\/\/mesalestore.com\/wp-content\/uploads\/2026\/01\/1_org_zoom-394.jpg\",\"datePublished\":\"2026-02-09T09:19:47+00:00\",\"dateModified\":\"2026-04-10T21:59:14+00:00\",\"description\":\"Me\u015fale 1 Demlikli Antik Bak\u0131r Y\u0131ld\u0131z Elektrik + Gazl\u0131 \u00c7ay Kazan\u0131 i\u015fletmeler i\u00e7in tasarlanm\u0131\u015f y\u00fcksek kapasiteli bir \u00e7ay makinesidir. Y\u00fcksek demleme kapasitesiyle h\u0131zl\u0131 servis sa\u011flar.\",\"breadcrumb\":{\"@id\":\"https:\/\/mesalestore.com\/en\/product\/1-demlikli-antik-bakir-yildiz-elektrik-gazli-cay-kazani\/#breadcrumb\"},\"inLanguage\":\"en-US\",\"potentialAction\":[{\"@type\":\"ReadAction\",\"target\":[\"https:\/\/mesalestore.com\/en\/product\/1-demlikli-antik-bakir-yildiz-elektrik-gazli-cay-kazani\/\"]}]},{\"@type\":\"ImageObject\",\"inLanguage\":\"en-US\",\"@id\":\"https:\/\/mesalestore.com\/en\/product\/1-demlikli-antik-bakir-yildiz-elektrik-gazli-cay-kazani\/#primaryimage\",\"url\":\"https:\/\/mesalestore.com\/wp-content\/uploads\/2026\/01\/1_org_zoom-394.jpg\",\"contentUrl\":\"https:\/\/mesalestore.com\/wp-content\/uploads\/2026\/01\/1_org_zoom-394.jpg\",\"width\":1200,\"height\":1800},{\"@type\":\"BreadcrumbList\",\"@id\":\"https:\/\/mesalestore.com\/en\/product\/1-demlikli-antik-bakir-yildiz-elektrik-gazli-cay-kazani\/#breadcrumb\",\"itemListElement\":[{\"@type\":\"ListItem\",\"position\":1,\"name\":\"Anasayfa\",\"item\":\"https:\/\/mesalestore.com\/en\/\"},{\"@type\":\"ListItem\",\"position\":2,\"name\":\"Products\",\"item\":\"https:\/\/mesalestore.com\/en\/shop\/\"},{\"@type\":\"ListItem\",\"position\":3,\"name\":\"Me\u015fale 1 Demlikli Antik Bak\u0131r Y\u0131ld\u0131z Elektrik + Gazl\u0131 \u00c7ay Kazan\u0131\"}]},{\"@type\":\"WebSite\",\"@id\":\"https:\/\/mesalestore.com\/en\/#website\",\"url\":\"https:\/\/mesalestore.com\/en\/\",\"name\":\"Me\u015fale Store\",\"description\":\"\",\"publisher\":{\"@id\":\"https:\/\/mesalestore.com\/en\/#organization\"},\"potentialAction\":[{\"@type\":\"SearchAction\",\"target\":{\"@type\":\"EntryPoint\",\"urlTemplate\":\"https:\/\/mesalestore.com\/en\/?s={search_term_string}\"},\"query-input\":{\"@type\":\"PropertyValueSpecification\",\"valueRequired\":true,\"valueName\":\"search_term_string\"}}],\"inLanguage\":\"en-US\"},{\"@type\":\"Organization\",\"@id\":\"https:\/\/mesalestore.com\/en\/#organization\",\"name\":\"Me\u015fale Store\",\"url\":\"https:\/\/mesalestore.com\/en\/\",\"logo\":{\"@type\":\"ImageObject\",\"inLanguage\":\"en-US\",\"@id\":\"https:\/\/mesalestore.com\/en\/#\/schema\/logo\/image\/\",\"url\":\"https:\/\/mesalestore.com\/wp-content\/uploads\/2026\/03\/logo-header-yeni-1.webp\",\"contentUrl\":\"https:\/\/mesalestore.com\/wp-content\/uploads\/2026\/03\/logo-header-yeni-1.webp\",\"width\":419,\"height\":147,\"caption\":\"Me\u015fale Store\"},\"image\":{\"@id\":\"https:\/\/mesalestore.com\/en\/#\/schema\/logo\/image\/\"},\"sameAs\":[\"https:\/\/www.facebook.com\/mesalecay\",\"https:\/\/x.com\/mesalecaykazan\",\"https:\/\/www.instagram.com\/mesalecaykazan\/\"]}]}<\/script>\n<!-- \/ Yoast SEO plugin. -->","yoast_head_json":{"title":"1 Demlikli Antik Bak\u0131r Y\u0131ld\u0131z Elektrik + Gazl\u0131 \u00c7ay Kazan\u0131 | Me\u015fale Store","description":"Me\u015fale 1 Demlikli Antik Bak\u0131r Y\u0131ld\u0131z Elektrik + Gazl\u0131 \u00c7ay Kazan\u0131 i\u015fletmeler i\u00e7in tasarlanm\u0131\u015f y\u00fcksek kapasiteli bir \u00e7ay makinesidir. Y\u00fcksek demleme kapasitesiyle h\u0131zl\u0131 servis sa\u011flar.","robots":{"index":"index","follow":"follow","max-snippet":"max-snippet:-1","max-image-preview":"max-image-preview:large","max-video-preview":"max-video-preview:-1"},"canonical":"https:\/\/mesalestore.com\/en\/product\/1-demlikli-antik-bakir-yildiz-elektrik-gazli-cay-kazani\/","og_locale":"en_US","og_type":"article","og_title":"1 Demlikli Antik Bak\u0131r Y\u0131ld\u0131z Elektrik + Gazl\u0131 \u00c7ay Kazan\u0131 | Me\u015fale Store","og_description":"Me\u015fale 1 Demlikli Antik Bak\u0131r Y\u0131ld\u0131z Elektrik + Gazl\u0131 \u00c7ay Kazan\u0131 i\u015fletmeler i\u00e7in tasarlanm\u0131\u015f y\u00fcksek kapasiteli bir \u00e7ay makinesidir. Y\u00fcksek demleme kapasitesiyle h\u0131zl\u0131 servis sa\u011flar.","og_url":"https:\/\/mesalestore.com\/en\/product\/1-demlikli-antik-bakir-yildiz-elektrik-gazli-cay-kazani\/","og_site_name":"Me\u015fale Store","article_publisher":"https:\/\/www.facebook.com\/mesalecay","article_modified_time":"2026-04-10T21:59:14+00:00","og_image":[{"width":1200,"height":1800,"url":"https:\/\/mesalestore.com\/wp-content\/uploads\/2026\/01\/1_org_zoom-394.jpg","type":"image\/jpeg"}],"twitter_card":"summary_large_image","twitter_site":"@mesalecaykazan","twitter_misc":{"Est. reading time":"2 minutes"},"schema":{"@context":"https:\/\/schema.org","@graph":[{"@type":"WebPage","@id":"https:\/\/mesalestore.com\/en\/product\/1-demlikli-antik-bakir-yildiz-elektrik-gazli-cay-kazani\/","url":"https:\/\/mesalestore.com\/en\/product\/1-demlikli-antik-bakir-yildiz-elektrik-gazli-cay-kazani\/","name":"1 Demlikli Antik Bak\u0131r Y\u0131ld\u0131z Elektrik + Gazl\u0131 \u00c7ay Kazan\u0131 | Me\u015fale Store","isPartOf":{"@id":"https:\/\/mesalestore.com\/en\/#website"},"primaryImageOfPage":{"@id":"https:\/\/mesalestore.com\/en\/product\/1-demlikli-antik-bakir-yildiz-elektrik-gazli-cay-kazani\/#primaryimage"},"image":{"@id":"https:\/\/mesalestore.com\/en\/product\/1-demlikli-antik-bakir-yildiz-elektrik-gazli-cay-kazani\/#primaryimage"},"thumbnailUrl":"https:\/\/mesalestore.com\/wp-content\/uploads\/2026\/01\/1_org_zoom-394.jpg","datePublished":"2026-02-09T09:19:47+00:00","dateModified":"2026-04-10T21:59:14+00:00","description":"Me\u015fale 1 Demlikli Antik Bak\u0131r Y\u0131ld\u0131z Elektrik + Gazl\u0131 \u00c7ay Kazan\u0131 i\u015fletmeler i\u00e7in tasarlanm\u0131\u015f y\u00fcksek kapasiteli bir \u00e7ay makinesidir. Y\u00fcksek demleme kapasitesiyle h\u0131zl\u0131 servis sa\u011flar.","breadcrumb":{"@id":"https:\/\/mesalestore.com\/en\/product\/1-demlikli-antik-bakir-yildiz-elektrik-gazli-cay-kazani\/#breadcrumb"},"inLanguage":"en-US","potentialAction":[{"@type":"ReadAction","target":["https:\/\/mesalestore.com\/en\/product\/1-demlikli-antik-bakir-yildiz-elektrik-gazli-cay-kazani\/"]}]},{"@type":"ImageObject","inLanguage":"en-US","@id":"https:\/\/mesalestore.com\/en\/product\/1-demlikli-antik-bakir-yildiz-elektrik-gazli-cay-kazani\/#primaryimage","url":"https:\/\/mesalestore.com\/wp-content\/uploads\/2026\/01\/1_org_zoom-394.jpg","contentUrl":"https:\/\/mesalestore.com\/wp-content\/uploads\/2026\/01\/1_org_zoom-394.jpg","width":1200,"height":1800},{"@type":"BreadcrumbList","@id":"https:\/\/mesalestore.com\/en\/product\/1-demlikli-antik-bakir-yildiz-elektrik-gazli-cay-kazani\/#breadcrumb","itemListElement":[{"@type":"ListItem","position":1,"name":"Anasayfa","item":"https:\/\/mesalestore.com\/en\/"},{"@type":"ListItem","position":2,"name":"Products","item":"https:\/\/mesalestore.com\/en\/shop\/"},{"@type":"ListItem","position":3,"name":"Me\u015fale 1 Demlikli Antik Bak\u0131r Y\u0131ld\u0131z Elektrik + Gazl\u0131 \u00c7ay Kazan\u0131"}]},{"@type":"WebSite","@id":"https:\/\/mesalestore.com\/en\/#website","url":"https:\/\/mesalestore.com\/en\/","name":"Me\u015fale Store","description":"","publisher":{"@id":"https:\/\/mesalestore.com\/en\/#organization"},"potentialAction":[{"@type":"SearchAction","target":{"@type":"EntryPoint","urlTemplate":"https:\/\/mesalestore.com\/en\/?s={search_term_string}"},"query-input":{"@type":"PropertyValueSpecification","valueRequired":true,"valueName":"search_term_string"}}],"inLanguage":"en-US"},{"@type":"Organization","@id":"https:\/\/mesalestore.com\/en\/#organization","name":"Me\u015fale Store","url":"https:\/\/mesalestore.com\/en\/","logo":{"@type":"ImageObject","inLanguage":"en-US","@id":"https:\/\/mesalestore.com\/en\/#\/schema\/logo\/image\/","url":"https:\/\/mesalestore.com\/wp-content\/uploads\/2026\/03\/logo-header-yeni-1.webp","contentUrl":"https:\/\/mesalestore.com\/wp-content\/uploads\/2026\/03\/logo-header-yeni-1.webp","width":419,"height":147,"caption":"Me\u015fale Store"},"image":{"@id":"https:\/\/mesalestore.com\/en\/#\/schema\/logo\/image\/"},"sameAs":["https:\/\/www.facebook.com\/mesalecay","https:\/\/x.com\/mesalecaykazan","https:\/\/www.instagram.com\/mesalecaykazan\/"]}]}},"_links":{"self":[{"href":"https:\/\/mesalestore.com\/en\/wp-json\/wp\/v2\/product\/2614","targetHints":{"allow":["GET"]}}],"collection":[{"href":"https:\/\/mesalestore.com\/en\/wp-json\/wp\/v2\/product"}],"about":[{"href":"https:\/\/mesalestore.com\/en\/wp-json\/wp\/v2\/types\/product"}],"replies":[{"embeddable":true,"href":"https:\/\/mesalestore.com\/en\/wp-json\/wp\/v2\/comments?post=2614"}],"wp:featuredmedia":[{"embeddable":true,"href":"https:\/\/mesalestore.com\/en\/wp-json\/wp\/v2\/media\/1254"}],"wp:attachment":[{"href":"https:\/\/mesalestore.com\/en\/wp-json\/wp\/v2\/media?parent=2614"}],"wp:term":[{"taxonomy":"product_brand","embeddable":true,"href":"https:\/\/mesalestore.com\/en\/wp-json\/wp\/v2\/product_brand?post=2614"},{"taxonomy":"product_cat","embeddable":true,"href":"https:\/\/mesalestore.com\/en\/wp-json\/wp\/v2\/product_cat?post=2614"},{"taxonomy":"product_tag","embeddable":true,"href":"https:\/\/mesalestore.com\/en\/wp-json\/wp\/v2\/product_tag?post=2614"}],"curies":[{"name":"wp","href":"https:\/\/api.w.org\/{rel}","templated":true}]}}