{"id":2610,"date":"2026-02-09T12:19:46","date_gmt":"2026-02-09T09:19:46","guid":{"rendered":"http:\/\/mesalestore.com\/product\/2-demlikli-antik-bakir-ulubatli-hasan-elektrik-gazli-full-otomatik-cay-kazani\/"},"modified":"2026-04-11T00:59:14","modified_gmt":"2026-04-10T21:59:14","slug":"2-demlikli-antik-bakir-ulubatli-hasan-elektrik-gazli-full-otomatik-cay-kazani","status":"publish","type":"product","link":"https:\/\/mesalestore.com\/en\/product\/2-demlikli-antik-bakir-ulubatli-hasan-elektrik-gazli-full-otomatik-cay-kazani\/","title":{"rendered":"Me\u015fale 2 Demlikli Antik Bak\u0131r Ulubatl\u0131 Hasan Elektrik + Gazl\u0131 Full Otomatik \u00c7ay Kazan\u0131"},"content":{"rendered":"<p><strong>Me\u015fale 2 Demlikli Antik Bak\u0131r Ulubatl\u0131 Hasan Elektrik + Gazl\u0131 Full Otomatik \u00c7ay Kazan\u0131<\/strong>, <strong>tarihi ve geleneksel esintileri modern teknoloji ile birle\u015ftirerek \u00e7ay keyfini en \u00fcst seviyeye ta\u015f\u0131yor<\/strong>. <strong>\u00d6zel Ulubatl\u0131 Hasan motifleriyle s\u00fcslenmi\u015f antik bak\u0131r d\u0131\u015f y\u00fczeyi<\/strong>, <strong>estetik ve nostaljik bir g\u00f6r\u00fcn\u00fcm sunarken<\/strong>, <strong>sa\u011flam yap\u0131s\u0131 sayesinde uzun y\u0131llar sorunsuz kullan\u0131m sa\u011flar<\/strong>.<\/p>\n<p><strong>Elektrik ve gazl\u0131 kullan\u0131m imk\u00e2n\u0131 sayesinde<\/strong>, <strong>her t\u00fcrl\u00fc i\u015fletme i\u00e7in ideal bir \u00e7\u00f6z\u00fcm sunar<\/strong>. <strong>Full otomatik s\u0131cakl\u0131k kontrol sistemi<\/strong>, <strong>\u00e7ay\u0131n her zaman ideal s\u0131cakl\u0131kta ve taze kalmas\u0131n\u0131 sa\u011flar<\/strong>. <strong>H\u0131zl\u0131 \u0131s\u0131tma \u00f6zelli\u011fiyle yo\u011fun saatlerde bile kesintisiz servis yapman\u0131za yard\u0131mc\u0131 olur<\/strong>.<\/p>\n<p><strong>2 demlikli geni\u015f tasar\u0131m\u0131yla<\/strong>, <strong>kahvehaneler, \u00e7ay ocaklar\u0131, kafeler ve restoranlar gibi yo\u011fun t\u00fcketim alanlar\u0131nda m\u00fckemmel bir performans g\u00f6sterir<\/strong>. <strong>Paslanmaz \u00e7elik i\u00e7 haznesi, hijyenik kullan\u0131m sunarken, enerji tasarruflu yap\u0131s\u0131yla i\u015fletme maliyetlerini d\u00fc\u015f\u00fcrmeye yard\u0131mc\u0131 olur<\/strong>.<\/p>\n<p><strong>Me\u015fale Antik Bak\u0131r Ulubatl\u0131 Hasan \u00c7ay Kazan\u0131<\/strong>, <strong>geleneksel \u00e7ay demleme k\u00fclt\u00fcr\u00fcn\u00fc ya\u015fatmak isteyenler i\u00e7in tasarland\u0131<\/strong>. <strong>\u015e\u0131k, dayan\u0131kl\u0131 ve verimli yap\u0131s\u0131yla i\u015fletmenize de\u011fer katacak bir \u00fcr\u00fcnd\u00fcr<\/strong>.<\/p>","protected":false},"excerpt":{"rendered":"<p>Me\u015fale 2 Demlikli Antik Bak\u0131r Ulubatl\u0131 Hasan Elektrik + Gazl\u0131 Full Otomatik \u00c7ay Kazan\u0131 i\u015fletmeler i\u00e7in tasarlanm\u0131\u015f y\u00fcksek kapasiteli bir \u00e7ay makinesidir. Y\u00fcksek demleme kapasitesiyle h\u0131zl\u0131 servis sa\u011flar; inox g\u00f6vdesiyle dayan\u0131kl\u0131d\u0131r.<\/p>","protected":false},"featured_media":1238,"comment_status":"closed","ping_status":"closed","template":"","meta":[],"product_brand":[7749],"product_cat":[7771],"product_tag":[16,1038,1039,1040,3295,1041,3252,3253,3254,3283,3284,3271,3276,3277,3278,3272,3273,3274,3275,3255,3268,3269,3256,3261,3262,3263,3257,3258,3259,3260,3270,3264,3265,3266,3267,3285,3279,3280,3281,3282,3286,3287,3292,3293,3294,3288,3289,3290,3291],"class_list":{"0":"post-2610","1":"product","2":"type-product","3":"status-publish","4":"has-post-thumbnail","6":"product_brand-mesale","7":"product_cat-cay-kazanlari","8":"product_tag-mesale","9":"product_tag-mesale-2","10":"product_tag-mesale-2-demlikli","11":"product_tag-mesale-2-demlikli-antik","12":"product_tag-mesale-2-demlikli-antik-b","13":"product_tag-mesale-2-demlikli-antik-bakir","14":"product_tag-mesale-2-demlikli-antik-bakir-ulubatli","15":"product_tag-mesale-2-demlikli-antik-bakir-ulubatli-hasan","16":"product_tag-mesale-2-demlikli-antik-bakir-ulubatli-hasan-elektrik","17":"product_tag-mesale-2-demlikli-antik-bakir-ulubatli-hasan-elektrik-cay","18":"product_tag-mesale-2-demlikli-antik-bakir-ulubatli-hasan-elektrik-cay-kazani","19":"product_tag-mesale-2-demlikli-antik-bakir-ulubatli-hasan-elektrik-full","20":"product_tag-mesale-2-demlikli-antik-bakir-ulubatli-hasan-elektrik-full-cay","21":"product_tag-mesale-2-demlikli-antik-bakir-ulubatli-hasan-elektrik-full-cay-kazani","22":"product_tag-mesale-2-demlikli-antik-bakir-ulubatli-hasan-elektrik-full-kazani","23":"product_tag-mesale-2-demlikli-antik-bakir-ulubatli-hasan-elektrik-full-otomatik","24":"product_tag-mesale-2-demlikli-antik-bakir-ulubatli-hasan-elektrik-full-otomatik-cay","25":"product_tag-mesale-2-demlikli-antik-bakir-ulubatli-hasan-elektrik-full-otomatik-cay-kazani","26":"product_tag-mesale-2-demlikli-antik-bakir-ulubatli-hasan-elektrik-full-otomatik-kazani","27":"product_tag-mesale-2-demlikli-antik-bakir-ulubatli-hasan-elektrik-gazli","28":"product_tag-mesale-2-demlikli-antik-bakir-ulubatli-hasan-elektrik-gazli-cay","29":"product_tag-mesale-2-demlikli-antik-bakir-ulubatli-hasan-elektrik-gazli-cay-kazani","30":"product_tag-mesale-2-demlikli-antik-bakir-ulubatli-hasan-elektrik-gazli-full","31":"product_tag-mesale-2-demlikli-antik-bakir-ulubatli-hasan-elektrik-gazli-full-cay","32":"product_tag-mesale-2-demlikli-antik-bakir-ulubatli-hasan-elektrik-gazli-full-cay-kazani","33":"product_tag-mesale-2-demlikli-antik-bakir-ulubatli-hasan-elektrik-gazli-full-kazani","34":"product_tag-mesale-2-demlikli-antik-bakir-ulubatli-hasan-elektrik-gazli-full-otomatik","35":"product_tag-mesale-2-demlikli-antik-bakir-ulubatli-hasan-elektrik-gazli-full-otomatik-cay","36":"product_tag-mesale-2-demlikli-antik-bakir-ulubatli-hasan-elektrik-gazli-full-otomatik-cay-kazani","37":"product_tag-mesale-2-demlikli-antik-bakir-ulubatli-hasan-elektrik-gazli-full-otomatik-kazani","38":"product_tag-mesale-2-demlikli-antik-bakir-ulubatli-hasan-elektrik-gazli-kazani","39":"product_tag-mesale-2-demlikli-antik-bakir-ulubatli-hasan-elektrik-gazli-otomatik","40":"product_tag-mesale-2-demlikli-antik-bakir-ulubatli-hasan-elektrik-gazli-otomatik-cay","41":"product_tag-mesale-2-demlikli-antik-bakir-ulubatli-hasan-elektrik-gazli-otomatik-cay-kazani","42":"product_tag-mesale-2-demlikli-antik-bakir-ulubatli-hasan-elektrik-gazli-otomatik-kazani","43":"product_tag-mesale-2-demlikli-antik-bakir-ulubatli-hasan-elektrik-kazani","44":"product_tag-mesale-2-demlikli-antik-bakir-ulubatli-hasan-elektrik-otomatik","45":"product_tag-mesale-2-demlikli-antik-bakir-ulubatli-hasan-elektrik-otomatik-cay","46":"product_tag-mesale-2-demlikli-antik-bakir-ulubatli-hasan-elektrik-otomatik-cay-kazani","47":"product_tag-mesale-2-demlikli-antik-bakir-ulubatli-hasan-elektrik-otomatik-kazani","48":"product_tag-mesale-2-demlikli-antik-bakir-ulubatli-hasan-gazli","49":"product_tag-mesale-2-demlikli-antik-bakir-ulubatli-hasan-gazli-full","50":"product_tag-mesale-2-demlikli-antik-bakir-ulubatli-hasan-gazli-full-cay","51":"product_tag-mesale-2-demlikli-antik-bakir-ulubatli-hasan-gazli-full-cay-kazani","52":"product_tag-mesale-2-demlikli-antik-bakir-ulubatli-hasan-gazli-full-kazani","53":"product_tag-mesale-2-demlikli-antik-bakir-ulubatli-hasan-gazli-full-otomatik","54":"product_tag-mesale-2-demlikli-antik-bakir-ulubatli-hasan-gazli-full-otomatik-cay","55":"product_tag-mesale-2-demlikli-antik-bakir-ulubatli-hasan-gazli-full-otomatik-cay-kazani","56":"product_tag-mesale-2-demlikli-antik-bakir-ulubatli-hasan-gazli-full-otomatik-kazani","57":"pa_borular-bakir","58":"pa_demlik-sayisi-2-demlikli","59":"pa_govde-bakir","60":"pa_ic-hazne-7933","61":"pa_kahve-gozu-ocagi-var","62":"pa_kapasite-2-demlikli","63":"pa_kullanim-sekli-ustten-demlikli","64":"pa_panel-manuel","65":"pa_sac-kalinligi-7938","66":"pa_samandirali-otomatik-su-alma-var","67":"pa_tesisat-hibrit","68":"pa_yalitim-cam","70":"first","71":"instock","72":"sale","73":"taxable","74":"shipping-taxable","75":"purchasable","76":"product-type-simple"},"yoast_head":"<!-- This site is optimized with the Yoast SEO plugin v27.1.1 - https:\/\/yoast.com\/product\/yoast-seo-wordpress\/ -->\n<title>Me\u015fale 2 Demlikli Antik Bak\u0131r Ulubatl\u0131 Hasan Elektrik + Gazl\u0131 Full Otomatik \u00c7ay Kazan\u0131 | Me\u015fale Store<\/title>\n<meta name=\"description\" content=\"Me\u015fale 2 Demlikli Antik Bak\u0131r Ulubatl\u0131 Hasan Elektrik + Gazl\u0131 Full Otomatik \u00c7ay Kazan\u0131 i\u015fletmeler i\u00e7in tasarlanm\u0131\u015f y\u00fcksek kapasiteli bir \u00e7ay makinesidir. Y\u00fcksek demleme kapasitesiyle h\u0131zl\u0131 servis sa\u011flar; inox g\u00f6vdesiyle dayan\u0131kl\u0131d\u0131r.\" \/>\n<meta name=\"robots\" content=\"index, follow, max-snippet:-1, max-image-preview:large, max-video-preview:-1\" \/>\n<link rel=\"canonical\" href=\"https:\/\/mesalestore.com\/en\/product\/2-demlikli-antik-bakir-ulubatli-hasan-elektrik-gazli-full-otomatik-cay-kazani\/\" \/>\n<meta property=\"og:locale\" content=\"en_US\" \/>\n<meta property=\"og:type\" content=\"article\" \/>\n<meta property=\"og:title\" content=\"Me\u015fale 2 Demlikli Antik Bak\u0131r Ulubatl\u0131 Hasan Elektrik + Gazl\u0131 Full Otomatik \u00c7ay Kazan\u0131 | Me\u015fale Store\" \/>\n<meta property=\"og:description\" content=\"Me\u015fale 2 Demlikli Antik Bak\u0131r Ulubatl\u0131 Hasan Elektrik + Gazl\u0131 Full Otomatik \u00c7ay Kazan\u0131 i\u015fletmeler i\u00e7in tasarlanm\u0131\u015f y\u00fcksek kapasiteli bir \u00e7ay makinesidir. Y\u00fcksek demleme kapasitesiyle h\u0131zl\u0131 servis sa\u011flar; inox g\u00f6vdesiyle dayan\u0131kl\u0131d\u0131r.\" \/>\n<meta property=\"og:url\" content=\"https:\/\/mesalestore.com\/en\/product\/2-demlikli-antik-bakir-ulubatli-hasan-elektrik-gazli-full-otomatik-cay-kazani\/\" \/>\n<meta property=\"og:site_name\" content=\"Me\u015fale Store\" \/>\n<meta property=\"article:publisher\" content=\"https:\/\/www.facebook.com\/mesalecay\" \/>\n<meta property=\"article:modified_time\" content=\"2026-04-10T21:59:14+00:00\" \/>\n<meta property=\"og:image\" content=\"https:\/\/mesalestore.com\/wp-content\/uploads\/2026\/01\/1_org_zoom-386.jpg\" \/>\n\t<meta property=\"og:image:width\" content=\"1200\" \/>\n\t<meta property=\"og:image:height\" content=\"1800\" \/>\n\t<meta property=\"og:image:type\" content=\"image\/jpeg\" \/>\n<meta name=\"twitter:card\" content=\"summary_large_image\" \/>\n<meta name=\"twitter:site\" content=\"@mesalecaykazan\" \/>\n<meta name=\"twitter:label1\" content=\"Est. reading time\" \/>\n\t<meta name=\"twitter:data1\" content=\"2 minutes\" \/>\n<script type=\"application\/ld+json\" class=\"yoast-schema-graph\">{\"@context\":\"https:\/\/schema.org\",\"@graph\":[{\"@type\":\"WebPage\",\"@id\":\"https:\/\/mesalestore.com\/en\/product\/2-demlikli-antik-bakir-ulubatli-hasan-elektrik-gazli-full-otomatik-cay-kazani\/\",\"url\":\"https:\/\/mesalestore.com\/en\/product\/2-demlikli-antik-bakir-ulubatli-hasan-elektrik-gazli-full-otomatik-cay-kazani\/\",\"name\":\"Me\u015fale 2 Demlikli Antik Bak\u0131r Ulubatl\u0131 Hasan Elektrik + Gazl\u0131 Full Otomatik \u00c7ay Kazan\u0131 | Me\u015fale Store\",\"isPartOf\":{\"@id\":\"https:\/\/mesalestore.com\/en\/#website\"},\"primaryImageOfPage\":{\"@id\":\"https:\/\/mesalestore.com\/en\/product\/2-demlikli-antik-bakir-ulubatli-hasan-elektrik-gazli-full-otomatik-cay-kazani\/#primaryimage\"},\"image\":{\"@id\":\"https:\/\/mesalestore.com\/en\/product\/2-demlikli-antik-bakir-ulubatli-hasan-elektrik-gazli-full-otomatik-cay-kazani\/#primaryimage\"},\"thumbnailUrl\":\"https:\/\/mesalestore.com\/wp-content\/uploads\/2026\/01\/1_org_zoom-386.jpg\",\"datePublished\":\"2026-02-09T09:19:46+00:00\",\"dateModified\":\"2026-04-10T21:59:14+00:00\",\"description\":\"Me\u015fale 2 Demlikli Antik Bak\u0131r Ulubatl\u0131 Hasan Elektrik + Gazl\u0131 Full Otomatik \u00c7ay Kazan\u0131 i\u015fletmeler i\u00e7in tasarlanm\u0131\u015f y\u00fcksek kapasiteli bir \u00e7ay makinesidir. Y\u00fcksek demleme kapasitesiyle h\u0131zl\u0131 servis sa\u011flar; inox g\u00f6vdesiyle dayan\u0131kl\u0131d\u0131r.\",\"breadcrumb\":{\"@id\":\"https:\/\/mesalestore.com\/en\/product\/2-demlikli-antik-bakir-ulubatli-hasan-elektrik-gazli-full-otomatik-cay-kazani\/#breadcrumb\"},\"inLanguage\":\"en-US\",\"potentialAction\":[{\"@type\":\"ReadAction\",\"target\":[\"https:\/\/mesalestore.com\/en\/product\/2-demlikli-antik-bakir-ulubatli-hasan-elektrik-gazli-full-otomatik-cay-kazani\/\"]}]},{\"@type\":\"ImageObject\",\"inLanguage\":\"en-US\",\"@id\":\"https:\/\/mesalestore.com\/en\/product\/2-demlikli-antik-bakir-ulubatli-hasan-elektrik-gazli-full-otomatik-cay-kazani\/#primaryimage\",\"url\":\"https:\/\/mesalestore.com\/wp-content\/uploads\/2026\/01\/1_org_zoom-386.jpg\",\"contentUrl\":\"https:\/\/mesalestore.com\/wp-content\/uploads\/2026\/01\/1_org_zoom-386.jpg\",\"width\":1200,\"height\":1800},{\"@type\":\"BreadcrumbList\",\"@id\":\"https:\/\/mesalestore.com\/en\/product\/2-demlikli-antik-bakir-ulubatli-hasan-elektrik-gazli-full-otomatik-cay-kazani\/#breadcrumb\",\"itemListElement\":[{\"@type\":\"ListItem\",\"position\":1,\"name\":\"Anasayfa\",\"item\":\"https:\/\/mesalestore.com\/en\/\"},{\"@type\":\"ListItem\",\"position\":2,\"name\":\"Products\",\"item\":\"https:\/\/mesalestore.com\/en\/shop\/\"},{\"@type\":\"ListItem\",\"position\":3,\"name\":\"Me\u015fale 2 Demlikli Antik Bak\u0131r Ulubatl\u0131 Hasan Elektrik + Gazl\u0131 Full Otomatik \u00c7ay Kazan\u0131\"}]},{\"@type\":\"WebSite\",\"@id\":\"https:\/\/mesalestore.com\/en\/#website\",\"url\":\"https:\/\/mesalestore.com\/en\/\",\"name\":\"Me\u015fale Store\",\"description\":\"\",\"publisher\":{\"@id\":\"https:\/\/mesalestore.com\/en\/#organization\"},\"potentialAction\":[{\"@type\":\"SearchAction\",\"target\":{\"@type\":\"EntryPoint\",\"urlTemplate\":\"https:\/\/mesalestore.com\/en\/?s={search_term_string}\"},\"query-input\":{\"@type\":\"PropertyValueSpecification\",\"valueRequired\":true,\"valueName\":\"search_term_string\"}}],\"inLanguage\":\"en-US\"},{\"@type\":\"Organization\",\"@id\":\"https:\/\/mesalestore.com\/en\/#organization\",\"name\":\"Me\u015fale Store\",\"url\":\"https:\/\/mesalestore.com\/en\/\",\"logo\":{\"@type\":\"ImageObject\",\"inLanguage\":\"en-US\",\"@id\":\"https:\/\/mesalestore.com\/en\/#\/schema\/logo\/image\/\",\"url\":\"https:\/\/mesalestore.com\/wp-content\/uploads\/2026\/03\/logo-header-yeni-1.webp\",\"contentUrl\":\"https:\/\/mesalestore.com\/wp-content\/uploads\/2026\/03\/logo-header-yeni-1.webp\",\"width\":419,\"height\":147,\"caption\":\"Me\u015fale Store\"},\"image\":{\"@id\":\"https:\/\/mesalestore.com\/en\/#\/schema\/logo\/image\/\"},\"sameAs\":[\"https:\/\/www.facebook.com\/mesalecay\",\"https:\/\/x.com\/mesalecaykazan\",\"https:\/\/www.instagram.com\/mesalecaykazan\/\"]}]}<\/script>\n<!-- \/ Yoast SEO plugin. -->","yoast_head_json":{"title":"Me\u015fale 2 Demlikli Antik Bak\u0131r Ulubatl\u0131 Hasan Elektrik + Gazl\u0131 Full Otomatik \u00c7ay Kazan\u0131 | Me\u015fale Store","description":"Me\u015fale 2 Demlikli Antik Bak\u0131r Ulubatl\u0131 Hasan Elektrik + Gazl\u0131 Full Otomatik \u00c7ay Kazan\u0131 i\u015fletmeler i\u00e7in tasarlanm\u0131\u015f y\u00fcksek kapasiteli bir \u00e7ay makinesidir. Y\u00fcksek demleme kapasitesiyle h\u0131zl\u0131 servis sa\u011flar; inox g\u00f6vdesiyle dayan\u0131kl\u0131d\u0131r.","robots":{"index":"index","follow":"follow","max-snippet":"max-snippet:-1","max-image-preview":"max-image-preview:large","max-video-preview":"max-video-preview:-1"},"canonical":"https:\/\/mesalestore.com\/en\/product\/2-demlikli-antik-bakir-ulubatli-hasan-elektrik-gazli-full-otomatik-cay-kazani\/","og_locale":"en_US","og_type":"article","og_title":"Me\u015fale 2 Demlikli Antik Bak\u0131r Ulubatl\u0131 Hasan Elektrik + Gazl\u0131 Full Otomatik \u00c7ay Kazan\u0131 | Me\u015fale Store","og_description":"Me\u015fale 2 Demlikli Antik Bak\u0131r Ulubatl\u0131 Hasan Elektrik + Gazl\u0131 Full Otomatik \u00c7ay Kazan\u0131 i\u015fletmeler i\u00e7in tasarlanm\u0131\u015f y\u00fcksek kapasiteli bir \u00e7ay makinesidir. Y\u00fcksek demleme kapasitesiyle h\u0131zl\u0131 servis sa\u011flar; inox g\u00f6vdesiyle dayan\u0131kl\u0131d\u0131r.","og_url":"https:\/\/mesalestore.com\/en\/product\/2-demlikli-antik-bakir-ulubatli-hasan-elektrik-gazli-full-otomatik-cay-kazani\/","og_site_name":"Me\u015fale Store","article_publisher":"https:\/\/www.facebook.com\/mesalecay","article_modified_time":"2026-04-10T21:59:14+00:00","og_image":[{"width":1200,"height":1800,"url":"https:\/\/mesalestore.com\/wp-content\/uploads\/2026\/01\/1_org_zoom-386.jpg","type":"image\/jpeg"}],"twitter_card":"summary_large_image","twitter_site":"@mesalecaykazan","twitter_misc":{"Est. reading time":"2 minutes"},"schema":{"@context":"https:\/\/schema.org","@graph":[{"@type":"WebPage","@id":"https:\/\/mesalestore.com\/en\/product\/2-demlikli-antik-bakir-ulubatli-hasan-elektrik-gazli-full-otomatik-cay-kazani\/","url":"https:\/\/mesalestore.com\/en\/product\/2-demlikli-antik-bakir-ulubatli-hasan-elektrik-gazli-full-otomatik-cay-kazani\/","name":"Me\u015fale 2 Demlikli Antik Bak\u0131r Ulubatl\u0131 Hasan Elektrik + Gazl\u0131 Full Otomatik \u00c7ay Kazan\u0131 | Me\u015fale Store","isPartOf":{"@id":"https:\/\/mesalestore.com\/en\/#website"},"primaryImageOfPage":{"@id":"https:\/\/mesalestore.com\/en\/product\/2-demlikli-antik-bakir-ulubatli-hasan-elektrik-gazli-full-otomatik-cay-kazani\/#primaryimage"},"image":{"@id":"https:\/\/mesalestore.com\/en\/product\/2-demlikli-antik-bakir-ulubatli-hasan-elektrik-gazli-full-otomatik-cay-kazani\/#primaryimage"},"thumbnailUrl":"https:\/\/mesalestore.com\/wp-content\/uploads\/2026\/01\/1_org_zoom-386.jpg","datePublished":"2026-02-09T09:19:46+00:00","dateModified":"2026-04-10T21:59:14+00:00","description":"Me\u015fale 2 Demlikli Antik Bak\u0131r Ulubatl\u0131 Hasan Elektrik + Gazl\u0131 Full Otomatik \u00c7ay Kazan\u0131 i\u015fletmeler i\u00e7in tasarlanm\u0131\u015f y\u00fcksek kapasiteli bir \u00e7ay makinesidir. Y\u00fcksek demleme kapasitesiyle h\u0131zl\u0131 servis sa\u011flar; inox g\u00f6vdesiyle dayan\u0131kl\u0131d\u0131r.","breadcrumb":{"@id":"https:\/\/mesalestore.com\/en\/product\/2-demlikli-antik-bakir-ulubatli-hasan-elektrik-gazli-full-otomatik-cay-kazani\/#breadcrumb"},"inLanguage":"en-US","potentialAction":[{"@type":"ReadAction","target":["https:\/\/mesalestore.com\/en\/product\/2-demlikli-antik-bakir-ulubatli-hasan-elektrik-gazli-full-otomatik-cay-kazani\/"]}]},{"@type":"ImageObject","inLanguage":"en-US","@id":"https:\/\/mesalestore.com\/en\/product\/2-demlikli-antik-bakir-ulubatli-hasan-elektrik-gazli-full-otomatik-cay-kazani\/#primaryimage","url":"https:\/\/mesalestore.com\/wp-content\/uploads\/2026\/01\/1_org_zoom-386.jpg","contentUrl":"https:\/\/mesalestore.com\/wp-content\/uploads\/2026\/01\/1_org_zoom-386.jpg","width":1200,"height":1800},{"@type":"BreadcrumbList","@id":"https:\/\/mesalestore.com\/en\/product\/2-demlikli-antik-bakir-ulubatli-hasan-elektrik-gazli-full-otomatik-cay-kazani\/#breadcrumb","itemListElement":[{"@type":"ListItem","position":1,"name":"Anasayfa","item":"https:\/\/mesalestore.com\/en\/"},{"@type":"ListItem","position":2,"name":"Products","item":"https:\/\/mesalestore.com\/en\/shop\/"},{"@type":"ListItem","position":3,"name":"Me\u015fale 2 Demlikli Antik Bak\u0131r Ulubatl\u0131 Hasan Elektrik + Gazl\u0131 Full Otomatik \u00c7ay Kazan\u0131"}]},{"@type":"WebSite","@id":"https:\/\/mesalestore.com\/en\/#website","url":"https:\/\/mesalestore.com\/en\/","name":"Me\u015fale Store","description":"","publisher":{"@id":"https:\/\/mesalestore.com\/en\/#organization"},"potentialAction":[{"@type":"SearchAction","target":{"@type":"EntryPoint","urlTemplate":"https:\/\/mesalestore.com\/en\/?s={search_term_string}"},"query-input":{"@type":"PropertyValueSpecification","valueRequired":true,"valueName":"search_term_string"}}],"inLanguage":"en-US"},{"@type":"Organization","@id":"https:\/\/mesalestore.com\/en\/#organization","name":"Me\u015fale Store","url":"https:\/\/mesalestore.com\/en\/","logo":{"@type":"ImageObject","inLanguage":"en-US","@id":"https:\/\/mesalestore.com\/en\/#\/schema\/logo\/image\/","url":"https:\/\/mesalestore.com\/wp-content\/uploads\/2026\/03\/logo-header-yeni-1.webp","contentUrl":"https:\/\/mesalestore.com\/wp-content\/uploads\/2026\/03\/logo-header-yeni-1.webp","width":419,"height":147,"caption":"Me\u015fale Store"},"image":{"@id":"https:\/\/mesalestore.com\/en\/#\/schema\/logo\/image\/"},"sameAs":["https:\/\/www.facebook.com\/mesalecay","https:\/\/x.com\/mesalecaykazan","https:\/\/www.instagram.com\/mesalecaykazan\/"]}]}},"_links":{"self":[{"href":"https:\/\/mesalestore.com\/en\/wp-json\/wp\/v2\/product\/2610","targetHints":{"allow":["GET"]}}],"collection":[{"href":"https:\/\/mesalestore.com\/en\/wp-json\/wp\/v2\/product"}],"about":[{"href":"https:\/\/mesalestore.com\/en\/wp-json\/wp\/v2\/types\/product"}],"replies":[{"embeddable":true,"href":"https:\/\/mesalestore.com\/en\/wp-json\/wp\/v2\/comments?post=2610"}],"wp:featuredmedia":[{"embeddable":true,"href":"https:\/\/mesalestore.com\/en\/wp-json\/wp\/v2\/media\/1238"}],"wp:attachment":[{"href":"https:\/\/mesalestore.com\/en\/wp-json\/wp\/v2\/media?parent=2610"}],"wp:term":[{"taxonomy":"product_brand","embeddable":true,"href":"https:\/\/mesalestore.com\/en\/wp-json\/wp\/v2\/product_brand?post=2610"},{"taxonomy":"product_cat","embeddable":true,"href":"https:\/\/mesalestore.com\/en\/wp-json\/wp\/v2\/product_cat?post=2610"},{"taxonomy":"product_tag","embeddable":true,"href":"https:\/\/mesalestore.com\/en\/wp-json\/wp\/v2\/product_tag?post=2610"}],"curies":[{"name":"wp","href":"https:\/\/api.w.org\/{rel}","templated":true}]}}