{"id":2608,"date":"2026-02-09T12:19:45","date_gmt":"2026-02-09T09:19:45","guid":{"rendered":"http:\/\/mesalestore.com\/product\/3-demlikli-antik-bakir-mesale-desen-full-otomatik-cay-kazani\/"},"modified":"2026-04-11T00:59:15","modified_gmt":"2026-04-10T21:59:15","slug":"3-demlikli-antik-bakir-mesale-desen-full-otomatik-cay-kazani","status":"publish","type":"product","link":"https:\/\/mesalestore.com\/en\/product\/3-demlikli-antik-bakir-mesale-desen-full-otomatik-cay-kazani\/","title":{"rendered":"Me\u015fale 3 Demlikli Antik Bak\u0131r Me\u015fale Desen Full Otomatik \u00c7ay Kazan\u0131"},"content":{"rendered":"<ul>\n<li><strong>Me\u015fale 3 Demlikli Antik Bak\u0131r Full Otomatik \u00c7ay Kazan\u0131 Full Otomatik \u00c7ay Kazan\u0131 (Elektrik &amp; Do\u011falgaz &amp; T\u00fcp) &#8211; \u0130\u00e7 Kazan 304L krom paslanmaz \u00e7elikten \u00fcretilmi\u015ftir.<\/strong><\/li>\n<li><strong>Su Kapasitesi 32 LT<\/strong><\/li>\n<li><strong>&#8211; Otomatik Su Alma Sistemi.<\/strong><\/li>\n<li><strong>&#8211; Termostat Otomatik Is\u0131 kontrol sistemi ile Enerji Tasarrufu.<\/strong><\/li>\n<li><strong>&#8211; A++ Enerji.<\/strong><\/li>\n<li><strong>&#8211; Is\u0131 G\u00f6stergeli<\/strong><\/li>\n<li><strong>&#8211; Su \u0130kaz Sistemi<\/strong><\/li>\n<li><strong>&#8211; Toplu t\u00fcketim i\u00e7in uygun kullan\u0131m sa\u011flar.<\/strong><\/li>\n<li><strong>&#8211; Hijyenik ve uzun \u00f6m\u00fcrl\u00fcd\u00fcr.<\/strong><\/li>\n<li><strong>&#8211; Ergonomik tasar\u0131m\u0131 ile kullan\u0131m kolayl\u0131\u011f\u0131 sa\u011flar.<\/strong><\/li>\n<li><strong>&#8211; \u00dcr\u00fcnde gaz ve elektrik ayn\u0131 anda \u00e7al\u0131\u015ft\u0131r\u0131labilir.<\/strong><\/li>\n<li><strong>&#8211; Full Otomatik.<\/strong><\/li>\n<li><strong>CE ve GAZMER Belgelidir.<\/strong><\/li>\n<li><strong>&#8211; T\u00fcrkiye Genelinde Yetkili Servis A\u011f\u0131.<\/strong><\/li>\n<li><strong>&#8211; \u00dcr\u00fcn taraf\u0131n\u0131za kurulu olarak g\u00f6nderilmektedir.<\/strong><\/li>\n<li><strong>&#8211; Sipari\u015f verirken \u00fcr\u00fcn\u00fcn hangi gaz tipi ile \u00e7al\u0131\u015faca\u011f\u0131n\u0131 bildiriniz.<\/strong><\/li>\n<li><strong>(Elektrik+Do\u011falgaz veya Elektrik+T\u00fcp)<\/strong><\/li>\n<li><strong>&#8211; 1,2,3,4,5,6,7,8 Demlikli Modeller.<\/strong><\/li>\n<\/ul>\n<h2>\u00dcr\u00fcn \u00d6zellikleri<\/h2>\n<p>Teknik \u00d6zellikler<\/p>\n<p>Demlik Say\u0131s\u0131<br \/>\n3<\/p>\n<p>Boy (cm)<br \/>\n94.5<\/p>\n<p>En (cm)<br \/>\n38<\/p>\n<p>Y\u00fckseklik (cm)<br \/>\n63<\/p>\n<p>Toplam A\u011f\u0131rl\u0131k (kg)<br \/>\n28<\/p>\n<p>Su alma kapasitesi (lt)<br \/>\n32<\/p>\n<p>Enerji T\u00fcketim De\u011ferleri<\/p>\n<p>NG (m3\/h) G-20<br \/>\n0.688<\/p>\n<p>LPG (kg\/h) G-30<br \/>\n0.375<\/p>\n<p>Elektrik (kw)<br \/>\n2<\/p>\n<p>Anma Is\u0131 Y\u00fck\u00fc<\/p>\n<p>NG (kw\/h) G-20<br \/>\n7.25<\/p>\n<p>LPG (kw\/h) G-30<br \/>\n5.55<\/p>\n<p>Full Elektrik Rezistans (kw\/h)<br \/>\n1<\/p>\n<p>&nbsp;<\/p>\n<p><strong>Me\u015fale 3 Demlikli Antik Bak\u0131r Me\u015fale Desen Full Otomatik \u00c7ay Kazan\u0131<\/strong>, i\u015fletmelerin \u00e7ay demleme s\u00fcre\u00e7lerini daha verimli, h\u0131zl\u0131 ve \u015f\u0131k hale getiren profesyonel bir \u00fcr\u00fcnd\u00fcr. <strong>Antik bak\u0131r<\/strong> tasar\u0131m\u0131, geleneksel ve modern \u00e7izgileri birle\u015ftirerek <strong>Me\u015fale desen<\/strong> ile zenginle\u015fmi\u015f, mek\u00e2n\u0131n\u0131za zarif bir hava katmaktad\u0131r. Bu <strong>full otomatik \u00e7ay kazan\u0131<\/strong>, \u00fc\u00e7 demli\u011fiyle ayn\u0131 anda y\u00fcksek miktarda \u00e7ay demleyebilir ve her seferinde m\u00fckemmel lezzet sunar.<\/p>\n<p>\u0130ster <strong>kafeler<\/strong>, ister <strong>restoranlar<\/strong>, ister <strong>oteller<\/strong> gibi ticari i\u015fletmelerde, <strong>Me\u015fale 3 Demlikli Antik Bak\u0131r Me\u015fale Desen \u00c7ay Kazan\u0131<\/strong> i\u015flevsel oldu\u011fu kadar estetik a\u00e7\u0131dan da fark yarat\u0131r. <strong>\u00c7ay kazan\u0131 fiyatlar\u0131<\/strong> g\u00f6z \u00f6n\u00fcne al\u0131nd\u0131\u011f\u0131nda, bu model y\u00fcksek kaliteli ve dayan\u0131kl\u0131 yap\u0131s\u0131yla uzun vadeli kullan\u0131m sa\u011flar. <strong>\u00c7ay kazan\u0131 al\u0131m\u0131<\/strong> yaparken, <strong>enerji verimli<\/strong> ve <strong>full otomatik<\/strong> \u00f6zellikleriyle i\u015fletmenizin verimlili\u011fini art\u0131r\u0131r.<\/p>\n<p>\u00dc\u00e7 demli\u011fi ile geni\u015f kapasite sunan bu <strong>profesyonel \u00e7ay kazan\u0131<\/strong>, yo\u011fun i\u015f temposu ve h\u0131zl\u0131 servis ihtiya\u00e7lar\u0131n\u0131 kar\u015f\u0131lamak i\u00e7in idealdir. <strong>\u00c7ay kazan\u0131 bak\u0131m\u0131<\/strong> ve <strong>\u00e7ay kazan\u0131 servisi<\/strong> olduk\u00e7a kolayd\u0131r, ayr\u0131ca <strong>\u00e7ay kazan\u0131 yedek par\u00e7as\u0131<\/strong> temini ile uzun y\u0131llar sorunsuz kullan\u0131m sa\u011flar. Ayr\u0131ca, <strong>Me\u015fale \u00e7ay kazan\u0131<\/strong> gibi kaliteli bir \u00fcr\u00fcn, i\u015fletmenizin prestijini art\u0131r\u0131r ve m\u00fc\u015fterilerinize her zaman s\u0131cak, taze \u00e7ay sunman\u0131za olanak tan\u0131r.<\/p>\n<p>\u0130\u015fletmenizin ihtiyac\u0131 olan verimlili\u011fi ve \u015f\u0131kl\u0131\u011f\u0131 tek bir \u00fcr\u00fcnde bulmak istiyorsan\u0131z, <strong>Me\u015fale 3 Demlikli Antik Bak\u0131r Me\u015fale Desen Full Otomatik \u00c7ay Kazan\u0131<\/strong> tam size g\u00f6re! Bu model, sadece \u00e7ay demleme s\u00fcrecini h\u0131zland\u0131rmakla kalmaz, ayn\u0131 zamanda i\u015fletmenizin tasar\u0131m\u0131na da katk\u0131 sa\u011flar. <strong>\u00c7ay kazan\u0131 al\u0131m\u0131<\/strong> yapmak i\u00e7in en iyi tercih, <strong>Me\u015fale \u00e7ay kazan\u0131<\/strong> \u00fcr\u00fcnleri olacakt\u0131r.<\/p>","protected":false},"excerpt":{"rendered":"<p>Me\u015fale 3 Demlikli Antik Bak\u0131r Me\u015fale Desen Full Otomatik \u00c7ay Kazan\u0131 i\u015fletmeler i\u00e7in tasarlanm\u0131\u015f y\u00fcksek kapasiteli bir \u00e7ay makinesidir. Y\u00fcksek demleme kapasitesiyle h\u0131zl\u0131 servis sa\u011flar; inox g\u00f6vdesiyle dayan\u0131kl\u0131d\u0131r.<\/p>","protected":false},"featured_media":1230,"comment_status":"closed","ping_status":"closed","template":"","meta":[],"product_brand":[7749],"product_cat":[7771],"product_tag":[16,783,784,785,786,819,820,825,826,827,821,822,823,824,828,829,830,831,1221,1250,1251,1222,1235,1236,1223,1228,1229,1230,1224,1225,1226,1227,1237,1231,1232,1233,1234,1238,1243,1244,1245,1239,1240,1241,1242,1252,1246,1247,1248,1249],"class_list":{"0":"post-2608","1":"product","2":"type-product","3":"status-publish","4":"has-post-thumbnail","6":"product_brand-mesale","7":"product_cat-cay-kazanlari","8":"product_tag-mesale","9":"product_tag-mesale-3","10":"product_tag-mesale-3-demlikli","11":"product_tag-mesale-3-demlikli-antik","12":"product_tag-mesale-3-demlikli-antik-bakir","13":"product_tag-mesale-3-demlikli-antik-bakir-desen","14":"product_tag-mesale-3-demlikli-antik-bakir-desen-full","15":"product_tag-mesale-3-demlikli-antik-bakir-desen-full-cay","16":"product_tag-mesale-3-demlikli-antik-bakir-desen-full-cay-kazani","17":"product_tag-mesale-3-demlikli-antik-bakir-desen-full-kazani","18":"product_tag-mesale-3-demlikli-antik-bakir-desen-full-otomatik","19":"product_tag-mesale-3-demlikli-antik-bakir-desen-full-otomatik-cay","20":"product_tag-mesale-3-demlikli-antik-bakir-desen-full-otomatik-cay-kazani","21":"product_tag-mesale-3-demlikli-antik-bakir-desen-full-otomatik-kazani","22":"product_tag-mesale-3-demlikli-antik-bakir-desen-otomatik","23":"product_tag-mesale-3-demlikli-antik-bakir-desen-otomatik-cay","24":"product_tag-mesale-3-demlikli-antik-bakir-desen-otomatik-cay-kazani","25":"product_tag-mesale-3-demlikli-antik-bakir-desen-otomatik-kazani","26":"product_tag-mesale-3-demlikli-antik-bakir-mesale","27":"product_tag-mesale-3-demlikli-antik-bakir-mesale-cay","28":"product_tag-mesale-3-demlikli-antik-bakir-mesale-cay-kazani","29":"product_tag-mesale-3-demlikli-antik-bakir-mesale-desen","30":"product_tag-mesale-3-demlikli-antik-bakir-mesale-desen-cay","31":"product_tag-mesale-3-demlikli-antik-bakir-mesale-desen-cay-kazani","32":"product_tag-mesale-3-demlikli-antik-bakir-mesale-desen-full","33":"product_tag-mesale-3-demlikli-antik-bakir-mesale-desen-full-cay","34":"product_tag-mesale-3-demlikli-antik-bakir-mesale-desen-full-cay-kazani","35":"product_tag-mesale-3-demlikli-antik-bakir-mesale-desen-full-kazani","36":"product_tag-mesale-3-demlikli-antik-bakir-mesale-desen-full-otomatik","37":"product_tag-mesale-3-demlikli-antik-bakir-mesale-desen-full-otomatik-cay","38":"product_tag-mesale-3-demlikli-antik-bakir-mesale-desen-full-otomatik-cay-kazani","39":"product_tag-mesale-3-demlikli-antik-bakir-mesale-desen-full-otomatik-kazani","40":"product_tag-mesale-3-demlikli-antik-bakir-mesale-desen-kazani","41":"product_tag-mesale-3-demlikli-antik-bakir-mesale-desen-otomatik","42":"product_tag-mesale-3-demlikli-antik-bakir-mesale-desen-otomatik-cay","43":"product_tag-mesale-3-demlikli-antik-bakir-mesale-desen-otomatik-cay-kazani","44":"product_tag-mesale-3-demlikli-antik-bakir-mesale-desen-otomatik-kazani","45":"product_tag-mesale-3-demlikli-antik-bakir-mesale-full","46":"product_tag-mesale-3-demlikli-antik-bakir-mesale-full-cay","47":"product_tag-mesale-3-demlikli-antik-bakir-mesale-full-cay-kazani","48":"product_tag-mesale-3-demlikli-antik-bakir-mesale-full-kazani","49":"product_tag-mesale-3-demlikli-antik-bakir-mesale-full-otomatik","50":"product_tag-mesale-3-demlikli-antik-bakir-mesale-full-otomatik-cay","51":"product_tag-mesale-3-demlikli-antik-bakir-mesale-full-otomatik-cay-kazani","52":"product_tag-mesale-3-demlikli-antik-bakir-mesale-full-otomatik-kazani","53":"product_tag-mesale-3-demlikli-antik-bakir-mesale-kazani","54":"product_tag-mesale-3-demlikli-antik-bakir-mesale-otomatik","55":"product_tag-mesale-3-demlikli-antik-bakir-mesale-otomatik-cay","56":"product_tag-mesale-3-demlikli-antik-bakir-mesale-otomatik-cay-kazani","57":"product_tag-mesale-3-demlikli-antik-bakir-mesale-otomatik-kazani","58":"pa_borular-bakir","59":"pa_demlik-sayisi-3-demlikli","60":"pa_govde-bakir","61":"pa_ic-hazne-7933","62":"pa_kahve-gozu-ocagi-var","63":"pa_kapasite-3-demlikli","64":"pa_kullanim-sekli-ustten-demlikli","65":"pa_panel-manuel","66":"pa_sac-kalinligi-7938","67":"pa_samandirali-otomatik-su-alma-var","68":"pa_tesisat-hibrit","69":"pa_yalitim-cam","71":"first","72":"instock","73":"sale","74":"taxable","75":"shipping-taxable","76":"purchasable","77":"product-type-simple"},"yoast_head":"<!-- This site is optimized with the Yoast SEO plugin v27.1.1 - https:\/\/yoast.com\/product\/yoast-seo-wordpress\/ -->\n<title>Me\u015fale 3 Demlikli Antik Bak\u0131r Me\u015fale Desen Full Otomatik \u00c7ay Kazan\u0131 | Me\u015fale Store<\/title>\n<meta name=\"description\" content=\"Me\u015fale 3 Demlikli Antik Bak\u0131r Me\u015fale Desen Full Otomatik \u00c7ay Kazan\u0131 i\u015fletmeler i\u00e7in tasarlanm\u0131\u015f y\u00fcksek kapasiteli bir \u00e7ay makinesidir. Y\u00fcksek demleme kapasitesiyle h\u0131zl\u0131 servis sa\u011flar; inox g\u00f6vdesiyle dayan\u0131kl\u0131d\u0131r.\" \/>\n<meta name=\"robots\" content=\"index, follow, max-snippet:-1, max-image-preview:large, max-video-preview:-1\" \/>\n<link rel=\"canonical\" href=\"https:\/\/mesalestore.com\/en\/product\/3-demlikli-antik-bakir-mesale-desen-full-otomatik-cay-kazani\/\" \/>\n<meta property=\"og:locale\" content=\"en_US\" \/>\n<meta property=\"og:type\" content=\"article\" \/>\n<meta property=\"og:title\" content=\"Me\u015fale 3 Demlikli Antik Bak\u0131r Me\u015fale Desen Full Otomatik \u00c7ay Kazan\u0131 | Me\u015fale Store\" \/>\n<meta property=\"og:description\" content=\"Me\u015fale 3 Demlikli Antik Bak\u0131r Me\u015fale Desen Full Otomatik \u00c7ay Kazan\u0131 i\u015fletmeler i\u00e7in tasarlanm\u0131\u015f y\u00fcksek kapasiteli bir \u00e7ay makinesidir. Y\u00fcksek demleme kapasitesiyle h\u0131zl\u0131 servis sa\u011flar; inox g\u00f6vdesiyle dayan\u0131kl\u0131d\u0131r.\" \/>\n<meta property=\"og:url\" content=\"https:\/\/mesalestore.com\/en\/product\/3-demlikli-antik-bakir-mesale-desen-full-otomatik-cay-kazani\/\" \/>\n<meta property=\"og:site_name\" content=\"Me\u015fale Store\" \/>\n<meta property=\"article:publisher\" content=\"https:\/\/www.facebook.com\/mesalecay\" \/>\n<meta property=\"article:modified_time\" content=\"2026-04-10T21:59:15+00:00\" \/>\n<meta property=\"og:image\" content=\"https:\/\/mesalestore.com\/wp-content\/uploads\/2026\/01\/1_org_zoom-382.jpg\" \/>\n\t<meta property=\"og:image:width\" content=\"1200\" \/>\n\t<meta property=\"og:image:height\" content=\"1800\" \/>\n\t<meta property=\"og:image:type\" content=\"image\/jpeg\" \/>\n<meta name=\"twitter:card\" content=\"summary_large_image\" \/>\n<meta name=\"twitter:site\" content=\"@mesalecaykazan\" \/>\n<meta name=\"twitter:label1\" content=\"Est. reading time\" \/>\n\t<meta name=\"twitter:data1\" content=\"3 minutes\" \/>\n<script type=\"application\/ld+json\" class=\"yoast-schema-graph\">{\"@context\":\"https:\/\/schema.org\",\"@graph\":[{\"@type\":\"WebPage\",\"@id\":\"https:\/\/mesalestore.com\/en\/product\/3-demlikli-antik-bakir-mesale-desen-full-otomatik-cay-kazani\/\",\"url\":\"https:\/\/mesalestore.com\/en\/product\/3-demlikli-antik-bakir-mesale-desen-full-otomatik-cay-kazani\/\",\"name\":\"Me\u015fale 3 Demlikli Antik Bak\u0131r Me\u015fale Desen Full Otomatik \u00c7ay Kazan\u0131 | Me\u015fale Store\",\"isPartOf\":{\"@id\":\"https:\/\/mesalestore.com\/en\/#website\"},\"primaryImageOfPage\":{\"@id\":\"https:\/\/mesalestore.com\/en\/product\/3-demlikli-antik-bakir-mesale-desen-full-otomatik-cay-kazani\/#primaryimage\"},\"image\":{\"@id\":\"https:\/\/mesalestore.com\/en\/product\/3-demlikli-antik-bakir-mesale-desen-full-otomatik-cay-kazani\/#primaryimage\"},\"thumbnailUrl\":\"https:\/\/mesalestore.com\/wp-content\/uploads\/2026\/01\/1_org_zoom-382.jpg\",\"datePublished\":\"2026-02-09T09:19:45+00:00\",\"dateModified\":\"2026-04-10T21:59:15+00:00\",\"description\":\"Me\u015fale 3 Demlikli Antik Bak\u0131r Me\u015fale Desen Full Otomatik \u00c7ay Kazan\u0131 i\u015fletmeler i\u00e7in tasarlanm\u0131\u015f y\u00fcksek kapasiteli bir \u00e7ay makinesidir. Y\u00fcksek demleme kapasitesiyle h\u0131zl\u0131 servis sa\u011flar; inox g\u00f6vdesiyle dayan\u0131kl\u0131d\u0131r.\",\"breadcrumb\":{\"@id\":\"https:\/\/mesalestore.com\/en\/product\/3-demlikli-antik-bakir-mesale-desen-full-otomatik-cay-kazani\/#breadcrumb\"},\"inLanguage\":\"en-US\",\"potentialAction\":[{\"@type\":\"ReadAction\",\"target\":[\"https:\/\/mesalestore.com\/en\/product\/3-demlikli-antik-bakir-mesale-desen-full-otomatik-cay-kazani\/\"]}]},{\"@type\":\"ImageObject\",\"inLanguage\":\"en-US\",\"@id\":\"https:\/\/mesalestore.com\/en\/product\/3-demlikli-antik-bakir-mesale-desen-full-otomatik-cay-kazani\/#primaryimage\",\"url\":\"https:\/\/mesalestore.com\/wp-content\/uploads\/2026\/01\/1_org_zoom-382.jpg\",\"contentUrl\":\"https:\/\/mesalestore.com\/wp-content\/uploads\/2026\/01\/1_org_zoom-382.jpg\",\"width\":1200,\"height\":1800},{\"@type\":\"BreadcrumbList\",\"@id\":\"https:\/\/mesalestore.com\/en\/product\/3-demlikli-antik-bakir-mesale-desen-full-otomatik-cay-kazani\/#breadcrumb\",\"itemListElement\":[{\"@type\":\"ListItem\",\"position\":1,\"name\":\"Anasayfa\",\"item\":\"https:\/\/mesalestore.com\/en\/\"},{\"@type\":\"ListItem\",\"position\":2,\"name\":\"Products\",\"item\":\"https:\/\/mesalestore.com\/en\/shop\/\"},{\"@type\":\"ListItem\",\"position\":3,\"name\":\"Me\u015fale 3 Demlikli Antik Bak\u0131r Me\u015fale Desen Full Otomatik \u00c7ay Kazan\u0131\"}]},{\"@type\":\"WebSite\",\"@id\":\"https:\/\/mesalestore.com\/en\/#website\",\"url\":\"https:\/\/mesalestore.com\/en\/\",\"name\":\"Me\u015fale Store\",\"description\":\"\",\"publisher\":{\"@id\":\"https:\/\/mesalestore.com\/en\/#organization\"},\"potentialAction\":[{\"@type\":\"SearchAction\",\"target\":{\"@type\":\"EntryPoint\",\"urlTemplate\":\"https:\/\/mesalestore.com\/en\/?s={search_term_string}\"},\"query-input\":{\"@type\":\"PropertyValueSpecification\",\"valueRequired\":true,\"valueName\":\"search_term_string\"}}],\"inLanguage\":\"en-US\"},{\"@type\":\"Organization\",\"@id\":\"https:\/\/mesalestore.com\/en\/#organization\",\"name\":\"Me\u015fale Store\",\"url\":\"https:\/\/mesalestore.com\/en\/\",\"logo\":{\"@type\":\"ImageObject\",\"inLanguage\":\"en-US\",\"@id\":\"https:\/\/mesalestore.com\/en\/#\/schema\/logo\/image\/\",\"url\":\"https:\/\/mesalestore.com\/wp-content\/uploads\/2026\/03\/logo-header-yeni-1.webp\",\"contentUrl\":\"https:\/\/mesalestore.com\/wp-content\/uploads\/2026\/03\/logo-header-yeni-1.webp\",\"width\":419,\"height\":147,\"caption\":\"Me\u015fale Store\"},\"image\":{\"@id\":\"https:\/\/mesalestore.com\/en\/#\/schema\/logo\/image\/\"},\"sameAs\":[\"https:\/\/www.facebook.com\/mesalecay\",\"https:\/\/x.com\/mesalecaykazan\",\"https:\/\/www.instagram.com\/mesalecaykazan\/\"]}]}<\/script>\n<!-- \/ Yoast SEO plugin. -->","yoast_head_json":{"title":"Me\u015fale 3 Demlikli Antik Bak\u0131r Me\u015fale Desen Full Otomatik \u00c7ay Kazan\u0131 | Me\u015fale Store","description":"Me\u015fale 3 Demlikli Antik Bak\u0131r Me\u015fale Desen Full Otomatik \u00c7ay Kazan\u0131 i\u015fletmeler i\u00e7in tasarlanm\u0131\u015f y\u00fcksek kapasiteli bir \u00e7ay makinesidir. Y\u00fcksek demleme kapasitesiyle h\u0131zl\u0131 servis sa\u011flar; inox g\u00f6vdesiyle dayan\u0131kl\u0131d\u0131r.","robots":{"index":"index","follow":"follow","max-snippet":"max-snippet:-1","max-image-preview":"max-image-preview:large","max-video-preview":"max-video-preview:-1"},"canonical":"https:\/\/mesalestore.com\/en\/product\/3-demlikli-antik-bakir-mesale-desen-full-otomatik-cay-kazani\/","og_locale":"en_US","og_type":"article","og_title":"Me\u015fale 3 Demlikli Antik Bak\u0131r Me\u015fale Desen Full Otomatik \u00c7ay Kazan\u0131 | Me\u015fale Store","og_description":"Me\u015fale 3 Demlikli Antik Bak\u0131r Me\u015fale Desen Full Otomatik \u00c7ay Kazan\u0131 i\u015fletmeler i\u00e7in tasarlanm\u0131\u015f y\u00fcksek kapasiteli bir \u00e7ay makinesidir. Y\u00fcksek demleme kapasitesiyle h\u0131zl\u0131 servis sa\u011flar; inox g\u00f6vdesiyle dayan\u0131kl\u0131d\u0131r.","og_url":"https:\/\/mesalestore.com\/en\/product\/3-demlikli-antik-bakir-mesale-desen-full-otomatik-cay-kazani\/","og_site_name":"Me\u015fale Store","article_publisher":"https:\/\/www.facebook.com\/mesalecay","article_modified_time":"2026-04-10T21:59:15+00:00","og_image":[{"width":1200,"height":1800,"url":"https:\/\/mesalestore.com\/wp-content\/uploads\/2026\/01\/1_org_zoom-382.jpg","type":"image\/jpeg"}],"twitter_card":"summary_large_image","twitter_site":"@mesalecaykazan","twitter_misc":{"Est. reading time":"3 minutes"},"schema":{"@context":"https:\/\/schema.org","@graph":[{"@type":"WebPage","@id":"https:\/\/mesalestore.com\/en\/product\/3-demlikli-antik-bakir-mesale-desen-full-otomatik-cay-kazani\/","url":"https:\/\/mesalestore.com\/en\/product\/3-demlikli-antik-bakir-mesale-desen-full-otomatik-cay-kazani\/","name":"Me\u015fale 3 Demlikli Antik Bak\u0131r Me\u015fale Desen Full Otomatik \u00c7ay Kazan\u0131 | Me\u015fale Store","isPartOf":{"@id":"https:\/\/mesalestore.com\/en\/#website"},"primaryImageOfPage":{"@id":"https:\/\/mesalestore.com\/en\/product\/3-demlikli-antik-bakir-mesale-desen-full-otomatik-cay-kazani\/#primaryimage"},"image":{"@id":"https:\/\/mesalestore.com\/en\/product\/3-demlikli-antik-bakir-mesale-desen-full-otomatik-cay-kazani\/#primaryimage"},"thumbnailUrl":"https:\/\/mesalestore.com\/wp-content\/uploads\/2026\/01\/1_org_zoom-382.jpg","datePublished":"2026-02-09T09:19:45+00:00","dateModified":"2026-04-10T21:59:15+00:00","description":"Me\u015fale 3 Demlikli Antik Bak\u0131r Me\u015fale Desen Full Otomatik \u00c7ay Kazan\u0131 i\u015fletmeler i\u00e7in tasarlanm\u0131\u015f y\u00fcksek kapasiteli bir \u00e7ay makinesidir. Y\u00fcksek demleme kapasitesiyle h\u0131zl\u0131 servis sa\u011flar; inox g\u00f6vdesiyle dayan\u0131kl\u0131d\u0131r.","breadcrumb":{"@id":"https:\/\/mesalestore.com\/en\/product\/3-demlikli-antik-bakir-mesale-desen-full-otomatik-cay-kazani\/#breadcrumb"},"inLanguage":"en-US","potentialAction":[{"@type":"ReadAction","target":["https:\/\/mesalestore.com\/en\/product\/3-demlikli-antik-bakir-mesale-desen-full-otomatik-cay-kazani\/"]}]},{"@type":"ImageObject","inLanguage":"en-US","@id":"https:\/\/mesalestore.com\/en\/product\/3-demlikli-antik-bakir-mesale-desen-full-otomatik-cay-kazani\/#primaryimage","url":"https:\/\/mesalestore.com\/wp-content\/uploads\/2026\/01\/1_org_zoom-382.jpg","contentUrl":"https:\/\/mesalestore.com\/wp-content\/uploads\/2026\/01\/1_org_zoom-382.jpg","width":1200,"height":1800},{"@type":"BreadcrumbList","@id":"https:\/\/mesalestore.com\/en\/product\/3-demlikli-antik-bakir-mesale-desen-full-otomatik-cay-kazani\/#breadcrumb","itemListElement":[{"@type":"ListItem","position":1,"name":"Anasayfa","item":"https:\/\/mesalestore.com\/en\/"},{"@type":"ListItem","position":2,"name":"Products","item":"https:\/\/mesalestore.com\/en\/shop\/"},{"@type":"ListItem","position":3,"name":"Me\u015fale 3 Demlikli Antik Bak\u0131r Me\u015fale Desen Full Otomatik \u00c7ay Kazan\u0131"}]},{"@type":"WebSite","@id":"https:\/\/mesalestore.com\/en\/#website","url":"https:\/\/mesalestore.com\/en\/","name":"Me\u015fale Store","description":"","publisher":{"@id":"https:\/\/mesalestore.com\/en\/#organization"},"potentialAction":[{"@type":"SearchAction","target":{"@type":"EntryPoint","urlTemplate":"https:\/\/mesalestore.com\/en\/?s={search_term_string}"},"query-input":{"@type":"PropertyValueSpecification","valueRequired":true,"valueName":"search_term_string"}}],"inLanguage":"en-US"},{"@type":"Organization","@id":"https:\/\/mesalestore.com\/en\/#organization","name":"Me\u015fale Store","url":"https:\/\/mesalestore.com\/en\/","logo":{"@type":"ImageObject","inLanguage":"en-US","@id":"https:\/\/mesalestore.com\/en\/#\/schema\/logo\/image\/","url":"https:\/\/mesalestore.com\/wp-content\/uploads\/2026\/03\/logo-header-yeni-1.webp","contentUrl":"https:\/\/mesalestore.com\/wp-content\/uploads\/2026\/03\/logo-header-yeni-1.webp","width":419,"height":147,"caption":"Me\u015fale Store"},"image":{"@id":"https:\/\/mesalestore.com\/en\/#\/schema\/logo\/image\/"},"sameAs":["https:\/\/www.facebook.com\/mesalecay","https:\/\/x.com\/mesalecaykazan","https:\/\/www.instagram.com\/mesalecaykazan\/"]}]}},"_links":{"self":[{"href":"https:\/\/mesalestore.com\/en\/wp-json\/wp\/v2\/product\/2608","targetHints":{"allow":["GET"]}}],"collection":[{"href":"https:\/\/mesalestore.com\/en\/wp-json\/wp\/v2\/product"}],"about":[{"href":"https:\/\/mesalestore.com\/en\/wp-json\/wp\/v2\/types\/product"}],"replies":[{"embeddable":true,"href":"https:\/\/mesalestore.com\/en\/wp-json\/wp\/v2\/comments?post=2608"}],"wp:featuredmedia":[{"embeddable":true,"href":"https:\/\/mesalestore.com\/en\/wp-json\/wp\/v2\/media\/1230"}],"wp:attachment":[{"href":"https:\/\/mesalestore.com\/en\/wp-json\/wp\/v2\/media?parent=2608"}],"wp:term":[{"taxonomy":"product_brand","embeddable":true,"href":"https:\/\/mesalestore.com\/en\/wp-json\/wp\/v2\/product_brand?post=2608"},{"taxonomy":"product_cat","embeddable":true,"href":"https:\/\/mesalestore.com\/en\/wp-json\/wp\/v2\/product_cat?post=2608"},{"taxonomy":"product_tag","embeddable":true,"href":"https:\/\/mesalestore.com\/en\/wp-json\/wp\/v2\/product_tag?post=2608"}],"curies":[{"name":"wp","href":"https:\/\/api.w.org\/{rel}","templated":true}]}}