{"id":2598,"date":"2026-02-09T12:19:43","date_gmt":"2026-02-09T09:19:43","guid":{"rendered":"http:\/\/mesalestore.com\/product\/3-demlikli-siyah-elektrikli-dijital-full-otomatik-cay-kazani\/"},"modified":"2026-04-11T00:59:15","modified_gmt":"2026-04-10T21:59:15","slug":"3-demlikli-siyah-elektrikli-dijital-full-otomatik-cay-kazani","status":"publish","type":"product","link":"https:\/\/mesalestore.com\/en\/product\/3-demlikli-siyah-elektrikli-dijital-full-otomatik-cay-kazani\/","title":{"rendered":"Me\u015fale 3 Demlikli Siyah Elektrikli Dijital Full Otomatik \u00c7ay Kazan\u0131"},"content":{"rendered":"<p><strong>Me\u015fale 3 Demlikli Siyah Elektrikli Dijital Full Otomatik \u00c7ay Kazan\u0131<\/strong>, <strong>\u015f\u0131k tasar\u0131m\u0131 ve geli\u015fmi\u015f teknolojisiyle \u00e7ay demleme deneyimini en \u00fcst seviyeye ta\u015f\u0131r<\/strong>. <strong>Siyah kaplamas\u0131<\/strong>, <strong>modern ve profesyonel bir g\u00f6r\u00fcn\u00fcm sunarken<\/strong>, <strong>paslanmaz \u00e7elik g\u00f6vdesi uzun \u00f6m\u00fcrl\u00fc kullan\u0131m sa\u011flar<\/strong>.<\/p>\n<p><strong>Dijital kontrol paneli sayesinde<\/strong><strong>su s\u0131cakl\u0131\u011f\u0131 ve seviyesini hassas bir \u015fekilde ayarlayabilir<\/strong>, <strong>ideal demleme s\u0131cakl\u0131\u011f\u0131n\u0131 koruyarak her zaman m\u00fckemmel \u00e7ay lezzeti sunar<\/strong>. <strong>Elektrikli \u00e7al\u0131\u015fma sistemi<\/strong>, <strong>enerji tasarrufu sa\u011flarken<\/strong>, <strong>full otomatik \u00f6zelli\u011fi su takibini ve \u0131s\u0131 kontrol\u00fcn\u00fc otomatik hale getirir<\/strong>.<\/p>\n<p><strong>3 demlikli geni\u015f kapasitesi<\/strong>, <strong>yo\u011fun \u00e7ay t\u00fcketimi olan i\u015fletmeler i\u00e7in m\u00fckemmel bir \u00e7\u00f6z\u00fcmd\u00fcr<\/strong>. <strong>H\u0131zl\u0131 \u0131s\u0131tma \u00f6zelli\u011fi<\/strong>, <strong>\u00e7ay\u0131n k\u0131sa s\u00fcrede demlenmesini sa\u011flar<\/strong>, <strong>b\u00f6ylece m\u00fc\u015fterilerinizi bekletmeden servis yapabilirsiniz<\/strong>.<\/p>\n<p><strong>Me\u015fale 3 Demlikli Siyah Dijital \u00c7ay Kazan\u0131<\/strong>, <strong>kafe, restoran, ofis ve oteller i\u00e7in estetik, verimli ve dayan\u0131kl\u0131 bir \u00e7ay kazan\u0131 se\u00e7ene\u011fidir<\/strong>.<\/p>","protected":false},"excerpt":{"rendered":"<p>Me\u015fale 3 Demlikli Siyah Elektrikli Dijital Full Otomatik \u00c7ay Kazan\u0131 i\u015fletmeler i\u00e7in tasarlanm\u0131\u015f y\u00fcksek kapasiteli bir \u00e7ay makinesidir. Y\u00fcksek demleme kapasitesiyle h\u0131zl\u0131 servis sa\u011flar; inox g\u00f6vdesiyle dayan\u0131kl\u0131d\u0131r.<\/p>","protected":false},"featured_media":1182,"comment_status":"closed","ping_status":"closed","template":"","meta":[],"product_brand":[7749],"product_cat":[7771],"product_tag":[16,783,784,3024,3057,3070,3058,3063,3064,3065,3059,3060,3061,3062,3066,3067,3068,3069,3025,3054,3055,3026,3039,3040,3027,3032,3033,3034,3028,3029,3030,3031,3041,3035,3036,3037,3038,3042,3047,3048,3049,3043,3044,3045,3046,3056,3050,3051,3052,3053],"class_list":{"0":"post-2598","1":"product","2":"type-product","3":"status-publish","4":"has-post-thumbnail","6":"product_brand-mesale","7":"product_cat-cay-kazanlari","8":"product_tag-mesale","9":"product_tag-mesale-3","10":"product_tag-mesale-3-demlikli","11":"product_tag-mesale-3-demlikli-siyah","12":"product_tag-mesale-3-demlikli-siyah-dijital","13":"product_tag-mesale-3-demlikli-siyah-dijital-cay","14":"product_tag-mesale-3-demlikli-siyah-dijital-full","15":"product_tag-mesale-3-demlikli-siyah-dijital-full-cay","16":"product_tag-mesale-3-demlikli-siyah-dijital-full-cay-kazani","17":"product_tag-mesale-3-demlikli-siyah-dijital-full-kazani","18":"product_tag-mesale-3-demlikli-siyah-dijital-full-otomatik","19":"product_tag-mesale-3-demlikli-siyah-dijital-full-otomatik-cay","20":"product_tag-mesale-3-demlikli-siyah-dijital-full-otomatik-cay-kazani","21":"product_tag-mesale-3-demlikli-siyah-dijital-full-otomatik-kazani","22":"product_tag-mesale-3-demlikli-siyah-dijital-otomatik","23":"product_tag-mesale-3-demlikli-siyah-dijital-otomatik-cay","24":"product_tag-mesale-3-demlikli-siyah-dijital-otomatik-cay-kazani","25":"product_tag-mesale-3-demlikli-siyah-dijital-otomatik-kazani","26":"product_tag-mesale-3-demlikli-siyah-elektrikli","27":"product_tag-mesale-3-demlikli-siyah-elektrikli-cay","28":"product_tag-mesale-3-demlikli-siyah-elektrikli-cay-kazani","29":"product_tag-mesale-3-demlikli-siyah-elektrikli-dijital","30":"product_tag-mesale-3-demlikli-siyah-elektrikli-dijital-cay","31":"product_tag-mesale-3-demlikli-siyah-elektrikli-dijital-cay-kazani","32":"product_tag-mesale-3-demlikli-siyah-elektrikli-dijital-full","33":"product_tag-mesale-3-demlikli-siyah-elektrikli-dijital-full-cay","34":"product_tag-mesale-3-demlikli-siyah-elektrikli-dijital-full-cay-kazani","35":"product_tag-mesale-3-demlikli-siyah-elektrikli-dijital-full-kazani","36":"product_tag-mesale-3-demlikli-siyah-elektrikli-dijital-full-otomatik","37":"product_tag-mesale-3-demlikli-siyah-elektrikli-dijital-full-otomatik-cay","38":"product_tag-mesale-3-demlikli-siyah-elektrikli-dijital-full-otomatik-cay-kazani","39":"product_tag-mesale-3-demlikli-siyah-elektrikli-dijital-full-otomatik-kazani","40":"product_tag-mesale-3-demlikli-siyah-elektrikli-dijital-kazani","41":"product_tag-mesale-3-demlikli-siyah-elektrikli-dijital-otomatik","42":"product_tag-mesale-3-demlikli-siyah-elektrikli-dijital-otomatik-cay","43":"product_tag-mesale-3-demlikli-siyah-elektrikli-dijital-otomatik-cay-kazani","44":"product_tag-mesale-3-demlikli-siyah-elektrikli-dijital-otomatik-kazani","45":"product_tag-mesale-3-demlikli-siyah-elektrikli-full","46":"product_tag-mesale-3-demlikli-siyah-elektrikli-full-cay","47":"product_tag-mesale-3-demlikli-siyah-elektrikli-full-cay-kazani","48":"product_tag-mesale-3-demlikli-siyah-elektrikli-full-kazani","49":"product_tag-mesale-3-demlikli-siyah-elektrikli-full-otomatik","50":"product_tag-mesale-3-demlikli-siyah-elektrikli-full-otomatik-cay","51":"product_tag-mesale-3-demlikli-siyah-elektrikli-full-otomatik-cay-kazani","52":"product_tag-mesale-3-demlikli-siyah-elektrikli-full-otomatik-kazani","53":"product_tag-mesale-3-demlikli-siyah-elektrikli-kazani","54":"product_tag-mesale-3-demlikli-siyah-elektrikli-otomatik","55":"product_tag-mesale-3-demlikli-siyah-elektrikli-otomatik-cay","56":"product_tag-mesale-3-demlikli-siyah-elektrikli-otomatik-cay-kazani","57":"product_tag-mesale-3-demlikli-siyah-elektrikli-otomatik-kazani","58":"pa_borular-bakir","59":"pa_demlik-sayisi-3-demlikli","60":"pa_govde-chromat","61":"pa_ic-hazne-7933","62":"pa_kahve-gozu-ocagi-var","63":"pa_kapasite-3-demlikli","64":"pa_kullanim-sekli-ustten-demlikli","65":"pa_panel-dijital","66":"pa_sac-kalinligi-7938","67":"pa_samandirali-otomatik-su-alma-var","68":"pa_tesisat-elektrik","69":"pa_yalitim-cam","71":"first","72":"instock","73":"taxable","74":"shipping-taxable","75":"purchasable","76":"product-type-simple"},"yoast_head":"<!-- This site is optimized with the Yoast SEO plugin v27.1.1 - https:\/\/yoast.com\/product\/yoast-seo-wordpress\/ -->\n<title>Me\u015fale 3 Demlikli Siyah Elektrikli Dijital Full Otomatik \u00c7ay Kazan\u0131 | Me\u015fale Store<\/title>\n<meta name=\"description\" content=\"Me\u015fale 3 Demlikli Siyah Elektrikli Dijital Full Otomatik \u00c7ay Kazan\u0131 i\u015fletmeler i\u00e7in tasarlanm\u0131\u015f y\u00fcksek kapasiteli bir \u00e7ay makinesidir. Y\u00fcksek demleme kapasitesiyle h\u0131zl\u0131 servis sa\u011flar; inox g\u00f6vdesiyle dayan\u0131kl\u0131d\u0131r.\" \/>\n<meta name=\"robots\" content=\"index, follow, max-snippet:-1, max-image-preview:large, max-video-preview:-1\" \/>\n<link rel=\"canonical\" href=\"https:\/\/mesalestore.com\/en\/product\/3-demlikli-siyah-elektrikli-dijital-full-otomatik-cay-kazani\/\" \/>\n<meta property=\"og:locale\" content=\"en_US\" \/>\n<meta property=\"og:type\" content=\"article\" \/>\n<meta property=\"og:title\" content=\"Me\u015fale 3 Demlikli Siyah Elektrikli Dijital Full Otomatik \u00c7ay Kazan\u0131 | Me\u015fale Store\" \/>\n<meta property=\"og:description\" content=\"Me\u015fale 3 Demlikli Siyah Elektrikli Dijital Full Otomatik \u00c7ay Kazan\u0131 i\u015fletmeler i\u00e7in tasarlanm\u0131\u015f y\u00fcksek kapasiteli bir \u00e7ay makinesidir. Y\u00fcksek demleme kapasitesiyle h\u0131zl\u0131 servis sa\u011flar; inox g\u00f6vdesiyle dayan\u0131kl\u0131d\u0131r.\" \/>\n<meta property=\"og:url\" content=\"https:\/\/mesalestore.com\/en\/product\/3-demlikli-siyah-elektrikli-dijital-full-otomatik-cay-kazani\/\" \/>\n<meta property=\"og:site_name\" content=\"Me\u015fale Store\" \/>\n<meta property=\"article:publisher\" content=\"https:\/\/www.facebook.com\/mesalecay\" \/>\n<meta property=\"article:modified_time\" content=\"2026-04-10T21:59:15+00:00\" \/>\n<meta property=\"og:image\" content=\"https:\/\/mesalestore.com\/wp-content\/uploads\/2026\/01\/1_org_zoom-355.jpg\" \/>\n\t<meta property=\"og:image:width\" content=\"1200\" \/>\n\t<meta property=\"og:image:height\" content=\"1800\" \/>\n\t<meta property=\"og:image:type\" content=\"image\/jpeg\" \/>\n<meta name=\"twitter:card\" content=\"summary_large_image\" \/>\n<meta name=\"twitter:site\" content=\"@mesalecaykazan\" \/>\n<meta name=\"twitter:label1\" content=\"Est. reading time\" \/>\n\t<meta name=\"twitter:data1\" content=\"1 minute\" \/>\n<script type=\"application\/ld+json\" class=\"yoast-schema-graph\">{\"@context\":\"https:\/\/schema.org\",\"@graph\":[{\"@type\":\"WebPage\",\"@id\":\"https:\/\/mesalestore.com\/en\/product\/3-demlikli-siyah-elektrikli-dijital-full-otomatik-cay-kazani\/\",\"url\":\"https:\/\/mesalestore.com\/en\/product\/3-demlikli-siyah-elektrikli-dijital-full-otomatik-cay-kazani\/\",\"name\":\"Me\u015fale 3 Demlikli Siyah Elektrikli Dijital Full Otomatik \u00c7ay Kazan\u0131 | Me\u015fale Store\",\"isPartOf\":{\"@id\":\"https:\/\/mesalestore.com\/en\/#website\"},\"primaryImageOfPage\":{\"@id\":\"https:\/\/mesalestore.com\/en\/product\/3-demlikli-siyah-elektrikli-dijital-full-otomatik-cay-kazani\/#primaryimage\"},\"image\":{\"@id\":\"https:\/\/mesalestore.com\/en\/product\/3-demlikli-siyah-elektrikli-dijital-full-otomatik-cay-kazani\/#primaryimage\"},\"thumbnailUrl\":\"https:\/\/mesalestore.com\/wp-content\/uploads\/2026\/01\/1_org_zoom-355.jpg\",\"datePublished\":\"2026-02-09T09:19:43+00:00\",\"dateModified\":\"2026-04-10T21:59:15+00:00\",\"description\":\"Me\u015fale 3 Demlikli Siyah Elektrikli Dijital Full Otomatik \u00c7ay Kazan\u0131 i\u015fletmeler i\u00e7in tasarlanm\u0131\u015f y\u00fcksek kapasiteli bir \u00e7ay makinesidir. Y\u00fcksek demleme kapasitesiyle h\u0131zl\u0131 servis sa\u011flar; inox g\u00f6vdesiyle dayan\u0131kl\u0131d\u0131r.\",\"breadcrumb\":{\"@id\":\"https:\/\/mesalestore.com\/en\/product\/3-demlikli-siyah-elektrikli-dijital-full-otomatik-cay-kazani\/#breadcrumb\"},\"inLanguage\":\"en-US\",\"potentialAction\":[{\"@type\":\"ReadAction\",\"target\":[\"https:\/\/mesalestore.com\/en\/product\/3-demlikli-siyah-elektrikli-dijital-full-otomatik-cay-kazani\/\"]}]},{\"@type\":\"ImageObject\",\"inLanguage\":\"en-US\",\"@id\":\"https:\/\/mesalestore.com\/en\/product\/3-demlikli-siyah-elektrikli-dijital-full-otomatik-cay-kazani\/#primaryimage\",\"url\":\"https:\/\/mesalestore.com\/wp-content\/uploads\/2026\/01\/1_org_zoom-355.jpg\",\"contentUrl\":\"https:\/\/mesalestore.com\/wp-content\/uploads\/2026\/01\/1_org_zoom-355.jpg\",\"width\":1200,\"height\":1800},{\"@type\":\"BreadcrumbList\",\"@id\":\"https:\/\/mesalestore.com\/en\/product\/3-demlikli-siyah-elektrikli-dijital-full-otomatik-cay-kazani\/#breadcrumb\",\"itemListElement\":[{\"@type\":\"ListItem\",\"position\":1,\"name\":\"Anasayfa\",\"item\":\"https:\/\/mesalestore.com\/en\/\"},{\"@type\":\"ListItem\",\"position\":2,\"name\":\"Products\",\"item\":\"https:\/\/mesalestore.com\/en\/shop\/\"},{\"@type\":\"ListItem\",\"position\":3,\"name\":\"Me\u015fale 3 Demlikli Siyah Elektrikli Dijital Full Otomatik \u00c7ay Kazan\u0131\"}]},{\"@type\":\"WebSite\",\"@id\":\"https:\/\/mesalestore.com\/en\/#website\",\"url\":\"https:\/\/mesalestore.com\/en\/\",\"name\":\"Me\u015fale Store\",\"description\":\"\",\"publisher\":{\"@id\":\"https:\/\/mesalestore.com\/en\/#organization\"},\"potentialAction\":[{\"@type\":\"SearchAction\",\"target\":{\"@type\":\"EntryPoint\",\"urlTemplate\":\"https:\/\/mesalestore.com\/en\/?s={search_term_string}\"},\"query-input\":{\"@type\":\"PropertyValueSpecification\",\"valueRequired\":true,\"valueName\":\"search_term_string\"}}],\"inLanguage\":\"en-US\"},{\"@type\":\"Organization\",\"@id\":\"https:\/\/mesalestore.com\/en\/#organization\",\"name\":\"Me\u015fale Store\",\"url\":\"https:\/\/mesalestore.com\/en\/\",\"logo\":{\"@type\":\"ImageObject\",\"inLanguage\":\"en-US\",\"@id\":\"https:\/\/mesalestore.com\/en\/#\/schema\/logo\/image\/\",\"url\":\"https:\/\/mesalestore.com\/wp-content\/uploads\/2026\/03\/logo-header-yeni-1.webp\",\"contentUrl\":\"https:\/\/mesalestore.com\/wp-content\/uploads\/2026\/03\/logo-header-yeni-1.webp\",\"width\":419,\"height\":147,\"caption\":\"Me\u015fale Store\"},\"image\":{\"@id\":\"https:\/\/mesalestore.com\/en\/#\/schema\/logo\/image\/\"},\"sameAs\":[\"https:\/\/www.facebook.com\/mesalecay\",\"https:\/\/x.com\/mesalecaykazan\",\"https:\/\/www.instagram.com\/mesalecaykazan\/\"]}]}<\/script>\n<!-- \/ Yoast SEO plugin. -->","yoast_head_json":{"title":"Me\u015fale 3 Demlikli Siyah Elektrikli Dijital Full Otomatik \u00c7ay Kazan\u0131 | Me\u015fale Store","description":"Me\u015fale 3 Demlikli Siyah Elektrikli Dijital Full Otomatik \u00c7ay Kazan\u0131 i\u015fletmeler i\u00e7in tasarlanm\u0131\u015f y\u00fcksek kapasiteli bir \u00e7ay makinesidir. Y\u00fcksek demleme kapasitesiyle h\u0131zl\u0131 servis sa\u011flar; inox g\u00f6vdesiyle dayan\u0131kl\u0131d\u0131r.","robots":{"index":"index","follow":"follow","max-snippet":"max-snippet:-1","max-image-preview":"max-image-preview:large","max-video-preview":"max-video-preview:-1"},"canonical":"https:\/\/mesalestore.com\/en\/product\/3-demlikli-siyah-elektrikli-dijital-full-otomatik-cay-kazani\/","og_locale":"en_US","og_type":"article","og_title":"Me\u015fale 3 Demlikli Siyah Elektrikli Dijital Full Otomatik \u00c7ay Kazan\u0131 | Me\u015fale Store","og_description":"Me\u015fale 3 Demlikli Siyah Elektrikli Dijital Full Otomatik \u00c7ay Kazan\u0131 i\u015fletmeler i\u00e7in tasarlanm\u0131\u015f y\u00fcksek kapasiteli bir \u00e7ay makinesidir. Y\u00fcksek demleme kapasitesiyle h\u0131zl\u0131 servis sa\u011flar; inox g\u00f6vdesiyle dayan\u0131kl\u0131d\u0131r.","og_url":"https:\/\/mesalestore.com\/en\/product\/3-demlikli-siyah-elektrikli-dijital-full-otomatik-cay-kazani\/","og_site_name":"Me\u015fale Store","article_publisher":"https:\/\/www.facebook.com\/mesalecay","article_modified_time":"2026-04-10T21:59:15+00:00","og_image":[{"width":1200,"height":1800,"url":"https:\/\/mesalestore.com\/wp-content\/uploads\/2026\/01\/1_org_zoom-355.jpg","type":"image\/jpeg"}],"twitter_card":"summary_large_image","twitter_site":"@mesalecaykazan","twitter_misc":{"Est. reading time":"1 minute"},"schema":{"@context":"https:\/\/schema.org","@graph":[{"@type":"WebPage","@id":"https:\/\/mesalestore.com\/en\/product\/3-demlikli-siyah-elektrikli-dijital-full-otomatik-cay-kazani\/","url":"https:\/\/mesalestore.com\/en\/product\/3-demlikli-siyah-elektrikli-dijital-full-otomatik-cay-kazani\/","name":"Me\u015fale 3 Demlikli Siyah Elektrikli Dijital Full Otomatik \u00c7ay Kazan\u0131 | Me\u015fale Store","isPartOf":{"@id":"https:\/\/mesalestore.com\/en\/#website"},"primaryImageOfPage":{"@id":"https:\/\/mesalestore.com\/en\/product\/3-demlikli-siyah-elektrikli-dijital-full-otomatik-cay-kazani\/#primaryimage"},"image":{"@id":"https:\/\/mesalestore.com\/en\/product\/3-demlikli-siyah-elektrikli-dijital-full-otomatik-cay-kazani\/#primaryimage"},"thumbnailUrl":"https:\/\/mesalestore.com\/wp-content\/uploads\/2026\/01\/1_org_zoom-355.jpg","datePublished":"2026-02-09T09:19:43+00:00","dateModified":"2026-04-10T21:59:15+00:00","description":"Me\u015fale 3 Demlikli Siyah Elektrikli Dijital Full Otomatik \u00c7ay Kazan\u0131 i\u015fletmeler i\u00e7in tasarlanm\u0131\u015f y\u00fcksek kapasiteli bir \u00e7ay makinesidir. Y\u00fcksek demleme kapasitesiyle h\u0131zl\u0131 servis sa\u011flar; inox g\u00f6vdesiyle dayan\u0131kl\u0131d\u0131r.","breadcrumb":{"@id":"https:\/\/mesalestore.com\/en\/product\/3-demlikli-siyah-elektrikli-dijital-full-otomatik-cay-kazani\/#breadcrumb"},"inLanguage":"en-US","potentialAction":[{"@type":"ReadAction","target":["https:\/\/mesalestore.com\/en\/product\/3-demlikli-siyah-elektrikli-dijital-full-otomatik-cay-kazani\/"]}]},{"@type":"ImageObject","inLanguage":"en-US","@id":"https:\/\/mesalestore.com\/en\/product\/3-demlikli-siyah-elektrikli-dijital-full-otomatik-cay-kazani\/#primaryimage","url":"https:\/\/mesalestore.com\/wp-content\/uploads\/2026\/01\/1_org_zoom-355.jpg","contentUrl":"https:\/\/mesalestore.com\/wp-content\/uploads\/2026\/01\/1_org_zoom-355.jpg","width":1200,"height":1800},{"@type":"BreadcrumbList","@id":"https:\/\/mesalestore.com\/en\/product\/3-demlikli-siyah-elektrikli-dijital-full-otomatik-cay-kazani\/#breadcrumb","itemListElement":[{"@type":"ListItem","position":1,"name":"Anasayfa","item":"https:\/\/mesalestore.com\/en\/"},{"@type":"ListItem","position":2,"name":"Products","item":"https:\/\/mesalestore.com\/en\/shop\/"},{"@type":"ListItem","position":3,"name":"Me\u015fale 3 Demlikli Siyah Elektrikli Dijital Full Otomatik \u00c7ay Kazan\u0131"}]},{"@type":"WebSite","@id":"https:\/\/mesalestore.com\/en\/#website","url":"https:\/\/mesalestore.com\/en\/","name":"Me\u015fale Store","description":"","publisher":{"@id":"https:\/\/mesalestore.com\/en\/#organization"},"potentialAction":[{"@type":"SearchAction","target":{"@type":"EntryPoint","urlTemplate":"https:\/\/mesalestore.com\/en\/?s={search_term_string}"},"query-input":{"@type":"PropertyValueSpecification","valueRequired":true,"valueName":"search_term_string"}}],"inLanguage":"en-US"},{"@type":"Organization","@id":"https:\/\/mesalestore.com\/en\/#organization","name":"Me\u015fale Store","url":"https:\/\/mesalestore.com\/en\/","logo":{"@type":"ImageObject","inLanguage":"en-US","@id":"https:\/\/mesalestore.com\/en\/#\/schema\/logo\/image\/","url":"https:\/\/mesalestore.com\/wp-content\/uploads\/2026\/03\/logo-header-yeni-1.webp","contentUrl":"https:\/\/mesalestore.com\/wp-content\/uploads\/2026\/03\/logo-header-yeni-1.webp","width":419,"height":147,"caption":"Me\u015fale Store"},"image":{"@id":"https:\/\/mesalestore.com\/en\/#\/schema\/logo\/image\/"},"sameAs":["https:\/\/www.facebook.com\/mesalecay","https:\/\/x.com\/mesalecaykazan","https:\/\/www.instagram.com\/mesalecaykazan\/"]}]}},"_links":{"self":[{"href":"https:\/\/mesalestore.com\/en\/wp-json\/wp\/v2\/product\/2598","targetHints":{"allow":["GET"]}}],"collection":[{"href":"https:\/\/mesalestore.com\/en\/wp-json\/wp\/v2\/product"}],"about":[{"href":"https:\/\/mesalestore.com\/en\/wp-json\/wp\/v2\/types\/product"}],"replies":[{"embeddable":true,"href":"https:\/\/mesalestore.com\/en\/wp-json\/wp\/v2\/comments?post=2598"}],"wp:featuredmedia":[{"embeddable":true,"href":"https:\/\/mesalestore.com\/en\/wp-json\/wp\/v2\/media\/1182"}],"wp:attachment":[{"href":"https:\/\/mesalestore.com\/en\/wp-json\/wp\/v2\/media?parent=2598"}],"wp:term":[{"taxonomy":"product_brand","embeddable":true,"href":"https:\/\/mesalestore.com\/en\/wp-json\/wp\/v2\/product_brand?post=2598"},{"taxonomy":"product_cat","embeddable":true,"href":"https:\/\/mesalestore.com\/en\/wp-json\/wp\/v2\/product_cat?post=2598"},{"taxonomy":"product_tag","embeddable":true,"href":"https:\/\/mesalestore.com\/en\/wp-json\/wp\/v2\/product_tag?post=2598"}],"curies":[{"name":"wp","href":"https:\/\/api.w.org\/{rel}","templated":true}]}}