{"id":2595,"date":"2026-02-09T12:19:42","date_gmt":"2026-02-09T09:19:42","guid":{"rendered":"http:\/\/mesalestore.com\/product\/4-demlikli-inox-elektrik-gazli-full-otomatik-cay-kazani\/"},"modified":"2026-04-11T00:59:16","modified_gmt":"2026-04-10T21:59:16","slug":"4-demlikli-inox-elektrik-gazli-full-otomatik-cay-kazani","status":"publish","type":"product","link":"https:\/\/mesalestore.com\/en\/product\/4-demlikli-inox-elektrik-gazli-full-otomatik-cay-kazani\/","title":{"rendered":"Me\u015fale 4 Demlikli \u0130nox Elektrik + Gazl\u0131 Full Otomatik \u00c7ay Kazan\u0131"},"content":{"rendered":"<p>Me\u015fale 4 Demlikli \u0130nox Elektrik + Gazl\u0131 Full Otomatik \u00c7ay Kazan\u0131, <strong>ticari mutfaklar<\/strong> i\u00e7in m\u00fckemmel bir se\u00e7imdir. <strong>4 demlik kapasitesi<\/strong> ile i\u015fletmelerinizde h\u0131zl\u0131 ve verimli bir \u015fekilde \u00e7ay demleyebilirsiniz. <strong>Elektrikli ve gazl\u0131<\/strong> \u00e7al\u0131\u015fma \u00f6zellikleri, her t\u00fcr mutfak ortam\u0131na uyum sa\u011flayacak esneklik sunar ve her zaman <strong>y\u00fcksek verimlilik<\/strong> sa\u011flar.<\/p>\n<p><strong>Full otomatik<\/strong> sistem sayesinde \u00e7ay demleme i\u015flemi tamamen otomatik hale gelir, b\u00f6ylece hem zaman hem de i\u015f g\u00fcc\u00fc tasarrufu sa\u011flar. <strong>\u0130nox tasar\u0131m\u0131<\/strong>, cihaz\u0131n <strong>\u015f\u0131k ve modern<\/strong> g\u00f6r\u00fcnmesini sa\u011flar, ayn\u0131 zamanda <strong>dayan\u0131kl\u0131<\/strong> yap\u0131s\u0131 ile uzun \u00f6m\u00fcrl\u00fc kullan\u0131m sunar. Bu \u00e7ay kazan\u0131, <strong>y\u00fcksek kapasiteli<\/strong> ve <strong>enerji verimli<\/strong> yap\u0131s\u0131yla, i\u015fletmenizde m\u00fckemmel sonu\u00e7lar elde etmenizi sa\u011flar.<\/p>\n<p>\u0130ster bir <strong>restoran<\/strong>, ister bir <strong>otel<\/strong> veya <strong>kafe i\u015fletmesi<\/strong> olun, Me\u015fale 4 Demlikli \u0130nox Elektrik + Gazl\u0131 Full Otomatik \u00c7ay Kazan\u0131, <strong>profesyonel kullan\u0131m<\/strong> i\u00e7in ideal bir tercihtir. <strong>\u015e\u0131k tasar\u0131m\u0131<\/strong> ve <strong>y\u00fcksek performans\u0131<\/strong> ile mutfa\u011f\u0131n\u0131za de\u011fer katacak ve her kullan\u0131mda m\u00fckemmel \u00e7ay demleme deneyimi sa\u011flayacakt\u0131r.<\/p>","protected":false},"excerpt":{"rendered":"<p>Me\u015fale 4 Demlikli \u0130nox Elektrik + Gazl\u0131 Full Otomatik \u00c7ay Kazan\u0131 i\u015fletmeler i\u00e7in tasarlanm\u0131\u015f y\u00fcksek kapasiteli bir \u00e7ay makinesidir. Y\u00fcksek demleme kapasitesiyle h\u0131zl\u0131 servis sa\u011flar; inox g\u00f6vdesiyle dayan\u0131kl\u0131d\u0131r.<\/p>","protected":false},"featured_media":1166,"comment_status":"closed","ping_status":"closed","template":"","meta":[],"product_brand":[7749],"product_cat":[7771],"product_tag":[16,2785,2786,4264,4265,4294,4295,4282,4287,4288,4289,4283,4284,4285,4286,4266,4279,4280,4267,4272,4273,4274,4268,4269,4270,4271,4281,4275,4276,4277,4278,4296,4290,4291,4292,4293,4297,4310,4298,4303,4304,4305,4299,4300,4301,4302,4306,4307,4308,4309],"class_list":{"0":"post-2595","1":"product","2":"type-product","3":"status-publish","4":"has-post-thumbnail","6":"product_brand-mesale","7":"product_cat-cay-kazanlari","8":"product_tag-mesale","9":"product_tag-mesale-4","10":"product_tag-mesale-4-demlikli","11":"product_tag-mesale-4-demlikli-inox","12":"product_tag-mesale-4-demlikli-inox-elektrik","13":"product_tag-mesale-4-demlikli-inox-elektrik-cay","14":"product_tag-mesale-4-demlikli-inox-elektrik-cay-kazani","15":"product_tag-mesale-4-demlikli-inox-elektrik-full","16":"product_tag-mesale-4-demlikli-inox-elektrik-full-cay","17":"product_tag-mesale-4-demlikli-inox-elektrik-full-cay-kazani","18":"product_tag-mesale-4-demlikli-inox-elektrik-full-kazani","19":"product_tag-mesale-4-demlikli-inox-elektrik-full-otomatik","20":"product_tag-mesale-4-demlikli-inox-elektrik-full-otomatik-cay","21":"product_tag-mesale-4-demlikli-inox-elektrik-full-otomatik-cay-kazani","22":"product_tag-mesale-4-demlikli-inox-elektrik-full-otomatik-kazani","23":"product_tag-mesale-4-demlikli-inox-elektrik-gazli","24":"product_tag-mesale-4-demlikli-inox-elektrik-gazli-cay","25":"product_tag-mesale-4-demlikli-inox-elektrik-gazli-cay-kazani","26":"product_tag-mesale-4-demlikli-inox-elektrik-gazli-full","27":"product_tag-mesale-4-demlikli-inox-elektrik-gazli-full-cay","28":"product_tag-mesale-4-demlikli-inox-elektrik-gazli-full-cay-kazani","29":"product_tag-mesale-4-demlikli-inox-elektrik-gazli-full-kazani","30":"product_tag-mesale-4-demlikli-inox-elektrik-gazli-full-otomatik","31":"product_tag-mesale-4-demlikli-inox-elektrik-gazli-full-otomatik-cay","32":"product_tag-mesale-4-demlikli-inox-elektrik-gazli-full-otomatik-cay-kazani","33":"product_tag-mesale-4-demlikli-inox-elektrik-gazli-full-otomatik-kazani","34":"product_tag-mesale-4-demlikli-inox-elektrik-gazli-kazani","35":"product_tag-mesale-4-demlikli-inox-elektrik-gazli-otomatik","36":"product_tag-mesale-4-demlikli-inox-elektrik-gazli-otomatik-cay","37":"product_tag-mesale-4-demlikli-inox-elektrik-gazli-otomatik-cay-kazani","38":"product_tag-mesale-4-demlikli-inox-elektrik-gazli-otomatik-kazani","39":"product_tag-mesale-4-demlikli-inox-elektrik-kazani","40":"product_tag-mesale-4-demlikli-inox-elektrik-otomatik","41":"product_tag-mesale-4-demlikli-inox-elektrik-otomatik-cay","42":"product_tag-mesale-4-demlikli-inox-elektrik-otomatik-cay-kazani","43":"product_tag-mesale-4-demlikli-inox-elektrik-otomatik-kazani","44":"product_tag-mesale-4-demlikli-inox-gazli","45":"product_tag-mesale-4-demlikli-inox-gazli-cay","46":"product_tag-mesale-4-demlikli-inox-gazli-full","47":"product_tag-mesale-4-demlikli-inox-gazli-full-cay","48":"product_tag-mesale-4-demlikli-inox-gazli-full-cay-kazani","49":"product_tag-mesale-4-demlikli-inox-gazli-full-kazani","50":"product_tag-mesale-4-demlikli-inox-gazli-full-otomatik","51":"product_tag-mesale-4-demlikli-inox-gazli-full-otomatik-cay","52":"product_tag-mesale-4-demlikli-inox-gazli-full-otomatik-cay-kazani","53":"product_tag-mesale-4-demlikli-inox-gazli-full-otomatik-kazani","54":"product_tag-mesale-4-demlikli-inox-gazli-otomatik","55":"product_tag-mesale-4-demlikli-inox-gazli-otomatik-cay","56":"product_tag-mesale-4-demlikli-inox-gazli-otomatik-cay-kazani","57":"product_tag-mesale-4-demlikli-inox-gazli-otomatik-kazani","58":"pa_borular-bakir","59":"pa_demlik-sayisi-4-demlikli","60":"pa_govde-inox","61":"pa_ic-hazne-7933","62":"pa_kahve-gozu-ocagi-var","63":"pa_kapasite-4-demlikli","64":"pa_kullanim-sekli-ustten-demlikli","65":"pa_panel-manuel","66":"pa_sac-kalinligi-7938","67":"pa_samandirali-otomatik-su-alma-var","68":"pa_tesisat-hibrit","69":"pa_yalitim-cam","71":"first","72":"instock","73":"taxable","74":"shipping-taxable","75":"purchasable","76":"product-type-simple"},"yoast_head":"<!-- This site is optimized with the Yoast SEO plugin v27.1.1 - https:\/\/yoast.com\/product\/yoast-seo-wordpress\/ -->\n<title>Me\u015fale 4 Demlikli \u0130nox Elektrik + Gazl\u0131 Full Otomatik \u00c7ay Kazan\u0131 | Me\u015fale Store<\/title>\n<meta name=\"description\" content=\"Me\u015fale 4 Demlikli \u0130nox Elektrik + Gazl\u0131 Full Otomatik \u00c7ay Kazan\u0131 i\u015fletmeler i\u00e7in tasarlanm\u0131\u015f y\u00fcksek kapasiteli bir \u00e7ay makinesidir. Y\u00fcksek demleme kapasitesiyle h\u0131zl\u0131 servis sa\u011flar; inox g\u00f6vdesiyle dayan\u0131kl\u0131d\u0131r.\" \/>\n<meta name=\"robots\" content=\"index, follow, max-snippet:-1, max-image-preview:large, max-video-preview:-1\" \/>\n<link rel=\"canonical\" href=\"https:\/\/mesalestore.com\/en\/product\/4-demlikli-inox-elektrik-gazli-full-otomatik-cay-kazani\/\" \/>\n<meta property=\"og:locale\" content=\"en_US\" \/>\n<meta property=\"og:type\" content=\"article\" \/>\n<meta property=\"og:title\" content=\"Me\u015fale 4 Demlikli \u0130nox Elektrik + Gazl\u0131 Full Otomatik \u00c7ay Kazan\u0131 | Me\u015fale Store\" \/>\n<meta property=\"og:description\" content=\"Me\u015fale 4 Demlikli \u0130nox Elektrik + Gazl\u0131 Full Otomatik \u00c7ay Kazan\u0131 i\u015fletmeler i\u00e7in tasarlanm\u0131\u015f y\u00fcksek kapasiteli bir \u00e7ay makinesidir. Y\u00fcksek demleme kapasitesiyle h\u0131zl\u0131 servis sa\u011flar; inox g\u00f6vdesiyle dayan\u0131kl\u0131d\u0131r.\" \/>\n<meta property=\"og:url\" content=\"https:\/\/mesalestore.com\/en\/product\/4-demlikli-inox-elektrik-gazli-full-otomatik-cay-kazani\/\" \/>\n<meta property=\"og:site_name\" content=\"Me\u015fale Store\" \/>\n<meta property=\"article:publisher\" content=\"https:\/\/www.facebook.com\/mesalecay\" \/>\n<meta property=\"article:modified_time\" content=\"2026-04-10T21:59:16+00:00\" \/>\n<meta property=\"og:image\" content=\"https:\/\/mesalestore.com\/wp-content\/uploads\/2026\/01\/1_org_zoom-344.jpg\" \/>\n\t<meta property=\"og:image:width\" content=\"1200\" \/>\n\t<meta property=\"og:image:height\" content=\"1800\" \/>\n\t<meta property=\"og:image:type\" content=\"image\/jpeg\" \/>\n<meta name=\"twitter:card\" content=\"summary_large_image\" \/>\n<meta name=\"twitter:site\" content=\"@mesalecaykazan\" \/>\n<meta name=\"twitter:label1\" content=\"Est. reading time\" \/>\n\t<meta name=\"twitter:data1\" content=\"2 minutes\" \/>\n<script type=\"application\/ld+json\" class=\"yoast-schema-graph\">{\"@context\":\"https:\/\/schema.org\",\"@graph\":[{\"@type\":\"WebPage\",\"@id\":\"https:\/\/mesalestore.com\/en\/product\/4-demlikli-inox-elektrik-gazli-full-otomatik-cay-kazani\/\",\"url\":\"https:\/\/mesalestore.com\/en\/product\/4-demlikli-inox-elektrik-gazli-full-otomatik-cay-kazani\/\",\"name\":\"Me\u015fale 4 Demlikli \u0130nox Elektrik + Gazl\u0131 Full Otomatik \u00c7ay Kazan\u0131 | Me\u015fale Store\",\"isPartOf\":{\"@id\":\"https:\/\/mesalestore.com\/en\/#website\"},\"primaryImageOfPage\":{\"@id\":\"https:\/\/mesalestore.com\/en\/product\/4-demlikli-inox-elektrik-gazli-full-otomatik-cay-kazani\/#primaryimage\"},\"image\":{\"@id\":\"https:\/\/mesalestore.com\/en\/product\/4-demlikli-inox-elektrik-gazli-full-otomatik-cay-kazani\/#primaryimage\"},\"thumbnailUrl\":\"https:\/\/mesalestore.com\/wp-content\/uploads\/2026\/01\/1_org_zoom-344.jpg\",\"datePublished\":\"2026-02-09T09:19:42+00:00\",\"dateModified\":\"2026-04-10T21:59:16+00:00\",\"description\":\"Me\u015fale 4 Demlikli \u0130nox Elektrik + Gazl\u0131 Full Otomatik \u00c7ay Kazan\u0131 i\u015fletmeler i\u00e7in tasarlanm\u0131\u015f y\u00fcksek kapasiteli bir \u00e7ay makinesidir. Y\u00fcksek demleme kapasitesiyle h\u0131zl\u0131 servis sa\u011flar; inox g\u00f6vdesiyle dayan\u0131kl\u0131d\u0131r.\",\"breadcrumb\":{\"@id\":\"https:\/\/mesalestore.com\/en\/product\/4-demlikli-inox-elektrik-gazli-full-otomatik-cay-kazani\/#breadcrumb\"},\"inLanguage\":\"en-US\",\"potentialAction\":[{\"@type\":\"ReadAction\",\"target\":[\"https:\/\/mesalestore.com\/en\/product\/4-demlikli-inox-elektrik-gazli-full-otomatik-cay-kazani\/\"]}]},{\"@type\":\"ImageObject\",\"inLanguage\":\"en-US\",\"@id\":\"https:\/\/mesalestore.com\/en\/product\/4-demlikli-inox-elektrik-gazli-full-otomatik-cay-kazani\/#primaryimage\",\"url\":\"https:\/\/mesalestore.com\/wp-content\/uploads\/2026\/01\/1_org_zoom-344.jpg\",\"contentUrl\":\"https:\/\/mesalestore.com\/wp-content\/uploads\/2026\/01\/1_org_zoom-344.jpg\",\"width\":1200,\"height\":1800},{\"@type\":\"BreadcrumbList\",\"@id\":\"https:\/\/mesalestore.com\/en\/product\/4-demlikli-inox-elektrik-gazli-full-otomatik-cay-kazani\/#breadcrumb\",\"itemListElement\":[{\"@type\":\"ListItem\",\"position\":1,\"name\":\"Anasayfa\",\"item\":\"https:\/\/mesalestore.com\/en\/\"},{\"@type\":\"ListItem\",\"position\":2,\"name\":\"Products\",\"item\":\"https:\/\/mesalestore.com\/en\/shop\/\"},{\"@type\":\"ListItem\",\"position\":3,\"name\":\"Me\u015fale 4 Demlikli \u0130nox Elektrik + Gazl\u0131 Full Otomatik \u00c7ay Kazan\u0131\"}]},{\"@type\":\"WebSite\",\"@id\":\"https:\/\/mesalestore.com\/en\/#website\",\"url\":\"https:\/\/mesalestore.com\/en\/\",\"name\":\"Me\u015fale Store\",\"description\":\"\",\"publisher\":{\"@id\":\"https:\/\/mesalestore.com\/en\/#organization\"},\"potentialAction\":[{\"@type\":\"SearchAction\",\"target\":{\"@type\":\"EntryPoint\",\"urlTemplate\":\"https:\/\/mesalestore.com\/en\/?s={search_term_string}\"},\"query-input\":{\"@type\":\"PropertyValueSpecification\",\"valueRequired\":true,\"valueName\":\"search_term_string\"}}],\"inLanguage\":\"en-US\"},{\"@type\":\"Organization\",\"@id\":\"https:\/\/mesalestore.com\/en\/#organization\",\"name\":\"Me\u015fale Store\",\"url\":\"https:\/\/mesalestore.com\/en\/\",\"logo\":{\"@type\":\"ImageObject\",\"inLanguage\":\"en-US\",\"@id\":\"https:\/\/mesalestore.com\/en\/#\/schema\/logo\/image\/\",\"url\":\"https:\/\/mesalestore.com\/wp-content\/uploads\/2026\/03\/logo-header-yeni-1.webp\",\"contentUrl\":\"https:\/\/mesalestore.com\/wp-content\/uploads\/2026\/03\/logo-header-yeni-1.webp\",\"width\":419,\"height\":147,\"caption\":\"Me\u015fale Store\"},\"image\":{\"@id\":\"https:\/\/mesalestore.com\/en\/#\/schema\/logo\/image\/\"},\"sameAs\":[\"https:\/\/www.facebook.com\/mesalecay\",\"https:\/\/x.com\/mesalecaykazan\",\"https:\/\/www.instagram.com\/mesalecaykazan\/\"]}]}<\/script>\n<!-- \/ Yoast SEO plugin. -->","yoast_head_json":{"title":"Me\u015fale 4 Demlikli \u0130nox Elektrik + Gazl\u0131 Full Otomatik \u00c7ay Kazan\u0131 | Me\u015fale Store","description":"Me\u015fale 4 Demlikli \u0130nox Elektrik + Gazl\u0131 Full Otomatik \u00c7ay Kazan\u0131 i\u015fletmeler i\u00e7in tasarlanm\u0131\u015f y\u00fcksek kapasiteli bir \u00e7ay makinesidir. Y\u00fcksek demleme kapasitesiyle h\u0131zl\u0131 servis sa\u011flar; inox g\u00f6vdesiyle dayan\u0131kl\u0131d\u0131r.","robots":{"index":"index","follow":"follow","max-snippet":"max-snippet:-1","max-image-preview":"max-image-preview:large","max-video-preview":"max-video-preview:-1"},"canonical":"https:\/\/mesalestore.com\/en\/product\/4-demlikli-inox-elektrik-gazli-full-otomatik-cay-kazani\/","og_locale":"en_US","og_type":"article","og_title":"Me\u015fale 4 Demlikli \u0130nox Elektrik + Gazl\u0131 Full Otomatik \u00c7ay Kazan\u0131 | Me\u015fale Store","og_description":"Me\u015fale 4 Demlikli \u0130nox Elektrik + Gazl\u0131 Full Otomatik \u00c7ay Kazan\u0131 i\u015fletmeler i\u00e7in tasarlanm\u0131\u015f y\u00fcksek kapasiteli bir \u00e7ay makinesidir. Y\u00fcksek demleme kapasitesiyle h\u0131zl\u0131 servis sa\u011flar; inox g\u00f6vdesiyle dayan\u0131kl\u0131d\u0131r.","og_url":"https:\/\/mesalestore.com\/en\/product\/4-demlikli-inox-elektrik-gazli-full-otomatik-cay-kazani\/","og_site_name":"Me\u015fale Store","article_publisher":"https:\/\/www.facebook.com\/mesalecay","article_modified_time":"2026-04-10T21:59:16+00:00","og_image":[{"width":1200,"height":1800,"url":"https:\/\/mesalestore.com\/wp-content\/uploads\/2026\/01\/1_org_zoom-344.jpg","type":"image\/jpeg"}],"twitter_card":"summary_large_image","twitter_site":"@mesalecaykazan","twitter_misc":{"Est. reading time":"2 minutes"},"schema":{"@context":"https:\/\/schema.org","@graph":[{"@type":"WebPage","@id":"https:\/\/mesalestore.com\/en\/product\/4-demlikli-inox-elektrik-gazli-full-otomatik-cay-kazani\/","url":"https:\/\/mesalestore.com\/en\/product\/4-demlikli-inox-elektrik-gazli-full-otomatik-cay-kazani\/","name":"Me\u015fale 4 Demlikli \u0130nox Elektrik + Gazl\u0131 Full Otomatik \u00c7ay Kazan\u0131 | Me\u015fale Store","isPartOf":{"@id":"https:\/\/mesalestore.com\/en\/#website"},"primaryImageOfPage":{"@id":"https:\/\/mesalestore.com\/en\/product\/4-demlikli-inox-elektrik-gazli-full-otomatik-cay-kazani\/#primaryimage"},"image":{"@id":"https:\/\/mesalestore.com\/en\/product\/4-demlikli-inox-elektrik-gazli-full-otomatik-cay-kazani\/#primaryimage"},"thumbnailUrl":"https:\/\/mesalestore.com\/wp-content\/uploads\/2026\/01\/1_org_zoom-344.jpg","datePublished":"2026-02-09T09:19:42+00:00","dateModified":"2026-04-10T21:59:16+00:00","description":"Me\u015fale 4 Demlikli \u0130nox Elektrik + Gazl\u0131 Full Otomatik \u00c7ay Kazan\u0131 i\u015fletmeler i\u00e7in tasarlanm\u0131\u015f y\u00fcksek kapasiteli bir \u00e7ay makinesidir. Y\u00fcksek demleme kapasitesiyle h\u0131zl\u0131 servis sa\u011flar; inox g\u00f6vdesiyle dayan\u0131kl\u0131d\u0131r.","breadcrumb":{"@id":"https:\/\/mesalestore.com\/en\/product\/4-demlikli-inox-elektrik-gazli-full-otomatik-cay-kazani\/#breadcrumb"},"inLanguage":"en-US","potentialAction":[{"@type":"ReadAction","target":["https:\/\/mesalestore.com\/en\/product\/4-demlikli-inox-elektrik-gazli-full-otomatik-cay-kazani\/"]}]},{"@type":"ImageObject","inLanguage":"en-US","@id":"https:\/\/mesalestore.com\/en\/product\/4-demlikli-inox-elektrik-gazli-full-otomatik-cay-kazani\/#primaryimage","url":"https:\/\/mesalestore.com\/wp-content\/uploads\/2026\/01\/1_org_zoom-344.jpg","contentUrl":"https:\/\/mesalestore.com\/wp-content\/uploads\/2026\/01\/1_org_zoom-344.jpg","width":1200,"height":1800},{"@type":"BreadcrumbList","@id":"https:\/\/mesalestore.com\/en\/product\/4-demlikli-inox-elektrik-gazli-full-otomatik-cay-kazani\/#breadcrumb","itemListElement":[{"@type":"ListItem","position":1,"name":"Anasayfa","item":"https:\/\/mesalestore.com\/en\/"},{"@type":"ListItem","position":2,"name":"Products","item":"https:\/\/mesalestore.com\/en\/shop\/"},{"@type":"ListItem","position":3,"name":"Me\u015fale 4 Demlikli \u0130nox Elektrik + Gazl\u0131 Full Otomatik \u00c7ay Kazan\u0131"}]},{"@type":"WebSite","@id":"https:\/\/mesalestore.com\/en\/#website","url":"https:\/\/mesalestore.com\/en\/","name":"Me\u015fale Store","description":"","publisher":{"@id":"https:\/\/mesalestore.com\/en\/#organization"},"potentialAction":[{"@type":"SearchAction","target":{"@type":"EntryPoint","urlTemplate":"https:\/\/mesalestore.com\/en\/?s={search_term_string}"},"query-input":{"@type":"PropertyValueSpecification","valueRequired":true,"valueName":"search_term_string"}}],"inLanguage":"en-US"},{"@type":"Organization","@id":"https:\/\/mesalestore.com\/en\/#organization","name":"Me\u015fale Store","url":"https:\/\/mesalestore.com\/en\/","logo":{"@type":"ImageObject","inLanguage":"en-US","@id":"https:\/\/mesalestore.com\/en\/#\/schema\/logo\/image\/","url":"https:\/\/mesalestore.com\/wp-content\/uploads\/2026\/03\/logo-header-yeni-1.webp","contentUrl":"https:\/\/mesalestore.com\/wp-content\/uploads\/2026\/03\/logo-header-yeni-1.webp","width":419,"height":147,"caption":"Me\u015fale Store"},"image":{"@id":"https:\/\/mesalestore.com\/en\/#\/schema\/logo\/image\/"},"sameAs":["https:\/\/www.facebook.com\/mesalecay","https:\/\/x.com\/mesalecaykazan","https:\/\/www.instagram.com\/mesalecaykazan\/"]}]}},"_links":{"self":[{"href":"https:\/\/mesalestore.com\/en\/wp-json\/wp\/v2\/product\/2595","targetHints":{"allow":["GET"]}}],"collection":[{"href":"https:\/\/mesalestore.com\/en\/wp-json\/wp\/v2\/product"}],"about":[{"href":"https:\/\/mesalestore.com\/en\/wp-json\/wp\/v2\/types\/product"}],"replies":[{"embeddable":true,"href":"https:\/\/mesalestore.com\/en\/wp-json\/wp\/v2\/comments?post=2595"}],"wp:featuredmedia":[{"embeddable":true,"href":"https:\/\/mesalestore.com\/en\/wp-json\/wp\/v2\/media\/1166"}],"wp:attachment":[{"href":"https:\/\/mesalestore.com\/en\/wp-json\/wp\/v2\/media?parent=2595"}],"wp:term":[{"taxonomy":"product_brand","embeddable":true,"href":"https:\/\/mesalestore.com\/en\/wp-json\/wp\/v2\/product_brand?post=2595"},{"taxonomy":"product_cat","embeddable":true,"href":"https:\/\/mesalestore.com\/en\/wp-json\/wp\/v2\/product_cat?post=2595"},{"taxonomy":"product_tag","embeddable":true,"href":"https:\/\/mesalestore.com\/en\/wp-json\/wp\/v2\/product_tag?post=2595"}],"curies":[{"name":"wp","href":"https:\/\/api.w.org\/{rel}","templated":true}]}}