{"id":2591,"date":"2026-02-09T12:19:41","date_gmt":"2026-02-09T09:19:41","guid":{"rendered":"http:\/\/mesalestore.com\/product\/3-demlikli-antik-bakir-midye-desen-elektrik-gazli-full-otomatik-cay-kazani\/"},"modified":"2026-04-11T00:59:16","modified_gmt":"2026-04-10T21:59:16","slug":"3-demlikli-antik-bakir-midye-desen-elektrik-gazli-full-otomatik-cay-kazani","status":"publish","type":"product","link":"https:\/\/mesalestore.com\/en\/product\/3-demlikli-antik-bakir-midye-desen-elektrik-gazli-full-otomatik-cay-kazani\/","title":{"rendered":"Me\u015fale 3 Demlikli Antik Bak\u0131r Midye Desen Elektrik + Gazl\u0131 Full Otomatik \u00c7ay Kazan\u0131"},"content":{"rendered":"<p><strong>Me\u015fale 3 Demlikli Antik Bak\u0131r Midye Desen Elektrik + Gazl\u0131 Full Otomatik \u00c7ay Kazan\u0131<\/strong>, zarif <strong>midye deseni<\/strong>yle \u015f\u0131kl\u0131\u011f\u0131 ve fonksiyonelli\u011fi birle\u015ftiriyor. <strong>Antik bak\u0131r<\/strong> malzeme, geleneksel bir dokunu\u015f sunarak estetik a\u00e7\u0131dan g\u00f6z al\u0131c\u0131 bir g\u00f6r\u00fcn\u00fcm sa\u011flar. <strong>Elektrik ve gazl\u0131 \u00e7al\u0131\u015fma<\/strong> se\u00e7enekleri, enerji verimlili\u011fi ve esneklik sa\u011flar. <strong>3 demlikli \u00e7ay kazan\u0131<\/strong>, ayn\u0131 anda farkl\u0131 \u00e7ay \u00e7e\u015fitlerini demleyebilmenizi sa\u011flar, b\u00f6ylece yo\u011fun i\u015fletmelerin ihtiya\u00e7lar\u0131n\u0131 kar\u015f\u0131lar. <strong>Full otomatik \u00f6zellikleri<\/strong>, demleme s\u00fcrecini tam kontrol alt\u0131na alarak \u00e7ay\u0131n her zaman ideal kalitede olmas\u0131n\u0131 garanti eder. <strong>Paslanmaz \u00e7elik yap\u0131<\/strong>, uzun \u00f6m\u00fcrl\u00fc ve hijyenik kullan\u0131m sunar. <strong>Enerji verimlili\u011fi<\/strong> sayesinde i\u015fletme maliyetlerini d\u00fc\u015f\u00fcr\u00fcrken, <strong>y\u00fcksek performans<\/strong> ile h\u0131zl\u0131 ve kaliteli \u00e7ay demleme imkan\u0131 sa\u011flar. <strong>Restoranlar<\/strong>, <strong>kafeler<\/strong> ve di\u011fer ticari i\u015fletmeler i\u00e7in m\u00fckemmel bir tercihtir.<\/p>","protected":false},"excerpt":{"rendered":"<p>Me\u015fale 3 Demlikli Antik Bak\u0131r Midye Desen Elektrik + Gazl\u0131 Full Otomatik \u00c7ay Kazan\u0131 i\u015fletmeler i\u00e7in tasarlanm\u0131\u015f y\u00fcksek kapasiteli bir \u00e7ay makinesidir. Y\u00fcksek demleme kapasitesiyle h\u0131zl\u0131 servis sa\u011flar; inox g\u00f6vdesiyle dayan\u0131kl\u0131d\u0131r.<\/p>","protected":false},"featured_media":1150,"comment_status":"closed","ping_status":"closed","template":"","meta":[],"product_brand":[7749],"product_cat":[7771],"product_tag":[16,783,784,785,786,2643,2644,2645,2674,2675,2662,2667,2668,2669,2663,2664,2665,2666,2646,2659,2660,2647,2652,2653,2654,2648,2649,2650,2651,2661,2655,2656,2657,2658,2676,2670,2671,2672,2673,2677,2678,2683,2684,2685,2679,2680,2681,2682,2686,2687],"class_list":{"0":"post-2591","1":"product","2":"type-product","3":"status-publish","4":"has-post-thumbnail","6":"product_brand-mesale","7":"product_cat-cay-kazanlari","8":"product_tag-mesale","9":"product_tag-mesale-3","10":"product_tag-mesale-3-demlikli","11":"product_tag-mesale-3-demlikli-antik","12":"product_tag-mesale-3-demlikli-antik-bakir","13":"product_tag-mesale-3-demlikli-antik-bakir-midye","14":"product_tag-mesale-3-demlikli-antik-bakir-midye-desen","15":"product_tag-mesale-3-demlikli-antik-bakir-midye-desen-elektrik","16":"product_tag-mesale-3-demlikli-antik-bakir-midye-desen-elektrik-cay","17":"product_tag-mesale-3-demlikli-antik-bakir-midye-desen-elektrik-cay-kazani","18":"product_tag-mesale-3-demlikli-antik-bakir-midye-desen-elektrik-full","19":"product_tag-mesale-3-demlikli-antik-bakir-midye-desen-elektrik-full-cay","20":"product_tag-mesale-3-demlikli-antik-bakir-midye-desen-elektrik-full-cay-kazani","21":"product_tag-mesale-3-demlikli-antik-bakir-midye-desen-elektrik-full-kazani","22":"product_tag-mesale-3-demlikli-antik-bakir-midye-desen-elektrik-full-otomatik","23":"product_tag-mesale-3-demlikli-antik-bakir-midye-desen-elektrik-full-otomatik-cay","24":"product_tag-mesale-3-demlikli-antik-bakir-midye-desen-elektrik-full-otomatik-cay-kazani","25":"product_tag-mesale-3-demlikli-antik-bakir-midye-desen-elektrik-full-otomatik-kazani","26":"product_tag-mesale-3-demlikli-antik-bakir-midye-desen-elektrik-gazli","27":"product_tag-mesale-3-demlikli-antik-bakir-midye-desen-elektrik-gazli-cay","28":"product_tag-mesale-3-demlikli-antik-bakir-midye-desen-elektrik-gazli-cay-kazani","29":"product_tag-mesale-3-demlikli-antik-bakir-midye-desen-elektrik-gazli-full","30":"product_tag-mesale-3-demlikli-antik-bakir-midye-desen-elektrik-gazli-full-cay","31":"product_tag-mesale-3-demlikli-antik-bakir-midye-desen-elektrik-gazli-full-cay-kazani","32":"product_tag-mesale-3-demlikli-antik-bakir-midye-desen-elektrik-gazli-full-kazani","33":"product_tag-mesale-3-demlikli-antik-bakir-midye-desen-elektrik-gazli-full-otomatik","34":"product_tag-mesale-3-demlikli-antik-bakir-midye-desen-elektrik-gazli-full-otomatik-cay","35":"product_tag-mesale-3-demlikli-antik-bakir-midye-desen-elektrik-gazli-full-otomatik-cay-kazani","36":"product_tag-mesale-3-demlikli-antik-bakir-midye-desen-elektrik-gazli-full-otomatik-kazani","37":"product_tag-mesale-3-demlikli-antik-bakir-midye-desen-elektrik-gazli-kazani","38":"product_tag-mesale-3-demlikli-antik-bakir-midye-desen-elektrik-gazli-otomatik","39":"product_tag-mesale-3-demlikli-antik-bakir-midye-desen-elektrik-gazli-otomatik-cay","40":"product_tag-mesale-3-demlikli-antik-bakir-midye-desen-elektrik-gazli-otomatik-cay-kazani","41":"product_tag-mesale-3-demlikli-antik-bakir-midye-desen-elektrik-gazli-otomatik-kazani","42":"product_tag-mesale-3-demlikli-antik-bakir-midye-desen-elektrik-kazani","43":"product_tag-mesale-3-demlikli-antik-bakir-midye-desen-elektrik-otomatik","44":"product_tag-mesale-3-demlikli-antik-bakir-midye-desen-elektrik-otomatik-cay","45":"product_tag-mesale-3-demlikli-antik-bakir-midye-desen-elektrik-otomatik-cay-kazani","46":"product_tag-mesale-3-demlikli-antik-bakir-midye-desen-elektrik-otomatik-kazani","47":"product_tag-mesale-3-demlikli-antik-bakir-midye-desen-gazli","48":"product_tag-mesale-3-demlikli-antik-bakir-midye-desen-gazli-full","49":"product_tag-mesale-3-demlikli-antik-bakir-midye-desen-gazli-full-cay","50":"product_tag-mesale-3-demlikli-antik-bakir-midye-desen-gazli-full-cay-kazani","51":"product_tag-mesale-3-demlikli-antik-bakir-midye-desen-gazli-full-kazani","52":"product_tag-mesale-3-demlikli-antik-bakir-midye-desen-gazli-full-otomatik","53":"product_tag-mesale-3-demlikli-antik-bakir-midye-desen-gazli-full-otomatik-cay","54":"product_tag-mesale-3-demlikli-antik-bakir-midye-desen-gazli-full-otomatik-cay-kazani","55":"product_tag-mesale-3-demlikli-antik-bakir-midye-desen-gazli-full-otomatik-kazani","56":"product_tag-mesale-3-demlikli-antik-bakir-midye-desen-gazli-otomatik","57":"product_tag-mesale-3-demlikli-antik-bakir-midye-desen-gazli-otomatik-cay","58":"pa_borular-bakir","59":"pa_demlik-sayisi-3-demlikli","60":"pa_govde-bakir","61":"pa_ic-hazne-7933","62":"pa_kahve-gozu-ocagi-var","63":"pa_kapasite-3-demlikli","64":"pa_kullanim-sekli-ustten-demlikli","65":"pa_panel-manuel","66":"pa_sac-kalinligi-7938","67":"pa_samandirali-otomatik-su-alma-var","68":"pa_tesisat-hibrit","69":"pa_yalitim-cam","71":"first","72":"instock","73":"taxable","74":"shipping-taxable","75":"purchasable","76":"product-type-simple"},"yoast_head":"<!-- This site is optimized with the Yoast SEO plugin v27.1.1 - https:\/\/yoast.com\/product\/yoast-seo-wordpress\/ -->\n<title>Me\u015fale 3 Demlikli Antik Bak\u0131r Midye Desen Elektrik + Gazl\u0131 Full Otomatik \u00c7ay Kazan\u0131 | Me\u015fale Store<\/title>\n<meta name=\"description\" content=\"Me\u015fale 3 Demlikli Antik Bak\u0131r Midye Desen Elektrik + Gazl\u0131 Full Otomatik \u00c7ay Kazan\u0131 i\u015fletmeler i\u00e7in tasarlanm\u0131\u015f y\u00fcksek kapasiteli bir \u00e7ay makinesidir. Y\u00fcksek demleme kapasitesiyle h\u0131zl\u0131 servis sa\u011flar; inox g\u00f6vdesiyle dayan\u0131kl\u0131d\u0131r.\" \/>\n<meta name=\"robots\" content=\"index, follow, max-snippet:-1, max-image-preview:large, max-video-preview:-1\" \/>\n<link rel=\"canonical\" href=\"https:\/\/mesalestore.com\/en\/product\/3-demlikli-antik-bakir-midye-desen-elektrik-gazli-full-otomatik-cay-kazani\/\" \/>\n<meta property=\"og:locale\" content=\"en_US\" \/>\n<meta property=\"og:type\" content=\"article\" \/>\n<meta property=\"og:title\" content=\"Me\u015fale 3 Demlikli Antik Bak\u0131r Midye Desen Elektrik + Gazl\u0131 Full Otomatik \u00c7ay Kazan\u0131 | Me\u015fale Store\" \/>\n<meta property=\"og:description\" content=\"Me\u015fale 3 Demlikli Antik Bak\u0131r Midye Desen Elektrik + Gazl\u0131 Full Otomatik \u00c7ay Kazan\u0131 i\u015fletmeler i\u00e7in tasarlanm\u0131\u015f y\u00fcksek kapasiteli bir \u00e7ay makinesidir. Y\u00fcksek demleme kapasitesiyle h\u0131zl\u0131 servis sa\u011flar; inox g\u00f6vdesiyle dayan\u0131kl\u0131d\u0131r.\" \/>\n<meta property=\"og:url\" content=\"https:\/\/mesalestore.com\/en\/product\/3-demlikli-antik-bakir-midye-desen-elektrik-gazli-full-otomatik-cay-kazani\/\" \/>\n<meta property=\"og:site_name\" content=\"Me\u015fale Store\" \/>\n<meta property=\"article:publisher\" content=\"https:\/\/www.facebook.com\/mesalecay\" \/>\n<meta property=\"article:modified_time\" content=\"2026-04-10T21:59:16+00:00\" \/>\n<meta property=\"og:image\" content=\"https:\/\/mesalestore.com\/wp-content\/uploads\/2026\/01\/1_org_zoom-336.jpg\" \/>\n\t<meta property=\"og:image:width\" content=\"1200\" \/>\n\t<meta property=\"og:image:height\" content=\"1800\" \/>\n\t<meta property=\"og:image:type\" content=\"image\/jpeg\" \/>\n<meta name=\"twitter:card\" content=\"summary_large_image\" \/>\n<meta name=\"twitter:site\" content=\"@mesalecaykazan\" \/>\n<meta name=\"twitter:label1\" content=\"Est. reading time\" \/>\n\t<meta name=\"twitter:data1\" content=\"1 minute\" \/>\n<script type=\"application\/ld+json\" class=\"yoast-schema-graph\">{\"@context\":\"https:\/\/schema.org\",\"@graph\":[{\"@type\":\"WebPage\",\"@id\":\"https:\/\/mesalestore.com\/en\/product\/3-demlikli-antik-bakir-midye-desen-elektrik-gazli-full-otomatik-cay-kazani\/\",\"url\":\"https:\/\/mesalestore.com\/en\/product\/3-demlikli-antik-bakir-midye-desen-elektrik-gazli-full-otomatik-cay-kazani\/\",\"name\":\"Me\u015fale 3 Demlikli Antik Bak\u0131r Midye Desen Elektrik + Gazl\u0131 Full Otomatik \u00c7ay Kazan\u0131 | Me\u015fale Store\",\"isPartOf\":{\"@id\":\"https:\/\/mesalestore.com\/en\/#website\"},\"primaryImageOfPage\":{\"@id\":\"https:\/\/mesalestore.com\/en\/product\/3-demlikli-antik-bakir-midye-desen-elektrik-gazli-full-otomatik-cay-kazani\/#primaryimage\"},\"image\":{\"@id\":\"https:\/\/mesalestore.com\/en\/product\/3-demlikli-antik-bakir-midye-desen-elektrik-gazli-full-otomatik-cay-kazani\/#primaryimage\"},\"thumbnailUrl\":\"https:\/\/mesalestore.com\/wp-content\/uploads\/2026\/01\/1_org_zoom-336.jpg\",\"datePublished\":\"2026-02-09T09:19:41+00:00\",\"dateModified\":\"2026-04-10T21:59:16+00:00\",\"description\":\"Me\u015fale 3 Demlikli Antik Bak\u0131r Midye Desen Elektrik + Gazl\u0131 Full Otomatik \u00c7ay Kazan\u0131 i\u015fletmeler i\u00e7in tasarlanm\u0131\u015f y\u00fcksek kapasiteli bir \u00e7ay makinesidir. Y\u00fcksek demleme kapasitesiyle h\u0131zl\u0131 servis sa\u011flar; inox g\u00f6vdesiyle dayan\u0131kl\u0131d\u0131r.\",\"breadcrumb\":{\"@id\":\"https:\/\/mesalestore.com\/en\/product\/3-demlikli-antik-bakir-midye-desen-elektrik-gazli-full-otomatik-cay-kazani\/#breadcrumb\"},\"inLanguage\":\"en-US\",\"potentialAction\":[{\"@type\":\"ReadAction\",\"target\":[\"https:\/\/mesalestore.com\/en\/product\/3-demlikli-antik-bakir-midye-desen-elektrik-gazli-full-otomatik-cay-kazani\/\"]}]},{\"@type\":\"ImageObject\",\"inLanguage\":\"en-US\",\"@id\":\"https:\/\/mesalestore.com\/en\/product\/3-demlikli-antik-bakir-midye-desen-elektrik-gazli-full-otomatik-cay-kazani\/#primaryimage\",\"url\":\"https:\/\/mesalestore.com\/wp-content\/uploads\/2026\/01\/1_org_zoom-336.jpg\",\"contentUrl\":\"https:\/\/mesalestore.com\/wp-content\/uploads\/2026\/01\/1_org_zoom-336.jpg\",\"width\":1200,\"height\":1800},{\"@type\":\"BreadcrumbList\",\"@id\":\"https:\/\/mesalestore.com\/en\/product\/3-demlikli-antik-bakir-midye-desen-elektrik-gazli-full-otomatik-cay-kazani\/#breadcrumb\",\"itemListElement\":[{\"@type\":\"ListItem\",\"position\":1,\"name\":\"Anasayfa\",\"item\":\"https:\/\/mesalestore.com\/en\/\"},{\"@type\":\"ListItem\",\"position\":2,\"name\":\"Products\",\"item\":\"https:\/\/mesalestore.com\/en\/shop\/\"},{\"@type\":\"ListItem\",\"position\":3,\"name\":\"Me\u015fale 3 Demlikli Antik Bak\u0131r Midye Desen Elektrik + Gazl\u0131 Full Otomatik \u00c7ay Kazan\u0131\"}]},{\"@type\":\"WebSite\",\"@id\":\"https:\/\/mesalestore.com\/en\/#website\",\"url\":\"https:\/\/mesalestore.com\/en\/\",\"name\":\"Me\u015fale Store\",\"description\":\"\",\"publisher\":{\"@id\":\"https:\/\/mesalestore.com\/en\/#organization\"},\"potentialAction\":[{\"@type\":\"SearchAction\",\"target\":{\"@type\":\"EntryPoint\",\"urlTemplate\":\"https:\/\/mesalestore.com\/en\/?s={search_term_string}\"},\"query-input\":{\"@type\":\"PropertyValueSpecification\",\"valueRequired\":true,\"valueName\":\"search_term_string\"}}],\"inLanguage\":\"en-US\"},{\"@type\":\"Organization\",\"@id\":\"https:\/\/mesalestore.com\/en\/#organization\",\"name\":\"Me\u015fale Store\",\"url\":\"https:\/\/mesalestore.com\/en\/\",\"logo\":{\"@type\":\"ImageObject\",\"inLanguage\":\"en-US\",\"@id\":\"https:\/\/mesalestore.com\/en\/#\/schema\/logo\/image\/\",\"url\":\"https:\/\/mesalestore.com\/wp-content\/uploads\/2026\/03\/logo-header-yeni-1.webp\",\"contentUrl\":\"https:\/\/mesalestore.com\/wp-content\/uploads\/2026\/03\/logo-header-yeni-1.webp\",\"width\":419,\"height\":147,\"caption\":\"Me\u015fale Store\"},\"image\":{\"@id\":\"https:\/\/mesalestore.com\/en\/#\/schema\/logo\/image\/\"},\"sameAs\":[\"https:\/\/www.facebook.com\/mesalecay\",\"https:\/\/x.com\/mesalecaykazan\",\"https:\/\/www.instagram.com\/mesalecaykazan\/\"]}]}<\/script>\n<!-- \/ Yoast SEO plugin. -->","yoast_head_json":{"title":"Me\u015fale 3 Demlikli Antik Bak\u0131r Midye Desen Elektrik + Gazl\u0131 Full Otomatik \u00c7ay Kazan\u0131 | Me\u015fale Store","description":"Me\u015fale 3 Demlikli Antik Bak\u0131r Midye Desen Elektrik + Gazl\u0131 Full Otomatik \u00c7ay Kazan\u0131 i\u015fletmeler i\u00e7in tasarlanm\u0131\u015f y\u00fcksek kapasiteli bir \u00e7ay makinesidir. Y\u00fcksek demleme kapasitesiyle h\u0131zl\u0131 servis sa\u011flar; inox g\u00f6vdesiyle dayan\u0131kl\u0131d\u0131r.","robots":{"index":"index","follow":"follow","max-snippet":"max-snippet:-1","max-image-preview":"max-image-preview:large","max-video-preview":"max-video-preview:-1"},"canonical":"https:\/\/mesalestore.com\/en\/product\/3-demlikli-antik-bakir-midye-desen-elektrik-gazli-full-otomatik-cay-kazani\/","og_locale":"en_US","og_type":"article","og_title":"Me\u015fale 3 Demlikli Antik Bak\u0131r Midye Desen Elektrik + Gazl\u0131 Full Otomatik \u00c7ay Kazan\u0131 | Me\u015fale Store","og_description":"Me\u015fale 3 Demlikli Antik Bak\u0131r Midye Desen Elektrik + Gazl\u0131 Full Otomatik \u00c7ay Kazan\u0131 i\u015fletmeler i\u00e7in tasarlanm\u0131\u015f y\u00fcksek kapasiteli bir \u00e7ay makinesidir. Y\u00fcksek demleme kapasitesiyle h\u0131zl\u0131 servis sa\u011flar; inox g\u00f6vdesiyle dayan\u0131kl\u0131d\u0131r.","og_url":"https:\/\/mesalestore.com\/en\/product\/3-demlikli-antik-bakir-midye-desen-elektrik-gazli-full-otomatik-cay-kazani\/","og_site_name":"Me\u015fale Store","article_publisher":"https:\/\/www.facebook.com\/mesalecay","article_modified_time":"2026-04-10T21:59:16+00:00","og_image":[{"width":1200,"height":1800,"url":"https:\/\/mesalestore.com\/wp-content\/uploads\/2026\/01\/1_org_zoom-336.jpg","type":"image\/jpeg"}],"twitter_card":"summary_large_image","twitter_site":"@mesalecaykazan","twitter_misc":{"Est. reading time":"1 minute"},"schema":{"@context":"https:\/\/schema.org","@graph":[{"@type":"WebPage","@id":"https:\/\/mesalestore.com\/en\/product\/3-demlikli-antik-bakir-midye-desen-elektrik-gazli-full-otomatik-cay-kazani\/","url":"https:\/\/mesalestore.com\/en\/product\/3-demlikli-antik-bakir-midye-desen-elektrik-gazli-full-otomatik-cay-kazani\/","name":"Me\u015fale 3 Demlikli Antik Bak\u0131r Midye Desen Elektrik + Gazl\u0131 Full Otomatik \u00c7ay Kazan\u0131 | Me\u015fale Store","isPartOf":{"@id":"https:\/\/mesalestore.com\/en\/#website"},"primaryImageOfPage":{"@id":"https:\/\/mesalestore.com\/en\/product\/3-demlikli-antik-bakir-midye-desen-elektrik-gazli-full-otomatik-cay-kazani\/#primaryimage"},"image":{"@id":"https:\/\/mesalestore.com\/en\/product\/3-demlikli-antik-bakir-midye-desen-elektrik-gazli-full-otomatik-cay-kazani\/#primaryimage"},"thumbnailUrl":"https:\/\/mesalestore.com\/wp-content\/uploads\/2026\/01\/1_org_zoom-336.jpg","datePublished":"2026-02-09T09:19:41+00:00","dateModified":"2026-04-10T21:59:16+00:00","description":"Me\u015fale 3 Demlikli Antik Bak\u0131r Midye Desen Elektrik + Gazl\u0131 Full Otomatik \u00c7ay Kazan\u0131 i\u015fletmeler i\u00e7in tasarlanm\u0131\u015f y\u00fcksek kapasiteli bir \u00e7ay makinesidir. Y\u00fcksek demleme kapasitesiyle h\u0131zl\u0131 servis sa\u011flar; inox g\u00f6vdesiyle dayan\u0131kl\u0131d\u0131r.","breadcrumb":{"@id":"https:\/\/mesalestore.com\/en\/product\/3-demlikli-antik-bakir-midye-desen-elektrik-gazli-full-otomatik-cay-kazani\/#breadcrumb"},"inLanguage":"en-US","potentialAction":[{"@type":"ReadAction","target":["https:\/\/mesalestore.com\/en\/product\/3-demlikli-antik-bakir-midye-desen-elektrik-gazli-full-otomatik-cay-kazani\/"]}]},{"@type":"ImageObject","inLanguage":"en-US","@id":"https:\/\/mesalestore.com\/en\/product\/3-demlikli-antik-bakir-midye-desen-elektrik-gazli-full-otomatik-cay-kazani\/#primaryimage","url":"https:\/\/mesalestore.com\/wp-content\/uploads\/2026\/01\/1_org_zoom-336.jpg","contentUrl":"https:\/\/mesalestore.com\/wp-content\/uploads\/2026\/01\/1_org_zoom-336.jpg","width":1200,"height":1800},{"@type":"BreadcrumbList","@id":"https:\/\/mesalestore.com\/en\/product\/3-demlikli-antik-bakir-midye-desen-elektrik-gazli-full-otomatik-cay-kazani\/#breadcrumb","itemListElement":[{"@type":"ListItem","position":1,"name":"Anasayfa","item":"https:\/\/mesalestore.com\/en\/"},{"@type":"ListItem","position":2,"name":"Products","item":"https:\/\/mesalestore.com\/en\/shop\/"},{"@type":"ListItem","position":3,"name":"Me\u015fale 3 Demlikli Antik Bak\u0131r Midye Desen Elektrik + Gazl\u0131 Full Otomatik \u00c7ay Kazan\u0131"}]},{"@type":"WebSite","@id":"https:\/\/mesalestore.com\/en\/#website","url":"https:\/\/mesalestore.com\/en\/","name":"Me\u015fale Store","description":"","publisher":{"@id":"https:\/\/mesalestore.com\/en\/#organization"},"potentialAction":[{"@type":"SearchAction","target":{"@type":"EntryPoint","urlTemplate":"https:\/\/mesalestore.com\/en\/?s={search_term_string}"},"query-input":{"@type":"PropertyValueSpecification","valueRequired":true,"valueName":"search_term_string"}}],"inLanguage":"en-US"},{"@type":"Organization","@id":"https:\/\/mesalestore.com\/en\/#organization","name":"Me\u015fale Store","url":"https:\/\/mesalestore.com\/en\/","logo":{"@type":"ImageObject","inLanguage":"en-US","@id":"https:\/\/mesalestore.com\/en\/#\/schema\/logo\/image\/","url":"https:\/\/mesalestore.com\/wp-content\/uploads\/2026\/03\/logo-header-yeni-1.webp","contentUrl":"https:\/\/mesalestore.com\/wp-content\/uploads\/2026\/03\/logo-header-yeni-1.webp","width":419,"height":147,"caption":"Me\u015fale Store"},"image":{"@id":"https:\/\/mesalestore.com\/en\/#\/schema\/logo\/image\/"},"sameAs":["https:\/\/www.facebook.com\/mesalecay","https:\/\/x.com\/mesalecaykazan","https:\/\/www.instagram.com\/mesalecaykazan\/"]}]}},"_links":{"self":[{"href":"https:\/\/mesalestore.com\/en\/wp-json\/wp\/v2\/product\/2591","targetHints":{"allow":["GET"]}}],"collection":[{"href":"https:\/\/mesalestore.com\/en\/wp-json\/wp\/v2\/product"}],"about":[{"href":"https:\/\/mesalestore.com\/en\/wp-json\/wp\/v2\/types\/product"}],"replies":[{"embeddable":true,"href":"https:\/\/mesalestore.com\/en\/wp-json\/wp\/v2\/comments?post=2591"}],"wp:featuredmedia":[{"embeddable":true,"href":"https:\/\/mesalestore.com\/en\/wp-json\/wp\/v2\/media\/1150"}],"wp:attachment":[{"href":"https:\/\/mesalestore.com\/en\/wp-json\/wp\/v2\/media?parent=2591"}],"wp:term":[{"taxonomy":"product_brand","embeddable":true,"href":"https:\/\/mesalestore.com\/en\/wp-json\/wp\/v2\/product_brand?post=2591"},{"taxonomy":"product_cat","embeddable":true,"href":"https:\/\/mesalestore.com\/en\/wp-json\/wp\/v2\/product_cat?post=2591"},{"taxonomy":"product_tag","embeddable":true,"href":"https:\/\/mesalestore.com\/en\/wp-json\/wp\/v2\/product_tag?post=2591"}],"curies":[{"name":"wp","href":"https:\/\/api.w.org\/{rel}","templated":true}]}}