{"id":2588,"date":"2026-02-09T12:19:40","date_gmt":"2026-02-09T09:19:40","guid":{"rendered":"http:\/\/mesalestore.com\/product\/demsu-1-demlikli-supermini-elektrikli-kirmizi-mermer-desenli-cay-kazani-10-litre\/"},"modified":"2026-04-25T18:22:33","modified_gmt":"2026-04-25T15:22:33","slug":"demsu-1-demlikli-supermini-elektrikli-kirmizi-mermer-desenli-cay-kazani-10-litre","status":"publish","type":"product","link":"https:\/\/mesalestore.com\/en\/product\/demsu-1-demlikli-supermini-elektrikli-kirmizi-mermer-desenli-cay-kazani-10-litre\/","title":{"rendered":"Demsu 1 Demlikli S\u00fcpermini Elektrikli K\u0131rm\u0131z\u0131 Mermer Desenli \u00c7ay Kazan\u0131 5 Litre"},"content":{"rendered":"<p><strong>Demsu 1 Demlikli S\u00fcpermini Elektrikli K\u0131rm\u0131z\u0131 Mermer Desenli \u00c7ay Kazan\u0131<\/strong>, k\u00fc\u00e7\u00fck i\u015fletmeler, ofisler ve evler i\u00e7in m\u00fckemmel bir \u00e7\u00f6z\u00fcm sunar. <strong>10 litre kapasite<\/strong>ye sahip bu \u015f\u0131k \u00e7ay kazan\u0131, <strong>elektrikli kullan\u0131m<\/strong> \u00f6zelli\u011fiyle, h\u0131zl\u0131 ve verimli bir \u015fekilde \u00e7ay demlemenizi sa\u011flar. <strong>K\u0131rm\u0131z\u0131 mermer desenli<\/strong> tasar\u0131m\u0131, bulundu\u011fu her mek\u00e2na zarif bir dokunu\u015f katar.<\/p>\n<p><strong>Kompakt yap\u0131s\u0131<\/strong>, az yer kaplamas\u0131na ra\u011fmen b\u00fcy\u00fck verimlilik sa\u011flar. <strong>Enerji tasarrufu sa\u011flayan \u00f6zellikler<\/strong> ve <strong>y\u00fcksek kaliteli \u0131s\u0131tma teknolojisi<\/strong>, \u00e7ay\u0131n h\u0131zl\u0131ca ve lezzetli bir \u015fekilde demlemesini garanti eder. <strong>Dayan\u0131kl\u0131 yap\u0131s\u0131<\/strong> ile uzun y\u0131llar boyunca kesintisiz kullan\u0131m sunarken, g\u00fcvenli kullan\u0131m i\u00e7in tasarlanm\u0131\u015f <strong>geli\u015fmi\u015f g\u00fcvenlik \u00f6zellikleri<\/strong> ile her zaman g\u00fcvendesiniz.<\/p>\n<p><strong>Demsu 1 Demlikli S\u00fcpermini Elektrikli K\u0131rm\u0131z\u0131 Mermer Desenli \u00c7ay Kazan\u0131<\/strong>, modern mutfaklara, ofislere ve k\u00fc\u00e7\u00fck i\u015fletmelere <strong>\u015f\u0131k bir aksesuar<\/strong> olarak hizmet eder. <strong>Enerji verimli<\/strong>, <strong>pratik<\/strong> ve <strong>estetik<\/strong> \u00f6zellikleriyle, <strong>kullan\u0131m\u0131 kolay<\/strong> ve <strong>uzun \u00f6m\u00fcrl\u00fc<\/strong> bir \u00fcr\u00fcnd\u00fcr. <strong>K\u0131rm\u0131z\u0131 mermer deseni<\/strong>, her t\u00fcr dekorasyona uyum sa\u011flar ve <strong>estetik \u015f\u0131kl\u0131k<\/strong> ile i\u015flevselli\u011fi bir araya getirir.<\/p>","protected":false},"excerpt":{"rendered":"<p>Demsu 1 Demlikli S\u00fcpermini Elektrikli K\u0131rm\u0131z\u0131 Mermer Desenli \u00c7ay Kazan\u0131 10 Litre i\u015fletmeler i\u00e7in tasarlanm\u0131\u015f y\u00fcksek kapasiteli bir \u00e7ay makinesidir. Y\u00fcksek demleme kapasitesiyle h\u0131zl\u0131 servis sa\u011flar.<\/p>","protected":false},"featured_media":1137,"comment_status":"closed","ping_status":"closed","template":"","meta":[],"product_brand":[7754],"product_cat":[7983],"product_tag":[],"class_list":{"0":"post-2588","1":"product","2":"type-product","3":"status-publish","4":"has-post-thumbnail","6":"product_brand-demsu-plus","7":"product_cat-cayland","9":"first","10":"instock","11":"taxable","12":"shipping-taxable","13":"purchasable","14":"product-type-variable"},"yoast_head":"<!-- This site is optimized with the Yoast SEO plugin v27.1.1 - https:\/\/yoast.com\/product\/yoast-seo-wordpress\/ -->\n<title>Demsu 1 Demlikli S\u00fcpermini Elektrikli K\u0131rm\u0131z\u0131 Mermer Desenli \u00c7ay Kazan\u0131 5 Litre | Me\u015fale Store<\/title>\n<meta name=\"description\" content=\"Demsu 1 Demlikli S\u00fcpermini Elektrikli K\u0131rm\u0131z\u0131 Mermer Desenli \u00c7ay Kazan\u0131 10 Litre i\u015fletmeler i\u00e7in tasarlanm\u0131\u015f y\u00fcksek kapasiteli bir \u00e7ay makinesidir. Y\u00fcksek demleme kapasitesiyle h\u0131zl\u0131 servis sa\u011flar.\" \/>\n<meta name=\"robots\" content=\"index, follow, max-snippet:-1, max-image-preview:large, max-video-preview:-1\" \/>\n<link rel=\"canonical\" href=\"https:\/\/mesalestore.com\/en\/product\/demsu-1-demlikli-supermini-elektrikli-kirmizi-mermer-desenli-cay-kazani-10-litre\/\" \/>\n<meta property=\"og:locale\" content=\"en_US\" \/>\n<meta property=\"og:type\" content=\"article\" \/>\n<meta property=\"og:title\" content=\"Demsu 1 Demlikli S\u00fcpermini Elektrikli K\u0131rm\u0131z\u0131 Mermer Desenli \u00c7ay Kazan\u0131 5 Litre | Me\u015fale Store\" \/>\n<meta property=\"og:description\" content=\"Demsu 1 Demlikli S\u00fcpermini Elektrikli K\u0131rm\u0131z\u0131 Mermer Desenli \u00c7ay Kazan\u0131 10 Litre i\u015fletmeler i\u00e7in tasarlanm\u0131\u015f y\u00fcksek kapasiteli bir \u00e7ay makinesidir. Y\u00fcksek demleme kapasitesiyle h\u0131zl\u0131 servis sa\u011flar.\" \/>\n<meta property=\"og:url\" content=\"https:\/\/mesalestore.com\/en\/product\/demsu-1-demlikli-supermini-elektrikli-kirmizi-mermer-desenli-cay-kazani-10-litre\/\" \/>\n<meta property=\"og:site_name\" content=\"Me\u015fale Store\" \/>\n<meta property=\"article:publisher\" content=\"https:\/\/www.facebook.com\/mesalecay\" \/>\n<meta property=\"article:modified_time\" content=\"2026-04-25T15:22:33+00:00\" \/>\n<meta property=\"og:image\" content=\"https:\/\/mesalestore.com\/wp-content\/uploads\/2026\/01\/1_org_zoom-330.jpg\" \/>\n\t<meta property=\"og:image:width\" content=\"1200\" \/>\n\t<meta property=\"og:image:height\" content=\"1800\" \/>\n\t<meta property=\"og:image:type\" content=\"image\/jpeg\" \/>\n<meta name=\"twitter:card\" content=\"summary_large_image\" \/>\n<meta name=\"twitter:site\" content=\"@mesalecaykazan\" \/>\n<meta name=\"twitter:label1\" content=\"Est. reading time\" \/>\n\t<meta name=\"twitter:data1\" content=\"2 minutes\" \/>\n<script type=\"application\/ld+json\" class=\"yoast-schema-graph\">{\"@context\":\"https:\/\/schema.org\",\"@graph\":[{\"@type\":\"WebPage\",\"@id\":\"https:\/\/mesalestore.com\/en\/product\/demsu-1-demlikli-supermini-elektrikli-kirmizi-mermer-desenli-cay-kazani-10-litre\/\",\"url\":\"https:\/\/mesalestore.com\/en\/product\/demsu-1-demlikli-supermini-elektrikli-kirmizi-mermer-desenli-cay-kazani-10-litre\/\",\"name\":\"Demsu 1 Demlikli S\u00fcpermini Elektrikli K\u0131rm\u0131z\u0131 Mermer Desenli \u00c7ay Kazan\u0131 5 Litre | Me\u015fale Store\",\"isPartOf\":{\"@id\":\"https:\/\/mesalestore.com\/en\/#website\"},\"primaryImageOfPage\":{\"@id\":\"https:\/\/mesalestore.com\/en\/product\/demsu-1-demlikli-supermini-elektrikli-kirmizi-mermer-desenli-cay-kazani-10-litre\/#primaryimage\"},\"image\":{\"@id\":\"https:\/\/mesalestore.com\/en\/product\/demsu-1-demlikli-supermini-elektrikli-kirmizi-mermer-desenli-cay-kazani-10-litre\/#primaryimage\"},\"thumbnailUrl\":\"https:\/\/mesalestore.com\/wp-content\/uploads\/2026\/01\/1_org_zoom-330.jpg\",\"datePublished\":\"2026-02-09T09:19:40+00:00\",\"dateModified\":\"2026-04-25T15:22:33+00:00\",\"description\":\"Demsu 1 Demlikli S\u00fcpermini Elektrikli K\u0131rm\u0131z\u0131 Mermer Desenli \u00c7ay Kazan\u0131 10 Litre i\u015fletmeler i\u00e7in tasarlanm\u0131\u015f y\u00fcksek kapasiteli bir \u00e7ay makinesidir. Y\u00fcksek demleme kapasitesiyle h\u0131zl\u0131 servis sa\u011flar.\",\"breadcrumb\":{\"@id\":\"https:\/\/mesalestore.com\/en\/product\/demsu-1-demlikli-supermini-elektrikli-kirmizi-mermer-desenli-cay-kazani-10-litre\/#breadcrumb\"},\"inLanguage\":\"en-US\",\"potentialAction\":[{\"@type\":\"ReadAction\",\"target\":[\"https:\/\/mesalestore.com\/en\/product\/demsu-1-demlikli-supermini-elektrikli-kirmizi-mermer-desenli-cay-kazani-10-litre\/\"]}]},{\"@type\":\"ImageObject\",\"inLanguage\":\"en-US\",\"@id\":\"https:\/\/mesalestore.com\/en\/product\/demsu-1-demlikli-supermini-elektrikli-kirmizi-mermer-desenli-cay-kazani-10-litre\/#primaryimage\",\"url\":\"https:\/\/mesalestore.com\/wp-content\/uploads\/2026\/01\/1_org_zoom-330.jpg\",\"contentUrl\":\"https:\/\/mesalestore.com\/wp-content\/uploads\/2026\/01\/1_org_zoom-330.jpg\",\"width\":1200,\"height\":1800},{\"@type\":\"BreadcrumbList\",\"@id\":\"https:\/\/mesalestore.com\/en\/product\/demsu-1-demlikli-supermini-elektrikli-kirmizi-mermer-desenli-cay-kazani-10-litre\/#breadcrumb\",\"itemListElement\":[{\"@type\":\"ListItem\",\"position\":1,\"name\":\"Anasayfa\",\"item\":\"https:\/\/mesalestore.com\/en\/\"},{\"@type\":\"ListItem\",\"position\":2,\"name\":\"Products\",\"item\":\"https:\/\/mesalestore.com\/en\/shop\/\"},{\"@type\":\"ListItem\",\"position\":3,\"name\":\"Demsu 1 Demlikli S\u00fcpermini Elektrikli K\u0131rm\u0131z\u0131 Mermer Desenli \u00c7ay Kazan\u0131 5 Litre\"}]},{\"@type\":\"WebSite\",\"@id\":\"https:\/\/mesalestore.com\/en\/#website\",\"url\":\"https:\/\/mesalestore.com\/en\/\",\"name\":\"Me\u015fale Store\",\"description\":\"\",\"publisher\":{\"@id\":\"https:\/\/mesalestore.com\/en\/#organization\"},\"potentialAction\":[{\"@type\":\"SearchAction\",\"target\":{\"@type\":\"EntryPoint\",\"urlTemplate\":\"https:\/\/mesalestore.com\/en\/?s={search_term_string}\"},\"query-input\":{\"@type\":\"PropertyValueSpecification\",\"valueRequired\":true,\"valueName\":\"search_term_string\"}}],\"inLanguage\":\"en-US\"},{\"@type\":\"Organization\",\"@id\":\"https:\/\/mesalestore.com\/en\/#organization\",\"name\":\"Me\u015fale Store\",\"url\":\"https:\/\/mesalestore.com\/en\/\",\"logo\":{\"@type\":\"ImageObject\",\"inLanguage\":\"en-US\",\"@id\":\"https:\/\/mesalestore.com\/en\/#\/schema\/logo\/image\/\",\"url\":\"https:\/\/mesalestore.com\/wp-content\/uploads\/2026\/03\/logo-header-yeni-1.webp\",\"contentUrl\":\"https:\/\/mesalestore.com\/wp-content\/uploads\/2026\/03\/logo-header-yeni-1.webp\",\"width\":419,\"height\":147,\"caption\":\"Me\u015fale Store\"},\"image\":{\"@id\":\"https:\/\/mesalestore.com\/en\/#\/schema\/logo\/image\/\"},\"sameAs\":[\"https:\/\/www.facebook.com\/mesalecay\",\"https:\/\/x.com\/mesalecaykazan\",\"https:\/\/www.instagram.com\/mesalecaykazan\/\"]}]}<\/script>\n<!-- \/ Yoast SEO plugin. -->","yoast_head_json":{"title":"Demsu 1 Demlikli S\u00fcpermini Elektrikli K\u0131rm\u0131z\u0131 Mermer Desenli \u00c7ay Kazan\u0131 5 Litre | Me\u015fale Store","description":"Demsu 1 Demlikli S\u00fcpermini Elektrikli K\u0131rm\u0131z\u0131 Mermer Desenli \u00c7ay Kazan\u0131 10 Litre i\u015fletmeler i\u00e7in tasarlanm\u0131\u015f y\u00fcksek kapasiteli bir \u00e7ay makinesidir. Y\u00fcksek demleme kapasitesiyle h\u0131zl\u0131 servis sa\u011flar.","robots":{"index":"index","follow":"follow","max-snippet":"max-snippet:-1","max-image-preview":"max-image-preview:large","max-video-preview":"max-video-preview:-1"},"canonical":"https:\/\/mesalestore.com\/en\/product\/demsu-1-demlikli-supermini-elektrikli-kirmizi-mermer-desenli-cay-kazani-10-litre\/","og_locale":"en_US","og_type":"article","og_title":"Demsu 1 Demlikli S\u00fcpermini Elektrikli K\u0131rm\u0131z\u0131 Mermer Desenli \u00c7ay Kazan\u0131 5 Litre | Me\u015fale Store","og_description":"Demsu 1 Demlikli S\u00fcpermini Elektrikli K\u0131rm\u0131z\u0131 Mermer Desenli \u00c7ay Kazan\u0131 10 Litre i\u015fletmeler i\u00e7in tasarlanm\u0131\u015f y\u00fcksek kapasiteli bir \u00e7ay makinesidir. Y\u00fcksek demleme kapasitesiyle h\u0131zl\u0131 servis sa\u011flar.","og_url":"https:\/\/mesalestore.com\/en\/product\/demsu-1-demlikli-supermini-elektrikli-kirmizi-mermer-desenli-cay-kazani-10-litre\/","og_site_name":"Me\u015fale Store","article_publisher":"https:\/\/www.facebook.com\/mesalecay","article_modified_time":"2026-04-25T15:22:33+00:00","og_image":[{"width":1200,"height":1800,"url":"https:\/\/mesalestore.com\/wp-content\/uploads\/2026\/01\/1_org_zoom-330.jpg","type":"image\/jpeg"}],"twitter_card":"summary_large_image","twitter_site":"@mesalecaykazan","twitter_misc":{"Est. reading time":"2 minutes"},"schema":{"@context":"https:\/\/schema.org","@graph":[{"@type":"WebPage","@id":"https:\/\/mesalestore.com\/en\/product\/demsu-1-demlikli-supermini-elektrikli-kirmizi-mermer-desenli-cay-kazani-10-litre\/","url":"https:\/\/mesalestore.com\/en\/product\/demsu-1-demlikli-supermini-elektrikli-kirmizi-mermer-desenli-cay-kazani-10-litre\/","name":"Demsu 1 Demlikli S\u00fcpermini Elektrikli K\u0131rm\u0131z\u0131 Mermer Desenli \u00c7ay Kazan\u0131 5 Litre | Me\u015fale Store","isPartOf":{"@id":"https:\/\/mesalestore.com\/en\/#website"},"primaryImageOfPage":{"@id":"https:\/\/mesalestore.com\/en\/product\/demsu-1-demlikli-supermini-elektrikli-kirmizi-mermer-desenli-cay-kazani-10-litre\/#primaryimage"},"image":{"@id":"https:\/\/mesalestore.com\/en\/product\/demsu-1-demlikli-supermini-elektrikli-kirmizi-mermer-desenli-cay-kazani-10-litre\/#primaryimage"},"thumbnailUrl":"https:\/\/mesalestore.com\/wp-content\/uploads\/2026\/01\/1_org_zoom-330.jpg","datePublished":"2026-02-09T09:19:40+00:00","dateModified":"2026-04-25T15:22:33+00:00","description":"Demsu 1 Demlikli S\u00fcpermini Elektrikli K\u0131rm\u0131z\u0131 Mermer Desenli \u00c7ay Kazan\u0131 10 Litre i\u015fletmeler i\u00e7in tasarlanm\u0131\u015f y\u00fcksek kapasiteli bir \u00e7ay makinesidir. Y\u00fcksek demleme kapasitesiyle h\u0131zl\u0131 servis sa\u011flar.","breadcrumb":{"@id":"https:\/\/mesalestore.com\/en\/product\/demsu-1-demlikli-supermini-elektrikli-kirmizi-mermer-desenli-cay-kazani-10-litre\/#breadcrumb"},"inLanguage":"en-US","potentialAction":[{"@type":"ReadAction","target":["https:\/\/mesalestore.com\/en\/product\/demsu-1-demlikli-supermini-elektrikli-kirmizi-mermer-desenli-cay-kazani-10-litre\/"]}]},{"@type":"ImageObject","inLanguage":"en-US","@id":"https:\/\/mesalestore.com\/en\/product\/demsu-1-demlikli-supermini-elektrikli-kirmizi-mermer-desenli-cay-kazani-10-litre\/#primaryimage","url":"https:\/\/mesalestore.com\/wp-content\/uploads\/2026\/01\/1_org_zoom-330.jpg","contentUrl":"https:\/\/mesalestore.com\/wp-content\/uploads\/2026\/01\/1_org_zoom-330.jpg","width":1200,"height":1800},{"@type":"BreadcrumbList","@id":"https:\/\/mesalestore.com\/en\/product\/demsu-1-demlikli-supermini-elektrikli-kirmizi-mermer-desenli-cay-kazani-10-litre\/#breadcrumb","itemListElement":[{"@type":"ListItem","position":1,"name":"Anasayfa","item":"https:\/\/mesalestore.com\/en\/"},{"@type":"ListItem","position":2,"name":"Products","item":"https:\/\/mesalestore.com\/en\/shop\/"},{"@type":"ListItem","position":3,"name":"Demsu 1 Demlikli S\u00fcpermini Elektrikli K\u0131rm\u0131z\u0131 Mermer Desenli \u00c7ay Kazan\u0131 5 Litre"}]},{"@type":"WebSite","@id":"https:\/\/mesalestore.com\/en\/#website","url":"https:\/\/mesalestore.com\/en\/","name":"Me\u015fale Store","description":"","publisher":{"@id":"https:\/\/mesalestore.com\/en\/#organization"},"potentialAction":[{"@type":"SearchAction","target":{"@type":"EntryPoint","urlTemplate":"https:\/\/mesalestore.com\/en\/?s={search_term_string}"},"query-input":{"@type":"PropertyValueSpecification","valueRequired":true,"valueName":"search_term_string"}}],"inLanguage":"en-US"},{"@type":"Organization","@id":"https:\/\/mesalestore.com\/en\/#organization","name":"Me\u015fale Store","url":"https:\/\/mesalestore.com\/en\/","logo":{"@type":"ImageObject","inLanguage":"en-US","@id":"https:\/\/mesalestore.com\/en\/#\/schema\/logo\/image\/","url":"https:\/\/mesalestore.com\/wp-content\/uploads\/2026\/03\/logo-header-yeni-1.webp","contentUrl":"https:\/\/mesalestore.com\/wp-content\/uploads\/2026\/03\/logo-header-yeni-1.webp","width":419,"height":147,"caption":"Me\u015fale Store"},"image":{"@id":"https:\/\/mesalestore.com\/en\/#\/schema\/logo\/image\/"},"sameAs":["https:\/\/www.facebook.com\/mesalecay","https:\/\/x.com\/mesalecaykazan","https:\/\/www.instagram.com\/mesalecaykazan\/"]}]}},"_links":{"self":[{"href":"https:\/\/mesalestore.com\/en\/wp-json\/wp\/v2\/product\/2588","targetHints":{"allow":["GET"]}}],"collection":[{"href":"https:\/\/mesalestore.com\/en\/wp-json\/wp\/v2\/product"}],"about":[{"href":"https:\/\/mesalestore.com\/en\/wp-json\/wp\/v2\/types\/product"}],"replies":[{"embeddable":true,"href":"https:\/\/mesalestore.com\/en\/wp-json\/wp\/v2\/comments?post=2588"}],"wp:featuredmedia":[{"embeddable":true,"href":"https:\/\/mesalestore.com\/en\/wp-json\/wp\/v2\/media\/1137"}],"wp:attachment":[{"href":"https:\/\/mesalestore.com\/en\/wp-json\/wp\/v2\/media?parent=2588"}],"wp:term":[{"taxonomy":"product_brand","embeddable":true,"href":"https:\/\/mesalestore.com\/en\/wp-json\/wp\/v2\/product_brand?post=2588"},{"taxonomy":"product_cat","embeddable":true,"href":"https:\/\/mesalestore.com\/en\/wp-json\/wp\/v2\/product_cat?post=2588"},{"taxonomy":"product_tag","embeddable":true,"href":"https:\/\/mesalestore.com\/en\/wp-json\/wp\/v2\/product_tag?post=2588"}],"curies":[{"name":"wp","href":"https:\/\/api.w.org\/{rel}","templated":true}]}}