{"id":2585,"date":"2026-02-09T12:19:39","date_gmt":"2026-02-09T09:19:39","guid":{"rendered":"http:\/\/mesalestore.com\/product\/2-demlikli-cayland\/"},"modified":"2026-04-10T00:45:15","modified_gmt":"2026-04-09T21:45:15","slug":"2-demlikli-cayland","status":"publish","type":"product","link":"https:\/\/mesalestore.com\/en\/product\/2-demlikli-cayland\/","title":{"rendered":"ME\u015eALE 2 Demlikli \u00c7ayland"},"content":{"rendered":"<p>Me\u015fale 2 Demlikli \u00c7ayland, az yer kaplayan yap\u0131s\u0131 ve y\u00fcksek performans\u0131yla, \u00e7ay servisini pratik ve h\u0131zl\u0131 hale getirmek isteyen i\u015fletmeler i\u00e7in m\u00fckemmel bir tercihtir. <strong>Elektrikli \u00e7al\u0131\u015fma sistemi<\/strong> sayesinde do\u011falgaz ba\u011flant\u0131s\u0131na ihtiya\u00e7 duymadan kolayca kullan\u0131labilir. K\u00fc\u00e7\u00fck \u00f6l\u00e7ekli i\u015fletmeler, ofisler, \u00e7ay ocaklar\u0131 ve kafeler i\u00e7in \u00f6zel olarak tasarlanm\u0131\u015f bu model, g\u00fcnl\u00fck kullan\u0131m\u0131 kolayla\u015ft\u0131ran <strong>tam otomatik \u00f6zelliklere<\/strong> sahiptir.<\/p>\n<p><strong>\u0130ki demlikli sistemi<\/strong>, ayn\u0131 anda iki farkl\u0131 \u00e7ay haz\u0131rlaman\u0131za olanak tan\u0131rken, <strong>paslanmaz \u00e7elik i\u00e7 hazne<\/strong> ve <strong>\u0131s\u0131ya dayan\u0131kl\u0131 d\u0131\u015f g\u00f6vde<\/strong>, uzun \u00f6m\u00fcrl\u00fc kullan\u0131m sa\u011flar. <strong>Su seviye g\u00f6stergesi<\/strong>, <strong>\u0131s\u0131 kontrol\u00fc<\/strong>, ve <strong>otomatik \u0131s\u0131tma durdurma sistemi<\/strong> ile \u00e7ay her zaman ideal s\u0131cakl\u0131kta ve tazelikte kal\u0131r. Hem enerji tasarrufu sa\u011flar hem de kullan\u0131m g\u00fcvenli\u011fi sunar.<\/p>\n<p>Modern tasar\u0131m\u0131 ve kompakt yap\u0131s\u0131 ile Me\u015fale 2 Demlikli \u00c7ayland, hem tezg\u00e2h \u00fcst\u00fcnde fazla yer kaplamaz hem de bulundu\u011fu ortama \u015f\u0131k bir g\u00f6r\u00fcn\u00fcm katar. <strong>H\u0131zl\u0131 \u00e7ay demleme<\/strong>, <strong>kolay temizlik<\/strong>, <strong>dayan\u0131kl\u0131l\u0131k<\/strong> ve <strong>y\u00fcksek verimlilik<\/strong> gibi avantajlar\u0131yla g\u00fcnl\u00fck servis ihtiya\u00e7lar\u0131n\u0131 kar\u015f\u0131lamak i\u00e7in idealdir.<\/p>","protected":false},"excerpt":{"rendered":"<p>Me\u015fale 2 Demlikli \u00c7ayland, az yer kaplayan yap\u0131s\u0131 ve y\u00fcksek performans\u0131yla, \u00e7ay servisini pratik ve h\u0131zl\u0131 hale getirmek isteyen i\u015fletmeler i\u00e7in m\u00fckemmel bir tercihtir. Elektrikli \u00e7al\u0131\u015fma sistemi sayesinde do\u011falgaz ba\u011flant\u0131s\u0131na ihtiya\u00e7 duymadan kolayca kullan\u0131labilir. K\u00fc\u00e7\u00fck \u00f6l\u00e7ekli i\u015fletmeler, ofisler, \u00e7ay ocaklar\u0131 ve kafeler i\u00e7in \u00f6zel olarak tasarlanm\u0131\u015f bu model, g\u00fcnl\u00fck kullan\u0131m\u0131 kolayla\u015ft\u0131ran tam otomatik \u00f6zelliklere sahiptir. [&hellip;]<\/p>\n","protected":false},"featured_media":1120,"comment_status":"closed","ping_status":"closed","template":"","meta":[],"product_brand":[7749],"product_cat":[7983],"product_tag":[7566,7564,7565,29,304,7567,16,1038,7563,1039,7562,23,7096,7103],"class_list":{"0":"post-2585","1":"product","2":"type-product","3":"status-publish","4":"has-post-thumbnail","6":"product_brand-mesale","7":"product_cat-cayland","8":"product_tag-2-cayland","9":"product_tag-2-demlikli","10":"product_tag-2-demlikli-cayland","11":"product_tag-cayland","12":"product_tag-demlikli","13":"product_tag-demlikli-cayland","14":"product_tag-mesale","15":"product_tag-mesale-2","16":"product_tag-mesale-2-cayland","17":"product_tag-mesale-2-demlikli","18":"product_tag-mesale-2-demlikli-cayland","19":"product_tag-mesale-cayland","20":"product_tag-mesale-demlikli","21":"product_tag-mesale-demlikli-cayland","23":"first","24":"instock","25":"sale","26":"taxable","27":"shipping-taxable","28":"purchasable","29":"product-type-simple"},"yoast_head":"<!-- This site is optimized with the Yoast SEO plugin v27.1.1 - https:\/\/yoast.com\/product\/yoast-seo-wordpress\/ -->\n<title>ME\u015eALE 2 Demlikli \u00c7ayland | Me\u015fale Store<\/title>\n<meta name=\"description\" content=\"Me\u015fale 2 Demlikli \u00c7ayland, az yer kaplayan yap\u0131s\u0131 ve y\u00fcksek performans\u0131yla, \u00e7ay servisini pratik ve h\u0131zl\u0131 hale getirmek isteyen i\u015fletmeler i\u00e7in m\u00fckemmel\" \/>\n<meta name=\"robots\" content=\"index, follow, max-snippet:-1, max-image-preview:large, max-video-preview:-1\" \/>\n<link rel=\"canonical\" href=\"https:\/\/mesalestore.com\/en\/product\/2-demlikli-cayland\/\" \/>\n<meta property=\"og:locale\" content=\"en_US\" \/>\n<meta property=\"og:type\" content=\"article\" \/>\n<meta property=\"og:title\" content=\"ME\u015eALE 2 Demlikli \u00c7ayland | Me\u015fale Store\" \/>\n<meta property=\"og:description\" content=\"Me\u015fale 2 Demlikli \u00c7ayland, az yer kaplayan yap\u0131s\u0131 ve y\u00fcksek performans\u0131yla, \u00e7ay servisini pratik ve h\u0131zl\u0131 hale getirmek isteyen i\u015fletmeler i\u00e7in m\u00fckemmel\" \/>\n<meta property=\"og:url\" content=\"https:\/\/mesalestore.com\/en\/product\/2-demlikli-cayland\/\" \/>\n<meta property=\"og:site_name\" content=\"Me\u015fale Store\" \/>\n<meta property=\"article:publisher\" content=\"https:\/\/www.facebook.com\/mesalecay\" \/>\n<meta property=\"article:modified_time\" content=\"2026-04-09T21:45:15+00:00\" \/>\n<meta property=\"og:image\" content=\"https:\/\/mesalestore.com\/wp-content\/uploads\/2026\/01\/1_org_zoom-322.jpg\" \/>\n\t<meta property=\"og:image:width\" content=\"1200\" \/>\n\t<meta property=\"og:image:height\" content=\"1800\" \/>\n\t<meta property=\"og:image:type\" content=\"image\/jpeg\" \/>\n<meta name=\"twitter:card\" content=\"summary_large_image\" \/>\n<meta name=\"twitter:site\" content=\"@mesalecaykazan\" \/>\n<meta name=\"twitter:label1\" content=\"Est. reading time\" \/>\n\t<meta name=\"twitter:data1\" content=\"2 minutes\" \/>\n<script type=\"application\/ld+json\" class=\"yoast-schema-graph\">{\"@context\":\"https:\/\/schema.org\",\"@graph\":[{\"@type\":\"WebPage\",\"@id\":\"https:\/\/mesalestore.com\/en\/product\/2-demlikli-cayland\/\",\"url\":\"https:\/\/mesalestore.com\/en\/product\/2-demlikli-cayland\/\",\"name\":\"ME\u015eALE 2 Demlikli \u00c7ayland | Me\u015fale Store\",\"isPartOf\":{\"@id\":\"https:\/\/mesalestore.com\/en\/#website\"},\"primaryImageOfPage\":{\"@id\":\"https:\/\/mesalestore.com\/en\/product\/2-demlikli-cayland\/#primaryimage\"},\"image\":{\"@id\":\"https:\/\/mesalestore.com\/en\/product\/2-demlikli-cayland\/#primaryimage\"},\"thumbnailUrl\":\"https:\/\/mesalestore.com\/wp-content\/uploads\/2026\/01\/1_org_zoom-322.jpg\",\"datePublished\":\"2026-02-09T09:19:39+00:00\",\"dateModified\":\"2026-04-09T21:45:15+00:00\",\"description\":\"Me\u015fale 2 Demlikli \u00c7ayland, az yer kaplayan yap\u0131s\u0131 ve y\u00fcksek performans\u0131yla, \u00e7ay servisini pratik ve h\u0131zl\u0131 hale getirmek isteyen i\u015fletmeler i\u00e7in m\u00fckemmel\",\"breadcrumb\":{\"@id\":\"https:\/\/mesalestore.com\/en\/product\/2-demlikli-cayland\/#breadcrumb\"},\"inLanguage\":\"en-US\",\"potentialAction\":[{\"@type\":\"ReadAction\",\"target\":[\"https:\/\/mesalestore.com\/en\/product\/2-demlikli-cayland\/\"]}]},{\"@type\":\"ImageObject\",\"inLanguage\":\"en-US\",\"@id\":\"https:\/\/mesalestore.com\/en\/product\/2-demlikli-cayland\/#primaryimage\",\"url\":\"https:\/\/mesalestore.com\/wp-content\/uploads\/2026\/01\/1_org_zoom-322.jpg\",\"contentUrl\":\"https:\/\/mesalestore.com\/wp-content\/uploads\/2026\/01\/1_org_zoom-322.jpg\",\"width\":1200,\"height\":1800},{\"@type\":\"BreadcrumbList\",\"@id\":\"https:\/\/mesalestore.com\/en\/product\/2-demlikli-cayland\/#breadcrumb\",\"itemListElement\":[{\"@type\":\"ListItem\",\"position\":1,\"name\":\"Anasayfa\",\"item\":\"https:\/\/mesalestore.com\/en\/\"},{\"@type\":\"ListItem\",\"position\":2,\"name\":\"Products\",\"item\":\"https:\/\/mesalestore.com\/en\/shop\/\"},{\"@type\":\"ListItem\",\"position\":3,\"name\":\"ME\u015eALE 2 Demlikli \u00c7ayland\"}]},{\"@type\":\"WebSite\",\"@id\":\"https:\/\/mesalestore.com\/en\/#website\",\"url\":\"https:\/\/mesalestore.com\/en\/\",\"name\":\"Me\u015fale Store\",\"description\":\"\",\"publisher\":{\"@id\":\"https:\/\/mesalestore.com\/en\/#organization\"},\"potentialAction\":[{\"@type\":\"SearchAction\",\"target\":{\"@type\":\"EntryPoint\",\"urlTemplate\":\"https:\/\/mesalestore.com\/en\/?s={search_term_string}\"},\"query-input\":{\"@type\":\"PropertyValueSpecification\",\"valueRequired\":true,\"valueName\":\"search_term_string\"}}],\"inLanguage\":\"en-US\"},{\"@type\":\"Organization\",\"@id\":\"https:\/\/mesalestore.com\/en\/#organization\",\"name\":\"Me\u015fale Store\",\"url\":\"https:\/\/mesalestore.com\/en\/\",\"logo\":{\"@type\":\"ImageObject\",\"inLanguage\":\"en-US\",\"@id\":\"https:\/\/mesalestore.com\/en\/#\/schema\/logo\/image\/\",\"url\":\"https:\/\/mesalestore.com\/wp-content\/uploads\/2026\/03\/logo-header-yeni-1.webp\",\"contentUrl\":\"https:\/\/mesalestore.com\/wp-content\/uploads\/2026\/03\/logo-header-yeni-1.webp\",\"width\":419,\"height\":147,\"caption\":\"Me\u015fale Store\"},\"image\":{\"@id\":\"https:\/\/mesalestore.com\/en\/#\/schema\/logo\/image\/\"},\"sameAs\":[\"https:\/\/www.facebook.com\/mesalecay\",\"https:\/\/x.com\/mesalecaykazan\",\"https:\/\/www.instagram.com\/mesalecaykazan\/\"]}]}<\/script>\n<!-- \/ Yoast SEO plugin. -->","yoast_head_json":{"title":"ME\u015eALE 2 Demlikli \u00c7ayland | Me\u015fale Store","description":"Me\u015fale 2 Demlikli \u00c7ayland, az yer kaplayan yap\u0131s\u0131 ve y\u00fcksek performans\u0131yla, \u00e7ay servisini pratik ve h\u0131zl\u0131 hale getirmek isteyen i\u015fletmeler i\u00e7in m\u00fckemmel","robots":{"index":"index","follow":"follow","max-snippet":"max-snippet:-1","max-image-preview":"max-image-preview:large","max-video-preview":"max-video-preview:-1"},"canonical":"https:\/\/mesalestore.com\/en\/product\/2-demlikli-cayland\/","og_locale":"en_US","og_type":"article","og_title":"ME\u015eALE 2 Demlikli \u00c7ayland | Me\u015fale Store","og_description":"Me\u015fale 2 Demlikli \u00c7ayland, az yer kaplayan yap\u0131s\u0131 ve y\u00fcksek performans\u0131yla, \u00e7ay servisini pratik ve h\u0131zl\u0131 hale getirmek isteyen i\u015fletmeler i\u00e7in m\u00fckemmel","og_url":"https:\/\/mesalestore.com\/en\/product\/2-demlikli-cayland\/","og_site_name":"Me\u015fale Store","article_publisher":"https:\/\/www.facebook.com\/mesalecay","article_modified_time":"2026-04-09T21:45:15+00:00","og_image":[{"width":1200,"height":1800,"url":"https:\/\/mesalestore.com\/wp-content\/uploads\/2026\/01\/1_org_zoom-322.jpg","type":"image\/jpeg"}],"twitter_card":"summary_large_image","twitter_site":"@mesalecaykazan","twitter_misc":{"Est. reading time":"2 minutes"},"schema":{"@context":"https:\/\/schema.org","@graph":[{"@type":"WebPage","@id":"https:\/\/mesalestore.com\/en\/product\/2-demlikli-cayland\/","url":"https:\/\/mesalestore.com\/en\/product\/2-demlikli-cayland\/","name":"ME\u015eALE 2 Demlikli \u00c7ayland | Me\u015fale Store","isPartOf":{"@id":"https:\/\/mesalestore.com\/en\/#website"},"primaryImageOfPage":{"@id":"https:\/\/mesalestore.com\/en\/product\/2-demlikli-cayland\/#primaryimage"},"image":{"@id":"https:\/\/mesalestore.com\/en\/product\/2-demlikli-cayland\/#primaryimage"},"thumbnailUrl":"https:\/\/mesalestore.com\/wp-content\/uploads\/2026\/01\/1_org_zoom-322.jpg","datePublished":"2026-02-09T09:19:39+00:00","dateModified":"2026-04-09T21:45:15+00:00","description":"Me\u015fale 2 Demlikli \u00c7ayland, az yer kaplayan yap\u0131s\u0131 ve y\u00fcksek performans\u0131yla, \u00e7ay servisini pratik ve h\u0131zl\u0131 hale getirmek isteyen i\u015fletmeler i\u00e7in m\u00fckemmel","breadcrumb":{"@id":"https:\/\/mesalestore.com\/en\/product\/2-demlikli-cayland\/#breadcrumb"},"inLanguage":"en-US","potentialAction":[{"@type":"ReadAction","target":["https:\/\/mesalestore.com\/en\/product\/2-demlikli-cayland\/"]}]},{"@type":"ImageObject","inLanguage":"en-US","@id":"https:\/\/mesalestore.com\/en\/product\/2-demlikli-cayland\/#primaryimage","url":"https:\/\/mesalestore.com\/wp-content\/uploads\/2026\/01\/1_org_zoom-322.jpg","contentUrl":"https:\/\/mesalestore.com\/wp-content\/uploads\/2026\/01\/1_org_zoom-322.jpg","width":1200,"height":1800},{"@type":"BreadcrumbList","@id":"https:\/\/mesalestore.com\/en\/product\/2-demlikli-cayland\/#breadcrumb","itemListElement":[{"@type":"ListItem","position":1,"name":"Anasayfa","item":"https:\/\/mesalestore.com\/en\/"},{"@type":"ListItem","position":2,"name":"Products","item":"https:\/\/mesalestore.com\/en\/shop\/"},{"@type":"ListItem","position":3,"name":"ME\u015eALE 2 Demlikli \u00c7ayland"}]},{"@type":"WebSite","@id":"https:\/\/mesalestore.com\/en\/#website","url":"https:\/\/mesalestore.com\/en\/","name":"Me\u015fale Store","description":"","publisher":{"@id":"https:\/\/mesalestore.com\/en\/#organization"},"potentialAction":[{"@type":"SearchAction","target":{"@type":"EntryPoint","urlTemplate":"https:\/\/mesalestore.com\/en\/?s={search_term_string}"},"query-input":{"@type":"PropertyValueSpecification","valueRequired":true,"valueName":"search_term_string"}}],"inLanguage":"en-US"},{"@type":"Organization","@id":"https:\/\/mesalestore.com\/en\/#organization","name":"Me\u015fale Store","url":"https:\/\/mesalestore.com\/en\/","logo":{"@type":"ImageObject","inLanguage":"en-US","@id":"https:\/\/mesalestore.com\/en\/#\/schema\/logo\/image\/","url":"https:\/\/mesalestore.com\/wp-content\/uploads\/2026\/03\/logo-header-yeni-1.webp","contentUrl":"https:\/\/mesalestore.com\/wp-content\/uploads\/2026\/03\/logo-header-yeni-1.webp","width":419,"height":147,"caption":"Me\u015fale Store"},"image":{"@id":"https:\/\/mesalestore.com\/en\/#\/schema\/logo\/image\/"},"sameAs":["https:\/\/www.facebook.com\/mesalecay","https:\/\/x.com\/mesalecaykazan","https:\/\/www.instagram.com\/mesalecaykazan\/"]}]}},"_links":{"self":[{"href":"https:\/\/mesalestore.com\/en\/wp-json\/wp\/v2\/product\/2585","targetHints":{"allow":["GET"]}}],"collection":[{"href":"https:\/\/mesalestore.com\/en\/wp-json\/wp\/v2\/product"}],"about":[{"href":"https:\/\/mesalestore.com\/en\/wp-json\/wp\/v2\/types\/product"}],"replies":[{"embeddable":true,"href":"https:\/\/mesalestore.com\/en\/wp-json\/wp\/v2\/comments?post=2585"}],"wp:featuredmedia":[{"embeddable":true,"href":"https:\/\/mesalestore.com\/en\/wp-json\/wp\/v2\/media\/1120"}],"wp:attachment":[{"href":"https:\/\/mesalestore.com\/en\/wp-json\/wp\/v2\/media?parent=2585"}],"wp:term":[{"taxonomy":"product_brand","embeddable":true,"href":"https:\/\/mesalestore.com\/en\/wp-json\/wp\/v2\/product_brand?post=2585"},{"taxonomy":"product_cat","embeddable":true,"href":"https:\/\/mesalestore.com\/en\/wp-json\/wp\/v2\/product_cat?post=2585"},{"taxonomy":"product_tag","embeddable":true,"href":"https:\/\/mesalestore.com\/en\/wp-json\/wp\/v2\/product_tag?post=2585"}],"curies":[{"name":"wp","href":"https:\/\/api.w.org\/{rel}","templated":true}]}}