{"id":2570,"date":"2026-02-09T12:19:35","date_gmt":"2026-02-09T09:19:35","guid":{"rendered":"http:\/\/mesalestore.com\/product\/demsu-plus-3-demlikli-chromat-elektrik-gazli-full-otomatik-cay-kazani\/"},"modified":"2026-04-11T00:59:17","modified_gmt":"2026-04-10T21:59:17","slug":"demsu-plus-3-demlikli-chromat-elektrik-gazli-full-otomatik-cay-kazani","status":"publish","type":"product","link":"https:\/\/mesalestore.com\/en\/product\/demsu-plus-3-demlikli-chromat-elektrik-gazli-full-otomatik-cay-kazani\/","title":{"rendered":"Demsu Plus 3 Demlikli Chromat Elektrik + Gazl\u0131 Full Otomatik \u00c7ay Kazan\u0131"},"content":{"rendered":"<p><strong>Demsu Plus 3 Demlikli Chromat Elektrik + Gazl\u0131 Full Otomatik \u00c7ay Kazan\u0131<\/strong>, <strong>geli\u015fmi\u015f teknolojisi ve \u015f\u0131k Chromat tasar\u0131m\u0131yla<\/strong> i\u015fletmeler i\u00e7in <strong>m\u00fckemmel bir \u00e7ay demleme \u00e7\u00f6z\u00fcm\u00fc<\/strong> sunar. <strong>Elektrik ve gazla \u00e7al\u0131\u015fabilen \u00e7ift sistemli<\/strong> yap\u0131s\u0131 sayesinde <strong>her ko\u015fulda kesintisiz kullan\u0131m<\/strong> sa\u011flar ve <strong>enerji tasarrufu<\/strong> sunar.<\/p>\n<p><strong>Full otomatik<\/strong> kontrol mekanizmas\u0131, <strong>sabit s\u0131cakl\u0131k ayar\u0131<\/strong> ve <strong>optimum demleme s\u00fcresi<\/strong> ile <strong>her zaman ideal \u00e7ay lezzetini yakalaman\u0131za<\/strong> yard\u0131mc\u0131 olur. <strong>\u00dc\u00e7 demlikli geni\u015f kapasitesi<\/strong>, \u00f6zellikle <strong>yo\u011fun \u00e7ay servisi yapan i\u015fletmeler i\u00e7in<\/strong> b\u00fcy\u00fck avantaj sunar.<\/p>\n<p><strong>Chromat kaplama g\u00f6vdesi<\/strong>, <strong>modern ve estetik bir g\u00f6r\u00fcn\u00fcm sa\u011flarken<\/strong> ayn\u0131 zamanda <strong>dayan\u0131kl\u0131 ve uzun \u00f6m\u00fcrl\u00fc bir kullan\u0131m<\/strong> sunar. <strong>Demsu Plus 3 Demlikli Chromat Elektrik + Gazl\u0131 Full Otomatik \u00c7ay Kazan\u0131<\/strong>, <strong>kafeler, restoranlar, oteller ve \u00e7ay ocaklar\u0131<\/strong> i\u00e7in <strong>m\u00fckemmel bir se\u00e7imdir<\/strong>.<\/p>","protected":false},"excerpt":{"rendered":"<p>Demsu Plus 3 Demlikli Chromat Elektrik + Gazl\u0131 Full Otomatik \u00c7ay Kazan\u0131 i\u015fletmeler i\u00e7in tasarlanm\u0131\u015f y\u00fcksek kapasiteli bir \u00e7ay makinesidir. Y\u00fcksek demleme kapasitesiyle h\u0131zl\u0131 servis sa\u011flar.<\/p>","protected":false},"featured_media":1060,"comment_status":"closed","ping_status":"closed","template":"","meta":[],"product_brand":[7754],"product_cat":[7771],"product_tag":[73,218,1343,1344,1531,3654,3683,3684,3671,3676,3677,3678,3672,3673,3674,3675,3655,3668,3669,3656,3661,3662,3663,3657,3658,3659,3660,3670,3664,3665,3666,3667,3685,3679,3680,3681,3682,3686,3687,3692,3693,3694,3688,3689,3690,3691,3695,3696,3697,3698],"class_list":{"0":"post-2570","1":"product","2":"type-product","3":"status-publish","4":"has-post-thumbnail","6":"product_brand-demsu-plus","7":"product_cat-cay-kazanlari","8":"product_tag-demsu","9":"product_tag-demsu-plus","10":"product_tag-demsu-plus-3","11":"product_tag-demsu-plus-3-demlikli","12":"product_tag-demsu-plus-3-demlikli-chromat","13":"product_tag-demsu-plus-3-demlikli-chromat-elektrik","14":"product_tag-demsu-plus-3-demlikli-chromat-elektrik-cay","15":"product_tag-demsu-plus-3-demlikli-chromat-elektrik-cay-kazani","16":"product_tag-demsu-plus-3-demlikli-chromat-elektrik-full","17":"product_tag-demsu-plus-3-demlikli-chromat-elektrik-full-cay","18":"product_tag-demsu-plus-3-demlikli-chromat-elektrik-full-cay-kazani","19":"product_tag-demsu-plus-3-demlikli-chromat-elektrik-full-kazani","20":"product_tag-demsu-plus-3-demlikli-chromat-elektrik-full-otomatik","21":"product_tag-demsu-plus-3-demlikli-chromat-elektrik-full-otomatik-cay","22":"product_tag-demsu-plus-3-demlikli-chromat-elektrik-full-otomatik-cay-kazani","23":"product_tag-demsu-plus-3-demlikli-chromat-elektrik-full-otomatik-kazani","24":"product_tag-demsu-plus-3-demlikli-chromat-elektrik-gazli","25":"product_tag-demsu-plus-3-demlikli-chromat-elektrik-gazli-cay","26":"product_tag-demsu-plus-3-demlikli-chromat-elektrik-gazli-cay-kazani","27":"product_tag-demsu-plus-3-demlikli-chromat-elektrik-gazli-full","28":"product_tag-demsu-plus-3-demlikli-chromat-elektrik-gazli-full-cay","29":"product_tag-demsu-plus-3-demlikli-chromat-elektrik-gazli-full-cay-kazani","30":"product_tag-demsu-plus-3-demlikli-chromat-elektrik-gazli-full-kazani","31":"product_tag-demsu-plus-3-demlikli-chromat-elektrik-gazli-full-otomatik","32":"product_tag-demsu-plus-3-demlikli-chromat-elektrik-gazli-full-otomatik-cay","33":"product_tag-demsu-plus-3-demlikli-chromat-elektrik-gazli-full-otomatik-cay-kazani","34":"product_tag-demsu-plus-3-demlikli-chromat-elektrik-gazli-full-otomatik-kazani","35":"product_tag-demsu-plus-3-demlikli-chromat-elektrik-gazli-kazani","36":"product_tag-demsu-plus-3-demlikli-chromat-elektrik-gazli-otomatik","37":"product_tag-demsu-plus-3-demlikli-chromat-elektrik-gazli-otomatik-cay","38":"product_tag-demsu-plus-3-demlikli-chromat-elektrik-gazli-otomatik-cay-kazani","39":"product_tag-demsu-plus-3-demlikli-chromat-elektrik-gazli-otomatik-kazani","40":"product_tag-demsu-plus-3-demlikli-chromat-elektrik-kazani","41":"product_tag-demsu-plus-3-demlikli-chromat-elektrik-otomatik","42":"product_tag-demsu-plus-3-demlikli-chromat-elektrik-otomatik-cay","43":"product_tag-demsu-plus-3-demlikli-chromat-elektrik-otomatik-cay-kazani","44":"product_tag-demsu-plus-3-demlikli-chromat-elektrik-otomatik-kazani","45":"product_tag-demsu-plus-3-demlikli-chromat-gazli","46":"product_tag-demsu-plus-3-demlikli-chromat-gazli-full","47":"product_tag-demsu-plus-3-demlikli-chromat-gazli-full-cay","48":"product_tag-demsu-plus-3-demlikli-chromat-gazli-full-cay-kazani","49":"product_tag-demsu-plus-3-demlikli-chromat-gazli-full-kazani","50":"product_tag-demsu-plus-3-demlikli-chromat-gazli-full-otomatik","51":"product_tag-demsu-plus-3-demlikli-chromat-gazli-full-otomatik-cay","52":"product_tag-demsu-plus-3-demlikli-chromat-gazli-full-otomatik-cay-kazani","53":"product_tag-demsu-plus-3-demlikli-chromat-gazli-full-otomatik-kazani","54":"product_tag-demsu-plus-3-demlikli-chromat-gazli-otomatik","55":"product_tag-demsu-plus-3-demlikli-chromat-gazli-otomatik-cay","56":"product_tag-demsu-plus-3-demlikli-chromat-gazli-otomatik-cay-kazani","57":"product_tag-demsu-plus-3-demlikli-chromat-gazli-otomatik-kazani","58":"pa_borular-bakir","59":"pa_demlik-sayisi-3-demlikli","60":"pa_govde-chromat","61":"pa_ic-hazne-7933","62":"pa_kahve-gozu-ocagi-var","63":"pa_kapasite-3-demlikli","64":"pa_kullanim-sekli-ustten-demlikli","65":"pa_panel-manuel","66":"pa_sac-kalinligi-7937","67":"pa_samandirali-otomatik-su-alma-var","68":"pa_tesisat-hibrit","69":"pa_yalitim-tas","71":"first","72":"instock","73":"sale","74":"taxable","75":"shipping-taxable","76":"purchasable","77":"product-type-simple"},"yoast_head":"<!-- This site is optimized with the Yoast SEO plugin v27.1.1 - https:\/\/yoast.com\/product\/yoast-seo-wordpress\/ -->\n<title>Demsu Plus 3 Demlikli Chromat Elektrik + Gazl\u0131 Full Otomatik \u00c7ay Kazan\u0131 | Me\u015fale Store<\/title>\n<meta name=\"description\" content=\"Demsu Plus 3 Demlikli Chromat Elektrik + Gazl\u0131 Full Otomatik \u00c7ay Kazan\u0131 i\u015fletmeler i\u00e7in tasarlanm\u0131\u015f y\u00fcksek kapasiteli bir \u00e7ay makinesidir. Y\u00fcksek demleme kapasitesiyle h\u0131zl\u0131 servis sa\u011flar.\" \/>\n<meta name=\"robots\" content=\"index, follow, max-snippet:-1, max-image-preview:large, max-video-preview:-1\" \/>\n<link rel=\"canonical\" href=\"https:\/\/mesalestore.com\/en\/product\/demsu-plus-3-demlikli-chromat-elektrik-gazli-full-otomatik-cay-kazani\/\" \/>\n<meta property=\"og:locale\" content=\"en_US\" \/>\n<meta property=\"og:type\" content=\"article\" \/>\n<meta property=\"og:title\" content=\"Demsu Plus 3 Demlikli Chromat Elektrik + Gazl\u0131 Full Otomatik \u00c7ay Kazan\u0131 | Me\u015fale Store\" \/>\n<meta property=\"og:description\" content=\"Demsu Plus 3 Demlikli Chromat Elektrik + Gazl\u0131 Full Otomatik \u00c7ay Kazan\u0131 i\u015fletmeler i\u00e7in tasarlanm\u0131\u015f y\u00fcksek kapasiteli bir \u00e7ay makinesidir. Y\u00fcksek demleme kapasitesiyle h\u0131zl\u0131 servis sa\u011flar.\" \/>\n<meta property=\"og:url\" content=\"https:\/\/mesalestore.com\/en\/product\/demsu-plus-3-demlikli-chromat-elektrik-gazli-full-otomatik-cay-kazani\/\" \/>\n<meta property=\"og:site_name\" content=\"Me\u015fale Store\" \/>\n<meta property=\"article:publisher\" content=\"https:\/\/www.facebook.com\/mesalecay\" \/>\n<meta property=\"article:modified_time\" content=\"2026-04-10T21:59:17+00:00\" \/>\n<meta property=\"og:image\" content=\"https:\/\/mesalestore.com\/wp-content\/uploads\/2026\/01\/1_org_zoom-292.jpg\" \/>\n\t<meta property=\"og:image:width\" content=\"1200\" \/>\n\t<meta property=\"og:image:height\" content=\"1800\" \/>\n\t<meta property=\"og:image:type\" content=\"image\/jpeg\" \/>\n<meta name=\"twitter:card\" content=\"summary_large_image\" \/>\n<meta name=\"twitter:site\" content=\"@mesalecaykazan\" \/>\n<meta name=\"twitter:label1\" content=\"Est. reading time\" \/>\n\t<meta name=\"twitter:data1\" content=\"1 minute\" \/>\n<script type=\"application\/ld+json\" class=\"yoast-schema-graph\">{\"@context\":\"https:\/\/schema.org\",\"@graph\":[{\"@type\":\"WebPage\",\"@id\":\"https:\/\/mesalestore.com\/en\/product\/demsu-plus-3-demlikli-chromat-elektrik-gazli-full-otomatik-cay-kazani\/\",\"url\":\"https:\/\/mesalestore.com\/en\/product\/demsu-plus-3-demlikli-chromat-elektrik-gazli-full-otomatik-cay-kazani\/\",\"name\":\"Demsu Plus 3 Demlikli Chromat Elektrik + Gazl\u0131 Full Otomatik \u00c7ay Kazan\u0131 | Me\u015fale Store\",\"isPartOf\":{\"@id\":\"https:\/\/mesalestore.com\/en\/#website\"},\"primaryImageOfPage\":{\"@id\":\"https:\/\/mesalestore.com\/en\/product\/demsu-plus-3-demlikli-chromat-elektrik-gazli-full-otomatik-cay-kazani\/#primaryimage\"},\"image\":{\"@id\":\"https:\/\/mesalestore.com\/en\/product\/demsu-plus-3-demlikli-chromat-elektrik-gazli-full-otomatik-cay-kazani\/#primaryimage\"},\"thumbnailUrl\":\"https:\/\/mesalestore.com\/wp-content\/uploads\/2026\/01\/1_org_zoom-292.jpg\",\"datePublished\":\"2026-02-09T09:19:35+00:00\",\"dateModified\":\"2026-04-10T21:59:17+00:00\",\"description\":\"Demsu Plus 3 Demlikli Chromat Elektrik + Gazl\u0131 Full Otomatik \u00c7ay Kazan\u0131 i\u015fletmeler i\u00e7in tasarlanm\u0131\u015f y\u00fcksek kapasiteli bir \u00e7ay makinesidir. Y\u00fcksek demleme kapasitesiyle h\u0131zl\u0131 servis sa\u011flar.\",\"breadcrumb\":{\"@id\":\"https:\/\/mesalestore.com\/en\/product\/demsu-plus-3-demlikli-chromat-elektrik-gazli-full-otomatik-cay-kazani\/#breadcrumb\"},\"inLanguage\":\"en-US\",\"potentialAction\":[{\"@type\":\"ReadAction\",\"target\":[\"https:\/\/mesalestore.com\/en\/product\/demsu-plus-3-demlikli-chromat-elektrik-gazli-full-otomatik-cay-kazani\/\"]}]},{\"@type\":\"ImageObject\",\"inLanguage\":\"en-US\",\"@id\":\"https:\/\/mesalestore.com\/en\/product\/demsu-plus-3-demlikli-chromat-elektrik-gazli-full-otomatik-cay-kazani\/#primaryimage\",\"url\":\"https:\/\/mesalestore.com\/wp-content\/uploads\/2026\/01\/1_org_zoom-292.jpg\",\"contentUrl\":\"https:\/\/mesalestore.com\/wp-content\/uploads\/2026\/01\/1_org_zoom-292.jpg\",\"width\":1200,\"height\":1800},{\"@type\":\"BreadcrumbList\",\"@id\":\"https:\/\/mesalestore.com\/en\/product\/demsu-plus-3-demlikli-chromat-elektrik-gazli-full-otomatik-cay-kazani\/#breadcrumb\",\"itemListElement\":[{\"@type\":\"ListItem\",\"position\":1,\"name\":\"Anasayfa\",\"item\":\"https:\/\/mesalestore.com\/en\/\"},{\"@type\":\"ListItem\",\"position\":2,\"name\":\"Products\",\"item\":\"https:\/\/mesalestore.com\/en\/shop\/\"},{\"@type\":\"ListItem\",\"position\":3,\"name\":\"Demsu Plus 3 Demlikli Chromat Elektrik + Gazl\u0131 Full Otomatik \u00c7ay Kazan\u0131\"}]},{\"@type\":\"WebSite\",\"@id\":\"https:\/\/mesalestore.com\/en\/#website\",\"url\":\"https:\/\/mesalestore.com\/en\/\",\"name\":\"Me\u015fale Store\",\"description\":\"\",\"publisher\":{\"@id\":\"https:\/\/mesalestore.com\/en\/#organization\"},\"potentialAction\":[{\"@type\":\"SearchAction\",\"target\":{\"@type\":\"EntryPoint\",\"urlTemplate\":\"https:\/\/mesalestore.com\/en\/?s={search_term_string}\"},\"query-input\":{\"@type\":\"PropertyValueSpecification\",\"valueRequired\":true,\"valueName\":\"search_term_string\"}}],\"inLanguage\":\"en-US\"},{\"@type\":\"Organization\",\"@id\":\"https:\/\/mesalestore.com\/en\/#organization\",\"name\":\"Me\u015fale Store\",\"url\":\"https:\/\/mesalestore.com\/en\/\",\"logo\":{\"@type\":\"ImageObject\",\"inLanguage\":\"en-US\",\"@id\":\"https:\/\/mesalestore.com\/en\/#\/schema\/logo\/image\/\",\"url\":\"https:\/\/mesalestore.com\/wp-content\/uploads\/2026\/03\/logo-header-yeni-1.webp\",\"contentUrl\":\"https:\/\/mesalestore.com\/wp-content\/uploads\/2026\/03\/logo-header-yeni-1.webp\",\"width\":419,\"height\":147,\"caption\":\"Me\u015fale Store\"},\"image\":{\"@id\":\"https:\/\/mesalestore.com\/en\/#\/schema\/logo\/image\/\"},\"sameAs\":[\"https:\/\/www.facebook.com\/mesalecay\",\"https:\/\/x.com\/mesalecaykazan\",\"https:\/\/www.instagram.com\/mesalecaykazan\/\"]}]}<\/script>\n<!-- \/ Yoast SEO plugin. -->","yoast_head_json":{"title":"Demsu Plus 3 Demlikli Chromat Elektrik + Gazl\u0131 Full Otomatik \u00c7ay Kazan\u0131 | Me\u015fale Store","description":"Demsu Plus 3 Demlikli Chromat Elektrik + Gazl\u0131 Full Otomatik \u00c7ay Kazan\u0131 i\u015fletmeler i\u00e7in tasarlanm\u0131\u015f y\u00fcksek kapasiteli bir \u00e7ay makinesidir. Y\u00fcksek demleme kapasitesiyle h\u0131zl\u0131 servis sa\u011flar.","robots":{"index":"index","follow":"follow","max-snippet":"max-snippet:-1","max-image-preview":"max-image-preview:large","max-video-preview":"max-video-preview:-1"},"canonical":"https:\/\/mesalestore.com\/en\/product\/demsu-plus-3-demlikli-chromat-elektrik-gazli-full-otomatik-cay-kazani\/","og_locale":"en_US","og_type":"article","og_title":"Demsu Plus 3 Demlikli Chromat Elektrik + Gazl\u0131 Full Otomatik \u00c7ay Kazan\u0131 | Me\u015fale Store","og_description":"Demsu Plus 3 Demlikli Chromat Elektrik + Gazl\u0131 Full Otomatik \u00c7ay Kazan\u0131 i\u015fletmeler i\u00e7in tasarlanm\u0131\u015f y\u00fcksek kapasiteli bir \u00e7ay makinesidir. Y\u00fcksek demleme kapasitesiyle h\u0131zl\u0131 servis sa\u011flar.","og_url":"https:\/\/mesalestore.com\/en\/product\/demsu-plus-3-demlikli-chromat-elektrik-gazli-full-otomatik-cay-kazani\/","og_site_name":"Me\u015fale Store","article_publisher":"https:\/\/www.facebook.com\/mesalecay","article_modified_time":"2026-04-10T21:59:17+00:00","og_image":[{"width":1200,"height":1800,"url":"https:\/\/mesalestore.com\/wp-content\/uploads\/2026\/01\/1_org_zoom-292.jpg","type":"image\/jpeg"}],"twitter_card":"summary_large_image","twitter_site":"@mesalecaykazan","twitter_misc":{"Est. reading time":"1 minute"},"schema":{"@context":"https:\/\/schema.org","@graph":[{"@type":"WebPage","@id":"https:\/\/mesalestore.com\/en\/product\/demsu-plus-3-demlikli-chromat-elektrik-gazli-full-otomatik-cay-kazani\/","url":"https:\/\/mesalestore.com\/en\/product\/demsu-plus-3-demlikli-chromat-elektrik-gazli-full-otomatik-cay-kazani\/","name":"Demsu Plus 3 Demlikli Chromat Elektrik + Gazl\u0131 Full Otomatik \u00c7ay Kazan\u0131 | Me\u015fale Store","isPartOf":{"@id":"https:\/\/mesalestore.com\/en\/#website"},"primaryImageOfPage":{"@id":"https:\/\/mesalestore.com\/en\/product\/demsu-plus-3-demlikli-chromat-elektrik-gazli-full-otomatik-cay-kazani\/#primaryimage"},"image":{"@id":"https:\/\/mesalestore.com\/en\/product\/demsu-plus-3-demlikli-chromat-elektrik-gazli-full-otomatik-cay-kazani\/#primaryimage"},"thumbnailUrl":"https:\/\/mesalestore.com\/wp-content\/uploads\/2026\/01\/1_org_zoom-292.jpg","datePublished":"2026-02-09T09:19:35+00:00","dateModified":"2026-04-10T21:59:17+00:00","description":"Demsu Plus 3 Demlikli Chromat Elektrik + Gazl\u0131 Full Otomatik \u00c7ay Kazan\u0131 i\u015fletmeler i\u00e7in tasarlanm\u0131\u015f y\u00fcksek kapasiteli bir \u00e7ay makinesidir. Y\u00fcksek demleme kapasitesiyle h\u0131zl\u0131 servis sa\u011flar.","breadcrumb":{"@id":"https:\/\/mesalestore.com\/en\/product\/demsu-plus-3-demlikli-chromat-elektrik-gazli-full-otomatik-cay-kazani\/#breadcrumb"},"inLanguage":"en-US","potentialAction":[{"@type":"ReadAction","target":["https:\/\/mesalestore.com\/en\/product\/demsu-plus-3-demlikli-chromat-elektrik-gazli-full-otomatik-cay-kazani\/"]}]},{"@type":"ImageObject","inLanguage":"en-US","@id":"https:\/\/mesalestore.com\/en\/product\/demsu-plus-3-demlikli-chromat-elektrik-gazli-full-otomatik-cay-kazani\/#primaryimage","url":"https:\/\/mesalestore.com\/wp-content\/uploads\/2026\/01\/1_org_zoom-292.jpg","contentUrl":"https:\/\/mesalestore.com\/wp-content\/uploads\/2026\/01\/1_org_zoom-292.jpg","width":1200,"height":1800},{"@type":"BreadcrumbList","@id":"https:\/\/mesalestore.com\/en\/product\/demsu-plus-3-demlikli-chromat-elektrik-gazli-full-otomatik-cay-kazani\/#breadcrumb","itemListElement":[{"@type":"ListItem","position":1,"name":"Anasayfa","item":"https:\/\/mesalestore.com\/en\/"},{"@type":"ListItem","position":2,"name":"Products","item":"https:\/\/mesalestore.com\/en\/shop\/"},{"@type":"ListItem","position":3,"name":"Demsu Plus 3 Demlikli Chromat Elektrik + Gazl\u0131 Full Otomatik \u00c7ay Kazan\u0131"}]},{"@type":"WebSite","@id":"https:\/\/mesalestore.com\/en\/#website","url":"https:\/\/mesalestore.com\/en\/","name":"Me\u015fale Store","description":"","publisher":{"@id":"https:\/\/mesalestore.com\/en\/#organization"},"potentialAction":[{"@type":"SearchAction","target":{"@type":"EntryPoint","urlTemplate":"https:\/\/mesalestore.com\/en\/?s={search_term_string}"},"query-input":{"@type":"PropertyValueSpecification","valueRequired":true,"valueName":"search_term_string"}}],"inLanguage":"en-US"},{"@type":"Organization","@id":"https:\/\/mesalestore.com\/en\/#organization","name":"Me\u015fale Store","url":"https:\/\/mesalestore.com\/en\/","logo":{"@type":"ImageObject","inLanguage":"en-US","@id":"https:\/\/mesalestore.com\/en\/#\/schema\/logo\/image\/","url":"https:\/\/mesalestore.com\/wp-content\/uploads\/2026\/03\/logo-header-yeni-1.webp","contentUrl":"https:\/\/mesalestore.com\/wp-content\/uploads\/2026\/03\/logo-header-yeni-1.webp","width":419,"height":147,"caption":"Me\u015fale Store"},"image":{"@id":"https:\/\/mesalestore.com\/en\/#\/schema\/logo\/image\/"},"sameAs":["https:\/\/www.facebook.com\/mesalecay","https:\/\/x.com\/mesalecaykazan","https:\/\/www.instagram.com\/mesalecaykazan\/"]}]}},"_links":{"self":[{"href":"https:\/\/mesalestore.com\/en\/wp-json\/wp\/v2\/product\/2570","targetHints":{"allow":["GET"]}}],"collection":[{"href":"https:\/\/mesalestore.com\/en\/wp-json\/wp\/v2\/product"}],"about":[{"href":"https:\/\/mesalestore.com\/en\/wp-json\/wp\/v2\/types\/product"}],"replies":[{"embeddable":true,"href":"https:\/\/mesalestore.com\/en\/wp-json\/wp\/v2\/comments?post=2570"}],"wp:featuredmedia":[{"embeddable":true,"href":"https:\/\/mesalestore.com\/en\/wp-json\/wp\/v2\/media\/1060"}],"wp:attachment":[{"href":"https:\/\/mesalestore.com\/en\/wp-json\/wp\/v2\/media?parent=2570"}],"wp:term":[{"taxonomy":"product_brand","embeddable":true,"href":"https:\/\/mesalestore.com\/en\/wp-json\/wp\/v2\/product_brand?post=2570"},{"taxonomy":"product_cat","embeddable":true,"href":"https:\/\/mesalestore.com\/en\/wp-json\/wp\/v2\/product_cat?post=2570"},{"taxonomy":"product_tag","embeddable":true,"href":"https:\/\/mesalestore.com\/en\/wp-json\/wp\/v2\/product_tag?post=2570"}],"curies":[{"name":"wp","href":"https:\/\/api.w.org\/{rel}","templated":true}]}}