{"id":2562,"date":"2026-02-09T12:19:33","date_gmt":"2026-02-09T09:19:33","guid":{"rendered":"http:\/\/mesalestore.com\/product\/demsu-1-demlikli-supermini-elektrikli-kahverengi-mermer-desenli-cay-kazani-10-litre\/"},"modified":"2026-04-04T14:53:03","modified_gmt":"2026-04-04T11:53:03","slug":"demsu-1-demlikli-supermini-elektrikli-kahverengi-mermer-desenli-cay-kazani-10-litre","status":"publish","type":"product","link":"https:\/\/mesalestore.com\/en\/product\/demsu-1-demlikli-supermini-elektrikli-kahverengi-mermer-desenli-cay-kazani-10-litre\/","title":{"rendered":"Demsu 1 Demlikli S\u00fcpermini Elektrikli Kahverengi Mermer Desenli \u00c7ay Kazan\u0131 5 Litre"},"content":{"rendered":"<p><strong>Demsu 1 Demlikli S\u00fcpermini Elektrikli Kahverengi Mermer Desenli \u00c7ay Kazan\u0131<\/strong>, <strong>10 litre kapasite<\/strong>ye sahip kompakt ve \u015f\u0131k bir \u00e7ay kazan\u0131d\u0131r. <strong>Kahverengi mermer desenli<\/strong> d\u0131\u015f y\u00fczeyi, klasik ve zarif bir g\u00f6r\u00fcn\u00fcm sa\u011flar, her t\u00fcrl\u00fc mutfak veya ofis dekorasyonuna uyum sa\u011flar. Elektrikli \u00e7al\u0131\u015fma prensibiyle, h\u0131zl\u0131 ve verimli bir \u015fekilde <strong>\u00e7ay demlemenizi<\/strong> sa\u011flar.<\/p>\n<p>K\u00fc\u00e7\u00fck i\u015fletmeler, ofisler veya ev kullan\u0131m\u0131 i\u00e7in m\u00fckemmel bir se\u00e7enek olan bu \u00e7ay kazan\u0131, <strong>enerji verimli<\/strong> \u00f6zelli\u011fiyle kullan\u0131c\u0131 dostudur. <strong>Kompakt yap\u0131s\u0131<\/strong>, fazla yer kaplamadan ihtiya\u00e7 duydu\u011funuz kadar \u00e7ay\u0131 haz\u0131rlaman\u0131z\u0131 sa\u011flar. <strong>Dayan\u0131kl\u0131 yap\u0131s\u0131<\/strong> ile uzun y\u0131llar boyunca g\u00fcvenle kullan\u0131labilir.<\/p>\n<p><strong>Demsu 1 Demlikli S\u00fcpermini Elektrikli Kahverengi Mermer Desenli \u00c7ay Kazan\u0131<\/strong>, hem fonksiyonel hem de estetik a\u00e7\u0131dan m\u00fckemmel bir se\u00e7enektir. <strong>H\u0131zl\u0131 \u00e7ay demleme<\/strong> \u00f6zelli\u011fi ve <strong>enerji tasarrufu sa\u011flayan teknolojisi<\/strong> ile m\u00fckemmel performans sunar. Ofislerde, evlerde veya k\u00fc\u00e7\u00fck i\u015fletmelerde ideal bir \u00e7\u00f6z\u00fcm sunar.<\/p>","protected":false},"excerpt":{"rendered":"<p>Demsu 1 Demlikli S\u00fcpermini Elektrikli Kahverengi Mermer Desenli \u00c7ay Kazan\u0131 10 Litre i\u015fletmeler i\u00e7in tasarlanm\u0131\u015f y\u00fcksek kapasiteli bir \u00e7ay makinesidir. Y\u00fcksek demleme kapasitesiyle h\u0131zl\u0131 servis sa\u011flar.<\/p>","protected":false},"featured_media":1028,"template":"","meta":[],"product_brand":[7754],"product_cat":[7792],"product_tag":[73,169,170,6853,6854,6900,6933,6934,6939,6940,6935,6936,6937,6938,6941,6901,6930,6931,6918,6923,6924,6919,6920,6921,6922,6925,6902,6915,6916,6903,6908,6909,6904,6905,6906,6907,6910,6911,6912,6913,6914,6917,6926,6927,6928,6929,6932],"class_list":{"0":"post-2562","1":"product","2":"type-product","3":"status-publish","4":"has-post-thumbnail","6":"product_brand-demsu-plus","7":"product_cat-yeni-nesil-cayland-demsu-plus-cay-kazanlari","8":"product_tag-demsu","9":"product_tag-demsu-1","10":"product_tag-demsu-1-demlikli","11":"product_tag-demsu-1-demlikli-supermini","12":"product_tag-demsu-1-demlikli-supermini-elektrikli","13":"product_tag-demsu-1-demlikli-supermini-elektrikli-kahverengi","14":"product_tag-demsu-1-demlikli-supermini-elektrikli-kahverengi-desenli","15":"product_tag-demsu-1-demlikli-supermini-elektrikli-kahverengi-desenli-cay","16":"product_tag-demsu-1-demlikli-supermini-elektrikli-kahverengi-desenli-cay-10","17":"product_tag-demsu-1-demlikli-supermini-elektrikli-kahverengi-desenli-cay-10-litre","18":"product_tag-demsu-1-demlikli-supermini-elektrikli-kahverengi-desenli-cay-kazani","19":"product_tag-demsu-1-demlikli-supermini-elektrikli-kahverengi-desenli-cay-kazani-10","20":"product_tag-demsu-1-demlikli-supermini-elektrikli-kahverengi-desenli-cay-kazani-10-litre","21":"product_tag-demsu-1-demlikli-supermini-elektrikli-kahverengi-desenli-cay-kazani-litre","22":"product_tag-demsu-1-demlikli-supermini-elektrikli-kahverengi-desenli-cay-litre","23":"product_tag-demsu-1-demlikli-supermini-elektrikli-kahverengi-mermer","24":"product_tag-demsu-1-demlikli-supermini-elektrikli-kahverengi-mermer-10","25":"product_tag-demsu-1-demlikli-supermini-elektrikli-kahverengi-mermer-10-litre","26":"product_tag-demsu-1-demlikli-supermini-elektrikli-kahverengi-mermer-cay","27":"product_tag-demsu-1-demlikli-supermini-elektrikli-kahverengi-mermer-cay-10","28":"product_tag-demsu-1-demlikli-supermini-elektrikli-kahverengi-mermer-cay-10-litre","29":"product_tag-demsu-1-demlikli-supermini-elektrikli-kahverengi-mermer-cay-kazani","30":"product_tag-demsu-1-demlikli-supermini-elektrikli-kahverengi-mermer-cay-kazani-10","31":"product_tag-demsu-1-demlikli-supermini-elektrikli-kahverengi-mermer-cay-kazani-10-litre","32":"product_tag-demsu-1-demlikli-supermini-elektrikli-kahverengi-mermer-cay-kazani-litre","33":"product_tag-demsu-1-demlikli-supermini-elektrikli-kahverengi-mermer-cay-litre","34":"product_tag-demsu-1-demlikli-supermini-elektrikli-kahverengi-mermer-desenli","35":"product_tag-demsu-1-demlikli-supermini-elektrikli-kahverengi-mermer-desenli-10","36":"product_tag-demsu-1-demlikli-supermini-elektrikli-kahverengi-mermer-desenli-10-litre","37":"product_tag-demsu-1-demlikli-supermini-elektrikli-kahverengi-mermer-desenli-cay","38":"product_tag-demsu-1-demlikli-supermini-elektrikli-kahverengi-mermer-desenli-cay-10","39":"product_tag-demsu-1-demlikli-supermini-elektrikli-kahverengi-mermer-desenli-cay-10-litre","40":"product_tag-demsu-1-demlikli-supermini-elektrikli-kahverengi-mermer-desenli-cay-kazani","41":"product_tag-demsu-1-demlikli-supermini-elektrikli-kahverengi-mermer-desenli-cay-kazani-10","42":"product_tag-demsu-1-demlikli-supermini-elektrikli-kahverengi-mermer-desenli-cay-kazani-10-litre","43":"product_tag-demsu-1-demlikli-supermini-elektrikli-kahverengi-mermer-desenli-cay-kazani-litre","44":"product_tag-demsu-1-demlikli-supermini-elektrikli-kahverengi-mermer-desenli-cay-litre","45":"product_tag-demsu-1-demlikli-supermini-elektrikli-kahverengi-mermer-desenli-kazani","46":"product_tag-demsu-1-demlikli-supermini-elektrikli-kahverengi-mermer-desenli-kazani-10","47":"product_tag-demsu-1-demlikli-supermini-elektrikli-kahverengi-mermer-desenli-kazani-10-litre","48":"product_tag-demsu-1-demlikli-supermini-elektrikli-kahverengi-mermer-desenli-kazani-litre","49":"product_tag-demsu-1-demlikli-supermini-elektrikli-kahverengi-mermer-desenli-litre","50":"product_tag-demsu-1-demlikli-supermini-elektrikli-kahverengi-mermer-kazani","51":"product_tag-demsu-1-demlikli-supermini-elektrikli-kahverengi-mermer-kazani-10","52":"product_tag-demsu-1-demlikli-supermini-elektrikli-kahverengi-mermer-kazani-10-litre","53":"product_tag-demsu-1-demlikli-supermini-elektrikli-kahverengi-mermer-kazani-litre","54":"product_tag-demsu-1-demlikli-supermini-elektrikli-kahverengi-mermer-litre","56":"first","57":"instock","58":"taxable","59":"shipping-taxable","60":"purchasable","61":"product-type-simple"},"yoast_head":"<!-- This site is optimized with the Yoast SEO plugin v27.1.1 - https:\/\/yoast.com\/product\/yoast-seo-wordpress\/ -->\n<title>Demsu 1 Demlikli S\u00fcpermini Elektrikli Kahverengi Mermer Desenli \u00c7ay Kazan\u0131 5 Litre | Me\u015fale Store<\/title>\n<meta name=\"description\" content=\"Demsu 1 Demlikli S\u00fcpermini Elektrikli Kahverengi Mermer Desenli \u00c7ay Kazan\u0131 10 Litre i\u015fletmeler i\u00e7in tasarlanm\u0131\u015f y\u00fcksek kapasiteli bir \u00e7ay makinesidir. Y\u00fcksek demleme kapasitesiyle h\u0131zl\u0131 servis sa\u011flar.\" \/>\n<meta name=\"robots\" content=\"index, follow, max-snippet:-1, max-image-preview:large, max-video-preview:-1\" \/>\n<link rel=\"canonical\" href=\"https:\/\/mesalestore.com\/en\/product\/demsu-1-demlikli-supermini-elektrikli-kahverengi-mermer-desenli-cay-kazani-10-litre\/\" \/>\n<meta property=\"og:locale\" content=\"en_US\" \/>\n<meta property=\"og:type\" content=\"article\" \/>\n<meta property=\"og:title\" content=\"Demsu 1 Demlikli S\u00fcpermini Elektrikli Kahverengi Mermer Desenli \u00c7ay Kazan\u0131 5 Litre | Me\u015fale Store\" \/>\n<meta property=\"og:description\" content=\"Demsu 1 Demlikli S\u00fcpermini Elektrikli Kahverengi Mermer Desenli \u00c7ay Kazan\u0131 10 Litre i\u015fletmeler i\u00e7in tasarlanm\u0131\u015f y\u00fcksek kapasiteli bir \u00e7ay makinesidir. Y\u00fcksek demleme kapasitesiyle h\u0131zl\u0131 servis sa\u011flar.\" \/>\n<meta property=\"og:url\" content=\"https:\/\/mesalestore.com\/en\/product\/demsu-1-demlikli-supermini-elektrikli-kahverengi-mermer-desenli-cay-kazani-10-litre\/\" \/>\n<meta property=\"og:site_name\" content=\"Me\u015fale Store\" \/>\n<meta property=\"article:publisher\" content=\"https:\/\/www.facebook.com\/mesalecay\" \/>\n<meta property=\"article:modified_time\" content=\"2026-04-04T11:53:03+00:00\" \/>\n<meta property=\"og:image\" content=\"https:\/\/mesalestore.com\/wp-content\/uploads\/2026\/01\/1_org_zoom-276.jpg\" \/>\n\t<meta property=\"og:image:width\" content=\"1200\" \/>\n\t<meta property=\"og:image:height\" content=\"1800\" \/>\n\t<meta property=\"og:image:type\" content=\"image\/jpeg\" \/>\n<meta name=\"twitter:card\" content=\"summary_large_image\" \/>\n<meta name=\"twitter:site\" content=\"@mesalecaykazan\" \/>\n<meta name=\"twitter:label1\" content=\"Est. reading time\" \/>\n\t<meta name=\"twitter:data1\" content=\"1 minute\" \/>\n<script type=\"application\/ld+json\" class=\"yoast-schema-graph\">{\"@context\":\"https:\/\/schema.org\",\"@graph\":[{\"@type\":\"WebPage\",\"@id\":\"https:\/\/mesalestore.com\/en\/product\/demsu-1-demlikli-supermini-elektrikli-kahverengi-mermer-desenli-cay-kazani-10-litre\/\",\"url\":\"https:\/\/mesalestore.com\/en\/product\/demsu-1-demlikli-supermini-elektrikli-kahverengi-mermer-desenli-cay-kazani-10-litre\/\",\"name\":\"Demsu 1 Demlikli S\u00fcpermini Elektrikli Kahverengi Mermer Desenli \u00c7ay Kazan\u0131 5 Litre | Me\u015fale Store\",\"isPartOf\":{\"@id\":\"https:\/\/mesalestore.com\/en\/#website\"},\"primaryImageOfPage\":{\"@id\":\"https:\/\/mesalestore.com\/en\/product\/demsu-1-demlikli-supermini-elektrikli-kahverengi-mermer-desenli-cay-kazani-10-litre\/#primaryimage\"},\"image\":{\"@id\":\"https:\/\/mesalestore.com\/en\/product\/demsu-1-demlikli-supermini-elektrikli-kahverengi-mermer-desenli-cay-kazani-10-litre\/#primaryimage\"},\"thumbnailUrl\":\"https:\/\/mesalestore.com\/wp-content\/uploads\/2026\/01\/1_org_zoom-276.jpg\",\"datePublished\":\"2026-02-09T09:19:33+00:00\",\"dateModified\":\"2026-04-04T11:53:03+00:00\",\"description\":\"Demsu 1 Demlikli S\u00fcpermini Elektrikli Kahverengi Mermer Desenli \u00c7ay Kazan\u0131 10 Litre i\u015fletmeler i\u00e7in tasarlanm\u0131\u015f y\u00fcksek kapasiteli bir \u00e7ay makinesidir. Y\u00fcksek demleme kapasitesiyle h\u0131zl\u0131 servis sa\u011flar.\",\"breadcrumb\":{\"@id\":\"https:\/\/mesalestore.com\/en\/product\/demsu-1-demlikli-supermini-elektrikli-kahverengi-mermer-desenli-cay-kazani-10-litre\/#breadcrumb\"},\"inLanguage\":\"en-US\",\"potentialAction\":[{\"@type\":\"ReadAction\",\"target\":[\"https:\/\/mesalestore.com\/en\/product\/demsu-1-demlikli-supermini-elektrikli-kahverengi-mermer-desenli-cay-kazani-10-litre\/\"]}]},{\"@type\":\"ImageObject\",\"inLanguage\":\"en-US\",\"@id\":\"https:\/\/mesalestore.com\/en\/product\/demsu-1-demlikli-supermini-elektrikli-kahverengi-mermer-desenli-cay-kazani-10-litre\/#primaryimage\",\"url\":\"https:\/\/mesalestore.com\/wp-content\/uploads\/2026\/01\/1_org_zoom-276.jpg\",\"contentUrl\":\"https:\/\/mesalestore.com\/wp-content\/uploads\/2026\/01\/1_org_zoom-276.jpg\",\"width\":1200,\"height\":1800},{\"@type\":\"BreadcrumbList\",\"@id\":\"https:\/\/mesalestore.com\/en\/product\/demsu-1-demlikli-supermini-elektrikli-kahverengi-mermer-desenli-cay-kazani-10-litre\/#breadcrumb\",\"itemListElement\":[{\"@type\":\"ListItem\",\"position\":1,\"name\":\"Anasayfa\",\"item\":\"https:\/\/mesalestore.com\/en\/\"},{\"@type\":\"ListItem\",\"position\":2,\"name\":\"Products\",\"item\":\"https:\/\/mesalestore.com\/en\/shop\/\"},{\"@type\":\"ListItem\",\"position\":3,\"name\":\"Demsu 1 Demlikli S\u00fcpermini Elektrikli Kahverengi Mermer Desenli \u00c7ay Kazan\u0131 5 Litre\"}]},{\"@type\":\"WebSite\",\"@id\":\"https:\/\/mesalestore.com\/en\/#website\",\"url\":\"https:\/\/mesalestore.com\/en\/\",\"name\":\"Me\u015fale Store\",\"description\":\"\",\"publisher\":{\"@id\":\"https:\/\/mesalestore.com\/en\/#organization\"},\"potentialAction\":[{\"@type\":\"SearchAction\",\"target\":{\"@type\":\"EntryPoint\",\"urlTemplate\":\"https:\/\/mesalestore.com\/en\/?s={search_term_string}\"},\"query-input\":{\"@type\":\"PropertyValueSpecification\",\"valueRequired\":true,\"valueName\":\"search_term_string\"}}],\"inLanguage\":\"en-US\"},{\"@type\":\"Organization\",\"@id\":\"https:\/\/mesalestore.com\/en\/#organization\",\"name\":\"Me\u015fale Store\",\"url\":\"https:\/\/mesalestore.com\/en\/\",\"logo\":{\"@type\":\"ImageObject\",\"inLanguage\":\"en-US\",\"@id\":\"https:\/\/mesalestore.com\/en\/#\/schema\/logo\/image\/\",\"url\":\"https:\/\/mesalestore.com\/wp-content\/uploads\/2026\/03\/logo-header-yeni-1.webp\",\"contentUrl\":\"https:\/\/mesalestore.com\/wp-content\/uploads\/2026\/03\/logo-header-yeni-1.webp\",\"width\":419,\"height\":147,\"caption\":\"Me\u015fale Store\"},\"image\":{\"@id\":\"https:\/\/mesalestore.com\/en\/#\/schema\/logo\/image\/\"},\"sameAs\":[\"https:\/\/www.facebook.com\/mesalecay\",\"https:\/\/x.com\/mesalecaykazan\",\"https:\/\/www.instagram.com\/mesalecaykazan\/\"]}]}<\/script>\n<!-- \/ Yoast SEO plugin. -->","yoast_head_json":{"title":"Demsu 1 Demlikli S\u00fcpermini Elektrikli Kahverengi Mermer Desenli \u00c7ay Kazan\u0131 5 Litre | Me\u015fale Store","description":"Demsu 1 Demlikli S\u00fcpermini Elektrikli Kahverengi Mermer Desenli \u00c7ay Kazan\u0131 10 Litre i\u015fletmeler i\u00e7in tasarlanm\u0131\u015f y\u00fcksek kapasiteli bir \u00e7ay makinesidir. Y\u00fcksek demleme kapasitesiyle h\u0131zl\u0131 servis sa\u011flar.","robots":{"index":"index","follow":"follow","max-snippet":"max-snippet:-1","max-image-preview":"max-image-preview:large","max-video-preview":"max-video-preview:-1"},"canonical":"https:\/\/mesalestore.com\/en\/product\/demsu-1-demlikli-supermini-elektrikli-kahverengi-mermer-desenli-cay-kazani-10-litre\/","og_locale":"en_US","og_type":"article","og_title":"Demsu 1 Demlikli S\u00fcpermini Elektrikli Kahverengi Mermer Desenli \u00c7ay Kazan\u0131 5 Litre | Me\u015fale Store","og_description":"Demsu 1 Demlikli S\u00fcpermini Elektrikli Kahverengi Mermer Desenli \u00c7ay Kazan\u0131 10 Litre i\u015fletmeler i\u00e7in tasarlanm\u0131\u015f y\u00fcksek kapasiteli bir \u00e7ay makinesidir. Y\u00fcksek demleme kapasitesiyle h\u0131zl\u0131 servis sa\u011flar.","og_url":"https:\/\/mesalestore.com\/en\/product\/demsu-1-demlikli-supermini-elektrikli-kahverengi-mermer-desenli-cay-kazani-10-litre\/","og_site_name":"Me\u015fale Store","article_publisher":"https:\/\/www.facebook.com\/mesalecay","article_modified_time":"2026-04-04T11:53:03+00:00","og_image":[{"width":1200,"height":1800,"url":"https:\/\/mesalestore.com\/wp-content\/uploads\/2026\/01\/1_org_zoom-276.jpg","type":"image\/jpeg"}],"twitter_card":"summary_large_image","twitter_site":"@mesalecaykazan","twitter_misc":{"Est. reading time":"1 minute"},"schema":{"@context":"https:\/\/schema.org","@graph":[{"@type":"WebPage","@id":"https:\/\/mesalestore.com\/en\/product\/demsu-1-demlikli-supermini-elektrikli-kahverengi-mermer-desenli-cay-kazani-10-litre\/","url":"https:\/\/mesalestore.com\/en\/product\/demsu-1-demlikli-supermini-elektrikli-kahverengi-mermer-desenli-cay-kazani-10-litre\/","name":"Demsu 1 Demlikli S\u00fcpermini Elektrikli Kahverengi Mermer Desenli \u00c7ay Kazan\u0131 5 Litre | Me\u015fale Store","isPartOf":{"@id":"https:\/\/mesalestore.com\/en\/#website"},"primaryImageOfPage":{"@id":"https:\/\/mesalestore.com\/en\/product\/demsu-1-demlikli-supermini-elektrikli-kahverengi-mermer-desenli-cay-kazani-10-litre\/#primaryimage"},"image":{"@id":"https:\/\/mesalestore.com\/en\/product\/demsu-1-demlikli-supermini-elektrikli-kahverengi-mermer-desenli-cay-kazani-10-litre\/#primaryimage"},"thumbnailUrl":"https:\/\/mesalestore.com\/wp-content\/uploads\/2026\/01\/1_org_zoom-276.jpg","datePublished":"2026-02-09T09:19:33+00:00","dateModified":"2026-04-04T11:53:03+00:00","description":"Demsu 1 Demlikli S\u00fcpermini Elektrikli Kahverengi Mermer Desenli \u00c7ay Kazan\u0131 10 Litre i\u015fletmeler i\u00e7in tasarlanm\u0131\u015f y\u00fcksek kapasiteli bir \u00e7ay makinesidir. Y\u00fcksek demleme kapasitesiyle h\u0131zl\u0131 servis sa\u011flar.","breadcrumb":{"@id":"https:\/\/mesalestore.com\/en\/product\/demsu-1-demlikli-supermini-elektrikli-kahverengi-mermer-desenli-cay-kazani-10-litre\/#breadcrumb"},"inLanguage":"en-US","potentialAction":[{"@type":"ReadAction","target":["https:\/\/mesalestore.com\/en\/product\/demsu-1-demlikli-supermini-elektrikli-kahverengi-mermer-desenli-cay-kazani-10-litre\/"]}]},{"@type":"ImageObject","inLanguage":"en-US","@id":"https:\/\/mesalestore.com\/en\/product\/demsu-1-demlikli-supermini-elektrikli-kahverengi-mermer-desenli-cay-kazani-10-litre\/#primaryimage","url":"https:\/\/mesalestore.com\/wp-content\/uploads\/2026\/01\/1_org_zoom-276.jpg","contentUrl":"https:\/\/mesalestore.com\/wp-content\/uploads\/2026\/01\/1_org_zoom-276.jpg","width":1200,"height":1800},{"@type":"BreadcrumbList","@id":"https:\/\/mesalestore.com\/en\/product\/demsu-1-demlikli-supermini-elektrikli-kahverengi-mermer-desenli-cay-kazani-10-litre\/#breadcrumb","itemListElement":[{"@type":"ListItem","position":1,"name":"Anasayfa","item":"https:\/\/mesalestore.com\/en\/"},{"@type":"ListItem","position":2,"name":"Products","item":"https:\/\/mesalestore.com\/en\/shop\/"},{"@type":"ListItem","position":3,"name":"Demsu 1 Demlikli S\u00fcpermini Elektrikli Kahverengi Mermer Desenli \u00c7ay Kazan\u0131 5 Litre"}]},{"@type":"WebSite","@id":"https:\/\/mesalestore.com\/en\/#website","url":"https:\/\/mesalestore.com\/en\/","name":"Me\u015fale Store","description":"","publisher":{"@id":"https:\/\/mesalestore.com\/en\/#organization"},"potentialAction":[{"@type":"SearchAction","target":{"@type":"EntryPoint","urlTemplate":"https:\/\/mesalestore.com\/en\/?s={search_term_string}"},"query-input":{"@type":"PropertyValueSpecification","valueRequired":true,"valueName":"search_term_string"}}],"inLanguage":"en-US"},{"@type":"Organization","@id":"https:\/\/mesalestore.com\/en\/#organization","name":"Me\u015fale Store","url":"https:\/\/mesalestore.com\/en\/","logo":{"@type":"ImageObject","inLanguage":"en-US","@id":"https:\/\/mesalestore.com\/en\/#\/schema\/logo\/image\/","url":"https:\/\/mesalestore.com\/wp-content\/uploads\/2026\/03\/logo-header-yeni-1.webp","contentUrl":"https:\/\/mesalestore.com\/wp-content\/uploads\/2026\/03\/logo-header-yeni-1.webp","width":419,"height":147,"caption":"Me\u015fale Store"},"image":{"@id":"https:\/\/mesalestore.com\/en\/#\/schema\/logo\/image\/"},"sameAs":["https:\/\/www.facebook.com\/mesalecay","https:\/\/x.com\/mesalecaykazan","https:\/\/www.instagram.com\/mesalecaykazan\/"]}]}},"_links":{"self":[{"href":"https:\/\/mesalestore.com\/en\/wp-json\/wp\/v2\/product\/2562","targetHints":{"allow":["GET"]}}],"collection":[{"href":"https:\/\/mesalestore.com\/en\/wp-json\/wp\/v2\/product"}],"about":[{"href":"https:\/\/mesalestore.com\/en\/wp-json\/wp\/v2\/types\/product"}],"wp:featuredmedia":[{"embeddable":true,"href":"https:\/\/mesalestore.com\/en\/wp-json\/wp\/v2\/media\/1028"}],"wp:attachment":[{"href":"https:\/\/mesalestore.com\/en\/wp-json\/wp\/v2\/media?parent=2562"}],"wp:term":[{"taxonomy":"product_brand","embeddable":true,"href":"https:\/\/mesalestore.com\/en\/wp-json\/wp\/v2\/product_brand?post=2562"},{"taxonomy":"product_cat","embeddable":true,"href":"https:\/\/mesalestore.com\/en\/wp-json\/wp\/v2\/product_cat?post=2562"},{"taxonomy":"product_tag","embeddable":true,"href":"https:\/\/mesalestore.com\/en\/wp-json\/wp\/v2\/product_tag?post=2562"}],"curies":[{"name":"wp","href":"https:\/\/api.w.org\/{rel}","templated":true}]}}