{"id":2556,"date":"2026-02-09T12:19:31","date_gmt":"2026-02-09T09:19:31","guid":{"rendered":"http:\/\/mesalestore.com\/product\/cay-kazanlari-dogalgaz-donusum-enjektoru\/"},"modified":"2026-04-11T13:17:36","modified_gmt":"2026-04-11T10:17:36","slug":"cay-kazanlari-dogalgaz-donusum-enjektoru","status":"publish","type":"product","link":"https:\/\/mesalestore.com\/en\/product\/cay-kazanlari-dogalgaz-donusum-enjektoru\/","title":{"rendered":"\u00c7ay Kazanlar\u0131 Do\u011falgaz D\u00f6n\u00fc\u015f\u00fcm Enjekt\u00f6r\u00fc"},"content":{"rendered":"<p><strong>Do\u011falgaz D\u00f6n\u00fc\u015f\u00fcm Enjekt\u00f6r\u00fc \u2013 Verimli ve G\u00fcvenli Enerji \u00c7\u00f6z\u00fcm\u00fc<\/strong><\/p>\n<p><strong>Do\u011falgaz d\u00f6n\u00fc\u015f\u00fcm enjekt\u00f6r\u00fc<\/strong>, gazl\u0131 cihazlar\u0131n do\u011falgazla uyumlu hale gelmesini sa\u011flayan \u00f6nemli bir bile\u015fendir. Bu enjekt\u00f6r, do\u011falgaz sistemine entegre edilerek <strong>enerji verimlili\u011fini<\/strong> art\u0131r\u0131r ve <strong>yak\u0131t tasarrufu<\/strong> sa\u011flar. <strong>Do\u011falgaz d\u00f6n\u00fc\u015f\u00fcm enjekt\u00f6r\u00fc<\/strong>, genellikle <strong>do\u011falgazl\u0131 cihazlar<\/strong> ve <strong>\u0131s\u0131tma sistemlerinde<\/strong> kullan\u0131l\u0131r. Y\u00fcksek kaliteli malzemelerden \u00fcretilmi\u015f olan bu \u00fcr\u00fcn, do\u011falgaz\u0131n do\u011fru miktarda yak\u0131lmas\u0131n\u0131 sa\u011flayarak, sistemlerin daha verimli ve g\u00fcvenli \u00e7al\u0131\u015fmas\u0131na katk\u0131da bulunur.<\/p>\n<p><strong>Do\u011falgaz d\u00f6n\u00fc\u015f\u00fcm enjekt\u00f6r\u00fc<\/strong>, enerji maliyetlerini azalt\u0131rken \u00e7evre dostu bir \u00e7\u00f6z\u00fcm sunar. Do\u011falgaz\u0131n verimli bir \u015fekilde kullan\u0131lmas\u0131na yard\u0131mc\u0131 olan bu par\u00e7a, <strong>gazl\u0131 cihazlar\u0131n<\/strong> do\u011fru ve etkili \u00e7al\u0131\u015fmas\u0131n\u0131 sa\u011flamak i\u00e7in kritik bir rol oynar. \u00d6zellikle ticari i\u015fletmelerde ve b\u00fcy\u00fck yap\u0131lar\u0131nda y\u00fcksek verimlili\u011fi ve g\u00fcvenli\u011fi art\u0131r\u0131r.<\/p>","protected":false},"excerpt":{"rendered":"<p>Do\u011falgaz D\u00f6n\u00fc\u015f\u00fcm Enjekt\u00f6r\u00fc \u2013 Verimli ve G\u00fcvenli Enerji \u00c7\u00f6z\u00fcm\u00fc Do\u011falgaz d\u00f6n\u00fc\u015f\u00fcm enjekt\u00f6r\u00fc, gazl\u0131 cihazlar\u0131n do\u011falgazla uyumlu hale gelmesini sa\u011flayan \u00f6nemli bir bile\u015fendir. Bu enjekt\u00f6r, do\u011falgaz sistemine entegre edilerek enerji verimlili\u011fini art\u0131r\u0131r ve yak\u0131t tasarrufu sa\u011flar. Do\u011falgaz d\u00f6n\u00fc\u015f\u00fcm enjekt\u00f6r\u00fc, genellikle do\u011falgazl\u0131 cihazlar ve \u0131s\u0131tma sistemlerinde kullan\u0131l\u0131r. Y\u00fcksek kaliteli malzemelerden \u00fcretilmi\u015f olan bu \u00fcr\u00fcn, do\u011falgaz\u0131n do\u011fru miktarda [&hellip;]<\/p>\n","protected":false},"featured_media":998,"comment_status":"closed","ping_status":"closed","template":"","meta":[],"product_brand":[7749],"product_cat":[7988],"product_tag":[624,625,626,627,628,629,630],"class_list":{"0":"post-2556","1":"product","2":"type-product","3":"status-publish","4":"has-post-thumbnail","6":"product_brand-mesale","7":"product_cat-conta-baglanti-parcalari","8":"product_tag-dogalgaz","9":"product_tag-dogalgaz-donusum","10":"product_tag-dogalgaz-donusum-enjektoru","11":"product_tag-dogalgaz-enjektoru","12":"product_tag-donusum","13":"product_tag-donusum-enjektoru","14":"product_tag-enjektoru","16":"first","17":"instock","18":"taxable","19":"shipping-taxable","20":"purchasable","21":"product-type-simple"},"yoast_head":"<!-- This site is optimized with the Yoast SEO plugin v27.1.1 - https:\/\/yoast.com\/product\/yoast-seo-wordpress\/ -->\n<title>\u00c7ay Kazanlar\u0131 Do\u011falgaz D\u00f6n\u00fc\u015f\u00fcm Enjekt\u00f6r\u00fc | Me\u015fale Store<\/title>\n<meta name=\"description\" content=\"Do\u011falgaz D\u00f6n\u00fc\u015f\u00fcm Enjekt\u00f6r\u00fc \u2013 Verimli ve G\u00fcvenli Enerji \u00c7\u00f6z\u00fcm\u00fc Do\u011falgaz d\u00f6n\u00fc\u015f\u00fcm enjekt\u00f6r\u00fc, gazl\u0131 cihazlar\u0131n do\u011falgazla uyumlu hale gelmesini sa\u011flayan\" \/>\n<meta name=\"robots\" content=\"index, follow, max-snippet:-1, max-image-preview:large, max-video-preview:-1\" \/>\n<link rel=\"canonical\" href=\"https:\/\/mesalestore.com\/en\/product\/cay-kazanlari-dogalgaz-donusum-enjektoru\/\" \/>\n<meta property=\"og:locale\" content=\"en_US\" \/>\n<meta property=\"og:type\" content=\"article\" \/>\n<meta property=\"og:title\" content=\"\u00c7ay Kazanlar\u0131 Do\u011falgaz D\u00f6n\u00fc\u015f\u00fcm Enjekt\u00f6r\u00fc | Me\u015fale Store\" \/>\n<meta property=\"og:description\" content=\"Do\u011falgaz D\u00f6n\u00fc\u015f\u00fcm Enjekt\u00f6r\u00fc \u2013 Verimli ve G\u00fcvenli Enerji \u00c7\u00f6z\u00fcm\u00fc Do\u011falgaz d\u00f6n\u00fc\u015f\u00fcm enjekt\u00f6r\u00fc, gazl\u0131 cihazlar\u0131n do\u011falgazla uyumlu hale gelmesini sa\u011flayan\" \/>\n<meta property=\"og:url\" content=\"https:\/\/mesalestore.com\/en\/product\/cay-kazanlari-dogalgaz-donusum-enjektoru\/\" \/>\n<meta property=\"og:site_name\" content=\"Me\u015fale Store\" \/>\n<meta property=\"article:publisher\" content=\"https:\/\/www.facebook.com\/mesalecay\" \/>\n<meta property=\"article:modified_time\" content=\"2026-04-11T10:17:36+00:00\" \/>\n<meta property=\"og:image\" content=\"https:\/\/mesalestore.com\/wp-content\/uploads\/2026\/01\/cay-kazanlari-dogalgaz-donusum-enjekto-c0-4ec.jpeg\" \/>\n\t<meta property=\"og:image:width\" content=\"1600\" \/>\n\t<meta property=\"og:image:height\" content=\"1066\" \/>\n\t<meta property=\"og:image:type\" content=\"image\/jpeg\" \/>\n<meta name=\"twitter:card\" content=\"summary_large_image\" \/>\n<meta name=\"twitter:site\" content=\"@mesalecaykazan\" \/>\n<meta name=\"twitter:label1\" content=\"Est. reading time\" \/>\n\t<meta name=\"twitter:data1\" content=\"1 minute\" \/>\n<script type=\"application\/ld+json\" class=\"yoast-schema-graph\">{\"@context\":\"https:\/\/schema.org\",\"@graph\":[{\"@type\":\"WebPage\",\"@id\":\"https:\/\/mesalestore.com\/en\/product\/cay-kazanlari-dogalgaz-donusum-enjektoru\/\",\"url\":\"https:\/\/mesalestore.com\/en\/product\/cay-kazanlari-dogalgaz-donusum-enjektoru\/\",\"name\":\"\u00c7ay Kazanlar\u0131 Do\u011falgaz D\u00f6n\u00fc\u015f\u00fcm Enjekt\u00f6r\u00fc | Me\u015fale Store\",\"isPartOf\":{\"@id\":\"https:\/\/mesalestore.com\/en\/#website\"},\"primaryImageOfPage\":{\"@id\":\"https:\/\/mesalestore.com\/en\/product\/cay-kazanlari-dogalgaz-donusum-enjektoru\/#primaryimage\"},\"image\":{\"@id\":\"https:\/\/mesalestore.com\/en\/product\/cay-kazanlari-dogalgaz-donusum-enjektoru\/#primaryimage\"},\"thumbnailUrl\":\"https:\/\/mesalestore.com\/wp-content\/uploads\/2026\/01\/cay-kazanlari-dogalgaz-donusum-enjekto-c0-4ec.jpeg\",\"datePublished\":\"2026-02-09T09:19:31+00:00\",\"dateModified\":\"2026-04-11T10:17:36+00:00\",\"description\":\"Do\u011falgaz D\u00f6n\u00fc\u015f\u00fcm Enjekt\u00f6r\u00fc \u2013 Verimli ve G\u00fcvenli Enerji \u00c7\u00f6z\u00fcm\u00fc Do\u011falgaz d\u00f6n\u00fc\u015f\u00fcm enjekt\u00f6r\u00fc, gazl\u0131 cihazlar\u0131n do\u011falgazla uyumlu hale gelmesini sa\u011flayan\",\"breadcrumb\":{\"@id\":\"https:\/\/mesalestore.com\/en\/product\/cay-kazanlari-dogalgaz-donusum-enjektoru\/#breadcrumb\"},\"inLanguage\":\"en-US\",\"potentialAction\":[{\"@type\":\"ReadAction\",\"target\":[\"https:\/\/mesalestore.com\/en\/product\/cay-kazanlari-dogalgaz-donusum-enjektoru\/\"]}]},{\"@type\":\"ImageObject\",\"inLanguage\":\"en-US\",\"@id\":\"https:\/\/mesalestore.com\/en\/product\/cay-kazanlari-dogalgaz-donusum-enjektoru\/#primaryimage\",\"url\":\"https:\/\/mesalestore.com\/wp-content\/uploads\/2026\/01\/cay-kazanlari-dogalgaz-donusum-enjekto-c0-4ec.jpeg\",\"contentUrl\":\"https:\/\/mesalestore.com\/wp-content\/uploads\/2026\/01\/cay-kazanlari-dogalgaz-donusum-enjekto-c0-4ec.jpeg\",\"width\":1600,\"height\":1066},{\"@type\":\"BreadcrumbList\",\"@id\":\"https:\/\/mesalestore.com\/en\/product\/cay-kazanlari-dogalgaz-donusum-enjektoru\/#breadcrumb\",\"itemListElement\":[{\"@type\":\"ListItem\",\"position\":1,\"name\":\"Anasayfa\",\"item\":\"https:\/\/mesalestore.com\/en\/\"},{\"@type\":\"ListItem\",\"position\":2,\"name\":\"Products\",\"item\":\"https:\/\/mesalestore.com\/en\/shop\/\"},{\"@type\":\"ListItem\",\"position\":3,\"name\":\"\u00c7ay Kazanlar\u0131 Do\u011falgaz D\u00f6n\u00fc\u015f\u00fcm Enjekt\u00f6r\u00fc\"}]},{\"@type\":\"WebSite\",\"@id\":\"https:\/\/mesalestore.com\/en\/#website\",\"url\":\"https:\/\/mesalestore.com\/en\/\",\"name\":\"Me\u015fale Store\",\"description\":\"\",\"publisher\":{\"@id\":\"https:\/\/mesalestore.com\/en\/#organization\"},\"potentialAction\":[{\"@type\":\"SearchAction\",\"target\":{\"@type\":\"EntryPoint\",\"urlTemplate\":\"https:\/\/mesalestore.com\/en\/?s={search_term_string}\"},\"query-input\":{\"@type\":\"PropertyValueSpecification\",\"valueRequired\":true,\"valueName\":\"search_term_string\"}}],\"inLanguage\":\"en-US\"},{\"@type\":\"Organization\",\"@id\":\"https:\/\/mesalestore.com\/en\/#organization\",\"name\":\"Me\u015fale Store\",\"url\":\"https:\/\/mesalestore.com\/en\/\",\"logo\":{\"@type\":\"ImageObject\",\"inLanguage\":\"en-US\",\"@id\":\"https:\/\/mesalestore.com\/en\/#\/schema\/logo\/image\/\",\"url\":\"https:\/\/mesalestore.com\/wp-content\/uploads\/2026\/03\/logo-header-yeni-1.webp\",\"contentUrl\":\"https:\/\/mesalestore.com\/wp-content\/uploads\/2026\/03\/logo-header-yeni-1.webp\",\"width\":419,\"height\":147,\"caption\":\"Me\u015fale Store\"},\"image\":{\"@id\":\"https:\/\/mesalestore.com\/en\/#\/schema\/logo\/image\/\"},\"sameAs\":[\"https:\/\/www.facebook.com\/mesalecay\",\"https:\/\/x.com\/mesalecaykazan\",\"https:\/\/www.instagram.com\/mesalecaykazan\/\"]}]}<\/script>\n<!-- \/ Yoast SEO plugin. -->","yoast_head_json":{"title":"\u00c7ay Kazanlar\u0131 Do\u011falgaz D\u00f6n\u00fc\u015f\u00fcm Enjekt\u00f6r\u00fc | Me\u015fale Store","description":"Do\u011falgaz D\u00f6n\u00fc\u015f\u00fcm Enjekt\u00f6r\u00fc \u2013 Verimli ve G\u00fcvenli Enerji \u00c7\u00f6z\u00fcm\u00fc Do\u011falgaz d\u00f6n\u00fc\u015f\u00fcm enjekt\u00f6r\u00fc, gazl\u0131 cihazlar\u0131n do\u011falgazla uyumlu hale gelmesini sa\u011flayan","robots":{"index":"index","follow":"follow","max-snippet":"max-snippet:-1","max-image-preview":"max-image-preview:large","max-video-preview":"max-video-preview:-1"},"canonical":"https:\/\/mesalestore.com\/en\/product\/cay-kazanlari-dogalgaz-donusum-enjektoru\/","og_locale":"en_US","og_type":"article","og_title":"\u00c7ay Kazanlar\u0131 Do\u011falgaz D\u00f6n\u00fc\u015f\u00fcm Enjekt\u00f6r\u00fc | Me\u015fale Store","og_description":"Do\u011falgaz D\u00f6n\u00fc\u015f\u00fcm Enjekt\u00f6r\u00fc \u2013 Verimli ve G\u00fcvenli Enerji \u00c7\u00f6z\u00fcm\u00fc Do\u011falgaz d\u00f6n\u00fc\u015f\u00fcm enjekt\u00f6r\u00fc, gazl\u0131 cihazlar\u0131n do\u011falgazla uyumlu hale gelmesini sa\u011flayan","og_url":"https:\/\/mesalestore.com\/en\/product\/cay-kazanlari-dogalgaz-donusum-enjektoru\/","og_site_name":"Me\u015fale Store","article_publisher":"https:\/\/www.facebook.com\/mesalecay","article_modified_time":"2026-04-11T10:17:36+00:00","og_image":[{"width":1600,"height":1066,"url":"https:\/\/mesalestore.com\/wp-content\/uploads\/2026\/01\/cay-kazanlari-dogalgaz-donusum-enjekto-c0-4ec.jpeg","type":"image\/jpeg"}],"twitter_card":"summary_large_image","twitter_site":"@mesalecaykazan","twitter_misc":{"Est. reading time":"1 minute"},"schema":{"@context":"https:\/\/schema.org","@graph":[{"@type":"WebPage","@id":"https:\/\/mesalestore.com\/en\/product\/cay-kazanlari-dogalgaz-donusum-enjektoru\/","url":"https:\/\/mesalestore.com\/en\/product\/cay-kazanlari-dogalgaz-donusum-enjektoru\/","name":"\u00c7ay Kazanlar\u0131 Do\u011falgaz D\u00f6n\u00fc\u015f\u00fcm Enjekt\u00f6r\u00fc | Me\u015fale Store","isPartOf":{"@id":"https:\/\/mesalestore.com\/en\/#website"},"primaryImageOfPage":{"@id":"https:\/\/mesalestore.com\/en\/product\/cay-kazanlari-dogalgaz-donusum-enjektoru\/#primaryimage"},"image":{"@id":"https:\/\/mesalestore.com\/en\/product\/cay-kazanlari-dogalgaz-donusum-enjektoru\/#primaryimage"},"thumbnailUrl":"https:\/\/mesalestore.com\/wp-content\/uploads\/2026\/01\/cay-kazanlari-dogalgaz-donusum-enjekto-c0-4ec.jpeg","datePublished":"2026-02-09T09:19:31+00:00","dateModified":"2026-04-11T10:17:36+00:00","description":"Do\u011falgaz D\u00f6n\u00fc\u015f\u00fcm Enjekt\u00f6r\u00fc \u2013 Verimli ve G\u00fcvenli Enerji \u00c7\u00f6z\u00fcm\u00fc Do\u011falgaz d\u00f6n\u00fc\u015f\u00fcm enjekt\u00f6r\u00fc, gazl\u0131 cihazlar\u0131n do\u011falgazla uyumlu hale gelmesini sa\u011flayan","breadcrumb":{"@id":"https:\/\/mesalestore.com\/en\/product\/cay-kazanlari-dogalgaz-donusum-enjektoru\/#breadcrumb"},"inLanguage":"en-US","potentialAction":[{"@type":"ReadAction","target":["https:\/\/mesalestore.com\/en\/product\/cay-kazanlari-dogalgaz-donusum-enjektoru\/"]}]},{"@type":"ImageObject","inLanguage":"en-US","@id":"https:\/\/mesalestore.com\/en\/product\/cay-kazanlari-dogalgaz-donusum-enjektoru\/#primaryimage","url":"https:\/\/mesalestore.com\/wp-content\/uploads\/2026\/01\/cay-kazanlari-dogalgaz-donusum-enjekto-c0-4ec.jpeg","contentUrl":"https:\/\/mesalestore.com\/wp-content\/uploads\/2026\/01\/cay-kazanlari-dogalgaz-donusum-enjekto-c0-4ec.jpeg","width":1600,"height":1066},{"@type":"BreadcrumbList","@id":"https:\/\/mesalestore.com\/en\/product\/cay-kazanlari-dogalgaz-donusum-enjektoru\/#breadcrumb","itemListElement":[{"@type":"ListItem","position":1,"name":"Anasayfa","item":"https:\/\/mesalestore.com\/en\/"},{"@type":"ListItem","position":2,"name":"Products","item":"https:\/\/mesalestore.com\/en\/shop\/"},{"@type":"ListItem","position":3,"name":"\u00c7ay Kazanlar\u0131 Do\u011falgaz D\u00f6n\u00fc\u015f\u00fcm Enjekt\u00f6r\u00fc"}]},{"@type":"WebSite","@id":"https:\/\/mesalestore.com\/en\/#website","url":"https:\/\/mesalestore.com\/en\/","name":"Me\u015fale Store","description":"","publisher":{"@id":"https:\/\/mesalestore.com\/en\/#organization"},"potentialAction":[{"@type":"SearchAction","target":{"@type":"EntryPoint","urlTemplate":"https:\/\/mesalestore.com\/en\/?s={search_term_string}"},"query-input":{"@type":"PropertyValueSpecification","valueRequired":true,"valueName":"search_term_string"}}],"inLanguage":"en-US"},{"@type":"Organization","@id":"https:\/\/mesalestore.com\/en\/#organization","name":"Me\u015fale Store","url":"https:\/\/mesalestore.com\/en\/","logo":{"@type":"ImageObject","inLanguage":"en-US","@id":"https:\/\/mesalestore.com\/en\/#\/schema\/logo\/image\/","url":"https:\/\/mesalestore.com\/wp-content\/uploads\/2026\/03\/logo-header-yeni-1.webp","contentUrl":"https:\/\/mesalestore.com\/wp-content\/uploads\/2026\/03\/logo-header-yeni-1.webp","width":419,"height":147,"caption":"Me\u015fale Store"},"image":{"@id":"https:\/\/mesalestore.com\/en\/#\/schema\/logo\/image\/"},"sameAs":["https:\/\/www.facebook.com\/mesalecay","https:\/\/x.com\/mesalecaykazan","https:\/\/www.instagram.com\/mesalecaykazan\/"]}]}},"_links":{"self":[{"href":"https:\/\/mesalestore.com\/en\/wp-json\/wp\/v2\/product\/2556","targetHints":{"allow":["GET"]}}],"collection":[{"href":"https:\/\/mesalestore.com\/en\/wp-json\/wp\/v2\/product"}],"about":[{"href":"https:\/\/mesalestore.com\/en\/wp-json\/wp\/v2\/types\/product"}],"replies":[{"embeddable":true,"href":"https:\/\/mesalestore.com\/en\/wp-json\/wp\/v2\/comments?post=2556"}],"wp:featuredmedia":[{"embeddable":true,"href":"https:\/\/mesalestore.com\/en\/wp-json\/wp\/v2\/media\/998"}],"wp:attachment":[{"href":"https:\/\/mesalestore.com\/en\/wp-json\/wp\/v2\/media?parent=2556"}],"wp:term":[{"taxonomy":"product_brand","embeddable":true,"href":"https:\/\/mesalestore.com\/en\/wp-json\/wp\/v2\/product_brand?post=2556"},{"taxonomy":"product_cat","embeddable":true,"href":"https:\/\/mesalestore.com\/en\/wp-json\/wp\/v2\/product_cat?post=2556"},{"taxonomy":"product_tag","embeddable":true,"href":"https:\/\/mesalestore.com\/en\/wp-json\/wp\/v2\/product_tag?post=2556"}],"curies":[{"name":"wp","href":"https:\/\/api.w.org\/{rel}","templated":true}]}}