{"id":2544,"date":"2026-02-09T12:19:28","date_gmt":"2026-02-09T09:19:28","guid":{"rendered":"http:\/\/mesalestore.com\/product\/msl40-plus-bardak-yikama-makinesi\/"},"modified":"2026-04-11T10:55:12","modified_gmt":"2026-04-11T07:55:12","slug":"msl40-plus-bardak-yikama-makinesi","status":"publish","type":"product","link":"https:\/\/mesalestore.com\/en\/product\/msl40-plus-bardak-yikama-makinesi\/","title":{"rendered":"MSL40 Plus+++ Bardak Y\u0131kama Makinesi"},"content":{"rendered":"<p><strong>Me\u015fale MSL40Plus Bardak Y\u0131kama Makinesi<\/strong><\/p>\n<p><strong>Me\u015fale MSL40Plus Bardak Y\u0131kama Makinesi<\/strong>, restoranlar, kafeler ve oteller gibi i\u015fletmeler i\u00e7in m\u00fckemmel bir \u00e7\u00f6z\u00fcm sunar. <strong>Bardak y\u0131kama makinesi<\/strong> kategorisinde \u00fcst\u00fcn performans g\u00f6steren bu model, <strong>enerji verimlili\u011fi<\/strong> ve <strong>h\u0131zl\u0131 temizlik<\/strong> \u00f6zelli\u011fiyle dikkat \u00e7eker. <strong>MSL40Plus<\/strong>, y\u00fcksek kapasitesi sayesinde b\u00fcy\u00fck miktarda bardaklar\u0131 k\u0131sa s\u00fcrede temizler, i\u015fletmenizin verimlili\u011fini art\u0131r\u0131r.<\/p>\n<h3>\u00d6zellikler:<\/h3>\n<ul>\n<li><strong>Y\u00fcksek Kapasite:<\/strong><strong>Bardak y\u0131kama makinesi<\/strong> ile b\u00fcy\u00fck bardak gruplar\u0131n\u0131 h\u0131zl\u0131ca y\u0131kayabilirsiniz.<\/li>\n<li><strong>Enerji Tasarrufu:<\/strong> D\u00fc\u015f\u00fck enerji t\u00fcketimi ile i\u015fletme maliyetlerini azalt\u0131r.<\/li>\n<li><strong>Kompakt Tasar\u0131m:<\/strong> Alan tasarrufu sa\u011flayan modern ve yerinde kullan\u0131m imkan\u0131 sunar.<\/li>\n<li><strong>H\u0131zl\u0131 Y\u0131kama:<\/strong> Bardaklar yaln\u0131zca birka\u00e7 dakika i\u00e7inde temizlenir.<\/li>\n<li><strong>Kolay Kullan\u0131m:<\/strong> Basit kontrol paneli sayesinde kullan\u0131c\u0131 dostudur.<\/li>\n<\/ul>\n<p><strong>Me\u015fale MSL40Plus Bardak Y\u0131kama Makinesi<\/strong>, <strong>h\u0131zl\u0131 y\u0131kama<\/strong> ve <strong>y\u00fcksek verimlilik<\/strong> sa\u011flayarak, i\u015fletmenizde temizlik ve hijyen s\u00fcre\u00e7lerini kolayla\u015ft\u0131r\u0131r.<\/p>","protected":false},"excerpt":{"rendered":"<p>Me\u015fale MSL40Plus Bardak Y\u0131kama Makinesi Me\u015fale MSL40Plus Bardak Y\u0131kama Makinesi, restoranlar, kafeler ve oteller gibi i\u015fletmeler i\u00e7in m\u00fckemmel bir \u00e7\u00f6z\u00fcm sunar. Bardak y\u0131kama makinesi kategorisinde \u00fcst\u00fcn performans g\u00f6steren bu model, enerji verimlili\u011fi ve h\u0131zl\u0131 temizlik \u00f6zelli\u011fiyle dikkat \u00e7eker. MSL40Plus, y\u00fcksek kapasitesi sayesinde b\u00fcy\u00fck miktarda bardaklar\u0131 k\u0131sa s\u00fcrede temizler, i\u015fletmenizin verimlili\u011fini art\u0131r\u0131r. \u00d6zellikler: Y\u00fcksek Kapasite:Bardak y\u0131kama [&hellip;]<\/p>\n","protected":false},"featured_media":946,"comment_status":"closed","ping_status":"closed","template":"","meta":[],"product_brand":[7749],"product_cat":[7977],"product_tag":[16,21,413,411,412,416,387,396,399,397,398,402,388,389,392,390,391,395,393,394,400,401,403,404,407,405,406,410,408,409,414,415,417,426,429,427,428,432,418,419,422,420,421,425,423,424,430,431,226,231],"class_list":{"0":"post-2544","1":"product","2":"type-product","3":"status-publish","4":"has-post-thumbnail","6":"product_brand-mesale","7":"product_cat-yikama-grubu","8":"product_tag-mesale","9":"product_tag-mesale-bardak","10":"product_tag-mesale-bardak-makinesi","11":"product_tag-mesale-bardak-yikama","12":"product_tag-mesale-bardak-yikama-makinesi","13":"product_tag-mesale-makinesi","14":"product_tag-mesale-msl40","15":"product_tag-mesale-msl40-bardak","16":"product_tag-mesale-msl40-bardak-makinesi","17":"product_tag-mesale-msl40-bardak-yikama","18":"product_tag-mesale-msl40-bardak-yikama-makinesi","19":"product_tag-mesale-msl40-makinesi","20":"product_tag-mesale-msl40-plus","21":"product_tag-mesale-msl40-plus-bardak","22":"product_tag-mesale-msl40-plus-bardak-makinesi","23":"product_tag-mesale-msl40-plus-bardak-yikama","24":"product_tag-mesale-msl40-plus-bardak-yikama-makinesi","25":"product_tag-mesale-msl40-plus-makinesi","26":"product_tag-mesale-msl40-plus-yikama","27":"product_tag-mesale-msl40-plus-yikama-makinesi","28":"product_tag-mesale-msl40-yikama","29":"product_tag-mesale-msl40-yikama-makinesi","30":"product_tag-mesale-plus","31":"product_tag-mesale-plus-bardak","32":"product_tag-mesale-plus-bardak-makinesi","33":"product_tag-mesale-plus-bardak-yikama","34":"product_tag-mesale-plus-bardak-yikama-makinesi","35":"product_tag-mesale-plus-makinesi","36":"product_tag-mesale-plus-yikama","37":"product_tag-mesale-plus-yikama-makinesi","38":"product_tag-mesale-yikama","39":"product_tag-mesale-yikama-makinesi","40":"product_tag-msl40","41":"product_tag-msl40-bardak","42":"product_tag-msl40-bardak-makinesi","43":"product_tag-msl40-bardak-yikama","44":"product_tag-msl40-bardak-yikama-makinesi","45":"product_tag-msl40-makinesi","46":"product_tag-msl40-plus","47":"product_tag-msl40-plus-bardak","48":"product_tag-msl40-plus-bardak-makinesi","49":"product_tag-msl40-plus-bardak-yikama","50":"product_tag-msl40-plus-bardak-yikama-makinesi","51":"product_tag-msl40-plus-makinesi","52":"product_tag-msl40-plus-yikama","53":"product_tag-msl40-plus-yikama-makinesi","54":"product_tag-msl40-yikama","55":"product_tag-msl40-yikama-makinesi","56":"product_tag-plus","57":"product_tag-plus-bardak","59":"first","60":"instock","61":"taxable","62":"shipping-taxable","63":"purchasable","64":"product-type-simple"},"yoast_head":"<!-- This site is optimized with the Yoast SEO plugin v27.1.1 - https:\/\/yoast.com\/product\/yoast-seo-wordpress\/ -->\n<title>MSL40 Plus+++ Bardak Y\u0131kama Makinesi | Me\u015fale Store<\/title>\n<meta name=\"description\" content=\"Me\u015fale MSL40Plus Bardak Y\u0131kama Makinesi Me\u015fale MSL40Plus Bardak Y\u0131kama Makinesi, restoranlar, kafeler ve oteller gibi i\u015fletmeler i\u00e7in m\u00fckemmel bir \u00e7\u00f6z\u00fcm\" \/>\n<meta name=\"robots\" content=\"index, follow, max-snippet:-1, max-image-preview:large, max-video-preview:-1\" \/>\n<link rel=\"canonical\" href=\"https:\/\/mesalestore.com\/en\/product\/msl40-plus-bardak-yikama-makinesi\/\" \/>\n<meta property=\"og:locale\" content=\"en_US\" \/>\n<meta property=\"og:type\" content=\"article\" \/>\n<meta property=\"og:title\" content=\"MSL40 Plus+++ Bardak Y\u0131kama Makinesi | Me\u015fale Store\" \/>\n<meta property=\"og:description\" content=\"Me\u015fale MSL40Plus Bardak Y\u0131kama Makinesi Me\u015fale MSL40Plus Bardak Y\u0131kama Makinesi, restoranlar, kafeler ve oteller gibi i\u015fletmeler i\u00e7in m\u00fckemmel bir \u00e7\u00f6z\u00fcm\" \/>\n<meta property=\"og:url\" content=\"https:\/\/mesalestore.com\/en\/product\/msl40-plus-bardak-yikama-makinesi\/\" \/>\n<meta property=\"og:site_name\" content=\"Me\u015fale Store\" \/>\n<meta property=\"article:publisher\" content=\"https:\/\/www.facebook.com\/mesalecay\" \/>\n<meta property=\"article:modified_time\" content=\"2026-04-11T07:55:12+00:00\" \/>\n<meta property=\"og:image\" content=\"https:\/\/mesalestore.com\/wp-content\/uploads\/2026\/01\/1_org_zoom-263-e1772422452133.jpg\" \/>\n\t<meta property=\"og:image:width\" content=\"1200\" \/>\n\t<meta property=\"og:image:height\" content=\"1200\" \/>\n\t<meta property=\"og:image:type\" content=\"image\/jpeg\" \/>\n<meta name=\"twitter:card\" content=\"summary_large_image\" \/>\n<meta name=\"twitter:site\" content=\"@mesalecaykazan\" \/>\n<meta name=\"twitter:label1\" content=\"Est. reading time\" \/>\n\t<meta name=\"twitter:data1\" content=\"1 minute\" \/>\n<script type=\"application\/ld+json\" class=\"yoast-schema-graph\">{\"@context\":\"https:\/\/schema.org\",\"@graph\":[{\"@type\":\"WebPage\",\"@id\":\"https:\/\/mesalestore.com\/en\/product\/msl40-plus-bardak-yikama-makinesi\/\",\"url\":\"https:\/\/mesalestore.com\/en\/product\/msl40-plus-bardak-yikama-makinesi\/\",\"name\":\"MSL40 Plus+++ Bardak Y\u0131kama Makinesi | Me\u015fale Store\",\"isPartOf\":{\"@id\":\"https:\/\/mesalestore.com\/en\/#website\"},\"primaryImageOfPage\":{\"@id\":\"https:\/\/mesalestore.com\/en\/product\/msl40-plus-bardak-yikama-makinesi\/#primaryimage\"},\"image\":{\"@id\":\"https:\/\/mesalestore.com\/en\/product\/msl40-plus-bardak-yikama-makinesi\/#primaryimage\"},\"thumbnailUrl\":\"https:\/\/mesalestore.com\/wp-content\/uploads\/2026\/01\/1_org_zoom-263-e1772422452133.jpg\",\"datePublished\":\"2026-02-09T09:19:28+00:00\",\"dateModified\":\"2026-04-11T07:55:12+00:00\",\"description\":\"Me\u015fale MSL40Plus Bardak Y\u0131kama Makinesi Me\u015fale MSL40Plus Bardak Y\u0131kama Makinesi, restoranlar, kafeler ve oteller gibi i\u015fletmeler i\u00e7in m\u00fckemmel bir \u00e7\u00f6z\u00fcm\",\"breadcrumb\":{\"@id\":\"https:\/\/mesalestore.com\/en\/product\/msl40-plus-bardak-yikama-makinesi\/#breadcrumb\"},\"inLanguage\":\"en-US\",\"potentialAction\":[{\"@type\":\"ReadAction\",\"target\":[\"https:\/\/mesalestore.com\/en\/product\/msl40-plus-bardak-yikama-makinesi\/\"]}]},{\"@type\":\"ImageObject\",\"inLanguage\":\"en-US\",\"@id\":\"https:\/\/mesalestore.com\/en\/product\/msl40-plus-bardak-yikama-makinesi\/#primaryimage\",\"url\":\"https:\/\/mesalestore.com\/wp-content\/uploads\/2026\/01\/1_org_zoom-263-e1772422452133.jpg\",\"contentUrl\":\"https:\/\/mesalestore.com\/wp-content\/uploads\/2026\/01\/1_org_zoom-263-e1772422452133.jpg\",\"width\":1200,\"height\":1200},{\"@type\":\"BreadcrumbList\",\"@id\":\"https:\/\/mesalestore.com\/en\/product\/msl40-plus-bardak-yikama-makinesi\/#breadcrumb\",\"itemListElement\":[{\"@type\":\"ListItem\",\"position\":1,\"name\":\"Anasayfa\",\"item\":\"https:\/\/mesalestore.com\/en\/\"},{\"@type\":\"ListItem\",\"position\":2,\"name\":\"Products\",\"item\":\"https:\/\/mesalestore.com\/en\/shop\/\"},{\"@type\":\"ListItem\",\"position\":3,\"name\":\"MSL40 Plus+++ Bardak Y\u0131kama Makinesi\"}]},{\"@type\":\"WebSite\",\"@id\":\"https:\/\/mesalestore.com\/en\/#website\",\"url\":\"https:\/\/mesalestore.com\/en\/\",\"name\":\"Me\u015fale Store\",\"description\":\"\",\"publisher\":{\"@id\":\"https:\/\/mesalestore.com\/en\/#organization\"},\"potentialAction\":[{\"@type\":\"SearchAction\",\"target\":{\"@type\":\"EntryPoint\",\"urlTemplate\":\"https:\/\/mesalestore.com\/en\/?s={search_term_string}\"},\"query-input\":{\"@type\":\"PropertyValueSpecification\",\"valueRequired\":true,\"valueName\":\"search_term_string\"}}],\"inLanguage\":\"en-US\"},{\"@type\":\"Organization\",\"@id\":\"https:\/\/mesalestore.com\/en\/#organization\",\"name\":\"Me\u015fale Store\",\"url\":\"https:\/\/mesalestore.com\/en\/\",\"logo\":{\"@type\":\"ImageObject\",\"inLanguage\":\"en-US\",\"@id\":\"https:\/\/mesalestore.com\/en\/#\/schema\/logo\/image\/\",\"url\":\"https:\/\/mesalestore.com\/wp-content\/uploads\/2026\/03\/logo-header-yeni-1.webp\",\"contentUrl\":\"https:\/\/mesalestore.com\/wp-content\/uploads\/2026\/03\/logo-header-yeni-1.webp\",\"width\":419,\"height\":147,\"caption\":\"Me\u015fale Store\"},\"image\":{\"@id\":\"https:\/\/mesalestore.com\/en\/#\/schema\/logo\/image\/\"},\"sameAs\":[\"https:\/\/www.facebook.com\/mesalecay\",\"https:\/\/x.com\/mesalecaykazan\",\"https:\/\/www.instagram.com\/mesalecaykazan\/\"]}]}<\/script>\n<!-- \/ Yoast SEO plugin. -->","yoast_head_json":{"title":"MSL40 Plus+++ Bardak Y\u0131kama Makinesi | Me\u015fale Store","description":"Me\u015fale MSL40Plus Bardak Y\u0131kama Makinesi Me\u015fale MSL40Plus Bardak Y\u0131kama Makinesi, restoranlar, kafeler ve oteller gibi i\u015fletmeler i\u00e7in m\u00fckemmel bir \u00e7\u00f6z\u00fcm","robots":{"index":"index","follow":"follow","max-snippet":"max-snippet:-1","max-image-preview":"max-image-preview:large","max-video-preview":"max-video-preview:-1"},"canonical":"https:\/\/mesalestore.com\/en\/product\/msl40-plus-bardak-yikama-makinesi\/","og_locale":"en_US","og_type":"article","og_title":"MSL40 Plus+++ Bardak Y\u0131kama Makinesi | Me\u015fale Store","og_description":"Me\u015fale MSL40Plus Bardak Y\u0131kama Makinesi Me\u015fale MSL40Plus Bardak Y\u0131kama Makinesi, restoranlar, kafeler ve oteller gibi i\u015fletmeler i\u00e7in m\u00fckemmel bir \u00e7\u00f6z\u00fcm","og_url":"https:\/\/mesalestore.com\/en\/product\/msl40-plus-bardak-yikama-makinesi\/","og_site_name":"Me\u015fale Store","article_publisher":"https:\/\/www.facebook.com\/mesalecay","article_modified_time":"2026-04-11T07:55:12+00:00","og_image":[{"width":1200,"height":1200,"url":"https:\/\/mesalestore.com\/wp-content\/uploads\/2026\/01\/1_org_zoom-263-e1772422452133.jpg","type":"image\/jpeg"}],"twitter_card":"summary_large_image","twitter_site":"@mesalecaykazan","twitter_misc":{"Est. reading time":"1 minute"},"schema":{"@context":"https:\/\/schema.org","@graph":[{"@type":"WebPage","@id":"https:\/\/mesalestore.com\/en\/product\/msl40-plus-bardak-yikama-makinesi\/","url":"https:\/\/mesalestore.com\/en\/product\/msl40-plus-bardak-yikama-makinesi\/","name":"MSL40 Plus+++ Bardak Y\u0131kama Makinesi | Me\u015fale Store","isPartOf":{"@id":"https:\/\/mesalestore.com\/en\/#website"},"primaryImageOfPage":{"@id":"https:\/\/mesalestore.com\/en\/product\/msl40-plus-bardak-yikama-makinesi\/#primaryimage"},"image":{"@id":"https:\/\/mesalestore.com\/en\/product\/msl40-plus-bardak-yikama-makinesi\/#primaryimage"},"thumbnailUrl":"https:\/\/mesalestore.com\/wp-content\/uploads\/2026\/01\/1_org_zoom-263-e1772422452133.jpg","datePublished":"2026-02-09T09:19:28+00:00","dateModified":"2026-04-11T07:55:12+00:00","description":"Me\u015fale MSL40Plus Bardak Y\u0131kama Makinesi Me\u015fale MSL40Plus Bardak Y\u0131kama Makinesi, restoranlar, kafeler ve oteller gibi i\u015fletmeler i\u00e7in m\u00fckemmel bir \u00e7\u00f6z\u00fcm","breadcrumb":{"@id":"https:\/\/mesalestore.com\/en\/product\/msl40-plus-bardak-yikama-makinesi\/#breadcrumb"},"inLanguage":"en-US","potentialAction":[{"@type":"ReadAction","target":["https:\/\/mesalestore.com\/en\/product\/msl40-plus-bardak-yikama-makinesi\/"]}]},{"@type":"ImageObject","inLanguage":"en-US","@id":"https:\/\/mesalestore.com\/en\/product\/msl40-plus-bardak-yikama-makinesi\/#primaryimage","url":"https:\/\/mesalestore.com\/wp-content\/uploads\/2026\/01\/1_org_zoom-263-e1772422452133.jpg","contentUrl":"https:\/\/mesalestore.com\/wp-content\/uploads\/2026\/01\/1_org_zoom-263-e1772422452133.jpg","width":1200,"height":1200},{"@type":"BreadcrumbList","@id":"https:\/\/mesalestore.com\/en\/product\/msl40-plus-bardak-yikama-makinesi\/#breadcrumb","itemListElement":[{"@type":"ListItem","position":1,"name":"Anasayfa","item":"https:\/\/mesalestore.com\/en\/"},{"@type":"ListItem","position":2,"name":"Products","item":"https:\/\/mesalestore.com\/en\/shop\/"},{"@type":"ListItem","position":3,"name":"MSL40 Plus+++ Bardak Y\u0131kama Makinesi"}]},{"@type":"WebSite","@id":"https:\/\/mesalestore.com\/en\/#website","url":"https:\/\/mesalestore.com\/en\/","name":"Me\u015fale Store","description":"","publisher":{"@id":"https:\/\/mesalestore.com\/en\/#organization"},"potentialAction":[{"@type":"SearchAction","target":{"@type":"EntryPoint","urlTemplate":"https:\/\/mesalestore.com\/en\/?s={search_term_string}"},"query-input":{"@type":"PropertyValueSpecification","valueRequired":true,"valueName":"search_term_string"}}],"inLanguage":"en-US"},{"@type":"Organization","@id":"https:\/\/mesalestore.com\/en\/#organization","name":"Me\u015fale Store","url":"https:\/\/mesalestore.com\/en\/","logo":{"@type":"ImageObject","inLanguage":"en-US","@id":"https:\/\/mesalestore.com\/en\/#\/schema\/logo\/image\/","url":"https:\/\/mesalestore.com\/wp-content\/uploads\/2026\/03\/logo-header-yeni-1.webp","contentUrl":"https:\/\/mesalestore.com\/wp-content\/uploads\/2026\/03\/logo-header-yeni-1.webp","width":419,"height":147,"caption":"Me\u015fale Store"},"image":{"@id":"https:\/\/mesalestore.com\/en\/#\/schema\/logo\/image\/"},"sameAs":["https:\/\/www.facebook.com\/mesalecay","https:\/\/x.com\/mesalecaykazan","https:\/\/www.instagram.com\/mesalecaykazan\/"]}]}},"_links":{"self":[{"href":"https:\/\/mesalestore.com\/en\/wp-json\/wp\/v2\/product\/2544","targetHints":{"allow":["GET"]}}],"collection":[{"href":"https:\/\/mesalestore.com\/en\/wp-json\/wp\/v2\/product"}],"about":[{"href":"https:\/\/mesalestore.com\/en\/wp-json\/wp\/v2\/types\/product"}],"replies":[{"embeddable":true,"href":"https:\/\/mesalestore.com\/en\/wp-json\/wp\/v2\/comments?post=2544"}],"wp:featuredmedia":[{"embeddable":true,"href":"https:\/\/mesalestore.com\/en\/wp-json\/wp\/v2\/media\/946"}],"wp:attachment":[{"href":"https:\/\/mesalestore.com\/en\/wp-json\/wp\/v2\/media?parent=2544"}],"wp:term":[{"taxonomy":"product_brand","embeddable":true,"href":"https:\/\/mesalestore.com\/en\/wp-json\/wp\/v2\/product_brand?post=2544"},{"taxonomy":"product_cat","embeddable":true,"href":"https:\/\/mesalestore.com\/en\/wp-json\/wp\/v2\/product_cat?post=2544"},{"taxonomy":"product_tag","embeddable":true,"href":"https:\/\/mesalestore.com\/en\/wp-json\/wp\/v2\/product_tag?post=2544"}],"curies":[{"name":"wp","href":"https:\/\/api.w.org\/{rel}","templated":true}]}}