{"id":2532,"date":"2026-02-09T12:19:25","date_gmt":"2026-02-09T09:19:25","guid":{"rendered":"http:\/\/mesalestore.com\/product\/uret-30-cmlik-15-litre-pleytli-kahveci-kazani\/"},"modified":"2026-04-11T11:15:06","modified_gmt":"2026-04-11T08:15:06","slug":"uret-30-cmlik-15-litre-pleytli-kahveci-kazani","status":"publish","type":"product","link":"https:\/\/mesalestore.com\/en\/product\/uret-30-cmlik-15-litre-pleytli-kahveci-kazani\/","title":{"rendered":"\u00dcret 30 Cm&#8217;lik &#8211; 15 Litre Pleytli Kahveci Kazan\u0131"},"content":{"rendered":"<p><strong>\u00dcret 30 Cm&#8217;lik &#8211; 15 Litre Pleytli Kahveci Kazan\u0131<\/strong>, <strong>pleytli tasar\u0131m\u0131<\/strong> ile y\u00fcksek enerji verimlili\u011fi sa\u011flar ve <strong>15 litre kapasitesi<\/strong> ile orta \u00f6l\u00e7ekli i\u015fletmeler i\u00e7in m\u00fckemmel bir \u00e7\u00f6z\u00fcmd\u00fcr. <strong>Paslanmaz \u00e7elik yap\u0131s\u0131<\/strong>, dayan\u0131kl\u0131l\u0131k ve hijyenik kullan\u0131m sunar. <strong>Elektrikli kahveci kazan\u0131<\/strong> olarak h\u0131zl\u0131 \u0131s\u0131nma \u00f6zelli\u011fi ve <strong>end\u00fcstriyel kahve kazan\u0131<\/strong> performans\u0131yla uzun s\u00fcreli kullan\u0131mda da verimlilik sa\u011flar. <strong>Kafe ve restoranlar<\/strong> i\u00e7in ideal olan bu model, <strong>otomatik kahve kazan\u0131<\/strong> fonksiyonu ile kolay kullan\u0131m sa\u011flar. Hem <strong>enerji verimli<\/strong> hem de dayan\u0131kl\u0131 bir tercih olarak, i\u015fletmelere uzun \u00f6m\u00fcrl\u00fc kullan\u0131m garantisi sunar.<\/p>","protected":false},"excerpt":{"rendered":"<p>\u00dcret 30 Cm&#8217;lik &#8211; 15 Litre Pleytli Kahveci Kazan\u0131, pleytli tasar\u0131m\u0131 ile y\u00fcksek enerji verimlili\u011fi sa\u011flar ve 15 litre kapasitesi ile orta \u00f6l\u00e7ekli i\u015fletmeler i\u00e7in m\u00fckemmel bir \u00e7\u00f6z\u00fcmd\u00fcr. Paslanmaz \u00e7elik yap\u0131s\u0131, dayan\u0131kl\u0131l\u0131k ve hijyenik kullan\u0131m sunar. Elektrikli kahveci kazan\u0131 olarak h\u0131zl\u0131 \u0131s\u0131nma \u00f6zelli\u011fi ve end\u00fcstriyel kahve kazan\u0131 performans\u0131yla uzun s\u00fcreli kullan\u0131mda da verimlilik sa\u011flar. Kafe [&hellip;]<\/p>\n","protected":false},"featured_media":900,"comment_status":"closed","ping_status":"closed","template":"","meta":[],"product_brand":[7752],"product_cat":[7771],"product_tag":[433,1673,1674,1676,1689,1690,1691,1844,1849,1850,1851,1845,1846,1847,1848,1852,1853,1854,1855,1704,1705,1706,1856,1861,1862,1863,1857,1858,1859,1860,1864,1865,1866,1867],"class_list":{"0":"post-2532","1":"product","2":"type-product","3":"status-publish","4":"has-post-thumbnail","6":"product_brand-uret","7":"product_cat-cay-kazanlari","8":"product_tag-uret","9":"product_tag-uret-30","10":"product_tag-uret-30-cmlik","11":"product_tag-uret-30-cmlik-15","12":"product_tag-uret-30-cmlik-15-kahveci","13":"product_tag-uret-30-cmlik-15-kahveci-kazani","14":"product_tag-uret-30-cmlik-15-kazani","15":"product_tag-uret-30-cmlik-15-litre","16":"product_tag-uret-30-cmlik-15-litre-kahveci","17":"product_tag-uret-30-cmlik-15-litre-kahveci-kazani","18":"product_tag-uret-30-cmlik-15-litre-kazani","19":"product_tag-uret-30-cmlik-15-litre-pleytli","20":"product_tag-uret-30-cmlik-15-litre-pleytli-kahveci","21":"product_tag-uret-30-cmlik-15-litre-pleytli-kahveci-kazani","22":"product_tag-uret-30-cmlik-15-litre-pleytli-kazani","23":"product_tag-uret-30-cmlik-15-pleytli","24":"product_tag-uret-30-cmlik-15-pleytli-kahveci","25":"product_tag-uret-30-cmlik-15-pleytli-kahveci-kazani","26":"product_tag-uret-30-cmlik-15-pleytli-kazani","27":"product_tag-uret-30-cmlik-kahveci","28":"product_tag-uret-30-cmlik-kahveci-kazani","29":"product_tag-uret-30-cmlik-kazani","30":"product_tag-uret-30-cmlik-litre","31":"product_tag-uret-30-cmlik-litre-kahveci","32":"product_tag-uret-30-cmlik-litre-kahveci-kazani","33":"product_tag-uret-30-cmlik-litre-kazani","34":"product_tag-uret-30-cmlik-litre-pleytli","35":"product_tag-uret-30-cmlik-litre-pleytli-kahveci","36":"product_tag-uret-30-cmlik-litre-pleytli-kahveci-kazani","37":"product_tag-uret-30-cmlik-litre-pleytli-kazani","38":"product_tag-uret-30-cmlik-pleytli","39":"product_tag-uret-30-cmlik-pleytli-kahveci","40":"product_tag-uret-30-cmlik-pleytli-kahveci-kazani","41":"product_tag-uret-30-cmlik-pleytli-kazani","43":"first","44":"instock","45":"sale","46":"taxable","47":"shipping-taxable","48":"purchasable","49":"product-type-simple"},"yoast_head":"<!-- This site is optimized with the Yoast SEO plugin v27.1.1 - https:\/\/yoast.com\/product\/yoast-seo-wordpress\/ -->\n<title>\u00dcret 30 Cm&#039;lik - 15 Litre Pleytli Kahveci Kazan\u0131 | Me\u015fale Store<\/title>\n<meta name=\"description\" content=\"\u00dcret 30 Cm&#039;lik - 15 Litre Pleytli Kahveci Kazan\u0131, pleytli tasar\u0131m\u0131 ile y\u00fcksek enerji verimlili\u011fi sa\u011flar ve 15 litre kapasitesi ile orta \u00f6l\u00e7ekli i\u015fletmeler\" \/>\n<meta name=\"robots\" content=\"index, follow, max-snippet:-1, max-image-preview:large, max-video-preview:-1\" \/>\n<link rel=\"canonical\" href=\"https:\/\/mesalestore.com\/en\/product\/uret-30-cmlik-15-litre-pleytli-kahveci-kazani\/\" \/>\n<meta property=\"og:locale\" content=\"en_US\" \/>\n<meta property=\"og:type\" content=\"article\" \/>\n<meta property=\"og:title\" content=\"\u00dcret 30 Cm&#039;lik - 15 Litre Pleytli Kahveci Kazan\u0131 | Me\u015fale Store\" \/>\n<meta property=\"og:description\" content=\"\u00dcret 30 Cm&#039;lik - 15 Litre Pleytli Kahveci Kazan\u0131, pleytli tasar\u0131m\u0131 ile y\u00fcksek enerji verimlili\u011fi sa\u011flar ve 15 litre kapasitesi ile orta \u00f6l\u00e7ekli i\u015fletmeler\" \/>\n<meta property=\"og:url\" content=\"https:\/\/mesalestore.com\/en\/product\/uret-30-cmlik-15-litre-pleytli-kahveci-kazani\/\" \/>\n<meta property=\"og:site_name\" content=\"Me\u015fale Store\" \/>\n<meta property=\"article:publisher\" content=\"https:\/\/www.facebook.com\/mesalecay\" \/>\n<meta property=\"article:modified_time\" content=\"2026-04-11T08:15:06+00:00\" \/>\n<meta property=\"og:image\" content=\"https:\/\/mesalestore.com\/wp-content\/uploads\/2026\/01\/1_org_zoom-241.jpg\" \/>\n\t<meta property=\"og:image:width\" content=\"1200\" \/>\n\t<meta property=\"og:image:height\" content=\"1800\" \/>\n\t<meta property=\"og:image:type\" content=\"image\/jpeg\" \/>\n<meta name=\"twitter:card\" content=\"summary_large_image\" \/>\n<meta name=\"twitter:site\" content=\"@mesalecaykazan\" \/>\n<meta name=\"twitter:label1\" content=\"Est. reading time\" \/>\n\t<meta name=\"twitter:data1\" content=\"1 minute\" \/>\n<script type=\"application\/ld+json\" class=\"yoast-schema-graph\">{\"@context\":\"https:\/\/schema.org\",\"@graph\":[{\"@type\":\"WebPage\",\"@id\":\"https:\/\/mesalestore.com\/en\/product\/uret-30-cmlik-15-litre-pleytli-kahveci-kazani\/\",\"url\":\"https:\/\/mesalestore.com\/en\/product\/uret-30-cmlik-15-litre-pleytli-kahveci-kazani\/\",\"name\":\"\u00dcret 30 Cm'lik - 15 Litre Pleytli Kahveci Kazan\u0131 | Me\u015fale Store\",\"isPartOf\":{\"@id\":\"https:\/\/mesalestore.com\/en\/#website\"},\"primaryImageOfPage\":{\"@id\":\"https:\/\/mesalestore.com\/en\/product\/uret-30-cmlik-15-litre-pleytli-kahveci-kazani\/#primaryimage\"},\"image\":{\"@id\":\"https:\/\/mesalestore.com\/en\/product\/uret-30-cmlik-15-litre-pleytli-kahveci-kazani\/#primaryimage\"},\"thumbnailUrl\":\"https:\/\/mesalestore.com\/wp-content\/uploads\/2026\/01\/1_org_zoom-241.jpg\",\"datePublished\":\"2026-02-09T09:19:25+00:00\",\"dateModified\":\"2026-04-11T08:15:06+00:00\",\"description\":\"\u00dcret 30 Cm'lik - 15 Litre Pleytli Kahveci Kazan\u0131, pleytli tasar\u0131m\u0131 ile y\u00fcksek enerji verimlili\u011fi sa\u011flar ve 15 litre kapasitesi ile orta \u00f6l\u00e7ekli i\u015fletmeler\",\"breadcrumb\":{\"@id\":\"https:\/\/mesalestore.com\/en\/product\/uret-30-cmlik-15-litre-pleytli-kahveci-kazani\/#breadcrumb\"},\"inLanguage\":\"en-US\",\"potentialAction\":[{\"@type\":\"ReadAction\",\"target\":[\"https:\/\/mesalestore.com\/en\/product\/uret-30-cmlik-15-litre-pleytli-kahveci-kazani\/\"]}]},{\"@type\":\"ImageObject\",\"inLanguage\":\"en-US\",\"@id\":\"https:\/\/mesalestore.com\/en\/product\/uret-30-cmlik-15-litre-pleytli-kahveci-kazani\/#primaryimage\",\"url\":\"https:\/\/mesalestore.com\/wp-content\/uploads\/2026\/01\/1_org_zoom-241.jpg\",\"contentUrl\":\"https:\/\/mesalestore.com\/wp-content\/uploads\/2026\/01\/1_org_zoom-241.jpg\",\"width\":1200,\"height\":1800},{\"@type\":\"BreadcrumbList\",\"@id\":\"https:\/\/mesalestore.com\/en\/product\/uret-30-cmlik-15-litre-pleytli-kahveci-kazani\/#breadcrumb\",\"itemListElement\":[{\"@type\":\"ListItem\",\"position\":1,\"name\":\"Anasayfa\",\"item\":\"https:\/\/mesalestore.com\/en\/\"},{\"@type\":\"ListItem\",\"position\":2,\"name\":\"Products\",\"item\":\"https:\/\/mesalestore.com\/en\/shop\/\"},{\"@type\":\"ListItem\",\"position\":3,\"name\":\"\u00dcret 30 Cm&#8217;lik &#8211; 15 Litre Pleytli Kahveci Kazan\u0131\"}]},{\"@type\":\"WebSite\",\"@id\":\"https:\/\/mesalestore.com\/en\/#website\",\"url\":\"https:\/\/mesalestore.com\/en\/\",\"name\":\"Me\u015fale Store\",\"description\":\"\",\"publisher\":{\"@id\":\"https:\/\/mesalestore.com\/en\/#organization\"},\"potentialAction\":[{\"@type\":\"SearchAction\",\"target\":{\"@type\":\"EntryPoint\",\"urlTemplate\":\"https:\/\/mesalestore.com\/en\/?s={search_term_string}\"},\"query-input\":{\"@type\":\"PropertyValueSpecification\",\"valueRequired\":true,\"valueName\":\"search_term_string\"}}],\"inLanguage\":\"en-US\"},{\"@type\":\"Organization\",\"@id\":\"https:\/\/mesalestore.com\/en\/#organization\",\"name\":\"Me\u015fale Store\",\"url\":\"https:\/\/mesalestore.com\/en\/\",\"logo\":{\"@type\":\"ImageObject\",\"inLanguage\":\"en-US\",\"@id\":\"https:\/\/mesalestore.com\/en\/#\/schema\/logo\/image\/\",\"url\":\"https:\/\/mesalestore.com\/wp-content\/uploads\/2026\/03\/logo-header-yeni-1.webp\",\"contentUrl\":\"https:\/\/mesalestore.com\/wp-content\/uploads\/2026\/03\/logo-header-yeni-1.webp\",\"width\":419,\"height\":147,\"caption\":\"Me\u015fale Store\"},\"image\":{\"@id\":\"https:\/\/mesalestore.com\/en\/#\/schema\/logo\/image\/\"},\"sameAs\":[\"https:\/\/www.facebook.com\/mesalecay\",\"https:\/\/x.com\/mesalecaykazan\",\"https:\/\/www.instagram.com\/mesalecaykazan\/\"]}]}<\/script>\n<!-- \/ Yoast SEO plugin. -->","yoast_head_json":{"title":"\u00dcret 30 Cm'lik - 15 Litre Pleytli Kahveci Kazan\u0131 | Me\u015fale Store","description":"\u00dcret 30 Cm'lik - 15 Litre Pleytli Kahveci Kazan\u0131, pleytli tasar\u0131m\u0131 ile y\u00fcksek enerji verimlili\u011fi sa\u011flar ve 15 litre kapasitesi ile orta \u00f6l\u00e7ekli i\u015fletmeler","robots":{"index":"index","follow":"follow","max-snippet":"max-snippet:-1","max-image-preview":"max-image-preview:large","max-video-preview":"max-video-preview:-1"},"canonical":"https:\/\/mesalestore.com\/en\/product\/uret-30-cmlik-15-litre-pleytli-kahveci-kazani\/","og_locale":"en_US","og_type":"article","og_title":"\u00dcret 30 Cm'lik - 15 Litre Pleytli Kahveci Kazan\u0131 | Me\u015fale Store","og_description":"\u00dcret 30 Cm'lik - 15 Litre Pleytli Kahveci Kazan\u0131, pleytli tasar\u0131m\u0131 ile y\u00fcksek enerji verimlili\u011fi sa\u011flar ve 15 litre kapasitesi ile orta \u00f6l\u00e7ekli i\u015fletmeler","og_url":"https:\/\/mesalestore.com\/en\/product\/uret-30-cmlik-15-litre-pleytli-kahveci-kazani\/","og_site_name":"Me\u015fale Store","article_publisher":"https:\/\/www.facebook.com\/mesalecay","article_modified_time":"2026-04-11T08:15:06+00:00","og_image":[{"width":1200,"height":1800,"url":"https:\/\/mesalestore.com\/wp-content\/uploads\/2026\/01\/1_org_zoom-241.jpg","type":"image\/jpeg"}],"twitter_card":"summary_large_image","twitter_site":"@mesalecaykazan","twitter_misc":{"Est. reading time":"1 minute"},"schema":{"@context":"https:\/\/schema.org","@graph":[{"@type":"WebPage","@id":"https:\/\/mesalestore.com\/en\/product\/uret-30-cmlik-15-litre-pleytli-kahveci-kazani\/","url":"https:\/\/mesalestore.com\/en\/product\/uret-30-cmlik-15-litre-pleytli-kahveci-kazani\/","name":"\u00dcret 30 Cm'lik - 15 Litre Pleytli Kahveci Kazan\u0131 | Me\u015fale Store","isPartOf":{"@id":"https:\/\/mesalestore.com\/en\/#website"},"primaryImageOfPage":{"@id":"https:\/\/mesalestore.com\/en\/product\/uret-30-cmlik-15-litre-pleytli-kahveci-kazani\/#primaryimage"},"image":{"@id":"https:\/\/mesalestore.com\/en\/product\/uret-30-cmlik-15-litre-pleytli-kahveci-kazani\/#primaryimage"},"thumbnailUrl":"https:\/\/mesalestore.com\/wp-content\/uploads\/2026\/01\/1_org_zoom-241.jpg","datePublished":"2026-02-09T09:19:25+00:00","dateModified":"2026-04-11T08:15:06+00:00","description":"\u00dcret 30 Cm'lik - 15 Litre Pleytli Kahveci Kazan\u0131, pleytli tasar\u0131m\u0131 ile y\u00fcksek enerji verimlili\u011fi sa\u011flar ve 15 litre kapasitesi ile orta \u00f6l\u00e7ekli i\u015fletmeler","breadcrumb":{"@id":"https:\/\/mesalestore.com\/en\/product\/uret-30-cmlik-15-litre-pleytli-kahveci-kazani\/#breadcrumb"},"inLanguage":"en-US","potentialAction":[{"@type":"ReadAction","target":["https:\/\/mesalestore.com\/en\/product\/uret-30-cmlik-15-litre-pleytli-kahveci-kazani\/"]}]},{"@type":"ImageObject","inLanguage":"en-US","@id":"https:\/\/mesalestore.com\/en\/product\/uret-30-cmlik-15-litre-pleytli-kahveci-kazani\/#primaryimage","url":"https:\/\/mesalestore.com\/wp-content\/uploads\/2026\/01\/1_org_zoom-241.jpg","contentUrl":"https:\/\/mesalestore.com\/wp-content\/uploads\/2026\/01\/1_org_zoom-241.jpg","width":1200,"height":1800},{"@type":"BreadcrumbList","@id":"https:\/\/mesalestore.com\/en\/product\/uret-30-cmlik-15-litre-pleytli-kahveci-kazani\/#breadcrumb","itemListElement":[{"@type":"ListItem","position":1,"name":"Anasayfa","item":"https:\/\/mesalestore.com\/en\/"},{"@type":"ListItem","position":2,"name":"Products","item":"https:\/\/mesalestore.com\/en\/shop\/"},{"@type":"ListItem","position":3,"name":"\u00dcret 30 Cm&#8217;lik &#8211; 15 Litre Pleytli Kahveci Kazan\u0131"}]},{"@type":"WebSite","@id":"https:\/\/mesalestore.com\/en\/#website","url":"https:\/\/mesalestore.com\/en\/","name":"Me\u015fale Store","description":"","publisher":{"@id":"https:\/\/mesalestore.com\/en\/#organization"},"potentialAction":[{"@type":"SearchAction","target":{"@type":"EntryPoint","urlTemplate":"https:\/\/mesalestore.com\/en\/?s={search_term_string}"},"query-input":{"@type":"PropertyValueSpecification","valueRequired":true,"valueName":"search_term_string"}}],"inLanguage":"en-US"},{"@type":"Organization","@id":"https:\/\/mesalestore.com\/en\/#organization","name":"Me\u015fale Store","url":"https:\/\/mesalestore.com\/en\/","logo":{"@type":"ImageObject","inLanguage":"en-US","@id":"https:\/\/mesalestore.com\/en\/#\/schema\/logo\/image\/","url":"https:\/\/mesalestore.com\/wp-content\/uploads\/2026\/03\/logo-header-yeni-1.webp","contentUrl":"https:\/\/mesalestore.com\/wp-content\/uploads\/2026\/03\/logo-header-yeni-1.webp","width":419,"height":147,"caption":"Me\u015fale Store"},"image":{"@id":"https:\/\/mesalestore.com\/en\/#\/schema\/logo\/image\/"},"sameAs":["https:\/\/www.facebook.com\/mesalecay","https:\/\/x.com\/mesalecaykazan","https:\/\/www.instagram.com\/mesalecaykazan\/"]}]}},"_links":{"self":[{"href":"https:\/\/mesalestore.com\/en\/wp-json\/wp\/v2\/product\/2532","targetHints":{"allow":["GET"]}}],"collection":[{"href":"https:\/\/mesalestore.com\/en\/wp-json\/wp\/v2\/product"}],"about":[{"href":"https:\/\/mesalestore.com\/en\/wp-json\/wp\/v2\/types\/product"}],"replies":[{"embeddable":true,"href":"https:\/\/mesalestore.com\/en\/wp-json\/wp\/v2\/comments?post=2532"}],"wp:featuredmedia":[{"embeddable":true,"href":"https:\/\/mesalestore.com\/en\/wp-json\/wp\/v2\/media\/900"}],"wp:attachment":[{"href":"https:\/\/mesalestore.com\/en\/wp-json\/wp\/v2\/media?parent=2532"}],"wp:term":[{"taxonomy":"product_brand","embeddable":true,"href":"https:\/\/mesalestore.com\/en\/wp-json\/wp\/v2\/product_brand?post=2532"},{"taxonomy":"product_cat","embeddable":true,"href":"https:\/\/mesalestore.com\/en\/wp-json\/wp\/v2\/product_cat?post=2532"},{"taxonomy":"product_tag","embeddable":true,"href":"https:\/\/mesalestore.com\/en\/wp-json\/wp\/v2\/product_tag?post=2532"}],"curies":[{"name":"wp","href":"https:\/\/api.w.org\/{rel}","templated":true}]}}