{"id":2531,"date":"2026-02-09T12:19:25","date_gmt":"2026-02-09T09:19:25","guid":{"rendered":"http:\/\/mesalestore.com\/product\/uret-30-cmlik-15-lt-pleytsiz-kahveci-kazani\/"},"modified":"2026-04-11T11:14:12","modified_gmt":"2026-04-11T08:14:12","slug":"uret-30-cmlik-15-lt-pleytsiz-kahveci-kazani","status":"publish","type":"product","link":"https:\/\/mesalestore.com\/en\/product\/uret-30-cmlik-15-lt-pleytsiz-kahveci-kazani\/","title":{"rendered":"\u00dcret 30 Cm&#8217;lik &#8211; 15 Lt Pleytsiz Kahveci Kazan\u0131"},"content":{"rendered":"<p><strong>\u00dcret 30 Cm&#8217;lik &#8211; 15 Lt Pleytsiz Kahveci Kazan\u0131<\/strong>, <strong>pleytsiz tasar\u0131m\u0131<\/strong> sayesinde kolay temizlik ve hijyen sa\u011flar. <strong>15 litre kapasitesi<\/strong> ile y\u00fcksek kapasiteli kullan\u0131mlar i\u00e7in uygundur, bu da <strong>kafe ve restoranlar<\/strong> i\u00e7in m\u00fckemmel bir tercih olmas\u0131n\u0131 sa\u011flar. <strong>Paslanmaz \u00e7elik yap\u0131s\u0131<\/strong>, dayan\u0131kl\u0131 ve uzun \u00f6m\u00fcrl\u00fc kullan\u0131m sunar. <strong>End\u00fcstriyel kahve kazan\u0131<\/strong> olarak her t\u00fcrl\u00fc yo\u011fun \u00e7al\u0131\u015fma ortam\u0131na uygun performans sergiler. <strong>Elektrikli kahveci kazan\u0131<\/strong> \u00f6zellikleri ile pratik bir kullan\u0131m deneyimi sunar. <strong>Kahve makineleri<\/strong> ve <strong>kahve kazan\u0131 modelleri<\/strong> aras\u0131nda \u00f6ne \u00e7\u0131kan bu \u00fcr\u00fcn, <strong>otomatik kahve kazan\u0131<\/strong> olarak da rahat bir kullan\u0131m sa\u011flar.<\/p>","protected":false},"excerpt":{"rendered":"<p>\u00dcret 30 Cm&#8217;lik &#8211; 15 Lt Pleytsiz Kahveci Kazan\u0131, pleytsiz tasar\u0131m\u0131 sayesinde kolay temizlik ve hijyen sa\u011flar. 15 litre kapasitesi ile y\u00fcksek kapasiteli kullan\u0131mlar i\u00e7in uygundur, bu da kafe ve restoranlar i\u00e7in m\u00fckemmel bir tercih olmas\u0131n\u0131 sa\u011flar. Paslanmaz \u00e7elik yap\u0131s\u0131, dayan\u0131kl\u0131 ve uzun \u00f6m\u00fcrl\u00fc kullan\u0131m sunar. End\u00fcstriyel kahve kazan\u0131 olarak her t\u00fcrl\u00fc yo\u011fun \u00e7al\u0131\u015fma ortam\u0131na [&hellip;]<\/p>\n","protected":false},"featured_media":896,"comment_status":"closed","ping_status":"closed","template":"","meta":[],"product_brand":[7752],"product_cat":[7771],"product_tag":[433,1673,1674,1676,1689,1690,1691,1677,1682,1683,1684,1678,1679,1680,1681,1685,1686,1687,1688,1704,1705,1706,1692,1697,1698,1699,1693,1694,1695,1696,1700,1701,1702,1703],"class_list":{"0":"post-2531","1":"product","2":"type-product","3":"status-publish","4":"has-post-thumbnail","6":"product_brand-uret","7":"product_cat-cay-kazanlari","8":"product_tag-uret","9":"product_tag-uret-30","10":"product_tag-uret-30-cmlik","11":"product_tag-uret-30-cmlik-15","12":"product_tag-uret-30-cmlik-15-kahveci","13":"product_tag-uret-30-cmlik-15-kahveci-kazani","14":"product_tag-uret-30-cmlik-15-kazani","15":"product_tag-uret-30-cmlik-15-lt","16":"product_tag-uret-30-cmlik-15-lt-kahveci","17":"product_tag-uret-30-cmlik-15-lt-kahveci-kazani","18":"product_tag-uret-30-cmlik-15-lt-kazani","19":"product_tag-uret-30-cmlik-15-lt-pleytsiz","20":"product_tag-uret-30-cmlik-15-lt-pleytsiz-kahveci","21":"product_tag-uret-30-cmlik-15-lt-pleytsiz-kahveci-kazani","22":"product_tag-uret-30-cmlik-15-lt-pleytsiz-kazani","23":"product_tag-uret-30-cmlik-15-pleytsiz","24":"product_tag-uret-30-cmlik-15-pleytsiz-kahveci","25":"product_tag-uret-30-cmlik-15-pleytsiz-kahveci-kazani","26":"product_tag-uret-30-cmlik-15-pleytsiz-kazani","27":"product_tag-uret-30-cmlik-kahveci","28":"product_tag-uret-30-cmlik-kahveci-kazani","29":"product_tag-uret-30-cmlik-kazani","30":"product_tag-uret-30-cmlik-lt","31":"product_tag-uret-30-cmlik-lt-kahveci","32":"product_tag-uret-30-cmlik-lt-kahveci-kazani","33":"product_tag-uret-30-cmlik-lt-kazani","34":"product_tag-uret-30-cmlik-lt-pleytsiz","35":"product_tag-uret-30-cmlik-lt-pleytsiz-kahveci","36":"product_tag-uret-30-cmlik-lt-pleytsiz-kahveci-kazani","37":"product_tag-uret-30-cmlik-lt-pleytsiz-kazani","38":"product_tag-uret-30-cmlik-pleytsiz","39":"product_tag-uret-30-cmlik-pleytsiz-kahveci","40":"product_tag-uret-30-cmlik-pleytsiz-kahveci-kazani","41":"product_tag-uret-30-cmlik-pleytsiz-kazani","43":"first","44":"instock","45":"sale","46":"taxable","47":"shipping-taxable","48":"purchasable","49":"product-type-simple"},"yoast_head":"<!-- This site is optimized with the Yoast SEO plugin v27.1.1 - https:\/\/yoast.com\/product\/yoast-seo-wordpress\/ -->\n<title>\u00dcret 30 Cm&#039;lik - 15 Lt Pleytsiz Kahveci Kazan\u0131 | Me\u015fale Store<\/title>\n<meta name=\"description\" content=\"\u00dcret 30 Cm&#039;lik - 15 Lt Pleytsiz Kahveci Kazan\u0131, pleytsiz tasar\u0131m\u0131 sayesinde kolay temizlik ve hijyen sa\u011flar. 15 litre kapasitesi ile y\u00fcksek kapasiteli\" \/>\n<meta name=\"robots\" content=\"index, follow, max-snippet:-1, max-image-preview:large, max-video-preview:-1\" \/>\n<link rel=\"canonical\" href=\"https:\/\/mesalestore.com\/en\/product\/uret-30-cmlik-15-lt-pleytsiz-kahveci-kazani\/\" \/>\n<meta property=\"og:locale\" content=\"en_US\" \/>\n<meta property=\"og:type\" content=\"article\" \/>\n<meta property=\"og:title\" content=\"\u00dcret 30 Cm&#039;lik - 15 Lt Pleytsiz Kahveci Kazan\u0131 | Me\u015fale Store\" \/>\n<meta property=\"og:description\" content=\"\u00dcret 30 Cm&#039;lik - 15 Lt Pleytsiz Kahveci Kazan\u0131, pleytsiz tasar\u0131m\u0131 sayesinde kolay temizlik ve hijyen sa\u011flar. 15 litre kapasitesi ile y\u00fcksek kapasiteli\" \/>\n<meta property=\"og:url\" content=\"https:\/\/mesalestore.com\/en\/product\/uret-30-cmlik-15-lt-pleytsiz-kahveci-kazani\/\" \/>\n<meta property=\"og:site_name\" content=\"Me\u015fale Store\" \/>\n<meta property=\"article:publisher\" content=\"https:\/\/www.facebook.com\/mesalecay\" \/>\n<meta property=\"article:modified_time\" content=\"2026-04-11T08:14:12+00:00\" \/>\n<meta property=\"og:image\" content=\"https:\/\/mesalestore.com\/wp-content\/uploads\/2026\/01\/1_org_zoom-239.jpg\" \/>\n\t<meta property=\"og:image:width\" content=\"1200\" \/>\n\t<meta property=\"og:image:height\" content=\"1800\" \/>\n\t<meta property=\"og:image:type\" content=\"image\/jpeg\" \/>\n<meta name=\"twitter:card\" content=\"summary_large_image\" \/>\n<meta name=\"twitter:site\" content=\"@mesalecaykazan\" \/>\n<meta name=\"twitter:label1\" content=\"Est. reading time\" \/>\n\t<meta name=\"twitter:data1\" content=\"1 minute\" \/>\n<script type=\"application\/ld+json\" class=\"yoast-schema-graph\">{\"@context\":\"https:\/\/schema.org\",\"@graph\":[{\"@type\":\"WebPage\",\"@id\":\"https:\/\/mesalestore.com\/en\/product\/uret-30-cmlik-15-lt-pleytsiz-kahveci-kazani\/\",\"url\":\"https:\/\/mesalestore.com\/en\/product\/uret-30-cmlik-15-lt-pleytsiz-kahveci-kazani\/\",\"name\":\"\u00dcret 30 Cm'lik - 15 Lt Pleytsiz Kahveci Kazan\u0131 | Me\u015fale Store\",\"isPartOf\":{\"@id\":\"https:\/\/mesalestore.com\/en\/#website\"},\"primaryImageOfPage\":{\"@id\":\"https:\/\/mesalestore.com\/en\/product\/uret-30-cmlik-15-lt-pleytsiz-kahveci-kazani\/#primaryimage\"},\"image\":{\"@id\":\"https:\/\/mesalestore.com\/en\/product\/uret-30-cmlik-15-lt-pleytsiz-kahveci-kazani\/#primaryimage\"},\"thumbnailUrl\":\"https:\/\/mesalestore.com\/wp-content\/uploads\/2026\/01\/1_org_zoom-239.jpg\",\"datePublished\":\"2026-02-09T09:19:25+00:00\",\"dateModified\":\"2026-04-11T08:14:12+00:00\",\"description\":\"\u00dcret 30 Cm'lik - 15 Lt Pleytsiz Kahveci Kazan\u0131, pleytsiz tasar\u0131m\u0131 sayesinde kolay temizlik ve hijyen sa\u011flar. 15 litre kapasitesi ile y\u00fcksek kapasiteli\",\"breadcrumb\":{\"@id\":\"https:\/\/mesalestore.com\/en\/product\/uret-30-cmlik-15-lt-pleytsiz-kahveci-kazani\/#breadcrumb\"},\"inLanguage\":\"en-US\",\"potentialAction\":[{\"@type\":\"ReadAction\",\"target\":[\"https:\/\/mesalestore.com\/en\/product\/uret-30-cmlik-15-lt-pleytsiz-kahveci-kazani\/\"]}]},{\"@type\":\"ImageObject\",\"inLanguage\":\"en-US\",\"@id\":\"https:\/\/mesalestore.com\/en\/product\/uret-30-cmlik-15-lt-pleytsiz-kahveci-kazani\/#primaryimage\",\"url\":\"https:\/\/mesalestore.com\/wp-content\/uploads\/2026\/01\/1_org_zoom-239.jpg\",\"contentUrl\":\"https:\/\/mesalestore.com\/wp-content\/uploads\/2026\/01\/1_org_zoom-239.jpg\",\"width\":1200,\"height\":1800},{\"@type\":\"BreadcrumbList\",\"@id\":\"https:\/\/mesalestore.com\/en\/product\/uret-30-cmlik-15-lt-pleytsiz-kahveci-kazani\/#breadcrumb\",\"itemListElement\":[{\"@type\":\"ListItem\",\"position\":1,\"name\":\"Anasayfa\",\"item\":\"https:\/\/mesalestore.com\/en\/\"},{\"@type\":\"ListItem\",\"position\":2,\"name\":\"Products\",\"item\":\"https:\/\/mesalestore.com\/en\/shop\/\"},{\"@type\":\"ListItem\",\"position\":3,\"name\":\"\u00dcret 30 Cm&#8217;lik &#8211; 15 Lt Pleytsiz Kahveci Kazan\u0131\"}]},{\"@type\":\"WebSite\",\"@id\":\"https:\/\/mesalestore.com\/en\/#website\",\"url\":\"https:\/\/mesalestore.com\/en\/\",\"name\":\"Me\u015fale Store\",\"description\":\"\",\"publisher\":{\"@id\":\"https:\/\/mesalestore.com\/en\/#organization\"},\"potentialAction\":[{\"@type\":\"SearchAction\",\"target\":{\"@type\":\"EntryPoint\",\"urlTemplate\":\"https:\/\/mesalestore.com\/en\/?s={search_term_string}\"},\"query-input\":{\"@type\":\"PropertyValueSpecification\",\"valueRequired\":true,\"valueName\":\"search_term_string\"}}],\"inLanguage\":\"en-US\"},{\"@type\":\"Organization\",\"@id\":\"https:\/\/mesalestore.com\/en\/#organization\",\"name\":\"Me\u015fale Store\",\"url\":\"https:\/\/mesalestore.com\/en\/\",\"logo\":{\"@type\":\"ImageObject\",\"inLanguage\":\"en-US\",\"@id\":\"https:\/\/mesalestore.com\/en\/#\/schema\/logo\/image\/\",\"url\":\"https:\/\/mesalestore.com\/wp-content\/uploads\/2026\/03\/logo-header-yeni-1.webp\",\"contentUrl\":\"https:\/\/mesalestore.com\/wp-content\/uploads\/2026\/03\/logo-header-yeni-1.webp\",\"width\":419,\"height\":147,\"caption\":\"Me\u015fale Store\"},\"image\":{\"@id\":\"https:\/\/mesalestore.com\/en\/#\/schema\/logo\/image\/\"},\"sameAs\":[\"https:\/\/www.facebook.com\/mesalecay\",\"https:\/\/x.com\/mesalecaykazan\",\"https:\/\/www.instagram.com\/mesalecaykazan\/\"]}]}<\/script>\n<!-- \/ Yoast SEO plugin. -->","yoast_head_json":{"title":"\u00dcret 30 Cm'lik - 15 Lt Pleytsiz Kahveci Kazan\u0131 | Me\u015fale Store","description":"\u00dcret 30 Cm'lik - 15 Lt Pleytsiz Kahveci Kazan\u0131, pleytsiz tasar\u0131m\u0131 sayesinde kolay temizlik ve hijyen sa\u011flar. 15 litre kapasitesi ile y\u00fcksek kapasiteli","robots":{"index":"index","follow":"follow","max-snippet":"max-snippet:-1","max-image-preview":"max-image-preview:large","max-video-preview":"max-video-preview:-1"},"canonical":"https:\/\/mesalestore.com\/en\/product\/uret-30-cmlik-15-lt-pleytsiz-kahveci-kazani\/","og_locale":"en_US","og_type":"article","og_title":"\u00dcret 30 Cm'lik - 15 Lt Pleytsiz Kahveci Kazan\u0131 | Me\u015fale Store","og_description":"\u00dcret 30 Cm'lik - 15 Lt Pleytsiz Kahveci Kazan\u0131, pleytsiz tasar\u0131m\u0131 sayesinde kolay temizlik ve hijyen sa\u011flar. 15 litre kapasitesi ile y\u00fcksek kapasiteli","og_url":"https:\/\/mesalestore.com\/en\/product\/uret-30-cmlik-15-lt-pleytsiz-kahveci-kazani\/","og_site_name":"Me\u015fale Store","article_publisher":"https:\/\/www.facebook.com\/mesalecay","article_modified_time":"2026-04-11T08:14:12+00:00","og_image":[{"width":1200,"height":1800,"url":"https:\/\/mesalestore.com\/wp-content\/uploads\/2026\/01\/1_org_zoom-239.jpg","type":"image\/jpeg"}],"twitter_card":"summary_large_image","twitter_site":"@mesalecaykazan","twitter_misc":{"Est. reading time":"1 minute"},"schema":{"@context":"https:\/\/schema.org","@graph":[{"@type":"WebPage","@id":"https:\/\/mesalestore.com\/en\/product\/uret-30-cmlik-15-lt-pleytsiz-kahveci-kazani\/","url":"https:\/\/mesalestore.com\/en\/product\/uret-30-cmlik-15-lt-pleytsiz-kahveci-kazani\/","name":"\u00dcret 30 Cm'lik - 15 Lt Pleytsiz Kahveci Kazan\u0131 | Me\u015fale Store","isPartOf":{"@id":"https:\/\/mesalestore.com\/en\/#website"},"primaryImageOfPage":{"@id":"https:\/\/mesalestore.com\/en\/product\/uret-30-cmlik-15-lt-pleytsiz-kahveci-kazani\/#primaryimage"},"image":{"@id":"https:\/\/mesalestore.com\/en\/product\/uret-30-cmlik-15-lt-pleytsiz-kahveci-kazani\/#primaryimage"},"thumbnailUrl":"https:\/\/mesalestore.com\/wp-content\/uploads\/2026\/01\/1_org_zoom-239.jpg","datePublished":"2026-02-09T09:19:25+00:00","dateModified":"2026-04-11T08:14:12+00:00","description":"\u00dcret 30 Cm'lik - 15 Lt Pleytsiz Kahveci Kazan\u0131, pleytsiz tasar\u0131m\u0131 sayesinde kolay temizlik ve hijyen sa\u011flar. 15 litre kapasitesi ile y\u00fcksek kapasiteli","breadcrumb":{"@id":"https:\/\/mesalestore.com\/en\/product\/uret-30-cmlik-15-lt-pleytsiz-kahveci-kazani\/#breadcrumb"},"inLanguage":"en-US","potentialAction":[{"@type":"ReadAction","target":["https:\/\/mesalestore.com\/en\/product\/uret-30-cmlik-15-lt-pleytsiz-kahveci-kazani\/"]}]},{"@type":"ImageObject","inLanguage":"en-US","@id":"https:\/\/mesalestore.com\/en\/product\/uret-30-cmlik-15-lt-pleytsiz-kahveci-kazani\/#primaryimage","url":"https:\/\/mesalestore.com\/wp-content\/uploads\/2026\/01\/1_org_zoom-239.jpg","contentUrl":"https:\/\/mesalestore.com\/wp-content\/uploads\/2026\/01\/1_org_zoom-239.jpg","width":1200,"height":1800},{"@type":"BreadcrumbList","@id":"https:\/\/mesalestore.com\/en\/product\/uret-30-cmlik-15-lt-pleytsiz-kahveci-kazani\/#breadcrumb","itemListElement":[{"@type":"ListItem","position":1,"name":"Anasayfa","item":"https:\/\/mesalestore.com\/en\/"},{"@type":"ListItem","position":2,"name":"Products","item":"https:\/\/mesalestore.com\/en\/shop\/"},{"@type":"ListItem","position":3,"name":"\u00dcret 30 Cm&#8217;lik &#8211; 15 Lt Pleytsiz Kahveci Kazan\u0131"}]},{"@type":"WebSite","@id":"https:\/\/mesalestore.com\/en\/#website","url":"https:\/\/mesalestore.com\/en\/","name":"Me\u015fale Store","description":"","publisher":{"@id":"https:\/\/mesalestore.com\/en\/#organization"},"potentialAction":[{"@type":"SearchAction","target":{"@type":"EntryPoint","urlTemplate":"https:\/\/mesalestore.com\/en\/?s={search_term_string}"},"query-input":{"@type":"PropertyValueSpecification","valueRequired":true,"valueName":"search_term_string"}}],"inLanguage":"en-US"},{"@type":"Organization","@id":"https:\/\/mesalestore.com\/en\/#organization","name":"Me\u015fale Store","url":"https:\/\/mesalestore.com\/en\/","logo":{"@type":"ImageObject","inLanguage":"en-US","@id":"https:\/\/mesalestore.com\/en\/#\/schema\/logo\/image\/","url":"https:\/\/mesalestore.com\/wp-content\/uploads\/2026\/03\/logo-header-yeni-1.webp","contentUrl":"https:\/\/mesalestore.com\/wp-content\/uploads\/2026\/03\/logo-header-yeni-1.webp","width":419,"height":147,"caption":"Me\u015fale Store"},"image":{"@id":"https:\/\/mesalestore.com\/en\/#\/schema\/logo\/image\/"},"sameAs":["https:\/\/www.facebook.com\/mesalecay","https:\/\/x.com\/mesalecaykazan","https:\/\/www.instagram.com\/mesalecaykazan\/"]}]}},"_links":{"self":[{"href":"https:\/\/mesalestore.com\/en\/wp-json\/wp\/v2\/product\/2531","targetHints":{"allow":["GET"]}}],"collection":[{"href":"https:\/\/mesalestore.com\/en\/wp-json\/wp\/v2\/product"}],"about":[{"href":"https:\/\/mesalestore.com\/en\/wp-json\/wp\/v2\/types\/product"}],"replies":[{"embeddable":true,"href":"https:\/\/mesalestore.com\/en\/wp-json\/wp\/v2\/comments?post=2531"}],"wp:featuredmedia":[{"embeddable":true,"href":"https:\/\/mesalestore.com\/en\/wp-json\/wp\/v2\/media\/896"}],"wp:attachment":[{"href":"https:\/\/mesalestore.com\/en\/wp-json\/wp\/v2\/media?parent=2531"}],"wp:term":[{"taxonomy":"product_brand","embeddable":true,"href":"https:\/\/mesalestore.com\/en\/wp-json\/wp\/v2\/product_brand?post=2531"},{"taxonomy":"product_cat","embeddable":true,"href":"https:\/\/mesalestore.com\/en\/wp-json\/wp\/v2\/product_cat?post=2531"},{"taxonomy":"product_tag","embeddable":true,"href":"https:\/\/mesalestore.com\/en\/wp-json\/wp\/v2\/product_tag?post=2531"}],"curies":[{"name":"wp","href":"https:\/\/api.w.org\/{rel}","templated":true}]}}