{"id":2530,"date":"2026-02-09T12:19:24","date_gmt":"2026-02-09T09:19:24","guid":{"rendered":"http:\/\/mesalestore.com\/product\/uret-15-cmlik-12-litre-pleytli-kahveci-kazani\/"},"modified":"2026-04-11T11:19:38","modified_gmt":"2026-04-11T08:19:38","slug":"uret-15-cmlik-12-litre-pleytli-kahveci-kazani","status":"publish","type":"product","link":"https:\/\/mesalestore.com\/en\/product\/uret-15-cmlik-12-litre-pleytli-kahveci-kazani\/","title":{"rendered":"\u00dcret 15 Cm&#8217;lik &#8211; 12 Litre Pleytli Kahveci Kazan\u0131"},"content":{"rendered":"<p><strong>\u00dcret 15 Cm&#8217;lik &#8211; 12 Litre Pleytli Kahveci Kazan\u0131<\/strong>, <strong>pleytli tasar\u0131m\u0131<\/strong> ile enerji verimlili\u011fi sa\u011flar ve <strong>12 litre kapasitesi<\/strong> ile orta \u00f6l\u00e7ekli i\u015fletmeler i\u00e7in idealdir. <strong>Paslanmaz \u00e7elik yap\u0131s\u0131<\/strong>, hem dayan\u0131kl\u0131l\u0131\u011f\u0131 hem de hijyenik kullan\u0131m avantaj\u0131 sunar. <strong>Elektrikli kahveci kazan\u0131<\/strong> olarak h\u0131zl\u0131 \u0131s\u0131nma sa\u011flar ve <strong>end\u00fcstriyel kahve kazan\u0131<\/strong> olarak yo\u011fun kullan\u0131m ortamlar\u0131nda m\u00fckemmel performans g\u00f6sterir. <strong>Kafe ve restoranlarda<\/strong> rahatl\u0131kla kullan\u0131labilecek bu model, <strong>otomatik kahve kazan\u0131<\/strong> fonksiyonlar\u0131 ile de kolay kullan\u0131m sa\u011flar. <strong>B\u00fcy\u00fck kahve kazan\u0131<\/strong> ihtiyac\u0131 olmayan i\u015fletmeler i\u00e7in m\u00fckemmel bir \u00e7\u00f6z\u00fcmd\u00fcr.<\/p>","protected":false},"excerpt":{"rendered":"<p>\u00dcret 15 Cm&#8217;lik &#8211; 12 Litre Pleytli Kahveci Kazan\u0131, pleytli tasar\u0131m\u0131 ile enerji verimlili\u011fi sa\u011flar ve 12 litre kapasitesi ile orta \u00f6l\u00e7ekli i\u015fletmeler i\u00e7in idealdir. Paslanmaz \u00e7elik yap\u0131s\u0131, hem dayan\u0131kl\u0131l\u0131\u011f\u0131 hem de hijyenik kullan\u0131m avantaj\u0131 sunar. Elektrikli kahveci kazan\u0131 olarak h\u0131zl\u0131 \u0131s\u0131nma sa\u011flar ve end\u00fcstriyel kahve kazan\u0131 olarak yo\u011fun kullan\u0131m ortamlar\u0131nda m\u00fckemmel performans g\u00f6sterir. Kafe [&hellip;]<\/p>\n","protected":false},"featured_media":892,"comment_status":"closed","ping_status":"closed","template":"","meta":[],"product_brand":[7752],"product_cat":[7771],"product_tag":[433,1624,1625,1627,1640,1641,1642,1628,1633,1634,1635,1820,1821,1822,1823,1824,1825,1826,1827,1655,1656,1657,1643,1648,1649,1650,1828,1829,1830,1831,1832,1833,1834,1835],"class_list":{"0":"post-2530","1":"product","2":"type-product","3":"status-publish","4":"has-post-thumbnail","6":"product_brand-uret","7":"product_cat-cay-kazanlari","8":"product_tag-uret","9":"product_tag-uret-15","10":"product_tag-uret-15-cmlik","11":"product_tag-uret-15-cmlik-12","12":"product_tag-uret-15-cmlik-12-kahveci","13":"product_tag-uret-15-cmlik-12-kahveci-kazani","14":"product_tag-uret-15-cmlik-12-kazani","15":"product_tag-uret-15-cmlik-12-litre","16":"product_tag-uret-15-cmlik-12-litre-kahveci","17":"product_tag-uret-15-cmlik-12-litre-kahveci-kazani","18":"product_tag-uret-15-cmlik-12-litre-kazani","19":"product_tag-uret-15-cmlik-12-litre-pleytli","20":"product_tag-uret-15-cmlik-12-litre-pleytli-kahveci","21":"product_tag-uret-15-cmlik-12-litre-pleytli-kahveci-kazani","22":"product_tag-uret-15-cmlik-12-litre-pleytli-kazani","23":"product_tag-uret-15-cmlik-12-pleytli","24":"product_tag-uret-15-cmlik-12-pleytli-kahveci","25":"product_tag-uret-15-cmlik-12-pleytli-kahveci-kazani","26":"product_tag-uret-15-cmlik-12-pleytli-kazani","27":"product_tag-uret-15-cmlik-kahveci","28":"product_tag-uret-15-cmlik-kahveci-kazani","29":"product_tag-uret-15-cmlik-kazani","30":"product_tag-uret-15-cmlik-litre","31":"product_tag-uret-15-cmlik-litre-kahveci","32":"product_tag-uret-15-cmlik-litre-kahveci-kazani","33":"product_tag-uret-15-cmlik-litre-kazani","34":"product_tag-uret-15-cmlik-litre-pleytli","35":"product_tag-uret-15-cmlik-litre-pleytli-kahveci","36":"product_tag-uret-15-cmlik-litre-pleytli-kahveci-kazani","37":"product_tag-uret-15-cmlik-litre-pleytli-kazani","38":"product_tag-uret-15-cmlik-pleytli","39":"product_tag-uret-15-cmlik-pleytli-kahveci","40":"product_tag-uret-15-cmlik-pleytli-kahveci-kazani","41":"product_tag-uret-15-cmlik-pleytli-kazani","43":"first","44":"instock","45":"sale","46":"taxable","47":"shipping-taxable","48":"purchasable","49":"product-type-simple"},"yoast_head":"<!-- This site is optimized with the Yoast SEO plugin v27.1.1 - https:\/\/yoast.com\/product\/yoast-seo-wordpress\/ -->\n<title>\u00dcret 15 Cm&#039;lik - 12 Litre Pleytli Kahveci Kazan\u0131 | Me\u015fale Store<\/title>\n<meta name=\"description\" content=\"\u00dcret 15 Cm&#039;lik - 12 Litre Pleytli Kahveci Kazan\u0131, pleytli tasar\u0131m\u0131 ile enerji verimlili\u011fi sa\u011flar ve 12 litre kapasitesi ile orta \u00f6l\u00e7ekli i\u015fletmeler i\u00e7in\" \/>\n<meta name=\"robots\" content=\"index, follow, max-snippet:-1, max-image-preview:large, max-video-preview:-1\" \/>\n<link rel=\"canonical\" href=\"https:\/\/mesalestore.com\/en\/product\/uret-15-cmlik-12-litre-pleytli-kahveci-kazani\/\" \/>\n<meta property=\"og:locale\" content=\"en_US\" \/>\n<meta property=\"og:type\" content=\"article\" \/>\n<meta property=\"og:title\" content=\"\u00dcret 15 Cm&#039;lik - 12 Litre Pleytli Kahveci Kazan\u0131 | Me\u015fale Store\" \/>\n<meta property=\"og:description\" content=\"\u00dcret 15 Cm&#039;lik - 12 Litre Pleytli Kahveci Kazan\u0131, pleytli tasar\u0131m\u0131 ile enerji verimlili\u011fi sa\u011flar ve 12 litre kapasitesi ile orta \u00f6l\u00e7ekli i\u015fletmeler i\u00e7in\" \/>\n<meta property=\"og:url\" content=\"https:\/\/mesalestore.com\/en\/product\/uret-15-cmlik-12-litre-pleytli-kahveci-kazani\/\" \/>\n<meta property=\"og:site_name\" content=\"Me\u015fale Store\" \/>\n<meta property=\"article:publisher\" content=\"https:\/\/www.facebook.com\/mesalecay\" \/>\n<meta property=\"article:modified_time\" content=\"2026-04-11T08:19:38+00:00\" \/>\n<meta property=\"og:image\" content=\"https:\/\/mesalestore.com\/wp-content\/uploads\/2026\/01\/1_org_zoom-237.jpg\" \/>\n\t<meta property=\"og:image:width\" content=\"1200\" \/>\n\t<meta property=\"og:image:height\" content=\"1800\" \/>\n\t<meta property=\"og:image:type\" content=\"image\/jpeg\" \/>\n<meta name=\"twitter:card\" content=\"summary_large_image\" \/>\n<meta name=\"twitter:site\" content=\"@mesalecaykazan\" \/>\n<meta name=\"twitter:label1\" content=\"Est. reading time\" \/>\n\t<meta name=\"twitter:data1\" content=\"1 minute\" \/>\n<script type=\"application\/ld+json\" class=\"yoast-schema-graph\">{\"@context\":\"https:\/\/schema.org\",\"@graph\":[{\"@type\":\"WebPage\",\"@id\":\"https:\/\/mesalestore.com\/en\/product\/uret-15-cmlik-12-litre-pleytli-kahveci-kazani\/\",\"url\":\"https:\/\/mesalestore.com\/en\/product\/uret-15-cmlik-12-litre-pleytli-kahveci-kazani\/\",\"name\":\"\u00dcret 15 Cm'lik - 12 Litre Pleytli Kahveci Kazan\u0131 | Me\u015fale Store\",\"isPartOf\":{\"@id\":\"https:\/\/mesalestore.com\/en\/#website\"},\"primaryImageOfPage\":{\"@id\":\"https:\/\/mesalestore.com\/en\/product\/uret-15-cmlik-12-litre-pleytli-kahveci-kazani\/#primaryimage\"},\"image\":{\"@id\":\"https:\/\/mesalestore.com\/en\/product\/uret-15-cmlik-12-litre-pleytli-kahveci-kazani\/#primaryimage\"},\"thumbnailUrl\":\"https:\/\/mesalestore.com\/wp-content\/uploads\/2026\/01\/1_org_zoom-237.jpg\",\"datePublished\":\"2026-02-09T09:19:24+00:00\",\"dateModified\":\"2026-04-11T08:19:38+00:00\",\"description\":\"\u00dcret 15 Cm'lik - 12 Litre Pleytli Kahveci Kazan\u0131, pleytli tasar\u0131m\u0131 ile enerji verimlili\u011fi sa\u011flar ve 12 litre kapasitesi ile orta \u00f6l\u00e7ekli i\u015fletmeler i\u00e7in\",\"breadcrumb\":{\"@id\":\"https:\/\/mesalestore.com\/en\/product\/uret-15-cmlik-12-litre-pleytli-kahveci-kazani\/#breadcrumb\"},\"inLanguage\":\"en-US\",\"potentialAction\":[{\"@type\":\"ReadAction\",\"target\":[\"https:\/\/mesalestore.com\/en\/product\/uret-15-cmlik-12-litre-pleytli-kahveci-kazani\/\"]}]},{\"@type\":\"ImageObject\",\"inLanguage\":\"en-US\",\"@id\":\"https:\/\/mesalestore.com\/en\/product\/uret-15-cmlik-12-litre-pleytli-kahveci-kazani\/#primaryimage\",\"url\":\"https:\/\/mesalestore.com\/wp-content\/uploads\/2026\/01\/1_org_zoom-237.jpg\",\"contentUrl\":\"https:\/\/mesalestore.com\/wp-content\/uploads\/2026\/01\/1_org_zoom-237.jpg\",\"width\":1200,\"height\":1800},{\"@type\":\"BreadcrumbList\",\"@id\":\"https:\/\/mesalestore.com\/en\/product\/uret-15-cmlik-12-litre-pleytli-kahveci-kazani\/#breadcrumb\",\"itemListElement\":[{\"@type\":\"ListItem\",\"position\":1,\"name\":\"Anasayfa\",\"item\":\"https:\/\/mesalestore.com\/en\/\"},{\"@type\":\"ListItem\",\"position\":2,\"name\":\"Products\",\"item\":\"https:\/\/mesalestore.com\/en\/shop\/\"},{\"@type\":\"ListItem\",\"position\":3,\"name\":\"\u00dcret 15 Cm&#8217;lik &#8211; 12 Litre Pleytli Kahveci Kazan\u0131\"}]},{\"@type\":\"WebSite\",\"@id\":\"https:\/\/mesalestore.com\/en\/#website\",\"url\":\"https:\/\/mesalestore.com\/en\/\",\"name\":\"Me\u015fale Store\",\"description\":\"\",\"publisher\":{\"@id\":\"https:\/\/mesalestore.com\/en\/#organization\"},\"potentialAction\":[{\"@type\":\"SearchAction\",\"target\":{\"@type\":\"EntryPoint\",\"urlTemplate\":\"https:\/\/mesalestore.com\/en\/?s={search_term_string}\"},\"query-input\":{\"@type\":\"PropertyValueSpecification\",\"valueRequired\":true,\"valueName\":\"search_term_string\"}}],\"inLanguage\":\"en-US\"},{\"@type\":\"Organization\",\"@id\":\"https:\/\/mesalestore.com\/en\/#organization\",\"name\":\"Me\u015fale Store\",\"url\":\"https:\/\/mesalestore.com\/en\/\",\"logo\":{\"@type\":\"ImageObject\",\"inLanguage\":\"en-US\",\"@id\":\"https:\/\/mesalestore.com\/en\/#\/schema\/logo\/image\/\",\"url\":\"https:\/\/mesalestore.com\/wp-content\/uploads\/2026\/03\/logo-header-yeni-1.webp\",\"contentUrl\":\"https:\/\/mesalestore.com\/wp-content\/uploads\/2026\/03\/logo-header-yeni-1.webp\",\"width\":419,\"height\":147,\"caption\":\"Me\u015fale Store\"},\"image\":{\"@id\":\"https:\/\/mesalestore.com\/en\/#\/schema\/logo\/image\/\"},\"sameAs\":[\"https:\/\/www.facebook.com\/mesalecay\",\"https:\/\/x.com\/mesalecaykazan\",\"https:\/\/www.instagram.com\/mesalecaykazan\/\"]}]}<\/script>\n<!-- \/ Yoast SEO plugin. -->","yoast_head_json":{"title":"\u00dcret 15 Cm'lik - 12 Litre Pleytli Kahveci Kazan\u0131 | Me\u015fale Store","description":"\u00dcret 15 Cm'lik - 12 Litre Pleytli Kahveci Kazan\u0131, pleytli tasar\u0131m\u0131 ile enerji verimlili\u011fi sa\u011flar ve 12 litre kapasitesi ile orta \u00f6l\u00e7ekli i\u015fletmeler i\u00e7in","robots":{"index":"index","follow":"follow","max-snippet":"max-snippet:-1","max-image-preview":"max-image-preview:large","max-video-preview":"max-video-preview:-1"},"canonical":"https:\/\/mesalestore.com\/en\/product\/uret-15-cmlik-12-litre-pleytli-kahveci-kazani\/","og_locale":"en_US","og_type":"article","og_title":"\u00dcret 15 Cm'lik - 12 Litre Pleytli Kahveci Kazan\u0131 | Me\u015fale Store","og_description":"\u00dcret 15 Cm'lik - 12 Litre Pleytli Kahveci Kazan\u0131, pleytli tasar\u0131m\u0131 ile enerji verimlili\u011fi sa\u011flar ve 12 litre kapasitesi ile orta \u00f6l\u00e7ekli i\u015fletmeler i\u00e7in","og_url":"https:\/\/mesalestore.com\/en\/product\/uret-15-cmlik-12-litre-pleytli-kahveci-kazani\/","og_site_name":"Me\u015fale Store","article_publisher":"https:\/\/www.facebook.com\/mesalecay","article_modified_time":"2026-04-11T08:19:38+00:00","og_image":[{"width":1200,"height":1800,"url":"https:\/\/mesalestore.com\/wp-content\/uploads\/2026\/01\/1_org_zoom-237.jpg","type":"image\/jpeg"}],"twitter_card":"summary_large_image","twitter_site":"@mesalecaykazan","twitter_misc":{"Est. reading time":"1 minute"},"schema":{"@context":"https:\/\/schema.org","@graph":[{"@type":"WebPage","@id":"https:\/\/mesalestore.com\/en\/product\/uret-15-cmlik-12-litre-pleytli-kahveci-kazani\/","url":"https:\/\/mesalestore.com\/en\/product\/uret-15-cmlik-12-litre-pleytli-kahveci-kazani\/","name":"\u00dcret 15 Cm'lik - 12 Litre Pleytli Kahveci Kazan\u0131 | Me\u015fale Store","isPartOf":{"@id":"https:\/\/mesalestore.com\/en\/#website"},"primaryImageOfPage":{"@id":"https:\/\/mesalestore.com\/en\/product\/uret-15-cmlik-12-litre-pleytli-kahveci-kazani\/#primaryimage"},"image":{"@id":"https:\/\/mesalestore.com\/en\/product\/uret-15-cmlik-12-litre-pleytli-kahveci-kazani\/#primaryimage"},"thumbnailUrl":"https:\/\/mesalestore.com\/wp-content\/uploads\/2026\/01\/1_org_zoom-237.jpg","datePublished":"2026-02-09T09:19:24+00:00","dateModified":"2026-04-11T08:19:38+00:00","description":"\u00dcret 15 Cm'lik - 12 Litre Pleytli Kahveci Kazan\u0131, pleytli tasar\u0131m\u0131 ile enerji verimlili\u011fi sa\u011flar ve 12 litre kapasitesi ile orta \u00f6l\u00e7ekli i\u015fletmeler i\u00e7in","breadcrumb":{"@id":"https:\/\/mesalestore.com\/en\/product\/uret-15-cmlik-12-litre-pleytli-kahveci-kazani\/#breadcrumb"},"inLanguage":"en-US","potentialAction":[{"@type":"ReadAction","target":["https:\/\/mesalestore.com\/en\/product\/uret-15-cmlik-12-litre-pleytli-kahveci-kazani\/"]}]},{"@type":"ImageObject","inLanguage":"en-US","@id":"https:\/\/mesalestore.com\/en\/product\/uret-15-cmlik-12-litre-pleytli-kahveci-kazani\/#primaryimage","url":"https:\/\/mesalestore.com\/wp-content\/uploads\/2026\/01\/1_org_zoom-237.jpg","contentUrl":"https:\/\/mesalestore.com\/wp-content\/uploads\/2026\/01\/1_org_zoom-237.jpg","width":1200,"height":1800},{"@type":"BreadcrumbList","@id":"https:\/\/mesalestore.com\/en\/product\/uret-15-cmlik-12-litre-pleytli-kahveci-kazani\/#breadcrumb","itemListElement":[{"@type":"ListItem","position":1,"name":"Anasayfa","item":"https:\/\/mesalestore.com\/en\/"},{"@type":"ListItem","position":2,"name":"Products","item":"https:\/\/mesalestore.com\/en\/shop\/"},{"@type":"ListItem","position":3,"name":"\u00dcret 15 Cm&#8217;lik &#8211; 12 Litre Pleytli Kahveci Kazan\u0131"}]},{"@type":"WebSite","@id":"https:\/\/mesalestore.com\/en\/#website","url":"https:\/\/mesalestore.com\/en\/","name":"Me\u015fale Store","description":"","publisher":{"@id":"https:\/\/mesalestore.com\/en\/#organization"},"potentialAction":[{"@type":"SearchAction","target":{"@type":"EntryPoint","urlTemplate":"https:\/\/mesalestore.com\/en\/?s={search_term_string}"},"query-input":{"@type":"PropertyValueSpecification","valueRequired":true,"valueName":"search_term_string"}}],"inLanguage":"en-US"},{"@type":"Organization","@id":"https:\/\/mesalestore.com\/en\/#organization","name":"Me\u015fale Store","url":"https:\/\/mesalestore.com\/en\/","logo":{"@type":"ImageObject","inLanguage":"en-US","@id":"https:\/\/mesalestore.com\/en\/#\/schema\/logo\/image\/","url":"https:\/\/mesalestore.com\/wp-content\/uploads\/2026\/03\/logo-header-yeni-1.webp","contentUrl":"https:\/\/mesalestore.com\/wp-content\/uploads\/2026\/03\/logo-header-yeni-1.webp","width":419,"height":147,"caption":"Me\u015fale Store"},"image":{"@id":"https:\/\/mesalestore.com\/en\/#\/schema\/logo\/image\/"},"sameAs":["https:\/\/www.facebook.com\/mesalecay","https:\/\/x.com\/mesalecaykazan","https:\/\/www.instagram.com\/mesalecaykazan\/"]}]}},"_links":{"self":[{"href":"https:\/\/mesalestore.com\/en\/wp-json\/wp\/v2\/product\/2530","targetHints":{"allow":["GET"]}}],"collection":[{"href":"https:\/\/mesalestore.com\/en\/wp-json\/wp\/v2\/product"}],"about":[{"href":"https:\/\/mesalestore.com\/en\/wp-json\/wp\/v2\/types\/product"}],"replies":[{"embeddable":true,"href":"https:\/\/mesalestore.com\/en\/wp-json\/wp\/v2\/comments?post=2530"}],"wp:featuredmedia":[{"embeddable":true,"href":"https:\/\/mesalestore.com\/en\/wp-json\/wp\/v2\/media\/892"}],"wp:attachment":[{"href":"https:\/\/mesalestore.com\/en\/wp-json\/wp\/v2\/media?parent=2530"}],"wp:term":[{"taxonomy":"product_brand","embeddable":true,"href":"https:\/\/mesalestore.com\/en\/wp-json\/wp\/v2\/product_brand?post=2530"},{"taxonomy":"product_cat","embeddable":true,"href":"https:\/\/mesalestore.com\/en\/wp-json\/wp\/v2\/product_cat?post=2530"},{"taxonomy":"product_tag","embeddable":true,"href":"https:\/\/mesalestore.com\/en\/wp-json\/wp\/v2\/product_tag?post=2530"}],"curies":[{"name":"wp","href":"https:\/\/api.w.org\/{rel}","templated":true}]}}