{"id":2529,"date":"2026-02-09T12:19:24","date_gmt":"2026-02-09T09:19:24","guid":{"rendered":"http:\/\/mesalestore.com\/product\/uret-55-cmlik-42-litre-pleytli-kahveci-kazani\/"},"modified":"2026-04-11T11:18:32","modified_gmt":"2026-04-11T08:18:32","slug":"uret-55-cmlik-42-litre-pleytli-kahveci-kazani","status":"publish","type":"product","link":"https:\/\/mesalestore.com\/en\/product\/uret-55-cmlik-42-litre-pleytli-kahveci-kazani\/","title":{"rendered":"\u00dcret 55 Cm&#8217;lik &#8211; 42 Litre Pleytli Kahveci Kazan\u0131"},"content":{"rendered":"<p><strong>\u00dcret 55 Cm&#8217;lik &#8211; 42 Litre Pleytli Kahveci Kazan\u0131<\/strong>, <strong>42 litre kapasitesi<\/strong> ve <strong>55 cm geni\u015fli\u011fi<\/strong> ile b\u00fcy\u00fck hacimli kahve \u00fcretimi i\u00e7in m\u00fckemmel bir \u00e7\u00f6z\u00fcm sunar. <strong>Pleytli tasar\u0131m\u0131<\/strong> sayesinde enerji verimlili\u011fi sa\u011flar ve h\u0131zl\u0131 \u0131s\u0131nma s\u00fcresi ile verimli bir kullan\u0131m sunar. <strong>Paslanmaz \u00e7elik yap\u0131s\u0131<\/strong> sayesinde dayan\u0131kl\u0131l\u0131k ve hijyenik kullan\u0131m \u00f6zelliklerine sahiptir. <strong>Elektrikli kahveci kazan\u0131<\/strong> olarak d\u00fc\u015f\u00fck enerji t\u00fcketimi ile maliyetleri d\u00fc\u015f\u00fcr\u00fcr. <strong>End\u00fcstriyel kahve kazan\u0131<\/strong> olarak, <strong>kafeler<\/strong>, <strong>restoranlar<\/strong> ve b\u00fcy\u00fck i\u015fletmeler i\u00e7in ideal bir tercihtir. <strong>Otomatik kahve kazan\u0131<\/strong> fonksiyonu sayesinde kullan\u0131m kolayl\u0131\u011f\u0131 sa\u011flar, <strong>y\u00fcksek kapasiteli kahve kazan\u0131<\/strong> olarak uzun s\u00fcreli verimli kullan\u0131m sunar.<\/p>","protected":false},"excerpt":{"rendered":"<p>\u00dcret 55 Cm&#8217;lik &#8211; 42 Litre Pleytli Kahveci Kazan\u0131, 42 litre kapasitesi ve 55 cm geni\u015fli\u011fi ile b\u00fcy\u00fck hacimli kahve \u00fcretimi i\u00e7in m\u00fckemmel bir \u00e7\u00f6z\u00fcm sunar. Pleytli tasar\u0131m\u0131 sayesinde enerji verimlili\u011fi sa\u011flar ve h\u0131zl\u0131 \u0131s\u0131nma s\u00fcresi ile verimli bir kullan\u0131m sunar. Paslanmaz \u00e7elik yap\u0131s\u0131 sayesinde dayan\u0131kl\u0131l\u0131k ve hijyenik kullan\u0131m \u00f6zelliklerine sahiptir. Elektrikli kahveci kazan\u0131 olarak [&hellip;]<\/p>\n","protected":false},"featured_media":888,"comment_status":"closed","ping_status":"closed","template":"","meta":[],"product_brand":[7752],"product_cat":[7771],"product_tag":[433,1771,1772,1774,1787,1788,1789,1775,1780,1781,1782,1904,1905,1906,1907,1908,1909,1910,1911,1802,1803,1804,1790,1795,1796,1797,1912,1913,1914,1915,1916,1917,1918,1919],"class_list":{"0":"post-2529","1":"product","2":"type-product","3":"status-publish","4":"has-post-thumbnail","6":"product_brand-uret","7":"product_cat-cay-kazanlari","8":"product_tag-uret","9":"product_tag-uret-55","10":"product_tag-uret-55-cmlik","11":"product_tag-uret-55-cmlik-42","12":"product_tag-uret-55-cmlik-42-kahveci","13":"product_tag-uret-55-cmlik-42-kahveci-kazani","14":"product_tag-uret-55-cmlik-42-kazani","15":"product_tag-uret-55-cmlik-42-litre","16":"product_tag-uret-55-cmlik-42-litre-kahveci","17":"product_tag-uret-55-cmlik-42-litre-kahveci-kazani","18":"product_tag-uret-55-cmlik-42-litre-kazani","19":"product_tag-uret-55-cmlik-42-litre-pleytli","20":"product_tag-uret-55-cmlik-42-litre-pleytli-kahveci","21":"product_tag-uret-55-cmlik-42-litre-pleytli-kahveci-kazani","22":"product_tag-uret-55-cmlik-42-litre-pleytli-kazani","23":"product_tag-uret-55-cmlik-42-pleytli","24":"product_tag-uret-55-cmlik-42-pleytli-kahveci","25":"product_tag-uret-55-cmlik-42-pleytli-kahveci-kazani","26":"product_tag-uret-55-cmlik-42-pleytli-kazani","27":"product_tag-uret-55-cmlik-kahveci","28":"product_tag-uret-55-cmlik-kahveci-kazani","29":"product_tag-uret-55-cmlik-kazani","30":"product_tag-uret-55-cmlik-litre","31":"product_tag-uret-55-cmlik-litre-kahveci","32":"product_tag-uret-55-cmlik-litre-kahveci-kazani","33":"product_tag-uret-55-cmlik-litre-kazani","34":"product_tag-uret-55-cmlik-litre-pleytli","35":"product_tag-uret-55-cmlik-litre-pleytli-kahveci","36":"product_tag-uret-55-cmlik-litre-pleytli-kahveci-kazani","37":"product_tag-uret-55-cmlik-litre-pleytli-kazani","38":"product_tag-uret-55-cmlik-pleytli","39":"product_tag-uret-55-cmlik-pleytli-kahveci","40":"product_tag-uret-55-cmlik-pleytli-kahveci-kazani","41":"product_tag-uret-55-cmlik-pleytli-kazani","43":"first","44":"instock","45":"sale","46":"taxable","47":"shipping-taxable","48":"purchasable","49":"product-type-simple"},"yoast_head":"<!-- This site is optimized with the Yoast SEO plugin v27.1.1 - https:\/\/yoast.com\/product\/yoast-seo-wordpress\/ -->\n<title>\u00dcret 55 Cm&#039;lik - 42 Litre Pleytli Kahveci Kazan\u0131 | Me\u015fale Store<\/title>\n<meta name=\"description\" content=\"\u00dcret 55 Cm&#039;lik - 42 Litre Pleytli Kahveci Kazan\u0131, 42 litre kapasitesi ve 55 cm geni\u015fli\u011fi ile b\u00fcy\u00fck hacimli kahve \u00fcretimi i\u00e7in m\u00fckemmel bir \u00e7\u00f6z\u00fcm sunar.\" \/>\n<meta name=\"robots\" content=\"index, follow, max-snippet:-1, max-image-preview:large, max-video-preview:-1\" \/>\n<link rel=\"canonical\" href=\"https:\/\/mesalestore.com\/en\/product\/uret-55-cmlik-42-litre-pleytli-kahveci-kazani\/\" \/>\n<meta property=\"og:locale\" content=\"en_US\" \/>\n<meta property=\"og:type\" content=\"article\" \/>\n<meta property=\"og:title\" content=\"\u00dcret 55 Cm&#039;lik - 42 Litre Pleytli Kahveci Kazan\u0131 | Me\u015fale Store\" \/>\n<meta property=\"og:description\" content=\"\u00dcret 55 Cm&#039;lik - 42 Litre Pleytli Kahveci Kazan\u0131, 42 litre kapasitesi ve 55 cm geni\u015fli\u011fi ile b\u00fcy\u00fck hacimli kahve \u00fcretimi i\u00e7in m\u00fckemmel bir \u00e7\u00f6z\u00fcm sunar.\" \/>\n<meta property=\"og:url\" content=\"https:\/\/mesalestore.com\/en\/product\/uret-55-cmlik-42-litre-pleytli-kahveci-kazani\/\" \/>\n<meta property=\"og:site_name\" content=\"Me\u015fale Store\" \/>\n<meta property=\"article:publisher\" content=\"https:\/\/www.facebook.com\/mesalecay\" \/>\n<meta property=\"article:modified_time\" content=\"2026-04-11T08:18:32+00:00\" \/>\n<meta property=\"og:image\" content=\"https:\/\/mesalestore.com\/wp-content\/uploads\/2026\/01\/1_org_zoom-235.jpg\" \/>\n\t<meta property=\"og:image:width\" content=\"1200\" \/>\n\t<meta property=\"og:image:height\" content=\"1800\" \/>\n\t<meta property=\"og:image:type\" content=\"image\/jpeg\" \/>\n<meta name=\"twitter:card\" content=\"summary_large_image\" \/>\n<meta name=\"twitter:site\" content=\"@mesalecaykazan\" \/>\n<meta name=\"twitter:label1\" content=\"Est. reading time\" \/>\n\t<meta name=\"twitter:data1\" content=\"1 minute\" \/>\n<script type=\"application\/ld+json\" class=\"yoast-schema-graph\">{\"@context\":\"https:\/\/schema.org\",\"@graph\":[{\"@type\":\"WebPage\",\"@id\":\"https:\/\/mesalestore.com\/en\/product\/uret-55-cmlik-42-litre-pleytli-kahveci-kazani\/\",\"url\":\"https:\/\/mesalestore.com\/en\/product\/uret-55-cmlik-42-litre-pleytli-kahveci-kazani\/\",\"name\":\"\u00dcret 55 Cm'lik - 42 Litre Pleytli Kahveci Kazan\u0131 | Me\u015fale Store\",\"isPartOf\":{\"@id\":\"https:\/\/mesalestore.com\/en\/#website\"},\"primaryImageOfPage\":{\"@id\":\"https:\/\/mesalestore.com\/en\/product\/uret-55-cmlik-42-litre-pleytli-kahveci-kazani\/#primaryimage\"},\"image\":{\"@id\":\"https:\/\/mesalestore.com\/en\/product\/uret-55-cmlik-42-litre-pleytli-kahveci-kazani\/#primaryimage\"},\"thumbnailUrl\":\"https:\/\/mesalestore.com\/wp-content\/uploads\/2026\/01\/1_org_zoom-235.jpg\",\"datePublished\":\"2026-02-09T09:19:24+00:00\",\"dateModified\":\"2026-04-11T08:18:32+00:00\",\"description\":\"\u00dcret 55 Cm'lik - 42 Litre Pleytli Kahveci Kazan\u0131, 42 litre kapasitesi ve 55 cm geni\u015fli\u011fi ile b\u00fcy\u00fck hacimli kahve \u00fcretimi i\u00e7in m\u00fckemmel bir \u00e7\u00f6z\u00fcm sunar.\",\"breadcrumb\":{\"@id\":\"https:\/\/mesalestore.com\/en\/product\/uret-55-cmlik-42-litre-pleytli-kahveci-kazani\/#breadcrumb\"},\"inLanguage\":\"en-US\",\"potentialAction\":[{\"@type\":\"ReadAction\",\"target\":[\"https:\/\/mesalestore.com\/en\/product\/uret-55-cmlik-42-litre-pleytli-kahveci-kazani\/\"]}]},{\"@type\":\"ImageObject\",\"inLanguage\":\"en-US\",\"@id\":\"https:\/\/mesalestore.com\/en\/product\/uret-55-cmlik-42-litre-pleytli-kahveci-kazani\/#primaryimage\",\"url\":\"https:\/\/mesalestore.com\/wp-content\/uploads\/2026\/01\/1_org_zoom-235.jpg\",\"contentUrl\":\"https:\/\/mesalestore.com\/wp-content\/uploads\/2026\/01\/1_org_zoom-235.jpg\",\"width\":1200,\"height\":1800},{\"@type\":\"BreadcrumbList\",\"@id\":\"https:\/\/mesalestore.com\/en\/product\/uret-55-cmlik-42-litre-pleytli-kahveci-kazani\/#breadcrumb\",\"itemListElement\":[{\"@type\":\"ListItem\",\"position\":1,\"name\":\"Anasayfa\",\"item\":\"https:\/\/mesalestore.com\/en\/\"},{\"@type\":\"ListItem\",\"position\":2,\"name\":\"Products\",\"item\":\"https:\/\/mesalestore.com\/en\/shop\/\"},{\"@type\":\"ListItem\",\"position\":3,\"name\":\"\u00dcret 55 Cm&#8217;lik &#8211; 42 Litre Pleytli Kahveci Kazan\u0131\"}]},{\"@type\":\"WebSite\",\"@id\":\"https:\/\/mesalestore.com\/en\/#website\",\"url\":\"https:\/\/mesalestore.com\/en\/\",\"name\":\"Me\u015fale Store\",\"description\":\"\",\"publisher\":{\"@id\":\"https:\/\/mesalestore.com\/en\/#organization\"},\"potentialAction\":[{\"@type\":\"SearchAction\",\"target\":{\"@type\":\"EntryPoint\",\"urlTemplate\":\"https:\/\/mesalestore.com\/en\/?s={search_term_string}\"},\"query-input\":{\"@type\":\"PropertyValueSpecification\",\"valueRequired\":true,\"valueName\":\"search_term_string\"}}],\"inLanguage\":\"en-US\"},{\"@type\":\"Organization\",\"@id\":\"https:\/\/mesalestore.com\/en\/#organization\",\"name\":\"Me\u015fale Store\",\"url\":\"https:\/\/mesalestore.com\/en\/\",\"logo\":{\"@type\":\"ImageObject\",\"inLanguage\":\"en-US\",\"@id\":\"https:\/\/mesalestore.com\/en\/#\/schema\/logo\/image\/\",\"url\":\"https:\/\/mesalestore.com\/wp-content\/uploads\/2026\/03\/logo-header-yeni-1.webp\",\"contentUrl\":\"https:\/\/mesalestore.com\/wp-content\/uploads\/2026\/03\/logo-header-yeni-1.webp\",\"width\":419,\"height\":147,\"caption\":\"Me\u015fale Store\"},\"image\":{\"@id\":\"https:\/\/mesalestore.com\/en\/#\/schema\/logo\/image\/\"},\"sameAs\":[\"https:\/\/www.facebook.com\/mesalecay\",\"https:\/\/x.com\/mesalecaykazan\",\"https:\/\/www.instagram.com\/mesalecaykazan\/\"]}]}<\/script>\n<!-- \/ Yoast SEO plugin. -->","yoast_head_json":{"title":"\u00dcret 55 Cm'lik - 42 Litre Pleytli Kahveci Kazan\u0131 | Me\u015fale Store","description":"\u00dcret 55 Cm'lik - 42 Litre Pleytli Kahveci Kazan\u0131, 42 litre kapasitesi ve 55 cm geni\u015fli\u011fi ile b\u00fcy\u00fck hacimli kahve \u00fcretimi i\u00e7in m\u00fckemmel bir \u00e7\u00f6z\u00fcm sunar.","robots":{"index":"index","follow":"follow","max-snippet":"max-snippet:-1","max-image-preview":"max-image-preview:large","max-video-preview":"max-video-preview:-1"},"canonical":"https:\/\/mesalestore.com\/en\/product\/uret-55-cmlik-42-litre-pleytli-kahveci-kazani\/","og_locale":"en_US","og_type":"article","og_title":"\u00dcret 55 Cm'lik - 42 Litre Pleytli Kahveci Kazan\u0131 | Me\u015fale Store","og_description":"\u00dcret 55 Cm'lik - 42 Litre Pleytli Kahveci Kazan\u0131, 42 litre kapasitesi ve 55 cm geni\u015fli\u011fi ile b\u00fcy\u00fck hacimli kahve \u00fcretimi i\u00e7in m\u00fckemmel bir \u00e7\u00f6z\u00fcm sunar.","og_url":"https:\/\/mesalestore.com\/en\/product\/uret-55-cmlik-42-litre-pleytli-kahveci-kazani\/","og_site_name":"Me\u015fale Store","article_publisher":"https:\/\/www.facebook.com\/mesalecay","article_modified_time":"2026-04-11T08:18:32+00:00","og_image":[{"width":1200,"height":1800,"url":"https:\/\/mesalestore.com\/wp-content\/uploads\/2026\/01\/1_org_zoom-235.jpg","type":"image\/jpeg"}],"twitter_card":"summary_large_image","twitter_site":"@mesalecaykazan","twitter_misc":{"Est. reading time":"1 minute"},"schema":{"@context":"https:\/\/schema.org","@graph":[{"@type":"WebPage","@id":"https:\/\/mesalestore.com\/en\/product\/uret-55-cmlik-42-litre-pleytli-kahveci-kazani\/","url":"https:\/\/mesalestore.com\/en\/product\/uret-55-cmlik-42-litre-pleytli-kahveci-kazani\/","name":"\u00dcret 55 Cm'lik - 42 Litre Pleytli Kahveci Kazan\u0131 | Me\u015fale Store","isPartOf":{"@id":"https:\/\/mesalestore.com\/en\/#website"},"primaryImageOfPage":{"@id":"https:\/\/mesalestore.com\/en\/product\/uret-55-cmlik-42-litre-pleytli-kahveci-kazani\/#primaryimage"},"image":{"@id":"https:\/\/mesalestore.com\/en\/product\/uret-55-cmlik-42-litre-pleytli-kahveci-kazani\/#primaryimage"},"thumbnailUrl":"https:\/\/mesalestore.com\/wp-content\/uploads\/2026\/01\/1_org_zoom-235.jpg","datePublished":"2026-02-09T09:19:24+00:00","dateModified":"2026-04-11T08:18:32+00:00","description":"\u00dcret 55 Cm'lik - 42 Litre Pleytli Kahveci Kazan\u0131, 42 litre kapasitesi ve 55 cm geni\u015fli\u011fi ile b\u00fcy\u00fck hacimli kahve \u00fcretimi i\u00e7in m\u00fckemmel bir \u00e7\u00f6z\u00fcm sunar.","breadcrumb":{"@id":"https:\/\/mesalestore.com\/en\/product\/uret-55-cmlik-42-litre-pleytli-kahveci-kazani\/#breadcrumb"},"inLanguage":"en-US","potentialAction":[{"@type":"ReadAction","target":["https:\/\/mesalestore.com\/en\/product\/uret-55-cmlik-42-litre-pleytli-kahveci-kazani\/"]}]},{"@type":"ImageObject","inLanguage":"en-US","@id":"https:\/\/mesalestore.com\/en\/product\/uret-55-cmlik-42-litre-pleytli-kahveci-kazani\/#primaryimage","url":"https:\/\/mesalestore.com\/wp-content\/uploads\/2026\/01\/1_org_zoom-235.jpg","contentUrl":"https:\/\/mesalestore.com\/wp-content\/uploads\/2026\/01\/1_org_zoom-235.jpg","width":1200,"height":1800},{"@type":"BreadcrumbList","@id":"https:\/\/mesalestore.com\/en\/product\/uret-55-cmlik-42-litre-pleytli-kahveci-kazani\/#breadcrumb","itemListElement":[{"@type":"ListItem","position":1,"name":"Anasayfa","item":"https:\/\/mesalestore.com\/en\/"},{"@type":"ListItem","position":2,"name":"Products","item":"https:\/\/mesalestore.com\/en\/shop\/"},{"@type":"ListItem","position":3,"name":"\u00dcret 55 Cm&#8217;lik &#8211; 42 Litre Pleytli Kahveci Kazan\u0131"}]},{"@type":"WebSite","@id":"https:\/\/mesalestore.com\/en\/#website","url":"https:\/\/mesalestore.com\/en\/","name":"Me\u015fale Store","description":"","publisher":{"@id":"https:\/\/mesalestore.com\/en\/#organization"},"potentialAction":[{"@type":"SearchAction","target":{"@type":"EntryPoint","urlTemplate":"https:\/\/mesalestore.com\/en\/?s={search_term_string}"},"query-input":{"@type":"PropertyValueSpecification","valueRequired":true,"valueName":"search_term_string"}}],"inLanguage":"en-US"},{"@type":"Organization","@id":"https:\/\/mesalestore.com\/en\/#organization","name":"Me\u015fale Store","url":"https:\/\/mesalestore.com\/en\/","logo":{"@type":"ImageObject","inLanguage":"en-US","@id":"https:\/\/mesalestore.com\/en\/#\/schema\/logo\/image\/","url":"https:\/\/mesalestore.com\/wp-content\/uploads\/2026\/03\/logo-header-yeni-1.webp","contentUrl":"https:\/\/mesalestore.com\/wp-content\/uploads\/2026\/03\/logo-header-yeni-1.webp","width":419,"height":147,"caption":"Me\u015fale Store"},"image":{"@id":"https:\/\/mesalestore.com\/en\/#\/schema\/logo\/image\/"},"sameAs":["https:\/\/www.facebook.com\/mesalecay","https:\/\/x.com\/mesalecaykazan","https:\/\/www.instagram.com\/mesalecaykazan\/"]}]}},"_links":{"self":[{"href":"https:\/\/mesalestore.com\/en\/wp-json\/wp\/v2\/product\/2529","targetHints":{"allow":["GET"]}}],"collection":[{"href":"https:\/\/mesalestore.com\/en\/wp-json\/wp\/v2\/product"}],"about":[{"href":"https:\/\/mesalestore.com\/en\/wp-json\/wp\/v2\/types\/product"}],"replies":[{"embeddable":true,"href":"https:\/\/mesalestore.com\/en\/wp-json\/wp\/v2\/comments?post=2529"}],"wp:featuredmedia":[{"embeddable":true,"href":"https:\/\/mesalestore.com\/en\/wp-json\/wp\/v2\/media\/888"}],"wp:attachment":[{"href":"https:\/\/mesalestore.com\/en\/wp-json\/wp\/v2\/media?parent=2529"}],"wp:term":[{"taxonomy":"product_brand","embeddable":true,"href":"https:\/\/mesalestore.com\/en\/wp-json\/wp\/v2\/product_brand?post=2529"},{"taxonomy":"product_cat","embeddable":true,"href":"https:\/\/mesalestore.com\/en\/wp-json\/wp\/v2\/product_cat?post=2529"},{"taxonomy":"product_tag","embeddable":true,"href":"https:\/\/mesalestore.com\/en\/wp-json\/wp\/v2\/product_tag?post=2529"}],"curies":[{"name":"wp","href":"https:\/\/api.w.org\/{rel}","templated":true}]}}