{"id":2528,"date":"2026-02-09T12:19:24","date_gmt":"2026-02-09T09:19:24","guid":{"rendered":"http:\/\/mesalestore.com\/product\/uret-40-cmlik-31-litre-pleytsiz-kahveci-kazani\/"},"modified":"2026-04-11T11:17:44","modified_gmt":"2026-04-11T08:17:44","slug":"uret-40-cmlik-31-litre-pleytsiz-kahveci-kazani","status":"publish","type":"product","link":"https:\/\/mesalestore.com\/en\/product\/uret-40-cmlik-31-litre-pleytsiz-kahveci-kazani\/","title":{"rendered":"\u00dcret 40 Cm&#8217;lik &#8211; 31 Litre Pleytsiz Kahveci Kazan\u0131"},"content":{"rendered":"<p>\u00dcret 40 Cm&#8217;lik &#8211; 31 Litre Pleytsiz Kahveci Kazan\u0131, 40 cm geni\u015fli\u011fi ve 31 litre kapasitesi ile b\u00fcy\u00fck hacimli kahve \u00fcretimi i\u00e7in idealdir. End\u00fcstriyel kahve kazan\u0131 olarak \u00f6zellikle kafeler, restoranlar ve yo\u011fun hizmet veren i\u015fletmeler i\u00e7in m\u00fckemmel bir se\u00e7imdir. Paslanmaz \u00e7elik yap\u0131s\u0131, dayan\u0131kl\u0131l\u0131k ve hijyenik kullan\u0131m sunar, ayr\u0131ca pleytsiz tasar\u0131m\u0131 sayesinde temizli\u011fi olduk\u00e7a kolayd\u0131r. Elektrikli kahveci kazan\u0131 \u00f6zelli\u011fiyle enerji verimli \u00e7al\u0131\u015fan bu model, otomatik kahve kazan\u0131 fonksiyonu ile de kullan\u0131c\u0131 dostudur. B\u00fcy\u00fck kahve kazan\u0131 ihtiyac\u0131 olan i\u015fletmeler i\u00e7in ideal bir \u00e7\u00f6z\u00fcmd\u00fcr.<\/p>","protected":false},"excerpt":{"rendered":"<p>\u00dcret 40 Cm&#8217;lik &#8211; 31 Litre Pleytsiz Kahveci Kazan\u0131, 40 cm geni\u015fli\u011fi ve 31 litre kapasitesi ile b\u00fcy\u00fck hacimli kahve \u00fcretimi i\u00e7in idealdir. End\u00fcstriyel kahve kazan\u0131 olarak \u00f6zellikle kafeler, restoranlar ve yo\u011fun hizmet veren i\u015fletmeler i\u00e7in m\u00fckemmel bir se\u00e7imdir. Paslanmaz \u00e7elik yap\u0131s\u0131, dayan\u0131kl\u0131l\u0131k ve hijyenik kullan\u0131m sunar, ayr\u0131ca pleytsiz tasar\u0131m\u0131 sayesinde temizli\u011fi olduk\u00e7a kolayd\u0131r. Elektrikli [&hellip;]<\/p>\n","protected":false},"featured_media":884,"comment_status":"closed","ping_status":"closed","template":"","meta":[],"product_brand":[7752],"product_cat":[7771],"product_tag":[433,1722,1723,1725,1738,1739,1740,1726,1731,1732,1733,1727,1728,1729,1730,1734,1735,1736,1737,1753,1754,1755,1741,1746,1747,1748,1742,1743,1744,1745,1749,1750,1751,1752],"class_list":{"0":"post-2528","1":"product","2":"type-product","3":"status-publish","4":"has-post-thumbnail","6":"product_brand-uret","7":"product_cat-cay-kazanlari","8":"product_tag-uret","9":"product_tag-uret-40","10":"product_tag-uret-40-cmlik","11":"product_tag-uret-40-cmlik-31","12":"product_tag-uret-40-cmlik-31-kahveci","13":"product_tag-uret-40-cmlik-31-kahveci-kazani","14":"product_tag-uret-40-cmlik-31-kazani","15":"product_tag-uret-40-cmlik-31-litre","16":"product_tag-uret-40-cmlik-31-litre-kahveci","17":"product_tag-uret-40-cmlik-31-litre-kahveci-kazani","18":"product_tag-uret-40-cmlik-31-litre-kazani","19":"product_tag-uret-40-cmlik-31-litre-pleytsiz","20":"product_tag-uret-40-cmlik-31-litre-pleytsiz-kahveci","21":"product_tag-uret-40-cmlik-31-litre-pleytsiz-kahveci-kazani","22":"product_tag-uret-40-cmlik-31-litre-pleytsiz-kazani","23":"product_tag-uret-40-cmlik-31-pleytsiz","24":"product_tag-uret-40-cmlik-31-pleytsiz-kahveci","25":"product_tag-uret-40-cmlik-31-pleytsiz-kahveci-kazani","26":"product_tag-uret-40-cmlik-31-pleytsiz-kazani","27":"product_tag-uret-40-cmlik-kahveci","28":"product_tag-uret-40-cmlik-kahveci-kazani","29":"product_tag-uret-40-cmlik-kazani","30":"product_tag-uret-40-cmlik-litre","31":"product_tag-uret-40-cmlik-litre-kahveci","32":"product_tag-uret-40-cmlik-litre-kahveci-kazani","33":"product_tag-uret-40-cmlik-litre-kazani","34":"product_tag-uret-40-cmlik-litre-pleytsiz","35":"product_tag-uret-40-cmlik-litre-pleytsiz-kahveci","36":"product_tag-uret-40-cmlik-litre-pleytsiz-kahveci-kazani","37":"product_tag-uret-40-cmlik-litre-pleytsiz-kazani","38":"product_tag-uret-40-cmlik-pleytsiz","39":"product_tag-uret-40-cmlik-pleytsiz-kahveci","40":"product_tag-uret-40-cmlik-pleytsiz-kahveci-kazani","41":"product_tag-uret-40-cmlik-pleytsiz-kazani","43":"first","44":"instock","45":"sale","46":"taxable","47":"shipping-taxable","48":"purchasable","49":"product-type-simple"},"yoast_head":"<!-- This site is optimized with the Yoast SEO plugin v27.1.1 - https:\/\/yoast.com\/product\/yoast-seo-wordpress\/ -->\n<title>\u00dcret 40 Cm&#039;lik - 31 Litre Pleytsiz Kahveci Kazan\u0131 | Me\u015fale Store<\/title>\n<meta name=\"description\" content=\"\u00dcret 40 Cm&#039;lik - 31 Litre Pleytsiz Kahveci Kazan\u0131, 40 cm geni\u015fli\u011fi ve 31 litre kapasitesi ile b\u00fcy\u00fck hacimli kahve \u00fcretimi i\u00e7in idealdir. End\u00fcstriyel kahve\" \/>\n<meta name=\"robots\" content=\"index, follow, max-snippet:-1, max-image-preview:large, max-video-preview:-1\" \/>\n<link rel=\"canonical\" href=\"https:\/\/mesalestore.com\/en\/product\/uret-40-cmlik-31-litre-pleytsiz-kahveci-kazani\/\" \/>\n<meta property=\"og:locale\" content=\"en_US\" \/>\n<meta property=\"og:type\" content=\"article\" \/>\n<meta property=\"og:title\" content=\"\u00dcret 40 Cm&#039;lik - 31 Litre Pleytsiz Kahveci Kazan\u0131 | Me\u015fale Store\" \/>\n<meta property=\"og:description\" content=\"\u00dcret 40 Cm&#039;lik - 31 Litre Pleytsiz Kahveci Kazan\u0131, 40 cm geni\u015fli\u011fi ve 31 litre kapasitesi ile b\u00fcy\u00fck hacimli kahve \u00fcretimi i\u00e7in idealdir. End\u00fcstriyel kahve\" \/>\n<meta property=\"og:url\" content=\"https:\/\/mesalestore.com\/en\/product\/uret-40-cmlik-31-litre-pleytsiz-kahveci-kazani\/\" \/>\n<meta property=\"og:site_name\" content=\"Me\u015fale Store\" \/>\n<meta property=\"article:publisher\" content=\"https:\/\/www.facebook.com\/mesalecay\" \/>\n<meta property=\"article:modified_time\" content=\"2026-04-11T08:17:44+00:00\" \/>\n<meta property=\"og:image\" content=\"https:\/\/mesalestore.com\/wp-content\/uploads\/2026\/01\/1_org_zoom-233.jpg\" \/>\n\t<meta property=\"og:image:width\" content=\"1200\" \/>\n\t<meta property=\"og:image:height\" content=\"1800\" \/>\n\t<meta property=\"og:image:type\" content=\"image\/jpeg\" \/>\n<meta name=\"twitter:card\" content=\"summary_large_image\" \/>\n<meta name=\"twitter:site\" content=\"@mesalecaykazan\" \/>\n<meta name=\"twitter:label1\" content=\"Est. reading time\" \/>\n\t<meta name=\"twitter:data1\" content=\"1 minute\" \/>\n<script type=\"application\/ld+json\" class=\"yoast-schema-graph\">{\"@context\":\"https:\/\/schema.org\",\"@graph\":[{\"@type\":\"WebPage\",\"@id\":\"https:\/\/mesalestore.com\/en\/product\/uret-40-cmlik-31-litre-pleytsiz-kahveci-kazani\/\",\"url\":\"https:\/\/mesalestore.com\/en\/product\/uret-40-cmlik-31-litre-pleytsiz-kahveci-kazani\/\",\"name\":\"\u00dcret 40 Cm'lik - 31 Litre Pleytsiz Kahveci Kazan\u0131 | Me\u015fale Store\",\"isPartOf\":{\"@id\":\"https:\/\/mesalestore.com\/en\/#website\"},\"primaryImageOfPage\":{\"@id\":\"https:\/\/mesalestore.com\/en\/product\/uret-40-cmlik-31-litre-pleytsiz-kahveci-kazani\/#primaryimage\"},\"image\":{\"@id\":\"https:\/\/mesalestore.com\/en\/product\/uret-40-cmlik-31-litre-pleytsiz-kahveci-kazani\/#primaryimage\"},\"thumbnailUrl\":\"https:\/\/mesalestore.com\/wp-content\/uploads\/2026\/01\/1_org_zoom-233.jpg\",\"datePublished\":\"2026-02-09T09:19:24+00:00\",\"dateModified\":\"2026-04-11T08:17:44+00:00\",\"description\":\"\u00dcret 40 Cm'lik - 31 Litre Pleytsiz Kahveci Kazan\u0131, 40 cm geni\u015fli\u011fi ve 31 litre kapasitesi ile b\u00fcy\u00fck hacimli kahve \u00fcretimi i\u00e7in idealdir. End\u00fcstriyel kahve\",\"breadcrumb\":{\"@id\":\"https:\/\/mesalestore.com\/en\/product\/uret-40-cmlik-31-litre-pleytsiz-kahveci-kazani\/#breadcrumb\"},\"inLanguage\":\"en-US\",\"potentialAction\":[{\"@type\":\"ReadAction\",\"target\":[\"https:\/\/mesalestore.com\/en\/product\/uret-40-cmlik-31-litre-pleytsiz-kahveci-kazani\/\"]}]},{\"@type\":\"ImageObject\",\"inLanguage\":\"en-US\",\"@id\":\"https:\/\/mesalestore.com\/en\/product\/uret-40-cmlik-31-litre-pleytsiz-kahveci-kazani\/#primaryimage\",\"url\":\"https:\/\/mesalestore.com\/wp-content\/uploads\/2026\/01\/1_org_zoom-233.jpg\",\"contentUrl\":\"https:\/\/mesalestore.com\/wp-content\/uploads\/2026\/01\/1_org_zoom-233.jpg\",\"width\":1200,\"height\":1800},{\"@type\":\"BreadcrumbList\",\"@id\":\"https:\/\/mesalestore.com\/en\/product\/uret-40-cmlik-31-litre-pleytsiz-kahveci-kazani\/#breadcrumb\",\"itemListElement\":[{\"@type\":\"ListItem\",\"position\":1,\"name\":\"Anasayfa\",\"item\":\"https:\/\/mesalestore.com\/en\/\"},{\"@type\":\"ListItem\",\"position\":2,\"name\":\"Products\",\"item\":\"https:\/\/mesalestore.com\/en\/shop\/\"},{\"@type\":\"ListItem\",\"position\":3,\"name\":\"\u00dcret 40 Cm&#8217;lik &#8211; 31 Litre Pleytsiz Kahveci Kazan\u0131\"}]},{\"@type\":\"WebSite\",\"@id\":\"https:\/\/mesalestore.com\/en\/#website\",\"url\":\"https:\/\/mesalestore.com\/en\/\",\"name\":\"Me\u015fale Store\",\"description\":\"\",\"publisher\":{\"@id\":\"https:\/\/mesalestore.com\/en\/#organization\"},\"potentialAction\":[{\"@type\":\"SearchAction\",\"target\":{\"@type\":\"EntryPoint\",\"urlTemplate\":\"https:\/\/mesalestore.com\/en\/?s={search_term_string}\"},\"query-input\":{\"@type\":\"PropertyValueSpecification\",\"valueRequired\":true,\"valueName\":\"search_term_string\"}}],\"inLanguage\":\"en-US\"},{\"@type\":\"Organization\",\"@id\":\"https:\/\/mesalestore.com\/en\/#organization\",\"name\":\"Me\u015fale Store\",\"url\":\"https:\/\/mesalestore.com\/en\/\",\"logo\":{\"@type\":\"ImageObject\",\"inLanguage\":\"en-US\",\"@id\":\"https:\/\/mesalestore.com\/en\/#\/schema\/logo\/image\/\",\"url\":\"https:\/\/mesalestore.com\/wp-content\/uploads\/2026\/03\/logo-header-yeni-1.webp\",\"contentUrl\":\"https:\/\/mesalestore.com\/wp-content\/uploads\/2026\/03\/logo-header-yeni-1.webp\",\"width\":419,\"height\":147,\"caption\":\"Me\u015fale Store\"},\"image\":{\"@id\":\"https:\/\/mesalestore.com\/en\/#\/schema\/logo\/image\/\"},\"sameAs\":[\"https:\/\/www.facebook.com\/mesalecay\",\"https:\/\/x.com\/mesalecaykazan\",\"https:\/\/www.instagram.com\/mesalecaykazan\/\"]}]}<\/script>\n<!-- \/ Yoast SEO plugin. -->","yoast_head_json":{"title":"\u00dcret 40 Cm'lik - 31 Litre Pleytsiz Kahveci Kazan\u0131 | Me\u015fale Store","description":"\u00dcret 40 Cm'lik - 31 Litre Pleytsiz Kahveci Kazan\u0131, 40 cm geni\u015fli\u011fi ve 31 litre kapasitesi ile b\u00fcy\u00fck hacimli kahve \u00fcretimi i\u00e7in idealdir. End\u00fcstriyel kahve","robots":{"index":"index","follow":"follow","max-snippet":"max-snippet:-1","max-image-preview":"max-image-preview:large","max-video-preview":"max-video-preview:-1"},"canonical":"https:\/\/mesalestore.com\/en\/product\/uret-40-cmlik-31-litre-pleytsiz-kahveci-kazani\/","og_locale":"en_US","og_type":"article","og_title":"\u00dcret 40 Cm'lik - 31 Litre Pleytsiz Kahveci Kazan\u0131 | Me\u015fale Store","og_description":"\u00dcret 40 Cm'lik - 31 Litre Pleytsiz Kahveci Kazan\u0131, 40 cm geni\u015fli\u011fi ve 31 litre kapasitesi ile b\u00fcy\u00fck hacimli kahve \u00fcretimi i\u00e7in idealdir. End\u00fcstriyel kahve","og_url":"https:\/\/mesalestore.com\/en\/product\/uret-40-cmlik-31-litre-pleytsiz-kahveci-kazani\/","og_site_name":"Me\u015fale Store","article_publisher":"https:\/\/www.facebook.com\/mesalecay","article_modified_time":"2026-04-11T08:17:44+00:00","og_image":[{"width":1200,"height":1800,"url":"https:\/\/mesalestore.com\/wp-content\/uploads\/2026\/01\/1_org_zoom-233.jpg","type":"image\/jpeg"}],"twitter_card":"summary_large_image","twitter_site":"@mesalecaykazan","twitter_misc":{"Est. reading time":"1 minute"},"schema":{"@context":"https:\/\/schema.org","@graph":[{"@type":"WebPage","@id":"https:\/\/mesalestore.com\/en\/product\/uret-40-cmlik-31-litre-pleytsiz-kahveci-kazani\/","url":"https:\/\/mesalestore.com\/en\/product\/uret-40-cmlik-31-litre-pleytsiz-kahveci-kazani\/","name":"\u00dcret 40 Cm'lik - 31 Litre Pleytsiz Kahveci Kazan\u0131 | Me\u015fale Store","isPartOf":{"@id":"https:\/\/mesalestore.com\/en\/#website"},"primaryImageOfPage":{"@id":"https:\/\/mesalestore.com\/en\/product\/uret-40-cmlik-31-litre-pleytsiz-kahveci-kazani\/#primaryimage"},"image":{"@id":"https:\/\/mesalestore.com\/en\/product\/uret-40-cmlik-31-litre-pleytsiz-kahveci-kazani\/#primaryimage"},"thumbnailUrl":"https:\/\/mesalestore.com\/wp-content\/uploads\/2026\/01\/1_org_zoom-233.jpg","datePublished":"2026-02-09T09:19:24+00:00","dateModified":"2026-04-11T08:17:44+00:00","description":"\u00dcret 40 Cm'lik - 31 Litre Pleytsiz Kahveci Kazan\u0131, 40 cm geni\u015fli\u011fi ve 31 litre kapasitesi ile b\u00fcy\u00fck hacimli kahve \u00fcretimi i\u00e7in idealdir. End\u00fcstriyel kahve","breadcrumb":{"@id":"https:\/\/mesalestore.com\/en\/product\/uret-40-cmlik-31-litre-pleytsiz-kahveci-kazani\/#breadcrumb"},"inLanguage":"en-US","potentialAction":[{"@type":"ReadAction","target":["https:\/\/mesalestore.com\/en\/product\/uret-40-cmlik-31-litre-pleytsiz-kahveci-kazani\/"]}]},{"@type":"ImageObject","inLanguage":"en-US","@id":"https:\/\/mesalestore.com\/en\/product\/uret-40-cmlik-31-litre-pleytsiz-kahveci-kazani\/#primaryimage","url":"https:\/\/mesalestore.com\/wp-content\/uploads\/2026\/01\/1_org_zoom-233.jpg","contentUrl":"https:\/\/mesalestore.com\/wp-content\/uploads\/2026\/01\/1_org_zoom-233.jpg","width":1200,"height":1800},{"@type":"BreadcrumbList","@id":"https:\/\/mesalestore.com\/en\/product\/uret-40-cmlik-31-litre-pleytsiz-kahveci-kazani\/#breadcrumb","itemListElement":[{"@type":"ListItem","position":1,"name":"Anasayfa","item":"https:\/\/mesalestore.com\/en\/"},{"@type":"ListItem","position":2,"name":"Products","item":"https:\/\/mesalestore.com\/en\/shop\/"},{"@type":"ListItem","position":3,"name":"\u00dcret 40 Cm&#8217;lik &#8211; 31 Litre Pleytsiz Kahveci Kazan\u0131"}]},{"@type":"WebSite","@id":"https:\/\/mesalestore.com\/en\/#website","url":"https:\/\/mesalestore.com\/en\/","name":"Me\u015fale Store","description":"","publisher":{"@id":"https:\/\/mesalestore.com\/en\/#organization"},"potentialAction":[{"@type":"SearchAction","target":{"@type":"EntryPoint","urlTemplate":"https:\/\/mesalestore.com\/en\/?s={search_term_string}"},"query-input":{"@type":"PropertyValueSpecification","valueRequired":true,"valueName":"search_term_string"}}],"inLanguage":"en-US"},{"@type":"Organization","@id":"https:\/\/mesalestore.com\/en\/#organization","name":"Me\u015fale Store","url":"https:\/\/mesalestore.com\/en\/","logo":{"@type":"ImageObject","inLanguage":"en-US","@id":"https:\/\/mesalestore.com\/en\/#\/schema\/logo\/image\/","url":"https:\/\/mesalestore.com\/wp-content\/uploads\/2026\/03\/logo-header-yeni-1.webp","contentUrl":"https:\/\/mesalestore.com\/wp-content\/uploads\/2026\/03\/logo-header-yeni-1.webp","width":419,"height":147,"caption":"Me\u015fale Store"},"image":{"@id":"https:\/\/mesalestore.com\/en\/#\/schema\/logo\/image\/"},"sameAs":["https:\/\/www.facebook.com\/mesalecay","https:\/\/x.com\/mesalecaykazan","https:\/\/www.instagram.com\/mesalecaykazan\/"]}]}},"_links":{"self":[{"href":"https:\/\/mesalestore.com\/en\/wp-json\/wp\/v2\/product\/2528","targetHints":{"allow":["GET"]}}],"collection":[{"href":"https:\/\/mesalestore.com\/en\/wp-json\/wp\/v2\/product"}],"about":[{"href":"https:\/\/mesalestore.com\/en\/wp-json\/wp\/v2\/types\/product"}],"replies":[{"embeddable":true,"href":"https:\/\/mesalestore.com\/en\/wp-json\/wp\/v2\/comments?post=2528"}],"wp:featuredmedia":[{"embeddable":true,"href":"https:\/\/mesalestore.com\/en\/wp-json\/wp\/v2\/media\/884"}],"wp:attachment":[{"href":"https:\/\/mesalestore.com\/en\/wp-json\/wp\/v2\/media?parent=2528"}],"wp:term":[{"taxonomy":"product_brand","embeddable":true,"href":"https:\/\/mesalestore.com\/en\/wp-json\/wp\/v2\/product_brand?post=2528"},{"taxonomy":"product_cat","embeddable":true,"href":"https:\/\/mesalestore.com\/en\/wp-json\/wp\/v2\/product_cat?post=2528"},{"taxonomy":"product_tag","embeddable":true,"href":"https:\/\/mesalestore.com\/en\/wp-json\/wp\/v2\/product_tag?post=2528"}],"curies":[{"name":"wp","href":"https:\/\/api.w.org\/{rel}","templated":true}]}}