{"id":2491,"date":"2026-02-09T12:19:14","date_gmt":"2026-02-09T09:19:14","guid":{"rendered":"http:\/\/mesalestore.com\/product\/kirecmatik-kazan-temizleme-ilaci\/"},"modified":"2026-04-02T10:33:12","modified_gmt":"2026-04-02T07:33:12","slug":"kirecmatik-kazan-temizleme-ilaci","status":"publish","type":"product","link":"https:\/\/mesalestore.com\/en\/product\/kirecmatik-kazan-temizleme-ilaci\/","title":{"rendered":"Kire\u00e7matik &#8211; Kazan Temizleme \u0130lac\u0131"},"content":{"rendered":"","protected":false},"excerpt":{"rendered":"","protected":false},"featured_media":713,"template":"","meta":[],"product_brand":[7750],"product_cat":[7805],"product_tag":[],"class_list":{"0":"post-2491","1":"product","2":"type-product","3":"status-publish","4":"has-post-thumbnail","6":"product_brand-demsu","7":"product_cat-temizlik-ve-bakim-urunleri","9":"first","10":"outofstock","11":"sale","12":"taxable","13":"shipping-taxable","14":"purchasable","15":"product-type-simple"},"yoast_head":"<!-- This site is optimized with the Yoast SEO plugin v27.1.1 - https:\/\/yoast.com\/product\/yoast-seo-wordpress\/ -->\n<title>Kire\u00e7matik - Kazan Temizleme \u0130lac\u0131 | Me\u015fale Store<\/title>\n<meta name=\"robots\" content=\"index, follow, max-snippet:-1, max-image-preview:large, max-video-preview:-1\" \/>\n<link rel=\"canonical\" href=\"https:\/\/mesalestore.com\/en\/product\/kirecmatik-kazan-temizleme-ilaci\/\" \/>\n<meta property=\"og:locale\" content=\"en_US\" \/>\n<meta property=\"og:type\" content=\"article\" \/>\n<meta property=\"og:title\" content=\"Kire\u00e7matik - Kazan Temizleme \u0130lac\u0131 | Me\u015fale Store\" \/>\n<meta property=\"og:url\" content=\"https:\/\/mesalestore.com\/en\/product\/kirecmatik-kazan-temizleme-ilaci\/\" \/>\n<meta property=\"og:site_name\" content=\"Me\u015fale Store\" \/>\n<meta property=\"article:publisher\" content=\"https:\/\/www.facebook.com\/mesalecay\" \/>\n<meta property=\"article:modified_time\" content=\"2026-04-02T07:33:12+00:00\" \/>\n<meta property=\"og:image\" content=\"https:\/\/mesalestore.com\/wp-content\/uploads\/2026\/01\/1_org_zoom-136.jpg\" \/>\n\t<meta property=\"og:image:width\" content=\"1200\" \/>\n\t<meta property=\"og:image:height\" content=\"1800\" \/>\n\t<meta property=\"og:image:type\" content=\"image\/jpeg\" \/>\n<meta name=\"twitter:card\" content=\"summary_large_image\" \/>\n<meta name=\"twitter:site\" content=\"@mesalecaykazan\" \/>\n<meta name=\"twitter:label1\" content=\"Est. reading time\" \/>\n\t<meta name=\"twitter:data1\" content=\"1 minute\" \/>\n<script type=\"application\/ld+json\" class=\"yoast-schema-graph\">{\"@context\":\"https:\/\/schema.org\",\"@graph\":[{\"@type\":\"WebPage\",\"@id\":\"https:\/\/mesalestore.com\/en\/product\/kirecmatik-kazan-temizleme-ilaci\/\",\"url\":\"https:\/\/mesalestore.com\/en\/product\/kirecmatik-kazan-temizleme-ilaci\/\",\"name\":\"Kire\u00e7matik - Kazan Temizleme \u0130lac\u0131 | Me\u015fale Store\",\"isPartOf\":{\"@id\":\"https:\/\/mesalestore.com\/en\/#website\"},\"primaryImageOfPage\":{\"@id\":\"https:\/\/mesalestore.com\/en\/product\/kirecmatik-kazan-temizleme-ilaci\/#primaryimage\"},\"image\":{\"@id\":\"https:\/\/mesalestore.com\/en\/product\/kirecmatik-kazan-temizleme-ilaci\/#primaryimage\"},\"thumbnailUrl\":\"https:\/\/mesalestore.com\/wp-content\/uploads\/2026\/01\/1_org_zoom-136.jpg\",\"datePublished\":\"2026-02-09T09:19:14+00:00\",\"dateModified\":\"2026-04-02T07:33:12+00:00\",\"breadcrumb\":{\"@id\":\"https:\/\/mesalestore.com\/en\/product\/kirecmatik-kazan-temizleme-ilaci\/#breadcrumb\"},\"inLanguage\":\"en-US\",\"potentialAction\":[{\"@type\":\"ReadAction\",\"target\":[\"https:\/\/mesalestore.com\/en\/product\/kirecmatik-kazan-temizleme-ilaci\/\"]}]},{\"@type\":\"ImageObject\",\"inLanguage\":\"en-US\",\"@id\":\"https:\/\/mesalestore.com\/en\/product\/kirecmatik-kazan-temizleme-ilaci\/#primaryimage\",\"url\":\"https:\/\/mesalestore.com\/wp-content\/uploads\/2026\/01\/1_org_zoom-136.jpg\",\"contentUrl\":\"https:\/\/mesalestore.com\/wp-content\/uploads\/2026\/01\/1_org_zoom-136.jpg\",\"width\":1200,\"height\":1800},{\"@type\":\"BreadcrumbList\",\"@id\":\"https:\/\/mesalestore.com\/en\/product\/kirecmatik-kazan-temizleme-ilaci\/#breadcrumb\",\"itemListElement\":[{\"@type\":\"ListItem\",\"position\":1,\"name\":\"Anasayfa\",\"item\":\"https:\/\/mesalestore.com\/en\/\"},{\"@type\":\"ListItem\",\"position\":2,\"name\":\"Products\",\"item\":\"https:\/\/mesalestore.com\/en\/shop\/\"},{\"@type\":\"ListItem\",\"position\":3,\"name\":\"Kire\u00e7matik &#8211; Kazan Temizleme \u0130lac\u0131\"}]},{\"@type\":\"WebSite\",\"@id\":\"https:\/\/mesalestore.com\/en\/#website\",\"url\":\"https:\/\/mesalestore.com\/en\/\",\"name\":\"Me\u015fale Store\",\"description\":\"\",\"publisher\":{\"@id\":\"https:\/\/mesalestore.com\/en\/#organization\"},\"potentialAction\":[{\"@type\":\"SearchAction\",\"target\":{\"@type\":\"EntryPoint\",\"urlTemplate\":\"https:\/\/mesalestore.com\/en\/?s={search_term_string}\"},\"query-input\":{\"@type\":\"PropertyValueSpecification\",\"valueRequired\":true,\"valueName\":\"search_term_string\"}}],\"inLanguage\":\"en-US\"},{\"@type\":\"Organization\",\"@id\":\"https:\/\/mesalestore.com\/en\/#organization\",\"name\":\"Me\u015fale Store\",\"url\":\"https:\/\/mesalestore.com\/en\/\",\"logo\":{\"@type\":\"ImageObject\",\"inLanguage\":\"en-US\",\"@id\":\"https:\/\/mesalestore.com\/en\/#\/schema\/logo\/image\/\",\"url\":\"https:\/\/mesalestore.com\/wp-content\/uploads\/2026\/03\/logo-header-yeni-1.webp\",\"contentUrl\":\"https:\/\/mesalestore.com\/wp-content\/uploads\/2026\/03\/logo-header-yeni-1.webp\",\"width\":419,\"height\":147,\"caption\":\"Me\u015fale Store\"},\"image\":{\"@id\":\"https:\/\/mesalestore.com\/en\/#\/schema\/logo\/image\/\"},\"sameAs\":[\"https:\/\/www.facebook.com\/mesalecay\",\"https:\/\/x.com\/mesalecaykazan\",\"https:\/\/www.instagram.com\/mesalecaykazan\/\"]}]}<\/script>\n<!-- \/ Yoast SEO plugin. -->","yoast_head_json":{"title":"Kire\u00e7matik - Kazan Temizleme \u0130lac\u0131 | Me\u015fale Store","robots":{"index":"index","follow":"follow","max-snippet":"max-snippet:-1","max-image-preview":"max-image-preview:large","max-video-preview":"max-video-preview:-1"},"canonical":"https:\/\/mesalestore.com\/en\/product\/kirecmatik-kazan-temizleme-ilaci\/","og_locale":"en_US","og_type":"article","og_title":"Kire\u00e7matik - Kazan Temizleme \u0130lac\u0131 | Me\u015fale Store","og_url":"https:\/\/mesalestore.com\/en\/product\/kirecmatik-kazan-temizleme-ilaci\/","og_site_name":"Me\u015fale Store","article_publisher":"https:\/\/www.facebook.com\/mesalecay","article_modified_time":"2026-04-02T07:33:12+00:00","og_image":[{"width":1200,"height":1800,"url":"https:\/\/mesalestore.com\/wp-content\/uploads\/2026\/01\/1_org_zoom-136.jpg","type":"image\/jpeg"}],"twitter_card":"summary_large_image","twitter_site":"@mesalecaykazan","twitter_misc":{"Est. reading time":"1 minute"},"schema":{"@context":"https:\/\/schema.org","@graph":[{"@type":"WebPage","@id":"https:\/\/mesalestore.com\/en\/product\/kirecmatik-kazan-temizleme-ilaci\/","url":"https:\/\/mesalestore.com\/en\/product\/kirecmatik-kazan-temizleme-ilaci\/","name":"Kire\u00e7matik - Kazan Temizleme \u0130lac\u0131 | Me\u015fale Store","isPartOf":{"@id":"https:\/\/mesalestore.com\/en\/#website"},"primaryImageOfPage":{"@id":"https:\/\/mesalestore.com\/en\/product\/kirecmatik-kazan-temizleme-ilaci\/#primaryimage"},"image":{"@id":"https:\/\/mesalestore.com\/en\/product\/kirecmatik-kazan-temizleme-ilaci\/#primaryimage"},"thumbnailUrl":"https:\/\/mesalestore.com\/wp-content\/uploads\/2026\/01\/1_org_zoom-136.jpg","datePublished":"2026-02-09T09:19:14+00:00","dateModified":"2026-04-02T07:33:12+00:00","breadcrumb":{"@id":"https:\/\/mesalestore.com\/en\/product\/kirecmatik-kazan-temizleme-ilaci\/#breadcrumb"},"inLanguage":"en-US","potentialAction":[{"@type":"ReadAction","target":["https:\/\/mesalestore.com\/en\/product\/kirecmatik-kazan-temizleme-ilaci\/"]}]},{"@type":"ImageObject","inLanguage":"en-US","@id":"https:\/\/mesalestore.com\/en\/product\/kirecmatik-kazan-temizleme-ilaci\/#primaryimage","url":"https:\/\/mesalestore.com\/wp-content\/uploads\/2026\/01\/1_org_zoom-136.jpg","contentUrl":"https:\/\/mesalestore.com\/wp-content\/uploads\/2026\/01\/1_org_zoom-136.jpg","width":1200,"height":1800},{"@type":"BreadcrumbList","@id":"https:\/\/mesalestore.com\/en\/product\/kirecmatik-kazan-temizleme-ilaci\/#breadcrumb","itemListElement":[{"@type":"ListItem","position":1,"name":"Anasayfa","item":"https:\/\/mesalestore.com\/en\/"},{"@type":"ListItem","position":2,"name":"Products","item":"https:\/\/mesalestore.com\/en\/shop\/"},{"@type":"ListItem","position":3,"name":"Kire\u00e7matik &#8211; Kazan Temizleme \u0130lac\u0131"}]},{"@type":"WebSite","@id":"https:\/\/mesalestore.com\/en\/#website","url":"https:\/\/mesalestore.com\/en\/","name":"Me\u015fale Store","description":"","publisher":{"@id":"https:\/\/mesalestore.com\/en\/#organization"},"potentialAction":[{"@type":"SearchAction","target":{"@type":"EntryPoint","urlTemplate":"https:\/\/mesalestore.com\/en\/?s={search_term_string}"},"query-input":{"@type":"PropertyValueSpecification","valueRequired":true,"valueName":"search_term_string"}}],"inLanguage":"en-US"},{"@type":"Organization","@id":"https:\/\/mesalestore.com\/en\/#organization","name":"Me\u015fale Store","url":"https:\/\/mesalestore.com\/en\/","logo":{"@type":"ImageObject","inLanguage":"en-US","@id":"https:\/\/mesalestore.com\/en\/#\/schema\/logo\/image\/","url":"https:\/\/mesalestore.com\/wp-content\/uploads\/2026\/03\/logo-header-yeni-1.webp","contentUrl":"https:\/\/mesalestore.com\/wp-content\/uploads\/2026\/03\/logo-header-yeni-1.webp","width":419,"height":147,"caption":"Me\u015fale Store"},"image":{"@id":"https:\/\/mesalestore.com\/en\/#\/schema\/logo\/image\/"},"sameAs":["https:\/\/www.facebook.com\/mesalecay","https:\/\/x.com\/mesalecaykazan","https:\/\/www.instagram.com\/mesalecaykazan\/"]}]}},"_links":{"self":[{"href":"https:\/\/mesalestore.com\/en\/wp-json\/wp\/v2\/product\/2491","targetHints":{"allow":["GET"]}}],"collection":[{"href":"https:\/\/mesalestore.com\/en\/wp-json\/wp\/v2\/product"}],"about":[{"href":"https:\/\/mesalestore.com\/en\/wp-json\/wp\/v2\/types\/product"}],"wp:featuredmedia":[{"embeddable":true,"href":"https:\/\/mesalestore.com\/en\/wp-json\/wp\/v2\/media\/713"}],"wp:attachment":[{"href":"https:\/\/mesalestore.com\/en\/wp-json\/wp\/v2\/media?parent=2491"}],"wp:term":[{"taxonomy":"product_brand","embeddable":true,"href":"https:\/\/mesalestore.com\/en\/wp-json\/wp\/v2\/product_brand?post=2491"},{"taxonomy":"product_cat","embeddable":true,"href":"https:\/\/mesalestore.com\/en\/wp-json\/wp\/v2\/product_cat?post=2491"},{"taxonomy":"product_tag","embeddable":true,"href":"https:\/\/mesalestore.com\/en\/wp-json\/wp\/v2\/product_tag?post=2491"}],"curies":[{"name":"wp","href":"https:\/\/api.w.org\/{rel}","templated":true}]}}