{"id":2487,"date":"2026-02-09T12:19:13","date_gmt":"2026-02-09T09:19:13","guid":{"rendered":"http:\/\/mesalestore.com\/product\/caymatik-rezistansi-2000-w\/"},"modified":"2026-04-10T01:32:45","modified_gmt":"2026-04-09T22:32:45","slug":"caymatik-rezistansi-2000-w","status":"publish","type":"product","link":"https:\/\/mesalestore.com\/en\/product\/caymatik-rezistansi-2000-w\/","title":{"rendered":"\u00c7aymatik Rezistans\u0131 2000 W"},"content":{"rendered":"<p><strong>\u00c7aymatik Rezistans\u0131 2000W \u2013 Y\u00fcksek G\u00fc\u00e7l\u00fc ve Dayan\u0131kl\u0131 \u00c7ay Kazan\u0131 Rezistans\u0131<\/strong><\/p>\n<p><strong>\u00c7aymatik Rezistans\u0131 2000W<\/strong>, \u00e7ay kazanlar\u0131nda kullan\u0131lan g\u00fc\u00e7l\u00fc ve verimli bir rezistans se\u00e7ene\u011fidir. 2000W g\u00fcc\u00fcnde \u00e7al\u0131\u015fan bu rezistans, \u00e7ay kazanlar\u0131ndaki suyun h\u0131zl\u0131ca \u0131s\u0131nmas\u0131n\u0131 sa\u011flar, b\u00f6ylece y\u00fcksek verimlilik elde edilir. <strong>\u00c7ay kazan\u0131 rezistanslar\u0131<\/strong> aras\u0131nda en \u00e7ok tercih edilen modellerden biridir \u00e7\u00fcnk\u00fc dayan\u0131kl\u0131 yap\u0131s\u0131 sayesinde uzun s\u00fcreli kullan\u0131m imkan\u0131 sunar.<\/p>\n<p><strong>\u00c7aymatik Rezistans\u0131 2000W<\/strong>, \u00f6zellikle ticari i\u015fletmelerde yo\u011fun kullan\u0131m i\u00e7in ideal bir tercihtir. <strong>\u00c7ay kazan\u0131 \u0131s\u0131t\u0131c\u0131 rezistanslar\u0131<\/strong> aras\u0131nda enerji verimlili\u011fi sunarak i\u015fletme maliyetlerini d\u00fc\u015f\u00fcr\u00fcr. Ayr\u0131ca, suyun h\u0131zl\u0131 \u0131s\u0131nmas\u0131n\u0131 sa\u011flayarak <strong>\u00e7ay kazan\u0131 verimlili\u011fi<\/strong> art\u0131r\u0131r ve i\u015fletme s\u00fcrecinde zaman kazand\u0131r\u0131r. Bu <strong>rezistans yedek par\u00e7as\u0131<\/strong>, \u00e7ay kazan\u0131n\u0131z\u0131n performans\u0131n\u0131 y\u00fcksek tutar ve cihaz\u0131n\u0131z\u0131n \u00f6mr\u00fcn\u00fc uzat\u0131r.<\/p>\n<p><strong>\u00c7aymatik Rezistans\u0131 2000W<\/strong>, <strong>\u00e7ay kazan\u0131 yedek par\u00e7a<\/strong> ihtiyac\u0131n\u0131zda y\u00fcksek kalite ve g\u00fcvenilirlik sunarak uzun \u00f6m\u00fcrl\u00fc kullan\u0131m sa\u011flar.<\/p>","protected":false},"excerpt":{"rendered":"<p>\u00c7aymatik Rezistans\u0131 2000W \u2013 Y\u00fcksek G\u00fc\u00e7l\u00fc ve Dayan\u0131kl\u0131 \u00c7ay Kazan\u0131 Rezistans\u0131 \u00c7aymatik Rezistans\u0131 2000W, \u00e7ay kazanlar\u0131nda kullan\u0131lan g\u00fc\u00e7l\u00fc ve verimli bir rezistans se\u00e7ene\u011fidir. 2000W g\u00fcc\u00fcnde \u00e7al\u0131\u015fan bu rezistans, \u00e7ay kazanlar\u0131ndaki suyun h\u0131zl\u0131ca \u0131s\u0131nmas\u0131n\u0131 sa\u011flar, b\u00f6ylece y\u00fcksek verimlilik elde edilir. \u00c7ay kazan\u0131 rezistanslar\u0131 aras\u0131nda en \u00e7ok tercih edilen modellerden biridir \u00e7\u00fcnk\u00fc dayan\u0131kl\u0131 yap\u0131s\u0131 sayesinde uzun s\u00fcreli [&hellip;]<\/p>\n","protected":false},"featured_media":692,"comment_status":"closed","ping_status":"closed","template":"","meta":[],"product_brand":[7749],"product_cat":[7985],"product_tag":[544,545,72,537,538,533,534,535,536,539,540,541,542,543],"class_list":{"0":"post-2487","1":"product","2":"type-product","3":"status-publish","4":"has-post-thumbnail","6":"product_brand-mesale","7":"product_cat-rezistanslar","8":"product_tag-544","9":"product_tag-2000-w","10":"product_tag-caymatik","11":"product_tag-caymatik-2000","12":"product_tag-caymatik-2000-w","13":"product_tag-caymatik-rezistansi","14":"product_tag-caymatik-rezistansi-2000","15":"product_tag-caymatik-rezistansi-2000-w","16":"product_tag-caymatik-rezistansi-w","17":"product_tag-caymatik-w","18":"product_tag-rezistansi","19":"product_tag-rezistansi-2000","20":"product_tag-rezistansi-2000-w","21":"product_tag-rezistansi-w","23":"first","24":"instock","25":"taxable","26":"shipping-taxable","27":"purchasable","28":"product-type-simple"},"yoast_head":"<!-- This site is optimized with the Yoast SEO plugin v27.1.1 - https:\/\/yoast.com\/product\/yoast-seo-wordpress\/ -->\n<title>\u00c7aymatik Rezistans\u0131 2000 W | Me\u015fale Store<\/title>\n<meta name=\"description\" content=\"\u00c7aymatik Rezistans\u0131 2000W \u2013 Y\u00fcksek G\u00fc\u00e7l\u00fc ve Dayan\u0131kl\u0131 \u00c7ay Kazan\u0131 Rezistans\u0131 \u00c7aymatik Rezistans\u0131 2000W, \u00e7ay kazanlar\u0131nda kullan\u0131lan g\u00fc\u00e7l\u00fc ve verimli bir\" \/>\n<meta name=\"robots\" content=\"index, follow, max-snippet:-1, max-image-preview:large, max-video-preview:-1\" \/>\n<link rel=\"canonical\" href=\"https:\/\/mesalestore.com\/en\/product\/caymatik-rezistansi-2000-w\/\" \/>\n<meta property=\"og:locale\" content=\"en_US\" \/>\n<meta property=\"og:type\" content=\"article\" \/>\n<meta property=\"og:title\" content=\"\u00c7aymatik Rezistans\u0131 2000 W | Me\u015fale Store\" \/>\n<meta property=\"og:description\" content=\"\u00c7aymatik Rezistans\u0131 2000W \u2013 Y\u00fcksek G\u00fc\u00e7l\u00fc ve Dayan\u0131kl\u0131 \u00c7ay Kazan\u0131 Rezistans\u0131 \u00c7aymatik Rezistans\u0131 2000W, \u00e7ay kazanlar\u0131nda kullan\u0131lan g\u00fc\u00e7l\u00fc ve verimli bir\" \/>\n<meta property=\"og:url\" content=\"https:\/\/mesalestore.com\/en\/product\/caymatik-rezistansi-2000-w\/\" \/>\n<meta property=\"og:site_name\" content=\"Me\u015fale Store\" \/>\n<meta property=\"article:publisher\" content=\"https:\/\/www.facebook.com\/mesalecay\" \/>\n<meta property=\"article:modified_time\" content=\"2026-04-09T22:32:45+00:00\" \/>\n<meta property=\"og:image\" content=\"https:\/\/mesalestore.com\/wp-content\/uploads\/2026\/01\/1_org_zoom-132.jpg\" \/>\n\t<meta property=\"og:image:width\" content=\"1200\" \/>\n\t<meta property=\"og:image:height\" content=\"1800\" \/>\n\t<meta property=\"og:image:type\" content=\"image\/jpeg\" \/>\n<meta name=\"twitter:card\" content=\"summary_large_image\" \/>\n<meta name=\"twitter:site\" content=\"@mesalecaykazan\" \/>\n<meta name=\"twitter:label1\" content=\"Est. reading time\" \/>\n\t<meta name=\"twitter:data1\" content=\"1 minute\" \/>\n<script type=\"application\/ld+json\" class=\"yoast-schema-graph\">{\"@context\":\"https:\/\/schema.org\",\"@graph\":[{\"@type\":\"WebPage\",\"@id\":\"https:\/\/mesalestore.com\/en\/product\/caymatik-rezistansi-2000-w\/\",\"url\":\"https:\/\/mesalestore.com\/en\/product\/caymatik-rezistansi-2000-w\/\",\"name\":\"\u00c7aymatik Rezistans\u0131 2000 W | Me\u015fale Store\",\"isPartOf\":{\"@id\":\"https:\/\/mesalestore.com\/en\/#website\"},\"primaryImageOfPage\":{\"@id\":\"https:\/\/mesalestore.com\/en\/product\/caymatik-rezistansi-2000-w\/#primaryimage\"},\"image\":{\"@id\":\"https:\/\/mesalestore.com\/en\/product\/caymatik-rezistansi-2000-w\/#primaryimage\"},\"thumbnailUrl\":\"https:\/\/mesalestore.com\/wp-content\/uploads\/2026\/01\/1_org_zoom-132.jpg\",\"datePublished\":\"2026-02-09T09:19:13+00:00\",\"dateModified\":\"2026-04-09T22:32:45+00:00\",\"description\":\"\u00c7aymatik Rezistans\u0131 2000W \u2013 Y\u00fcksek G\u00fc\u00e7l\u00fc ve Dayan\u0131kl\u0131 \u00c7ay Kazan\u0131 Rezistans\u0131 \u00c7aymatik Rezistans\u0131 2000W, \u00e7ay kazanlar\u0131nda kullan\u0131lan g\u00fc\u00e7l\u00fc ve verimli bir\",\"breadcrumb\":{\"@id\":\"https:\/\/mesalestore.com\/en\/product\/caymatik-rezistansi-2000-w\/#breadcrumb\"},\"inLanguage\":\"en-US\",\"potentialAction\":[{\"@type\":\"ReadAction\",\"target\":[\"https:\/\/mesalestore.com\/en\/product\/caymatik-rezistansi-2000-w\/\"]}]},{\"@type\":\"ImageObject\",\"inLanguage\":\"en-US\",\"@id\":\"https:\/\/mesalestore.com\/en\/product\/caymatik-rezistansi-2000-w\/#primaryimage\",\"url\":\"https:\/\/mesalestore.com\/wp-content\/uploads\/2026\/01\/1_org_zoom-132.jpg\",\"contentUrl\":\"https:\/\/mesalestore.com\/wp-content\/uploads\/2026\/01\/1_org_zoom-132.jpg\",\"width\":1200,\"height\":1800},{\"@type\":\"BreadcrumbList\",\"@id\":\"https:\/\/mesalestore.com\/en\/product\/caymatik-rezistansi-2000-w\/#breadcrumb\",\"itemListElement\":[{\"@type\":\"ListItem\",\"position\":1,\"name\":\"Anasayfa\",\"item\":\"https:\/\/mesalestore.com\/en\/\"},{\"@type\":\"ListItem\",\"position\":2,\"name\":\"Products\",\"item\":\"https:\/\/mesalestore.com\/en\/shop\/\"},{\"@type\":\"ListItem\",\"position\":3,\"name\":\"\u00c7aymatik Rezistans\u0131 2000 W\"}]},{\"@type\":\"WebSite\",\"@id\":\"https:\/\/mesalestore.com\/en\/#website\",\"url\":\"https:\/\/mesalestore.com\/en\/\",\"name\":\"Me\u015fale Store\",\"description\":\"\",\"publisher\":{\"@id\":\"https:\/\/mesalestore.com\/en\/#organization\"},\"potentialAction\":[{\"@type\":\"SearchAction\",\"target\":{\"@type\":\"EntryPoint\",\"urlTemplate\":\"https:\/\/mesalestore.com\/en\/?s={search_term_string}\"},\"query-input\":{\"@type\":\"PropertyValueSpecification\",\"valueRequired\":true,\"valueName\":\"search_term_string\"}}],\"inLanguage\":\"en-US\"},{\"@type\":\"Organization\",\"@id\":\"https:\/\/mesalestore.com\/en\/#organization\",\"name\":\"Me\u015fale Store\",\"url\":\"https:\/\/mesalestore.com\/en\/\",\"logo\":{\"@type\":\"ImageObject\",\"inLanguage\":\"en-US\",\"@id\":\"https:\/\/mesalestore.com\/en\/#\/schema\/logo\/image\/\",\"url\":\"https:\/\/mesalestore.com\/wp-content\/uploads\/2026\/03\/logo-header-yeni-1.webp\",\"contentUrl\":\"https:\/\/mesalestore.com\/wp-content\/uploads\/2026\/03\/logo-header-yeni-1.webp\",\"width\":419,\"height\":147,\"caption\":\"Me\u015fale Store\"},\"image\":{\"@id\":\"https:\/\/mesalestore.com\/en\/#\/schema\/logo\/image\/\"},\"sameAs\":[\"https:\/\/www.facebook.com\/mesalecay\",\"https:\/\/x.com\/mesalecaykazan\",\"https:\/\/www.instagram.com\/mesalecaykazan\/\"]}]}<\/script>\n<!-- \/ Yoast SEO plugin. -->","yoast_head_json":{"title":"\u00c7aymatik Rezistans\u0131 2000 W | Me\u015fale Store","description":"\u00c7aymatik Rezistans\u0131 2000W \u2013 Y\u00fcksek G\u00fc\u00e7l\u00fc ve Dayan\u0131kl\u0131 \u00c7ay Kazan\u0131 Rezistans\u0131 \u00c7aymatik Rezistans\u0131 2000W, \u00e7ay kazanlar\u0131nda kullan\u0131lan g\u00fc\u00e7l\u00fc ve verimli bir","robots":{"index":"index","follow":"follow","max-snippet":"max-snippet:-1","max-image-preview":"max-image-preview:large","max-video-preview":"max-video-preview:-1"},"canonical":"https:\/\/mesalestore.com\/en\/product\/caymatik-rezistansi-2000-w\/","og_locale":"en_US","og_type":"article","og_title":"\u00c7aymatik Rezistans\u0131 2000 W | Me\u015fale Store","og_description":"\u00c7aymatik Rezistans\u0131 2000W \u2013 Y\u00fcksek G\u00fc\u00e7l\u00fc ve Dayan\u0131kl\u0131 \u00c7ay Kazan\u0131 Rezistans\u0131 \u00c7aymatik Rezistans\u0131 2000W, \u00e7ay kazanlar\u0131nda kullan\u0131lan g\u00fc\u00e7l\u00fc ve verimli bir","og_url":"https:\/\/mesalestore.com\/en\/product\/caymatik-rezistansi-2000-w\/","og_site_name":"Me\u015fale Store","article_publisher":"https:\/\/www.facebook.com\/mesalecay","article_modified_time":"2026-04-09T22:32:45+00:00","og_image":[{"width":1200,"height":1800,"url":"https:\/\/mesalestore.com\/wp-content\/uploads\/2026\/01\/1_org_zoom-132.jpg","type":"image\/jpeg"}],"twitter_card":"summary_large_image","twitter_site":"@mesalecaykazan","twitter_misc":{"Est. reading time":"1 minute"},"schema":{"@context":"https:\/\/schema.org","@graph":[{"@type":"WebPage","@id":"https:\/\/mesalestore.com\/en\/product\/caymatik-rezistansi-2000-w\/","url":"https:\/\/mesalestore.com\/en\/product\/caymatik-rezistansi-2000-w\/","name":"\u00c7aymatik Rezistans\u0131 2000 W | Me\u015fale Store","isPartOf":{"@id":"https:\/\/mesalestore.com\/en\/#website"},"primaryImageOfPage":{"@id":"https:\/\/mesalestore.com\/en\/product\/caymatik-rezistansi-2000-w\/#primaryimage"},"image":{"@id":"https:\/\/mesalestore.com\/en\/product\/caymatik-rezistansi-2000-w\/#primaryimage"},"thumbnailUrl":"https:\/\/mesalestore.com\/wp-content\/uploads\/2026\/01\/1_org_zoom-132.jpg","datePublished":"2026-02-09T09:19:13+00:00","dateModified":"2026-04-09T22:32:45+00:00","description":"\u00c7aymatik Rezistans\u0131 2000W \u2013 Y\u00fcksek G\u00fc\u00e7l\u00fc ve Dayan\u0131kl\u0131 \u00c7ay Kazan\u0131 Rezistans\u0131 \u00c7aymatik Rezistans\u0131 2000W, \u00e7ay kazanlar\u0131nda kullan\u0131lan g\u00fc\u00e7l\u00fc ve verimli bir","breadcrumb":{"@id":"https:\/\/mesalestore.com\/en\/product\/caymatik-rezistansi-2000-w\/#breadcrumb"},"inLanguage":"en-US","potentialAction":[{"@type":"ReadAction","target":["https:\/\/mesalestore.com\/en\/product\/caymatik-rezistansi-2000-w\/"]}]},{"@type":"ImageObject","inLanguage":"en-US","@id":"https:\/\/mesalestore.com\/en\/product\/caymatik-rezistansi-2000-w\/#primaryimage","url":"https:\/\/mesalestore.com\/wp-content\/uploads\/2026\/01\/1_org_zoom-132.jpg","contentUrl":"https:\/\/mesalestore.com\/wp-content\/uploads\/2026\/01\/1_org_zoom-132.jpg","width":1200,"height":1800},{"@type":"BreadcrumbList","@id":"https:\/\/mesalestore.com\/en\/product\/caymatik-rezistansi-2000-w\/#breadcrumb","itemListElement":[{"@type":"ListItem","position":1,"name":"Anasayfa","item":"https:\/\/mesalestore.com\/en\/"},{"@type":"ListItem","position":2,"name":"Products","item":"https:\/\/mesalestore.com\/en\/shop\/"},{"@type":"ListItem","position":3,"name":"\u00c7aymatik Rezistans\u0131 2000 W"}]},{"@type":"WebSite","@id":"https:\/\/mesalestore.com\/en\/#website","url":"https:\/\/mesalestore.com\/en\/","name":"Me\u015fale Store","description":"","publisher":{"@id":"https:\/\/mesalestore.com\/en\/#organization"},"potentialAction":[{"@type":"SearchAction","target":{"@type":"EntryPoint","urlTemplate":"https:\/\/mesalestore.com\/en\/?s={search_term_string}"},"query-input":{"@type":"PropertyValueSpecification","valueRequired":true,"valueName":"search_term_string"}}],"inLanguage":"en-US"},{"@type":"Organization","@id":"https:\/\/mesalestore.com\/en\/#organization","name":"Me\u015fale Store","url":"https:\/\/mesalestore.com\/en\/","logo":{"@type":"ImageObject","inLanguage":"en-US","@id":"https:\/\/mesalestore.com\/en\/#\/schema\/logo\/image\/","url":"https:\/\/mesalestore.com\/wp-content\/uploads\/2026\/03\/logo-header-yeni-1.webp","contentUrl":"https:\/\/mesalestore.com\/wp-content\/uploads\/2026\/03\/logo-header-yeni-1.webp","width":419,"height":147,"caption":"Me\u015fale Store"},"image":{"@id":"https:\/\/mesalestore.com\/en\/#\/schema\/logo\/image\/"},"sameAs":["https:\/\/www.facebook.com\/mesalecay","https:\/\/x.com\/mesalecaykazan","https:\/\/www.instagram.com\/mesalecaykazan\/"]}]}},"_links":{"self":[{"href":"https:\/\/mesalestore.com\/en\/wp-json\/wp\/v2\/product\/2487","targetHints":{"allow":["GET"]}}],"collection":[{"href":"https:\/\/mesalestore.com\/en\/wp-json\/wp\/v2\/product"}],"about":[{"href":"https:\/\/mesalestore.com\/en\/wp-json\/wp\/v2\/types\/product"}],"replies":[{"embeddable":true,"href":"https:\/\/mesalestore.com\/en\/wp-json\/wp\/v2\/comments?post=2487"}],"wp:featuredmedia":[{"embeddable":true,"href":"https:\/\/mesalestore.com\/en\/wp-json\/wp\/v2\/media\/692"}],"wp:attachment":[{"href":"https:\/\/mesalestore.com\/en\/wp-json\/wp\/v2\/media?parent=2487"}],"wp:term":[{"taxonomy":"product_brand","embeddable":true,"href":"https:\/\/mesalestore.com\/en\/wp-json\/wp\/v2\/product_brand?post=2487"},{"taxonomy":"product_cat","embeddable":true,"href":"https:\/\/mesalestore.com\/en\/wp-json\/wp\/v2\/product_cat?post=2487"},{"taxonomy":"product_tag","embeddable":true,"href":"https:\/\/mesalestore.com\/en\/wp-json\/wp\/v2\/product_tag?post=2487"}],"curies":[{"name":"wp","href":"https:\/\/api.w.org\/{rel}","templated":true}]}}