{"id":2486,"date":"2026-02-09T12:19:13","date_gmt":"2026-02-09T09:19:13","guid":{"rendered":"http:\/\/mesalestore.com\/product\/3-demlikli-cay-kazani-ust-kapak-contasi\/"},"modified":"2026-04-11T09:35:57","modified_gmt":"2026-04-11T06:35:57","slug":"3-demlikli-cay-kazani-ust-kapak-contasi","status":"publish","type":"product","link":"https:\/\/mesalestore.com\/en\/product\/3-demlikli-cay-kazani-ust-kapak-contasi\/","title":{"rendered":"3 Demlikli \u00c7ay Kazan\u0131 \u00dcst Kapak Contas\u0131"},"content":{"rendered":"<p><strong>3 Demlikli \u00c7ay Kazan\u0131 \u00dcst Kapak Contas\u0131<\/strong>, \u00e7ay kazan\u0131n\u0131z\u0131n \u00fcst kapa\u011f\u0131nda <strong>m\u00fckemmel s\u0131zd\u0131rmazl\u0131k sa\u011flayarak<\/strong> \u0131s\u0131 kayb\u0131n\u0131 \u00f6nler ve enerji tasarrufu sunar. <strong>Y\u00fcksek s\u0131cakl\u0131\u011fa dayan\u0131kl\u0131<\/strong> esnek malzemesi sayesinde uzun \u00f6m\u00fcrl\u00fc kullan\u0131m sunar. <strong>Kolay montaj \u00f6zelli\u011fi<\/strong> ile kullan\u0131c\u0131 dostudur ve \u00e7ay kazan\u0131n\u0131z\u0131n performans\u0131n\u0131 art\u0131rarak <strong>daha verimli bir \u00e7al\u0131\u015fma sa\u011flar<\/strong>. \u00c7ay kazan\u0131n\u0131z\u0131n bak\u0131m\u0131n\u0131 tamamlamak ve s\u0131zd\u0131rmazl\u0131\u011f\u0131n\u0131 sa\u011flamak i\u00e7in <strong>ideal bir yedek par\u00e7ad\u0131r<\/strong>.<\/p>","protected":false},"excerpt":{"rendered":"<p>3 Demlikli \u00c7ay Kazan\u0131 \u00dcst Kapak Contas\u0131, \u00e7ay kazan\u0131n\u0131z\u0131n \u00fcst kapa\u011f\u0131nda m\u00fckemmel s\u0131zd\u0131rmazl\u0131k sa\u011flayarak \u0131s\u0131 kayb\u0131n\u0131 \u00f6nler ve enerji tasarrufu sunar. Y\u00fcksek s\u0131cakl\u0131\u011fa dayan\u0131kl\u0131 esnek malzemesi sayesinde uzun \u00f6m\u00fcrl\u00fc kullan\u0131m sunar. Kolay montaj \u00f6zelli\u011fi ile kullan\u0131c\u0131 dostudur ve \u00e7ay kazan\u0131n\u0131z\u0131n performans\u0131n\u0131 art\u0131rarak daha verimli bir \u00e7al\u0131\u015fma sa\u011flar. \u00c7ay kazan\u0131n\u0131z\u0131n bak\u0131m\u0131n\u0131 tamamlamak ve s\u0131zd\u0131rmazl\u0131\u011f\u0131n\u0131 sa\u011flamak i\u00e7in [&hellip;]<\/p>\n","protected":false},"featured_media":681,"comment_status":"closed","ping_status":"closed","template":"","meta":[],"product_brand":[7750],"product_cat":[7988],"product_tag":[],"class_list":{"0":"post-2486","1":"product","2":"type-product","3":"status-publish","4":"has-post-thumbnail","6":"product_brand-demsu","7":"product_cat-conta-baglanti-parcalari","9":"first","10":"instock","11":"taxable","12":"shipping-taxable","13":"purchasable","14":"product-type-simple"},"yoast_head":"<!-- This site is optimized with the Yoast SEO plugin v27.1.1 - https:\/\/yoast.com\/product\/yoast-seo-wordpress\/ -->\n<title>3 Demlikli \u00c7ay Kazan\u0131 \u00dcst Kapak Contas\u0131 | Me\u015fale Store<\/title>\n<meta name=\"description\" content=\"3 Demlikli \u00c7ay Kazan\u0131 \u00dcst Kapak Contas\u0131, \u00e7ay kazan\u0131n\u0131z\u0131n \u00fcst kapa\u011f\u0131nda m\u00fckemmel s\u0131zd\u0131rmazl\u0131k sa\u011flayarak \u0131s\u0131 kayb\u0131n\u0131 \u00f6nler ve enerji tasarrufu sunar.\" \/>\n<meta name=\"robots\" content=\"index, follow, max-snippet:-1, max-image-preview:large, max-video-preview:-1\" \/>\n<link rel=\"canonical\" href=\"https:\/\/mesalestore.com\/en\/product\/3-demlikli-cay-kazani-ust-kapak-contasi\/\" \/>\n<meta property=\"og:locale\" content=\"en_US\" \/>\n<meta property=\"og:type\" content=\"article\" \/>\n<meta property=\"og:title\" content=\"3 Demlikli \u00c7ay Kazan\u0131 \u00dcst Kapak Contas\u0131 | Me\u015fale Store\" \/>\n<meta property=\"og:description\" content=\"3 Demlikli \u00c7ay Kazan\u0131 \u00dcst Kapak Contas\u0131, \u00e7ay kazan\u0131n\u0131z\u0131n \u00fcst kapa\u011f\u0131nda m\u00fckemmel s\u0131zd\u0131rmazl\u0131k sa\u011flayarak \u0131s\u0131 kayb\u0131n\u0131 \u00f6nler ve enerji tasarrufu sunar.\" \/>\n<meta property=\"og:url\" content=\"https:\/\/mesalestore.com\/en\/product\/3-demlikli-cay-kazani-ust-kapak-contasi\/\" \/>\n<meta property=\"og:site_name\" content=\"Me\u015fale Store\" \/>\n<meta property=\"article:publisher\" content=\"https:\/\/www.facebook.com\/mesalecay\" \/>\n<meta property=\"article:modified_time\" content=\"2026-04-11T06:35:57+00:00\" \/>\n<meta property=\"og:image\" content=\"https:\/\/mesalestore.com\/wp-content\/uploads\/2026\/01\/1_org_zoom-130.jpg\" \/>\n\t<meta property=\"og:image:width\" content=\"1200\" \/>\n\t<meta property=\"og:image:height\" content=\"1800\" \/>\n\t<meta property=\"og:image:type\" content=\"image\/jpeg\" \/>\n<meta name=\"twitter:card\" content=\"summary_large_image\" \/>\n<meta name=\"twitter:site\" content=\"@mesalecaykazan\" \/>\n<meta name=\"twitter:label1\" content=\"Est. reading time\" \/>\n\t<meta name=\"twitter:data1\" content=\"1 minute\" \/>\n<script type=\"application\/ld+json\" class=\"yoast-schema-graph\">{\"@context\":\"https:\/\/schema.org\",\"@graph\":[{\"@type\":\"WebPage\",\"@id\":\"https:\/\/mesalestore.com\/en\/product\/3-demlikli-cay-kazani-ust-kapak-contasi\/\",\"url\":\"https:\/\/mesalestore.com\/en\/product\/3-demlikli-cay-kazani-ust-kapak-contasi\/\",\"name\":\"3 Demlikli \u00c7ay Kazan\u0131 \u00dcst Kapak Contas\u0131 | Me\u015fale Store\",\"isPartOf\":{\"@id\":\"https:\/\/mesalestore.com\/en\/#website\"},\"primaryImageOfPage\":{\"@id\":\"https:\/\/mesalestore.com\/en\/product\/3-demlikli-cay-kazani-ust-kapak-contasi\/#primaryimage\"},\"image\":{\"@id\":\"https:\/\/mesalestore.com\/en\/product\/3-demlikli-cay-kazani-ust-kapak-contasi\/#primaryimage\"},\"thumbnailUrl\":\"https:\/\/mesalestore.com\/wp-content\/uploads\/2026\/01\/1_org_zoom-130.jpg\",\"datePublished\":\"2026-02-09T09:19:13+00:00\",\"dateModified\":\"2026-04-11T06:35:57+00:00\",\"description\":\"3 Demlikli \u00c7ay Kazan\u0131 \u00dcst Kapak Contas\u0131, \u00e7ay kazan\u0131n\u0131z\u0131n \u00fcst kapa\u011f\u0131nda m\u00fckemmel s\u0131zd\u0131rmazl\u0131k sa\u011flayarak \u0131s\u0131 kayb\u0131n\u0131 \u00f6nler ve enerji tasarrufu sunar.\",\"breadcrumb\":{\"@id\":\"https:\/\/mesalestore.com\/en\/product\/3-demlikli-cay-kazani-ust-kapak-contasi\/#breadcrumb\"},\"inLanguage\":\"en-US\",\"potentialAction\":[{\"@type\":\"ReadAction\",\"target\":[\"https:\/\/mesalestore.com\/en\/product\/3-demlikli-cay-kazani-ust-kapak-contasi\/\"]}]},{\"@type\":\"ImageObject\",\"inLanguage\":\"en-US\",\"@id\":\"https:\/\/mesalestore.com\/en\/product\/3-demlikli-cay-kazani-ust-kapak-contasi\/#primaryimage\",\"url\":\"https:\/\/mesalestore.com\/wp-content\/uploads\/2026\/01\/1_org_zoom-130.jpg\",\"contentUrl\":\"https:\/\/mesalestore.com\/wp-content\/uploads\/2026\/01\/1_org_zoom-130.jpg\",\"width\":1200,\"height\":1800},{\"@type\":\"BreadcrumbList\",\"@id\":\"https:\/\/mesalestore.com\/en\/product\/3-demlikli-cay-kazani-ust-kapak-contasi\/#breadcrumb\",\"itemListElement\":[{\"@type\":\"ListItem\",\"position\":1,\"name\":\"Anasayfa\",\"item\":\"https:\/\/mesalestore.com\/en\/\"},{\"@type\":\"ListItem\",\"position\":2,\"name\":\"Products\",\"item\":\"https:\/\/mesalestore.com\/en\/shop\/\"},{\"@type\":\"ListItem\",\"position\":3,\"name\":\"3 Demlikli \u00c7ay Kazan\u0131 \u00dcst Kapak Contas\u0131\"}]},{\"@type\":\"WebSite\",\"@id\":\"https:\/\/mesalestore.com\/en\/#website\",\"url\":\"https:\/\/mesalestore.com\/en\/\",\"name\":\"Me\u015fale Store\",\"description\":\"\",\"publisher\":{\"@id\":\"https:\/\/mesalestore.com\/en\/#organization\"},\"potentialAction\":[{\"@type\":\"SearchAction\",\"target\":{\"@type\":\"EntryPoint\",\"urlTemplate\":\"https:\/\/mesalestore.com\/en\/?s={search_term_string}\"},\"query-input\":{\"@type\":\"PropertyValueSpecification\",\"valueRequired\":true,\"valueName\":\"search_term_string\"}}],\"inLanguage\":\"en-US\"},{\"@type\":\"Organization\",\"@id\":\"https:\/\/mesalestore.com\/en\/#organization\",\"name\":\"Me\u015fale Store\",\"url\":\"https:\/\/mesalestore.com\/en\/\",\"logo\":{\"@type\":\"ImageObject\",\"inLanguage\":\"en-US\",\"@id\":\"https:\/\/mesalestore.com\/en\/#\/schema\/logo\/image\/\",\"url\":\"https:\/\/mesalestore.com\/wp-content\/uploads\/2026\/03\/logo-header-yeni-1.webp\",\"contentUrl\":\"https:\/\/mesalestore.com\/wp-content\/uploads\/2026\/03\/logo-header-yeni-1.webp\",\"width\":419,\"height\":147,\"caption\":\"Me\u015fale Store\"},\"image\":{\"@id\":\"https:\/\/mesalestore.com\/en\/#\/schema\/logo\/image\/\"},\"sameAs\":[\"https:\/\/www.facebook.com\/mesalecay\",\"https:\/\/x.com\/mesalecaykazan\",\"https:\/\/www.instagram.com\/mesalecaykazan\/\"]}]}<\/script>\n<!-- \/ Yoast SEO plugin. -->","yoast_head_json":{"title":"3 Demlikli \u00c7ay Kazan\u0131 \u00dcst Kapak Contas\u0131 | Me\u015fale Store","description":"3 Demlikli \u00c7ay Kazan\u0131 \u00dcst Kapak Contas\u0131, \u00e7ay kazan\u0131n\u0131z\u0131n \u00fcst kapa\u011f\u0131nda m\u00fckemmel s\u0131zd\u0131rmazl\u0131k sa\u011flayarak \u0131s\u0131 kayb\u0131n\u0131 \u00f6nler ve enerji tasarrufu sunar.","robots":{"index":"index","follow":"follow","max-snippet":"max-snippet:-1","max-image-preview":"max-image-preview:large","max-video-preview":"max-video-preview:-1"},"canonical":"https:\/\/mesalestore.com\/en\/product\/3-demlikli-cay-kazani-ust-kapak-contasi\/","og_locale":"en_US","og_type":"article","og_title":"3 Demlikli \u00c7ay Kazan\u0131 \u00dcst Kapak Contas\u0131 | Me\u015fale Store","og_description":"3 Demlikli \u00c7ay Kazan\u0131 \u00dcst Kapak Contas\u0131, \u00e7ay kazan\u0131n\u0131z\u0131n \u00fcst kapa\u011f\u0131nda m\u00fckemmel s\u0131zd\u0131rmazl\u0131k sa\u011flayarak \u0131s\u0131 kayb\u0131n\u0131 \u00f6nler ve enerji tasarrufu sunar.","og_url":"https:\/\/mesalestore.com\/en\/product\/3-demlikli-cay-kazani-ust-kapak-contasi\/","og_site_name":"Me\u015fale Store","article_publisher":"https:\/\/www.facebook.com\/mesalecay","article_modified_time":"2026-04-11T06:35:57+00:00","og_image":[{"width":1200,"height":1800,"url":"https:\/\/mesalestore.com\/wp-content\/uploads\/2026\/01\/1_org_zoom-130.jpg","type":"image\/jpeg"}],"twitter_card":"summary_large_image","twitter_site":"@mesalecaykazan","twitter_misc":{"Est. reading time":"1 minute"},"schema":{"@context":"https:\/\/schema.org","@graph":[{"@type":"WebPage","@id":"https:\/\/mesalestore.com\/en\/product\/3-demlikli-cay-kazani-ust-kapak-contasi\/","url":"https:\/\/mesalestore.com\/en\/product\/3-demlikli-cay-kazani-ust-kapak-contasi\/","name":"3 Demlikli \u00c7ay Kazan\u0131 \u00dcst Kapak Contas\u0131 | Me\u015fale Store","isPartOf":{"@id":"https:\/\/mesalestore.com\/en\/#website"},"primaryImageOfPage":{"@id":"https:\/\/mesalestore.com\/en\/product\/3-demlikli-cay-kazani-ust-kapak-contasi\/#primaryimage"},"image":{"@id":"https:\/\/mesalestore.com\/en\/product\/3-demlikli-cay-kazani-ust-kapak-contasi\/#primaryimage"},"thumbnailUrl":"https:\/\/mesalestore.com\/wp-content\/uploads\/2026\/01\/1_org_zoom-130.jpg","datePublished":"2026-02-09T09:19:13+00:00","dateModified":"2026-04-11T06:35:57+00:00","description":"3 Demlikli \u00c7ay Kazan\u0131 \u00dcst Kapak Contas\u0131, \u00e7ay kazan\u0131n\u0131z\u0131n \u00fcst kapa\u011f\u0131nda m\u00fckemmel s\u0131zd\u0131rmazl\u0131k sa\u011flayarak \u0131s\u0131 kayb\u0131n\u0131 \u00f6nler ve enerji tasarrufu sunar.","breadcrumb":{"@id":"https:\/\/mesalestore.com\/en\/product\/3-demlikli-cay-kazani-ust-kapak-contasi\/#breadcrumb"},"inLanguage":"en-US","potentialAction":[{"@type":"ReadAction","target":["https:\/\/mesalestore.com\/en\/product\/3-demlikli-cay-kazani-ust-kapak-contasi\/"]}]},{"@type":"ImageObject","inLanguage":"en-US","@id":"https:\/\/mesalestore.com\/en\/product\/3-demlikli-cay-kazani-ust-kapak-contasi\/#primaryimage","url":"https:\/\/mesalestore.com\/wp-content\/uploads\/2026\/01\/1_org_zoom-130.jpg","contentUrl":"https:\/\/mesalestore.com\/wp-content\/uploads\/2026\/01\/1_org_zoom-130.jpg","width":1200,"height":1800},{"@type":"BreadcrumbList","@id":"https:\/\/mesalestore.com\/en\/product\/3-demlikli-cay-kazani-ust-kapak-contasi\/#breadcrumb","itemListElement":[{"@type":"ListItem","position":1,"name":"Anasayfa","item":"https:\/\/mesalestore.com\/en\/"},{"@type":"ListItem","position":2,"name":"Products","item":"https:\/\/mesalestore.com\/en\/shop\/"},{"@type":"ListItem","position":3,"name":"3 Demlikli \u00c7ay Kazan\u0131 \u00dcst Kapak Contas\u0131"}]},{"@type":"WebSite","@id":"https:\/\/mesalestore.com\/en\/#website","url":"https:\/\/mesalestore.com\/en\/","name":"Me\u015fale Store","description":"","publisher":{"@id":"https:\/\/mesalestore.com\/en\/#organization"},"potentialAction":[{"@type":"SearchAction","target":{"@type":"EntryPoint","urlTemplate":"https:\/\/mesalestore.com\/en\/?s={search_term_string}"},"query-input":{"@type":"PropertyValueSpecification","valueRequired":true,"valueName":"search_term_string"}}],"inLanguage":"en-US"},{"@type":"Organization","@id":"https:\/\/mesalestore.com\/en\/#organization","name":"Me\u015fale Store","url":"https:\/\/mesalestore.com\/en\/","logo":{"@type":"ImageObject","inLanguage":"en-US","@id":"https:\/\/mesalestore.com\/en\/#\/schema\/logo\/image\/","url":"https:\/\/mesalestore.com\/wp-content\/uploads\/2026\/03\/logo-header-yeni-1.webp","contentUrl":"https:\/\/mesalestore.com\/wp-content\/uploads\/2026\/03\/logo-header-yeni-1.webp","width":419,"height":147,"caption":"Me\u015fale Store"},"image":{"@id":"https:\/\/mesalestore.com\/en\/#\/schema\/logo\/image\/"},"sameAs":["https:\/\/www.facebook.com\/mesalecay","https:\/\/x.com\/mesalecaykazan","https:\/\/www.instagram.com\/mesalecaykazan\/"]}]}},"_links":{"self":[{"href":"https:\/\/mesalestore.com\/en\/wp-json\/wp\/v2\/product\/2486","targetHints":{"allow":["GET"]}}],"collection":[{"href":"https:\/\/mesalestore.com\/en\/wp-json\/wp\/v2\/product"}],"about":[{"href":"https:\/\/mesalestore.com\/en\/wp-json\/wp\/v2\/types\/product"}],"replies":[{"embeddable":true,"href":"https:\/\/mesalestore.com\/en\/wp-json\/wp\/v2\/comments?post=2486"}],"wp:featuredmedia":[{"embeddable":true,"href":"https:\/\/mesalestore.com\/en\/wp-json\/wp\/v2\/media\/681"}],"wp:attachment":[{"href":"https:\/\/mesalestore.com\/en\/wp-json\/wp\/v2\/media?parent=2486"}],"wp:term":[{"taxonomy":"product_brand","embeddable":true,"href":"https:\/\/mesalestore.com\/en\/wp-json\/wp\/v2\/product_brand?post=2486"},{"taxonomy":"product_cat","embeddable":true,"href":"https:\/\/mesalestore.com\/en\/wp-json\/wp\/v2\/product_cat?post=2486"},{"taxonomy":"product_tag","embeddable":true,"href":"https:\/\/mesalestore.com\/en\/wp-json\/wp\/v2\/product_tag?post=2486"}],"curies":[{"name":"wp","href":"https:\/\/api.w.org\/{rel}","templated":true}]}}