{"id":2483,"date":"2026-02-09T12:19:12","date_gmt":"2026-02-09T09:19:12","guid":{"rendered":"http:\/\/mesalestore.com\/product\/4-5-6-demlikli-chromat-analog-full-otomatik-cay-kazani-kutusu-uyumlu\/"},"modified":"2026-04-11T09:32:52","modified_gmt":"2026-04-11T06:32:52","slug":"4-5-6-demlikli-chromat-analog-full-otomatik-cay-kazani-kutusu-uyumlu","status":"publish","type":"product","link":"https:\/\/mesalestore.com\/en\/product\/4-5-6-demlikli-chromat-analog-full-otomatik-cay-kazani-kutusu-uyumlu\/","title":{"rendered":"4-5-6 Demlikli Chromat Analog Full Otomatik \u00c7ay Kazan\u0131 Kutusu Uyumlu"},"content":{"rendered":"<p><strong>Me\u015fale 4-5-6 Demlikli Chromat Analog Full Otomatik \u00c7ay Kazan\u0131 Kutusu<\/strong>, <strong>Me\u015fale 4-5-6 Demlikli Chromat<\/strong> model \u00e7ay kazanlar\u0131n\u0131z i\u00e7in \u00f6zel olarak \u00fcretilmi\u015f dayan\u0131kl\u0131 ve g\u00fcvenli bir muhafaza kutusudur. <strong>Analog full otomatik<\/strong> sistemle \u00e7al\u0131\u015fan b\u00fcy\u00fck kapasiteye sahip \u00e7ay kazanlar\u0131n\u0131z\u0131n ta\u015f\u0131nmas\u0131 ve saklanmas\u0131 i\u00e7in ideal bir \u00e7\u00f6z\u00fcmd\u00fcr. Bu kutu, <strong>Me\u015fale \u00e7ay kazan\u0131<\/strong> modellerine tam uyum sa\u011flayarak, d\u0131\u015f etkenlere kar\u015f\u0131 cihaz\u0131n\u0131z\u0131 korur ve uzun s\u00fcreli kullan\u0131m sa\u011flar. <strong>\u00c7ay kazan\u0131 kutusu<\/strong>, cihaz\u0131n\u0131z\u0131n zarar g\u00f6rmesini engeller ve g\u00fcvenli bir \u015fekilde saklaman\u0131z\u0131 sa\u011flar. E\u011fer <strong>yedek kutu<\/strong> ar\u0131yorsan\u0131z, bu kutu hem fonksiyonel hem de \u015f\u0131k bir \u00e7\u00f6z\u00fcm sunar. <strong>Me\u015fale \u00e7ay kazan\u0131 kutusu<\/strong> ile cihaz\u0131n\u0131z\u0131 g\u00fcvenle muhafaza edin.<\/p>","protected":false},"excerpt":{"rendered":"<p>Me\u015fale 4-5-6 Demlikli Chromat Analog Full Otomatik \u00c7ay Kazan\u0131 Kutusu, Me\u015fale 4-5-6 Demlikli Chromat model \u00e7ay kazanlar\u0131n\u0131z i\u00e7in \u00f6zel olarak \u00fcretilmi\u015f dayan\u0131kl\u0131 ve g\u00fcvenli bir muhafaza kutusudur. Analog full otomatik sistemle \u00e7al\u0131\u015fan b\u00fcy\u00fck kapasiteye sahip \u00e7ay kazanlar\u0131n\u0131z\u0131n ta\u015f\u0131nmas\u0131 ve saklanmas\u0131 i\u00e7in ideal bir \u00e7\u00f6z\u00fcmd\u00fcr. Bu kutu, Me\u015fale \u00e7ay kazan\u0131 modellerine tam uyum sa\u011flayarak, d\u0131\u015f etkenlere [&hellip;]<\/p>\n","protected":false},"featured_media":671,"comment_status":"closed","ping_status":"closed","template":"","meta":[],"product_brand":[7749],"product_cat":[7986],"product_tag":[16,5285,5286,5287,5288,5313,5314,5315,5316,5289,5298,5299,5300,5301,5302,5303,5304,5290,5291,5292,5293,5294,5295,5296,5297,5317,5318,5319,5305,5306,5307,5308,5309,5310,5311,5312,5320,5329,5330,5331,5332,5333,5321,5322,5323,5324,5325,5326,5327,5328],"class_list":{"0":"post-2483","1":"product","2":"type-product","3":"status-publish","4":"has-post-thumbnail","6":"product_brand-mesale","7":"product_cat-termostat-salter","8":"product_tag-mesale","9":"product_tag-mesale-4-5-6","10":"product_tag-mesale-4-5-6-demlikli","11":"product_tag-mesale-4-5-6-demlikli-chromat","12":"product_tag-mesale-4-5-6-demlikli-chromat-analog","13":"product_tag-mesale-4-5-6-demlikli-chromat-analog-cay","14":"product_tag-mesale-4-5-6-demlikli-chromat-analog-cay-kazani","15":"product_tag-mesale-4-5-6-demlikli-chromat-analog-cay-kazani-kutusu","16":"product_tag-mesale-4-5-6-demlikli-chromat-analog-cay-kutusu","17":"product_tag-mesale-4-5-6-demlikli-chromat-analog-full","18":"product_tag-mesale-4-5-6-demlikli-chromat-analog-full-cay","19":"product_tag-mesale-4-5-6-demlikli-chromat-analog-full-cay-kazani","20":"product_tag-mesale-4-5-6-demlikli-chromat-analog-full-cay-kazani-kutusu","21":"product_tag-mesale-4-5-6-demlikli-chromat-analog-full-cay-kutusu","22":"product_tag-mesale-4-5-6-demlikli-chromat-analog-full-kazani","23":"product_tag-mesale-4-5-6-demlikli-chromat-analog-full-kazani-kutusu","24":"product_tag-mesale-4-5-6-demlikli-chromat-analog-full-kutusu","25":"product_tag-mesale-4-5-6-demlikli-chromat-analog-full-otomatik","26":"product_tag-mesale-4-5-6-demlikli-chromat-analog-full-otomatik-cay","27":"product_tag-mesale-4-5-6-demlikli-chromat-analog-full-otomatik-cay-kazani","28":"product_tag-mesale-4-5-6-demlikli-chromat-analog-full-otomatik-cay-kazani-kutusu","29":"product_tag-mesale-4-5-6-demlikli-chromat-analog-full-otomatik-cay-kutusu","30":"product_tag-mesale-4-5-6-demlikli-chromat-analog-full-otomatik-kazani","31":"product_tag-mesale-4-5-6-demlikli-chromat-analog-full-otomatik-kazani-kutusu","32":"product_tag-mesale-4-5-6-demlikli-chromat-analog-full-otomatik-kutusu","33":"product_tag-mesale-4-5-6-demlikli-chromat-analog-kazani","34":"product_tag-mesale-4-5-6-demlikli-chromat-analog-kazani-kutusu","35":"product_tag-mesale-4-5-6-demlikli-chromat-analog-kutusu","36":"product_tag-mesale-4-5-6-demlikli-chromat-analog-otomatik","37":"product_tag-mesale-4-5-6-demlikli-chromat-analog-otomatik-cay","38":"product_tag-mesale-4-5-6-demlikli-chromat-analog-otomatik-cay-kazani","39":"product_tag-mesale-4-5-6-demlikli-chromat-analog-otomatik-cay-kazani-kutusu","40":"product_tag-mesale-4-5-6-demlikli-chromat-analog-otomatik-cay-kutusu","41":"product_tag-mesale-4-5-6-demlikli-chromat-analog-otomatik-kazani","42":"product_tag-mesale-4-5-6-demlikli-chromat-analog-otomatik-kazani-kutusu","43":"product_tag-mesale-4-5-6-demlikli-chromat-analog-otomatik-kutusu","44":"product_tag-mesale-4-5-6-demlikli-chromat-full","45":"product_tag-mesale-4-5-6-demlikli-chromat-full-cay","46":"product_tag-mesale-4-5-6-demlikli-chromat-full-cay-kazani","47":"product_tag-mesale-4-5-6-demlikli-chromat-full-cay-kazani-kutusu","48":"product_tag-mesale-4-5-6-demlikli-chromat-full-cay-kutusu","49":"product_tag-mesale-4-5-6-demlikli-chromat-full-kazani","50":"product_tag-mesale-4-5-6-demlikli-chromat-full-otomatik","51":"product_tag-mesale-4-5-6-demlikli-chromat-full-otomatik-cay","52":"product_tag-mesale-4-5-6-demlikli-chromat-full-otomatik-cay-kazani","53":"product_tag-mesale-4-5-6-demlikli-chromat-full-otomatik-cay-kazani-kutusu","54":"product_tag-mesale-4-5-6-demlikli-chromat-full-otomatik-cay-kutusu","55":"product_tag-mesale-4-5-6-demlikli-chromat-full-otomatik-kazani","56":"product_tag-mesale-4-5-6-demlikli-chromat-full-otomatik-kazani-kutusu","57":"product_tag-mesale-4-5-6-demlikli-chromat-full-otomatik-kutusu","59":"first","60":"instock","61":"sale","62":"taxable","63":"shipping-taxable","64":"purchasable","65":"product-type-simple"},"yoast_head":"<!-- This site is optimized with the Yoast SEO plugin v27.1.1 - https:\/\/yoast.com\/product\/yoast-seo-wordpress\/ -->\n<title>4-5-6 Demlikli Chromat Analog Full Otomatik \u00c7ay Kazan\u0131 Kutusu Uyumlu | Me\u015fale Store<\/title>\n<meta name=\"description\" content=\"Me\u015fale 4-5-6 Demlikli Chromat Analog Full Otomatik \u00c7ay Kazan\u0131 Kutusu, Me\u015fale 4-5-6 Demlikli Chromat model \u00e7ay kazanlar\u0131n\u0131z i\u00e7in \u00f6zel olarak \u00fcretilmi\u015f\" \/>\n<meta name=\"robots\" content=\"index, follow, max-snippet:-1, max-image-preview:large, max-video-preview:-1\" \/>\n<link rel=\"canonical\" href=\"https:\/\/mesalestore.com\/en\/product\/4-5-6-demlikli-chromat-analog-full-otomatik-cay-kazani-kutusu-uyumlu\/\" \/>\n<meta property=\"og:locale\" content=\"en_US\" \/>\n<meta property=\"og:type\" content=\"article\" \/>\n<meta property=\"og:title\" content=\"4-5-6 Demlikli Chromat Analog Full Otomatik \u00c7ay Kazan\u0131 Kutusu Uyumlu | Me\u015fale Store\" \/>\n<meta property=\"og:description\" content=\"Me\u015fale 4-5-6 Demlikli Chromat Analog Full Otomatik \u00c7ay Kazan\u0131 Kutusu, Me\u015fale 4-5-6 Demlikli Chromat model \u00e7ay kazanlar\u0131n\u0131z i\u00e7in \u00f6zel olarak \u00fcretilmi\u015f\" \/>\n<meta property=\"og:url\" content=\"https:\/\/mesalestore.com\/en\/product\/4-5-6-demlikli-chromat-analog-full-otomatik-cay-kazani-kutusu-uyumlu\/\" \/>\n<meta property=\"og:site_name\" content=\"Me\u015fale Store\" \/>\n<meta property=\"article:publisher\" content=\"https:\/\/www.facebook.com\/mesalecay\" \/>\n<meta property=\"article:modified_time\" content=\"2026-04-11T06:32:52+00:00\" \/>\n<meta property=\"og:image\" content=\"https:\/\/mesalestore.com\/wp-content\/uploads\/2026\/01\/1_org_zoom-128.jpg\" \/>\n\t<meta property=\"og:image:width\" content=\"1200\" \/>\n\t<meta property=\"og:image:height\" content=\"1800\" \/>\n\t<meta property=\"og:image:type\" content=\"image\/jpeg\" \/>\n<meta name=\"twitter:card\" content=\"summary_large_image\" \/>\n<meta name=\"twitter:site\" content=\"@mesalecaykazan\" \/>\n<meta name=\"twitter:label1\" content=\"Est. reading time\" \/>\n\t<meta name=\"twitter:data1\" content=\"1 minute\" \/>\n<script type=\"application\/ld+json\" class=\"yoast-schema-graph\">{\"@context\":\"https:\/\/schema.org\",\"@graph\":[{\"@type\":\"WebPage\",\"@id\":\"https:\/\/mesalestore.com\/en\/product\/4-5-6-demlikli-chromat-analog-full-otomatik-cay-kazani-kutusu-uyumlu\/\",\"url\":\"https:\/\/mesalestore.com\/en\/product\/4-5-6-demlikli-chromat-analog-full-otomatik-cay-kazani-kutusu-uyumlu\/\",\"name\":\"4-5-6 Demlikli Chromat Analog Full Otomatik \u00c7ay Kazan\u0131 Kutusu Uyumlu | Me\u015fale Store\",\"isPartOf\":{\"@id\":\"https:\/\/mesalestore.com\/en\/#website\"},\"primaryImageOfPage\":{\"@id\":\"https:\/\/mesalestore.com\/en\/product\/4-5-6-demlikli-chromat-analog-full-otomatik-cay-kazani-kutusu-uyumlu\/#primaryimage\"},\"image\":{\"@id\":\"https:\/\/mesalestore.com\/en\/product\/4-5-6-demlikli-chromat-analog-full-otomatik-cay-kazani-kutusu-uyumlu\/#primaryimage\"},\"thumbnailUrl\":\"https:\/\/mesalestore.com\/wp-content\/uploads\/2026\/01\/1_org_zoom-128.jpg\",\"datePublished\":\"2026-02-09T09:19:12+00:00\",\"dateModified\":\"2026-04-11T06:32:52+00:00\",\"description\":\"Me\u015fale 4-5-6 Demlikli Chromat Analog Full Otomatik \u00c7ay Kazan\u0131 Kutusu, Me\u015fale 4-5-6 Demlikli Chromat model \u00e7ay kazanlar\u0131n\u0131z i\u00e7in \u00f6zel olarak \u00fcretilmi\u015f\",\"breadcrumb\":{\"@id\":\"https:\/\/mesalestore.com\/en\/product\/4-5-6-demlikli-chromat-analog-full-otomatik-cay-kazani-kutusu-uyumlu\/#breadcrumb\"},\"inLanguage\":\"en-US\",\"potentialAction\":[{\"@type\":\"ReadAction\",\"target\":[\"https:\/\/mesalestore.com\/en\/product\/4-5-6-demlikli-chromat-analog-full-otomatik-cay-kazani-kutusu-uyumlu\/\"]}]},{\"@type\":\"ImageObject\",\"inLanguage\":\"en-US\",\"@id\":\"https:\/\/mesalestore.com\/en\/product\/4-5-6-demlikli-chromat-analog-full-otomatik-cay-kazani-kutusu-uyumlu\/#primaryimage\",\"url\":\"https:\/\/mesalestore.com\/wp-content\/uploads\/2026\/01\/1_org_zoom-128.jpg\",\"contentUrl\":\"https:\/\/mesalestore.com\/wp-content\/uploads\/2026\/01\/1_org_zoom-128.jpg\",\"width\":1200,\"height\":1800},{\"@type\":\"BreadcrumbList\",\"@id\":\"https:\/\/mesalestore.com\/en\/product\/4-5-6-demlikli-chromat-analog-full-otomatik-cay-kazani-kutusu-uyumlu\/#breadcrumb\",\"itemListElement\":[{\"@type\":\"ListItem\",\"position\":1,\"name\":\"Anasayfa\",\"item\":\"https:\/\/mesalestore.com\/en\/\"},{\"@type\":\"ListItem\",\"position\":2,\"name\":\"Products\",\"item\":\"https:\/\/mesalestore.com\/en\/shop\/\"},{\"@type\":\"ListItem\",\"position\":3,\"name\":\"4-5-6 Demlikli Chromat Analog Full Otomatik \u00c7ay Kazan\u0131 Kutusu Uyumlu\"}]},{\"@type\":\"WebSite\",\"@id\":\"https:\/\/mesalestore.com\/en\/#website\",\"url\":\"https:\/\/mesalestore.com\/en\/\",\"name\":\"Me\u015fale Store\",\"description\":\"\",\"publisher\":{\"@id\":\"https:\/\/mesalestore.com\/en\/#organization\"},\"potentialAction\":[{\"@type\":\"SearchAction\",\"target\":{\"@type\":\"EntryPoint\",\"urlTemplate\":\"https:\/\/mesalestore.com\/en\/?s={search_term_string}\"},\"query-input\":{\"@type\":\"PropertyValueSpecification\",\"valueRequired\":true,\"valueName\":\"search_term_string\"}}],\"inLanguage\":\"en-US\"},{\"@type\":\"Organization\",\"@id\":\"https:\/\/mesalestore.com\/en\/#organization\",\"name\":\"Me\u015fale Store\",\"url\":\"https:\/\/mesalestore.com\/en\/\",\"logo\":{\"@type\":\"ImageObject\",\"inLanguage\":\"en-US\",\"@id\":\"https:\/\/mesalestore.com\/en\/#\/schema\/logo\/image\/\",\"url\":\"https:\/\/mesalestore.com\/wp-content\/uploads\/2026\/03\/logo-header-yeni-1.webp\",\"contentUrl\":\"https:\/\/mesalestore.com\/wp-content\/uploads\/2026\/03\/logo-header-yeni-1.webp\",\"width\":419,\"height\":147,\"caption\":\"Me\u015fale Store\"},\"image\":{\"@id\":\"https:\/\/mesalestore.com\/en\/#\/schema\/logo\/image\/\"},\"sameAs\":[\"https:\/\/www.facebook.com\/mesalecay\",\"https:\/\/x.com\/mesalecaykazan\",\"https:\/\/www.instagram.com\/mesalecaykazan\/\"]}]}<\/script>\n<!-- \/ Yoast SEO plugin. -->","yoast_head_json":{"title":"4-5-6 Demlikli Chromat Analog Full Otomatik \u00c7ay Kazan\u0131 Kutusu Uyumlu | Me\u015fale Store","description":"Me\u015fale 4-5-6 Demlikli Chromat Analog Full Otomatik \u00c7ay Kazan\u0131 Kutusu, Me\u015fale 4-5-6 Demlikli Chromat model \u00e7ay kazanlar\u0131n\u0131z i\u00e7in \u00f6zel olarak \u00fcretilmi\u015f","robots":{"index":"index","follow":"follow","max-snippet":"max-snippet:-1","max-image-preview":"max-image-preview:large","max-video-preview":"max-video-preview:-1"},"canonical":"https:\/\/mesalestore.com\/en\/product\/4-5-6-demlikli-chromat-analog-full-otomatik-cay-kazani-kutusu-uyumlu\/","og_locale":"en_US","og_type":"article","og_title":"4-5-6 Demlikli Chromat Analog Full Otomatik \u00c7ay Kazan\u0131 Kutusu Uyumlu | Me\u015fale Store","og_description":"Me\u015fale 4-5-6 Demlikli Chromat Analog Full Otomatik \u00c7ay Kazan\u0131 Kutusu, Me\u015fale 4-5-6 Demlikli Chromat model \u00e7ay kazanlar\u0131n\u0131z i\u00e7in \u00f6zel olarak \u00fcretilmi\u015f","og_url":"https:\/\/mesalestore.com\/en\/product\/4-5-6-demlikli-chromat-analog-full-otomatik-cay-kazani-kutusu-uyumlu\/","og_site_name":"Me\u015fale Store","article_publisher":"https:\/\/www.facebook.com\/mesalecay","article_modified_time":"2026-04-11T06:32:52+00:00","og_image":[{"width":1200,"height":1800,"url":"https:\/\/mesalestore.com\/wp-content\/uploads\/2026\/01\/1_org_zoom-128.jpg","type":"image\/jpeg"}],"twitter_card":"summary_large_image","twitter_site":"@mesalecaykazan","twitter_misc":{"Est. reading time":"1 minute"},"schema":{"@context":"https:\/\/schema.org","@graph":[{"@type":"WebPage","@id":"https:\/\/mesalestore.com\/en\/product\/4-5-6-demlikli-chromat-analog-full-otomatik-cay-kazani-kutusu-uyumlu\/","url":"https:\/\/mesalestore.com\/en\/product\/4-5-6-demlikli-chromat-analog-full-otomatik-cay-kazani-kutusu-uyumlu\/","name":"4-5-6 Demlikli Chromat Analog Full Otomatik \u00c7ay Kazan\u0131 Kutusu Uyumlu | Me\u015fale Store","isPartOf":{"@id":"https:\/\/mesalestore.com\/en\/#website"},"primaryImageOfPage":{"@id":"https:\/\/mesalestore.com\/en\/product\/4-5-6-demlikli-chromat-analog-full-otomatik-cay-kazani-kutusu-uyumlu\/#primaryimage"},"image":{"@id":"https:\/\/mesalestore.com\/en\/product\/4-5-6-demlikli-chromat-analog-full-otomatik-cay-kazani-kutusu-uyumlu\/#primaryimage"},"thumbnailUrl":"https:\/\/mesalestore.com\/wp-content\/uploads\/2026\/01\/1_org_zoom-128.jpg","datePublished":"2026-02-09T09:19:12+00:00","dateModified":"2026-04-11T06:32:52+00:00","description":"Me\u015fale 4-5-6 Demlikli Chromat Analog Full Otomatik \u00c7ay Kazan\u0131 Kutusu, Me\u015fale 4-5-6 Demlikli Chromat model \u00e7ay kazanlar\u0131n\u0131z i\u00e7in \u00f6zel olarak \u00fcretilmi\u015f","breadcrumb":{"@id":"https:\/\/mesalestore.com\/en\/product\/4-5-6-demlikli-chromat-analog-full-otomatik-cay-kazani-kutusu-uyumlu\/#breadcrumb"},"inLanguage":"en-US","potentialAction":[{"@type":"ReadAction","target":["https:\/\/mesalestore.com\/en\/product\/4-5-6-demlikli-chromat-analog-full-otomatik-cay-kazani-kutusu-uyumlu\/"]}]},{"@type":"ImageObject","inLanguage":"en-US","@id":"https:\/\/mesalestore.com\/en\/product\/4-5-6-demlikli-chromat-analog-full-otomatik-cay-kazani-kutusu-uyumlu\/#primaryimage","url":"https:\/\/mesalestore.com\/wp-content\/uploads\/2026\/01\/1_org_zoom-128.jpg","contentUrl":"https:\/\/mesalestore.com\/wp-content\/uploads\/2026\/01\/1_org_zoom-128.jpg","width":1200,"height":1800},{"@type":"BreadcrumbList","@id":"https:\/\/mesalestore.com\/en\/product\/4-5-6-demlikli-chromat-analog-full-otomatik-cay-kazani-kutusu-uyumlu\/#breadcrumb","itemListElement":[{"@type":"ListItem","position":1,"name":"Anasayfa","item":"https:\/\/mesalestore.com\/en\/"},{"@type":"ListItem","position":2,"name":"Products","item":"https:\/\/mesalestore.com\/en\/shop\/"},{"@type":"ListItem","position":3,"name":"4-5-6 Demlikli Chromat Analog Full Otomatik \u00c7ay Kazan\u0131 Kutusu Uyumlu"}]},{"@type":"WebSite","@id":"https:\/\/mesalestore.com\/en\/#website","url":"https:\/\/mesalestore.com\/en\/","name":"Me\u015fale Store","description":"","publisher":{"@id":"https:\/\/mesalestore.com\/en\/#organization"},"potentialAction":[{"@type":"SearchAction","target":{"@type":"EntryPoint","urlTemplate":"https:\/\/mesalestore.com\/en\/?s={search_term_string}"},"query-input":{"@type":"PropertyValueSpecification","valueRequired":true,"valueName":"search_term_string"}}],"inLanguage":"en-US"},{"@type":"Organization","@id":"https:\/\/mesalestore.com\/en\/#organization","name":"Me\u015fale Store","url":"https:\/\/mesalestore.com\/en\/","logo":{"@type":"ImageObject","inLanguage":"en-US","@id":"https:\/\/mesalestore.com\/en\/#\/schema\/logo\/image\/","url":"https:\/\/mesalestore.com\/wp-content\/uploads\/2026\/03\/logo-header-yeni-1.webp","contentUrl":"https:\/\/mesalestore.com\/wp-content\/uploads\/2026\/03\/logo-header-yeni-1.webp","width":419,"height":147,"caption":"Me\u015fale Store"},"image":{"@id":"https:\/\/mesalestore.com\/en\/#\/schema\/logo\/image\/"},"sameAs":["https:\/\/www.facebook.com\/mesalecay","https:\/\/x.com\/mesalecaykazan","https:\/\/www.instagram.com\/mesalecaykazan\/"]}]}},"_links":{"self":[{"href":"https:\/\/mesalestore.com\/en\/wp-json\/wp\/v2\/product\/2483","targetHints":{"allow":["GET"]}}],"collection":[{"href":"https:\/\/mesalestore.com\/en\/wp-json\/wp\/v2\/product"}],"about":[{"href":"https:\/\/mesalestore.com\/en\/wp-json\/wp\/v2\/types\/product"}],"replies":[{"embeddable":true,"href":"https:\/\/mesalestore.com\/en\/wp-json\/wp\/v2\/comments?post=2483"}],"wp:featuredmedia":[{"embeddable":true,"href":"https:\/\/mesalestore.com\/en\/wp-json\/wp\/v2\/media\/671"}],"wp:attachment":[{"href":"https:\/\/mesalestore.com\/en\/wp-json\/wp\/v2\/media?parent=2483"}],"wp:term":[{"taxonomy":"product_brand","embeddable":true,"href":"https:\/\/mesalestore.com\/en\/wp-json\/wp\/v2\/product_brand?post=2483"},{"taxonomy":"product_cat","embeddable":true,"href":"https:\/\/mesalestore.com\/en\/wp-json\/wp\/v2\/product_cat?post=2483"},{"taxonomy":"product_tag","embeddable":true,"href":"https:\/\/mesalestore.com\/en\/wp-json\/wp\/v2\/product_tag?post=2483"}],"curies":[{"name":"wp","href":"https:\/\/api.w.org\/{rel}","templated":true}]}}