{"id":2481,"date":"2026-02-09T12:19:12","date_gmt":"2026-02-09T09:19:12","guid":{"rendered":"http:\/\/mesalestore.com\/product\/1-demlikli-cay-kazani-ust-kapak-contasi\/"},"modified":"2026-04-17T09:27:35","modified_gmt":"2026-04-17T06:27:35","slug":"1-demlikli-cay-kazani-ust-kapak-contasi","status":"publish","type":"product","link":"https:\/\/mesalestore.com\/en\/product\/1-demlikli-cay-kazani-ust-kapak-contasi\/","title":{"rendered":"\u00c7ay Kazan\u0131 \u00dcst Kapak Contas\u0131"},"content":{"rendered":"<p><strong>1 Demlikli \u00c7ay Kazan\u0131 \u00dcst Kapak Contas\u0131<\/strong>, \u00e7ay kazan\u0131n\u0131z\u0131n \u00fcst kapa\u011f\u0131nda <strong>m\u00fckemmel s\u0131zd\u0131rmazl\u0131k sa\u011flayarak<\/strong> \u0131s\u0131 kayb\u0131n\u0131 \u00f6nler ve verimli kullan\u0131m sunar. <strong>Y\u00fcksek s\u0131cakl\u0131\u011fa dayan\u0131kl\u0131<\/strong> malzemeden \u00fcretilmi\u015f olup, uzun \u00f6m\u00fcrl\u00fcd\u00fcr. <strong>Esnek ve sa\u011flam yap\u0131s\u0131<\/strong> sayesinde kolayca monte edilebilir ve g\u00fcvenli bir kullan\u0131m sa\u011flar. \u00c7ay kazan\u0131n\u0131z\u0131n performans\u0131n\u0131 korumak i\u00e7in <strong>ideal bir yedek par\u00e7ad\u0131r<\/strong>.<\/p>","protected":false},"excerpt":{"rendered":"<p>1 Demlikli \u00c7ay Kazan\u0131 \u00dcst Kapak Contas\u0131, \u00e7ay kazan\u0131n\u0131z\u0131n \u00fcst kapa\u011f\u0131nda m\u00fckemmel s\u0131zd\u0131rmazl\u0131k sa\u011flayarak \u0131s\u0131 kayb\u0131n\u0131 \u00f6nler ve verimli kullan\u0131m sunar. Y\u00fcksek s\u0131cakl\u0131\u011fa dayan\u0131kl\u0131 malzemeden \u00fcretilmi\u015f olup, uzun \u00f6m\u00fcrl\u00fcd\u00fcr. Esnek ve sa\u011flam yap\u0131s\u0131 sayesinde kolayca monte edilebilir ve g\u00fcvenli bir kullan\u0131m sa\u011flar. \u00c7ay kazan\u0131n\u0131z\u0131n performans\u0131n\u0131 korumak i\u00e7in ideal bir yedek par\u00e7ad\u0131r.<\/p>","protected":false},"featured_media":661,"comment_status":"closed","ping_status":"closed","template":"","meta":[],"product_brand":[7750],"product_cat":[7988],"product_tag":[4959,4974,4972,4973,4960,4967,4965,4966,4961,4964,4962,4963,4968,4971,4969,4970,289,4928,4943,4941,4942,4929,4936,4934,4935,4930,4933,4931,4932,4937,4940,4938,4939,4958,4956,4957,4944,4951,4949,4950,4945,4948,4946,4947,4952,4955,4953,4954,4975,4976],"class_list":{"0":"post-2481","1":"product","2":"type-product","3":"status-publish","4":"has-post-thumbnail","6":"product_brand-demsu","7":"product_cat-conta-baglanti-parcalari","8":"product_tag-1-cay","9":"product_tag-1-cay-contasi","10":"product_tag-1-cay-kapak","11":"product_tag-1-cay-kapak-contasi","12":"product_tag-1-cay-kazani","13":"product_tag-1-cay-kazani-contasi","14":"product_tag-1-cay-kazani-kapak","15":"product_tag-1-cay-kazani-kapak-contasi","16":"product_tag-1-cay-kazani-ust","17":"product_tag-1-cay-kazani-ust-contasi","18":"product_tag-1-cay-kazani-ust-kapak","19":"product_tag-1-cay-kazani-ust-kapak-contasi","20":"product_tag-1-cay-ust","21":"product_tag-1-cay-ust-contasi","22":"product_tag-1-cay-ust-kapak","23":"product_tag-1-cay-ust-kapak-contasi","24":"product_tag-1-demlikli","25":"product_tag-1-demlikli-cay","26":"product_tag-1-demlikli-cay-contasi","27":"product_tag-1-demlikli-cay-kapak","28":"product_tag-1-demlikli-cay-kapak-contasi","29":"product_tag-1-demlikli-cay-kazani","30":"product_tag-1-demlikli-cay-kazani-contasi","31":"product_tag-1-demlikli-cay-kazani-kapak","32":"product_tag-1-demlikli-cay-kazani-kapak-contasi","33":"product_tag-1-demlikli-cay-kazani-ust","34":"product_tag-1-demlikli-cay-kazani-ust-contasi","35":"product_tag-1-demlikli-cay-kazani-ust-kapak","36":"product_tag-1-demlikli-cay-kazani-ust-kapak-contasi","37":"product_tag-1-demlikli-cay-ust","38":"product_tag-1-demlikli-cay-ust-contasi","39":"product_tag-1-demlikli-cay-ust-kapak","40":"product_tag-1-demlikli-cay-ust-kapak-contasi","41":"product_tag-1-demlikli-contasi","42":"product_tag-1-demlikli-kapak","43":"product_tag-1-demlikli-kapak-contasi","44":"product_tag-1-demlikli-kazani","45":"product_tag-1-demlikli-kazani-contasi","46":"product_tag-1-demlikli-kazani-kapak","47":"product_tag-1-demlikli-kazani-kapak-contasi","48":"product_tag-1-demlikli-kazani-ust","49":"product_tag-1-demlikli-kazani-ust-contasi","50":"product_tag-1-demlikli-kazani-ust-kapak","51":"product_tag-1-demlikli-kazani-ust-kapak-contasi","52":"product_tag-1-demlikli-ust","53":"product_tag-1-demlikli-ust-contasi","54":"product_tag-1-demlikli-ust-kapak","55":"product_tag-1-demlikli-ust-kapak-contasi","56":"product_tag-1-kazani","57":"product_tag-1-kazani-ust","58":"pa_demlik-sayisi-1-demlikli","59":"pa_demlik-sayisi-2-demlikli","60":"pa_demlik-sayisi-3-demlikli","61":"pa_demlik-sayisi-4-demlikli","62":"pa_demlik-sayisi-5-demlikli","63":"pa_demlik-sayisi-6-demlikli","64":"pa_tesisat-elektrik","65":"pa_tesisat-hibrit","66":"pa_tesisat-elektrik-odun","68":"first","69":"instock","70":"taxable","71":"shipping-taxable","72":"purchasable","73":"product-type-variable"},"yoast_head":"<!-- This site is optimized with the Yoast SEO plugin v27.1.1 - https:\/\/yoast.com\/product\/yoast-seo-wordpress\/ -->\n<title>1 Demlikli \u00c7ay Kazan\u0131 \u00dcst Kapak Contas\u0131 | Me\u015fale Store<\/title>\n<meta name=\"description\" content=\"1 Demlikli \u00c7ay Kazan\u0131 \u00dcst Kapak Contas\u0131, \u00e7ay kazan\u0131n\u0131z\u0131n \u00fcst kapa\u011f\u0131nda m\u00fckemmel s\u0131zd\u0131rmazl\u0131k sa\u011flayarak \u0131s\u0131 kayb\u0131n\u0131 \u00f6nler ve verimli kullan\u0131m sunar.\" \/>\n<meta name=\"robots\" content=\"index, follow, max-snippet:-1, max-image-preview:large, max-video-preview:-1\" \/>\n<link rel=\"canonical\" href=\"https:\/\/mesalestore.com\/en\/product\/1-demlikli-cay-kazani-ust-kapak-contasi\/\" \/>\n<meta property=\"og:locale\" content=\"en_US\" \/>\n<meta property=\"og:type\" content=\"article\" \/>\n<meta property=\"og:title\" content=\"1 Demlikli \u00c7ay Kazan\u0131 \u00dcst Kapak Contas\u0131 | Me\u015fale Store\" \/>\n<meta property=\"og:description\" content=\"1 Demlikli \u00c7ay Kazan\u0131 \u00dcst Kapak Contas\u0131, \u00e7ay kazan\u0131n\u0131z\u0131n \u00fcst kapa\u011f\u0131nda m\u00fckemmel s\u0131zd\u0131rmazl\u0131k sa\u011flayarak \u0131s\u0131 kayb\u0131n\u0131 \u00f6nler ve verimli kullan\u0131m sunar.\" \/>\n<meta property=\"og:url\" content=\"https:\/\/mesalestore.com\/en\/product\/1-demlikli-cay-kazani-ust-kapak-contasi\/\" \/>\n<meta property=\"og:site_name\" content=\"Me\u015fale Store\" \/>\n<meta property=\"article:publisher\" content=\"https:\/\/www.facebook.com\/mesalecay\" \/>\n<meta property=\"article:modified_time\" content=\"2026-04-17T06:27:35+00:00\" \/>\n<meta property=\"og:image\" content=\"https:\/\/mesalestore.com\/wp-content\/uploads\/2026\/01\/1_org_zoom-126.jpg\" \/>\n\t<meta property=\"og:image:width\" content=\"1200\" \/>\n\t<meta property=\"og:image:height\" content=\"1800\" \/>\n\t<meta property=\"og:image:type\" content=\"image\/jpeg\" \/>\n<meta name=\"twitter:card\" content=\"summary_large_image\" \/>\n<meta name=\"twitter:site\" content=\"@mesalecaykazan\" \/>\n<meta name=\"twitter:label1\" content=\"Est. reading time\" \/>\n\t<meta name=\"twitter:data1\" content=\"1 minute\" \/>\n<script type=\"application\/ld+json\" class=\"yoast-schema-graph\">{\"@context\":\"https:\/\/schema.org\",\"@graph\":[{\"@type\":\"WebPage\",\"@id\":\"https:\/\/mesalestore.com\/en\/product\/1-demlikli-cay-kazani-ust-kapak-contasi\/\",\"url\":\"https:\/\/mesalestore.com\/en\/product\/1-demlikli-cay-kazani-ust-kapak-contasi\/\",\"name\":\"1 Demlikli \u00c7ay Kazan\u0131 \u00dcst Kapak Contas\u0131 | Me\u015fale Store\",\"isPartOf\":{\"@id\":\"https:\/\/mesalestore.com\/en\/#website\"},\"primaryImageOfPage\":{\"@id\":\"https:\/\/mesalestore.com\/en\/product\/1-demlikli-cay-kazani-ust-kapak-contasi\/#primaryimage\"},\"image\":{\"@id\":\"https:\/\/mesalestore.com\/en\/product\/1-demlikli-cay-kazani-ust-kapak-contasi\/#primaryimage\"},\"thumbnailUrl\":\"https:\/\/mesalestore.com\/wp-content\/uploads\/2026\/01\/1_org_zoom-126.jpg\",\"datePublished\":\"2026-02-09T09:19:12+00:00\",\"dateModified\":\"2026-04-17T06:27:35+00:00\",\"description\":\"1 Demlikli \u00c7ay Kazan\u0131 \u00dcst Kapak Contas\u0131, \u00e7ay kazan\u0131n\u0131z\u0131n \u00fcst kapa\u011f\u0131nda m\u00fckemmel s\u0131zd\u0131rmazl\u0131k sa\u011flayarak \u0131s\u0131 kayb\u0131n\u0131 \u00f6nler ve verimli kullan\u0131m sunar.\",\"breadcrumb\":{\"@id\":\"https:\/\/mesalestore.com\/en\/product\/1-demlikli-cay-kazani-ust-kapak-contasi\/#breadcrumb\"},\"inLanguage\":\"en-US\",\"potentialAction\":[{\"@type\":\"ReadAction\",\"target\":[\"https:\/\/mesalestore.com\/en\/product\/1-demlikli-cay-kazani-ust-kapak-contasi\/\"]}]},{\"@type\":\"ImageObject\",\"inLanguage\":\"en-US\",\"@id\":\"https:\/\/mesalestore.com\/en\/product\/1-demlikli-cay-kazani-ust-kapak-contasi\/#primaryimage\",\"url\":\"https:\/\/mesalestore.com\/wp-content\/uploads\/2026\/01\/1_org_zoom-126.jpg\",\"contentUrl\":\"https:\/\/mesalestore.com\/wp-content\/uploads\/2026\/01\/1_org_zoom-126.jpg\",\"width\":1200,\"height\":1800},{\"@type\":\"BreadcrumbList\",\"@id\":\"https:\/\/mesalestore.com\/en\/product\/1-demlikli-cay-kazani-ust-kapak-contasi\/#breadcrumb\",\"itemListElement\":[{\"@type\":\"ListItem\",\"position\":1,\"name\":\"Anasayfa\",\"item\":\"https:\/\/mesalestore.com\/en\/\"},{\"@type\":\"ListItem\",\"position\":2,\"name\":\"Products\",\"item\":\"https:\/\/mesalestore.com\/en\/shop\/\"},{\"@type\":\"ListItem\",\"position\":3,\"name\":\"\u00c7ay Kazan\u0131 \u00dcst Kapak Contas\u0131\"}]},{\"@type\":\"WebSite\",\"@id\":\"https:\/\/mesalestore.com\/en\/#website\",\"url\":\"https:\/\/mesalestore.com\/en\/\",\"name\":\"Me\u015fale Store\",\"description\":\"\",\"publisher\":{\"@id\":\"https:\/\/mesalestore.com\/en\/#organization\"},\"potentialAction\":[{\"@type\":\"SearchAction\",\"target\":{\"@type\":\"EntryPoint\",\"urlTemplate\":\"https:\/\/mesalestore.com\/en\/?s={search_term_string}\"},\"query-input\":{\"@type\":\"PropertyValueSpecification\",\"valueRequired\":true,\"valueName\":\"search_term_string\"}}],\"inLanguage\":\"en-US\"},{\"@type\":\"Organization\",\"@id\":\"https:\/\/mesalestore.com\/en\/#organization\",\"name\":\"Me\u015fale Store\",\"url\":\"https:\/\/mesalestore.com\/en\/\",\"logo\":{\"@type\":\"ImageObject\",\"inLanguage\":\"en-US\",\"@id\":\"https:\/\/mesalestore.com\/en\/#\/schema\/logo\/image\/\",\"url\":\"https:\/\/mesalestore.com\/wp-content\/uploads\/2026\/03\/logo-header-yeni-1.webp\",\"contentUrl\":\"https:\/\/mesalestore.com\/wp-content\/uploads\/2026\/03\/logo-header-yeni-1.webp\",\"width\":419,\"height\":147,\"caption\":\"Me\u015fale Store\"},\"image\":{\"@id\":\"https:\/\/mesalestore.com\/en\/#\/schema\/logo\/image\/\"},\"sameAs\":[\"https:\/\/www.facebook.com\/mesalecay\",\"https:\/\/x.com\/mesalecaykazan\",\"https:\/\/www.instagram.com\/mesalecaykazan\/\"]}]}<\/script>\n<!-- \/ Yoast SEO plugin. -->","yoast_head_json":{"title":"1 Demlikli \u00c7ay Kazan\u0131 \u00dcst Kapak Contas\u0131 | Me\u015fale Store","description":"1 Demlikli \u00c7ay Kazan\u0131 \u00dcst Kapak Contas\u0131, \u00e7ay kazan\u0131n\u0131z\u0131n \u00fcst kapa\u011f\u0131nda m\u00fckemmel s\u0131zd\u0131rmazl\u0131k sa\u011flayarak \u0131s\u0131 kayb\u0131n\u0131 \u00f6nler ve verimli kullan\u0131m sunar.","robots":{"index":"index","follow":"follow","max-snippet":"max-snippet:-1","max-image-preview":"max-image-preview:large","max-video-preview":"max-video-preview:-1"},"canonical":"https:\/\/mesalestore.com\/en\/product\/1-demlikli-cay-kazani-ust-kapak-contasi\/","og_locale":"en_US","og_type":"article","og_title":"1 Demlikli \u00c7ay Kazan\u0131 \u00dcst Kapak Contas\u0131 | Me\u015fale Store","og_description":"1 Demlikli \u00c7ay Kazan\u0131 \u00dcst Kapak Contas\u0131, \u00e7ay kazan\u0131n\u0131z\u0131n \u00fcst kapa\u011f\u0131nda m\u00fckemmel s\u0131zd\u0131rmazl\u0131k sa\u011flayarak \u0131s\u0131 kayb\u0131n\u0131 \u00f6nler ve verimli kullan\u0131m sunar.","og_url":"https:\/\/mesalestore.com\/en\/product\/1-demlikli-cay-kazani-ust-kapak-contasi\/","og_site_name":"Me\u015fale Store","article_publisher":"https:\/\/www.facebook.com\/mesalecay","article_modified_time":"2026-04-17T06:27:35+00:00","og_image":[{"width":1200,"height":1800,"url":"https:\/\/mesalestore.com\/wp-content\/uploads\/2026\/01\/1_org_zoom-126.jpg","type":"image\/jpeg"}],"twitter_card":"summary_large_image","twitter_site":"@mesalecaykazan","twitter_misc":{"Est. reading time":"1 minute"},"schema":{"@context":"https:\/\/schema.org","@graph":[{"@type":"WebPage","@id":"https:\/\/mesalestore.com\/en\/product\/1-demlikli-cay-kazani-ust-kapak-contasi\/","url":"https:\/\/mesalestore.com\/en\/product\/1-demlikli-cay-kazani-ust-kapak-contasi\/","name":"1 Demlikli \u00c7ay Kazan\u0131 \u00dcst Kapak Contas\u0131 | Me\u015fale Store","isPartOf":{"@id":"https:\/\/mesalestore.com\/en\/#website"},"primaryImageOfPage":{"@id":"https:\/\/mesalestore.com\/en\/product\/1-demlikli-cay-kazani-ust-kapak-contasi\/#primaryimage"},"image":{"@id":"https:\/\/mesalestore.com\/en\/product\/1-demlikli-cay-kazani-ust-kapak-contasi\/#primaryimage"},"thumbnailUrl":"https:\/\/mesalestore.com\/wp-content\/uploads\/2026\/01\/1_org_zoom-126.jpg","datePublished":"2026-02-09T09:19:12+00:00","dateModified":"2026-04-17T06:27:35+00:00","description":"1 Demlikli \u00c7ay Kazan\u0131 \u00dcst Kapak Contas\u0131, \u00e7ay kazan\u0131n\u0131z\u0131n \u00fcst kapa\u011f\u0131nda m\u00fckemmel s\u0131zd\u0131rmazl\u0131k sa\u011flayarak \u0131s\u0131 kayb\u0131n\u0131 \u00f6nler ve verimli kullan\u0131m sunar.","breadcrumb":{"@id":"https:\/\/mesalestore.com\/en\/product\/1-demlikli-cay-kazani-ust-kapak-contasi\/#breadcrumb"},"inLanguage":"en-US","potentialAction":[{"@type":"ReadAction","target":["https:\/\/mesalestore.com\/en\/product\/1-demlikli-cay-kazani-ust-kapak-contasi\/"]}]},{"@type":"ImageObject","inLanguage":"en-US","@id":"https:\/\/mesalestore.com\/en\/product\/1-demlikli-cay-kazani-ust-kapak-contasi\/#primaryimage","url":"https:\/\/mesalestore.com\/wp-content\/uploads\/2026\/01\/1_org_zoom-126.jpg","contentUrl":"https:\/\/mesalestore.com\/wp-content\/uploads\/2026\/01\/1_org_zoom-126.jpg","width":1200,"height":1800},{"@type":"BreadcrumbList","@id":"https:\/\/mesalestore.com\/en\/product\/1-demlikli-cay-kazani-ust-kapak-contasi\/#breadcrumb","itemListElement":[{"@type":"ListItem","position":1,"name":"Anasayfa","item":"https:\/\/mesalestore.com\/en\/"},{"@type":"ListItem","position":2,"name":"Products","item":"https:\/\/mesalestore.com\/en\/shop\/"},{"@type":"ListItem","position":3,"name":"\u00c7ay Kazan\u0131 \u00dcst Kapak Contas\u0131"}]},{"@type":"WebSite","@id":"https:\/\/mesalestore.com\/en\/#website","url":"https:\/\/mesalestore.com\/en\/","name":"Me\u015fale Store","description":"","publisher":{"@id":"https:\/\/mesalestore.com\/en\/#organization"},"potentialAction":[{"@type":"SearchAction","target":{"@type":"EntryPoint","urlTemplate":"https:\/\/mesalestore.com\/en\/?s={search_term_string}"},"query-input":{"@type":"PropertyValueSpecification","valueRequired":true,"valueName":"search_term_string"}}],"inLanguage":"en-US"},{"@type":"Organization","@id":"https:\/\/mesalestore.com\/en\/#organization","name":"Me\u015fale Store","url":"https:\/\/mesalestore.com\/en\/","logo":{"@type":"ImageObject","inLanguage":"en-US","@id":"https:\/\/mesalestore.com\/en\/#\/schema\/logo\/image\/","url":"https:\/\/mesalestore.com\/wp-content\/uploads\/2026\/03\/logo-header-yeni-1.webp","contentUrl":"https:\/\/mesalestore.com\/wp-content\/uploads\/2026\/03\/logo-header-yeni-1.webp","width":419,"height":147,"caption":"Me\u015fale Store"},"image":{"@id":"https:\/\/mesalestore.com\/en\/#\/schema\/logo\/image\/"},"sameAs":["https:\/\/www.facebook.com\/mesalecay","https:\/\/x.com\/mesalecaykazan","https:\/\/www.instagram.com\/mesalecaykazan\/"]}]}},"_links":{"self":[{"href":"https:\/\/mesalestore.com\/en\/wp-json\/wp\/v2\/product\/2481","targetHints":{"allow":["GET"]}}],"collection":[{"href":"https:\/\/mesalestore.com\/en\/wp-json\/wp\/v2\/product"}],"about":[{"href":"https:\/\/mesalestore.com\/en\/wp-json\/wp\/v2\/types\/product"}],"replies":[{"embeddable":true,"href":"https:\/\/mesalestore.com\/en\/wp-json\/wp\/v2\/comments?post=2481"}],"wp:featuredmedia":[{"embeddable":true,"href":"https:\/\/mesalestore.com\/en\/wp-json\/wp\/v2\/media\/661"}],"wp:attachment":[{"href":"https:\/\/mesalestore.com\/en\/wp-json\/wp\/v2\/media?parent=2481"}],"wp:term":[{"taxonomy":"product_brand","embeddable":true,"href":"https:\/\/mesalestore.com\/en\/wp-json\/wp\/v2\/product_brand?post=2481"},{"taxonomy":"product_cat","embeddable":true,"href":"https:\/\/mesalestore.com\/en\/wp-json\/wp\/v2\/product_cat?post=2481"},{"taxonomy":"product_tag","embeddable":true,"href":"https:\/\/mesalestore.com\/en\/wp-json\/wp\/v2\/product_tag?post=2481"}],"curies":[{"name":"wp","href":"https:\/\/api.w.org\/{rel}","templated":true}]}}