{"id":2478,"date":"2026-02-09T12:19:11","date_gmt":"2026-02-09T09:19:11","guid":{"rendered":"http:\/\/mesalestore.com\/product\/cay-kazani-ocak-ayagi\/"},"modified":"2026-04-11T13:18:42","modified_gmt":"2026-04-11T10:18:42","slug":"cay-kazani-ocak-ayagi","status":"publish","type":"product","link":"https:\/\/mesalestore.com\/en\/product\/cay-kazani-ocak-ayagi\/","title":{"rendered":"\u00c7ay Kazan\u0131 Ocak Aya\u011f\u0131"},"content":{"rendered":"<p><strong>\u00c7ay Kazan\u0131 Ocak Aya\u011f\u0131<\/strong>, \u00e7ay kazan\u0131n\u0131z\u0131n stabil bir \u015fekilde \u00e7al\u0131\u015fabilmesi i\u00e7in gerekli olan en \u00f6nemli par\u00e7alardan biridir. <strong>\u00c7ay kazan\u0131 ocak aya\u011f\u0131,<\/strong> kazan\u0131 d\u00fczg\u00fcn bir \u015fekilde yerle\u015ftirip sa\u011flaml\u0131k sa\u011flar, ayr\u0131ca \u0131s\u0131tma i\u015fleminin g\u00fcvenli bir \u015fekilde ger\u00e7ekle\u015fmesine olanak tan\u0131r. <strong>Yedek par\u00e7a olarak temin edilebilen<\/strong> bu ocak aya\u011f\u0131, herhangi bir k\u0131r\u0131lma veya a\u015f\u0131nma durumunda h\u0131zla de\u011fi\u015ftirilebilir ve <strong>\u00e7ay kazan\u0131n\u0131z\u0131n uzun \u00f6m\u00fcrl\u00fc olmas\u0131n\u0131 sa\u011flar.<\/strong><strong>Montaj\u0131 kolay<\/strong> olup, ocak k\u0131sm\u0131n\u0131n do\u011fru hizalanmas\u0131n\u0131 sa\u011flayarak <strong>\u00e7ay kazan\u0131n\u0131z\u0131n g\u00fcvenli bir \u015fekilde kullan\u0131lmas\u0131<\/strong> i\u00e7in \u00f6nemli bir rol oynar. <strong>\u00c7ay kazan\u0131 bak\u0131m<\/strong> i\u015flemlerinde g\u00f6zden ge\u00e7irilmesi gereken bu par\u00e7a, <strong>stabilite ve dayan\u0131kl\u0131l\u0131k<\/strong> a\u00e7\u0131s\u0131ndan \u00f6nemlidir.<\/p>","protected":false},"excerpt":{"rendered":"<p>\u00c7ay Kazan\u0131 Ocak Aya\u011f\u0131, \u00e7ay kazan\u0131n\u0131z\u0131n stabil bir \u015fekilde \u00e7al\u0131\u015fabilmesi i\u00e7in gerekli olan en \u00f6nemli par\u00e7alardan biridir. \u00c7ay kazan\u0131 ocak aya\u011f\u0131, kazan\u0131 d\u00fczg\u00fcn bir \u015fekilde yerle\u015ftirip sa\u011flaml\u0131k sa\u011flar, ayr\u0131ca \u0131s\u0131tma i\u015fleminin g\u00fcvenli bir \u015fekilde ger\u00e7ekle\u015fmesine olanak tan\u0131r. Yedek par\u00e7a olarak temin edilebilen bu ocak aya\u011f\u0131, herhangi bir k\u0131r\u0131lma veya a\u015f\u0131nma durumunda h\u0131zla de\u011fi\u015ftirilebilir ve \u00e7ay [&hellip;]<\/p>\n","protected":false},"featured_media":647,"comment_status":"closed","ping_status":"closed","template":"","meta":[],"product_brand":[7750],"product_cat":[8000],"product_tag":[5200,5189,478,5183,5228,5229,5230,5231,485,5195,5232,5233,5234,5235],"class_list":{"0":"post-2478","1":"product","2":"type-product","3":"status-publish","4":"has-post-thumbnail","6":"product_brand-demsu","7":"product_cat-diger","8":"product_tag-ayagi","9":"product_tag-cay-ayagi","10":"product_tag-cay-kazani","11":"product_tag-cay-kazani-ayagi","12":"product_tag-cay-kazani-ocak","13":"product_tag-cay-kazani-ocak-ayagi","14":"product_tag-cay-ocak","15":"product_tag-cay-ocak-ayagi","16":"product_tag-kazani","17":"product_tag-kazani-ayagi","18":"product_tag-kazani-ocak","19":"product_tag-kazani-ocak-ayagi","20":"product_tag-ocak","21":"product_tag-ocak-ayagi","23":"first","24":"instock","25":"taxable","26":"shipping-taxable","27":"purchasable","28":"product-type-simple"},"yoast_head":"<!-- This site is optimized with the Yoast SEO plugin v27.1.1 - https:\/\/yoast.com\/product\/yoast-seo-wordpress\/ -->\n<title>\u00c7ay Kazan\u0131 Ocak Aya\u011f\u0131 | Me\u015fale Store<\/title>\n<meta name=\"description\" content=\"\u00c7ay Kazan\u0131 Ocak Aya\u011f\u0131, \u00e7ay kazan\u0131n\u0131z\u0131n stabil bir \u015fekilde \u00e7al\u0131\u015fabilmesi i\u00e7in gerekli olan en \u00f6nemli par\u00e7alardan biridir. \u00c7ay kazan\u0131 ocak aya\u011f\u0131, kazan\u0131\" \/>\n<meta name=\"robots\" content=\"index, follow, max-snippet:-1, max-image-preview:large, max-video-preview:-1\" \/>\n<link rel=\"canonical\" href=\"https:\/\/mesalestore.com\/en\/product\/cay-kazani-ocak-ayagi\/\" \/>\n<meta property=\"og:locale\" content=\"en_US\" \/>\n<meta property=\"og:type\" content=\"article\" \/>\n<meta property=\"og:title\" content=\"\u00c7ay Kazan\u0131 Ocak Aya\u011f\u0131 | Me\u015fale Store\" \/>\n<meta property=\"og:description\" content=\"\u00c7ay Kazan\u0131 Ocak Aya\u011f\u0131, \u00e7ay kazan\u0131n\u0131z\u0131n stabil bir \u015fekilde \u00e7al\u0131\u015fabilmesi i\u00e7in gerekli olan en \u00f6nemli par\u00e7alardan biridir. \u00c7ay kazan\u0131 ocak aya\u011f\u0131, kazan\u0131\" \/>\n<meta property=\"og:url\" content=\"https:\/\/mesalestore.com\/en\/product\/cay-kazani-ocak-ayagi\/\" \/>\n<meta property=\"og:site_name\" content=\"Me\u015fale Store\" \/>\n<meta property=\"article:publisher\" content=\"https:\/\/www.facebook.com\/mesalecay\" \/>\n<meta property=\"article:modified_time\" content=\"2026-04-11T10:18:42+00:00\" \/>\n<meta property=\"og:image\" content=\"https:\/\/mesalestore.com\/wp-content\/uploads\/2026\/01\/1_org_zoom-123.jpg\" \/>\n\t<meta property=\"og:image:width\" content=\"1200\" \/>\n\t<meta property=\"og:image:height\" content=\"1800\" \/>\n\t<meta property=\"og:image:type\" content=\"image\/jpeg\" \/>\n<meta name=\"twitter:card\" content=\"summary_large_image\" \/>\n<meta name=\"twitter:site\" content=\"@mesalecaykazan\" \/>\n<meta name=\"twitter:label1\" content=\"Est. reading time\" \/>\n\t<meta name=\"twitter:data1\" content=\"1 minute\" \/>\n<script type=\"application\/ld+json\" class=\"yoast-schema-graph\">{\"@context\":\"https:\/\/schema.org\",\"@graph\":[{\"@type\":\"WebPage\",\"@id\":\"https:\/\/mesalestore.com\/en\/product\/cay-kazani-ocak-ayagi\/\",\"url\":\"https:\/\/mesalestore.com\/en\/product\/cay-kazani-ocak-ayagi\/\",\"name\":\"\u00c7ay Kazan\u0131 Ocak Aya\u011f\u0131 | Me\u015fale Store\",\"isPartOf\":{\"@id\":\"https:\/\/mesalestore.com\/en\/#website\"},\"primaryImageOfPage\":{\"@id\":\"https:\/\/mesalestore.com\/en\/product\/cay-kazani-ocak-ayagi\/#primaryimage\"},\"image\":{\"@id\":\"https:\/\/mesalestore.com\/en\/product\/cay-kazani-ocak-ayagi\/#primaryimage\"},\"thumbnailUrl\":\"https:\/\/mesalestore.com\/wp-content\/uploads\/2026\/01\/1_org_zoom-123.jpg\",\"datePublished\":\"2026-02-09T09:19:11+00:00\",\"dateModified\":\"2026-04-11T10:18:42+00:00\",\"description\":\"\u00c7ay Kazan\u0131 Ocak Aya\u011f\u0131, \u00e7ay kazan\u0131n\u0131z\u0131n stabil bir \u015fekilde \u00e7al\u0131\u015fabilmesi i\u00e7in gerekli olan en \u00f6nemli par\u00e7alardan biridir. \u00c7ay kazan\u0131 ocak aya\u011f\u0131, kazan\u0131\",\"breadcrumb\":{\"@id\":\"https:\/\/mesalestore.com\/en\/product\/cay-kazani-ocak-ayagi\/#breadcrumb\"},\"inLanguage\":\"en-US\",\"potentialAction\":[{\"@type\":\"ReadAction\",\"target\":[\"https:\/\/mesalestore.com\/en\/product\/cay-kazani-ocak-ayagi\/\"]}]},{\"@type\":\"ImageObject\",\"inLanguage\":\"en-US\",\"@id\":\"https:\/\/mesalestore.com\/en\/product\/cay-kazani-ocak-ayagi\/#primaryimage\",\"url\":\"https:\/\/mesalestore.com\/wp-content\/uploads\/2026\/01\/1_org_zoom-123.jpg\",\"contentUrl\":\"https:\/\/mesalestore.com\/wp-content\/uploads\/2026\/01\/1_org_zoom-123.jpg\",\"width\":1200,\"height\":1800},{\"@type\":\"BreadcrumbList\",\"@id\":\"https:\/\/mesalestore.com\/en\/product\/cay-kazani-ocak-ayagi\/#breadcrumb\",\"itemListElement\":[{\"@type\":\"ListItem\",\"position\":1,\"name\":\"Anasayfa\",\"item\":\"https:\/\/mesalestore.com\/en\/\"},{\"@type\":\"ListItem\",\"position\":2,\"name\":\"Products\",\"item\":\"https:\/\/mesalestore.com\/en\/shop\/\"},{\"@type\":\"ListItem\",\"position\":3,\"name\":\"\u00c7ay Kazan\u0131 Ocak Aya\u011f\u0131\"}]},{\"@type\":\"WebSite\",\"@id\":\"https:\/\/mesalestore.com\/en\/#website\",\"url\":\"https:\/\/mesalestore.com\/en\/\",\"name\":\"Me\u015fale Store\",\"description\":\"\",\"publisher\":{\"@id\":\"https:\/\/mesalestore.com\/en\/#organization\"},\"potentialAction\":[{\"@type\":\"SearchAction\",\"target\":{\"@type\":\"EntryPoint\",\"urlTemplate\":\"https:\/\/mesalestore.com\/en\/?s={search_term_string}\"},\"query-input\":{\"@type\":\"PropertyValueSpecification\",\"valueRequired\":true,\"valueName\":\"search_term_string\"}}],\"inLanguage\":\"en-US\"},{\"@type\":\"Organization\",\"@id\":\"https:\/\/mesalestore.com\/en\/#organization\",\"name\":\"Me\u015fale Store\",\"url\":\"https:\/\/mesalestore.com\/en\/\",\"logo\":{\"@type\":\"ImageObject\",\"inLanguage\":\"en-US\",\"@id\":\"https:\/\/mesalestore.com\/en\/#\/schema\/logo\/image\/\",\"url\":\"https:\/\/mesalestore.com\/wp-content\/uploads\/2026\/03\/logo-header-yeni-1.webp\",\"contentUrl\":\"https:\/\/mesalestore.com\/wp-content\/uploads\/2026\/03\/logo-header-yeni-1.webp\",\"width\":419,\"height\":147,\"caption\":\"Me\u015fale Store\"},\"image\":{\"@id\":\"https:\/\/mesalestore.com\/en\/#\/schema\/logo\/image\/\"},\"sameAs\":[\"https:\/\/www.facebook.com\/mesalecay\",\"https:\/\/x.com\/mesalecaykazan\",\"https:\/\/www.instagram.com\/mesalecaykazan\/\"]}]}<\/script>\n<!-- \/ Yoast SEO plugin. -->","yoast_head_json":{"title":"\u00c7ay Kazan\u0131 Ocak Aya\u011f\u0131 | Me\u015fale Store","description":"\u00c7ay Kazan\u0131 Ocak Aya\u011f\u0131, \u00e7ay kazan\u0131n\u0131z\u0131n stabil bir \u015fekilde \u00e7al\u0131\u015fabilmesi i\u00e7in gerekli olan en \u00f6nemli par\u00e7alardan biridir. \u00c7ay kazan\u0131 ocak aya\u011f\u0131, kazan\u0131","robots":{"index":"index","follow":"follow","max-snippet":"max-snippet:-1","max-image-preview":"max-image-preview:large","max-video-preview":"max-video-preview:-1"},"canonical":"https:\/\/mesalestore.com\/en\/product\/cay-kazani-ocak-ayagi\/","og_locale":"en_US","og_type":"article","og_title":"\u00c7ay Kazan\u0131 Ocak Aya\u011f\u0131 | Me\u015fale Store","og_description":"\u00c7ay Kazan\u0131 Ocak Aya\u011f\u0131, \u00e7ay kazan\u0131n\u0131z\u0131n stabil bir \u015fekilde \u00e7al\u0131\u015fabilmesi i\u00e7in gerekli olan en \u00f6nemli par\u00e7alardan biridir. \u00c7ay kazan\u0131 ocak aya\u011f\u0131, kazan\u0131","og_url":"https:\/\/mesalestore.com\/en\/product\/cay-kazani-ocak-ayagi\/","og_site_name":"Me\u015fale Store","article_publisher":"https:\/\/www.facebook.com\/mesalecay","article_modified_time":"2026-04-11T10:18:42+00:00","og_image":[{"width":1200,"height":1800,"url":"https:\/\/mesalestore.com\/wp-content\/uploads\/2026\/01\/1_org_zoom-123.jpg","type":"image\/jpeg"}],"twitter_card":"summary_large_image","twitter_site":"@mesalecaykazan","twitter_misc":{"Est. reading time":"1 minute"},"schema":{"@context":"https:\/\/schema.org","@graph":[{"@type":"WebPage","@id":"https:\/\/mesalestore.com\/en\/product\/cay-kazani-ocak-ayagi\/","url":"https:\/\/mesalestore.com\/en\/product\/cay-kazani-ocak-ayagi\/","name":"\u00c7ay Kazan\u0131 Ocak Aya\u011f\u0131 | Me\u015fale Store","isPartOf":{"@id":"https:\/\/mesalestore.com\/en\/#website"},"primaryImageOfPage":{"@id":"https:\/\/mesalestore.com\/en\/product\/cay-kazani-ocak-ayagi\/#primaryimage"},"image":{"@id":"https:\/\/mesalestore.com\/en\/product\/cay-kazani-ocak-ayagi\/#primaryimage"},"thumbnailUrl":"https:\/\/mesalestore.com\/wp-content\/uploads\/2026\/01\/1_org_zoom-123.jpg","datePublished":"2026-02-09T09:19:11+00:00","dateModified":"2026-04-11T10:18:42+00:00","description":"\u00c7ay Kazan\u0131 Ocak Aya\u011f\u0131, \u00e7ay kazan\u0131n\u0131z\u0131n stabil bir \u015fekilde \u00e7al\u0131\u015fabilmesi i\u00e7in gerekli olan en \u00f6nemli par\u00e7alardan biridir. \u00c7ay kazan\u0131 ocak aya\u011f\u0131, kazan\u0131","breadcrumb":{"@id":"https:\/\/mesalestore.com\/en\/product\/cay-kazani-ocak-ayagi\/#breadcrumb"},"inLanguage":"en-US","potentialAction":[{"@type":"ReadAction","target":["https:\/\/mesalestore.com\/en\/product\/cay-kazani-ocak-ayagi\/"]}]},{"@type":"ImageObject","inLanguage":"en-US","@id":"https:\/\/mesalestore.com\/en\/product\/cay-kazani-ocak-ayagi\/#primaryimage","url":"https:\/\/mesalestore.com\/wp-content\/uploads\/2026\/01\/1_org_zoom-123.jpg","contentUrl":"https:\/\/mesalestore.com\/wp-content\/uploads\/2026\/01\/1_org_zoom-123.jpg","width":1200,"height":1800},{"@type":"BreadcrumbList","@id":"https:\/\/mesalestore.com\/en\/product\/cay-kazani-ocak-ayagi\/#breadcrumb","itemListElement":[{"@type":"ListItem","position":1,"name":"Anasayfa","item":"https:\/\/mesalestore.com\/en\/"},{"@type":"ListItem","position":2,"name":"Products","item":"https:\/\/mesalestore.com\/en\/shop\/"},{"@type":"ListItem","position":3,"name":"\u00c7ay Kazan\u0131 Ocak Aya\u011f\u0131"}]},{"@type":"WebSite","@id":"https:\/\/mesalestore.com\/en\/#website","url":"https:\/\/mesalestore.com\/en\/","name":"Me\u015fale Store","description":"","publisher":{"@id":"https:\/\/mesalestore.com\/en\/#organization"},"potentialAction":[{"@type":"SearchAction","target":{"@type":"EntryPoint","urlTemplate":"https:\/\/mesalestore.com\/en\/?s={search_term_string}"},"query-input":{"@type":"PropertyValueSpecification","valueRequired":true,"valueName":"search_term_string"}}],"inLanguage":"en-US"},{"@type":"Organization","@id":"https:\/\/mesalestore.com\/en\/#organization","name":"Me\u015fale Store","url":"https:\/\/mesalestore.com\/en\/","logo":{"@type":"ImageObject","inLanguage":"en-US","@id":"https:\/\/mesalestore.com\/en\/#\/schema\/logo\/image\/","url":"https:\/\/mesalestore.com\/wp-content\/uploads\/2026\/03\/logo-header-yeni-1.webp","contentUrl":"https:\/\/mesalestore.com\/wp-content\/uploads\/2026\/03\/logo-header-yeni-1.webp","width":419,"height":147,"caption":"Me\u015fale Store"},"image":{"@id":"https:\/\/mesalestore.com\/en\/#\/schema\/logo\/image\/"},"sameAs":["https:\/\/www.facebook.com\/mesalecay","https:\/\/x.com\/mesalecaykazan","https:\/\/www.instagram.com\/mesalecaykazan\/"]}]}},"_links":{"self":[{"href":"https:\/\/mesalestore.com\/en\/wp-json\/wp\/v2\/product\/2478","targetHints":{"allow":["GET"]}}],"collection":[{"href":"https:\/\/mesalestore.com\/en\/wp-json\/wp\/v2\/product"}],"about":[{"href":"https:\/\/mesalestore.com\/en\/wp-json\/wp\/v2\/types\/product"}],"replies":[{"embeddable":true,"href":"https:\/\/mesalestore.com\/en\/wp-json\/wp\/v2\/comments?post=2478"}],"wp:featuredmedia":[{"embeddable":true,"href":"https:\/\/mesalestore.com\/en\/wp-json\/wp\/v2\/media\/647"}],"wp:attachment":[{"href":"https:\/\/mesalestore.com\/en\/wp-json\/wp\/v2\/media?parent=2478"}],"wp:term":[{"taxonomy":"product_brand","embeddable":true,"href":"https:\/\/mesalestore.com\/en\/wp-json\/wp\/v2\/product_brand?post=2478"},{"taxonomy":"product_cat","embeddable":true,"href":"https:\/\/mesalestore.com\/en\/wp-json\/wp\/v2\/product_cat?post=2478"},{"taxonomy":"product_tag","embeddable":true,"href":"https:\/\/mesalestore.com\/en\/wp-json\/wp\/v2\/product_tag?post=2478"}],"curies":[{"name":"wp","href":"https:\/\/api.w.org\/{rel}","templated":true}]}}